{"id":1975,"date":"2023-08-29T22:17:27","date_gmt":"2023-08-29T21:17:27","guid":{"rendered":"https:\/\/investmedic-store.com\/?post_type=product&#038;p=1975"},"modified":"2023-08-30T13:02:39","modified_gmt":"2023-08-30T12:02:39","slug":"hydra-machine","status":"publish","type":"product","link":"https:\/\/investmedic-store.com\/?product=hydra-machine","title":{"rendered":"HYDRA MACHINE"},"content":{"rendered":"<p>Oxyg\u00e8ne Spary 8 en 1 + Injection d&#8217;oxyg\u00e8ne + Oxyg\u00e8ne d&#8217;eau + LED PDT + BIO + Dermabrasion au diamant + Dermabrasion \u00e0 l&#8217;eau + \u00c9purateur de peau<\/p>\n<p><strong>1. LED PDT pour machine faciale \u00e0 jet d&#8217;oxyg\u00e8ne<\/strong><\/p>\n<p>Introduction et utilisation des ressources LED PDT<\/p>\n<p><strong>lumi\u00e8re roug<\/strong>e<br \/>\nLa longueur d&#8217;onde de la lumi\u00e8re LED rouge est de 630 mm, elle pr\u00e9sente les caract\u00e9ristiques d&#8217;une grande puret\u00e9, d&#8217;une source de lumi\u00e8re forte, d&#8217;une densit\u00e9 \u00e9nerg\u00e9tique bien proportionn\u00e9e, a des effets notables sur les soins de la peau, les soins de sant\u00e9 et la gu\u00e9rison, nomm\u00e9e lumi\u00e8re active biologique, la lumi\u00e8re LED rouge peut Am\u00e9liorer l&#8217;activit\u00e9 des cellules, favoriser le m\u00e9tabolisme des cellules, faire en sorte que la peau excr\u00e8te un grand nombre de prot\u00e9ines de collag\u00e8ne et de tissus fibreux pour se remplir, acc\u00e9l\u00e9rer la circulation sanguine, augmenter l&#8217;\u00e9lasticit\u00e9 de la peau et am\u00e9liorer l&#8217;\u00e9tat fonc\u00e9 et fl\u00e9tri de la peau, puis obtenir l&#8217;efficacit\u00e9 de l&#8217;anti- le vieillissement, l&#8217;anti-oxydation et la r\u00e9paration de la peau, ont un effet que les soins de la peau traditionnels ne peuvent pas comparer, la lumi\u00e8re LED pdt est particuli\u00e8rement utile pour les personnes en mauvaise sant\u00e9, les peaux s\u00e8ches et les peaux allergiques, de plus, le processus de soins infirmiers est simple et pratique , confortable, mod\u00e9r\u00e9 et efficace Effet principal Blanchissant et \u00e9claircissant les taches, adoucissant la peau et dissipant les rides, r\u00e9parant la peau endommag\u00e9e, gu\u00e9rissant les rides fines, resserrant les pores et faisant prolif\u00e9rer les prot\u00e9ines de collag\u00e8ne<br \/>\n<strong>Lumi\u00e8re LED bleue PDT<\/strong><br \/>\nA une longueur d&#8217;onde de 415 mm, la lumi\u00e8re LED bleue a pour effet de limiter l&#8217;inflammation, l&#8217;acn\u00e9 est principalement caus\u00e9e par le bacille acide, la lumi\u00e8re LED bleue peut d\u00e9truire les bact\u00e9ries sans blesser les tissus cutan\u00e9s, diminuer l&#8217;acn\u00e9 autant que possible, diminuer et gu\u00e9rir. acn\u00e9 pendant une p\u00e9riode d&#8217;inflammation en tr\u00e8s peu de temps Conseils pour la p\u00e9riode de traitement Une fois tous les trois jours, 15 minutes \u00e0 chaque fois<br \/>\n<strong>Lumi\u00e8re LED violette PDT<\/strong><br \/>\nLa lumi\u00e8re LED rouge et bleue est une lumi\u00e8re \u00e0 double bande\u00a0: elle combine \u00e0 la fois l&#8217;efficacit\u00e9 de la luminoth\u00e9rapie, particuli\u00e8rement utile dans le traitement et la r\u00e9paration de l&#8217;acn\u00e9 et des cicatrices d&#8217;acn\u00e9.<br \/>\n<strong>Lumi\u00e8re LED jaune PDT<\/strong><br \/>\nFournit de l&#8217;\u00e9nergie aux cellules de la peau, favorise l&#8217;effet des glandes, aide \u00e0 la digestion, gu\u00e9rit les maladies de la peau et am\u00e9liore la capacit\u00e9 immunitaire.<br \/>\n<strong>Lumi\u00e8re LED verte PDT<\/strong><br \/>\nA des effets de neutralisation, d&#8217;\u00e9quilibrage et d&#8217;apaisement, il peut soulager la tension, drainer la lymphe et utile pour l&#8217;\u00e9limination des \u0153d\u00e8mes.<br \/>\n<strong>Lumi\u00e8re LED orange PDT<\/strong><br \/>\nAugmente l&#8217;\u00e9nergie des cellules dans le bon ordre, cela peut acc\u00e9l\u00e9rer efficacement le m\u00e9tabolisme<br \/>\n<strong>Lumi\u00e8re LED laser pdt<\/strong><br \/>\nP\u00e9n\u00e8tre la couche profonde de la peau, acc\u00e9l\u00e8re le m\u00e9tabolisme des tissus actifs, d\u00e9compose les \u00e9claboussures, am\u00e9liore les ridules et la peau flasque<br \/>\nCette LED avec 260 lumi\u00e8res ; chacun fabriqu\u00e9 en Allemagne ; avec assez de puissance<\/p>\n<p><strong>Traitement\u00a0<\/strong>;\u00a02 fois ou 3 fois par semaine<\/p>\n<p><strong>2. Spray d&#8217;oxyg\u00e8ne pour jet peel<\/strong><\/p>\n<p>Spray d&#8217;oxyg\u00e8ne\u00a0: fournit rapidement des nutriments et de l&#8217;humidit\u00e9 \u00e0 la peau, lisse la peau, \u00e9claircit les taches, am\u00e9liore la chlorose, les conditions ternes, rend la peau rose, blanche, transparente, tendre, raffermissante en effet, avec des huiles de spa sp\u00e9ciales, ce sera mieux.<\/p>\n<p>&nbsp;<\/p>\n<p>La fonction spray d&#8217;oxyg\u00e8ne aide \u00e0 calmer la peau et \u00e0 am\u00e9liorer les processus de gu\u00e9rison des tissus. Elle peut \u00e9galement \u00eatre utilis\u00e9e en cas d&#8217;acn\u00e9 active, d&#8217;acn\u00e9 rosac\u00e9e et d&#8217;herp\u00e8s simplex, afin de calmer le processus inflammatoire.<\/p>\n<p><strong>Remarque<\/strong> : vous pouvez mettre de l&#8217;essence, une solution nutritive et d&#8217;autres essences solubles dans l&#8217;eau.<\/p>\n<p><strong>3. Injection d&#8217;oxyg\u00e8ne pour machine faciale \u00e0 jet d&#8217;oxyg\u00e8ne<\/strong><\/p>\n<p>Gr\u00e2ce \u00e0 l&#8217;oxyg\u00e8ne inject\u00e9 \u00e0 haute pression, activant l&#8217;activit\u00e9 des cellules de la peau et am\u00e9liorant le m\u00e9tabolisme des cellules de la peau, ainsi que les cycles sombres anti-\u00e2ge, blanchissants et gu\u00e9ris, l&#8217;acn\u00e9, pour am\u00e9liorer la peau sensible,<\/p>\n<p>L&#8217;injection d&#8217;oxyg\u00e8ne est une m\u00e9thode innovante et efficace qui utilise de l&#8217;oxyg\u00e8ne pur pour favoriser la p\u00e9n\u00e9tration des principes actifs contenus dans les produits jusque dans la couche germinative de la peau.<\/p>\n<p><strong>4. Dermabrasion \u00e0 l&#8217;eau pour machine faciale \u00e0 jet d&#8217;oxyg\u00e8ne<\/strong><\/p>\n<p>La dermabrasion est une NOUVELLE technologie passionnante qui combine l\u2019efficacit\u00e9 de la microdermabrasion, du syst\u00e8me de vide et du nouveau syst\u00e8me d\u2019hydratation Aqua Fuse. seule de l&#8217;eau est utilis\u00e9e, elle comprend un jet d&#8217;eau, un compresseur d&#8217;air, une vanne de r\u00e9gulation de d\u00e9bit \u00e0 deux voies, un r\u00e9cipient purifi\u00e9 et un r\u00e9servoir d&#8217;eaux us\u00e9es.<\/p>\n<p>&nbsp;<\/p>\n<p>La dermabrasion \u00e0 l\u2019eau (ou hydra microdermabrasion) applique simultan\u00e9ment un peeling m\u00e9canique et chimique. Une machine Hydra Dermabrasion comprend un jet d&#8217;eau, un compresseur d&#8217;air, une vanne de r\u00e9gulation de d\u00e9bit bidirectionnelle, un r\u00e9cipient purifi\u00e9 et un r\u00e9servoir d&#8217;eaux us\u00e9es.<\/p>\n<p>La pointe unique d&#8217;hydra dermabrasion projette un mince et minuscule jet d&#8217;eau et polit la peau \u00e0 grande vitesse par aspiration sous vide, dont le liquide aide \u00e0 hydrater la peau en m\u00eame temps.<\/p>\n<p>Le principal avantage de ces machines \u00e0 hydra dermabrasion r\u00e9side dans le fait qu&#8217;elles sont tr\u00e8s douces en utilisant uniquement de l&#8217;eau et permettent une diversification du traitement en les utilisant avec des produits de soins de la peau pour diff\u00e9rentes fonctions comme l&#8217;huile, les produits blanchissants, l&#8217;acide lactique, l&#8217;acide salicylique et plus encore, pour obtenir divers Objectifs \u00e0 la demande des clients.<\/p>\n<p><strong>5. Dermabrasion au diamant pour machine faciale \u00e0 jet d&#8217;oxyg\u00e8ne<\/strong><\/p>\n<p>Diamond Dermabrasion est une technologie non chirurgicale de finition de la peau, utilisant des t\u00eates de diamant st\u00e9riles pour abraser ou frotter la couche sup\u00e9rieure de la peau, puis aspirer les parties ainsi que toute salet\u00e9 et peau morte pour \u00e9liminer les d\u00e9bris cutan\u00e9s, les imperfections, les imperfections, les rides. et pigmentation ind\u00e9sirable.<\/p>\n<p><strong>6. \u00c9purateur de peau pour machine faciale \u00e0 jet d&#8217;oxyg\u00e8ne<\/strong><\/p>\n<p>L&#8217;\u00e9purateur de peau est le plus grand organe du corps, compos\u00e9 d&#8217;une structure multicouche, tandis que la couche de collag\u00e8ne qui d\u00e9code la douceur et la flexibilit\u00e9 de la peau vieillira \u00e0 mesure que les gens vieillissent. L&#8217;\u00e9limination des rides BIO simule le courant biologique \u00e9mis par le cerveau, soutenue par une technique d&#8217;op\u00e9ration professionnelle pour soulever la peau \u00e0 diff\u00e9rents niveaux, acc\u00e9l\u00e9rer la circulation sanguine de la peau, augmenter le m\u00e9tabolisme et favoriser la r\u00e9g\u00e9n\u00e9ration des cellules cutan\u00e9es et la r\u00e9paration du collag\u00e8ne pour aider \u00e0 restaurer la peau. L&#8217;\u00e9lasticit\u00e9 naturelle de, \u00e9limine efficacement les rides, \u00e9limine les cernes<\/p>\n<p><strong>7.BIO pour machine faciale \u00e0 jet d&#8217;oxyg\u00e8ne<\/strong><\/p>\n<p>La peau est le plus grand organe du corps, compos\u00e9 d&#8217;une structure multicouche, tandis que la couche de collag\u00e8ne qui d\u00e9code la douceur et la flexibilit\u00e9 de la peau vieillira \u00e0 mesure que les gens vieillissent. \u00c9limination des rides BIO Simule le courant biologique \u00e9mis par le cerveau, soutenu par une op\u00e9ration professionnelle. Technique pour soulever la peau \u00e0 diff\u00e9rents niveaux, acc\u00e9l\u00e8re la circulation sanguine de la peau, augmente le m\u00e9tabolisme et favorise la r\u00e9g\u00e9n\u00e9ration des cellules cutan\u00e9es et la r\u00e9paration du collag\u00e8ne pour aider \u00e0 restaurer la peau. L&#8217;\u00e9lasticit\u00e9 naturelle,<\/p>\n<p><strong>8. Eau oxyg\u00e8ne\/jet peel pour machine faciale \u00e0 jet d&#8217;oxyg\u00e8ne<\/strong><\/p>\n<p>Utilisation d&#8217;oxyg\u00e8ne hyperbare, pousser la solution saline st\u00e9rile (solution saline) et les compresseurs d&#8217;air d&#8217;acc\u00e8s \u00e0 l&#8217;oxyg\u00e8ne simultan\u00e9ment, transf\u00e9rer des gouttes d&#8217;eau du type particule en petites mol\u00e9cules (5-200 microns vm), de minuscules gouttes d&#8217;eau seraient pulv\u00e9ris\u00e9es (pulv\u00e9risation \u00e0 jet), avec 200 m\/ Vitesse en secondes (secondes) (ultrasons) Pulv\u00e9ris\u00e9 par une buse sp\u00e9cialement con\u00e7ue, injectez rapidement de l&#8217;eau et de l&#8217;oxyg\u00e8ne dans la peau profonde. Exfoliant et effectuant un traitement d&#8217;administration nutritionnelle sans aiguille, indolore et non invasif. L&#8217;impact g\u00e9n\u00e9r\u00e9 par l&#8217;oxyg\u00e8ne hyperbare et la solution saline, la proc\u00e9dure d&#8217;exfoliation physique convient \u00e0 toutes les peaux, elle peut stimuler la fonction de r\u00e9g\u00e9n\u00e9ration des cellules, stimuler la circulation sanguine, renforcer le m\u00e9tabolisme des cellules de la peau et du collag\u00e8ne. prolif\u00e9ration!<br \/>\nLe traitement Jet Peel combine 100 % d&#8217;oxyg\u00e8ne et une solution saline st\u00e9rile pour nettoyer et hydrater la peau en douceur.<br \/>\nLa combinaison est d\u00e9livr\u00e9e un peu comme un traitement \u00e0 l&#8217;a\u00e9rographe (mini lavage sous pression) et l&#8217;effet est incroyable.<br \/>\nLes traitements Jet Peel sont tr\u00e8s efficaces pour am\u00e9liorer la texture de la peau, r\u00e9duire les rides, \u00e9liminer la pigmentation ind\u00e9sirable et rajeunir globalement la peau. Jet Peel est \u00e9galement tr\u00e8s utile pour l&#8217;acn\u00e9, les points noirs et autres \u00e9ruptions cutan\u00e9es, car il les \u00e9limine rapidement et sans effort, sans aucune douleur ni inconfort.<\/p>\n<p>Marquage<\/p>\n<p>Notre jet peel est unique sur le march\u00e9 ; avec 4 t\u00eates de travail jet peel ; 1 trou .2 trous .3 trous .4 trous<\/p>\n<p>La poign\u00e9e de travail est m\u00e9tallique. Les t\u00eates de travail peuvent \u00eatre remplac\u00e9es\u00a0; Il est donc facile de le nettoyer s&#8217;il est bouch\u00e9\u00a0;<\/p>\n<p>Diff\u00e9rentes t\u00eates de travail avec diff\u00e9rents aspirateurs\u00a0; Le m\u00eame d\u00e9bit, un trou plus petit, un vide plus grand<\/p>\n<p>Alors \u00e0 propos du vide\u00a0;<\/p>\n<p>1 trou\u00a0; 8 barres.<\/p>\n<p>2 trous ; 6 bars<\/p>\n<p>3 trous\u00a0; 5\u00a0barres<\/p>\n<p>4 trous\u00a0; 4 barres<\/p>\n<p>C&#8217;est notre conception unique<\/p>\n<p>4 bouteilles<\/p>\n<p>Chacun avec 120 ML\u00a0; Peut \u00eatre utilis\u00e9 comme cosm\u00e9tique lorsque vous utilisez Hydro Dermbrasion<br \/>\nVeuillez nettoyer les bouteilles une fois par semaine<\/p>\n","protected":false},"excerpt":{"rendered":"<p>Oxyg\u00e8ne Spary 8 en 1 + Injection d&#8217;oxyg\u00e8ne + Oxyg\u00e8ne d&#8217;eau + LED PDT + BIO + Dermabrasion au diamant + Dermabrasion \u00e0 l&#8217;eau + \u00c9purateur de peau 1. LED PDT pour machine faciale \u00e0 jet d&#8217;oxyg\u00e8ne Introduction et utilisation des ressources LED PDT lumi\u00e8re rouge La longueur d&#8217;onde de la lumi\u00e8re LED rouge est &hellip;<\/p>\n<p class=\"read-more\"> <a class=\" thunk-readmore button \" href=\"https:\/\/investmedic-store.com\/?product=hydra-machine\"> <span class=\"screen-reader-text\">HYDRA MACHINE<\/span>Read More<\/a><\/p>\n","protected":false},"featured_media":1980,"comment_status":"open","ping_status":"closed","template":"","meta":{"om_disable_all_campaigns":false,"_joinchat":[]},"product_cat":[15,162],"product_tag":[],"yoast_head":"<!-- This site is optimized with the Yoast SEO plugin v20.12 - https:\/\/yoast.com\/wordpress\/plugins\/seo\/ -->\n<title>HYDRA MACHINE - investmedic-store.com<\/title>\n<meta name=\"robots\" content=\"index, follow, max-snippet:-1, max-image-preview:large, max-video-preview:-1\" \/>\n<link rel=\"canonical\" href=\"https:\/\/investmedic-store.com\/?product=hydra-machine\" \/>\n<meta property=\"og:locale\" content=\"fr_FR\" \/>\n<meta property=\"og:type\" content=\"article\" \/>\n<meta property=\"og:title\" content=\"HYDRA MACHINE - investmedic-store.com\" \/>\n<meta property=\"og:description\" content=\"Oxyg\u00e8ne Spary 8 en 1 + Injection d&#8217;oxyg\u00e8ne + Oxyg\u00e8ne d&#8217;eau + LED PDT + BIO + Dermabrasion au diamant + Dermabrasion \u00e0 l&#8217;eau + \u00c9purateur de peau 1. LED PDT pour machine faciale \u00e0 jet d&#8217;oxyg\u00e8ne Introduction et utilisation des ressources LED PDT lumi\u00e8re rouge La longueur d&#8217;onde de la lumi\u00e8re LED rouge est &hellip; HYDRA MACHINERead More\" \/>\n<meta property=\"og:url\" content=\"https:\/\/investmedic-store.com\/?product=hydra-machine\" \/>\n<meta property=\"og:site_name\" content=\"investmedic-store.com\" \/>\n<meta property=\"article:publisher\" content=\"https:\/\/www.facebook.com\/invest.medic\" \/>\n<meta property=\"article:modified_time\" content=\"2023-08-30T12:02:39+00:00\" \/>\n<meta property=\"og:image\" content=\"http:\/\/investmedic-store.com\/wp-content\/uploads\/2023\/08\/photo_2023-08-30_12-56-46.jpg\" \/>\n\t<meta property=\"og:image:width\" content=\"1000\" \/>\n\t<meta property=\"og:image:height\" content=\"1000\" \/>\n\t<meta property=\"og:image:type\" content=\"image\/jpeg\" \/>\n<meta name=\"twitter:card\" content=\"summary_large_image\" \/>\n<meta name=\"twitter:label1\" content=\"Dur\u00e9e de lecture estim\u00e9e\" \/>\n\t<meta name=\"twitter:data1\" content=\"8 minutes\" \/>\n<script type=\"application\/ld+json\" class=\"yoast-schema-graph\">{\"@context\":\"https:\/\/schema.org\",\"@graph\":[{\"@type\":\"WebPage\",\"@id\":\"https:\/\/investmedic-store.com\/?product=hydra-machine\",\"url\":\"https:\/\/investmedic-store.com\/?product=hydra-machine\",\"name\":\"HYDRA MACHINE - investmedic-store.com\",\"isPartOf\":{\"@id\":\"https:\/\/investmedic-store.com\/#website\"},\"datePublished\":\"2023-08-29T21:17:27+00:00\",\"dateModified\":\"2023-08-30T12:02:39+00:00\",\"breadcrumb\":{\"@id\":\"https:\/\/investmedic-store.com\/?product=hydra-machine#breadcrumb\"},\"inLanguage\":\"fr-FR\",\"potentialAction\":[{\"@type\":\"ReadAction\",\"target\":[\"https:\/\/investmedic-store.com\/?product=hydra-machine\"]}]},{\"@type\":\"BreadcrumbList\",\"@id\":\"https:\/\/investmedic-store.com\/?product=hydra-machine#breadcrumb\",\"itemListElement\":[{\"@type\":\"ListItem\",\"position\":1,\"name\":\"Accueil\",\"item\":\"https:\/\/investmedic-store.com\/\"},{\"@type\":\"ListItem\",\"position\":2,\"name\":\"Shop\",\"item\":\"https:\/\/investmedic-store.com\/?page_id=5\"},{\"@type\":\"ListItem\",\"position\":3,\"name\":\"HYDRA MACHINE\"}]},{\"@type\":\"WebSite\",\"@id\":\"https:\/\/investmedic-store.com\/#website\",\"url\":\"https:\/\/investmedic-store.com\/\",\"name\":\"invest medic store\",\"description\":\"Importation &amp; Distribution Du Materiels Medico-Chirurgicales - \u0627\u0633\u062a\u064a\u0631\u0627\u062f \u0648\u062a\u0648\u0632\u064a\u0639 \u0627\u0644\u0645\u0648\u0627\u062f \u0627\u0644\u0637\u0628\u064a\u0629 \u0627\u0644\u062c\u0631\u0627\u062d\u064a\u0629\",\"publisher\":{\"@id\":\"https:\/\/investmedic-store.com\/#organization\"},\"alternateName\":\"investmedic store\",\"potentialAction\":[{\"@type\":\"SearchAction\",\"target\":{\"@type\":\"EntryPoint\",\"urlTemplate\":\"https:\/\/investmedic-store.com\/?s={search_term_string}\"},\"query-input\":\"required name=search_term_string\"}],\"inLanguage\":\"fr-FR\"},{\"@type\":\"Organization\",\"@id\":\"https:\/\/investmedic-store.com\/#organization\",\"name\":\"invest.medic store\",\"alternateName\":\"investmedic store\",\"url\":\"https:\/\/investmedic-store.com\/\",\"logo\":{\"@type\":\"ImageObject\",\"inLanguage\":\"fr-FR\",\"@id\":\"https:\/\/investmedic-store.com\/#\/schema\/logo\/image\/\",\"url\":\"https:\/\/investmedic-store.com\/wp-content\/uploads\/2023\/07\/cropped-LOGO_INVEST-transformed-removebg-preview-transformed-1-e1690120839263.png\",\"contentUrl\":\"https:\/\/investmedic-store.com\/wp-content\/uploads\/2023\/07\/cropped-LOGO_INVEST-transformed-removebg-preview-transformed-1-e1690120839263.png\",\"width\":512,\"height\":512,\"caption\":\"invest.medic store\"},\"image\":{\"@id\":\"https:\/\/investmedic-store.com\/#\/schema\/logo\/image\/\"},\"sameAs\":[\"https:\/\/www.facebook.com\/invest.medic\"]}]}<\/script>\n<!-- \/ Yoast SEO plugin. -->","yoast_head_json":{"title":"HYDRA MACHINE - investmedic-store.com","robots":{"index":"index","follow":"follow","max-snippet":"max-snippet:-1","max-image-preview":"max-image-preview:large","max-video-preview":"max-video-preview:-1"},"canonical":"https:\/\/investmedic-store.com\/?product=hydra-machine","og_locale":"fr_FR","og_type":"article","og_title":"HYDRA MACHINE - investmedic-store.com","og_description":"Oxyg\u00e8ne Spary 8 en 1 + Injection d&#8217;oxyg\u00e8ne + Oxyg\u00e8ne d&#8217;eau + LED PDT + BIO + Dermabrasion au diamant + Dermabrasion \u00e0 l&#8217;eau + \u00c9purateur de peau 1. LED PDT pour machine faciale \u00e0 jet d&#8217;oxyg\u00e8ne Introduction et utilisation des ressources LED PDT lumi\u00e8re rouge La longueur d&#8217;onde de la lumi\u00e8re LED rouge est &hellip; HYDRA MACHINERead More","og_url":"https:\/\/investmedic-store.com\/?product=hydra-machine","og_site_name":"investmedic-store.com","article_publisher":"https:\/\/www.facebook.com\/invest.medic","article_modified_time":"2023-08-30T12:02:39+00:00","og_image":[{"width":1000,"height":1000,"url":"http:\/\/investmedic-store.com\/wp-content\/uploads\/2023\/08\/photo_2023-08-30_12-56-46.jpg","type":"image\/jpeg"}],"twitter_card":"summary_large_image","twitter_misc":{"Dur\u00e9e de lecture estim\u00e9e":"8 minutes"},"schema":{"@context":"https:\/\/schema.org","@graph":[{"@type":"WebPage","@id":"https:\/\/investmedic-store.com\/?product=hydra-machine","url":"https:\/\/investmedic-store.com\/?product=hydra-machine","name":"HYDRA MACHINE - investmedic-store.com","isPartOf":{"@id":"https:\/\/investmedic-store.com\/#website"},"datePublished":"2023-08-29T21:17:27+00:00","dateModified":"2023-08-30T12:02:39+00:00","breadcrumb":{"@id":"https:\/\/investmedic-store.com\/?product=hydra-machine#breadcrumb"},"inLanguage":"fr-FR","potentialAction":[{"@type":"ReadAction","target":["https:\/\/investmedic-store.com\/?product=hydra-machine"]}]},{"@type":"BreadcrumbList","@id":"https:\/\/investmedic-store.com\/?product=hydra-machine#breadcrumb","itemListElement":[{"@type":"ListItem","position":1,"name":"Accueil","item":"https:\/\/investmedic-store.com\/"},{"@type":"ListItem","position":2,"name":"Shop","item":"https:\/\/investmedic-store.com\/?page_id=5"},{"@type":"ListItem","position":3,"name":"HYDRA MACHINE"}]},{"@type":"WebSite","@id":"https:\/\/investmedic-store.com\/#website","url":"https:\/\/investmedic-store.com\/","name":"invest medic store","description":"Importation &amp; Distribution Du Materiels Medico-Chirurgicales - \u0627\u0633\u062a\u064a\u0631\u0627\u062f \u0648\u062a\u0648\u0632\u064a\u0639 \u0627\u0644\u0645\u0648\u0627\u062f \u0627\u0644\u0637\u0628\u064a\u0629 \u0627\u0644\u062c\u0631\u0627\u062d\u064a\u0629","publisher":{"@id":"https:\/\/investmedic-store.com\/#organization"},"alternateName":"investmedic store","potentialAction":[{"@type":"SearchAction","target":{"@type":"EntryPoint","urlTemplate":"https:\/\/investmedic-store.com\/?s={search_term_string}"},"query-input":"required name=search_term_string"}],"inLanguage":"fr-FR"},{"@type":"Organization","@id":"https:\/\/investmedic-store.com\/#organization","name":"invest.medic store","alternateName":"investmedic store","url":"https:\/\/investmedic-store.com\/","logo":{"@type":"ImageObject","inLanguage":"fr-FR","@id":"https:\/\/investmedic-store.com\/#\/schema\/logo\/image\/","url":"https:\/\/investmedic-store.com\/wp-content\/uploads\/2023\/07\/cropped-LOGO_INVEST-transformed-removebg-preview-transformed-1-e1690120839263.png","contentUrl":"https:\/\/investmedic-store.com\/wp-content\/uploads\/2023\/07\/cropped-LOGO_INVEST-transformed-removebg-preview-transformed-1-e1690120839263.png","width":512,"height":512,"caption":"invest.medic store"},"image":{"@id":"https:\/\/investmedic-store.com\/#\/schema\/logo\/image\/"},"sameAs":["https:\/\/www.facebook.com\/invest.medic"]}]}},"_links":{"self":[{"href":"https:\/\/investmedic-store.com\/index.php?rest_route=\/wp\/v2\/product\/1975"}],"collection":[{"href":"https:\/\/investmedic-store.com\/index.php?rest_route=\/wp\/v2\/product"}],"about":[{"href":"https:\/\/investmedic-store.com\/index.php?rest_route=\/wp\/v2\/types\/product"}],"replies":[{"embeddable":true,"href":"https:\/\/investmedic-store.com\/index.php?rest_route=%2Fwp%2Fv2%2Fcomments&post=1975"}],"wp:featuredmedia":[{"embeddable":true,"href":"https:\/\/investmedic-store.com\/index.php?rest_route=\/wp\/v2\/media\/1980"}],"wp:attachment":[{"href":"https:\/\/investmedic-store.com\/index.php?rest_route=%2Fwp%2Fv2%2Fmedia&parent=1975"}],"wp:term":[{"taxonomy":"product_cat","embeddable":true,"href":"https:\/\/investmedic-store.com\/index.php?rest_route=%2Fwp%2Fv2%2Fproduct_cat&post=1975"},{"taxonomy":"product_tag","embeddable":true,"href":"https:\/\/investmedic-store.com\/index.php?rest_route=%2Fwp%2Fv2%2Fproduct_tag&post=1975"}],"curies":[{"name":"wp","href":"https:\/\/api.w.org\/{rel}","templated":true}]}}