{"id":1972,"date":"2023-08-29T21:42:24","date_gmt":"2023-08-29T20:42:24","guid":{"rendered":"https:\/\/investmedic-store.com\/?post_type=product&#038;p=1972"},"modified":"2023-08-29T21:58:29","modified_gmt":"2023-08-29T20:58:29","slug":"ln-ls650-cavitation","status":"publish","type":"product","link":"https:\/\/investmedic-store.com\/?product=ln-ls650-cavitation","title":{"rendered":"LN-LS650 CAVITATION"},"content":{"rendered":"<p>Machine amincissante multifonctionnelle 5 en 1, utilisation professionnelle dans les salons de beaut\u00e9 et les cliniques<\/p>\n<p><strong>Caract\u00e9ristiques de la machine<\/strong>\u00a0:<\/p>\n<p>Machine minceur multifonctionnelle (laser lipo + vide + rf + cavitation)<\/p>\n<p>\u00c9cran tactile pliable, facile \u00e0 exp\u00e9dier et \u00e0 utiliser<\/p>\n<p>Rem\u00e8de innovant pour r\u00e9duire les graisses et remodeler le corps<\/p>\n<p>Perte de poids rapide et r\u00e9sultats \u00e0 long terme<\/p>\n<p>Lipolaser\u00a0:<\/p>\n<p>temps de traitement r\u00e9glable\u00a0;<\/p>\n<p>Intensit\u00e9 laser 4X,2X : 1 Hz ~ 1 000 Hz r\u00e9glable ;<\/p>\n<p>(4X pour la cuisse, 2X pour les bras).<\/p>\n<p>Cavitation : 50 W\/CM2 (MAX) ;<\/p>\n<p>pour l&#8217;abdomen, la cuisse, la hanche.<\/p>\n<p>Traitement d&#8217;\u00e9limination des graisses sous vide\u00a0:<\/p>\n<p>intensit\u00e9 de la pression du vide\u00a0: 10\u00a0KPa ~ 100\u00a0KPa\u00a0;<\/p>\n<p>le mode de travail peut \u00eatre r\u00e9glable<\/p>\n<p>Traitement RF multipolaire\u00a0:<\/p>\n<p>la t\u00eate RF bipolaire pour les yeux ronds (5MHz)<\/p>\n<p>intensit\u00e9 : niveau 1-5. l&#8217;intensit\u00e9 est de 5J ~ 15J<\/p>\n<p><strong>Application:<\/strong><\/p>\n<p>R\u00e9duction de la cellulite<\/p>\n<p>Perte de poids<\/p>\n<p>Raffermissement de la peau<\/p>\n<p>Remodelage du corps apr\u00e8s traitement post-liposuccion.<\/p>\n","protected":false},"excerpt":{"rendered":"<p>Machine amincissante multifonctionnelle 5 en 1, utilisation professionnelle dans les salons de beaut\u00e9 et les cliniques Caract\u00e9ristiques de la machine\u00a0: Machine minceur multifonctionnelle (laser lipo + vide + rf + cavitation) \u00c9cran tactile pliable, facile \u00e0 exp\u00e9dier et \u00e0 utiliser Rem\u00e8de innovant pour r\u00e9duire les graisses et remodeler le corps Perte de poids rapide et &hellip;<\/p>\n<p class=\"read-more\"> <a class=\" thunk-readmore button \" href=\"https:\/\/investmedic-store.com\/?product=ln-ls650-cavitation\"> <span class=\"screen-reader-text\">LN-LS650 CAVITATION<\/span>Read More<\/a><\/p>\n","protected":false},"featured_media":1973,"comment_status":"open","ping_status":"closed","template":"","meta":{"om_disable_all_campaigns":false,"_joinchat":[]},"product_cat":[15,165],"product_tag":[],"yoast_head":"<!-- This site is optimized with the Yoast SEO plugin v20.12 - https:\/\/yoast.com\/wordpress\/plugins\/seo\/ -->\n<title>LN-LS650 CAVITATION - investmedic-store.com<\/title>\n<meta name=\"robots\" content=\"index, follow, max-snippet:-1, max-image-preview:large, max-video-preview:-1\" \/>\n<link rel=\"canonical\" href=\"https:\/\/investmedic-store.com\/?product=ln-ls650-cavitation\" \/>\n<meta property=\"og:locale\" content=\"fr_FR\" \/>\n<meta property=\"og:type\" content=\"article\" \/>\n<meta property=\"og:title\" content=\"LN-LS650 CAVITATION - investmedic-store.com\" \/>\n<meta property=\"og:description\" content=\"Machine amincissante multifonctionnelle 5 en 1, utilisation professionnelle dans les salons de beaut\u00e9 et les cliniques Caract\u00e9ristiques de la machine\u00a0: Machine minceur multifonctionnelle (laser lipo + vide + rf + cavitation) \u00c9cran tactile pliable, facile \u00e0 exp\u00e9dier et \u00e0 utiliser Rem\u00e8de innovant pour r\u00e9duire les graisses et remodeler le corps Perte de poids rapide et &hellip; LN-LS650 CAVITATIONRead More\" \/>\n<meta property=\"og:url\" content=\"https:\/\/investmedic-store.com\/?product=ln-ls650-cavitation\" \/>\n<meta property=\"og:site_name\" content=\"investmedic-store.com\" \/>\n<meta property=\"article:publisher\" content=\"https:\/\/www.facebook.com\/invest.medic\" \/>\n<meta property=\"article:modified_time\" content=\"2023-08-29T20:58:29+00:00\" \/>\n<meta property=\"og:image\" content=\"http:\/\/investmedic-store.com\/wp-content\/uploads\/2023\/08\/26394de5622e6e177d3d0077a874943a-lipo-laser-weight-machine.jpg\" \/>\n\t<meta property=\"og:image:width\" content=\"600\" \/>\n\t<meta property=\"og:image:height\" content=\"816\" \/>\n\t<meta property=\"og:image:type\" content=\"image\/jpeg\" \/>\n<meta name=\"twitter:card\" content=\"summary_large_image\" \/>\n<meta name=\"twitter:label1\" content=\"Dur\u00e9e de lecture estim\u00e9e\" \/>\n\t<meta name=\"twitter:data1\" content=\"1 minute\" \/>\n<script type=\"application\/ld+json\" class=\"yoast-schema-graph\">{\"@context\":\"https:\/\/schema.org\",\"@graph\":[{\"@type\":\"WebPage\",\"@id\":\"https:\/\/investmedic-store.com\/?product=ln-ls650-cavitation\",\"url\":\"https:\/\/investmedic-store.com\/?product=ln-ls650-cavitation\",\"name\":\"LN-LS650 CAVITATION - investmedic-store.com\",\"isPartOf\":{\"@id\":\"https:\/\/investmedic-store.com\/#website\"},\"datePublished\":\"2023-08-29T20:42:24+00:00\",\"dateModified\":\"2023-08-29T20:58:29+00:00\",\"breadcrumb\":{\"@id\":\"https:\/\/investmedic-store.com\/?product=ln-ls650-cavitation#breadcrumb\"},\"inLanguage\":\"fr-FR\",\"potentialAction\":[{\"@type\":\"ReadAction\",\"target\":[\"https:\/\/investmedic-store.com\/?product=ln-ls650-cavitation\"]}]},{\"@type\":\"BreadcrumbList\",\"@id\":\"https:\/\/investmedic-store.com\/?product=ln-ls650-cavitation#breadcrumb\",\"itemListElement\":[{\"@type\":\"ListItem\",\"position\":1,\"name\":\"Accueil\",\"item\":\"https:\/\/investmedic-store.com\/\"},{\"@type\":\"ListItem\",\"position\":2,\"name\":\"Shop\",\"item\":\"https:\/\/investmedic-store.com\/?page_id=5\"},{\"@type\":\"ListItem\",\"position\":3,\"name\":\"LN-LS650 CAVITATION\"}]},{\"@type\":\"WebSite\",\"@id\":\"https:\/\/investmedic-store.com\/#website\",\"url\":\"https:\/\/investmedic-store.com\/\",\"name\":\"invest medic store\",\"description\":\"Importation &amp; Distribution Du Materiels Medico-Chirurgicales - \u0627\u0633\u062a\u064a\u0631\u0627\u062f \u0648\u062a\u0648\u0632\u064a\u0639 \u0627\u0644\u0645\u0648\u0627\u062f \u0627\u0644\u0637\u0628\u064a\u0629 \u0627\u0644\u062c\u0631\u0627\u062d\u064a\u0629\",\"publisher\":{\"@id\":\"https:\/\/investmedic-store.com\/#organization\"},\"alternateName\":\"investmedic store\",\"potentialAction\":[{\"@type\":\"SearchAction\",\"target\":{\"@type\":\"EntryPoint\",\"urlTemplate\":\"https:\/\/investmedic-store.com\/?s={search_term_string}\"},\"query-input\":\"required name=search_term_string\"}],\"inLanguage\":\"fr-FR\"},{\"@type\":\"Organization\",\"@id\":\"https:\/\/investmedic-store.com\/#organization\",\"name\":\"invest.medic store\",\"alternateName\":\"investmedic store\",\"url\":\"https:\/\/investmedic-store.com\/\",\"logo\":{\"@type\":\"ImageObject\",\"inLanguage\":\"fr-FR\",\"@id\":\"https:\/\/investmedic-store.com\/#\/schema\/logo\/image\/\",\"url\":\"https:\/\/investmedic-store.com\/wp-content\/uploads\/2023\/07\/cropped-LOGO_INVEST-transformed-removebg-preview-transformed-1-e1690120839263.png\",\"contentUrl\":\"https:\/\/investmedic-store.com\/wp-content\/uploads\/2023\/07\/cropped-LOGO_INVEST-transformed-removebg-preview-transformed-1-e1690120839263.png\",\"width\":512,\"height\":512,\"caption\":\"invest.medic store\"},\"image\":{\"@id\":\"https:\/\/investmedic-store.com\/#\/schema\/logo\/image\/\"},\"sameAs\":[\"https:\/\/www.facebook.com\/invest.medic\"]}]}<\/script>\n<!-- \/ Yoast SEO plugin. -->","yoast_head_json":{"title":"LN-LS650 CAVITATION - investmedic-store.com","robots":{"index":"index","follow":"follow","max-snippet":"max-snippet:-1","max-image-preview":"max-image-preview:large","max-video-preview":"max-video-preview:-1"},"canonical":"https:\/\/investmedic-store.com\/?product=ln-ls650-cavitation","og_locale":"fr_FR","og_type":"article","og_title":"LN-LS650 CAVITATION - investmedic-store.com","og_description":"Machine amincissante multifonctionnelle 5 en 1, utilisation professionnelle dans les salons de beaut\u00e9 et les cliniques Caract\u00e9ristiques de la machine\u00a0: Machine minceur multifonctionnelle (laser lipo + vide + rf + cavitation) \u00c9cran tactile pliable, facile \u00e0 exp\u00e9dier et \u00e0 utiliser Rem\u00e8de innovant pour r\u00e9duire les graisses et remodeler le corps Perte de poids rapide et &hellip; LN-LS650 CAVITATIONRead More","og_url":"https:\/\/investmedic-store.com\/?product=ln-ls650-cavitation","og_site_name":"investmedic-store.com","article_publisher":"https:\/\/www.facebook.com\/invest.medic","article_modified_time":"2023-08-29T20:58:29+00:00","og_image":[{"width":600,"height":816,"url":"http:\/\/investmedic-store.com\/wp-content\/uploads\/2023\/08\/26394de5622e6e177d3d0077a874943a-lipo-laser-weight-machine.jpg","type":"image\/jpeg"}],"twitter_card":"summary_large_image","twitter_misc":{"Dur\u00e9e de lecture estim\u00e9e":"1 minute"},"schema":{"@context":"https:\/\/schema.org","@graph":[{"@type":"WebPage","@id":"https:\/\/investmedic-store.com\/?product=ln-ls650-cavitation","url":"https:\/\/investmedic-store.com\/?product=ln-ls650-cavitation","name":"LN-LS650 CAVITATION - investmedic-store.com","isPartOf":{"@id":"https:\/\/investmedic-store.com\/#website"},"datePublished":"2023-08-29T20:42:24+00:00","dateModified":"2023-08-29T20:58:29+00:00","breadcrumb":{"@id":"https:\/\/investmedic-store.com\/?product=ln-ls650-cavitation#breadcrumb"},"inLanguage":"fr-FR","potentialAction":[{"@type":"ReadAction","target":["https:\/\/investmedic-store.com\/?product=ln-ls650-cavitation"]}]},{"@type":"BreadcrumbList","@id":"https:\/\/investmedic-store.com\/?product=ln-ls650-cavitation#breadcrumb","itemListElement":[{"@type":"ListItem","position":1,"name":"Accueil","item":"https:\/\/investmedic-store.com\/"},{"@type":"ListItem","position":2,"name":"Shop","item":"https:\/\/investmedic-store.com\/?page_id=5"},{"@type":"ListItem","position":3,"name":"LN-LS650 CAVITATION"}]},{"@type":"WebSite","@id":"https:\/\/investmedic-store.com\/#website","url":"https:\/\/investmedic-store.com\/","name":"invest medic store","description":"Importation &amp; Distribution Du Materiels Medico-Chirurgicales - \u0627\u0633\u062a\u064a\u0631\u0627\u062f \u0648\u062a\u0648\u0632\u064a\u0639 \u0627\u0644\u0645\u0648\u0627\u062f \u0627\u0644\u0637\u0628\u064a\u0629 \u0627\u0644\u062c\u0631\u0627\u062d\u064a\u0629","publisher":{"@id":"https:\/\/investmedic-store.com\/#organization"},"alternateName":"investmedic store","potentialAction":[{"@type":"SearchAction","target":{"@type":"EntryPoint","urlTemplate":"https:\/\/investmedic-store.com\/?s={search_term_string}"},"query-input":"required name=search_term_string"}],"inLanguage":"fr-FR"},{"@type":"Organization","@id":"https:\/\/investmedic-store.com\/#organization","name":"invest.medic store","alternateName":"investmedic store","url":"https:\/\/investmedic-store.com\/","logo":{"@type":"ImageObject","inLanguage":"fr-FR","@id":"https:\/\/investmedic-store.com\/#\/schema\/logo\/image\/","url":"https:\/\/investmedic-store.com\/wp-content\/uploads\/2023\/07\/cropped-LOGO_INVEST-transformed-removebg-preview-transformed-1-e1690120839263.png","contentUrl":"https:\/\/investmedic-store.com\/wp-content\/uploads\/2023\/07\/cropped-LOGO_INVEST-transformed-removebg-preview-transformed-1-e1690120839263.png","width":512,"height":512,"caption":"invest.medic store"},"image":{"@id":"https:\/\/investmedic-store.com\/#\/schema\/logo\/image\/"},"sameAs":["https:\/\/www.facebook.com\/invest.medic"]}]}},"_links":{"self":[{"href":"https:\/\/investmedic-store.com\/index.php?rest_route=\/wp\/v2\/product\/1972"}],"collection":[{"href":"https:\/\/investmedic-store.com\/index.php?rest_route=\/wp\/v2\/product"}],"about":[{"href":"https:\/\/investmedic-store.com\/index.php?rest_route=\/wp\/v2\/types\/product"}],"replies":[{"embeddable":true,"href":"https:\/\/investmedic-store.com\/index.php?rest_route=%2Fwp%2Fv2%2Fcomments&post=1972"}],"wp:featuredmedia":[{"embeddable":true,"href":"https:\/\/investmedic-store.com\/index.php?rest_route=\/wp\/v2\/media\/1973"}],"wp:attachment":[{"href":"https:\/\/investmedic-store.com\/index.php?rest_route=%2Fwp%2Fv2%2Fmedia&parent=1972"}],"wp:term":[{"taxonomy":"product_cat","embeddable":true,"href":"https:\/\/investmedic-store.com\/index.php?rest_route=%2Fwp%2Fv2%2Fproduct_cat&post=1972"},{"taxonomy":"product_tag","embeddable":true,"href":"https:\/\/investmedic-store.com\/index.php?rest_route=%2Fwp%2Fv2%2Fproduct_tag&post=1972"}],"curies":[{"name":"wp","href":"https:\/\/api.w.org\/{rel}","templated":true}]}}