{"id":1966,"date":"2023-08-29T21:10:42","date_gmt":"2023-08-29T20:10:42","guid":{"rendered":"https:\/\/investmedic-store.com\/?post_type=product&#038;p=1966"},"modified":"2023-08-29T21:10:43","modified_gmt":"2023-08-29T20:10:43","slug":"7d-hifu","status":"publish","type":"product","link":"https:\/\/investmedic-store.com\/?product=7d-hifu","title":{"rendered":"7D HIFU"},"content":{"rendered":"<p><b>La toute derni\u00e8re \u00e9chographe professionnel 7D focalis\u00e9 HIFU\u00a0 avec 7 Cartouches<\/b><\/p>\n<p>\u2022 l&#8217;\u00e9chographie th\u00e9rapeutique (HIFU) fournit une \u00e9nergie ultrasonore cibl\u00e9e \u00e0 la m\u00eame couche fondamentale (SMAS) g\u00e9n\u00e9ralement trait\u00e9e par les chirurgiens pendant la chirurgie esth\u00e9tique.<br \/>\n\u2022 contrairement aux lasers, aux radiofr\u00e9quences et autres dispositifs, le HIFU contourne la surface de la peau pour fournir de l&#8217;\u00e9nergie \u00e0 des profondeurs optimales.<br \/>\n\u2022 les r\u00e9sultats se produisent instantan\u00e9ment, cependant, apparaissent mieux sur deux \u00e0 trois mois \u00e0 mesure que le nouveau collag\u00e8ne se d\u00e9veloppe, soulevant et resserrant progressivement la peau.<br \/>\n\u2022 le processus d&#8217;amincissement se poursuit jusqu&#8217;\u00e0 6 mois apr\u00e8s le traitement.<\/p>\n<p>La nouvelle machine 7D HIFU pour le lifting du visage et le remodelage du corps utilise des ultrasons m\u00e9dicaux pr\u00e9cis pour le lifting non chirurgical du visage et le raffermissement de la peau. Le 7D HIFU est \u00e9galement nomm\u00e9 Ultraformer III, est un traitement par ultrasons focalis\u00e9s de haute intensit\u00e9 con\u00e7u pour aider \u00e0 inverser les signes du vieillissement, vous laissant avec une apparence plus jeune. Contrairement aux autres traitements de raffermissement de la peau sur le march\u00e9, le traitement HIFU est un appareil de lifting et de remodelage totalement non invasif qui fournit une proc\u00e9dure de traitement personnalis\u00e9e pour l&#8217;ensemble du visage, du cou et du corps. Le r\u00e9sultat naturel final est obtenu rapidement, sans douleur et en toute s\u00e9curit\u00e9 !<\/p>\n<p>Si vous souhaitez modifier l\u00e9g\u00e8rement et plus profond\u00e9ment les tissus de la peau, ainsi que l&#8217;am\u00e9lioration et la gu\u00e9rison de la peau, mais sans intervention chirurgicale sur le visage, le cou ou le corps, la machine 7D HIFU pour le lifting du visage et le remodelage du corps est un bon et la proc\u00e9dure appropri\u00e9e pour vous.<\/p>\n<p>Contrairement aux autres technologies HIFU, 7D HIFU permet au praticien de contr\u00f4ler l&#8217;\u00e9nergie, la densit\u00e9 et la longueur de la ligne. Cela permet d&#8217;adapter les combinaisons de param\u00e8tres aux besoins de chaque cas.<\/p>\n<p>7D HIFU est bas\u00e9 sur la technologie MMFU (Micro Macro Focused Ultrasound), qui permet de r\u00e9partir uniform\u00e9ment l&#8217;\u00e9nergie ultrasonique, en ciblant la couche souhait\u00e9e dans le tissu sous-cutan\u00e9. Les impulsions d&#8217;\u00e9nergie micro focalis\u00e9es dirigent l&#8217;\u00e9nergie vers les couches superficielles des tissus et les impulsions d&#8217;\u00e9nergie macro focalis\u00e9es acheminent l&#8217;\u00e9nergie vers les couches profondes des tissus. Gr\u00e2ce \u00e0 une technologie de pointe, la proc\u00e9dure est s\u00fbre et ne n\u00e9cessite pas de temps de r\u00e9cup\u00e9ration.<\/p>\n<p><strong>Avantages:<\/strong><\/p>\n<ul>\n<li>Cartouches de profondeur \u00e0 ultrasons micro et macro focalis\u00e9s (MMFU) pour des r\u00e9sultats optimaux<\/li>\n<li>Puissance de cr\u00eate \u00e9lev\u00e9e pour des r\u00e9sultats sup\u00e9rieurs avec moins d&#8217;inconfort.<\/li>\n<li>La cartouche de profondeur brevet\u00e9e de 2,0 mm cible les r\u00e9gions \u00e9troites et sensibles du visage<\/li>\n<li>7 sondes diff\u00e9rentes en option : 1,5 mm, 3,0 mm, 4,5 mm, 2,0 mm, 6 mm, 9 mm et 13 mm.<\/li>\n<li>Fr\u00e9quence diff\u00e9rente de chaque sonde : 1,5\/3,0 mm correspond \u00e0 7 MHZ, 4,5 mm correspond \u00e0 4 MHZ, 2,0 mm correspond \u00e0 5,5 MHZ, 6\/9\/13 mm correspond \u00e0 2 MHZ.<\/li>\n<li>Adapter diff\u00e9rentes combinaisons d&#8217;\u00e9nergie, de p\u00e9n\u00e9tration, de densit\u00e9 et de taille pour r\u00e9pondre aux diff\u00e9rents besoins des patients.<\/li>\n<li>ROI hautement rentable<\/li>\n<li>35% plus rapide &#8211; 7D HIFU permet une courte session gr\u00e2ce \u00e0 son taux de r\u00e9p\u00e9tition \u00e9lev\u00e9, sa prise de vue \u00e0 impulsion continue et en \u00e9conomisant le temps n\u00e9cessaire pour changer de cartouche gr\u00e2ce \u00e0 la disponibilit\u00e9 de deux pi\u00e8ces \u00e0 main.<\/li>\n<li>Contr\u00f4le d&#8217;une seule main &#8211; La pi\u00e8ce \u00e0 main l\u00e9g\u00e8re en forme de pistolet du 7D HIFU permet \u00e0 l&#8217;utilisateur de le contr\u00f4ler d&#8217;une seule main, \u00e9liminant l&#8217;\u00e9puisement sur des p\u00e9riodes d&#8217;utilisation prolong\u00e9es.<\/li>\n<\/ul>\n<p><strong>Technologie Technologie<\/strong><br \/>\n<strong>MMFU (Macro &amp; Micro Focused Ultrasound) La technologie<\/strong><br \/>\ndes ultrasons focalis\u00e9s \u00e0 haute \u00e9nergie a \u00e9t\u00e9 invent\u00e9e pour traiter les cancers en utilisant l&#8217;\u00e9nergie thermique des ultrasons. La chaleur est g\u00e9n\u00e9r\u00e9e dans la zone de focalisation par le transducteur. Sans affecter les zones ou couches de tissus involontaires pendant le traitement, les cartouches aliment\u00e9es par MMFU concentrent des faisceaux pr\u00e9cis d&#8217;\u00e9nergie ultrasonore dans les zones cibles du tissu cutan\u00e9 pour soulever et raffermir le visage, et les couches de graisse sous-cutan\u00e9e pour induire des contractions et \u00e9liminer les cellules graisseuses tenaces du corps. .<\/p>\n<p>Les cartouches multifonctionnelles assist\u00e9es par la technologie MMFU sont sp\u00e9cialement con\u00e7ues pour le traitement de la peau et du corps pour diverses applications. Les transducteurs 4 et 7 MHZ cr\u00e9ent une micro coagulation dans le derme et le SMAS tandis que les transducteurs 2 MHz d\u00e9livrent de l&#8217;\u00e9nergie macro dans la graisse sous-cutan\u00e9e pour \u00e9liminer s\u00e9lectivement les cellules graisseuses. Ces transducteurs innovants maximisent la satisfaction du client et r\u00e9duisent le temps de traitement.<\/p>\n<p><strong>Con\u00e7ues avec pr\u00e9cision<\/strong><br \/>\nLes cartouches aliment\u00e9es par MMFU sont con\u00e7ues pour transf\u00e9rer \u00e0 la fois l&#8217;\u00e9nergie ultrasonore concentr\u00e9e et stable dans la r\u00e9gion focale. Con\u00e7u pour \u00e9mettre une r\u00e9partition \u00e9gale de la chaleur, l&#8217;ULTRAFORMER III cible avec pr\u00e9cision les zones de pr\u00e9occupation larges ou \u00e9troites sans endommager les tissus environnants lors de proc\u00e9dures personnalis\u00e9es.<\/p>\n<p><strong>Les cartouches MICRO FOCUSED<\/strong><br \/>\navec des faisceaux ultrasonores hautement concentr\u00e9s d\u00e9livrent une puissance avec exactitude et pr\u00e9cision dans la r\u00e9gion focale sp\u00e9cifi\u00e9e.<\/p>\n<p><strong>Les cartouches MACRO FOCUSED<\/strong><br \/>\navec des fr\u00e9quences plus basses permettent une p\u00e9n\u00e9tration plus profonde dans la r\u00e9gion focale avec une plus grande densit\u00e9 d&#8217;\u00e9nergie.<\/p>\n<p><strong>Face Lift &amp; Tighten<\/strong><br \/>\nPlusieurs cartouches sont personnalis\u00e9es pour les couches peu profondes du visage et du d\u00e9collet\u00e9 afin de traiter le rel\u00e2chement cutan\u00e9, le renouvellement du collag\u00e8ne et la r\u00e9duction absolue des rides.<\/p>\n<ul>\n<li>Sonde de 4,5 mm (levage) &#8211; Agit sur la couche fasciale SAMA pour resserrer le bas du muscle et obtenir de la fermet\u00e9.<\/li>\n<li>Sonde de 3,0 mm (Serrage) \u2013 Vis\u00e9e sur le derme pour stimuler la r\u00e9g\u00e9n\u00e9ration continue du collag\u00e8ne.<\/li>\n<li>Sonde de 2,0 mm (effacement des rides) &#8211; La sonde de traitement originale au monde sp\u00e9cialis\u00e9e pour les yeux et les rides profondes telles que le front, le cou et les pattes d&#8217;oie.<\/li>\n<li>Transducteur de 1,5 mm (tonifiant) &#8211; Ciblant l&#8217;\u00e9piderme pour am\u00e9liorer les ridules superficielles, le teint, la texture de la peau et les pores fins.<\/li>\n<\/ul>\n<p>Les transducteurs macro focalis\u00e9s <strong>Body Tighten &amp; Contour avec une plus grande densit\u00e9 et une p\u00e9n\u00e9tration plus profonde de HIFU ciblent les couches sous-cutan\u00e9es du corps \u00e0 3 profondeurs diff\u00e9rentes pour affiner les contours et \u00e9liminer les graisses tenaces.<\/strong><\/p>\n<ul>\n<li>La conception exclusive des transducteurs de 6,0 mm et 9,0 mm peut s&#8217;adapter \u00e0 diff\u00e9rentes personnes et avoir une gamme d&#8217;applications plus large. Il peut r\u00e9soudre plus efficacement le probl\u00e8me de la sculpture de pr\u00e9cision locale.<\/li>\n<li>Transducteur de 6,0 mm pour la poitrine, transducteur de 9,0 mm pour la cuisse, transducteur de 13 mm pour l&#8217;abdomen.<\/li>\n<li>La sonde de 6,0 mm vise \u00e0 am\u00e9liorer le double menton avec un excellent effet.<\/li>\n<li>7D HIFU fonctionne pour le lifting du visage, le raffermissement de la peau, les rides, les pores, la formation de lignes en V, la ligne des bajoues, l&#8217;am\u00e9lioration du teint de la peau, l&#8217;am\u00e9lioration du choller et de la laxit\u00e9.<\/li>\n<li>Remodelage du corps entier tel que la poitrine, le bras, l&#8217;abdomen, le flanc, la cuisse, l&#8217;aisselle, le bas de la jambe, la cheville et le dos<\/li>\n<\/ul>\n","protected":false},"excerpt":{"rendered":"<p>La toute derni\u00e8re \u00e9chographe professionnel 7D focalis\u00e9 HIFU\u00a0 avec 7 Cartouches \u2022 l&#8217;\u00e9chographie th\u00e9rapeutique (HIFU) fournit une \u00e9nergie ultrasonore cibl\u00e9e \u00e0 la m\u00eame couche fondamentale (SMAS) g\u00e9n\u00e9ralement trait\u00e9e par les chirurgiens pendant la chirurgie esth\u00e9tique. \u2022 contrairement aux lasers, aux radiofr\u00e9quences et autres dispositifs, le HIFU contourne la surface de la peau pour fournir de &hellip;<\/p>\n<p class=\"read-more\"> <a class=\" thunk-readmore button \" href=\"https:\/\/investmedic-store.com\/?product=7d-hifu\"> <span class=\"screen-reader-text\">7D HIFU<\/span>Read More<\/a><\/p>\n","protected":false},"featured_media":1967,"comment_status":"open","ping_status":"closed","template":"","meta":{"om_disable_all_campaigns":false,"_joinchat":[]},"product_cat":[15,162],"product_tag":[],"yoast_head":"<!-- This site is optimized with the Yoast SEO plugin v20.12 - https:\/\/yoast.com\/wordpress\/plugins\/seo\/ -->\n<title>7D HIFU - investmedic-store.com<\/title>\n<meta name=\"robots\" content=\"index, follow, max-snippet:-1, max-image-preview:large, max-video-preview:-1\" \/>\n<link rel=\"canonical\" href=\"https:\/\/investmedic-store.com\/?product=7d-hifu\" \/>\n<meta property=\"og:locale\" content=\"fr_FR\" \/>\n<meta property=\"og:type\" content=\"article\" \/>\n<meta property=\"og:title\" content=\"7D HIFU - investmedic-store.com\" \/>\n<meta property=\"og:description\" content=\"La toute derni\u00e8re \u00e9chographe professionnel 7D focalis\u00e9 HIFU\u00a0 avec 7 Cartouches \u2022 l&#8217;\u00e9chographie th\u00e9rapeutique (HIFU) fournit une \u00e9nergie ultrasonore cibl\u00e9e \u00e0 la m\u00eame couche fondamentale (SMAS) g\u00e9n\u00e9ralement trait\u00e9e par les chirurgiens pendant la chirurgie esth\u00e9tique. \u2022 contrairement aux lasers, aux radiofr\u00e9quences et autres dispositifs, le HIFU contourne la surface de la peau pour fournir de &hellip; 7D HIFURead More\" \/>\n<meta property=\"og:url\" content=\"https:\/\/investmedic-store.com\/?product=7d-hifu\" \/>\n<meta property=\"og:site_name\" content=\"investmedic-store.com\" \/>\n<meta property=\"article:publisher\" content=\"https:\/\/www.facebook.com\/invest.medic\" \/>\n<meta property=\"article:modified_time\" content=\"2023-08-29T20:10:43+00:00\" \/>\n<meta property=\"og:image\" content=\"http:\/\/investmedic-store.com\/wp-content\/uploads\/2023\/08\/R-3-scaled.jpg\" \/>\n\t<meta property=\"og:image:width\" content=\"1707\" \/>\n\t<meta property=\"og:image:height\" content=\"2560\" \/>\n\t<meta property=\"og:image:type\" content=\"image\/jpeg\" \/>\n<meta name=\"twitter:card\" content=\"summary_large_image\" \/>\n<meta name=\"twitter:label1\" content=\"Dur\u00e9e de lecture estim\u00e9e\" \/>\n\t<meta name=\"twitter:data1\" content=\"6 minutes\" \/>\n<script type=\"application\/ld+json\" class=\"yoast-schema-graph\">{\"@context\":\"https:\/\/schema.org\",\"@graph\":[{\"@type\":\"WebPage\",\"@id\":\"https:\/\/investmedic-store.com\/?product=7d-hifu\",\"url\":\"https:\/\/investmedic-store.com\/?product=7d-hifu\",\"name\":\"7D HIFU - investmedic-store.com\",\"isPartOf\":{\"@id\":\"https:\/\/investmedic-store.com\/#website\"},\"datePublished\":\"2023-08-29T20:10:42+00:00\",\"dateModified\":\"2023-08-29T20:10:43+00:00\",\"breadcrumb\":{\"@id\":\"https:\/\/investmedic-store.com\/?product=7d-hifu#breadcrumb\"},\"inLanguage\":\"fr-FR\",\"potentialAction\":[{\"@type\":\"ReadAction\",\"target\":[\"https:\/\/investmedic-store.com\/?product=7d-hifu\"]}]},{\"@type\":\"BreadcrumbList\",\"@id\":\"https:\/\/investmedic-store.com\/?product=7d-hifu#breadcrumb\",\"itemListElement\":[{\"@type\":\"ListItem\",\"position\":1,\"name\":\"Accueil\",\"item\":\"https:\/\/investmedic-store.com\/\"},{\"@type\":\"ListItem\",\"position\":2,\"name\":\"Shop\",\"item\":\"https:\/\/investmedic-store.com\/?page_id=5\"},{\"@type\":\"ListItem\",\"position\":3,\"name\":\"7D HIFU\"}]},{\"@type\":\"WebSite\",\"@id\":\"https:\/\/investmedic-store.com\/#website\",\"url\":\"https:\/\/investmedic-store.com\/\",\"name\":\"invest medic store\",\"description\":\"Importation &amp; Distribution Du Materiels Medico-Chirurgicales - \u0627\u0633\u062a\u064a\u0631\u0627\u062f \u0648\u062a\u0648\u0632\u064a\u0639 \u0627\u0644\u0645\u0648\u0627\u062f \u0627\u0644\u0637\u0628\u064a\u0629 \u0627\u0644\u062c\u0631\u0627\u062d\u064a\u0629\",\"publisher\":{\"@id\":\"https:\/\/investmedic-store.com\/#organization\"},\"alternateName\":\"investmedic store\",\"potentialAction\":[{\"@type\":\"SearchAction\",\"target\":{\"@type\":\"EntryPoint\",\"urlTemplate\":\"https:\/\/investmedic-store.com\/?s={search_term_string}\"},\"query-input\":\"required name=search_term_string\"}],\"inLanguage\":\"fr-FR\"},{\"@type\":\"Organization\",\"@id\":\"https:\/\/investmedic-store.com\/#organization\",\"name\":\"invest.medic store\",\"alternateName\":\"investmedic store\",\"url\":\"https:\/\/investmedic-store.com\/\",\"logo\":{\"@type\":\"ImageObject\",\"inLanguage\":\"fr-FR\",\"@id\":\"https:\/\/investmedic-store.com\/#\/schema\/logo\/image\/\",\"url\":\"https:\/\/investmedic-store.com\/wp-content\/uploads\/2023\/07\/cropped-LOGO_INVEST-transformed-removebg-preview-transformed-1-e1690120839263.png\",\"contentUrl\":\"https:\/\/investmedic-store.com\/wp-content\/uploads\/2023\/07\/cropped-LOGO_INVEST-transformed-removebg-preview-transformed-1-e1690120839263.png\",\"width\":512,\"height\":512,\"caption\":\"invest.medic store\"},\"image\":{\"@id\":\"https:\/\/investmedic-store.com\/#\/schema\/logo\/image\/\"},\"sameAs\":[\"https:\/\/www.facebook.com\/invest.medic\"]}]}<\/script>\n<!-- \/ Yoast SEO plugin. -->","yoast_head_json":{"title":"7D HIFU - investmedic-store.com","robots":{"index":"index","follow":"follow","max-snippet":"max-snippet:-1","max-image-preview":"max-image-preview:large","max-video-preview":"max-video-preview:-1"},"canonical":"https:\/\/investmedic-store.com\/?product=7d-hifu","og_locale":"fr_FR","og_type":"article","og_title":"7D HIFU - investmedic-store.com","og_description":"La toute derni\u00e8re \u00e9chographe professionnel 7D focalis\u00e9 HIFU\u00a0 avec 7 Cartouches \u2022 l&#8217;\u00e9chographie th\u00e9rapeutique (HIFU) fournit une \u00e9nergie ultrasonore cibl\u00e9e \u00e0 la m\u00eame couche fondamentale (SMAS) g\u00e9n\u00e9ralement trait\u00e9e par les chirurgiens pendant la chirurgie esth\u00e9tique. \u2022 contrairement aux lasers, aux radiofr\u00e9quences et autres dispositifs, le HIFU contourne la surface de la peau pour fournir de &hellip; 7D HIFURead More","og_url":"https:\/\/investmedic-store.com\/?product=7d-hifu","og_site_name":"investmedic-store.com","article_publisher":"https:\/\/www.facebook.com\/invest.medic","article_modified_time":"2023-08-29T20:10:43+00:00","og_image":[{"width":1707,"height":2560,"url":"http:\/\/investmedic-store.com\/wp-content\/uploads\/2023\/08\/R-3-scaled.jpg","type":"image\/jpeg"}],"twitter_card":"summary_large_image","twitter_misc":{"Dur\u00e9e de lecture estim\u00e9e":"6 minutes"},"schema":{"@context":"https:\/\/schema.org","@graph":[{"@type":"WebPage","@id":"https:\/\/investmedic-store.com\/?product=7d-hifu","url":"https:\/\/investmedic-store.com\/?product=7d-hifu","name":"7D HIFU - investmedic-store.com","isPartOf":{"@id":"https:\/\/investmedic-store.com\/#website"},"datePublished":"2023-08-29T20:10:42+00:00","dateModified":"2023-08-29T20:10:43+00:00","breadcrumb":{"@id":"https:\/\/investmedic-store.com\/?product=7d-hifu#breadcrumb"},"inLanguage":"fr-FR","potentialAction":[{"@type":"ReadAction","target":["https:\/\/investmedic-store.com\/?product=7d-hifu"]}]},{"@type":"BreadcrumbList","@id":"https:\/\/investmedic-store.com\/?product=7d-hifu#breadcrumb","itemListElement":[{"@type":"ListItem","position":1,"name":"Accueil","item":"https:\/\/investmedic-store.com\/"},{"@type":"ListItem","position":2,"name":"Shop","item":"https:\/\/investmedic-store.com\/?page_id=5"},{"@type":"ListItem","position":3,"name":"7D HIFU"}]},{"@type":"WebSite","@id":"https:\/\/investmedic-store.com\/#website","url":"https:\/\/investmedic-store.com\/","name":"invest medic store","description":"Importation &amp; Distribution Du Materiels Medico-Chirurgicales - \u0627\u0633\u062a\u064a\u0631\u0627\u062f \u0648\u062a\u0648\u0632\u064a\u0639 \u0627\u0644\u0645\u0648\u0627\u062f \u0627\u0644\u0637\u0628\u064a\u0629 \u0627\u0644\u062c\u0631\u0627\u062d\u064a\u0629","publisher":{"@id":"https:\/\/investmedic-store.com\/#organization"},"alternateName":"investmedic store","potentialAction":[{"@type":"SearchAction","target":{"@type":"EntryPoint","urlTemplate":"https:\/\/investmedic-store.com\/?s={search_term_string}"},"query-input":"required name=search_term_string"}],"inLanguage":"fr-FR"},{"@type":"Organization","@id":"https:\/\/investmedic-store.com\/#organization","name":"invest.medic store","alternateName":"investmedic store","url":"https:\/\/investmedic-store.com\/","logo":{"@type":"ImageObject","inLanguage":"fr-FR","@id":"https:\/\/investmedic-store.com\/#\/schema\/logo\/image\/","url":"https:\/\/investmedic-store.com\/wp-content\/uploads\/2023\/07\/cropped-LOGO_INVEST-transformed-removebg-preview-transformed-1-e1690120839263.png","contentUrl":"https:\/\/investmedic-store.com\/wp-content\/uploads\/2023\/07\/cropped-LOGO_INVEST-transformed-removebg-preview-transformed-1-e1690120839263.png","width":512,"height":512,"caption":"invest.medic store"},"image":{"@id":"https:\/\/investmedic-store.com\/#\/schema\/logo\/image\/"},"sameAs":["https:\/\/www.facebook.com\/invest.medic"]}]}},"_links":{"self":[{"href":"https:\/\/investmedic-store.com\/index.php?rest_route=\/wp\/v2\/product\/1966"}],"collection":[{"href":"https:\/\/investmedic-store.com\/index.php?rest_route=\/wp\/v2\/product"}],"about":[{"href":"https:\/\/investmedic-store.com\/index.php?rest_route=\/wp\/v2\/types\/product"}],"replies":[{"embeddable":true,"href":"https:\/\/investmedic-store.com\/index.php?rest_route=%2Fwp%2Fv2%2Fcomments&post=1966"}],"wp:featuredmedia":[{"embeddable":true,"href":"https:\/\/investmedic-store.com\/index.php?rest_route=\/wp\/v2\/media\/1967"}],"wp:attachment":[{"href":"https:\/\/investmedic-store.com\/index.php?rest_route=%2Fwp%2Fv2%2Fmedia&parent=1966"}],"wp:term":[{"taxonomy":"product_cat","embeddable":true,"href":"https:\/\/investmedic-store.com\/index.php?rest_route=%2Fwp%2Fv2%2Fproduct_cat&post=1966"},{"taxonomy":"product_tag","embeddable":true,"href":"https:\/\/investmedic-store.com\/index.php?rest_route=%2Fwp%2Fv2%2Fproduct_tag&post=1966"}],"curies":[{"name":"wp","href":"https:\/\/api.w.org\/{rel}","templated":true}]}}