{"id":1964,"date":"2023-08-29T20:50:37","date_gmt":"2023-08-29T19:50:37","guid":{"rendered":"https:\/\/investmedic-store.com\/?post_type=product&#038;p=1964"},"modified":"2023-08-29T20:50:40","modified_gmt":"2023-08-29T19:50:40","slug":"4-in-1-4d-hifu-vaginal-vmax-lipo","status":"publish","type":"product","link":"https:\/\/investmedic-store.com\/?product=4-in-1-4d-hifu-vaginal-vmax-lipo","title":{"rendered":"4 IN 1 4D HIFU + VAGINAL + VMAX + LIPO"},"content":{"rendered":"<div class=\"sr-txt-title\">\n<h2 class=\"sr-txt-h2\">Description de Produi<\/h2>\n<h2 class=\"shortdesc-title\">Caract\u00e9ristique de produit<\/h2>\n<div class=\"div-shortdesc j-shortDesc\">\n<ul>\n<li>Applicable pour tous les types de peau et tous les tons, environ 20 \u00e0 25 minutes de dur\u00e9e sans temps d&#8217;arr\u00eat, sans pr\u00e9-traitement requis.quick et r\u00e9sultats durables.<\/li>\n<li>Visage mince, retirer le double menton, se rider, aller dans les sacs pour les yeux, faire raffermir, ascenseur de poitrine, perdre du poids, mince, forme, serrer la peau, une puissante alimentation en r\u00e9sultats efficaces<\/li>\n<li>R\u00e9solvez compl\u00e8tement le probl\u00e8me du vieillissement et de l&#8217;avantage sur le visage et les parties du corps.<\/li>\n<li>Serrage du vaganl, soins priv\u00e9s, enlever les rides du cou, prot\u00e9ger le vieillissement du cou<\/li>\n<li>grand \u00e9cran tactile TFT dans un \u00e9cran tactile facile. haute qualit\u00e9<\/li>\n<\/ul>\n<\/div>\n<\/div>\n<div class=\"async-rich-info\">\n<div class=\"rich-text cf\">\n<div class=\"rich-text-table\">\n<table border=\"1\" cellspacing=\"0\" cellpadding=\"0\">\n<tbody>\n<tr>\n<td><\/td>\n<td>Fonctions<\/td>\n<td>Sp\u00e9cifications<\/td>\n<\/tr>\n<tr>\n<td>1<\/td>\n<td>Fr\u00e9quence<\/td>\n<td>4-7 MHZ\u00a0150W<\/td>\n<\/tr>\n<tr>\n<td>2<\/td>\n<td>La technologie<\/td>\n<td>5 en 1 4DHIFU\u00a0\u00a0(\u00a0\u00a0cibl\u00e9e\u00a0\u00e0 ultrasons \u00e0 haute intensit\u00e9) + Vmax + Liposonix+ + syst\u00e8me de tests vaginal HIFU<\/td>\n<\/tr>\n<tr>\n<td>3<\/td>\n<td>\u00a0Sortie de l&#8217;\u00e9nergie<\/td>\n<td>0,1-2.5J(0.1J\/\u00e9tape)<\/td>\n<\/tr>\n<tr>\n<td>4<\/td>\n<td>Nombre de chefs<\/td>\n<td><strong>Les cartouches hifu 4D max 12 lignes<\/strong><\/p>\n<p>3.0Mm,4,5 mm (standard), (1,5 mm 6 mm de 8mm 13mm 16mm en option)<\/p>\n<p><strong>\u00a0Les cartouches liposonix\u00a0max 576 point<\/strong><\/p>\n<p>0.8Mm,(standard 1,3 mm )<br \/>\n0,6 mm 1,0 mm, 1,6 mm\u00a0(facultatif)<\/p>\n<p><strong>V-Max\u00a0cartouches HIFU<\/strong><\/p>\n<p>1.5Mm,3.0mm,4,5mm face),((standard )<br \/>\n4,5 mm (cancer du sein) (facultatif)<br \/>\n8.0Mm,13.0mm(corps) (facultatif)<\/p>\n<p><strong>Vaginale HIFU 3.0mm 4,5 mm<\/strong><\/td>\n<\/tr>\n<tr>\n<td>5<\/td>\n<td>L&#8217;espacement<\/td>\n<td>1.0-10mm(0.5mm\/\u00e9tape)<\/td>\n<\/tr>\n<tr>\n<td>6<\/td>\n<td>Longueur<\/td>\n<td>5.0-25mm(1.0mm\/\u00e9tape)<\/td>\n<\/tr>\n<tr>\n<td>7<\/td>\n<td>Largeur<\/td>\n<td>10mm max.<\/td>\n<\/tr>\n<tr>\n<td>8<\/td>\n<td>La vie de la cartouche<\/td>\n<td>Standard<\/p>\n<p>4D 10000hifu des coups de feu<\/p>\n<p>Liposonix 500 photos<\/p>\n<p>V-Max 62000 hifu des coups de feu<\/p>\n<p>Vaginal 5000 hifu des coups de feu<\/td>\n<\/tr>\n<tr>\n<td>9<\/td>\n<td>La temp\u00e9rature ambiante<\/td>\n<td>5\u00b0C~+40 \u00b0C<\/td>\n<\/tr>\n<tr>\n<td>10<\/td>\n<td>La taille de l&#8217;\u00e9cran LCD<\/td>\n<td>15 pouces \u00e9cran LCD couleur tactile<\/td>\n<\/tr>\n<tr>\n<td>11<\/td>\n<td>N.W<\/td>\n<td>12kg<\/td>\n<\/tr>\n<tr>\n<td>12<\/td>\n<td>La ligne<\/td>\n<td>1-12 r\u00e9glable<\/td>\n<\/tr>\n<tr>\n<td>13<\/td>\n<td>L&#8217;\u00e9nergie<\/td>\n<td>0.1-2J<\/td>\n<\/tr>\n<tr>\n<td>14<\/td>\n<td>4D Dimension HIFU<\/td>\n<td>59*40*25cm<\/td>\n<\/tr>\n<tr>\n<td rowspan=\"8\">15<\/td>\n<td rowspan=\"8\">Tension de la machine hifu 4D<\/td>\n<td rowspan=\"8\">AC90V~240V 50Hz\/60HZ<\/td>\n<\/tr>\n<\/tbody>\n<\/table>\n<\/div>\n<\/div>\n<\/div>\n","protected":false},"excerpt":{"rendered":"<p>Description de Produi Caract\u00e9ristique de produit Applicable pour tous les types de peau et tous les tons, environ 20 \u00e0 25 minutes de dur\u00e9e sans temps d&#8217;arr\u00eat, sans pr\u00e9-traitement requis.quick et r\u00e9sultats durables. Visage mince, retirer le double menton, se rider, aller dans les sacs pour les yeux, faire raffermir, ascenseur de poitrine, perdre du &hellip;<\/p>\n<p class=\"read-more\"> <a class=\" thunk-readmore button \" href=\"https:\/\/investmedic-store.com\/?product=4-in-1-4d-hifu-vaginal-vmax-lipo\"> <span class=\"screen-reader-text\">4 IN 1 4D HIFU + VAGINAL + VMAX + LIPO<\/span>Read More<\/a><\/p>\n","protected":false},"featured_media":1965,"comment_status":"open","ping_status":"closed","template":"","meta":{"om_disable_all_campaigns":false,"_joinchat":[]},"product_cat":[15,162],"product_tag":[],"yoast_head":"<!-- This site is optimized with the Yoast SEO plugin v20.12 - https:\/\/yoast.com\/wordpress\/plugins\/seo\/ -->\n<title>4 IN 1 4D HIFU + VAGINAL + VMAX + LIPO - investmedic-store.com<\/title>\n<meta name=\"robots\" content=\"index, follow, max-snippet:-1, max-image-preview:large, max-video-preview:-1\" \/>\n<link rel=\"canonical\" href=\"https:\/\/investmedic-store.com\/?product=4-in-1-4d-hifu-vaginal-vmax-lipo\" \/>\n<meta property=\"og:locale\" content=\"fr_FR\" \/>\n<meta property=\"og:type\" content=\"article\" \/>\n<meta property=\"og:title\" content=\"4 IN 1 4D HIFU + VAGINAL + VMAX + LIPO - investmedic-store.com\" \/>\n<meta property=\"og:description\" content=\"Description de Produi Caract\u00e9ristique de produit Applicable pour tous les types de peau et tous les tons, environ 20 \u00e0 25 minutes de dur\u00e9e sans temps d&#8217;arr\u00eat, sans pr\u00e9-traitement requis.quick et r\u00e9sultats durables. Visage mince, retirer le double menton, se rider, aller dans les sacs pour les yeux, faire raffermir, ascenseur de poitrine, perdre du &hellip; 4 IN 1 4D HIFU + VAGINAL + VMAX + LIPORead More\" \/>\n<meta property=\"og:url\" content=\"https:\/\/investmedic-store.com\/?product=4-in-1-4d-hifu-vaginal-vmax-lipo\" \/>\n<meta property=\"og:site_name\" content=\"investmedic-store.com\" \/>\n<meta property=\"article:publisher\" content=\"https:\/\/www.facebook.com\/invest.medic\" \/>\n<meta property=\"article:modified_time\" content=\"2023-08-29T19:50:40+00:00\" \/>\n<meta property=\"og:image\" content=\"http:\/\/investmedic-store.com\/wp-content\/uploads\/2023\/08\/new-arrival-2020-4d-hifu-smas-vmax-hifu-vaginal.jpg\" \/>\n\t<meta property=\"og:image:width\" content=\"800\" \/>\n\t<meta property=\"og:image:height\" content=\"800\" \/>\n\t<meta property=\"og:image:type\" content=\"image\/jpeg\" \/>\n<meta name=\"twitter:card\" content=\"summary_large_image\" \/>\n<meta name=\"twitter:label1\" content=\"Dur\u00e9e de lecture estim\u00e9e\" \/>\n\t<meta name=\"twitter:data1\" content=\"2 minutes\" \/>\n<script type=\"application\/ld+json\" class=\"yoast-schema-graph\">{\"@context\":\"https:\/\/schema.org\",\"@graph\":[{\"@type\":\"WebPage\",\"@id\":\"https:\/\/investmedic-store.com\/?product=4-in-1-4d-hifu-vaginal-vmax-lipo\",\"url\":\"https:\/\/investmedic-store.com\/?product=4-in-1-4d-hifu-vaginal-vmax-lipo\",\"name\":\"4 IN 1 4D HIFU + VAGINAL + VMAX + LIPO - investmedic-store.com\",\"isPartOf\":{\"@id\":\"https:\/\/investmedic-store.com\/#website\"},\"datePublished\":\"2023-08-29T19:50:37+00:00\",\"dateModified\":\"2023-08-29T19:50:40+00:00\",\"breadcrumb\":{\"@id\":\"https:\/\/investmedic-store.com\/?product=4-in-1-4d-hifu-vaginal-vmax-lipo#breadcrumb\"},\"inLanguage\":\"fr-FR\",\"potentialAction\":[{\"@type\":\"ReadAction\",\"target\":[\"https:\/\/investmedic-store.com\/?product=4-in-1-4d-hifu-vaginal-vmax-lipo\"]}]},{\"@type\":\"BreadcrumbList\",\"@id\":\"https:\/\/investmedic-store.com\/?product=4-in-1-4d-hifu-vaginal-vmax-lipo#breadcrumb\",\"itemListElement\":[{\"@type\":\"ListItem\",\"position\":1,\"name\":\"Accueil\",\"item\":\"https:\/\/investmedic-store.com\/\"},{\"@type\":\"ListItem\",\"position\":2,\"name\":\"Shop\",\"item\":\"https:\/\/investmedic-store.com\/?page_id=5\"},{\"@type\":\"ListItem\",\"position\":3,\"name\":\"4 IN 1 4D HIFU + VAGINAL + VMAX + LIPO\"}]},{\"@type\":\"WebSite\",\"@id\":\"https:\/\/investmedic-store.com\/#website\",\"url\":\"https:\/\/investmedic-store.com\/\",\"name\":\"invest medic store\",\"description\":\"Importation &amp; Distribution Du Materiels Medico-Chirurgicales - \u0627\u0633\u062a\u064a\u0631\u0627\u062f \u0648\u062a\u0648\u0632\u064a\u0639 \u0627\u0644\u0645\u0648\u0627\u062f \u0627\u0644\u0637\u0628\u064a\u0629 \u0627\u0644\u062c\u0631\u0627\u062d\u064a\u0629\",\"publisher\":{\"@id\":\"https:\/\/investmedic-store.com\/#organization\"},\"alternateName\":\"investmedic store\",\"potentialAction\":[{\"@type\":\"SearchAction\",\"target\":{\"@type\":\"EntryPoint\",\"urlTemplate\":\"https:\/\/investmedic-store.com\/?s={search_term_string}\"},\"query-input\":\"required name=search_term_string\"}],\"inLanguage\":\"fr-FR\"},{\"@type\":\"Organization\",\"@id\":\"https:\/\/investmedic-store.com\/#organization\",\"name\":\"invest.medic store\",\"alternateName\":\"investmedic store\",\"url\":\"https:\/\/investmedic-store.com\/\",\"logo\":{\"@type\":\"ImageObject\",\"inLanguage\":\"fr-FR\",\"@id\":\"https:\/\/investmedic-store.com\/#\/schema\/logo\/image\/\",\"url\":\"https:\/\/investmedic-store.com\/wp-content\/uploads\/2023\/07\/cropped-LOGO_INVEST-transformed-removebg-preview-transformed-1-e1690120839263.png\",\"contentUrl\":\"https:\/\/investmedic-store.com\/wp-content\/uploads\/2023\/07\/cropped-LOGO_INVEST-transformed-removebg-preview-transformed-1-e1690120839263.png\",\"width\":512,\"height\":512,\"caption\":\"invest.medic store\"},\"image\":{\"@id\":\"https:\/\/investmedic-store.com\/#\/schema\/logo\/image\/\"},\"sameAs\":[\"https:\/\/www.facebook.com\/invest.medic\"]}]}<\/script>\n<!-- \/ Yoast SEO plugin. -->","yoast_head_json":{"title":"4 IN 1 4D HIFU + VAGINAL + VMAX + LIPO - investmedic-store.com","robots":{"index":"index","follow":"follow","max-snippet":"max-snippet:-1","max-image-preview":"max-image-preview:large","max-video-preview":"max-video-preview:-1"},"canonical":"https:\/\/investmedic-store.com\/?product=4-in-1-4d-hifu-vaginal-vmax-lipo","og_locale":"fr_FR","og_type":"article","og_title":"4 IN 1 4D HIFU + VAGINAL + VMAX + LIPO - investmedic-store.com","og_description":"Description de Produi Caract\u00e9ristique de produit Applicable pour tous les types de peau et tous les tons, environ 20 \u00e0 25 minutes de dur\u00e9e sans temps d&#8217;arr\u00eat, sans pr\u00e9-traitement requis.quick et r\u00e9sultats durables. Visage mince, retirer le double menton, se rider, aller dans les sacs pour les yeux, faire raffermir, ascenseur de poitrine, perdre du &hellip; 4 IN 1 4D HIFU + VAGINAL + VMAX + LIPORead More","og_url":"https:\/\/investmedic-store.com\/?product=4-in-1-4d-hifu-vaginal-vmax-lipo","og_site_name":"investmedic-store.com","article_publisher":"https:\/\/www.facebook.com\/invest.medic","article_modified_time":"2023-08-29T19:50:40+00:00","og_image":[{"width":800,"height":800,"url":"http:\/\/investmedic-store.com\/wp-content\/uploads\/2023\/08\/new-arrival-2020-4d-hifu-smas-vmax-hifu-vaginal.jpg","type":"image\/jpeg"}],"twitter_card":"summary_large_image","twitter_misc":{"Dur\u00e9e de lecture estim\u00e9e":"2 minutes"},"schema":{"@context":"https:\/\/schema.org","@graph":[{"@type":"WebPage","@id":"https:\/\/investmedic-store.com\/?product=4-in-1-4d-hifu-vaginal-vmax-lipo","url":"https:\/\/investmedic-store.com\/?product=4-in-1-4d-hifu-vaginal-vmax-lipo","name":"4 IN 1 4D HIFU + VAGINAL + VMAX + LIPO - investmedic-store.com","isPartOf":{"@id":"https:\/\/investmedic-store.com\/#website"},"datePublished":"2023-08-29T19:50:37+00:00","dateModified":"2023-08-29T19:50:40+00:00","breadcrumb":{"@id":"https:\/\/investmedic-store.com\/?product=4-in-1-4d-hifu-vaginal-vmax-lipo#breadcrumb"},"inLanguage":"fr-FR","potentialAction":[{"@type":"ReadAction","target":["https:\/\/investmedic-store.com\/?product=4-in-1-4d-hifu-vaginal-vmax-lipo"]}]},{"@type":"BreadcrumbList","@id":"https:\/\/investmedic-store.com\/?product=4-in-1-4d-hifu-vaginal-vmax-lipo#breadcrumb","itemListElement":[{"@type":"ListItem","position":1,"name":"Accueil","item":"https:\/\/investmedic-store.com\/"},{"@type":"ListItem","position":2,"name":"Shop","item":"https:\/\/investmedic-store.com\/?page_id=5"},{"@type":"ListItem","position":3,"name":"4 IN 1 4D HIFU + VAGINAL + VMAX + LIPO"}]},{"@type":"WebSite","@id":"https:\/\/investmedic-store.com\/#website","url":"https:\/\/investmedic-store.com\/","name":"invest medic store","description":"Importation &amp; Distribution Du Materiels Medico-Chirurgicales - \u0627\u0633\u062a\u064a\u0631\u0627\u062f \u0648\u062a\u0648\u0632\u064a\u0639 \u0627\u0644\u0645\u0648\u0627\u062f \u0627\u0644\u0637\u0628\u064a\u0629 \u0627\u0644\u062c\u0631\u0627\u062d\u064a\u0629","publisher":{"@id":"https:\/\/investmedic-store.com\/#organization"},"alternateName":"investmedic store","potentialAction":[{"@type":"SearchAction","target":{"@type":"EntryPoint","urlTemplate":"https:\/\/investmedic-store.com\/?s={search_term_string}"},"query-input":"required name=search_term_string"}],"inLanguage":"fr-FR"},{"@type":"Organization","@id":"https:\/\/investmedic-store.com\/#organization","name":"invest.medic store","alternateName":"investmedic store","url":"https:\/\/investmedic-store.com\/","logo":{"@type":"ImageObject","inLanguage":"fr-FR","@id":"https:\/\/investmedic-store.com\/#\/schema\/logo\/image\/","url":"https:\/\/investmedic-store.com\/wp-content\/uploads\/2023\/07\/cropped-LOGO_INVEST-transformed-removebg-preview-transformed-1-e1690120839263.png","contentUrl":"https:\/\/investmedic-store.com\/wp-content\/uploads\/2023\/07\/cropped-LOGO_INVEST-transformed-removebg-preview-transformed-1-e1690120839263.png","width":512,"height":512,"caption":"invest.medic store"},"image":{"@id":"https:\/\/investmedic-store.com\/#\/schema\/logo\/image\/"},"sameAs":["https:\/\/www.facebook.com\/invest.medic"]}]}},"_links":{"self":[{"href":"https:\/\/investmedic-store.com\/index.php?rest_route=\/wp\/v2\/product\/1964"}],"collection":[{"href":"https:\/\/investmedic-store.com\/index.php?rest_route=\/wp\/v2\/product"}],"about":[{"href":"https:\/\/investmedic-store.com\/index.php?rest_route=\/wp\/v2\/types\/product"}],"replies":[{"embeddable":true,"href":"https:\/\/investmedic-store.com\/index.php?rest_route=%2Fwp%2Fv2%2Fcomments&post=1964"}],"wp:featuredmedia":[{"embeddable":true,"href":"https:\/\/investmedic-store.com\/index.php?rest_route=\/wp\/v2\/media\/1965"}],"wp:attachment":[{"href":"https:\/\/investmedic-store.com\/index.php?rest_route=%2Fwp%2Fv2%2Fmedia&parent=1964"}],"wp:term":[{"taxonomy":"product_cat","embeddable":true,"href":"https:\/\/investmedic-store.com\/index.php?rest_route=%2Fwp%2Fv2%2Fproduct_cat&post=1964"},{"taxonomy":"product_tag","embeddable":true,"href":"https:\/\/investmedic-store.com\/index.php?rest_route=%2Fwp%2Fv2%2Fproduct_tag&post=1964"}],"curies":[{"name":"wp","href":"https:\/\/api.w.org\/{rel}","templated":true}]}}