{"id":1957,"date":"2023-08-29T18:21:13","date_gmt":"2023-08-29T17:21:13","guid":{"rendered":"https:\/\/investmedic-store.com\/?post_type=product&#038;p=1957"},"modified":"2023-08-29T18:21:14","modified_gmt":"2023-08-29T17:21:14","slug":"hient-slimming-machine-4-handles","status":"publish","type":"product","link":"https:\/\/investmedic-store.com\/?product=hient-slimming-machine-4-handles","title":{"rendered":"HIENT SLIMMING MACHINE 4 HANDLES"},"content":{"rendered":"<p>Les effets de l\u2019HIEMT\u00a0:<\/p>\n<p>1. La recherche m\u00e9dicale montre qu&#8217;apr\u00e8s un traitement, il peut effectivement augmenter de 16 % les muscles et r\u00e9duire de 19 % les graisses en m\u00eame temps.<\/p>\n<p>2. Exercer les muscles abdominaux, fa\u00e7onner la ligne du gilet\/exercer les muscles de la hanche, cr\u00e9er les hanches p\u00eache\/exercer les muscles obliques abdominaux et fa\u00e7onner la ligne de sir\u00e8ne.<\/p>\n<p>3. Am\u00e9liorer les muscles abdominaux qui se rel\u00e2chent en raison du droit de l&#8217;abdomen et fa\u00e7onner la ligne du gilet. Il convient particuli\u00e8rement aux m\u00e8res qui ont une circonf\u00e9rence abdominale accrue et un ventre l\u00e2che en raison de la s\u00e9paration du droit de l&#8217;abdomen apr\u00e8s l&#8217;accouchement.<\/p>\n<p>4. Pour activer la r\u00e9g\u00e9n\u00e9ration du collag\u00e8ne des tissus musculaires du plancher pelvien inf\u00e9rieur, resserrer les muscles du plancher pelvien desserr\u00e9s, r\u00e9soudre le probl\u00e8me de l&#8217;infiltration urinaire et de l&#8217;incontinence et obtenir indirectement l&#8217;effet de resserrement vaginal.<\/p>\n<p>5. L&#8217;exercice renforce les muscles centraux, y compris les abdominaux du noyau majeur (droit de l&#8217;abdomen, oblique externe, oblique interne, abdominis transversal) et le grand fessier du noyau mineur. Les groupes musculaires centraux peuvent prot\u00e9ger la colonne vert\u00e9brale, maintenir la stabilit\u00e9 du tronc, maintenir Corriger la posture, am\u00e9liorer la capacit\u00e9 athl\u00e9tique et r\u00e9duire les risques de blessures, fournir un soutien structurel \u00e0 tout le corps et cr\u00e9er un corps jeune.<\/p>\n<p>Avantage des caract\u00e9ristiques de la machine HIEMT\u00a0:<\/p>\n<p>1. Tout nouveau syst\u00e8me mat\u00e9riel de refroidissement par air, travail continu sans panne.<\/p>\n<p>2. La t\u00eate de travail (poign\u00e9e) a une dur\u00e9e de vie de plus de 6 000 heures et toutes les t\u00eates de travail sont con\u00e7ues avec un refroidissement par air enfichable.<\/p>\n<p>3. Syst\u00e8me de contr\u00f4le de recharge statique brevet\u00e9 V2.0, fonction de carte IC originale, instrument de location, paiement \u00e9chelonn\u00e9, fonctionnement coop\u00e9ratif, utilisation du code d&#8217;achat d&#8217;adh\u00e9sion, etc.<\/p>\n<p>4. T\u00eate de travail assise en option\u00a0: entra\u00eenement du plancher pelvien, r\u00e9cup\u00e9ration post-partum, intimit\u00e9 reproductive. (op\u00e9rationnel)<\/p>\n<p>5. configuration standard avec 2 t\u00eates de travail abdominales et 2 t\u00eates de travail des mollets.<\/p>\n<p>6. La machine peut mettre \u00e0 niveau le dernier logiciel via le port USB pour am\u00e9liorer rapidement les performances de la machine.<\/p>\n<p>7. Plus de 30 langues d&#8217;interface peuvent \u00eatre ajout\u00e9es selon les besoins.<\/p>\n<p>8. Fr\u00e9quence de travail de sortie 1-120 Hz.<\/p>\n<p>Tension de fonctionnement large adaptative de 9.100-230 V, pas besoin de commander avant de quitter l&#8217;usine.<\/p>\n<p>10. La machine peut fonctionner avec des poign\u00e9es simples ou doubles, une surveillance dynamique de la temp\u00e9rature, une surveillance de la dur\u00e9e de vie et une auto-v\u00e9rification des d\u00e9fauts<\/p>\n","protected":false},"excerpt":{"rendered":"<p>Machine de sculpture corporelle hiemt pro max \u00e0 4 poign\u00e9es EMS10<\/p>\n<p>La toute derni\u00e8re machine HIEMT PRO Max, la machine standard, prend 4 poign\u00e9es : 2 pi\u00e8ces pour les traitements du corps, 2 pi\u00e8ces pour les traitements des bras ou des jambes. 4 poign\u00e9es peuvent fonctionner en m\u00eame temps, ou 2 poign\u00e9es peuvent fonctionner en m\u00eame temps, ou 1 poign\u00e9e peut fonctionner en m\u00eame temps. Le coussin de si\u00e8ge est s\u00e9lectionn\u00e9 pour acheter<\/p>\n","protected":false},"featured_media":1958,"comment_status":"open","ping_status":"closed","template":"","meta":{"om_disable_all_campaigns":false,"_joinchat":[]},"product_cat":[15,165],"product_tag":[],"yoast_head":"<!-- This site is optimized with the Yoast SEO plugin v20.12 - https:\/\/yoast.com\/wordpress\/plugins\/seo\/ -->\n<title>HIENT SLIMMING MACHINE 4 HANDLES - investmedic-store.com<\/title>\n<meta name=\"robots\" content=\"index, follow, max-snippet:-1, max-image-preview:large, max-video-preview:-1\" \/>\n<link rel=\"canonical\" href=\"https:\/\/investmedic-store.com\/?product=hient-slimming-machine-4-handles\" \/>\n<meta property=\"og:locale\" content=\"fr_FR\" \/>\n<meta property=\"og:type\" content=\"article\" \/>\n<meta property=\"og:title\" content=\"HIENT SLIMMING MACHINE 4 HANDLES - investmedic-store.com\" \/>\n<meta property=\"og:description\" content=\"Machine de sculpture corporelle hiemt pro max \u00e0 4 poign\u00e9es EMS10  La toute derni\u00e8re machine HIEMT PRO Max, la machine standard, prend 4 poign\u00e9es : 2 pi\u00e8ces pour les traitements du corps, 2 pi\u00e8ces pour les traitements des bras ou des jambes. 4 poign\u00e9es peuvent fonctionner en m\u00eame temps, ou 2 poign\u00e9es peuvent fonctionner en m\u00eame temps, ou 1 poign\u00e9e peut fonctionner en m\u00eame temps. Le coussin de si\u00e8ge est s\u00e9lectionn\u00e9 pour acheter\" \/>\n<meta property=\"og:url\" content=\"https:\/\/investmedic-store.com\/?product=hient-slimming-machine-4-handles\" \/>\n<meta property=\"og:site_name\" content=\"investmedic-store.com\" \/>\n<meta property=\"article:publisher\" content=\"https:\/\/www.facebook.com\/invest.medic\" \/>\n<meta property=\"article:modified_time\" content=\"2023-08-29T17:21:14+00:00\" \/>\n<meta property=\"og:image\" content=\"http:\/\/investmedic-store.com\/wp-content\/uploads\/2023\/08\/hiemt-hifem.jpg\" \/>\n\t<meta property=\"og:image:width\" content=\"800\" \/>\n\t<meta property=\"og:image:height\" content=\"800\" \/>\n\t<meta property=\"og:image:type\" content=\"image\/jpeg\" \/>\n<meta name=\"twitter:card\" content=\"summary_large_image\" \/>\n<meta name=\"twitter:label1\" content=\"Dur\u00e9e de lecture estim\u00e9e\" \/>\n\t<meta name=\"twitter:data1\" content=\"3 minutes\" \/>\n<script type=\"application\/ld+json\" class=\"yoast-schema-graph\">{\"@context\":\"https:\/\/schema.org\",\"@graph\":[{\"@type\":\"WebPage\",\"@id\":\"https:\/\/investmedic-store.com\/?product=hient-slimming-machine-4-handles\",\"url\":\"https:\/\/investmedic-store.com\/?product=hient-slimming-machine-4-handles\",\"name\":\"HIENT SLIMMING MACHINE 4 HANDLES - investmedic-store.com\",\"isPartOf\":{\"@id\":\"https:\/\/investmedic-store.com\/#website\"},\"datePublished\":\"2023-08-29T17:21:13+00:00\",\"dateModified\":\"2023-08-29T17:21:14+00:00\",\"breadcrumb\":{\"@id\":\"https:\/\/investmedic-store.com\/?product=hient-slimming-machine-4-handles#breadcrumb\"},\"inLanguage\":\"fr-FR\",\"potentialAction\":[{\"@type\":\"ReadAction\",\"target\":[\"https:\/\/investmedic-store.com\/?product=hient-slimming-machine-4-handles\"]}]},{\"@type\":\"BreadcrumbList\",\"@id\":\"https:\/\/investmedic-store.com\/?product=hient-slimming-machine-4-handles#breadcrumb\",\"itemListElement\":[{\"@type\":\"ListItem\",\"position\":1,\"name\":\"Accueil\",\"item\":\"https:\/\/investmedic-store.com\/\"},{\"@type\":\"ListItem\",\"position\":2,\"name\":\"Shop\",\"item\":\"https:\/\/investmedic-store.com\/?page_id=5\"},{\"@type\":\"ListItem\",\"position\":3,\"name\":\"HIENT SLIMMING MACHINE 4 HANDLES\"}]},{\"@type\":\"WebSite\",\"@id\":\"https:\/\/investmedic-store.com\/#website\",\"url\":\"https:\/\/investmedic-store.com\/\",\"name\":\"invest medic store\",\"description\":\"Importation &amp; Distribution Du Materiels Medico-Chirurgicales - \u0627\u0633\u062a\u064a\u0631\u0627\u062f \u0648\u062a\u0648\u0632\u064a\u0639 \u0627\u0644\u0645\u0648\u0627\u062f \u0627\u0644\u0637\u0628\u064a\u0629 \u0627\u0644\u062c\u0631\u0627\u062d\u064a\u0629\",\"publisher\":{\"@id\":\"https:\/\/investmedic-store.com\/#organization\"},\"alternateName\":\"investmedic store\",\"potentialAction\":[{\"@type\":\"SearchAction\",\"target\":{\"@type\":\"EntryPoint\",\"urlTemplate\":\"https:\/\/investmedic-store.com\/?s={search_term_string}\"},\"query-input\":\"required name=search_term_string\"}],\"inLanguage\":\"fr-FR\"},{\"@type\":\"Organization\",\"@id\":\"https:\/\/investmedic-store.com\/#organization\",\"name\":\"invest.medic store\",\"alternateName\":\"investmedic store\",\"url\":\"https:\/\/investmedic-store.com\/\",\"logo\":{\"@type\":\"ImageObject\",\"inLanguage\":\"fr-FR\",\"@id\":\"https:\/\/investmedic-store.com\/#\/schema\/logo\/image\/\",\"url\":\"https:\/\/investmedic-store.com\/wp-content\/uploads\/2023\/07\/cropped-LOGO_INVEST-transformed-removebg-preview-transformed-1-e1690120839263.png\",\"contentUrl\":\"https:\/\/investmedic-store.com\/wp-content\/uploads\/2023\/07\/cropped-LOGO_INVEST-transformed-removebg-preview-transformed-1-e1690120839263.png\",\"width\":512,\"height\":512,\"caption\":\"invest.medic store\"},\"image\":{\"@id\":\"https:\/\/investmedic-store.com\/#\/schema\/logo\/image\/\"},\"sameAs\":[\"https:\/\/www.facebook.com\/invest.medic\"]}]}<\/script>\n<!-- \/ Yoast SEO plugin. -->","yoast_head_json":{"title":"HIENT SLIMMING MACHINE 4 HANDLES - investmedic-store.com","robots":{"index":"index","follow":"follow","max-snippet":"max-snippet:-1","max-image-preview":"max-image-preview:large","max-video-preview":"max-video-preview:-1"},"canonical":"https:\/\/investmedic-store.com\/?product=hient-slimming-machine-4-handles","og_locale":"fr_FR","og_type":"article","og_title":"HIENT SLIMMING MACHINE 4 HANDLES - investmedic-store.com","og_description":"Machine de sculpture corporelle hiemt pro max \u00e0 4 poign\u00e9es EMS10  La toute derni\u00e8re machine HIEMT PRO Max, la machine standard, prend 4 poign\u00e9es : 2 pi\u00e8ces pour les traitements du corps, 2 pi\u00e8ces pour les traitements des bras ou des jambes. 4 poign\u00e9es peuvent fonctionner en m\u00eame temps, ou 2 poign\u00e9es peuvent fonctionner en m\u00eame temps, ou 1 poign\u00e9e peut fonctionner en m\u00eame temps. Le coussin de si\u00e8ge est s\u00e9lectionn\u00e9 pour acheter","og_url":"https:\/\/investmedic-store.com\/?product=hient-slimming-machine-4-handles","og_site_name":"investmedic-store.com","article_publisher":"https:\/\/www.facebook.com\/invest.medic","article_modified_time":"2023-08-29T17:21:14+00:00","og_image":[{"width":800,"height":800,"url":"http:\/\/investmedic-store.com\/wp-content\/uploads\/2023\/08\/hiemt-hifem.jpg","type":"image\/jpeg"}],"twitter_card":"summary_large_image","twitter_misc":{"Dur\u00e9e de lecture estim\u00e9e":"3 minutes"},"schema":{"@context":"https:\/\/schema.org","@graph":[{"@type":"WebPage","@id":"https:\/\/investmedic-store.com\/?product=hient-slimming-machine-4-handles","url":"https:\/\/investmedic-store.com\/?product=hient-slimming-machine-4-handles","name":"HIENT SLIMMING MACHINE 4 HANDLES - investmedic-store.com","isPartOf":{"@id":"https:\/\/investmedic-store.com\/#website"},"datePublished":"2023-08-29T17:21:13+00:00","dateModified":"2023-08-29T17:21:14+00:00","breadcrumb":{"@id":"https:\/\/investmedic-store.com\/?product=hient-slimming-machine-4-handles#breadcrumb"},"inLanguage":"fr-FR","potentialAction":[{"@type":"ReadAction","target":["https:\/\/investmedic-store.com\/?product=hient-slimming-machine-4-handles"]}]},{"@type":"BreadcrumbList","@id":"https:\/\/investmedic-store.com\/?product=hient-slimming-machine-4-handles#breadcrumb","itemListElement":[{"@type":"ListItem","position":1,"name":"Accueil","item":"https:\/\/investmedic-store.com\/"},{"@type":"ListItem","position":2,"name":"Shop","item":"https:\/\/investmedic-store.com\/?page_id=5"},{"@type":"ListItem","position":3,"name":"HIENT SLIMMING MACHINE 4 HANDLES"}]},{"@type":"WebSite","@id":"https:\/\/investmedic-store.com\/#website","url":"https:\/\/investmedic-store.com\/","name":"invest medic store","description":"Importation &amp; Distribution Du Materiels Medico-Chirurgicales - \u0627\u0633\u062a\u064a\u0631\u0627\u062f \u0648\u062a\u0648\u0632\u064a\u0639 \u0627\u0644\u0645\u0648\u0627\u062f \u0627\u0644\u0637\u0628\u064a\u0629 \u0627\u0644\u062c\u0631\u0627\u062d\u064a\u0629","publisher":{"@id":"https:\/\/investmedic-store.com\/#organization"},"alternateName":"investmedic store","potentialAction":[{"@type":"SearchAction","target":{"@type":"EntryPoint","urlTemplate":"https:\/\/investmedic-store.com\/?s={search_term_string}"},"query-input":"required name=search_term_string"}],"inLanguage":"fr-FR"},{"@type":"Organization","@id":"https:\/\/investmedic-store.com\/#organization","name":"invest.medic store","alternateName":"investmedic store","url":"https:\/\/investmedic-store.com\/","logo":{"@type":"ImageObject","inLanguage":"fr-FR","@id":"https:\/\/investmedic-store.com\/#\/schema\/logo\/image\/","url":"https:\/\/investmedic-store.com\/wp-content\/uploads\/2023\/07\/cropped-LOGO_INVEST-transformed-removebg-preview-transformed-1-e1690120839263.png","contentUrl":"https:\/\/investmedic-store.com\/wp-content\/uploads\/2023\/07\/cropped-LOGO_INVEST-transformed-removebg-preview-transformed-1-e1690120839263.png","width":512,"height":512,"caption":"invest.medic store"},"image":{"@id":"https:\/\/investmedic-store.com\/#\/schema\/logo\/image\/"},"sameAs":["https:\/\/www.facebook.com\/invest.medic"]}]}},"_links":{"self":[{"href":"https:\/\/investmedic-store.com\/index.php?rest_route=\/wp\/v2\/product\/1957"}],"collection":[{"href":"https:\/\/investmedic-store.com\/index.php?rest_route=\/wp\/v2\/product"}],"about":[{"href":"https:\/\/investmedic-store.com\/index.php?rest_route=\/wp\/v2\/types\/product"}],"replies":[{"embeddable":true,"href":"https:\/\/investmedic-store.com\/index.php?rest_route=%2Fwp%2Fv2%2Fcomments&post=1957"}],"wp:featuredmedia":[{"embeddable":true,"href":"https:\/\/investmedic-store.com\/index.php?rest_route=\/wp\/v2\/media\/1958"}],"wp:attachment":[{"href":"https:\/\/investmedic-store.com\/index.php?rest_route=%2Fwp%2Fv2%2Fmedia&parent=1957"}],"wp:term":[{"taxonomy":"product_cat","embeddable":true,"href":"https:\/\/investmedic-store.com\/index.php?rest_route=%2Fwp%2Fv2%2Fproduct_cat&post=1957"},{"taxonomy":"product_tag","embeddable":true,"href":"https:\/\/investmedic-store.com\/index.php?rest_route=%2Fwp%2Fv2%2Fproduct_tag&post=1957"}],"curies":[{"name":"wp","href":"https:\/\/api.w.org\/{rel}","templated":true}]}}