{"id":1955,"date":"2023-08-28T23:09:32","date_gmt":"2023-08-28T22:09:32","guid":{"rendered":"https:\/\/investmedic-store.com\/?post_type=product&#038;p=1955"},"modified":"2023-08-28T23:09:32","modified_gmt":"2023-08-28T22:09:32","slug":"ln-615-air-pressure-massage","status":"publish","type":"product","link":"https:\/\/investmedic-store.com\/?product=ln-615-air-pressure-massage","title":{"rendered":"LN-615 AIR PRESSURE MASSAGE"},"content":{"rendered":"<p><strong>Pr\u00e9sentation du produit<\/strong><br \/>\n<strong>Le drainage lymphatique<\/strong>\u00a0est une m\u00e9thode moderne de massage efficace qui favorise la circulation naturelle de la lymphe \u00e0 travers le corps et contribue \u00e0 cr\u00e9er et maintenir un \u00e9quilibre entre le d\u00e9bit sanguin et le syst\u00e8me lymphatique.<\/p>\n<p><b>Quelle est la pressoth\u00e9rapie?<\/b><br \/>\nPressoth\u00e9rapie\u00a0 Est un relaxant et tonifiant du syst\u00e8me de traitement de compression, con\u00e7u pour aider \u00e0 gagner la bataille contre la cellulite et le vieillissement du corps. Il se compose d&#8217;une pompe qui alimente en air des v\u00eatements port\u00e9s sur les domaines de l&#8217;organisme \u00e0 \u00eatre trait\u00e9s. Le comble de la pompe \u00e0 air des cellules dans les v\u00eatements dans une s\u00e9quence sp\u00e9ciale, en alternant des vagues de la compression avec de br\u00e8ves p\u00e9riodes de pause et remplissage. Un Etat de l&#8217;art syst\u00e8me de massage drainage lymphatique en fournissant aux clients avec des r\u00e9sultats spectaculaires dans un court laps de temps.<\/p>\n<p><strong>Les applications<\/strong><br \/>\n<strong>La chirurgie plastique\u00a0\u00a0<\/strong>&#8211; pr\u00e9\/post la liposuccion (oed\u00e8me, de r\u00e9duction de la r\u00e9cup\u00e9ration)<br \/>\n<strong>Salons de beaut\u00e9 esth\u00e9tique<\/strong>\u00a0 &#8211; traitements de la cellulite, de traitement d&#8217;appoint pour le rouleau vide (massage Vacuomobilization).<br \/>\n<strong>Spa\/utilisation d&#8217;accueil<\/strong>\u00a0 &#8211; Les traitements de la cellulite, massage et de relaxation.<br \/>\nStimule les cha\u00eenes de collag\u00e8ne dans les niveaux plus profonds de l&#8217;skinincreases flowsupports lymphatique le m\u00e9tabolisme de la peau cellulitereduces cellslowers les effets de la volume de masser elasticityhelps partsincreases la peau d&#8217;augmenter les effets de la cavitation et treatmentshelps RF pour r\u00e9duire le poids si utilis\u00e9es p\u00e9riodiquement<\/p>\n","protected":false},"excerpt":{"rendered":"<p>Pr\u00e9sentation du produit Le drainage lymphatique\u00a0est une m\u00e9thode moderne de massage efficace qui favorise la circulation naturelle de la lymphe \u00e0 travers le corps et contribue \u00e0 cr\u00e9er et maintenir un \u00e9quilibre entre le d\u00e9bit sanguin et le syst\u00e8me lymphatique. Quelle est la pressoth\u00e9rapie? Pressoth\u00e9rapie\u00a0 Est un relaxant et tonifiant du syst\u00e8me de traitement de &hellip;<\/p>\n<p class=\"read-more\"> <a class=\" thunk-readmore button \" href=\"https:\/\/investmedic-store.com\/?product=ln-615-air-pressure-massage\"> <span class=\"screen-reader-text\">LN-615 AIR PRESSURE MASSAGE<\/span>Read More<\/a><\/p>\n","protected":false},"featured_media":1956,"comment_status":"open","ping_status":"closed","template":"","meta":{"om_disable_all_campaigns":false,"_joinchat":[]},"product_cat":[15,165],"product_tag":[],"yoast_head":"<!-- This site is optimized with the Yoast SEO plugin v20.12 - https:\/\/yoast.com\/wordpress\/plugins\/seo\/ -->\n<title>LN-615 AIR PRESSURE MASSAGE - investmedic-store.com<\/title>\n<meta name=\"robots\" content=\"index, follow, max-snippet:-1, max-image-preview:large, max-video-preview:-1\" \/>\n<link rel=\"canonical\" href=\"https:\/\/investmedic-store.com\/?product=ln-615-air-pressure-massage\" \/>\n<meta property=\"og:locale\" content=\"fr_FR\" \/>\n<meta property=\"og:type\" content=\"article\" \/>\n<meta property=\"og:title\" content=\"LN-615 AIR PRESSURE MASSAGE - investmedic-store.com\" \/>\n<meta property=\"og:description\" content=\"Pr\u00e9sentation du produit Le drainage lymphatique\u00a0est une m\u00e9thode moderne de massage efficace qui favorise la circulation naturelle de la lymphe \u00e0 travers le corps et contribue \u00e0 cr\u00e9er et maintenir un \u00e9quilibre entre le d\u00e9bit sanguin et le syst\u00e8me lymphatique. Quelle est la pressoth\u00e9rapie? Pressoth\u00e9rapie\u00a0 Est un relaxant et tonifiant du syst\u00e8me de traitement de &hellip; LN-615 AIR PRESSURE MASSAGERead More\" \/>\n<meta property=\"og:url\" content=\"https:\/\/investmedic-store.com\/?product=ln-615-air-pressure-massage\" \/>\n<meta property=\"og:site_name\" content=\"investmedic-store.com\" \/>\n<meta property=\"article:publisher\" content=\"https:\/\/www.facebook.com\/invest.medic\" \/>\n<meta property=\"og:image\" content=\"http:\/\/investmedic-store.com\/wp-content\/uploads\/2023\/08\/OIP-3.jpg\" \/>\n\t<meta property=\"og:image:width\" content=\"474\" \/>\n\t<meta property=\"og:image:height\" content=\"474\" \/>\n\t<meta property=\"og:image:type\" content=\"image\/jpeg\" \/>\n<meta name=\"twitter:card\" content=\"summary_large_image\" \/>\n<meta name=\"twitter:label1\" content=\"Dur\u00e9e de lecture estim\u00e9e\" \/>\n\t<meta name=\"twitter:data1\" content=\"2 minutes\" \/>\n<script type=\"application\/ld+json\" class=\"yoast-schema-graph\">{\"@context\":\"https:\/\/schema.org\",\"@graph\":[{\"@type\":\"WebPage\",\"@id\":\"https:\/\/investmedic-store.com\/?product=ln-615-air-pressure-massage\",\"url\":\"https:\/\/investmedic-store.com\/?product=ln-615-air-pressure-massage\",\"name\":\"LN-615 AIR PRESSURE MASSAGE - investmedic-store.com\",\"isPartOf\":{\"@id\":\"https:\/\/investmedic-store.com\/#website\"},\"datePublished\":\"2023-08-28T22:09:32+00:00\",\"dateModified\":\"2023-08-28T22:09:32+00:00\",\"breadcrumb\":{\"@id\":\"https:\/\/investmedic-store.com\/?product=ln-615-air-pressure-massage#breadcrumb\"},\"inLanguage\":\"fr-FR\",\"potentialAction\":[{\"@type\":\"ReadAction\",\"target\":[\"https:\/\/investmedic-store.com\/?product=ln-615-air-pressure-massage\"]}]},{\"@type\":\"BreadcrumbList\",\"@id\":\"https:\/\/investmedic-store.com\/?product=ln-615-air-pressure-massage#breadcrumb\",\"itemListElement\":[{\"@type\":\"ListItem\",\"position\":1,\"name\":\"Accueil\",\"item\":\"https:\/\/investmedic-store.com\/\"},{\"@type\":\"ListItem\",\"position\":2,\"name\":\"Shop\",\"item\":\"https:\/\/investmedic-store.com\/?page_id=5\"},{\"@type\":\"ListItem\",\"position\":3,\"name\":\"LN-615 AIR PRESSURE MASSAGE\"}]},{\"@type\":\"WebSite\",\"@id\":\"https:\/\/investmedic-store.com\/#website\",\"url\":\"https:\/\/investmedic-store.com\/\",\"name\":\"invest medic store\",\"description\":\"Importation &amp; Distribution Du Materiels Medico-Chirurgicales - \u0627\u0633\u062a\u064a\u0631\u0627\u062f \u0648\u062a\u0648\u0632\u064a\u0639 \u0627\u0644\u0645\u0648\u0627\u062f \u0627\u0644\u0637\u0628\u064a\u0629 \u0627\u0644\u062c\u0631\u0627\u062d\u064a\u0629\",\"publisher\":{\"@id\":\"https:\/\/investmedic-store.com\/#organization\"},\"alternateName\":\"investmedic store\",\"potentialAction\":[{\"@type\":\"SearchAction\",\"target\":{\"@type\":\"EntryPoint\",\"urlTemplate\":\"https:\/\/investmedic-store.com\/?s={search_term_string}\"},\"query-input\":\"required name=search_term_string\"}],\"inLanguage\":\"fr-FR\"},{\"@type\":\"Organization\",\"@id\":\"https:\/\/investmedic-store.com\/#organization\",\"name\":\"invest.medic store\",\"alternateName\":\"investmedic store\",\"url\":\"https:\/\/investmedic-store.com\/\",\"logo\":{\"@type\":\"ImageObject\",\"inLanguage\":\"fr-FR\",\"@id\":\"https:\/\/investmedic-store.com\/#\/schema\/logo\/image\/\",\"url\":\"https:\/\/investmedic-store.com\/wp-content\/uploads\/2023\/07\/cropped-LOGO_INVEST-transformed-removebg-preview-transformed-1-e1690120839263.png\",\"contentUrl\":\"https:\/\/investmedic-store.com\/wp-content\/uploads\/2023\/07\/cropped-LOGO_INVEST-transformed-removebg-preview-transformed-1-e1690120839263.png\",\"width\":512,\"height\":512,\"caption\":\"invest.medic store\"},\"image\":{\"@id\":\"https:\/\/investmedic-store.com\/#\/schema\/logo\/image\/\"},\"sameAs\":[\"https:\/\/www.facebook.com\/invest.medic\"]}]}<\/script>\n<!-- \/ Yoast SEO plugin. -->","yoast_head_json":{"title":"LN-615 AIR PRESSURE MASSAGE - investmedic-store.com","robots":{"index":"index","follow":"follow","max-snippet":"max-snippet:-1","max-image-preview":"max-image-preview:large","max-video-preview":"max-video-preview:-1"},"canonical":"https:\/\/investmedic-store.com\/?product=ln-615-air-pressure-massage","og_locale":"fr_FR","og_type":"article","og_title":"LN-615 AIR PRESSURE MASSAGE - investmedic-store.com","og_description":"Pr\u00e9sentation du produit Le drainage lymphatique\u00a0est une m\u00e9thode moderne de massage efficace qui favorise la circulation naturelle de la lymphe \u00e0 travers le corps et contribue \u00e0 cr\u00e9er et maintenir un \u00e9quilibre entre le d\u00e9bit sanguin et le syst\u00e8me lymphatique. Quelle est la pressoth\u00e9rapie? Pressoth\u00e9rapie\u00a0 Est un relaxant et tonifiant du syst\u00e8me de traitement de &hellip; LN-615 AIR PRESSURE MASSAGERead More","og_url":"https:\/\/investmedic-store.com\/?product=ln-615-air-pressure-massage","og_site_name":"investmedic-store.com","article_publisher":"https:\/\/www.facebook.com\/invest.medic","og_image":[{"width":474,"height":474,"url":"http:\/\/investmedic-store.com\/wp-content\/uploads\/2023\/08\/OIP-3.jpg","type":"image\/jpeg"}],"twitter_card":"summary_large_image","twitter_misc":{"Dur\u00e9e de lecture estim\u00e9e":"2 minutes"},"schema":{"@context":"https:\/\/schema.org","@graph":[{"@type":"WebPage","@id":"https:\/\/investmedic-store.com\/?product=ln-615-air-pressure-massage","url":"https:\/\/investmedic-store.com\/?product=ln-615-air-pressure-massage","name":"LN-615 AIR PRESSURE MASSAGE - investmedic-store.com","isPartOf":{"@id":"https:\/\/investmedic-store.com\/#website"},"datePublished":"2023-08-28T22:09:32+00:00","dateModified":"2023-08-28T22:09:32+00:00","breadcrumb":{"@id":"https:\/\/investmedic-store.com\/?product=ln-615-air-pressure-massage#breadcrumb"},"inLanguage":"fr-FR","potentialAction":[{"@type":"ReadAction","target":["https:\/\/investmedic-store.com\/?product=ln-615-air-pressure-massage"]}]},{"@type":"BreadcrumbList","@id":"https:\/\/investmedic-store.com\/?product=ln-615-air-pressure-massage#breadcrumb","itemListElement":[{"@type":"ListItem","position":1,"name":"Accueil","item":"https:\/\/investmedic-store.com\/"},{"@type":"ListItem","position":2,"name":"Shop","item":"https:\/\/investmedic-store.com\/?page_id=5"},{"@type":"ListItem","position":3,"name":"LN-615 AIR PRESSURE MASSAGE"}]},{"@type":"WebSite","@id":"https:\/\/investmedic-store.com\/#website","url":"https:\/\/investmedic-store.com\/","name":"invest medic store","description":"Importation &amp; Distribution Du Materiels Medico-Chirurgicales - \u0627\u0633\u062a\u064a\u0631\u0627\u062f \u0648\u062a\u0648\u0632\u064a\u0639 \u0627\u0644\u0645\u0648\u0627\u062f \u0627\u0644\u0637\u0628\u064a\u0629 \u0627\u0644\u062c\u0631\u0627\u062d\u064a\u0629","publisher":{"@id":"https:\/\/investmedic-store.com\/#organization"},"alternateName":"investmedic store","potentialAction":[{"@type":"SearchAction","target":{"@type":"EntryPoint","urlTemplate":"https:\/\/investmedic-store.com\/?s={search_term_string}"},"query-input":"required name=search_term_string"}],"inLanguage":"fr-FR"},{"@type":"Organization","@id":"https:\/\/investmedic-store.com\/#organization","name":"invest.medic store","alternateName":"investmedic store","url":"https:\/\/investmedic-store.com\/","logo":{"@type":"ImageObject","inLanguage":"fr-FR","@id":"https:\/\/investmedic-store.com\/#\/schema\/logo\/image\/","url":"https:\/\/investmedic-store.com\/wp-content\/uploads\/2023\/07\/cropped-LOGO_INVEST-transformed-removebg-preview-transformed-1-e1690120839263.png","contentUrl":"https:\/\/investmedic-store.com\/wp-content\/uploads\/2023\/07\/cropped-LOGO_INVEST-transformed-removebg-preview-transformed-1-e1690120839263.png","width":512,"height":512,"caption":"invest.medic store"},"image":{"@id":"https:\/\/investmedic-store.com\/#\/schema\/logo\/image\/"},"sameAs":["https:\/\/www.facebook.com\/invest.medic"]}]}},"_links":{"self":[{"href":"https:\/\/investmedic-store.com\/index.php?rest_route=\/wp\/v2\/product\/1955"}],"collection":[{"href":"https:\/\/investmedic-store.com\/index.php?rest_route=\/wp\/v2\/product"}],"about":[{"href":"https:\/\/investmedic-store.com\/index.php?rest_route=\/wp\/v2\/types\/product"}],"replies":[{"embeddable":true,"href":"https:\/\/investmedic-store.com\/index.php?rest_route=%2Fwp%2Fv2%2Fcomments&post=1955"}],"wp:featuredmedia":[{"embeddable":true,"href":"https:\/\/investmedic-store.com\/index.php?rest_route=\/wp\/v2\/media\/1956"}],"wp:attachment":[{"href":"https:\/\/investmedic-store.com\/index.php?rest_route=%2Fwp%2Fv2%2Fmedia&parent=1955"}],"wp:term":[{"taxonomy":"product_cat","embeddable":true,"href":"https:\/\/investmedic-store.com\/index.php?rest_route=%2Fwp%2Fv2%2Fproduct_cat&post=1955"},{"taxonomy":"product_tag","embeddable":true,"href":"https:\/\/investmedic-store.com\/index.php?rest_route=%2Fwp%2Fv2%2Fproduct_tag&post=1955"}],"curies":[{"name":"wp","href":"https:\/\/api.w.org\/{rel}","templated":true}]}}