{"id":1948,"date":"2023-08-28T21:54:42","date_gmt":"2023-08-28T20:54:42","guid":{"rendered":"https:\/\/investmedic-store.com\/?post_type=product&#038;p=1948"},"modified":"2023-08-28T21:54:42","modified_gmt":"2023-08-28T20:54:42","slug":"diode-laser-hair-regrowth-machine","status":"publish","type":"product","link":"https:\/\/investmedic-store.com\/?product=diode-laser-hair-regrowth-machine","title":{"rendered":"DIODE LASER HAIR REGROWTH MACHINE"},"content":{"rendered":"<p>Principe Diode Laser:<\/p>\n<p>(\u00e9galement appel\u00e9 laser \u00e0 bas niveau) peut p\u00e9n\u00e9trer la surface de la peau sans effet de chauffage, aucun d\u00e9g\u00e2t \u00e0 la peau et aucun effet secondaire n\u00e9gatif connu pour acc\u00e9l\u00e9rer la croissance des cheveux et \u00e9paississement des cheveux dans les zones trait\u00e9es. Le laser visible et monochromatique dans la gamme MID-600NM comprend une augmentation temporaire du flux sanguin de la peau avec des expositions radiantes comprenant entre 0,12 et 0,36 J\/cm2. Cette augmentation du flux sanguin est cruciale pour promouvoir un follicule pileux en bonne sant\u00e9. Il apporte les \u00e9l\u00e9ments nutritifs importants dans le follicule, comme l&#8217;ATP, tout en \u00e9liminant les d\u00e9chets nocifs tels que la DHT. ATPactivit\u00e9 augmente le m\u00e9tabolisme cellulaire et l&#8217;activit\u00e9 cellulaire. Le follicule pileux a maintenant les blocs de construction et l&#8217;\u00e9nergie \u00e0 transformer un follicule faible en une seule et capable de produire de beaux cheveux en bonne sant\u00e9 \u00e9paisse.<\/p>\n<p>La machine de repousse des cheveux au laser \u00e0 diode est une machine avanc\u00e9e de repousse des cheveux au laser, qui a un tr\u00e8s bon effet de repousse des cheveux en peu de temps. Le syst\u00e8me de repousse des poils au laser peut p\u00e9n\u00e9trer dans la surface de la peau sans effet chauffant, et il n&#8217;y a toujours aucun dommage cutan\u00e9 ni aucun effet secondaire n\u00e9gatif, ce qui peut acc\u00e9l\u00e9rer la croissance des cheveux et la vitesse d&#8217;\u00e9paississement des cheveux de la zone \u00e0 traiter. Le meilleur syst\u00e8me de repousse des cheveux peut transporter toutes sortes de nutriments vers les racines des cheveux, qui peuvent p\u00e9n\u00e9trer dans le follicule pileux, favorisant ainsi la croissance de nouveaux cheveux.<\/p>\n<p>De plus, les nutriments comme l\u2019ATP peuvent p\u00e9n\u00e9trer directement dans le follicule pileux, tandis que les d\u00e9chets nocifs comme la DHT peuvent \u00eatre facilement \u00e9limin\u00e9s du follicule pileux. L&#8217;ATP peut augmenter consid\u00e9rablement le m\u00e9tabolisme et l&#8217;activit\u00e9 cellulaires, puis les follicules affaiblis se r\u00e9organiseront pour produire des cheveux beaux et sains. De plus, le meilleur appareil de repousse des cheveux au laser peut consid\u00e9rablement acc\u00e9l\u00e9rer la circulation sanguine du cuir chevelu, am\u00e9liorant la capacit\u00e9 de r\u00e9g\u00e9n\u00e9ration des fibres de collag\u00e8ne et favorisant le m\u00e9tabolisme. L&#8217;oxyg\u00e8ne et la nutrition peuvent \u00eatre facilement envoy\u00e9s aux follicules pileux par un appareil de th\u00e9rapie capillaire au laser, ce qui peut grandement pr\u00e9venir la chute des cheveux. En conclusion, la machine de repousse des cheveux est une machine efficace de repousse des cheveux et anti-chute, qui a \u00e9t\u00e9 largement appliqu\u00e9e \u00e0 toutes sortes de salons de beaut\u00e9, h\u00f4pitaux, cliniques, etc.<\/p>\n<div class=\"l5PyOd\">\n<div class=\"VfPpkd-rOvkhd-XPtOyb-FCjw3e UMrnmb-XPtOyb-FCjw3e hMtQlb\" role=\"listbox\" aria-label=\"Options de formalit\u00e9\" aria-orientation=\"horizontal\" aria-multiselectable=\"true\">\n<div class=\"VfPpkd-rOvkhd-XPtOyb-hhpA7\" role=\"presentation\"><span class=\"jCAhz ChMk0b\"><span class=\"ryNqvb\">Avantages de la machine <\/span><\/span><\/div>\n<div class=\"VfPpkd-rOvkhd-XPtOyb-hhpA7\" role=\"presentation\"><span class=\"jCAhz ChMk0b\"><span class=\"ryNqvb\">de repousse de cheveux laser<\/span><\/span><\/div>\n<div class=\"VfPpkd-rOvkhd-XPtOyb-hhpA7\" role=\"presentation\"><span class=\"jCAhz ChMk0b\"><span class=\"ryNqvb\"> &#8211; am\u00e9liorez votre image et augmentez votre confiance.<\/span><\/span><\/div>\n<div class=\"VfPpkd-rOvkhd-XPtOyb-hhpA7\" role=\"presentation\"><span class=\"jCAhz ChMk0b\"><span class=\"ryNqvb\">&#8211; augmente le flux sanguin vers le haut du cuir chevelu jusqu&#8217;\u00e0 55%, ce qui augmente \u00e0 son tour la croissance des cheveux du follicule toujours capable de produire des cheveux.<\/span><\/span><\/div>\n<div class=\"VfPpkd-rOvkhd-XPtOyb-hhpA7\" role=\"presentation\"><span class=\"jCAhz ChMk0b\"><span class=\"ryNqvb\">&#8211; Arr\u00eatez la perte de cheveux chez 85% des patients r\u00e9glementant l&#8217;activit\u00e9 des glandes s\u00e9par\u00e9es, pour les personnes ayant un cuir chevelu trop sec ou huileux.<\/span><\/span><\/div>\n<div class=\"VfPpkd-rOvkhd-XPtOyb-hhpA7\" role=\"presentation\"><span class=\"jCAhz ChMk0b\"><span class=\"ryNqvb\">&#8211; R\u00e9parer des arbres de cheveux endommag\u00e9s, augmenter l&#8217;\u00e9paisseur des poils individuels de 25% par cheveux offrant une apparence beaucoup plus \u00e9paisse et plus compliquante.<\/span><\/span><\/div>\n<div class=\"VfPpkd-rOvkhd-XPtOyb-hhpA7\" role=\"presentation\"><span class=\"jCAhz ChMk0b\"><span class=\"ryNqvb\">&#8211; Soulage les conditions du cuir chevelu.<\/span><\/span><\/div>\n<div class=\"VfPpkd-rOvkhd-XPtOyb-hhpA7\" role=\"presentation\"><span class=\"jCAhz ChMk0b\"><span class=\"ryNqvb\">&#8211; diminue le temps de r\u00e9cup\u00e9ration lorsqu&#8217;il est utilis\u00e9 en association avec des greffes de cheveux.<\/span><\/span><\/div>\n<div class=\"VfPpkd-rOvkhd-XPtOyb-hhpA7\" role=\"presentation\"><span class=\"jCAhz ChMk0b\"><span class=\"ryNqvb\">&#8211; Proc\u00e9dure s\u00fbre, efficace et sans douleur.<\/span><\/span><\/div>\n<\/div>\n<\/div>\n","protected":false},"excerpt":{"rendered":"<p>Principe Diode Laser: (\u00e9galement appel\u00e9 laser \u00e0 bas niveau) peut p\u00e9n\u00e9trer la surface de la peau sans effet de chauffage, aucun d\u00e9g\u00e2t \u00e0 la peau et aucun effet secondaire n\u00e9gatif connu pour acc\u00e9l\u00e9rer la croissance des cheveux et \u00e9paississement des cheveux dans les zones trait\u00e9es. Le laser visible et monochromatique dans la gamme MID-600NM comprend &hellip;<\/p>\n<p class=\"read-more\"> <a class=\" thunk-readmore button \" href=\"https:\/\/investmedic-store.com\/?product=diode-laser-hair-regrowth-machine\"> <span class=\"screen-reader-text\">DIODE LASER HAIR REGROWTH MACHINE<\/span>Read More<\/a><\/p>\n","protected":false},"featured_media":1949,"comment_status":"open","ping_status":"closed","template":"","meta":{"om_disable_all_campaigns":false,"_joinchat":[]},"product_cat":[15,163],"product_tag":[],"yoast_head":"<!-- This site is optimized with the Yoast SEO plugin v20.12 - https:\/\/yoast.com\/wordpress\/plugins\/seo\/ -->\n<title>DIODE LASER HAIR REGROWTH MACHINE - investmedic-store.com<\/title>\n<meta name=\"robots\" content=\"index, follow, max-snippet:-1, max-image-preview:large, max-video-preview:-1\" \/>\n<link rel=\"canonical\" href=\"https:\/\/investmedic-store.com\/?product=diode-laser-hair-regrowth-machine\" \/>\n<meta property=\"og:locale\" content=\"fr_FR\" \/>\n<meta property=\"og:type\" content=\"article\" \/>\n<meta property=\"og:title\" content=\"DIODE LASER HAIR REGROWTH MACHINE - investmedic-store.com\" \/>\n<meta property=\"og:description\" content=\"Principe Diode Laser: (\u00e9galement appel\u00e9 laser \u00e0 bas niveau) peut p\u00e9n\u00e9trer la surface de la peau sans effet de chauffage, aucun d\u00e9g\u00e2t \u00e0 la peau et aucun effet secondaire n\u00e9gatif connu pour acc\u00e9l\u00e9rer la croissance des cheveux et \u00e9paississement des cheveux dans les zones trait\u00e9es. Le laser visible et monochromatique dans la gamme MID-600NM comprend &hellip; DIODE LASER HAIR REGROWTH MACHINERead More\" \/>\n<meta property=\"og:url\" content=\"https:\/\/investmedic-store.com\/?product=diode-laser-hair-regrowth-machine\" \/>\n<meta property=\"og:site_name\" content=\"investmedic-store.com\" \/>\n<meta property=\"article:publisher\" content=\"https:\/\/www.facebook.com\/invest.medic\" \/>\n<meta property=\"og:image\" content=\"http:\/\/investmedic-store.com\/wp-content\/uploads\/2023\/08\/OIP-1-2.jpg\" \/>\n\t<meta property=\"og:image:width\" content=\"474\" \/>\n\t<meta property=\"og:image:height\" content=\"462\" \/>\n\t<meta property=\"og:image:type\" content=\"image\/jpeg\" \/>\n<meta name=\"twitter:card\" content=\"summary_large_image\" \/>\n<meta name=\"twitter:label1\" content=\"Dur\u00e9e de lecture estim\u00e9e\" \/>\n\t<meta name=\"twitter:data1\" content=\"3 minutes\" \/>\n<script type=\"application\/ld+json\" class=\"yoast-schema-graph\">{\"@context\":\"https:\/\/schema.org\",\"@graph\":[{\"@type\":\"WebPage\",\"@id\":\"https:\/\/investmedic-store.com\/?product=diode-laser-hair-regrowth-machine\",\"url\":\"https:\/\/investmedic-store.com\/?product=diode-laser-hair-regrowth-machine\",\"name\":\"DIODE LASER HAIR REGROWTH MACHINE - investmedic-store.com\",\"isPartOf\":{\"@id\":\"https:\/\/investmedic-store.com\/#website\"},\"datePublished\":\"2023-08-28T20:54:42+00:00\",\"dateModified\":\"2023-08-28T20:54:42+00:00\",\"breadcrumb\":{\"@id\":\"https:\/\/investmedic-store.com\/?product=diode-laser-hair-regrowth-machine#breadcrumb\"},\"inLanguage\":\"fr-FR\",\"potentialAction\":[{\"@type\":\"ReadAction\",\"target\":[\"https:\/\/investmedic-store.com\/?product=diode-laser-hair-regrowth-machine\"]}]},{\"@type\":\"BreadcrumbList\",\"@id\":\"https:\/\/investmedic-store.com\/?product=diode-laser-hair-regrowth-machine#breadcrumb\",\"itemListElement\":[{\"@type\":\"ListItem\",\"position\":1,\"name\":\"Accueil\",\"item\":\"https:\/\/investmedic-store.com\/\"},{\"@type\":\"ListItem\",\"position\":2,\"name\":\"Shop\",\"item\":\"https:\/\/investmedic-store.com\/?page_id=5\"},{\"@type\":\"ListItem\",\"position\":3,\"name\":\"DIODE LASER HAIR REGROWTH MACHINE\"}]},{\"@type\":\"WebSite\",\"@id\":\"https:\/\/investmedic-store.com\/#website\",\"url\":\"https:\/\/investmedic-store.com\/\",\"name\":\"invest medic store\",\"description\":\"Importation &amp; Distribution Du Materiels Medico-Chirurgicales - \u0627\u0633\u062a\u064a\u0631\u0627\u062f \u0648\u062a\u0648\u0632\u064a\u0639 \u0627\u0644\u0645\u0648\u0627\u062f \u0627\u0644\u0637\u0628\u064a\u0629 \u0627\u0644\u062c\u0631\u0627\u062d\u064a\u0629\",\"publisher\":{\"@id\":\"https:\/\/investmedic-store.com\/#organization\"},\"alternateName\":\"investmedic store\",\"potentialAction\":[{\"@type\":\"SearchAction\",\"target\":{\"@type\":\"EntryPoint\",\"urlTemplate\":\"https:\/\/investmedic-store.com\/?s={search_term_string}\"},\"query-input\":\"required name=search_term_string\"}],\"inLanguage\":\"fr-FR\"},{\"@type\":\"Organization\",\"@id\":\"https:\/\/investmedic-store.com\/#organization\",\"name\":\"invest.medic store\",\"alternateName\":\"investmedic store\",\"url\":\"https:\/\/investmedic-store.com\/\",\"logo\":{\"@type\":\"ImageObject\",\"inLanguage\":\"fr-FR\",\"@id\":\"https:\/\/investmedic-store.com\/#\/schema\/logo\/image\/\",\"url\":\"https:\/\/investmedic-store.com\/wp-content\/uploads\/2023\/07\/cropped-LOGO_INVEST-transformed-removebg-preview-transformed-1-e1690120839263.png\",\"contentUrl\":\"https:\/\/investmedic-store.com\/wp-content\/uploads\/2023\/07\/cropped-LOGO_INVEST-transformed-removebg-preview-transformed-1-e1690120839263.png\",\"width\":512,\"height\":512,\"caption\":\"invest.medic store\"},\"image\":{\"@id\":\"https:\/\/investmedic-store.com\/#\/schema\/logo\/image\/\"},\"sameAs\":[\"https:\/\/www.facebook.com\/invest.medic\"]}]}<\/script>\n<!-- \/ Yoast SEO plugin. -->","yoast_head_json":{"title":"DIODE LASER HAIR REGROWTH MACHINE - investmedic-store.com","robots":{"index":"index","follow":"follow","max-snippet":"max-snippet:-1","max-image-preview":"max-image-preview:large","max-video-preview":"max-video-preview:-1"},"canonical":"https:\/\/investmedic-store.com\/?product=diode-laser-hair-regrowth-machine","og_locale":"fr_FR","og_type":"article","og_title":"DIODE LASER HAIR REGROWTH MACHINE - investmedic-store.com","og_description":"Principe Diode Laser: (\u00e9galement appel\u00e9 laser \u00e0 bas niveau) peut p\u00e9n\u00e9trer la surface de la peau sans effet de chauffage, aucun d\u00e9g\u00e2t \u00e0 la peau et aucun effet secondaire n\u00e9gatif connu pour acc\u00e9l\u00e9rer la croissance des cheveux et \u00e9paississement des cheveux dans les zones trait\u00e9es. Le laser visible et monochromatique dans la gamme MID-600NM comprend &hellip; DIODE LASER HAIR REGROWTH MACHINERead More","og_url":"https:\/\/investmedic-store.com\/?product=diode-laser-hair-regrowth-machine","og_site_name":"investmedic-store.com","article_publisher":"https:\/\/www.facebook.com\/invest.medic","og_image":[{"width":474,"height":462,"url":"http:\/\/investmedic-store.com\/wp-content\/uploads\/2023\/08\/OIP-1-2.jpg","type":"image\/jpeg"}],"twitter_card":"summary_large_image","twitter_misc":{"Dur\u00e9e de lecture estim\u00e9e":"3 minutes"},"schema":{"@context":"https:\/\/schema.org","@graph":[{"@type":"WebPage","@id":"https:\/\/investmedic-store.com\/?product=diode-laser-hair-regrowth-machine","url":"https:\/\/investmedic-store.com\/?product=diode-laser-hair-regrowth-machine","name":"DIODE LASER HAIR REGROWTH MACHINE - investmedic-store.com","isPartOf":{"@id":"https:\/\/investmedic-store.com\/#website"},"datePublished":"2023-08-28T20:54:42+00:00","dateModified":"2023-08-28T20:54:42+00:00","breadcrumb":{"@id":"https:\/\/investmedic-store.com\/?product=diode-laser-hair-regrowth-machine#breadcrumb"},"inLanguage":"fr-FR","potentialAction":[{"@type":"ReadAction","target":["https:\/\/investmedic-store.com\/?product=diode-laser-hair-regrowth-machine"]}]},{"@type":"BreadcrumbList","@id":"https:\/\/investmedic-store.com\/?product=diode-laser-hair-regrowth-machine#breadcrumb","itemListElement":[{"@type":"ListItem","position":1,"name":"Accueil","item":"https:\/\/investmedic-store.com\/"},{"@type":"ListItem","position":2,"name":"Shop","item":"https:\/\/investmedic-store.com\/?page_id=5"},{"@type":"ListItem","position":3,"name":"DIODE LASER HAIR REGROWTH MACHINE"}]},{"@type":"WebSite","@id":"https:\/\/investmedic-store.com\/#website","url":"https:\/\/investmedic-store.com\/","name":"invest medic store","description":"Importation &amp; Distribution Du Materiels Medico-Chirurgicales - \u0627\u0633\u062a\u064a\u0631\u0627\u062f \u0648\u062a\u0648\u0632\u064a\u0639 \u0627\u0644\u0645\u0648\u0627\u062f \u0627\u0644\u0637\u0628\u064a\u0629 \u0627\u0644\u062c\u0631\u0627\u062d\u064a\u0629","publisher":{"@id":"https:\/\/investmedic-store.com\/#organization"},"alternateName":"investmedic store","potentialAction":[{"@type":"SearchAction","target":{"@type":"EntryPoint","urlTemplate":"https:\/\/investmedic-store.com\/?s={search_term_string}"},"query-input":"required name=search_term_string"}],"inLanguage":"fr-FR"},{"@type":"Organization","@id":"https:\/\/investmedic-store.com\/#organization","name":"invest.medic store","alternateName":"investmedic store","url":"https:\/\/investmedic-store.com\/","logo":{"@type":"ImageObject","inLanguage":"fr-FR","@id":"https:\/\/investmedic-store.com\/#\/schema\/logo\/image\/","url":"https:\/\/investmedic-store.com\/wp-content\/uploads\/2023\/07\/cropped-LOGO_INVEST-transformed-removebg-preview-transformed-1-e1690120839263.png","contentUrl":"https:\/\/investmedic-store.com\/wp-content\/uploads\/2023\/07\/cropped-LOGO_INVEST-transformed-removebg-preview-transformed-1-e1690120839263.png","width":512,"height":512,"caption":"invest.medic store"},"image":{"@id":"https:\/\/investmedic-store.com\/#\/schema\/logo\/image\/"},"sameAs":["https:\/\/www.facebook.com\/invest.medic"]}]}},"_links":{"self":[{"href":"https:\/\/investmedic-store.com\/index.php?rest_route=\/wp\/v2\/product\/1948"}],"collection":[{"href":"https:\/\/investmedic-store.com\/index.php?rest_route=\/wp\/v2\/product"}],"about":[{"href":"https:\/\/investmedic-store.com\/index.php?rest_route=\/wp\/v2\/types\/product"}],"replies":[{"embeddable":true,"href":"https:\/\/investmedic-store.com\/index.php?rest_route=%2Fwp%2Fv2%2Fcomments&post=1948"}],"wp:featuredmedia":[{"embeddable":true,"href":"https:\/\/investmedic-store.com\/index.php?rest_route=\/wp\/v2\/media\/1949"}],"wp:attachment":[{"href":"https:\/\/investmedic-store.com\/index.php?rest_route=%2Fwp%2Fv2%2Fmedia&parent=1948"}],"wp:term":[{"taxonomy":"product_cat","embeddable":true,"href":"https:\/\/investmedic-store.com\/index.php?rest_route=%2Fwp%2Fv2%2Fproduct_cat&post=1948"},{"taxonomy":"product_tag","embeddable":true,"href":"https:\/\/investmedic-store.com\/index.php?rest_route=%2Fwp%2Fv2%2Fproduct_tag&post=1948"}],"curies":[{"name":"wp","href":"https:\/\/api.w.org\/{rel}","templated":true}]}}