{"id":1935,"date":"2023-08-28T18:56:47","date_gmt":"2023-08-28T17:56:47","guid":{"rendered":"https:\/\/investmedic-store.com\/?post_type=product&#038;p=1935"},"modified":"2023-08-28T21:56:33","modified_gmt":"2023-08-28T20:56:33","slug":"tecar-448-khz-indiba","status":"publish","type":"product","link":"https:\/\/investmedic-store.com\/?product=tecar-448-khz-indiba","title":{"rendered":"TECAR 448 KHZ INDIBA"},"content":{"rendered":"<p>Poign\u00e9es de travail Tecar<\/p>\n<p>Tecar a deux poign\u00e9es, RET et RCT.CET fonctionne dans les tissus contenant une teneur \u00e9lev\u00e9e en \u00e9lectrolytes tels que les muscles et les tissus mous.<\/p>\n<p>RET agit sur les tissus pr\u00e9sentant une r\u00e9sistance plus \u00e9lev\u00e9e, tels que les os, les tendons et les articulations.<\/p>\n<p>300 KHZ et 450 KHZ font que RET et CET ont vraiment des diff\u00e9rences profondes et superficielles. La p\u00e9n\u00e9tration plus profonde du RET peut atteindre 10 cm sans perte d&#8217;\u00e9nergie.<\/p>\n","protected":false},"excerpt":{"rendered":"<p>Poign\u00e9es de travail Tecar Tecar a deux poign\u00e9es, RET et RCT.CET fonctionne dans les tissus contenant une teneur \u00e9lev\u00e9e en \u00e9lectrolytes tels que les muscles et les tissus mous. RET agit sur les tissus pr\u00e9sentant une r\u00e9sistance plus \u00e9lev\u00e9e, tels que les os, les tendons et les articulations. 300 KHZ et 450 KHZ font que &hellip;<\/p>\n<p class=\"read-more\"> <a class=\" thunk-readmore button \" href=\"https:\/\/investmedic-store.com\/?product=tecar-448-khz-indiba\"> <span class=\"screen-reader-text\">TECAR 448 KHZ INDIBA<\/span>Read More<\/a><\/p>\n","protected":false},"featured_media":1942,"comment_status":"open","ping_status":"closed","template":"","meta":{"om_disable_all_campaigns":false,"_joinchat":[]},"product_cat":[15,161],"product_tag":[],"yoast_head":"<!-- This site is optimized with the Yoast SEO plugin v20.12 - https:\/\/yoast.com\/wordpress\/plugins\/seo\/ -->\n<title>TECAR 448 KHZ INDIBA - investmedic-store.com<\/title>\n<meta name=\"robots\" content=\"index, follow, max-snippet:-1, max-image-preview:large, max-video-preview:-1\" \/>\n<link rel=\"canonical\" href=\"https:\/\/investmedic-store.com\/?product=tecar-448-khz-indiba\" \/>\n<meta property=\"og:locale\" content=\"fr_FR\" \/>\n<meta property=\"og:type\" content=\"article\" \/>\n<meta property=\"og:title\" content=\"TECAR 448 KHZ INDIBA - investmedic-store.com\" \/>\n<meta property=\"og:description\" content=\"Poign\u00e9es de travail Tecar Tecar a deux poign\u00e9es, RET et RCT.CET fonctionne dans les tissus contenant une teneur \u00e9lev\u00e9e en \u00e9lectrolytes tels que les muscles et les tissus mous. RET agit sur les tissus pr\u00e9sentant une r\u00e9sistance plus \u00e9lev\u00e9e, tels que les os, les tendons et les articulations. 300 KHZ et 450 KHZ font que &hellip; TECAR 448 KHZ INDIBARead More\" \/>\n<meta property=\"og:url\" content=\"https:\/\/investmedic-store.com\/?product=tecar-448-khz-indiba\" \/>\n<meta property=\"og:site_name\" content=\"investmedic-store.com\" \/>\n<meta property=\"article:publisher\" content=\"https:\/\/www.facebook.com\/invest.medic\" \/>\n<meta property=\"article:modified_time\" content=\"2023-08-28T20:56:33+00:00\" \/>\n<meta property=\"og:image\" content=\"http:\/\/investmedic-store.com\/wp-content\/uploads\/2023\/08\/\u672a\u6807\u9898-1.jpg\" \/>\n\t<meta property=\"og:image:width\" content=\"366\" \/>\n\t<meta property=\"og:image:height\" content=\"463\" \/>\n\t<meta property=\"og:image:type\" content=\"image\/jpeg\" \/>\n<meta name=\"twitter:card\" content=\"summary_large_image\" \/>\n<meta name=\"twitter:label1\" content=\"Dur\u00e9e de lecture estim\u00e9e\" \/>\n\t<meta name=\"twitter:data1\" content=\"1 minute\" \/>\n<script type=\"application\/ld+json\" class=\"yoast-schema-graph\">{\"@context\":\"https:\/\/schema.org\",\"@graph\":[{\"@type\":\"WebPage\",\"@id\":\"https:\/\/investmedic-store.com\/?product=tecar-448-khz-indiba\",\"url\":\"https:\/\/investmedic-store.com\/?product=tecar-448-khz-indiba\",\"name\":\"TECAR 448 KHZ INDIBA - investmedic-store.com\",\"isPartOf\":{\"@id\":\"https:\/\/investmedic-store.com\/#website\"},\"datePublished\":\"2023-08-28T17:56:47+00:00\",\"dateModified\":\"2023-08-28T20:56:33+00:00\",\"breadcrumb\":{\"@id\":\"https:\/\/investmedic-store.com\/?product=tecar-448-khz-indiba#breadcrumb\"},\"inLanguage\":\"fr-FR\",\"potentialAction\":[{\"@type\":\"ReadAction\",\"target\":[\"https:\/\/investmedic-store.com\/?product=tecar-448-khz-indiba\"]}]},{\"@type\":\"BreadcrumbList\",\"@id\":\"https:\/\/investmedic-store.com\/?product=tecar-448-khz-indiba#breadcrumb\",\"itemListElement\":[{\"@type\":\"ListItem\",\"position\":1,\"name\":\"Accueil\",\"item\":\"https:\/\/investmedic-store.com\/\"},{\"@type\":\"ListItem\",\"position\":2,\"name\":\"Shop\",\"item\":\"https:\/\/investmedic-store.com\/?page_id=5\"},{\"@type\":\"ListItem\",\"position\":3,\"name\":\"TECAR 448 KHZ INDIBA\"}]},{\"@type\":\"WebSite\",\"@id\":\"https:\/\/investmedic-store.com\/#website\",\"url\":\"https:\/\/investmedic-store.com\/\",\"name\":\"invest medic store\",\"description\":\"Importation &amp; Distribution Du Materiels Medico-Chirurgicales - \u0627\u0633\u062a\u064a\u0631\u0627\u062f \u0648\u062a\u0648\u0632\u064a\u0639 \u0627\u0644\u0645\u0648\u0627\u062f \u0627\u0644\u0637\u0628\u064a\u0629 \u0627\u0644\u062c\u0631\u0627\u062d\u064a\u0629\",\"publisher\":{\"@id\":\"https:\/\/investmedic-store.com\/#organization\"},\"alternateName\":\"investmedic store\",\"potentialAction\":[{\"@type\":\"SearchAction\",\"target\":{\"@type\":\"EntryPoint\",\"urlTemplate\":\"https:\/\/investmedic-store.com\/?s={search_term_string}\"},\"query-input\":\"required name=search_term_string\"}],\"inLanguage\":\"fr-FR\"},{\"@type\":\"Organization\",\"@id\":\"https:\/\/investmedic-store.com\/#organization\",\"name\":\"invest.medic store\",\"alternateName\":\"investmedic store\",\"url\":\"https:\/\/investmedic-store.com\/\",\"logo\":{\"@type\":\"ImageObject\",\"inLanguage\":\"fr-FR\",\"@id\":\"https:\/\/investmedic-store.com\/#\/schema\/logo\/image\/\",\"url\":\"https:\/\/investmedic-store.com\/wp-content\/uploads\/2023\/07\/cropped-LOGO_INVEST-transformed-removebg-preview-transformed-1-e1690120839263.png\",\"contentUrl\":\"https:\/\/investmedic-store.com\/wp-content\/uploads\/2023\/07\/cropped-LOGO_INVEST-transformed-removebg-preview-transformed-1-e1690120839263.png\",\"width\":512,\"height\":512,\"caption\":\"invest.medic store\"},\"image\":{\"@id\":\"https:\/\/investmedic-store.com\/#\/schema\/logo\/image\/\"},\"sameAs\":[\"https:\/\/www.facebook.com\/invest.medic\"]}]}<\/script>\n<!-- \/ Yoast SEO plugin. -->","yoast_head_json":{"title":"TECAR 448 KHZ INDIBA - investmedic-store.com","robots":{"index":"index","follow":"follow","max-snippet":"max-snippet:-1","max-image-preview":"max-image-preview:large","max-video-preview":"max-video-preview:-1"},"canonical":"https:\/\/investmedic-store.com\/?product=tecar-448-khz-indiba","og_locale":"fr_FR","og_type":"article","og_title":"TECAR 448 KHZ INDIBA - investmedic-store.com","og_description":"Poign\u00e9es de travail Tecar Tecar a deux poign\u00e9es, RET et RCT.CET fonctionne dans les tissus contenant une teneur \u00e9lev\u00e9e en \u00e9lectrolytes tels que les muscles et les tissus mous. RET agit sur les tissus pr\u00e9sentant une r\u00e9sistance plus \u00e9lev\u00e9e, tels que les os, les tendons et les articulations. 300 KHZ et 450 KHZ font que &hellip; TECAR 448 KHZ INDIBARead More","og_url":"https:\/\/investmedic-store.com\/?product=tecar-448-khz-indiba","og_site_name":"investmedic-store.com","article_publisher":"https:\/\/www.facebook.com\/invest.medic","article_modified_time":"2023-08-28T20:56:33+00:00","og_image":[{"width":366,"height":463,"url":"http:\/\/investmedic-store.com\/wp-content\/uploads\/2023\/08\/\u672a\u6807\u9898-1.jpg","type":"image\/jpeg"}],"twitter_card":"summary_large_image","twitter_misc":{"Dur\u00e9e de lecture estim\u00e9e":"1 minute"},"schema":{"@context":"https:\/\/schema.org","@graph":[{"@type":"WebPage","@id":"https:\/\/investmedic-store.com\/?product=tecar-448-khz-indiba","url":"https:\/\/investmedic-store.com\/?product=tecar-448-khz-indiba","name":"TECAR 448 KHZ INDIBA - investmedic-store.com","isPartOf":{"@id":"https:\/\/investmedic-store.com\/#website"},"datePublished":"2023-08-28T17:56:47+00:00","dateModified":"2023-08-28T20:56:33+00:00","breadcrumb":{"@id":"https:\/\/investmedic-store.com\/?product=tecar-448-khz-indiba#breadcrumb"},"inLanguage":"fr-FR","potentialAction":[{"@type":"ReadAction","target":["https:\/\/investmedic-store.com\/?product=tecar-448-khz-indiba"]}]},{"@type":"BreadcrumbList","@id":"https:\/\/investmedic-store.com\/?product=tecar-448-khz-indiba#breadcrumb","itemListElement":[{"@type":"ListItem","position":1,"name":"Accueil","item":"https:\/\/investmedic-store.com\/"},{"@type":"ListItem","position":2,"name":"Shop","item":"https:\/\/investmedic-store.com\/?page_id=5"},{"@type":"ListItem","position":3,"name":"TECAR 448 KHZ INDIBA"}]},{"@type":"WebSite","@id":"https:\/\/investmedic-store.com\/#website","url":"https:\/\/investmedic-store.com\/","name":"invest medic store","description":"Importation &amp; Distribution Du Materiels Medico-Chirurgicales - \u0627\u0633\u062a\u064a\u0631\u0627\u062f \u0648\u062a\u0648\u0632\u064a\u0639 \u0627\u0644\u0645\u0648\u0627\u062f \u0627\u0644\u0637\u0628\u064a\u0629 \u0627\u0644\u062c\u0631\u0627\u062d\u064a\u0629","publisher":{"@id":"https:\/\/investmedic-store.com\/#organization"},"alternateName":"investmedic store","potentialAction":[{"@type":"SearchAction","target":{"@type":"EntryPoint","urlTemplate":"https:\/\/investmedic-store.com\/?s={search_term_string}"},"query-input":"required name=search_term_string"}],"inLanguage":"fr-FR"},{"@type":"Organization","@id":"https:\/\/investmedic-store.com\/#organization","name":"invest.medic store","alternateName":"investmedic store","url":"https:\/\/investmedic-store.com\/","logo":{"@type":"ImageObject","inLanguage":"fr-FR","@id":"https:\/\/investmedic-store.com\/#\/schema\/logo\/image\/","url":"https:\/\/investmedic-store.com\/wp-content\/uploads\/2023\/07\/cropped-LOGO_INVEST-transformed-removebg-preview-transformed-1-e1690120839263.png","contentUrl":"https:\/\/investmedic-store.com\/wp-content\/uploads\/2023\/07\/cropped-LOGO_INVEST-transformed-removebg-preview-transformed-1-e1690120839263.png","width":512,"height":512,"caption":"invest.medic store"},"image":{"@id":"https:\/\/investmedic-store.com\/#\/schema\/logo\/image\/"},"sameAs":["https:\/\/www.facebook.com\/invest.medic"]}]}},"_links":{"self":[{"href":"https:\/\/investmedic-store.com\/index.php?rest_route=\/wp\/v2\/product\/1935"}],"collection":[{"href":"https:\/\/investmedic-store.com\/index.php?rest_route=\/wp\/v2\/product"}],"about":[{"href":"https:\/\/investmedic-store.com\/index.php?rest_route=\/wp\/v2\/types\/product"}],"replies":[{"embeddable":true,"href":"https:\/\/investmedic-store.com\/index.php?rest_route=%2Fwp%2Fv2%2Fcomments&post=1935"}],"wp:featuredmedia":[{"embeddable":true,"href":"https:\/\/investmedic-store.com\/index.php?rest_route=\/wp\/v2\/media\/1942"}],"wp:attachment":[{"href":"https:\/\/investmedic-store.com\/index.php?rest_route=%2Fwp%2Fv2%2Fmedia&parent=1935"}],"wp:term":[{"taxonomy":"product_cat","embeddable":true,"href":"https:\/\/investmedic-store.com\/index.php?rest_route=%2Fwp%2Fv2%2Fproduct_cat&post=1935"},{"taxonomy":"product_tag","embeddable":true,"href":"https:\/\/investmedic-store.com\/index.php?rest_route=%2Fwp%2Fv2%2Fproduct_tag&post=1935"}],"curies":[{"name":"wp","href":"https:\/\/api.w.org\/{rel}","templated":true}]}}