{"id":1933,"date":"2023-08-27T23:11:18","date_gmt":"2023-08-27T22:11:18","guid":{"rendered":"https:\/\/investmedic-store.com\/?post_type=product&#038;p=1933"},"modified":"2023-08-27T23:11:19","modified_gmt":"2023-08-27T22:11:19","slug":"hifu-7d-ultraformer-7-cartouches-jonte-laser","status":"publish","type":"product","link":"https:\/\/investmedic-store.com\/?product=hifu-7d-ultraformer-7-cartouches-jonte-laser","title":{"rendered":"HIFU 7D ULTRAFORMER 7 CARTOUCHES JONTE LASER"},"content":{"rendered":"<div class=\"single_pro_details padding_sec\">\n<div id=\"single_pro_details_item\" class=\"single_pro_details_item\">\n<article>La nouvelle machine 7D HIFU pour le lifting du visage et le remodelage du corps utilise des ultrasons m\u00e9dicaux pr\u00e9cis pour le lifting non chirurgical du visage et le raffermissement de la peau. Le 7D HIFU est \u00e9galement nomm\u00e9 Ultraformer III, est un traitement par ultrasons focalis\u00e9s de haute intensit\u00e9 con\u00e7u pour aider \u00e0 inverser les signes du vieillissement, vous laissant avec une apparence plus jeune. Contrairement aux autres traitements de raffermissement de la peau sur le march\u00e9, le traitement HIFU est un appareil de lifting et de remodelage totalement non invasif qui fournit une proc\u00e9dure de traitement personnalis\u00e9e pour l&#8217;ensemble du visage, du cou et du corps. Le r\u00e9sultat naturel final est obtenu rapidement, sans douleur et en toute s\u00e9curit\u00e9 !<\/p>\n<p>Si vous souhaitez modifier l\u00e9g\u00e8rement et plus profond\u00e9ment les tissus de la peau, ainsi que l&#8217;am\u00e9lioration et la gu\u00e9rison de la peau, mais sans intervention chirurgicale sur le visage, le cou ou le corps, la machine 7D HIFU pour le lifting du visage et le remodelage du corps est un bon et la proc\u00e9dure appropri\u00e9e pour vous.<\/p>\n<p>Contrairement aux autres technologies HIFU, 7D HIFU permet au praticien de contr\u00f4ler l&#8217;\u00e9nergie, la densit\u00e9 et la longueur de la ligne. Cela permet d&#8217;adapter les combinaisons de param\u00e8tres aux besoins de chaque cas.<\/p>\n<p>7D HIFU est bas\u00e9 sur la technologie qui permet de r\u00e9partir uniform\u00e9ment l&#8217;\u00e9nergie ultrasonique, en ciblant la couche souhait\u00e9e dans le tissu sous-cutan\u00e9. Les impulsions d&#8217;\u00e9nergie micro focalis\u00e9es dirigent l&#8217;\u00e9nergie vers les couches superficielles des tissus et les impulsions d&#8217;\u00e9nergie macro focalis\u00e9es acheminent l&#8217;\u00e9nergie vers les couches profondes des tissus. Gr\u00e2ce \u00e0 une technologie de pointe, la proc\u00e9dure est s\u00fbre et ne n\u00e9cessite pas de temps de r\u00e9cup\u00e9ration.<\/p>\n<p><img decoding=\"async\" loading=\"lazy\" class=\"alignnone size-full wp-image-1539\" src=\"https:\/\/www.jontemed.com\/wp-content\/uploads\/2022\/01\/31a6680cb7230ba9674578147ac1d87.jpg\" alt=\"\" width=\"auto\" height=\"auto\" \/><img decoding=\"async\" loading=\"lazy\" class=\"alignnone size-full wp-image-1394\" src=\"https:\/\/www.jontemed.com\/wp-content\/uploads\/2021\/12\/3.jpg\" alt=\"\" width=\"auto\" height=\"auto\" \/><img decoding=\"async\" loading=\"lazy\" class=\"alignnone size-full wp-image-1396\" src=\"https:\/\/www.jontemed.com\/wp-content\/uploads\/2021\/12\/8.jpg\" alt=\"\" width=\"auto\" height=\"auto\" \/><\/p>\n<p><img decoding=\"async\" loading=\"lazy\" class=\"alignnone size-full wp-image-1395\" src=\"https:\/\/www.jontemed.com\/wp-content\/uploads\/2021\/12\/4.jpg\" alt=\"\" width=\"auto\" height=\"auto\" \/><\/p>\n<\/article>\n<\/div>\n<\/div>\n<div class=\"cut_section\">\n<p>7Nom du produit:\u00a0 \u00a0 \u00a0 Machine hifu 7D<\/p>\n<p>Fonction:\u00a0 \u00a0 \u00a0 \u00a0 \u00a0Raffermissement de la peau, \u00e9limination des rides, amincissement du corps<\/p>\n<p>Tension:\u00a0 \u00a0 \u00a0 \u00a0110-240 V, 50\/60 Hz<\/p>\n<p>Zone de traitement:\u00a0 \u00a0 \u00a0 \u00a0 \u00a0 \u00a0Visage complet, bas du visage, d\u00e9collet\u00e9, abdomen, bras, cuisses, fesses<\/p>\n<p>Coups de HIFU:\u00a0 \u00a0 \u00a027 000 tirs<\/p>\n<p>\u00c9cran:\u00a0 \u00a0 \u00a0 \u00c9cran tactile pliable de 15 pouces<\/p>\n<p>Cartouche de traitement:\u00a0 \u00a0 \u00a0 \u00a0Norme (1,5 mm, 3,0 mm, 4,5 mm, 6 mm, 8 mm, 10 mm, 13 mm, 16 mm)<\/p>\n<p>Fr\u00e9quence:\u00a0 \u00a0 \u00a04 MHz<\/p>\n<p>Mat\u00e9riel:\u00a0 \u00a0 \u00a0 Sablage en alliage d&#8217;aluminium<\/p>\n<p>OEM:\u00a0 \u00a0 \u00a0Accepter<\/p>\n<\/div>\n<div class=\"related_pro padding_sec\">\n<h3 class=\"in_h3\"><\/h3>\n<\/div>\n","protected":false},"excerpt":{"rendered":"<p>Type\u00a0: HIFU<\/p>\n<p>Application \u00c9limination des rides. Lifting du corps et du visage, raffermissement de la peau.<\/p>\n<p>Fonction : raffermissement de la peau, anti-rides, anti-\u00e2ge.<\/p>\n<p>Certification\u00a0:\u00a0CE<\/p>\n<p>Lieu d&#8217;origine: Chine P\u00e9kin<\/p>\n","protected":false},"featured_media":1934,"comment_status":"open","ping_status":"closed","template":"","meta":{"om_disable_all_campaigns":false,"_joinchat":[]},"product_cat":[15,161],"product_tag":[],"yoast_head":"<!-- This site is optimized with the Yoast SEO plugin v20.12 - https:\/\/yoast.com\/wordpress\/plugins\/seo\/ -->\n<title>HIFU 7D ULTRAFORMER 7 CARTOUCHES JONTE LASER - investmedic-store.com<\/title>\n<meta name=\"robots\" content=\"index, follow, max-snippet:-1, max-image-preview:large, max-video-preview:-1\" \/>\n<link rel=\"canonical\" href=\"https:\/\/investmedic-store.com\/?product=hifu-7d-ultraformer-7-cartouches-jonte-laser\" \/>\n<meta property=\"og:locale\" content=\"fr_FR\" \/>\n<meta property=\"og:type\" content=\"article\" \/>\n<meta property=\"og:title\" content=\"HIFU 7D ULTRAFORMER 7 CARTOUCHES JONTE LASER - investmedic-store.com\" \/>\n<meta property=\"og:description\" content=\"Type\u00a0: HIFU  Application \u00c9limination des rides. Lifting du corps et du visage, raffermissement de la peau.  Fonction : raffermissement de la peau, anti-rides, anti-\u00e2ge.  Certification\u00a0:\u00a0CE  Lieu d&#039;origine: Chine P\u00e9kin\" \/>\n<meta property=\"og:url\" content=\"https:\/\/investmedic-store.com\/?product=hifu-7d-ultraformer-7-cartouches-jonte-laser\" \/>\n<meta property=\"og:site_name\" content=\"investmedic-store.com\" \/>\n<meta property=\"article:publisher\" content=\"https:\/\/www.facebook.com\/invest.medic\" \/>\n<meta property=\"article:modified_time\" content=\"2023-08-27T22:11:19+00:00\" \/>\n<meta property=\"og:image\" content=\"http:\/\/investmedic-store.com\/wp-content\/uploads\/2023\/08\/2-4.jpg\" \/>\n\t<meta property=\"og:image:width\" content=\"366\" \/>\n\t<meta property=\"og:image:height\" content=\"463\" \/>\n\t<meta property=\"og:image:type\" content=\"image\/jpeg\" \/>\n<meta name=\"twitter:card\" content=\"summary_large_image\" \/>\n<meta name=\"twitter:label1\" content=\"Dur\u00e9e de lecture estim\u00e9e\" \/>\n\t<meta name=\"twitter:data1\" content=\"3 minutes\" \/>\n<script type=\"application\/ld+json\" class=\"yoast-schema-graph\">{\"@context\":\"https:\/\/schema.org\",\"@graph\":[{\"@type\":\"WebPage\",\"@id\":\"https:\/\/investmedic-store.com\/?product=hifu-7d-ultraformer-7-cartouches-jonte-laser\",\"url\":\"https:\/\/investmedic-store.com\/?product=hifu-7d-ultraformer-7-cartouches-jonte-laser\",\"name\":\"HIFU 7D ULTRAFORMER 7 CARTOUCHES JONTE LASER - investmedic-store.com\",\"isPartOf\":{\"@id\":\"https:\/\/investmedic-store.com\/#website\"},\"datePublished\":\"2023-08-27T22:11:18+00:00\",\"dateModified\":\"2023-08-27T22:11:19+00:00\",\"breadcrumb\":{\"@id\":\"https:\/\/investmedic-store.com\/?product=hifu-7d-ultraformer-7-cartouches-jonte-laser#breadcrumb\"},\"inLanguage\":\"fr-FR\",\"potentialAction\":[{\"@type\":\"ReadAction\",\"target\":[\"https:\/\/investmedic-store.com\/?product=hifu-7d-ultraformer-7-cartouches-jonte-laser\"]}]},{\"@type\":\"BreadcrumbList\",\"@id\":\"https:\/\/investmedic-store.com\/?product=hifu-7d-ultraformer-7-cartouches-jonte-laser#breadcrumb\",\"itemListElement\":[{\"@type\":\"ListItem\",\"position\":1,\"name\":\"Accueil\",\"item\":\"https:\/\/investmedic-store.com\/\"},{\"@type\":\"ListItem\",\"position\":2,\"name\":\"Shop\",\"item\":\"https:\/\/investmedic-store.com\/?page_id=5\"},{\"@type\":\"ListItem\",\"position\":3,\"name\":\"HIFU 7D ULTRAFORMER 7 CARTOUCHES JONTE LASER\"}]},{\"@type\":\"WebSite\",\"@id\":\"https:\/\/investmedic-store.com\/#website\",\"url\":\"https:\/\/investmedic-store.com\/\",\"name\":\"invest medic store\",\"description\":\"Importation &amp; Distribution Du Materiels Medico-Chirurgicales - \u0627\u0633\u062a\u064a\u0631\u0627\u062f \u0648\u062a\u0648\u0632\u064a\u0639 \u0627\u0644\u0645\u0648\u0627\u062f \u0627\u0644\u0637\u0628\u064a\u0629 \u0627\u0644\u062c\u0631\u0627\u062d\u064a\u0629\",\"publisher\":{\"@id\":\"https:\/\/investmedic-store.com\/#organization\"},\"alternateName\":\"investmedic store\",\"potentialAction\":[{\"@type\":\"SearchAction\",\"target\":{\"@type\":\"EntryPoint\",\"urlTemplate\":\"https:\/\/investmedic-store.com\/?s={search_term_string}\"},\"query-input\":\"required name=search_term_string\"}],\"inLanguage\":\"fr-FR\"},{\"@type\":\"Organization\",\"@id\":\"https:\/\/investmedic-store.com\/#organization\",\"name\":\"invest.medic store\",\"alternateName\":\"investmedic store\",\"url\":\"https:\/\/investmedic-store.com\/\",\"logo\":{\"@type\":\"ImageObject\",\"inLanguage\":\"fr-FR\",\"@id\":\"https:\/\/investmedic-store.com\/#\/schema\/logo\/image\/\",\"url\":\"https:\/\/investmedic-store.com\/wp-content\/uploads\/2023\/07\/cropped-LOGO_INVEST-transformed-removebg-preview-transformed-1-e1690120839263.png\",\"contentUrl\":\"https:\/\/investmedic-store.com\/wp-content\/uploads\/2023\/07\/cropped-LOGO_INVEST-transformed-removebg-preview-transformed-1-e1690120839263.png\",\"width\":512,\"height\":512,\"caption\":\"invest.medic store\"},\"image\":{\"@id\":\"https:\/\/investmedic-store.com\/#\/schema\/logo\/image\/\"},\"sameAs\":[\"https:\/\/www.facebook.com\/invest.medic\"]}]}<\/script>\n<!-- \/ Yoast SEO plugin. -->","yoast_head_json":{"title":"HIFU 7D ULTRAFORMER 7 CARTOUCHES JONTE LASER - investmedic-store.com","robots":{"index":"index","follow":"follow","max-snippet":"max-snippet:-1","max-image-preview":"max-image-preview:large","max-video-preview":"max-video-preview:-1"},"canonical":"https:\/\/investmedic-store.com\/?product=hifu-7d-ultraformer-7-cartouches-jonte-laser","og_locale":"fr_FR","og_type":"article","og_title":"HIFU 7D ULTRAFORMER 7 CARTOUCHES JONTE LASER - investmedic-store.com","og_description":"Type\u00a0: HIFU  Application \u00c9limination des rides. Lifting du corps et du visage, raffermissement de la peau.  Fonction : raffermissement de la peau, anti-rides, anti-\u00e2ge.  Certification\u00a0:\u00a0CE  Lieu d'origine: Chine P\u00e9kin","og_url":"https:\/\/investmedic-store.com\/?product=hifu-7d-ultraformer-7-cartouches-jonte-laser","og_site_name":"investmedic-store.com","article_publisher":"https:\/\/www.facebook.com\/invest.medic","article_modified_time":"2023-08-27T22:11:19+00:00","og_image":[{"width":366,"height":463,"url":"http:\/\/investmedic-store.com\/wp-content\/uploads\/2023\/08\/2-4.jpg","type":"image\/jpeg"}],"twitter_card":"summary_large_image","twitter_misc":{"Dur\u00e9e de lecture estim\u00e9e":"3 minutes"},"schema":{"@context":"https:\/\/schema.org","@graph":[{"@type":"WebPage","@id":"https:\/\/investmedic-store.com\/?product=hifu-7d-ultraformer-7-cartouches-jonte-laser","url":"https:\/\/investmedic-store.com\/?product=hifu-7d-ultraformer-7-cartouches-jonte-laser","name":"HIFU 7D ULTRAFORMER 7 CARTOUCHES JONTE LASER - investmedic-store.com","isPartOf":{"@id":"https:\/\/investmedic-store.com\/#website"},"datePublished":"2023-08-27T22:11:18+00:00","dateModified":"2023-08-27T22:11:19+00:00","breadcrumb":{"@id":"https:\/\/investmedic-store.com\/?product=hifu-7d-ultraformer-7-cartouches-jonte-laser#breadcrumb"},"inLanguage":"fr-FR","potentialAction":[{"@type":"ReadAction","target":["https:\/\/investmedic-store.com\/?product=hifu-7d-ultraformer-7-cartouches-jonte-laser"]}]},{"@type":"BreadcrumbList","@id":"https:\/\/investmedic-store.com\/?product=hifu-7d-ultraformer-7-cartouches-jonte-laser#breadcrumb","itemListElement":[{"@type":"ListItem","position":1,"name":"Accueil","item":"https:\/\/investmedic-store.com\/"},{"@type":"ListItem","position":2,"name":"Shop","item":"https:\/\/investmedic-store.com\/?page_id=5"},{"@type":"ListItem","position":3,"name":"HIFU 7D ULTRAFORMER 7 CARTOUCHES JONTE LASER"}]},{"@type":"WebSite","@id":"https:\/\/investmedic-store.com\/#website","url":"https:\/\/investmedic-store.com\/","name":"invest medic store","description":"Importation &amp; Distribution Du Materiels Medico-Chirurgicales - \u0627\u0633\u062a\u064a\u0631\u0627\u062f \u0648\u062a\u0648\u0632\u064a\u0639 \u0627\u0644\u0645\u0648\u0627\u062f \u0627\u0644\u0637\u0628\u064a\u0629 \u0627\u0644\u062c\u0631\u0627\u062d\u064a\u0629","publisher":{"@id":"https:\/\/investmedic-store.com\/#organization"},"alternateName":"investmedic store","potentialAction":[{"@type":"SearchAction","target":{"@type":"EntryPoint","urlTemplate":"https:\/\/investmedic-store.com\/?s={search_term_string}"},"query-input":"required name=search_term_string"}],"inLanguage":"fr-FR"},{"@type":"Organization","@id":"https:\/\/investmedic-store.com\/#organization","name":"invest.medic store","alternateName":"investmedic store","url":"https:\/\/investmedic-store.com\/","logo":{"@type":"ImageObject","inLanguage":"fr-FR","@id":"https:\/\/investmedic-store.com\/#\/schema\/logo\/image\/","url":"https:\/\/investmedic-store.com\/wp-content\/uploads\/2023\/07\/cropped-LOGO_INVEST-transformed-removebg-preview-transformed-1-e1690120839263.png","contentUrl":"https:\/\/investmedic-store.com\/wp-content\/uploads\/2023\/07\/cropped-LOGO_INVEST-transformed-removebg-preview-transformed-1-e1690120839263.png","width":512,"height":512,"caption":"invest.medic store"},"image":{"@id":"https:\/\/investmedic-store.com\/#\/schema\/logo\/image\/"},"sameAs":["https:\/\/www.facebook.com\/invest.medic"]}]}},"_links":{"self":[{"href":"https:\/\/investmedic-store.com\/index.php?rest_route=\/wp\/v2\/product\/1933"}],"collection":[{"href":"https:\/\/investmedic-store.com\/index.php?rest_route=\/wp\/v2\/product"}],"about":[{"href":"https:\/\/investmedic-store.com\/index.php?rest_route=\/wp\/v2\/types\/product"}],"replies":[{"embeddable":true,"href":"https:\/\/investmedic-store.com\/index.php?rest_route=%2Fwp%2Fv2%2Fcomments&post=1933"}],"wp:featuredmedia":[{"embeddable":true,"href":"https:\/\/investmedic-store.com\/index.php?rest_route=\/wp\/v2\/media\/1934"}],"wp:attachment":[{"href":"https:\/\/investmedic-store.com\/index.php?rest_route=%2Fwp%2Fv2%2Fmedia&parent=1933"}],"wp:term":[{"taxonomy":"product_cat","embeddable":true,"href":"https:\/\/investmedic-store.com\/index.php?rest_route=%2Fwp%2Fv2%2Fproduct_cat&post=1933"},{"taxonomy":"product_tag","embeddable":true,"href":"https:\/\/investmedic-store.com\/index.php?rest_route=%2Fwp%2Fv2%2Fproduct_tag&post=1933"}],"curies":[{"name":"wp","href":"https:\/\/api.w.org\/{rel}","templated":true}]}}