{"id":1924,"date":"2023-08-26T22:54:54","date_gmt":"2023-08-26T21:54:54","guid":{"rendered":"https:\/\/investmedic-store.com\/?post_type=product&#038;p=1924"},"modified":"2023-09-02T16:14:17","modified_gmt":"2023-09-02T15:14:17","slug":"980-nm-diode-jonte-laser","status":"publish","type":"product","link":"https:\/\/investmedic-store.com\/?product=980-nm-diode-jonte-laser","title":{"rendered":"980 NM DIODE JONTE LASER"},"content":{"rendered":"<p>Machine de retrait de veine d&#8217;araign\u00e9e au laser 980nm<\/p>\n<p>Le syst\u00e8me de th\u00e9rapie au laser \u00e0 diode 980 nm est sp\u00e9cialement con\u00e7u pour le traitement des veines de la peau. Le laser \u00e0 une longueur d&#8217;onde de 980 nm est utile pour l&#8217;EVLT (traitement au laser des veines endoveineuses), la th\u00e9rapie des l\u00e9sions vasculaires et la peau du visage des veines d&#8217;araign\u00e9e.<\/p>\n<p>Le laser 980 nm est le spectre d\u2019absorption optimal des cellules vasculaires de porphyrine. Les cellules vasculaires absorbent le laser \u00e0 haute \u00e9nergie d&#8217;une longueur d&#8217;onde de 980 nm, la solidification se produit et finalement se dissipe. Par rapport \u00e0 la m\u00e9thode traditionnelle, le laser \u00e0 diode 980 nm peut r\u00e9duire les rougeurs et les br\u00fblures de la peau. Il a \u00e9galement moins de chance d\u2019effrayer. Pour atteindre le tissu cible avec plus de pr\u00e9cision, l&#8217;\u00e9nergie laser est d\u00e9livr\u00e9e par une pi\u00e8ce \u00e0 main de conception professionnelle. Assist\u00e9 par le rayon infrarouge 635 nm, il permet de concentrer l&#8217;\u00e9nergie. Le laser peut stimuler la croissance du collag\u00e8ne cutan\u00e9 pendant le traitement vasculaire, augmenter l&#8217;\u00e9paisseur et la densit\u00e9 de l&#8217;\u00e9piderme, de sorte que les petits vaisseaux sanguins ne soient plus expos\u00e9s, en m\u00eame temps, l&#8217;\u00e9lasticit\u00e9 et la densit\u00e9 de la peau. la r\u00e9sistance est \u00e9galement consid\u00e9rablement am\u00e9lior\u00e9e.<\/p>\n<p>Caract\u00e9ristiques du laser 980 nm<\/p>\n<p>&nbsp;<\/p>\n<p>-Laser \u00e0 diode solide de haute qualit\u00e9 \u00e0 une longueur d&#8217;onde de 980nm<\/p>\n<p>-Haute fr\u00e9quence jusqu&#8217;\u00e0 25 Hz, beaucoup plus rapide que les produits similaires sur le march\u00e9<\/p>\n<p>-Haute \u00e9nergie jusqu&#8217;\u00e0 20 W de sortie, pour garantir le r\u00e9sultat du traitement<\/p>\n<p>-Fibre et pi\u00e8ce \u00e0 main faciles \u00e0 connecter<\/p>\n<p>&#8211; Sans entretien<\/p>\n<p>&#8211; Grande mobilit\u00e9<\/p>\n<p>&#8211; Logiciel facile \u00e0 utiliser pour faciliter l&#8217;op\u00e9ration<\/p>\n","protected":false},"excerpt":{"rendered":"<p>Machine de retrait de veine d&#8217;araign\u00e9e au laser 980nm Le syst\u00e8me de th\u00e9rapie au laser \u00e0 diode 980 nm est sp\u00e9cialement con\u00e7u pour le traitement des veines de la peau. Le laser \u00e0 une longueur d&#8217;onde de 980 nm est utile pour l&#8217;EVLT (traitement au laser des veines endoveineuses), la th\u00e9rapie des l\u00e9sions vasculaires et &hellip;<\/p>\n<p class=\"read-more\"> <a class=\" thunk-readmore button \" href=\"https:\/\/investmedic-store.com\/?product=980-nm-diode-jonte-laser\"> <span class=\"screen-reader-text\">980 NM DIODE JONTE LASER<\/span>Read More<\/a><\/p>\n","protected":false},"featured_media":2024,"comment_status":"open","ping_status":"closed","template":"","meta":{"om_disable_all_campaigns":false,"_joinchat":[]},"product_cat":[15,161],"product_tag":[],"yoast_head":"<!-- This site is optimized with the Yoast SEO plugin v20.12 - https:\/\/yoast.com\/wordpress\/plugins\/seo\/ -->\n<title>980 NM DIODE JONTE LASER - investmedic-store.com<\/title>\n<meta name=\"robots\" content=\"index, follow, max-snippet:-1, max-image-preview:large, max-video-preview:-1\" \/>\n<link rel=\"canonical\" href=\"https:\/\/investmedic-store.com\/?product=980-nm-diode-jonte-laser\" \/>\n<meta property=\"og:locale\" content=\"fr_FR\" \/>\n<meta property=\"og:type\" content=\"article\" \/>\n<meta property=\"og:title\" content=\"980 NM DIODE JONTE LASER - investmedic-store.com\" \/>\n<meta property=\"og:description\" content=\"Machine de retrait de veine d&#8217;araign\u00e9e au laser 980nm Le syst\u00e8me de th\u00e9rapie au laser \u00e0 diode 980 nm est sp\u00e9cialement con\u00e7u pour le traitement des veines de la peau. Le laser \u00e0 une longueur d&#8217;onde de 980 nm est utile pour l&#8217;EVLT (traitement au laser des veines endoveineuses), la th\u00e9rapie des l\u00e9sions vasculaires et &hellip; 980 NM DIODE JONTE LASERRead More\" \/>\n<meta property=\"og:url\" content=\"https:\/\/investmedic-store.com\/?product=980-nm-diode-jonte-laser\" \/>\n<meta property=\"og:site_name\" content=\"investmedic-store.com\" \/>\n<meta property=\"article:publisher\" content=\"https:\/\/www.facebook.com\/invest.medic\" \/>\n<meta property=\"article:modified_time\" content=\"2023-09-02T15:14:17+00:00\" \/>\n<meta property=\"og:image\" content=\"http:\/\/investmedic-store.com\/wp-content\/uploads\/2023\/08\/750-750\u4e3b\u56fe-1.jpg\" \/>\n\t<meta property=\"og:image:width\" content=\"750\" \/>\n\t<meta property=\"og:image:height\" content=\"750\" \/>\n\t<meta property=\"og:image:type\" content=\"image\/jpeg\" \/>\n<meta name=\"twitter:card\" content=\"summary_large_image\" \/>\n<meta name=\"twitter:label1\" content=\"Dur\u00e9e de lecture estim\u00e9e\" \/>\n\t<meta name=\"twitter:data1\" content=\"2 minutes\" \/>\n<script type=\"application\/ld+json\" class=\"yoast-schema-graph\">{\"@context\":\"https:\/\/schema.org\",\"@graph\":[{\"@type\":\"WebPage\",\"@id\":\"https:\/\/investmedic-store.com\/?product=980-nm-diode-jonte-laser\",\"url\":\"https:\/\/investmedic-store.com\/?product=980-nm-diode-jonte-laser\",\"name\":\"980 NM DIODE JONTE LASER - investmedic-store.com\",\"isPartOf\":{\"@id\":\"https:\/\/investmedic-store.com\/#website\"},\"datePublished\":\"2023-08-26T21:54:54+00:00\",\"dateModified\":\"2023-09-02T15:14:17+00:00\",\"breadcrumb\":{\"@id\":\"https:\/\/investmedic-store.com\/?product=980-nm-diode-jonte-laser#breadcrumb\"},\"inLanguage\":\"fr-FR\",\"potentialAction\":[{\"@type\":\"ReadAction\",\"target\":[\"https:\/\/investmedic-store.com\/?product=980-nm-diode-jonte-laser\"]}]},{\"@type\":\"BreadcrumbList\",\"@id\":\"https:\/\/investmedic-store.com\/?product=980-nm-diode-jonte-laser#breadcrumb\",\"itemListElement\":[{\"@type\":\"ListItem\",\"position\":1,\"name\":\"Accueil\",\"item\":\"https:\/\/investmedic-store.com\/\"},{\"@type\":\"ListItem\",\"position\":2,\"name\":\"Shop\",\"item\":\"https:\/\/investmedic-store.com\/?page_id=5\"},{\"@type\":\"ListItem\",\"position\":3,\"name\":\"980 NM DIODE JONTE LASER\"}]},{\"@type\":\"WebSite\",\"@id\":\"https:\/\/investmedic-store.com\/#website\",\"url\":\"https:\/\/investmedic-store.com\/\",\"name\":\"invest medic store\",\"description\":\"Importation &amp; Distribution Du Materiels Medico-Chirurgicales - \u0627\u0633\u062a\u064a\u0631\u0627\u062f \u0648\u062a\u0648\u0632\u064a\u0639 \u0627\u0644\u0645\u0648\u0627\u062f \u0627\u0644\u0637\u0628\u064a\u0629 \u0627\u0644\u062c\u0631\u0627\u062d\u064a\u0629\",\"publisher\":{\"@id\":\"https:\/\/investmedic-store.com\/#organization\"},\"alternateName\":\"investmedic store\",\"potentialAction\":[{\"@type\":\"SearchAction\",\"target\":{\"@type\":\"EntryPoint\",\"urlTemplate\":\"https:\/\/investmedic-store.com\/?s={search_term_string}\"},\"query-input\":\"required name=search_term_string\"}],\"inLanguage\":\"fr-FR\"},{\"@type\":\"Organization\",\"@id\":\"https:\/\/investmedic-store.com\/#organization\",\"name\":\"invest.medic store\",\"alternateName\":\"investmedic store\",\"url\":\"https:\/\/investmedic-store.com\/\",\"logo\":{\"@type\":\"ImageObject\",\"inLanguage\":\"fr-FR\",\"@id\":\"https:\/\/investmedic-store.com\/#\/schema\/logo\/image\/\",\"url\":\"https:\/\/investmedic-store.com\/wp-content\/uploads\/2023\/07\/cropped-LOGO_INVEST-transformed-removebg-preview-transformed-1-e1690120839263.png\",\"contentUrl\":\"https:\/\/investmedic-store.com\/wp-content\/uploads\/2023\/07\/cropped-LOGO_INVEST-transformed-removebg-preview-transformed-1-e1690120839263.png\",\"width\":512,\"height\":512,\"caption\":\"invest.medic store\"},\"image\":{\"@id\":\"https:\/\/investmedic-store.com\/#\/schema\/logo\/image\/\"},\"sameAs\":[\"https:\/\/www.facebook.com\/invest.medic\"]}]}<\/script>\n<!-- \/ Yoast SEO plugin. -->","yoast_head_json":{"title":"980 NM DIODE JONTE LASER - investmedic-store.com","robots":{"index":"index","follow":"follow","max-snippet":"max-snippet:-1","max-image-preview":"max-image-preview:large","max-video-preview":"max-video-preview:-1"},"canonical":"https:\/\/investmedic-store.com\/?product=980-nm-diode-jonte-laser","og_locale":"fr_FR","og_type":"article","og_title":"980 NM DIODE JONTE LASER - investmedic-store.com","og_description":"Machine de retrait de veine d&#8217;araign\u00e9e au laser 980nm Le syst\u00e8me de th\u00e9rapie au laser \u00e0 diode 980 nm est sp\u00e9cialement con\u00e7u pour le traitement des veines de la peau. Le laser \u00e0 une longueur d&#8217;onde de 980 nm est utile pour l&#8217;EVLT (traitement au laser des veines endoveineuses), la th\u00e9rapie des l\u00e9sions vasculaires et &hellip; 980 NM DIODE JONTE LASERRead More","og_url":"https:\/\/investmedic-store.com\/?product=980-nm-diode-jonte-laser","og_site_name":"investmedic-store.com","article_publisher":"https:\/\/www.facebook.com\/invest.medic","article_modified_time":"2023-09-02T15:14:17+00:00","og_image":[{"width":750,"height":750,"url":"http:\/\/investmedic-store.com\/wp-content\/uploads\/2023\/08\/750-750\u4e3b\u56fe-1.jpg","type":"image\/jpeg"}],"twitter_card":"summary_large_image","twitter_misc":{"Dur\u00e9e de lecture estim\u00e9e":"2 minutes"},"schema":{"@context":"https:\/\/schema.org","@graph":[{"@type":"WebPage","@id":"https:\/\/investmedic-store.com\/?product=980-nm-diode-jonte-laser","url":"https:\/\/investmedic-store.com\/?product=980-nm-diode-jonte-laser","name":"980 NM DIODE JONTE LASER - investmedic-store.com","isPartOf":{"@id":"https:\/\/investmedic-store.com\/#website"},"datePublished":"2023-08-26T21:54:54+00:00","dateModified":"2023-09-02T15:14:17+00:00","breadcrumb":{"@id":"https:\/\/investmedic-store.com\/?product=980-nm-diode-jonte-laser#breadcrumb"},"inLanguage":"fr-FR","potentialAction":[{"@type":"ReadAction","target":["https:\/\/investmedic-store.com\/?product=980-nm-diode-jonte-laser"]}]},{"@type":"BreadcrumbList","@id":"https:\/\/investmedic-store.com\/?product=980-nm-diode-jonte-laser#breadcrumb","itemListElement":[{"@type":"ListItem","position":1,"name":"Accueil","item":"https:\/\/investmedic-store.com\/"},{"@type":"ListItem","position":2,"name":"Shop","item":"https:\/\/investmedic-store.com\/?page_id=5"},{"@type":"ListItem","position":3,"name":"980 NM DIODE JONTE LASER"}]},{"@type":"WebSite","@id":"https:\/\/investmedic-store.com\/#website","url":"https:\/\/investmedic-store.com\/","name":"invest medic store","description":"Importation &amp; Distribution Du Materiels Medico-Chirurgicales - \u0627\u0633\u062a\u064a\u0631\u0627\u062f \u0648\u062a\u0648\u0632\u064a\u0639 \u0627\u0644\u0645\u0648\u0627\u062f \u0627\u0644\u0637\u0628\u064a\u0629 \u0627\u0644\u062c\u0631\u0627\u062d\u064a\u0629","publisher":{"@id":"https:\/\/investmedic-store.com\/#organization"},"alternateName":"investmedic store","potentialAction":[{"@type":"SearchAction","target":{"@type":"EntryPoint","urlTemplate":"https:\/\/investmedic-store.com\/?s={search_term_string}"},"query-input":"required name=search_term_string"}],"inLanguage":"fr-FR"},{"@type":"Organization","@id":"https:\/\/investmedic-store.com\/#organization","name":"invest.medic store","alternateName":"investmedic store","url":"https:\/\/investmedic-store.com\/","logo":{"@type":"ImageObject","inLanguage":"fr-FR","@id":"https:\/\/investmedic-store.com\/#\/schema\/logo\/image\/","url":"https:\/\/investmedic-store.com\/wp-content\/uploads\/2023\/07\/cropped-LOGO_INVEST-transformed-removebg-preview-transformed-1-e1690120839263.png","contentUrl":"https:\/\/investmedic-store.com\/wp-content\/uploads\/2023\/07\/cropped-LOGO_INVEST-transformed-removebg-preview-transformed-1-e1690120839263.png","width":512,"height":512,"caption":"invest.medic store"},"image":{"@id":"https:\/\/investmedic-store.com\/#\/schema\/logo\/image\/"},"sameAs":["https:\/\/www.facebook.com\/invest.medic"]}]}},"_links":{"self":[{"href":"https:\/\/investmedic-store.com\/index.php?rest_route=\/wp\/v2\/product\/1924"}],"collection":[{"href":"https:\/\/investmedic-store.com\/index.php?rest_route=\/wp\/v2\/product"}],"about":[{"href":"https:\/\/investmedic-store.com\/index.php?rest_route=\/wp\/v2\/types\/product"}],"replies":[{"embeddable":true,"href":"https:\/\/investmedic-store.com\/index.php?rest_route=%2Fwp%2Fv2%2Fcomments&post=1924"}],"wp:featuredmedia":[{"embeddable":true,"href":"https:\/\/investmedic-store.com\/index.php?rest_route=\/wp\/v2\/media\/2024"}],"wp:attachment":[{"href":"https:\/\/investmedic-store.com\/index.php?rest_route=%2Fwp%2Fv2%2Fmedia&parent=1924"}],"wp:term":[{"taxonomy":"product_cat","embeddable":true,"href":"https:\/\/investmedic-store.com\/index.php?rest_route=%2Fwp%2Fv2%2Fproduct_cat&post=1924"},{"taxonomy":"product_tag","embeddable":true,"href":"https:\/\/investmedic-store.com\/index.php?rest_route=%2Fwp%2Fv2%2Fproduct_tag&post=1924"}],"curies":[{"name":"wp","href":"https:\/\/api.w.org\/{rel}","templated":true}]}}