{"id":1922,"date":"2023-08-26T14:30:46","date_gmt":"2023-08-26T13:30:46","guid":{"rendered":"https:\/\/investmedic-store.com\/?post_type=product&#038;p=1922"},"modified":"2023-09-04T20:06:40","modified_gmt":"2023-09-04T19:06:40","slug":"ln-oa-lifting-colombien-30pcs","status":"publish","type":"product","link":"https:\/\/investmedic-store.com\/?product=ln-oa-lifting-colombien-30pcs","title":{"rendered":"LN-OA LIFTING COLOMBIEN 30PCS"},"content":{"rendered":"<h1 class=\"a-size-base-plus a-text-bold\">\u00c0 propos de cet article<\/h1>\n<ul class=\"a-unordered-list a-vertical a-spacing-mini\">\n<li class=\"a-spacing-mini\"><span class=\"a-list-item\">Enlarge Breast &amp; Scraping:Cet appareil de massage de poitrine combine des fonctions comme le soul\u00e8vement des seins, les rayures et les d\u00e9toxifiants, la peau raffermie et d&#8217;autres fonctions. Appareil permettant de soulever la poitrine, de raffermir, de d\u00e9former et de masser sous vide.<\/span><\/li>\n<li class=\"a-spacing-mini\"><span class=\"a-list-item\">Beauty Shaping:Appareil de massage anti-cellulite utilis\u00e9 pour diff\u00e9rentes parties du corps afin d&#8217;acc\u00e9l\u00e9rer la conversion des acides gras. \u00c9liminer efficacement et en toute s\u00e9curit\u00e9 l&#8217;exc\u00e8s de graisse, r\u00e9duire le poids, mincir le corps, \u00e9liminer l&#8217;exc\u00e8s de graisse sur le ventre, am\u00e9liorer la forme des jambes et raffermir la peau.<\/span><\/li>\n<li class=\"a-spacing-mini\"><span class=\"a-list-item\">\u00c9pilateur de rayonnement infrarouge:L&#8217;appareil de vide du corps est adapt\u00e9 pour am\u00e9liorer la circulation sanguine et favoriser la d\u00e9toxification du syst\u00e8me digestif.<\/span><\/li>\n<li class=\"a-spacing-mini\"><span class=\"a-list-item\">Massage du corps entier:La machine de grossissement de poitrine est \u00e9galement une machine de massage corporel qui nettoie les toxines et nettoie les cellules lymphatiques, affiner les pores de la peau, reconstruire la peau et am\u00e9liore la circulation par microcirculation.<\/span><\/li>\n<li class=\"a-spacing-mini\"><span class=\"a-list-item\">Haute qualit\u00e9:Corps en mat\u00e9riau ABS, bonne r\u00e9sistance \u00e0 la corrosion, r\u00e9sistance \u00e0 la chaleur et durable. Bas\u00e9 sur la m\u00e9decine chinoise, la science avanc\u00e9e et la technologie telles que la r\u00e9sonance de c\u0153ur, l&#8217;effet infrarouge, etc.\u00a0<\/span><\/li>\n<li>Remarque:<br \/>\n1. Ne pas l&#8217;appareil Nettoyer Avec des Liquides corrosifs.<br \/>\n2. Il ne is de pas recommand\u00e9 les femmes UTILISER les patients Enceintes et des maladies Cardiaques Ayant de produit CE.<br \/>\n3. Ne laissez pas de l&#8217;eau ni d&#8217;Autres Dans l&#8217;Liquides apparatus.<br \/>\n4. Utilisation de la poitrine Apr\u00e8s, Une petite contusion is normale.<br \/>\n5. ASSURER-vous les accessoires Que Sont raccord\u00e9s normalement. L&#8217;apr\u00e8s Allumez l&#8217;utilisation apparatus.<br \/>\n6. Que vous lancez D\u00e8s un peu de temps, vous ne pas vous Soucier can de la pr\u00e9sence de Votre appareil et la Fois de Votre premi\u00e8re concessionnaire Ou de Votre manufacturer.<br \/>\n7. Il Est Interdit de demonter THIS Machine sans autorisation de vous faire ous verser responsable des cons\u00e9quences Vos Propres.<br \/>\n8. Si l&#8217;instrument pendant 60 is used minutes, il Do\u00eft pendant 10 \u00catre arr\u00eat\u00e9 minutes, verser la obtain de vie stable Dur\u00e9e de l&#8217;instrument.<\/li>\n<\/ul>\n","protected":false},"excerpt":{"rendered":"<p>\u00c0 propos de cet article Enlarge Breast &amp; Scraping:Cet appareil de massage de poitrine combine des fonctions comme le soul\u00e8vement des seins, les rayures et les d\u00e9toxifiants, la peau raffermie et d&#8217;autres fonctions. Appareil permettant de soulever la poitrine, de raffermir, de d\u00e9former et de masser sous vide. Beauty Shaping:Appareil de massage anti-cellulite utilis\u00e9 pour &hellip;<\/p>\n<p class=\"read-more\"> <a class=\" thunk-readmore button \" href=\"https:\/\/investmedic-store.com\/?product=ln-oa-lifting-colombien-30pcs\"> <span class=\"screen-reader-text\">LN-OA LIFTING COLOMBIEN 30PCS<\/span>Read More<\/a><\/p>\n","protected":false},"featured_media":1923,"comment_status":"open","ping_status":"closed","template":"","meta":{"om_disable_all_campaigns":false,"_joinchat":[]},"product_cat":[15,162],"product_tag":[],"yoast_head":"<!-- This site is optimized with the Yoast SEO plugin v20.12 - https:\/\/yoast.com\/wordpress\/plugins\/seo\/ -->\n<title>LN-OA LIFTING COLOMBIEN 30PCS - investmedic-store.com<\/title>\n<meta name=\"robots\" content=\"index, follow, max-snippet:-1, max-image-preview:large, max-video-preview:-1\" \/>\n<link rel=\"canonical\" href=\"https:\/\/investmedic-store.com\/?product=ln-oa-lifting-colombien-30pcs\" \/>\n<meta property=\"og:locale\" content=\"fr_FR\" \/>\n<meta property=\"og:type\" content=\"article\" \/>\n<meta property=\"og:title\" content=\"LN-OA LIFTING COLOMBIEN 30PCS - investmedic-store.com\" \/>\n<meta property=\"og:description\" content=\"\u00c0 propos de cet article Enlarge Breast &amp; Scraping:Cet appareil de massage de poitrine combine des fonctions comme le soul\u00e8vement des seins, les rayures et les d\u00e9toxifiants, la peau raffermie et d&#8217;autres fonctions. Appareil permettant de soulever la poitrine, de raffermir, de d\u00e9former et de masser sous vide. Beauty Shaping:Appareil de massage anti-cellulite utilis\u00e9 pour &hellip; LN-OA LIFTING COLOMBIEN 30PCSRead More\" \/>\n<meta property=\"og:url\" content=\"https:\/\/investmedic-store.com\/?product=ln-oa-lifting-colombien-30pcs\" \/>\n<meta property=\"og:site_name\" content=\"investmedic-store.com\" \/>\n<meta property=\"article:publisher\" content=\"https:\/\/www.facebook.com\/invest.medic\" \/>\n<meta property=\"article:modified_time\" content=\"2023-09-04T19:06:40+00:00\" \/>\n<meta property=\"og:image\" content=\"http:\/\/investmedic-store.com\/wp-content\/uploads\/2023\/08\/OIP-7.jpg\" \/>\n\t<meta property=\"og:image:width\" content=\"474\" \/>\n\t<meta property=\"og:image:height\" content=\"355\" \/>\n\t<meta property=\"og:image:type\" content=\"image\/jpeg\" \/>\n<meta name=\"twitter:card\" content=\"summary_large_image\" \/>\n<meta name=\"twitter:label1\" content=\"Dur\u00e9e de lecture estim\u00e9e\" \/>\n\t<meta name=\"twitter:data1\" content=\"2 minutes\" \/>\n<script type=\"application\/ld+json\" class=\"yoast-schema-graph\">{\"@context\":\"https:\/\/schema.org\",\"@graph\":[{\"@type\":\"WebPage\",\"@id\":\"https:\/\/investmedic-store.com\/?product=ln-oa-lifting-colombien-30pcs\",\"url\":\"https:\/\/investmedic-store.com\/?product=ln-oa-lifting-colombien-30pcs\",\"name\":\"LN-OA LIFTING COLOMBIEN 30PCS - investmedic-store.com\",\"isPartOf\":{\"@id\":\"https:\/\/investmedic-store.com\/#website\"},\"datePublished\":\"2023-08-26T13:30:46+00:00\",\"dateModified\":\"2023-09-04T19:06:40+00:00\",\"breadcrumb\":{\"@id\":\"https:\/\/investmedic-store.com\/?product=ln-oa-lifting-colombien-30pcs#breadcrumb\"},\"inLanguage\":\"fr-FR\",\"potentialAction\":[{\"@type\":\"ReadAction\",\"target\":[\"https:\/\/investmedic-store.com\/?product=ln-oa-lifting-colombien-30pcs\"]}]},{\"@type\":\"BreadcrumbList\",\"@id\":\"https:\/\/investmedic-store.com\/?product=ln-oa-lifting-colombien-30pcs#breadcrumb\",\"itemListElement\":[{\"@type\":\"ListItem\",\"position\":1,\"name\":\"Accueil\",\"item\":\"https:\/\/investmedic-store.com\/\"},{\"@type\":\"ListItem\",\"position\":2,\"name\":\"Shop\",\"item\":\"https:\/\/investmedic-store.com\/?page_id=5\"},{\"@type\":\"ListItem\",\"position\":3,\"name\":\"LN-OA LIFTING COLOMBIEN 30PCS\"}]},{\"@type\":\"WebSite\",\"@id\":\"https:\/\/investmedic-store.com\/#website\",\"url\":\"https:\/\/investmedic-store.com\/\",\"name\":\"invest medic store\",\"description\":\"Importation &amp; Distribution Du Materiels Medico-Chirurgicales - \u0627\u0633\u062a\u064a\u0631\u0627\u062f \u0648\u062a\u0648\u0632\u064a\u0639 \u0627\u0644\u0645\u0648\u0627\u062f \u0627\u0644\u0637\u0628\u064a\u0629 \u0627\u0644\u062c\u0631\u0627\u062d\u064a\u0629\",\"publisher\":{\"@id\":\"https:\/\/investmedic-store.com\/#organization\"},\"alternateName\":\"investmedic store\",\"potentialAction\":[{\"@type\":\"SearchAction\",\"target\":{\"@type\":\"EntryPoint\",\"urlTemplate\":\"https:\/\/investmedic-store.com\/?s={search_term_string}\"},\"query-input\":\"required name=search_term_string\"}],\"inLanguage\":\"fr-FR\"},{\"@type\":\"Organization\",\"@id\":\"https:\/\/investmedic-store.com\/#organization\",\"name\":\"invest.medic store\",\"alternateName\":\"investmedic store\",\"url\":\"https:\/\/investmedic-store.com\/\",\"logo\":{\"@type\":\"ImageObject\",\"inLanguage\":\"fr-FR\",\"@id\":\"https:\/\/investmedic-store.com\/#\/schema\/logo\/image\/\",\"url\":\"https:\/\/investmedic-store.com\/wp-content\/uploads\/2023\/07\/cropped-LOGO_INVEST-transformed-removebg-preview-transformed-1-e1690120839263.png\",\"contentUrl\":\"https:\/\/investmedic-store.com\/wp-content\/uploads\/2023\/07\/cropped-LOGO_INVEST-transformed-removebg-preview-transformed-1-e1690120839263.png\",\"width\":512,\"height\":512,\"caption\":\"invest.medic store\"},\"image\":{\"@id\":\"https:\/\/investmedic-store.com\/#\/schema\/logo\/image\/\"},\"sameAs\":[\"https:\/\/www.facebook.com\/invest.medic\"]}]}<\/script>\n<!-- \/ Yoast SEO plugin. -->","yoast_head_json":{"title":"LN-OA LIFTING COLOMBIEN 30PCS - investmedic-store.com","robots":{"index":"index","follow":"follow","max-snippet":"max-snippet:-1","max-image-preview":"max-image-preview:large","max-video-preview":"max-video-preview:-1"},"canonical":"https:\/\/investmedic-store.com\/?product=ln-oa-lifting-colombien-30pcs","og_locale":"fr_FR","og_type":"article","og_title":"LN-OA LIFTING COLOMBIEN 30PCS - investmedic-store.com","og_description":"\u00c0 propos de cet article Enlarge Breast &amp; Scraping:Cet appareil de massage de poitrine combine des fonctions comme le soul\u00e8vement des seins, les rayures et les d\u00e9toxifiants, la peau raffermie et d&#8217;autres fonctions. Appareil permettant de soulever la poitrine, de raffermir, de d\u00e9former et de masser sous vide. Beauty Shaping:Appareil de massage anti-cellulite utilis\u00e9 pour &hellip; LN-OA LIFTING COLOMBIEN 30PCSRead More","og_url":"https:\/\/investmedic-store.com\/?product=ln-oa-lifting-colombien-30pcs","og_site_name":"investmedic-store.com","article_publisher":"https:\/\/www.facebook.com\/invest.medic","article_modified_time":"2023-09-04T19:06:40+00:00","og_image":[{"width":474,"height":355,"url":"http:\/\/investmedic-store.com\/wp-content\/uploads\/2023\/08\/OIP-7.jpg","type":"image\/jpeg"}],"twitter_card":"summary_large_image","twitter_misc":{"Dur\u00e9e de lecture estim\u00e9e":"2 minutes"},"schema":{"@context":"https:\/\/schema.org","@graph":[{"@type":"WebPage","@id":"https:\/\/investmedic-store.com\/?product=ln-oa-lifting-colombien-30pcs","url":"https:\/\/investmedic-store.com\/?product=ln-oa-lifting-colombien-30pcs","name":"LN-OA LIFTING COLOMBIEN 30PCS - investmedic-store.com","isPartOf":{"@id":"https:\/\/investmedic-store.com\/#website"},"datePublished":"2023-08-26T13:30:46+00:00","dateModified":"2023-09-04T19:06:40+00:00","breadcrumb":{"@id":"https:\/\/investmedic-store.com\/?product=ln-oa-lifting-colombien-30pcs#breadcrumb"},"inLanguage":"fr-FR","potentialAction":[{"@type":"ReadAction","target":["https:\/\/investmedic-store.com\/?product=ln-oa-lifting-colombien-30pcs"]}]},{"@type":"BreadcrumbList","@id":"https:\/\/investmedic-store.com\/?product=ln-oa-lifting-colombien-30pcs#breadcrumb","itemListElement":[{"@type":"ListItem","position":1,"name":"Accueil","item":"https:\/\/investmedic-store.com\/"},{"@type":"ListItem","position":2,"name":"Shop","item":"https:\/\/investmedic-store.com\/?page_id=5"},{"@type":"ListItem","position":3,"name":"LN-OA LIFTING COLOMBIEN 30PCS"}]},{"@type":"WebSite","@id":"https:\/\/investmedic-store.com\/#website","url":"https:\/\/investmedic-store.com\/","name":"invest medic store","description":"Importation &amp; Distribution Du Materiels Medico-Chirurgicales - \u0627\u0633\u062a\u064a\u0631\u0627\u062f \u0648\u062a\u0648\u0632\u064a\u0639 \u0627\u0644\u0645\u0648\u0627\u062f \u0627\u0644\u0637\u0628\u064a\u0629 \u0627\u0644\u062c\u0631\u0627\u062d\u064a\u0629","publisher":{"@id":"https:\/\/investmedic-store.com\/#organization"},"alternateName":"investmedic store","potentialAction":[{"@type":"SearchAction","target":{"@type":"EntryPoint","urlTemplate":"https:\/\/investmedic-store.com\/?s={search_term_string}"},"query-input":"required name=search_term_string"}],"inLanguage":"fr-FR"},{"@type":"Organization","@id":"https:\/\/investmedic-store.com\/#organization","name":"invest.medic store","alternateName":"investmedic store","url":"https:\/\/investmedic-store.com\/","logo":{"@type":"ImageObject","inLanguage":"fr-FR","@id":"https:\/\/investmedic-store.com\/#\/schema\/logo\/image\/","url":"https:\/\/investmedic-store.com\/wp-content\/uploads\/2023\/07\/cropped-LOGO_INVEST-transformed-removebg-preview-transformed-1-e1690120839263.png","contentUrl":"https:\/\/investmedic-store.com\/wp-content\/uploads\/2023\/07\/cropped-LOGO_INVEST-transformed-removebg-preview-transformed-1-e1690120839263.png","width":512,"height":512,"caption":"invest.medic store"},"image":{"@id":"https:\/\/investmedic-store.com\/#\/schema\/logo\/image\/"},"sameAs":["https:\/\/www.facebook.com\/invest.medic"]}]}},"_links":{"self":[{"href":"https:\/\/investmedic-store.com\/index.php?rest_route=\/wp\/v2\/product\/1922"}],"collection":[{"href":"https:\/\/investmedic-store.com\/index.php?rest_route=\/wp\/v2\/product"}],"about":[{"href":"https:\/\/investmedic-store.com\/index.php?rest_route=\/wp\/v2\/types\/product"}],"replies":[{"embeddable":true,"href":"https:\/\/investmedic-store.com\/index.php?rest_route=%2Fwp%2Fv2%2Fcomments&post=1922"}],"wp:featuredmedia":[{"embeddable":true,"href":"https:\/\/investmedic-store.com\/index.php?rest_route=\/wp\/v2\/media\/1923"}],"wp:attachment":[{"href":"https:\/\/investmedic-store.com\/index.php?rest_route=%2Fwp%2Fv2%2Fmedia&parent=1922"}],"wp:term":[{"taxonomy":"product_cat","embeddable":true,"href":"https:\/\/investmedic-store.com\/index.php?rest_route=%2Fwp%2Fv2%2Fproduct_cat&post=1922"},{"taxonomy":"product_tag","embeddable":true,"href":"https:\/\/investmedic-store.com\/index.php?rest_route=%2Fwp%2Fv2%2Fproduct_tag&post=1922"}],"curies":[{"name":"wp","href":"https:\/\/api.w.org\/{rel}","templated":true}]}}