{"id":1884,"date":"2023-08-25T22:49:41","date_gmt":"2023-08-25T21:49:41","guid":{"rendered":"https:\/\/investmedic-store.com\/?post_type=product&#038;p=1884"},"modified":"2023-08-25T22:53:58","modified_gmt":"2023-08-25T21:53:58","slug":"plasma-pen-plaxage-l-n18","status":"publish","type":"product","link":"https:\/\/investmedic-store.com\/?product=plasma-pen-plaxage-l-n18","title":{"rendered":"PLASMA PEN  PLAXAGE L-N18"},"content":{"rendered":"<h2 class=\"div-title\">Description<\/h2>\n<div class=\"dec-img-list addheightnew\">\n<div id=\"imglist\">\n<div class=\"detailmodule_text-image\">\n<p>Pour\u00a0<strong>rajeunir votre regard<\/strong>\u00a0<strong>et les expressions de votre visage<\/strong>\u00a0sans chirurgie la technique du stylo plasma, aussi appel\u00e9\u00a0<strong>plasma pen<\/strong>, est d\u00e9sormais propos\u00e9e.<\/p>\n<p>Ce traitement plus l\u00e9ger qu\u2019une bl\u00e9pharoplastie chirurgicale permet de\u00a0<strong>traiter le rel\u00e2chement de la peau sup\u00e9rieure de l\u2019\u0153il<\/strong> gr\u00e2ce \u00e0 des petits arcs \u00e9lectriques qui stimulent la fabrication naturelle de fibres d\u2019\u00e9lastine et de collag\u00e8ne. Il permet ainsi \u00e9galement d\u2019estomper les rides et les ridules sur le front et autour de la bouche. Il agit aussi sur les taches cutan\u00e9es et les vergetures.<\/p>\n<p>L&#8217;\u00e9nergie du plasma est dirig\u00e9e \u00e0 travers une pointe pr\u00e9cise de la pi\u00e8ce \u00e0 main. Il est facile de man\u0153uvrer et de cibler les zones les plus cach\u00e9es, pour obtenir les meilleurs r\u00e9sultats. Pendant le traitement, il doit \u00eatre tenu \u00e0 1 \u00e0 2 mm de la peau afin que le plasma puisse atteindre sa surface. Des pr\u00e9cautions doivent \u00eatre prises lors de cette op\u00e9ration pour assurer une bonne stabilit\u00e9 et un soutien ferme dans la zone de traitement. Simultan\u00e9ment, le plasma Plaxage p\u00e9n\u00e8tre dans les fibroblastes contenus dans le derme en dessous, ce qui stimule la division et la migration acc\u00e9l\u00e9r\u00e9es des cellules de collag\u00e8ne. Le derme est en r\u00e9alit\u00e9 compos\u00e9 \u00e0 environ 95 % de collag\u00e8ne. Les fibroblastes subissent rarement une division au sein des tissus conjonctifs, \u00e0 moins qu\u2019ils ne soient stimul\u00e9s par un processus de cicatrisation ou une r\u00e9ponse inflammatoire. C\u2019est exactement ce que nous faisons avec Plasma Pen, c\u2019est pourquoi nous l\u2019appelons fibroblasting.<\/p>\n<p>Fonctionne sur le principe du gaz ionis\u00e9 dans l&#8217;air. A bonne distance de la peau (zone trait\u00e9e), l&#8217;oxyg\u00e8ne et l&#8217;azote se m\u00e9langent et l&#8217;\u00e9nergie \u00e9lectrostatique produit l&#8217;\u00e9panchement plasmatique, qui se d\u00e9charge sur la peau avec des effets thermiques. Les pores de la peau s&#8217;ouvrent, le plasma ou l&#8217;eau superflu s&#8217;\u00e9vapore et, avec une technique fibroblastique appropri\u00e9e, nous atteignons la contraction de la peau, gr\u00e2ce \u00e0 laquelle l&#8217;exc\u00e8s de peau s&#8217;\u00e9teint superficiellement et tombe sous forme de pellicules dans le cadre du traitement ult\u00e9rieur.<\/p>\n<p>&nbsp;<\/p>\n<\/div>\n<\/div>\n<\/div>\n","protected":false},"excerpt":{"rendered":"<p>Description Pour\u00a0rajeunir votre regard\u00a0et les expressions de votre visage\u00a0sans chirurgie la technique du stylo plasma, aussi appel\u00e9\u00a0plasma pen, est d\u00e9sormais propos\u00e9e. Ce traitement plus l\u00e9ger qu\u2019une bl\u00e9pharoplastie chirurgicale permet de\u00a0traiter le rel\u00e2chement de la peau sup\u00e9rieure de l\u2019\u0153il gr\u00e2ce \u00e0 des petits arcs \u00e9lectriques qui stimulent la fabrication naturelle de fibres d\u2019\u00e9lastine et de collag\u00e8ne. &hellip;<\/p>\n<p class=\"read-more\"> <a class=\" thunk-readmore button \" href=\"https:\/\/investmedic-store.com\/?product=plasma-pen-plaxage-l-n18\"> <span class=\"screen-reader-text\">PLASMA PEN  PLAXAGE L-N18<\/span>Read More<\/a><\/p>\n","protected":false},"featured_media":1885,"comment_status":"open","ping_status":"closed","template":"","meta":{"om_disable_all_campaigns":false,"_joinchat":[]},"product_cat":[15,162],"product_tag":[],"yoast_head":"<!-- This site is optimized with the Yoast SEO plugin v20.12 - https:\/\/yoast.com\/wordpress\/plugins\/seo\/ -->\n<title>PLASMA PEN PLAXAGE L-N18 - investmedic-store.com<\/title>\n<meta name=\"robots\" content=\"index, follow, max-snippet:-1, max-image-preview:large, max-video-preview:-1\" \/>\n<link rel=\"canonical\" href=\"https:\/\/investmedic-store.com\/?product=plasma-pen-plaxage-l-n18\" \/>\n<meta property=\"og:locale\" content=\"fr_FR\" \/>\n<meta property=\"og:type\" content=\"article\" \/>\n<meta property=\"og:title\" content=\"PLASMA PEN PLAXAGE L-N18 - investmedic-store.com\" \/>\n<meta property=\"og:description\" content=\"Description Pour\u00a0rajeunir votre regard\u00a0et les expressions de votre visage\u00a0sans chirurgie la technique du stylo plasma, aussi appel\u00e9\u00a0plasma pen, est d\u00e9sormais propos\u00e9e. Ce traitement plus l\u00e9ger qu\u2019une bl\u00e9pharoplastie chirurgicale permet de\u00a0traiter le rel\u00e2chement de la peau sup\u00e9rieure de l\u2019\u0153il gr\u00e2ce \u00e0 des petits arcs \u00e9lectriques qui stimulent la fabrication naturelle de fibres d\u2019\u00e9lastine et de collag\u00e8ne. &hellip; PLASMA PEN PLAXAGE L-N18Read More\" \/>\n<meta property=\"og:url\" content=\"https:\/\/investmedic-store.com\/?product=plasma-pen-plaxage-l-n18\" \/>\n<meta property=\"og:site_name\" content=\"investmedic-store.com\" \/>\n<meta property=\"article:publisher\" content=\"https:\/\/www.facebook.com\/invest.medic\" \/>\n<meta property=\"article:modified_time\" content=\"2023-08-25T21:53:58+00:00\" \/>\n<meta property=\"og:image\" content=\"http:\/\/investmedic-store.com\/wp-content\/uploads\/2023\/08\/OIP-2-1.jpg\" \/>\n\t<meta property=\"og:image:width\" content=\"474\" \/>\n\t<meta property=\"og:image:height\" content=\"474\" \/>\n\t<meta property=\"og:image:type\" content=\"image\/jpeg\" \/>\n<meta name=\"twitter:card\" content=\"summary_large_image\" \/>\n<meta name=\"twitter:label1\" content=\"Dur\u00e9e de lecture estim\u00e9e\" \/>\n\t<meta name=\"twitter:data1\" content=\"2 minutes\" \/>\n<script type=\"application\/ld+json\" class=\"yoast-schema-graph\">{\"@context\":\"https:\/\/schema.org\",\"@graph\":[{\"@type\":\"WebPage\",\"@id\":\"https:\/\/investmedic-store.com\/?product=plasma-pen-plaxage-l-n18\",\"url\":\"https:\/\/investmedic-store.com\/?product=plasma-pen-plaxage-l-n18\",\"name\":\"PLASMA PEN PLAXAGE L-N18 - investmedic-store.com\",\"isPartOf\":{\"@id\":\"https:\/\/investmedic-store.com\/#website\"},\"datePublished\":\"2023-08-25T21:49:41+00:00\",\"dateModified\":\"2023-08-25T21:53:58+00:00\",\"breadcrumb\":{\"@id\":\"https:\/\/investmedic-store.com\/?product=plasma-pen-plaxage-l-n18#breadcrumb\"},\"inLanguage\":\"fr-FR\",\"potentialAction\":[{\"@type\":\"ReadAction\",\"target\":[\"https:\/\/investmedic-store.com\/?product=plasma-pen-plaxage-l-n18\"]}]},{\"@type\":\"BreadcrumbList\",\"@id\":\"https:\/\/investmedic-store.com\/?product=plasma-pen-plaxage-l-n18#breadcrumb\",\"itemListElement\":[{\"@type\":\"ListItem\",\"position\":1,\"name\":\"Accueil\",\"item\":\"https:\/\/investmedic-store.com\/\"},{\"@type\":\"ListItem\",\"position\":2,\"name\":\"Shop\",\"item\":\"https:\/\/investmedic-store.com\/?page_id=5\"},{\"@type\":\"ListItem\",\"position\":3,\"name\":\"PLASMA PEN PLAXAGE L-N18\"}]},{\"@type\":\"WebSite\",\"@id\":\"https:\/\/investmedic-store.com\/#website\",\"url\":\"https:\/\/investmedic-store.com\/\",\"name\":\"invest medic store\",\"description\":\"Importation &amp; Distribution Du Materiels Medico-Chirurgicales - \u0627\u0633\u062a\u064a\u0631\u0627\u062f \u0648\u062a\u0648\u0632\u064a\u0639 \u0627\u0644\u0645\u0648\u0627\u062f \u0627\u0644\u0637\u0628\u064a\u0629 \u0627\u0644\u062c\u0631\u0627\u062d\u064a\u0629\",\"publisher\":{\"@id\":\"https:\/\/investmedic-store.com\/#organization\"},\"alternateName\":\"investmedic store\",\"potentialAction\":[{\"@type\":\"SearchAction\",\"target\":{\"@type\":\"EntryPoint\",\"urlTemplate\":\"https:\/\/investmedic-store.com\/?s={search_term_string}\"},\"query-input\":\"required name=search_term_string\"}],\"inLanguage\":\"fr-FR\"},{\"@type\":\"Organization\",\"@id\":\"https:\/\/investmedic-store.com\/#organization\",\"name\":\"invest.medic store\",\"alternateName\":\"investmedic store\",\"url\":\"https:\/\/investmedic-store.com\/\",\"logo\":{\"@type\":\"ImageObject\",\"inLanguage\":\"fr-FR\",\"@id\":\"https:\/\/investmedic-store.com\/#\/schema\/logo\/image\/\",\"url\":\"https:\/\/investmedic-store.com\/wp-content\/uploads\/2023\/07\/cropped-LOGO_INVEST-transformed-removebg-preview-transformed-1-e1690120839263.png\",\"contentUrl\":\"https:\/\/investmedic-store.com\/wp-content\/uploads\/2023\/07\/cropped-LOGO_INVEST-transformed-removebg-preview-transformed-1-e1690120839263.png\",\"width\":512,\"height\":512,\"caption\":\"invest.medic store\"},\"image\":{\"@id\":\"https:\/\/investmedic-store.com\/#\/schema\/logo\/image\/\"},\"sameAs\":[\"https:\/\/www.facebook.com\/invest.medic\"]}]}<\/script>\n<!-- \/ Yoast SEO plugin. -->","yoast_head_json":{"title":"PLASMA PEN PLAXAGE L-N18 - investmedic-store.com","robots":{"index":"index","follow":"follow","max-snippet":"max-snippet:-1","max-image-preview":"max-image-preview:large","max-video-preview":"max-video-preview:-1"},"canonical":"https:\/\/investmedic-store.com\/?product=plasma-pen-plaxage-l-n18","og_locale":"fr_FR","og_type":"article","og_title":"PLASMA PEN PLAXAGE L-N18 - investmedic-store.com","og_description":"Description Pour\u00a0rajeunir votre regard\u00a0et les expressions de votre visage\u00a0sans chirurgie la technique du stylo plasma, aussi appel\u00e9\u00a0plasma pen, est d\u00e9sormais propos\u00e9e. Ce traitement plus l\u00e9ger qu\u2019une bl\u00e9pharoplastie chirurgicale permet de\u00a0traiter le rel\u00e2chement de la peau sup\u00e9rieure de l\u2019\u0153il gr\u00e2ce \u00e0 des petits arcs \u00e9lectriques qui stimulent la fabrication naturelle de fibres d\u2019\u00e9lastine et de collag\u00e8ne. &hellip; PLASMA PEN PLAXAGE L-N18Read More","og_url":"https:\/\/investmedic-store.com\/?product=plasma-pen-plaxage-l-n18","og_site_name":"investmedic-store.com","article_publisher":"https:\/\/www.facebook.com\/invest.medic","article_modified_time":"2023-08-25T21:53:58+00:00","og_image":[{"width":474,"height":474,"url":"http:\/\/investmedic-store.com\/wp-content\/uploads\/2023\/08\/OIP-2-1.jpg","type":"image\/jpeg"}],"twitter_card":"summary_large_image","twitter_misc":{"Dur\u00e9e de lecture estim\u00e9e":"2 minutes"},"schema":{"@context":"https:\/\/schema.org","@graph":[{"@type":"WebPage","@id":"https:\/\/investmedic-store.com\/?product=plasma-pen-plaxage-l-n18","url":"https:\/\/investmedic-store.com\/?product=plasma-pen-plaxage-l-n18","name":"PLASMA PEN PLAXAGE L-N18 - investmedic-store.com","isPartOf":{"@id":"https:\/\/investmedic-store.com\/#website"},"datePublished":"2023-08-25T21:49:41+00:00","dateModified":"2023-08-25T21:53:58+00:00","breadcrumb":{"@id":"https:\/\/investmedic-store.com\/?product=plasma-pen-plaxage-l-n18#breadcrumb"},"inLanguage":"fr-FR","potentialAction":[{"@type":"ReadAction","target":["https:\/\/investmedic-store.com\/?product=plasma-pen-plaxage-l-n18"]}]},{"@type":"BreadcrumbList","@id":"https:\/\/investmedic-store.com\/?product=plasma-pen-plaxage-l-n18#breadcrumb","itemListElement":[{"@type":"ListItem","position":1,"name":"Accueil","item":"https:\/\/investmedic-store.com\/"},{"@type":"ListItem","position":2,"name":"Shop","item":"https:\/\/investmedic-store.com\/?page_id=5"},{"@type":"ListItem","position":3,"name":"PLASMA PEN PLAXAGE L-N18"}]},{"@type":"WebSite","@id":"https:\/\/investmedic-store.com\/#website","url":"https:\/\/investmedic-store.com\/","name":"invest medic store","description":"Importation &amp; Distribution Du Materiels Medico-Chirurgicales - \u0627\u0633\u062a\u064a\u0631\u0627\u062f \u0648\u062a\u0648\u0632\u064a\u0639 \u0627\u0644\u0645\u0648\u0627\u062f \u0627\u0644\u0637\u0628\u064a\u0629 \u0627\u0644\u062c\u0631\u0627\u062d\u064a\u0629","publisher":{"@id":"https:\/\/investmedic-store.com\/#organization"},"alternateName":"investmedic store","potentialAction":[{"@type":"SearchAction","target":{"@type":"EntryPoint","urlTemplate":"https:\/\/investmedic-store.com\/?s={search_term_string}"},"query-input":"required name=search_term_string"}],"inLanguage":"fr-FR"},{"@type":"Organization","@id":"https:\/\/investmedic-store.com\/#organization","name":"invest.medic store","alternateName":"investmedic store","url":"https:\/\/investmedic-store.com\/","logo":{"@type":"ImageObject","inLanguage":"fr-FR","@id":"https:\/\/investmedic-store.com\/#\/schema\/logo\/image\/","url":"https:\/\/investmedic-store.com\/wp-content\/uploads\/2023\/07\/cropped-LOGO_INVEST-transformed-removebg-preview-transformed-1-e1690120839263.png","contentUrl":"https:\/\/investmedic-store.com\/wp-content\/uploads\/2023\/07\/cropped-LOGO_INVEST-transformed-removebg-preview-transformed-1-e1690120839263.png","width":512,"height":512,"caption":"invest.medic store"},"image":{"@id":"https:\/\/investmedic-store.com\/#\/schema\/logo\/image\/"},"sameAs":["https:\/\/www.facebook.com\/invest.medic"]}]}},"_links":{"self":[{"href":"https:\/\/investmedic-store.com\/index.php?rest_route=\/wp\/v2\/product\/1884"}],"collection":[{"href":"https:\/\/investmedic-store.com\/index.php?rest_route=\/wp\/v2\/product"}],"about":[{"href":"https:\/\/investmedic-store.com\/index.php?rest_route=\/wp\/v2\/types\/product"}],"replies":[{"embeddable":true,"href":"https:\/\/investmedic-store.com\/index.php?rest_route=%2Fwp%2Fv2%2Fcomments&post=1884"}],"wp:featuredmedia":[{"embeddable":true,"href":"https:\/\/investmedic-store.com\/index.php?rest_route=\/wp\/v2\/media\/1885"}],"wp:attachment":[{"href":"https:\/\/investmedic-store.com\/index.php?rest_route=%2Fwp%2Fv2%2Fmedia&parent=1884"}],"wp:term":[{"taxonomy":"product_cat","embeddable":true,"href":"https:\/\/investmedic-store.com\/index.php?rest_route=%2Fwp%2Fv2%2Fproduct_cat&post=1884"},{"taxonomy":"product_tag","embeddable":true,"href":"https:\/\/investmedic-store.com\/index.php?rest_route=%2Fwp%2Fv2%2Fproduct_tag&post=1884"}],"curies":[{"name":"wp","href":"https:\/\/api.w.org\/{rel}","templated":true}]}}