{"id":1882,"date":"2023-08-25T22:04:31","date_gmt":"2023-08-25T21:04:31","guid":{"rendered":"https:\/\/investmedic-store.com\/?post_type=product&#038;p=1882"},"modified":"2023-08-25T22:04:32","modified_gmt":"2023-08-25T21:04:32","slug":"microneedling-rf-fractionner-ln-secret-2-in-1-avec-chariot","status":"publish","type":"product","link":"https:\/\/investmedic-store.com\/?product=microneedling-rf-fractionner-ln-secret-2-in-1-avec-chariot","title":{"rendered":"MICRONEEDLING RF FRACTIONNER LN-SECRET 2 IN 1 AVEC  CHARIOT"},"content":{"rendered":"<div class=\"content-down\">\n<div class=\"block-wrap\">\n<div class=\"j-report-wrap clearfix\">\n<div class=\"report-warp-right\">\n<div class=\"report-contont-wrap clearfix\">\n<div class=\"contont-wrap description-wrap\">\n<div class=\"div-description div-wrap\">\n<div class=\"dec-img-list addheightnew\">\n<div id=\"imglist\">\n<div class=\"product-details\">\n<div class=\"pd-content\">\n<p>DESCRIPTION<br \/>\nMicro-aiguille fractionnaire RFest une technologie id\u00e9ale pour le rajeunissement de la peau en appliquant une \u00e9nergie RF contr\u00f4l\u00e9e avec pr\u00e9cision directement dans une certaine profondeur de derme avec des micro-aiguilles peu invasives. Une telle combinaison id\u00e9ale de micro-aiguilletage et d&#8217;\u00e9nergie RF r\u00e9duit le temps de traitement et le temps de r\u00e9cup\u00e9ration, ce qui se diff\u00e9rencie consid\u00e9rablement du traitement fractionn\u00e9 au laser.<br \/>\nDe plus, le syst\u00e8me RF \u00e0 micro-aiguilles fractionn\u00e9es peut \u00eatre trait\u00e9 quel que soit le type de peau, m\u00eame une peau plus fonc\u00e9e avec un faible risque de br\u00fblures cutan\u00e9es et PIH par rapport \u00e0 d&#8217;autres traitements au laser<\/p>\n<p>&nbsp;<\/p>\n<p>Principe<\/p>\n<p>Syst\u00e8me d&#8217;aiguille RF fractionnaire gr\u00e2ce \u00e0 la conception sp\u00e9ciale de nombreux r\u00e9seaux de points d&#8217;aiguilles fractionnaires, le moteur num\u00e9rique \u00e0 grande vitesse contr\u00f4le l&#8217;ordre \u00e0 travers l&#8217;\u00e9piderme et le derme avec pr\u00e9cision pour contr\u00f4ler la profondeur de 0,25 \u00e0 3 mm, encore une fois \u00e0 la fin de la lib\u00e9ration de l&#8217;aiguille en treillis RF, stimule le collag\u00e8ne et le tissu \u00e9lastique, la couche \u00e9pidermique est s\u00fbre, l&#8217;\u00e9nergie RF peut bien p\u00e9n\u00e9trer dans le derme, stimuler l&#8217;hyperplasie des prot\u00e9ines de collag\u00e8ne, non seulement est le meilleur moyen d&#8217;am\u00e9liorer les cicatrices, mais aussi le resserrement \u00e0 long terme des rides de la peau induit la bonne m\u00e9thode.<\/p>\n<div id=\"ali-anchor-AliPostDhMb-hpf93\" data-section=\"AliPostDhMb-hpf93\" data-section-title=\"Product Effects\">\n<div id=\"ali-title-AliPostDhMb-hpf93\">Effets du produit<\/div>\n<div>\n<p>1. Anti-rides, raffermissant la peau, am\u00e9liore les pseudo-rides, dissout les graisses, fa\u00e7onne et lifte.<\/p>\n<\/div>\n<\/div>\n<div>2. Am\u00e9liorer rapidement le sympt\u00f4me terne et sans \u00e9clat, am\u00e9liorer la peau s\u00e8che et le teint jaun\u00e2tre, \u00e9claircir la peau et la rendre plus tendre.<\/div>\n<div>3. Favorise activement la circulation lymphatique faciale, r\u00e9sout le probl\u00e8me de l&#8217;\u0153d\u00e8me cutan\u00e9<\/div>\n<div>4. Soulever et raffermir la peau, r\u00e9soudre efficacement le probl\u00e8me de l&#8217;affaissement du visage, fa\u00e7onner le visage d\u00e9licat, r\u00e9parer les vergetures.<\/div>\n<div>5. Enlever le bord noir de l&#8217;\u0153il, les poches sous les yeux et les rides autour de l&#8217;\u0153il<\/div>\n<div>6. R\u00e9tr\u00e9cir les pores, r\u00e9parer les cicatrices, apaiser la peau<\/div>\n<div>\n<p><strong>Pr\u00e9sentation du syst\u00e8me<\/strong><\/p>\n<p>Le syst\u00e8me Secret Micro-Needle Fractional RF est la technologie id\u00e9ale pour le lifting, le raffermissement et le rajeunissement de la peau en utilisant des micro-aiguilles peu invasives pour d\u00e9livrer une \u00e9nergie RF contr\u00f4l\u00e9e directement dans diff\u00e9rentes profondeurs de la peau.<\/p>\n<p data-spm-anchor-id=\"a2700.details.pronpeci14.i27.255a7a09ep1IJb\">Il a eu un succ\u00e8s exceptionnel pour les types de peau avec un tr\u00e8s faible risque d&#8217;effets secondaires et de PIH &#8211; une diff\u00e9rence cl\u00e9 par rapport aux traitements \u00e0 base optique (IPL Laser).<\/p>\n<p>&nbsp;<\/p>\n<p>L&#8217;\u00e9nergie RF est d\u00e9livr\u00e9e \u00e0 travers la pointe focalis\u00e9e des micro-aiguilles, entra\u00eenant un traumatisme beaucoup moins important sur l&#8217;\u00e9piderme environnant. Cela conduit \u00e0 une diminution significative de l&#8217;inconfort et des temps d&#8217;arr\u00eat pour le patient par rapport aux lasers fractionn\u00e9s conventionnels. Les micro-aiguilles non isol\u00e9es sont plus efficaces et prennent en charge les probl\u00e8mes \u00e9pidermiques et dermiques sans avoir besoin de traitements RF fractionn\u00e9s superficiels (SFR) suppl\u00e9mentaires.<\/p>\n<p><strong>AVANTAGE<\/strong><\/p>\n<p>1. Aiguilles non isol\u00e9es\u00a0: traitement \u00e9gal \u00e0 l&#8217;\u00e9piderme et au derme<\/p>\n<p>2. Type de moteur pas \u00e0 pas : l&#8217;aiguille s&#8217;ins\u00e8re sur la peau en douceur sans choc<\/p>\n<p>3. Aiguilles plaqu\u00e9es or : haute biocompatibilit\u00e9, convient aux patients allergiques aux m\u00e9taux.<\/p>\n<p>4. Contr\u00f4le pr\u00e9cis de la profondeur\u00a0: 0,2-3,5\u00a0mm par unit\u00e9 de 0,1\u00a0mm<\/p>\n<p>5. Syst\u00e8me d&#8217;aiguille de s\u00e9curit\u00e9 :<\/p>\n<p>&#8211; cartouches d&#8217;aiguilles jetables st\u00e9rilis\u00e9es<\/p>\n<p>-sonde combin\u00e9e d&#8217;aspiration pour un meilleur contact avec la peau<\/p>\n<p>6. Conception conviviale de la pi\u00e8ce \u00e0 main\u00a0:<\/p>\n<p>-bouton de d\u00e9clenchement de la pi\u00e8ce \u00e0 main<\/p>\n<p>-3 cartouches d&#8217;aiguilles de formes diff\u00e9rentes adapt\u00e9es \u00e0 diff\u00e9rentes zones de traitement<\/p>\n<table>\n<tbody>\n<tr>\n<td valign=\"top\" width=\"195\"><strong>Soin du visage<\/strong><\/td>\n<td valign=\"top\" width=\"202\"><strong>Traitement du corps<\/strong><\/td>\n<\/tr>\n<tr>\n<td valign=\"top\">Lifting du visage non chirurgical<\/td>\n<td valign=\"top\" width=\"202\">Cicatrices<\/td>\n<\/tr>\n<tr>\n<td valign=\"top\">Raffermissement de la peau<\/td>\n<td valign=\"top\" width=\"202\">Rides du cou<\/td>\n<\/tr>\n<tr>\n<td valign=\"top\">Rajeunissement de la peau<\/td>\n<td valign=\"top\" width=\"202\">Vergetures<\/td>\n<\/tr>\n<tr>\n<td valign=\"top\">Blanchiment<\/td>\n<td valign=\"top\" width=\"202\"><\/td>\n<\/tr>\n<tr>\n<td valign=\"top\">R\u00e9duction des pores<\/td>\n<td valign=\"top\" width=\"202\"><\/td>\n<\/tr>\n<tr>\n<td valign=\"top\">Cicatrices d&#8217;acn\u00e9<\/td>\n<td valign=\"top\" width=\"202\"><\/td>\n<\/tr>\n<\/tbody>\n<\/table>\n<p>&nbsp;<\/p>\n<p>L&#8217;\u00e9nergie RF est d\u00e9livr\u00e9e \u00e0 travers la pointe focalis\u00e9e des micro-aiguilles, entra\u00eenant un traumatisme beaucoup moins important sur l&#8217;\u00e9piderme environnant. Cela conduit \u00e0 une diminution significative de l&#8217;inconfort et des temps d&#8217;arr\u00eat pour le patient par rapport aux lasers fractionn\u00e9s conventionnels. Les micro-aiguilles non isol\u00e9es sont plus efficaces et prennent en charge les probl\u00e8mes \u00e9pidermiques et dermiques sans avoir besoin de traitements RF fractionn\u00e9s superficiels (SFR) suppl\u00e9mentaires<\/p>\n<p><strong>AVANTAGE<\/strong><\/p>\n<p>1.<strong>Aiguilles isol\u00e9es<\/strong>: prot\u00e8ge l&#8217;\u00e9piderme, \u00e9vite les br\u00fblures<\/p>\n<p>2.<strong>Type de moteur pas \u00e0 pas<\/strong>: insertions d&#8217;aiguilles sur la peau en douceur sans choc<\/p>\n<p>3.<strong>Aiguilles plaqu\u00e9es or<\/strong>:haute biocompatibilit\u00e9, convient aux patients allergiques aux m\u00e9taux<\/p>\n<p>4.<strong>Contr\u00f4le pr\u00e9cis de la profondeur<\/strong>:0,2-3,5 mm par unit\u00e9 de 0,1 mm<\/p>\n<p>5.<strong>Traitement de s\u00e9curit\u00e9<\/strong>: cartouches d&#8217;aiguilles jetables st\u00e9rilis\u00e9es<\/p>\n<p>6.<strong>Sonde combin\u00e9e d&#8217;aspiration<\/strong>pour un meilleur contact avec la peau<\/p>\n<p><strong>7.<\/strong><strong>Pi\u00e8ce \u00e0 main \u00e0 bouton de d\u00e9clenchement<\/strong>fonctionnement flexible de la pi\u00e8ce \u00e0 main<\/p>\n<p><strong>8.<\/strong><strong>4 tailles de cartouches<\/strong>convient \u00e0 diff\u00e9rentes zones de traitement<\/p>\n<p>&nbsp;<\/p>\n<\/div>\n<\/div>\n<\/div>\n<\/div>\n<\/div>\n<\/div>\n<\/div>\n<\/div>\n<\/div>\n<\/div>\n<\/div>\n<\/div>\n<div id=\"rightExpressCart\" class=\"right-express-cart\">\n<div class=\"cart-skeleton-wrap\">\n<div class=\"skeleton-cart-list\">\n<div class=\"skeleton-list-item\">\n<div class=\"skeleton-item-img\"><\/div>\n<div class=\"skeleton-item-line\"><\/div>\n<div class=\"skeleton-item-line\"><\/div>\n<\/div>\n<div class=\"skeleton-list-item\">\n<div class=\"skeleton-item-img\"><\/div>\n<div class=\"skeleton-item-line\"><\/div>\n<div class=\"skeleton-item-line\"><\/div>\n<\/div>\n<div class=\"skeleton-list-item\">\n<div class=\"skeleton-item-img\"><\/div>\n<div class=\"skeleton-item-line\"><\/div>\n<div class=\"skeleton-item-line\"><\/div>\n<\/div>\n<div class=\"skeleton-list-item\">\n<div class=\"skeleton-item-img\"><\/div>\n<div class=\"skeleton-item-line\"><\/div>\n<div class=\"skeleton-item-line\"><\/div>\n<\/div>\n<\/div>\n<\/div>\n<\/div>\n","protected":false},"excerpt":{"rendered":"<p>DESCRIPTION Micro-aiguille fractionnaire RFest une technologie id\u00e9ale pour le rajeunissement de la peau en appliquant une \u00e9nergie RF contr\u00f4l\u00e9e avec pr\u00e9cision directement dans une certaine profondeur de derme avec des micro-aiguilles peu invasives. Une telle combinaison id\u00e9ale de micro-aiguilletage et d&#8217;\u00e9nergie RF r\u00e9duit le temps de traitement et le temps de r\u00e9cup\u00e9ration, ce qui se &hellip;<\/p>\n<p class=\"read-more\"> <a class=\" thunk-readmore button \" href=\"https:\/\/investmedic-store.com\/?product=microneedling-rf-fractionner-ln-secret-2-in-1-avec-chariot\"> <span class=\"screen-reader-text\">MICRONEEDLING RF FRACTIONNER LN-SECRET 2 IN 1 AVEC  CHARIOT<\/span>Read More<\/a><\/p>\n","protected":false},"featured_media":1883,"comment_status":"open","ping_status":"closed","template":"","meta":{"om_disable_all_campaigns":false,"_joinchat":[]},"product_cat":[15,162],"product_tag":[],"yoast_head":"<!-- This site is optimized with the Yoast SEO plugin v20.12 - https:\/\/yoast.com\/wordpress\/plugins\/seo\/ -->\n<title>MICRONEEDLING RF FRACTIONNER LN-SECRET 2 IN 1 AVEC CHARIOT - investmedic-store.com<\/title>\n<meta name=\"robots\" content=\"index, follow, max-snippet:-1, max-image-preview:large, max-video-preview:-1\" \/>\n<link rel=\"canonical\" href=\"https:\/\/investmedic-store.com\/?product=microneedling-rf-fractionner-ln-secret-2-in-1-avec-chariot\" \/>\n<meta property=\"og:locale\" content=\"fr_FR\" \/>\n<meta property=\"og:type\" content=\"article\" \/>\n<meta property=\"og:title\" content=\"MICRONEEDLING RF FRACTIONNER LN-SECRET 2 IN 1 AVEC CHARIOT - investmedic-store.com\" \/>\n<meta property=\"og:description\" content=\"DESCRIPTION Micro-aiguille fractionnaire RFest une technologie id\u00e9ale pour le rajeunissement de la peau en appliquant une \u00e9nergie RF contr\u00f4l\u00e9e avec pr\u00e9cision directement dans une certaine profondeur de derme avec des micro-aiguilles peu invasives. Une telle combinaison id\u00e9ale de micro-aiguilletage et d&#8217;\u00e9nergie RF r\u00e9duit le temps de traitement et le temps de r\u00e9cup\u00e9ration, ce qui se &hellip; MICRONEEDLING RF FRACTIONNER LN-SECRET 2 IN 1 AVEC CHARIOTRead More\" \/>\n<meta property=\"og:url\" content=\"https:\/\/investmedic-store.com\/?product=microneedling-rf-fractionner-ln-secret-2-in-1-avec-chariot\" \/>\n<meta property=\"og:site_name\" content=\"investmedic-store.com\" \/>\n<meta property=\"article:publisher\" content=\"https:\/\/www.facebook.com\/invest.medic\" \/>\n<meta property=\"article:modified_time\" content=\"2023-08-25T21:04:32+00:00\" \/>\n<meta property=\"og:image\" content=\"http:\/\/investmedic-store.com\/wp-content\/uploads\/2023\/08\/photo_2023-08-25_20-16-57.jpg\" \/>\n\t<meta property=\"og:image:width\" content=\"804\" \/>\n\t<meta property=\"og:image:height\" content=\"634\" \/>\n\t<meta property=\"og:image:type\" content=\"image\/jpeg\" \/>\n<meta name=\"twitter:card\" content=\"summary_large_image\" \/>\n<meta name=\"twitter:label1\" content=\"Dur\u00e9e de lecture estim\u00e9e\" \/>\n\t<meta name=\"twitter:data1\" content=\"4 minutes\" \/>\n<script type=\"application\/ld+json\" class=\"yoast-schema-graph\">{\"@context\":\"https:\/\/schema.org\",\"@graph\":[{\"@type\":\"WebPage\",\"@id\":\"https:\/\/investmedic-store.com\/?product=microneedling-rf-fractionner-ln-secret-2-in-1-avec-chariot\",\"url\":\"https:\/\/investmedic-store.com\/?product=microneedling-rf-fractionner-ln-secret-2-in-1-avec-chariot\",\"name\":\"MICRONEEDLING RF FRACTIONNER LN-SECRET 2 IN 1 AVEC CHARIOT - investmedic-store.com\",\"isPartOf\":{\"@id\":\"https:\/\/investmedic-store.com\/#website\"},\"datePublished\":\"2023-08-25T21:04:31+00:00\",\"dateModified\":\"2023-08-25T21:04:32+00:00\",\"breadcrumb\":{\"@id\":\"https:\/\/investmedic-store.com\/?product=microneedling-rf-fractionner-ln-secret-2-in-1-avec-chariot#breadcrumb\"},\"inLanguage\":\"fr-FR\",\"potentialAction\":[{\"@type\":\"ReadAction\",\"target\":[\"https:\/\/investmedic-store.com\/?product=microneedling-rf-fractionner-ln-secret-2-in-1-avec-chariot\"]}]},{\"@type\":\"BreadcrumbList\",\"@id\":\"https:\/\/investmedic-store.com\/?product=microneedling-rf-fractionner-ln-secret-2-in-1-avec-chariot#breadcrumb\",\"itemListElement\":[{\"@type\":\"ListItem\",\"position\":1,\"name\":\"Accueil\",\"item\":\"https:\/\/investmedic-store.com\/\"},{\"@type\":\"ListItem\",\"position\":2,\"name\":\"Shop\",\"item\":\"https:\/\/investmedic-store.com\/?page_id=5\"},{\"@type\":\"ListItem\",\"position\":3,\"name\":\"MICRONEEDLING RF FRACTIONNER LN-SECRET 2 IN 1 AVEC CHARIOT\"}]},{\"@type\":\"WebSite\",\"@id\":\"https:\/\/investmedic-store.com\/#website\",\"url\":\"https:\/\/investmedic-store.com\/\",\"name\":\"invest medic store\",\"description\":\"Importation &amp; Distribution Du Materiels Medico-Chirurgicales - \u0627\u0633\u062a\u064a\u0631\u0627\u062f \u0648\u062a\u0648\u0632\u064a\u0639 \u0627\u0644\u0645\u0648\u0627\u062f \u0627\u0644\u0637\u0628\u064a\u0629 \u0627\u0644\u062c\u0631\u0627\u062d\u064a\u0629\",\"publisher\":{\"@id\":\"https:\/\/investmedic-store.com\/#organization\"},\"alternateName\":\"investmedic store\",\"potentialAction\":[{\"@type\":\"SearchAction\",\"target\":{\"@type\":\"EntryPoint\",\"urlTemplate\":\"https:\/\/investmedic-store.com\/?s={search_term_string}\"},\"query-input\":\"required name=search_term_string\"}],\"inLanguage\":\"fr-FR\"},{\"@type\":\"Organization\",\"@id\":\"https:\/\/investmedic-store.com\/#organization\",\"name\":\"invest.medic store\",\"alternateName\":\"investmedic store\",\"url\":\"https:\/\/investmedic-store.com\/\",\"logo\":{\"@type\":\"ImageObject\",\"inLanguage\":\"fr-FR\",\"@id\":\"https:\/\/investmedic-store.com\/#\/schema\/logo\/image\/\",\"url\":\"https:\/\/investmedic-store.com\/wp-content\/uploads\/2023\/07\/cropped-LOGO_INVEST-transformed-removebg-preview-transformed-1-e1690120839263.png\",\"contentUrl\":\"https:\/\/investmedic-store.com\/wp-content\/uploads\/2023\/07\/cropped-LOGO_INVEST-transformed-removebg-preview-transformed-1-e1690120839263.png\",\"width\":512,\"height\":512,\"caption\":\"invest.medic store\"},\"image\":{\"@id\":\"https:\/\/investmedic-store.com\/#\/schema\/logo\/image\/\"},\"sameAs\":[\"https:\/\/www.facebook.com\/invest.medic\"]}]}<\/script>\n<!-- \/ Yoast SEO plugin. -->","yoast_head_json":{"title":"MICRONEEDLING RF FRACTIONNER LN-SECRET 2 IN 1 AVEC CHARIOT - investmedic-store.com","robots":{"index":"index","follow":"follow","max-snippet":"max-snippet:-1","max-image-preview":"max-image-preview:large","max-video-preview":"max-video-preview:-1"},"canonical":"https:\/\/investmedic-store.com\/?product=microneedling-rf-fractionner-ln-secret-2-in-1-avec-chariot","og_locale":"fr_FR","og_type":"article","og_title":"MICRONEEDLING RF FRACTIONNER LN-SECRET 2 IN 1 AVEC CHARIOT - investmedic-store.com","og_description":"DESCRIPTION Micro-aiguille fractionnaire RFest une technologie id\u00e9ale pour le rajeunissement de la peau en appliquant une \u00e9nergie RF contr\u00f4l\u00e9e avec pr\u00e9cision directement dans une certaine profondeur de derme avec des micro-aiguilles peu invasives. Une telle combinaison id\u00e9ale de micro-aiguilletage et d&#8217;\u00e9nergie RF r\u00e9duit le temps de traitement et le temps de r\u00e9cup\u00e9ration, ce qui se &hellip; MICRONEEDLING RF FRACTIONNER LN-SECRET 2 IN 1 AVEC CHARIOTRead More","og_url":"https:\/\/investmedic-store.com\/?product=microneedling-rf-fractionner-ln-secret-2-in-1-avec-chariot","og_site_name":"investmedic-store.com","article_publisher":"https:\/\/www.facebook.com\/invest.medic","article_modified_time":"2023-08-25T21:04:32+00:00","og_image":[{"width":804,"height":634,"url":"http:\/\/investmedic-store.com\/wp-content\/uploads\/2023\/08\/photo_2023-08-25_20-16-57.jpg","type":"image\/jpeg"}],"twitter_card":"summary_large_image","twitter_misc":{"Dur\u00e9e de lecture estim\u00e9e":"4 minutes"},"schema":{"@context":"https:\/\/schema.org","@graph":[{"@type":"WebPage","@id":"https:\/\/investmedic-store.com\/?product=microneedling-rf-fractionner-ln-secret-2-in-1-avec-chariot","url":"https:\/\/investmedic-store.com\/?product=microneedling-rf-fractionner-ln-secret-2-in-1-avec-chariot","name":"MICRONEEDLING RF FRACTIONNER LN-SECRET 2 IN 1 AVEC CHARIOT - investmedic-store.com","isPartOf":{"@id":"https:\/\/investmedic-store.com\/#website"},"datePublished":"2023-08-25T21:04:31+00:00","dateModified":"2023-08-25T21:04:32+00:00","breadcrumb":{"@id":"https:\/\/investmedic-store.com\/?product=microneedling-rf-fractionner-ln-secret-2-in-1-avec-chariot#breadcrumb"},"inLanguage":"fr-FR","potentialAction":[{"@type":"ReadAction","target":["https:\/\/investmedic-store.com\/?product=microneedling-rf-fractionner-ln-secret-2-in-1-avec-chariot"]}]},{"@type":"BreadcrumbList","@id":"https:\/\/investmedic-store.com\/?product=microneedling-rf-fractionner-ln-secret-2-in-1-avec-chariot#breadcrumb","itemListElement":[{"@type":"ListItem","position":1,"name":"Accueil","item":"https:\/\/investmedic-store.com\/"},{"@type":"ListItem","position":2,"name":"Shop","item":"https:\/\/investmedic-store.com\/?page_id=5"},{"@type":"ListItem","position":3,"name":"MICRONEEDLING RF FRACTIONNER LN-SECRET 2 IN 1 AVEC CHARIOT"}]},{"@type":"WebSite","@id":"https:\/\/investmedic-store.com\/#website","url":"https:\/\/investmedic-store.com\/","name":"invest medic store","description":"Importation &amp; Distribution Du Materiels Medico-Chirurgicales - \u0627\u0633\u062a\u064a\u0631\u0627\u062f \u0648\u062a\u0648\u0632\u064a\u0639 \u0627\u0644\u0645\u0648\u0627\u062f \u0627\u0644\u0637\u0628\u064a\u0629 \u0627\u0644\u062c\u0631\u0627\u062d\u064a\u0629","publisher":{"@id":"https:\/\/investmedic-store.com\/#organization"},"alternateName":"investmedic store","potentialAction":[{"@type":"SearchAction","target":{"@type":"EntryPoint","urlTemplate":"https:\/\/investmedic-store.com\/?s={search_term_string}"},"query-input":"required name=search_term_string"}],"inLanguage":"fr-FR"},{"@type":"Organization","@id":"https:\/\/investmedic-store.com\/#organization","name":"invest.medic store","alternateName":"investmedic store","url":"https:\/\/investmedic-store.com\/","logo":{"@type":"ImageObject","inLanguage":"fr-FR","@id":"https:\/\/investmedic-store.com\/#\/schema\/logo\/image\/","url":"https:\/\/investmedic-store.com\/wp-content\/uploads\/2023\/07\/cropped-LOGO_INVEST-transformed-removebg-preview-transformed-1-e1690120839263.png","contentUrl":"https:\/\/investmedic-store.com\/wp-content\/uploads\/2023\/07\/cropped-LOGO_INVEST-transformed-removebg-preview-transformed-1-e1690120839263.png","width":512,"height":512,"caption":"invest.medic store"},"image":{"@id":"https:\/\/investmedic-store.com\/#\/schema\/logo\/image\/"},"sameAs":["https:\/\/www.facebook.com\/invest.medic"]}]}},"_links":{"self":[{"href":"https:\/\/investmedic-store.com\/index.php?rest_route=\/wp\/v2\/product\/1882"}],"collection":[{"href":"https:\/\/investmedic-store.com\/index.php?rest_route=\/wp\/v2\/product"}],"about":[{"href":"https:\/\/investmedic-store.com\/index.php?rest_route=\/wp\/v2\/types\/product"}],"replies":[{"embeddable":true,"href":"https:\/\/investmedic-store.com\/index.php?rest_route=%2Fwp%2Fv2%2Fcomments&post=1882"}],"wp:featuredmedia":[{"embeddable":true,"href":"https:\/\/investmedic-store.com\/index.php?rest_route=\/wp\/v2\/media\/1883"}],"wp:attachment":[{"href":"https:\/\/investmedic-store.com\/index.php?rest_route=%2Fwp%2Fv2%2Fmedia&parent=1882"}],"wp:term":[{"taxonomy":"product_cat","embeddable":true,"href":"https:\/\/investmedic-store.com\/index.php?rest_route=%2Fwp%2Fv2%2Fproduct_cat&post=1882"},{"taxonomy":"product_tag","embeddable":true,"href":"https:\/\/investmedic-store.com\/index.php?rest_route=%2Fwp%2Fv2%2Fproduct_tag&post=1882"}],"curies":[{"name":"wp","href":"https:\/\/api.w.org\/{rel}","templated":true}]}}