{"id":1863,"date":"2023-08-25T13:39:20","date_gmt":"2023-08-25T12:39:20","guid":{"rendered":"https:\/\/investmedic-store.com\/?post_type=product&#038;p=1863"},"modified":"2023-09-04T19:53:56","modified_gmt":"2023-09-04T18:53:56","slug":"dermabrasion-3-in-1-diamond-diam-chine","status":"publish","type":"product","link":"https:\/\/investmedic-store.com\/?product=dermabrasion-3-in-1-diamond-diam-chine","title":{"rendered":"DERMABRASION 3 IN 1 DIAMOND DIAM CHINE"},"content":{"rendered":"<div><strong id=\"tl_2\" data-spm-anchor-id=\"a2g0o.detail.1000023.i1.72eaYJl0YJl0o3\">Machine de dermabrasion par microdermabrasion au diamant 3 en 1 Appareil de peeling de la peau du visage par pulv\u00e9risation sous vide<\/strong><\/div>\n<div align=\"center\"><\/div>\n<div><strong id=\"tl_3\">Description de l&#8217;article:<\/strong><\/div>\n<div align=\"center\">\n<div align=\"left\"><span id=\"tl_4\">Dermabrasion au diamant, c&#8217;est une am\u00e9lioration cr\u00e9ative de la dermabrasion au micro-cristal. La Dermabrasion au diamant a fourni une proc\u00e9dure de finition de peau non chirurgicale, en utilisant des t\u00eates de diamant st\u00e9riles pour abraser ou frotter la couche sup\u00e9rieure de la peau, puis en aspirant les particules avec toute salet\u00e9, et de la peau morte. Cette proc\u00e9dure \u00e9limine les d\u00e9bris cutan\u00e9s, les imperfections, les rides et la pigmentation ind\u00e9sirable sur la peau. Utilisation mod\u00e9r\u00e9e de Diamond Dermabrasion, accompagner avec des produits de peau qui p\u00e9n\u00e8trent \u00e0 travers la couche sup\u00e9rieure de la peau qui atteignent le niveau du derme, aide \u00e0 reconstituer les nutriments naturels, restaurer l&#8217;activit\u00e9 cellulaire et favoriser la sant\u00e9 de la peau. Les r\u00e9sultats apr\u00e8s le traitement Micro Dermabrasion est g\u00e9n\u00e9ralement une peau saine, \u00e9clatante et belle.<\/span><\/div>\n<div align=\"left\"><\/div>\n<div align=\"left\"><strong id=\"tl_5\">Sp\u00e9cifications:<\/strong><\/div>\n<div align=\"left\"><span id=\"tl_6\">Tension: 110V\/60Hz<\/span><\/div>\n<div align=\"left\"><span id=\"tl_7\">Fusible: 2A Puissance: 65 VA<\/span><\/div>\n<div align=\"left\"><span id=\"tl_8\">Taille du paquet: 31*2420CM<\/span><\/div>\n<div align=\"left\"><span id=\"tl_9\">Poids brut: 2.5kg<\/span><\/div>\n<div align=\"left\"><\/div>\n<div align=\"left\"><strong><span id=\"tl_10\">Pr\u00e9paration avant traitement:<\/span><\/strong><\/div>\n<div align=\"left\"><span id=\"tl_11\">1. Une consultation comprenait l&#8217;examen de la peau, un plan de traitement.<\/span><\/div>\n<div align=\"left\"><span id=\"tl_12\">2. L&#8217;op\u00e9rateur doit porter des gants en vinyle et un masque facial.<\/span><\/div>\n<div align=\"left\"><span id=\"tl_13\">3. Sur la peau grasse ou acn\u00e9ique, un vaporisateur peut \u00eatre utilis\u00e9 avant le traitement, ou une lotion d\u00e9graissante peut \u00eatre appliqu\u00e9e avant le nettoyant.<\/span><\/div>\n<div align=\"left\" data-spm-anchor-id=\"a2g0o.detail.1000023.i0.72eaYJl0YJl0o3\"><span id=\"tl_14\">4. Nettoyer la peau avec un gel nettoyant ou de l&#8217;eau, puis essuyer avec un coton. Laissez la peau s\u00e9cher.\u00a0<\/span><\/div>\n<div align=\"left\" data-spm-anchor-id=\"a2g0o.detail.1000023.i0.72eaYJl0YJl0o3\">\n<div><strong id=\"tl_25\">Conseils chauds:<\/strong><\/div>\n<div>\n<div><span id=\"tl_26\" data-spm-anchor-id=\"a2g0o.detail.1000023.i3.72eaYJl0YJl0o3\">** 1) Cet appareil est destin\u00e9 \u00e0 un usage domestique personnel, donc la puissance d&#8217;aspiration n&#8217;est pas si forte, la port\u00e9e est de 0-55cmHg.<\/span><\/div>\n<div><span id=\"tl_27\">** 2) Veuillez commencer par le r\u00e9glage le plus bas, puis am\u00e9liorer l&#8217;aspirateur petit \u00e0 petit.<\/span><\/div>\n<div><span id=\"tl_28\">** 3) Tournez le bouton pour r\u00e9gler l&#8217;intensit\u00e9, le compteur de vitesse ne bouge pa<\/span><\/div>\n<\/div>\n<\/div>\n<\/div>\n","protected":false},"excerpt":{"rendered":"<p>Machine de dermabrasion par microdermabrasion au diamant 3 en 1 Appareil de peeling de la peau du visage par pulv\u00e9risation sous vide Description de l&#8217;article: Dermabrasion au diamant, c&#8217;est une am\u00e9lioration cr\u00e9ative de la dermabrasion au micro-cristal. La Dermabrasion au diamant a fourni une proc\u00e9dure de finition de peau non chirurgicale, en utilisant des t\u00eates &hellip;<\/p>\n<p class=\"read-more\"> <a class=\" thunk-readmore button \" href=\"https:\/\/investmedic-store.com\/?product=dermabrasion-3-in-1-diamond-diam-chine\"> <span class=\"screen-reader-text\">DERMABRASION 3 IN 1 DIAMOND DIAM CHINE<\/span>Read More<\/a><\/p>\n","protected":false},"featured_media":1864,"comment_status":"open","ping_status":"closed","template":"","meta":{"om_disable_all_campaigns":false,"_joinchat":[]},"product_cat":[15,162],"product_tag":[],"yoast_head":"<!-- This site is optimized with the Yoast SEO plugin v20.12 - https:\/\/yoast.com\/wordpress\/plugins\/seo\/ -->\n<title>DERMABRASION 3 IN 1 DIAMOND DIAM CHINE - investmedic-store.com<\/title>\n<meta name=\"robots\" content=\"index, follow, max-snippet:-1, max-image-preview:large, max-video-preview:-1\" \/>\n<link rel=\"canonical\" href=\"https:\/\/investmedic-store.com\/?product=dermabrasion-3-in-1-diamond-diam-chine\" \/>\n<meta property=\"og:locale\" content=\"fr_FR\" \/>\n<meta property=\"og:type\" content=\"article\" \/>\n<meta property=\"og:title\" content=\"DERMABRASION 3 IN 1 DIAMOND DIAM CHINE - investmedic-store.com\" \/>\n<meta property=\"og:description\" content=\"Machine de dermabrasion par microdermabrasion au diamant 3 en 1 Appareil de peeling de la peau du visage par pulv\u00e9risation sous vide Description de l&#8217;article: Dermabrasion au diamant, c&#8217;est une am\u00e9lioration cr\u00e9ative de la dermabrasion au micro-cristal. La Dermabrasion au diamant a fourni une proc\u00e9dure de finition de peau non chirurgicale, en utilisant des t\u00eates &hellip; DERMABRASION 3 IN 1 DIAMOND DIAM CHINERead More\" \/>\n<meta property=\"og:url\" content=\"https:\/\/investmedic-store.com\/?product=dermabrasion-3-in-1-diamond-diam-chine\" \/>\n<meta property=\"og:site_name\" content=\"investmedic-store.com\" \/>\n<meta property=\"article:publisher\" content=\"https:\/\/www.facebook.com\/invest.medic\" \/>\n<meta property=\"article:modified_time\" content=\"2023-09-04T18:53:56+00:00\" \/>\n<meta property=\"og:image\" content=\"http:\/\/investmedic-store.com\/wp-content\/uploads\/2023\/08\/3-in-1-diamond-vacuum-dermabrasion-peeling.jpg\" \/>\n\t<meta property=\"og:image:width\" content=\"1000\" \/>\n\t<meta property=\"og:image:height\" content=\"1000\" \/>\n\t<meta property=\"og:image:type\" content=\"image\/jpeg\" \/>\n<meta name=\"twitter:card\" content=\"summary_large_image\" \/>\n<meta name=\"twitter:label1\" content=\"Dur\u00e9e de lecture estim\u00e9e\" \/>\n\t<meta name=\"twitter:data1\" content=\"2 minutes\" \/>\n<script type=\"application\/ld+json\" class=\"yoast-schema-graph\">{\"@context\":\"https:\/\/schema.org\",\"@graph\":[{\"@type\":\"WebPage\",\"@id\":\"https:\/\/investmedic-store.com\/?product=dermabrasion-3-in-1-diamond-diam-chine\",\"url\":\"https:\/\/investmedic-store.com\/?product=dermabrasion-3-in-1-diamond-diam-chine\",\"name\":\"DERMABRASION 3 IN 1 DIAMOND DIAM CHINE - investmedic-store.com\",\"isPartOf\":{\"@id\":\"https:\/\/investmedic-store.com\/#website\"},\"datePublished\":\"2023-08-25T12:39:20+00:00\",\"dateModified\":\"2023-09-04T18:53:56+00:00\",\"breadcrumb\":{\"@id\":\"https:\/\/investmedic-store.com\/?product=dermabrasion-3-in-1-diamond-diam-chine#breadcrumb\"},\"inLanguage\":\"fr-FR\",\"potentialAction\":[{\"@type\":\"ReadAction\",\"target\":[\"https:\/\/investmedic-store.com\/?product=dermabrasion-3-in-1-diamond-diam-chine\"]}]},{\"@type\":\"BreadcrumbList\",\"@id\":\"https:\/\/investmedic-store.com\/?product=dermabrasion-3-in-1-diamond-diam-chine#breadcrumb\",\"itemListElement\":[{\"@type\":\"ListItem\",\"position\":1,\"name\":\"Accueil\",\"item\":\"https:\/\/investmedic-store.com\/\"},{\"@type\":\"ListItem\",\"position\":2,\"name\":\"Shop\",\"item\":\"https:\/\/investmedic-store.com\/?page_id=5\"},{\"@type\":\"ListItem\",\"position\":3,\"name\":\"DERMABRASION 3 IN 1 DIAMOND DIAM CHINE\"}]},{\"@type\":\"WebSite\",\"@id\":\"https:\/\/investmedic-store.com\/#website\",\"url\":\"https:\/\/investmedic-store.com\/\",\"name\":\"invest medic store\",\"description\":\"Importation &amp; Distribution Du Materiels Medico-Chirurgicales - \u0627\u0633\u062a\u064a\u0631\u0627\u062f \u0648\u062a\u0648\u0632\u064a\u0639 \u0627\u0644\u0645\u0648\u0627\u062f \u0627\u0644\u0637\u0628\u064a\u0629 \u0627\u0644\u062c\u0631\u0627\u062d\u064a\u0629\",\"publisher\":{\"@id\":\"https:\/\/investmedic-store.com\/#organization\"},\"alternateName\":\"investmedic store\",\"potentialAction\":[{\"@type\":\"SearchAction\",\"target\":{\"@type\":\"EntryPoint\",\"urlTemplate\":\"https:\/\/investmedic-store.com\/?s={search_term_string}\"},\"query-input\":\"required name=search_term_string\"}],\"inLanguage\":\"fr-FR\"},{\"@type\":\"Organization\",\"@id\":\"https:\/\/investmedic-store.com\/#organization\",\"name\":\"invest.medic store\",\"alternateName\":\"investmedic store\",\"url\":\"https:\/\/investmedic-store.com\/\",\"logo\":{\"@type\":\"ImageObject\",\"inLanguage\":\"fr-FR\",\"@id\":\"https:\/\/investmedic-store.com\/#\/schema\/logo\/image\/\",\"url\":\"https:\/\/investmedic-store.com\/wp-content\/uploads\/2023\/07\/cropped-LOGO_INVEST-transformed-removebg-preview-transformed-1-e1690120839263.png\",\"contentUrl\":\"https:\/\/investmedic-store.com\/wp-content\/uploads\/2023\/07\/cropped-LOGO_INVEST-transformed-removebg-preview-transformed-1-e1690120839263.png\",\"width\":512,\"height\":512,\"caption\":\"invest.medic store\"},\"image\":{\"@id\":\"https:\/\/investmedic-store.com\/#\/schema\/logo\/image\/\"},\"sameAs\":[\"https:\/\/www.facebook.com\/invest.medic\"]}]}<\/script>\n<!-- \/ Yoast SEO plugin. -->","yoast_head_json":{"title":"DERMABRASION 3 IN 1 DIAMOND DIAM CHINE - investmedic-store.com","robots":{"index":"index","follow":"follow","max-snippet":"max-snippet:-1","max-image-preview":"max-image-preview:large","max-video-preview":"max-video-preview:-1"},"canonical":"https:\/\/investmedic-store.com\/?product=dermabrasion-3-in-1-diamond-diam-chine","og_locale":"fr_FR","og_type":"article","og_title":"DERMABRASION 3 IN 1 DIAMOND DIAM CHINE - investmedic-store.com","og_description":"Machine de dermabrasion par microdermabrasion au diamant 3 en 1 Appareil de peeling de la peau du visage par pulv\u00e9risation sous vide Description de l&#8217;article: Dermabrasion au diamant, c&#8217;est une am\u00e9lioration cr\u00e9ative de la dermabrasion au micro-cristal. La Dermabrasion au diamant a fourni une proc\u00e9dure de finition de peau non chirurgicale, en utilisant des t\u00eates &hellip; DERMABRASION 3 IN 1 DIAMOND DIAM CHINERead More","og_url":"https:\/\/investmedic-store.com\/?product=dermabrasion-3-in-1-diamond-diam-chine","og_site_name":"investmedic-store.com","article_publisher":"https:\/\/www.facebook.com\/invest.medic","article_modified_time":"2023-09-04T18:53:56+00:00","og_image":[{"width":1000,"height":1000,"url":"http:\/\/investmedic-store.com\/wp-content\/uploads\/2023\/08\/3-in-1-diamond-vacuum-dermabrasion-peeling.jpg","type":"image\/jpeg"}],"twitter_card":"summary_large_image","twitter_misc":{"Dur\u00e9e de lecture estim\u00e9e":"2 minutes"},"schema":{"@context":"https:\/\/schema.org","@graph":[{"@type":"WebPage","@id":"https:\/\/investmedic-store.com\/?product=dermabrasion-3-in-1-diamond-diam-chine","url":"https:\/\/investmedic-store.com\/?product=dermabrasion-3-in-1-diamond-diam-chine","name":"DERMABRASION 3 IN 1 DIAMOND DIAM CHINE - investmedic-store.com","isPartOf":{"@id":"https:\/\/investmedic-store.com\/#website"},"datePublished":"2023-08-25T12:39:20+00:00","dateModified":"2023-09-04T18:53:56+00:00","breadcrumb":{"@id":"https:\/\/investmedic-store.com\/?product=dermabrasion-3-in-1-diamond-diam-chine#breadcrumb"},"inLanguage":"fr-FR","potentialAction":[{"@type":"ReadAction","target":["https:\/\/investmedic-store.com\/?product=dermabrasion-3-in-1-diamond-diam-chine"]}]},{"@type":"BreadcrumbList","@id":"https:\/\/investmedic-store.com\/?product=dermabrasion-3-in-1-diamond-diam-chine#breadcrumb","itemListElement":[{"@type":"ListItem","position":1,"name":"Accueil","item":"https:\/\/investmedic-store.com\/"},{"@type":"ListItem","position":2,"name":"Shop","item":"https:\/\/investmedic-store.com\/?page_id=5"},{"@type":"ListItem","position":3,"name":"DERMABRASION 3 IN 1 DIAMOND DIAM CHINE"}]},{"@type":"WebSite","@id":"https:\/\/investmedic-store.com\/#website","url":"https:\/\/investmedic-store.com\/","name":"invest medic store","description":"Importation &amp; Distribution Du Materiels Medico-Chirurgicales - \u0627\u0633\u062a\u064a\u0631\u0627\u062f \u0648\u062a\u0648\u0632\u064a\u0639 \u0627\u0644\u0645\u0648\u0627\u062f \u0627\u0644\u0637\u0628\u064a\u0629 \u0627\u0644\u062c\u0631\u0627\u062d\u064a\u0629","publisher":{"@id":"https:\/\/investmedic-store.com\/#organization"},"alternateName":"investmedic store","potentialAction":[{"@type":"SearchAction","target":{"@type":"EntryPoint","urlTemplate":"https:\/\/investmedic-store.com\/?s={search_term_string}"},"query-input":"required name=search_term_string"}],"inLanguage":"fr-FR"},{"@type":"Organization","@id":"https:\/\/investmedic-store.com\/#organization","name":"invest.medic store","alternateName":"investmedic store","url":"https:\/\/investmedic-store.com\/","logo":{"@type":"ImageObject","inLanguage":"fr-FR","@id":"https:\/\/investmedic-store.com\/#\/schema\/logo\/image\/","url":"https:\/\/investmedic-store.com\/wp-content\/uploads\/2023\/07\/cropped-LOGO_INVEST-transformed-removebg-preview-transformed-1-e1690120839263.png","contentUrl":"https:\/\/investmedic-store.com\/wp-content\/uploads\/2023\/07\/cropped-LOGO_INVEST-transformed-removebg-preview-transformed-1-e1690120839263.png","width":512,"height":512,"caption":"invest.medic store"},"image":{"@id":"https:\/\/investmedic-store.com\/#\/schema\/logo\/image\/"},"sameAs":["https:\/\/www.facebook.com\/invest.medic"]}]}},"_links":{"self":[{"href":"https:\/\/investmedic-store.com\/index.php?rest_route=\/wp\/v2\/product\/1863"}],"collection":[{"href":"https:\/\/investmedic-store.com\/index.php?rest_route=\/wp\/v2\/product"}],"about":[{"href":"https:\/\/investmedic-store.com\/index.php?rest_route=\/wp\/v2\/types\/product"}],"replies":[{"embeddable":true,"href":"https:\/\/investmedic-store.com\/index.php?rest_route=%2Fwp%2Fv2%2Fcomments&post=1863"}],"wp:featuredmedia":[{"embeddable":true,"href":"https:\/\/investmedic-store.com\/index.php?rest_route=\/wp\/v2\/media\/1864"}],"wp:attachment":[{"href":"https:\/\/investmedic-store.com\/index.php?rest_route=%2Fwp%2Fv2%2Fmedia&parent=1863"}],"wp:term":[{"taxonomy":"product_cat","embeddable":true,"href":"https:\/\/investmedic-store.com\/index.php?rest_route=%2Fwp%2Fv2%2Fproduct_cat&post=1863"},{"taxonomy":"product_tag","embeddable":true,"href":"https:\/\/investmedic-store.com\/index.php?rest_route=%2Fwp%2Fv2%2Fproduct_tag&post=1863"}],"curies":[{"name":"wp","href":"https:\/\/api.w.org\/{rel}","templated":true}]}}