{"id":1861,"date":"2023-08-25T13:24:45","date_gmt":"2023-08-25T12:24:45","guid":{"rendered":"https:\/\/investmedic-store.com\/?post_type=product&#038;p=1861"},"modified":"2023-08-25T13:24:45","modified_gmt":"2023-08-25T12:24:45","slug":"spatule-ultrasonic-peeling","status":"publish","type":"product","link":"https:\/\/investmedic-store.com\/?product=spatule-ultrasonic-peeling","title":{"rendered":"SPATULE ULTRASONIC \/ PEELING"},"content":{"rendered":"<h1 class=\"a-size-base-plus a-text-bold\">\u00c0 propos de cet article<\/h1>\n<ul class=\"a-unordered-list a-vertical a-spacing-mini\">\n<li class=\"a-spacing-mini\"><span class=\"a-list-item\">\ud83c\udf38\ud83c\udf38\u30104 Modes pour une peau parfaite\u3011Le Nettoyeur de Peau Ultrasonique ANLAN dispose de 4 modes : Ultrason pour le peeling du visage, EMS pour raffermir la peau, ION+ pour adoucir la k\u00e9ratine ancienne, d\u00e9composer la m\u00e9lanine et les points noirs, et ION- pour acc\u00e9l\u00e9rer l&#8217;absorption des nutriments, favoriser le m\u00e9tabolisme cutan\u00e9 et r\u00e9duire les rides.<\/span><\/li>\n<li class=\"a-spacing-mini\"><span class=\"a-list-item\">\ud83c\udf38\ud83c\udf38\u3010Nettoyage en profondeur\u3011Le Nettoyeur de Peau Ultrasonique ANLAN \u00e9met 24 000 Hz d&#8217;ondes ultrasoniques par seconde pour nettoyer rapidement les points noirs, les points blancs, la k\u00e9ratine, les peaux mortes et l&#8217;acn\u00e9.<\/span><\/li>\n<li class=\"a-spacing-mini\"><span class=\"a-list-item\">\ud83c\udf38\ud83c\udf38\u3010Raffermissement de la peau par EMS\u3011La fonction EMS peut acc\u00e9l\u00e9rer le m\u00e9tabolisme, renouveler les cellules cutan\u00e9es, favoriser la r\u00e9g\u00e9n\u00e9ration du collag\u00e8ne, att\u00e9nuer la m\u00e9lanine et les rides, restaurer l&#8217;\u00e9lasticit\u00e9, rendant ainsi la peau ferme, lisse et d\u00e9licate.<\/span><\/li>\n<li class=\"a-spacing-mini\"><span class=\"a-list-item\">\ud83c\udf38\ud83c\udf38\u3010Facile \u00e0 utiliser\u3011Fonctionnement \u00e0 une touche, ouverture\/fermeture\/changement de mode. Il est \u00e9galement \u00e9quip\u00e9 d&#8217;un c\u00e2ble USB pour une recharge facile. Petit et portable, vous pouvez l&#8217;emporter partout avec vous.<\/span><\/li>\n<\/ul>\n","protected":false},"excerpt":{"rendered":"<p>\u00c0 propos de cet article \ud83c\udf38\ud83c\udf38\u30104 Modes pour une peau parfaite\u3011Le Nettoyeur de Peau Ultrasonique ANLAN dispose de 4 modes : Ultrason pour le peeling du visage, EMS pour raffermir la peau, ION+ pour adoucir la k\u00e9ratine ancienne, d\u00e9composer la m\u00e9lanine et les points noirs, et ION- pour acc\u00e9l\u00e9rer l&#8217;absorption des nutriments, favoriser le m\u00e9tabolisme &hellip;<\/p>\n<p class=\"read-more\"> <a class=\" thunk-readmore button \" href=\"https:\/\/investmedic-store.com\/?product=spatule-ultrasonic-peeling\"> <span class=\"screen-reader-text\">SPATULE ULTRASONIC \/ PEELING<\/span>Read More<\/a><\/p>\n","protected":false},"featured_media":1862,"comment_status":"open","ping_status":"closed","template":"","meta":{"om_disable_all_campaigns":false,"_joinchat":[]},"product_cat":[15,162],"product_tag":[],"yoast_head":"<!-- This site is optimized with the Yoast SEO plugin v20.12 - https:\/\/yoast.com\/wordpress\/plugins\/seo\/ -->\n<title>SPATULE ULTRASONIC \/ PEELING - investmedic-store.com<\/title>\n<meta name=\"robots\" content=\"index, follow, max-snippet:-1, max-image-preview:large, max-video-preview:-1\" \/>\n<link rel=\"canonical\" href=\"https:\/\/investmedic-store.com\/?product=spatule-ultrasonic-peeling\" \/>\n<meta property=\"og:locale\" content=\"fr_FR\" \/>\n<meta property=\"og:type\" content=\"article\" \/>\n<meta property=\"og:title\" content=\"SPATULE ULTRASONIC \/ PEELING - investmedic-store.com\" \/>\n<meta property=\"og:description\" content=\"\u00c0 propos de cet article \ud83c\udf38\ud83c\udf38\u30104 Modes pour une peau parfaite\u3011Le Nettoyeur de Peau Ultrasonique ANLAN dispose de 4 modes : Ultrason pour le peeling du visage, EMS pour raffermir la peau, ION+ pour adoucir la k\u00e9ratine ancienne, d\u00e9composer la m\u00e9lanine et les points noirs, et ION- pour acc\u00e9l\u00e9rer l&#8217;absorption des nutriments, favoriser le m\u00e9tabolisme &hellip; SPATULE ULTRASONIC \/ PEELINGRead More\" \/>\n<meta property=\"og:url\" content=\"https:\/\/investmedic-store.com\/?product=spatule-ultrasonic-peeling\" \/>\n<meta property=\"og:site_name\" content=\"investmedic-store.com\" \/>\n<meta property=\"article:publisher\" content=\"https:\/\/www.facebook.com\/invest.medic\" \/>\n<meta property=\"og:image\" content=\"http:\/\/investmedic-store.com\/wp-content\/uploads\/2023\/08\/gorgio-professional-face-skin-scrubber-facial-cleaner-fast-ultrasonic-rechargeable-cleaner-gsc0115-500x500-1.webp\" \/>\n\t<meta property=\"og:image:width\" content=\"500\" \/>\n\t<meta property=\"og:image:height\" content=\"500\" \/>\n\t<meta property=\"og:image:type\" content=\"image\/webp\" \/>\n<meta name=\"twitter:card\" content=\"summary_large_image\" \/>\n<meta name=\"twitter:label1\" content=\"Dur\u00e9e de lecture estim\u00e9e\" \/>\n\t<meta name=\"twitter:data1\" content=\"1 minute\" \/>\n<script type=\"application\/ld+json\" class=\"yoast-schema-graph\">{\"@context\":\"https:\/\/schema.org\",\"@graph\":[{\"@type\":\"WebPage\",\"@id\":\"https:\/\/investmedic-store.com\/?product=spatule-ultrasonic-peeling\",\"url\":\"https:\/\/investmedic-store.com\/?product=spatule-ultrasonic-peeling\",\"name\":\"SPATULE ULTRASONIC \/ PEELING - investmedic-store.com\",\"isPartOf\":{\"@id\":\"https:\/\/investmedic-store.com\/#website\"},\"datePublished\":\"2023-08-25T12:24:45+00:00\",\"dateModified\":\"2023-08-25T12:24:45+00:00\",\"breadcrumb\":{\"@id\":\"https:\/\/investmedic-store.com\/?product=spatule-ultrasonic-peeling#breadcrumb\"},\"inLanguage\":\"fr-FR\",\"potentialAction\":[{\"@type\":\"ReadAction\",\"target\":[\"https:\/\/investmedic-store.com\/?product=spatule-ultrasonic-peeling\"]}]},{\"@type\":\"BreadcrumbList\",\"@id\":\"https:\/\/investmedic-store.com\/?product=spatule-ultrasonic-peeling#breadcrumb\",\"itemListElement\":[{\"@type\":\"ListItem\",\"position\":1,\"name\":\"Accueil\",\"item\":\"https:\/\/investmedic-store.com\/\"},{\"@type\":\"ListItem\",\"position\":2,\"name\":\"Shop\",\"item\":\"https:\/\/investmedic-store.com\/?page_id=5\"},{\"@type\":\"ListItem\",\"position\":3,\"name\":\"SPATULE ULTRASONIC \/ PEELING\"}]},{\"@type\":\"WebSite\",\"@id\":\"https:\/\/investmedic-store.com\/#website\",\"url\":\"https:\/\/investmedic-store.com\/\",\"name\":\"invest medic store\",\"description\":\"Importation &amp; Distribution Du Materiels Medico-Chirurgicales - \u0627\u0633\u062a\u064a\u0631\u0627\u062f \u0648\u062a\u0648\u0632\u064a\u0639 \u0627\u0644\u0645\u0648\u0627\u062f \u0627\u0644\u0637\u0628\u064a\u0629 \u0627\u0644\u062c\u0631\u0627\u062d\u064a\u0629\",\"publisher\":{\"@id\":\"https:\/\/investmedic-store.com\/#organization\"},\"alternateName\":\"investmedic store\",\"potentialAction\":[{\"@type\":\"SearchAction\",\"target\":{\"@type\":\"EntryPoint\",\"urlTemplate\":\"https:\/\/investmedic-store.com\/?s={search_term_string}\"},\"query-input\":\"required name=search_term_string\"}],\"inLanguage\":\"fr-FR\"},{\"@type\":\"Organization\",\"@id\":\"https:\/\/investmedic-store.com\/#organization\",\"name\":\"invest.medic store\",\"alternateName\":\"investmedic store\",\"url\":\"https:\/\/investmedic-store.com\/\",\"logo\":{\"@type\":\"ImageObject\",\"inLanguage\":\"fr-FR\",\"@id\":\"https:\/\/investmedic-store.com\/#\/schema\/logo\/image\/\",\"url\":\"https:\/\/investmedic-store.com\/wp-content\/uploads\/2023\/07\/cropped-LOGO_INVEST-transformed-removebg-preview-transformed-1-e1690120839263.png\",\"contentUrl\":\"https:\/\/investmedic-store.com\/wp-content\/uploads\/2023\/07\/cropped-LOGO_INVEST-transformed-removebg-preview-transformed-1-e1690120839263.png\",\"width\":512,\"height\":512,\"caption\":\"invest.medic store\"},\"image\":{\"@id\":\"https:\/\/investmedic-store.com\/#\/schema\/logo\/image\/\"},\"sameAs\":[\"https:\/\/www.facebook.com\/invest.medic\"]}]}<\/script>\n<!-- \/ Yoast SEO plugin. -->","yoast_head_json":{"title":"SPATULE ULTRASONIC \/ PEELING - investmedic-store.com","robots":{"index":"index","follow":"follow","max-snippet":"max-snippet:-1","max-image-preview":"max-image-preview:large","max-video-preview":"max-video-preview:-1"},"canonical":"https:\/\/investmedic-store.com\/?product=spatule-ultrasonic-peeling","og_locale":"fr_FR","og_type":"article","og_title":"SPATULE ULTRASONIC \/ PEELING - investmedic-store.com","og_description":"\u00c0 propos de cet article \ud83c\udf38\ud83c\udf38\u30104 Modes pour une peau parfaite\u3011Le Nettoyeur de Peau Ultrasonique ANLAN dispose de 4 modes : Ultrason pour le peeling du visage, EMS pour raffermir la peau, ION+ pour adoucir la k\u00e9ratine ancienne, d\u00e9composer la m\u00e9lanine et les points noirs, et ION- pour acc\u00e9l\u00e9rer l&#8217;absorption des nutriments, favoriser le m\u00e9tabolisme &hellip; SPATULE ULTRASONIC \/ PEELINGRead More","og_url":"https:\/\/investmedic-store.com\/?product=spatule-ultrasonic-peeling","og_site_name":"investmedic-store.com","article_publisher":"https:\/\/www.facebook.com\/invest.medic","og_image":[{"width":500,"height":500,"url":"http:\/\/investmedic-store.com\/wp-content\/uploads\/2023\/08\/gorgio-professional-face-skin-scrubber-facial-cleaner-fast-ultrasonic-rechargeable-cleaner-gsc0115-500x500-1.webp","type":"image\/webp"}],"twitter_card":"summary_large_image","twitter_misc":{"Dur\u00e9e de lecture estim\u00e9e":"1 minute"},"schema":{"@context":"https:\/\/schema.org","@graph":[{"@type":"WebPage","@id":"https:\/\/investmedic-store.com\/?product=spatule-ultrasonic-peeling","url":"https:\/\/investmedic-store.com\/?product=spatule-ultrasonic-peeling","name":"SPATULE ULTRASONIC \/ PEELING - investmedic-store.com","isPartOf":{"@id":"https:\/\/investmedic-store.com\/#website"},"datePublished":"2023-08-25T12:24:45+00:00","dateModified":"2023-08-25T12:24:45+00:00","breadcrumb":{"@id":"https:\/\/investmedic-store.com\/?product=spatule-ultrasonic-peeling#breadcrumb"},"inLanguage":"fr-FR","potentialAction":[{"@type":"ReadAction","target":["https:\/\/investmedic-store.com\/?product=spatule-ultrasonic-peeling"]}]},{"@type":"BreadcrumbList","@id":"https:\/\/investmedic-store.com\/?product=spatule-ultrasonic-peeling#breadcrumb","itemListElement":[{"@type":"ListItem","position":1,"name":"Accueil","item":"https:\/\/investmedic-store.com\/"},{"@type":"ListItem","position":2,"name":"Shop","item":"https:\/\/investmedic-store.com\/?page_id=5"},{"@type":"ListItem","position":3,"name":"SPATULE ULTRASONIC \/ PEELING"}]},{"@type":"WebSite","@id":"https:\/\/investmedic-store.com\/#website","url":"https:\/\/investmedic-store.com\/","name":"invest medic store","description":"Importation &amp; Distribution Du Materiels Medico-Chirurgicales - \u0627\u0633\u062a\u064a\u0631\u0627\u062f \u0648\u062a\u0648\u0632\u064a\u0639 \u0627\u0644\u0645\u0648\u0627\u062f \u0627\u0644\u0637\u0628\u064a\u0629 \u0627\u0644\u062c\u0631\u0627\u062d\u064a\u0629","publisher":{"@id":"https:\/\/investmedic-store.com\/#organization"},"alternateName":"investmedic store","potentialAction":[{"@type":"SearchAction","target":{"@type":"EntryPoint","urlTemplate":"https:\/\/investmedic-store.com\/?s={search_term_string}"},"query-input":"required name=search_term_string"}],"inLanguage":"fr-FR"},{"@type":"Organization","@id":"https:\/\/investmedic-store.com\/#organization","name":"invest.medic store","alternateName":"investmedic store","url":"https:\/\/investmedic-store.com\/","logo":{"@type":"ImageObject","inLanguage":"fr-FR","@id":"https:\/\/investmedic-store.com\/#\/schema\/logo\/image\/","url":"https:\/\/investmedic-store.com\/wp-content\/uploads\/2023\/07\/cropped-LOGO_INVEST-transformed-removebg-preview-transformed-1-e1690120839263.png","contentUrl":"https:\/\/investmedic-store.com\/wp-content\/uploads\/2023\/07\/cropped-LOGO_INVEST-transformed-removebg-preview-transformed-1-e1690120839263.png","width":512,"height":512,"caption":"invest.medic store"},"image":{"@id":"https:\/\/investmedic-store.com\/#\/schema\/logo\/image\/"},"sameAs":["https:\/\/www.facebook.com\/invest.medic"]}]}},"_links":{"self":[{"href":"https:\/\/investmedic-store.com\/index.php?rest_route=\/wp\/v2\/product\/1861"}],"collection":[{"href":"https:\/\/investmedic-store.com\/index.php?rest_route=\/wp\/v2\/product"}],"about":[{"href":"https:\/\/investmedic-store.com\/index.php?rest_route=\/wp\/v2\/types\/product"}],"replies":[{"embeddable":true,"href":"https:\/\/investmedic-store.com\/index.php?rest_route=%2Fwp%2Fv2%2Fcomments&post=1861"}],"wp:featuredmedia":[{"embeddable":true,"href":"https:\/\/investmedic-store.com\/index.php?rest_route=\/wp\/v2\/media\/1862"}],"wp:attachment":[{"href":"https:\/\/investmedic-store.com\/index.php?rest_route=%2Fwp%2Fv2%2Fmedia&parent=1861"}],"wp:term":[{"taxonomy":"product_cat","embeddable":true,"href":"https:\/\/investmedic-store.com\/index.php?rest_route=%2Fwp%2Fv2%2Fproduct_cat&post=1861"},{"taxonomy":"product_tag","embeddable":true,"href":"https:\/\/investmedic-store.com\/index.php?rest_route=%2Fwp%2Fv2%2Fproduct_tag&post=1861"}],"curies":[{"name":"wp","href":"https:\/\/api.w.org\/{rel}","templated":true}]}}