{"id":1858,"date":"2023-08-25T13:09:44","date_gmt":"2023-08-25T12:09:44","guid":{"rendered":"https:\/\/investmedic-store.com\/?post_type=product&#038;p=1858"},"modified":"2023-09-04T20:09:52","modified_gmt":"2023-09-04T19:09:52","slug":"pistolet-injecteur-meso-gun-3rd-generation","status":"publish","type":"product","link":"https:\/\/investmedic-store.com\/?product=pistolet-injecteur-meso-gun-3rd-generation","title":{"rendered":"PISTOLET INJECTEUR MESO GUN 3rd GENERATION"},"content":{"rendered":"<div id=\"availability_feature_div\" class=\"celwidget\" data-feature-name=\"availability\" data-csa-c-type=\"widget\" data-csa-c-content-id=\"availability\" data-csa-c-slot-id=\"availability_feature_div\" data-csa-c-asin=\"B0BRSPRPDD\" data-csa-c-is-in-initial-active-row=\"false\" data-csa-c-id=\"2780do-4ooj0j-9ocjh0-1e4bcg\">\n<div class=\"a-section a-spacing-none\">\n<div id=\"availability_feature_div\" class=\"celwidget\" data-feature-name=\"availability\" data-csa-c-type=\"widget\" data-csa-c-content-id=\"availability\" data-csa-c-slot-id=\"availability_feature_div\" data-csa-c-asin=\"B0BRSPRPDD\" data-csa-c-is-in-initial-active-row=\"false\" data-csa-c-id=\"2780do-4ooj0j-9ocjh0-1e4bcg\">\n<div id=\"availability\" class=\"a-section a-spacing-base a-spacing-top-micro }\">\n<ul class=\"a-unordered-list a-vertical a-spacing-mini\">\n<li class=\"a-spacing-mini\"><strong>Qu\u2019est-ce que l\u2019injection vitale ?<\/strong><br \/>\nL&#8217;injection vitale consiste \u00e0 injecter directement de l&#8217;acide hyaluronique dans la peau, ce qui rend la peau du visage hydratante et douce, lumineuse et vous aurez la peau lisse et lumineuse en tant qu&#8217;acteur. Il apportera une solution \u00e0 la d\u00e9shydratation du derme et \u00e9liminera les rides avec une grande diff\u00e9rence.<\/li>\n<li><strong>Le principe est d&#8217;ajouter de l&#8217;eau dans la peau.<\/strong><br \/>\nL&#8217;acide hyaluronique sera inject\u00e9 dans la peau \u00e0 travers le derme et affectera les cellules. Cela pourrait motiver la couche corn\u00e9e \u00e0 tomber naturellement et acc\u00e9l\u00e9rer le m\u00e9tabolisme et la r\u00e9g\u00e9n\u00e9ration de la peau.<br \/>\ninjection vitale pour raffermir la peau, lifting du visage et blanchiment de la peau du front<\/li>\n<li><\/li>\n<\/ul>\n<\/div>\n<div class=\"a-section a-spacing-none\"><strong>Avantages<\/strong><br \/>\n1. Ajoutez une aiguille Big Sizer 9 broches, taille disponible\u00a0: 5 broches et 9 broches.<br \/>\n2. Plusieurs vitesses d&#8217;aiguille sont disponibles, lui permettant d&#8217;atteindre la bonne profondeur.<br \/>\n3. injection de m\u00e9dicament stable et pr\u00e9cise avec technique sous vide<br \/>\n4. Il est facile \u00e0 utiliser et plus facile \u00e0 devenir habile<br \/>\n5. Il faudra moins de temps pour injecter le m\u00e9dicament dans la peau, r\u00e9duisant ainsi la douleur<br \/>\n6. cela r\u00e9duira la perte de m\u00e9dicaments<br \/>\n7. Par rapport au VI2, le VI3 ajoute une bouteille filtrante sous la machine, laquelle est facile \u00e0 enlever et \u00e0 nettoyer.<\/div>\n<div class=\"a-section a-spacing-mini\"><\/div>\n<\/div>\n<\/div>\n<\/div>\n","protected":false},"excerpt":{"rendered":"<p>Qu\u2019est-ce que l\u2019injection vitale ? L&#8217;injection vitale consiste \u00e0 injecter directement de l&#8217;acide hyaluronique dans la peau, ce qui rend la peau du visage hydratante et douce, lumineuse et vous aurez la peau lisse et lumineuse en tant qu&#8217;acteur. Il apportera une solution \u00e0 la d\u00e9shydratation du derme et \u00e9liminera les rides avec une grande &hellip;<\/p>\n<p class=\"read-more\"> <a class=\" thunk-readmore button \" href=\"https:\/\/investmedic-store.com\/?product=pistolet-injecteur-meso-gun-3rd-generation\"> <span class=\"screen-reader-text\">PISTOLET INJECTEUR MESO GUN 3rd GENERATION<\/span>Read More<\/a><\/p>\n","protected":false},"featured_media":1859,"comment_status":"open","ping_status":"closed","template":"","meta":{"om_disable_all_campaigns":false,"_joinchat":[]},"product_cat":[15,162],"product_tag":[],"yoast_head":"<!-- This site is optimized with the Yoast SEO plugin v20.12 - https:\/\/yoast.com\/wordpress\/plugins\/seo\/ -->\n<title>PISTOLET INJECTEUR MESO GUN 3rd GENERATION - investmedic-store.com<\/title>\n<meta name=\"robots\" content=\"index, follow, max-snippet:-1, max-image-preview:large, max-video-preview:-1\" \/>\n<link rel=\"canonical\" href=\"https:\/\/investmedic-store.com\/?product=pistolet-injecteur-meso-gun-3rd-generation\" \/>\n<meta property=\"og:locale\" content=\"fr_FR\" \/>\n<meta property=\"og:type\" content=\"article\" \/>\n<meta property=\"og:title\" content=\"PISTOLET INJECTEUR MESO GUN 3rd GENERATION - investmedic-store.com\" \/>\n<meta property=\"og:description\" content=\"Qu\u2019est-ce que l\u2019injection vitale ? L&#8217;injection vitale consiste \u00e0 injecter directement de l&#8217;acide hyaluronique dans la peau, ce qui rend la peau du visage hydratante et douce, lumineuse et vous aurez la peau lisse et lumineuse en tant qu&#8217;acteur. Il apportera une solution \u00e0 la d\u00e9shydratation du derme et \u00e9liminera les rides avec une grande &hellip; PISTOLET INJECTEUR MESO GUN 3rd GENERATIONRead More\" \/>\n<meta property=\"og:url\" content=\"https:\/\/investmedic-store.com\/?product=pistolet-injecteur-meso-gun-3rd-generation\" \/>\n<meta property=\"og:site_name\" content=\"investmedic-store.com\" \/>\n<meta property=\"article:publisher\" content=\"https:\/\/www.facebook.com\/invest.medic\" \/>\n<meta property=\"article:modified_time\" content=\"2023-09-04T19:09:52+00:00\" \/>\n<meta property=\"og:image\" content=\"http:\/\/investmedic-store.com\/wp-content\/uploads\/2023\/08\/OIP.jpg\" \/>\n\t<meta property=\"og:image:width\" content=\"474\" \/>\n\t<meta property=\"og:image:height\" content=\"474\" \/>\n\t<meta property=\"og:image:type\" content=\"image\/jpeg\" \/>\n<meta name=\"twitter:card\" content=\"summary_large_image\" \/>\n<meta name=\"twitter:label1\" content=\"Dur\u00e9e de lecture estim\u00e9e\" \/>\n\t<meta name=\"twitter:data1\" content=\"2 minutes\" \/>\n<script type=\"application\/ld+json\" class=\"yoast-schema-graph\">{\"@context\":\"https:\/\/schema.org\",\"@graph\":[{\"@type\":\"WebPage\",\"@id\":\"https:\/\/investmedic-store.com\/?product=pistolet-injecteur-meso-gun-3rd-generation\",\"url\":\"https:\/\/investmedic-store.com\/?product=pistolet-injecteur-meso-gun-3rd-generation\",\"name\":\"PISTOLET INJECTEUR MESO GUN 3rd GENERATION - investmedic-store.com\",\"isPartOf\":{\"@id\":\"https:\/\/investmedic-store.com\/#website\"},\"datePublished\":\"2023-08-25T12:09:44+00:00\",\"dateModified\":\"2023-09-04T19:09:52+00:00\",\"breadcrumb\":{\"@id\":\"https:\/\/investmedic-store.com\/?product=pistolet-injecteur-meso-gun-3rd-generation#breadcrumb\"},\"inLanguage\":\"fr-FR\",\"potentialAction\":[{\"@type\":\"ReadAction\",\"target\":[\"https:\/\/investmedic-store.com\/?product=pistolet-injecteur-meso-gun-3rd-generation\"]}]},{\"@type\":\"BreadcrumbList\",\"@id\":\"https:\/\/investmedic-store.com\/?product=pistolet-injecteur-meso-gun-3rd-generation#breadcrumb\",\"itemListElement\":[{\"@type\":\"ListItem\",\"position\":1,\"name\":\"Accueil\",\"item\":\"https:\/\/investmedic-store.com\/\"},{\"@type\":\"ListItem\",\"position\":2,\"name\":\"Shop\",\"item\":\"https:\/\/investmedic-store.com\/?page_id=5\"},{\"@type\":\"ListItem\",\"position\":3,\"name\":\"PISTOLET INJECTEUR MESO GUN 3rd GENERATION\"}]},{\"@type\":\"WebSite\",\"@id\":\"https:\/\/investmedic-store.com\/#website\",\"url\":\"https:\/\/investmedic-store.com\/\",\"name\":\"invest medic store\",\"description\":\"Importation &amp; Distribution Du Materiels Medico-Chirurgicales - \u0627\u0633\u062a\u064a\u0631\u0627\u062f \u0648\u062a\u0648\u0632\u064a\u0639 \u0627\u0644\u0645\u0648\u0627\u062f \u0627\u0644\u0637\u0628\u064a\u0629 \u0627\u0644\u062c\u0631\u0627\u062d\u064a\u0629\",\"publisher\":{\"@id\":\"https:\/\/investmedic-store.com\/#organization\"},\"alternateName\":\"investmedic store\",\"potentialAction\":[{\"@type\":\"SearchAction\",\"target\":{\"@type\":\"EntryPoint\",\"urlTemplate\":\"https:\/\/investmedic-store.com\/?s={search_term_string}\"},\"query-input\":\"required name=search_term_string\"}],\"inLanguage\":\"fr-FR\"},{\"@type\":\"Organization\",\"@id\":\"https:\/\/investmedic-store.com\/#organization\",\"name\":\"invest.medic store\",\"alternateName\":\"investmedic store\",\"url\":\"https:\/\/investmedic-store.com\/\",\"logo\":{\"@type\":\"ImageObject\",\"inLanguage\":\"fr-FR\",\"@id\":\"https:\/\/investmedic-store.com\/#\/schema\/logo\/image\/\",\"url\":\"https:\/\/investmedic-store.com\/wp-content\/uploads\/2023\/07\/cropped-LOGO_INVEST-transformed-removebg-preview-transformed-1-e1690120839263.png\",\"contentUrl\":\"https:\/\/investmedic-store.com\/wp-content\/uploads\/2023\/07\/cropped-LOGO_INVEST-transformed-removebg-preview-transformed-1-e1690120839263.png\",\"width\":512,\"height\":512,\"caption\":\"invest.medic store\"},\"image\":{\"@id\":\"https:\/\/investmedic-store.com\/#\/schema\/logo\/image\/\"},\"sameAs\":[\"https:\/\/www.facebook.com\/invest.medic\"]}]}<\/script>\n<!-- \/ Yoast SEO plugin. -->","yoast_head_json":{"title":"PISTOLET INJECTEUR MESO GUN 3rd GENERATION - investmedic-store.com","robots":{"index":"index","follow":"follow","max-snippet":"max-snippet:-1","max-image-preview":"max-image-preview:large","max-video-preview":"max-video-preview:-1"},"canonical":"https:\/\/investmedic-store.com\/?product=pistolet-injecteur-meso-gun-3rd-generation","og_locale":"fr_FR","og_type":"article","og_title":"PISTOLET INJECTEUR MESO GUN 3rd GENERATION - investmedic-store.com","og_description":"Qu\u2019est-ce que l\u2019injection vitale ? L&#8217;injection vitale consiste \u00e0 injecter directement de l&#8217;acide hyaluronique dans la peau, ce qui rend la peau du visage hydratante et douce, lumineuse et vous aurez la peau lisse et lumineuse en tant qu&#8217;acteur. Il apportera une solution \u00e0 la d\u00e9shydratation du derme et \u00e9liminera les rides avec une grande &hellip; PISTOLET INJECTEUR MESO GUN 3rd GENERATIONRead More","og_url":"https:\/\/investmedic-store.com\/?product=pistolet-injecteur-meso-gun-3rd-generation","og_site_name":"investmedic-store.com","article_publisher":"https:\/\/www.facebook.com\/invest.medic","article_modified_time":"2023-09-04T19:09:52+00:00","og_image":[{"width":474,"height":474,"url":"http:\/\/investmedic-store.com\/wp-content\/uploads\/2023\/08\/OIP.jpg","type":"image\/jpeg"}],"twitter_card":"summary_large_image","twitter_misc":{"Dur\u00e9e de lecture estim\u00e9e":"2 minutes"},"schema":{"@context":"https:\/\/schema.org","@graph":[{"@type":"WebPage","@id":"https:\/\/investmedic-store.com\/?product=pistolet-injecteur-meso-gun-3rd-generation","url":"https:\/\/investmedic-store.com\/?product=pistolet-injecteur-meso-gun-3rd-generation","name":"PISTOLET INJECTEUR MESO GUN 3rd GENERATION - investmedic-store.com","isPartOf":{"@id":"https:\/\/investmedic-store.com\/#website"},"datePublished":"2023-08-25T12:09:44+00:00","dateModified":"2023-09-04T19:09:52+00:00","breadcrumb":{"@id":"https:\/\/investmedic-store.com\/?product=pistolet-injecteur-meso-gun-3rd-generation#breadcrumb"},"inLanguage":"fr-FR","potentialAction":[{"@type":"ReadAction","target":["https:\/\/investmedic-store.com\/?product=pistolet-injecteur-meso-gun-3rd-generation"]}]},{"@type":"BreadcrumbList","@id":"https:\/\/investmedic-store.com\/?product=pistolet-injecteur-meso-gun-3rd-generation#breadcrumb","itemListElement":[{"@type":"ListItem","position":1,"name":"Accueil","item":"https:\/\/investmedic-store.com\/"},{"@type":"ListItem","position":2,"name":"Shop","item":"https:\/\/investmedic-store.com\/?page_id=5"},{"@type":"ListItem","position":3,"name":"PISTOLET INJECTEUR MESO GUN 3rd GENERATION"}]},{"@type":"WebSite","@id":"https:\/\/investmedic-store.com\/#website","url":"https:\/\/investmedic-store.com\/","name":"invest medic store","description":"Importation &amp; Distribution Du Materiels Medico-Chirurgicales - \u0627\u0633\u062a\u064a\u0631\u0627\u062f \u0648\u062a\u0648\u0632\u064a\u0639 \u0627\u0644\u0645\u0648\u0627\u062f \u0627\u0644\u0637\u0628\u064a\u0629 \u0627\u0644\u062c\u0631\u0627\u062d\u064a\u0629","publisher":{"@id":"https:\/\/investmedic-store.com\/#organization"},"alternateName":"investmedic store","potentialAction":[{"@type":"SearchAction","target":{"@type":"EntryPoint","urlTemplate":"https:\/\/investmedic-store.com\/?s={search_term_string}"},"query-input":"required name=search_term_string"}],"inLanguage":"fr-FR"},{"@type":"Organization","@id":"https:\/\/investmedic-store.com\/#organization","name":"invest.medic store","alternateName":"investmedic store","url":"https:\/\/investmedic-store.com\/","logo":{"@type":"ImageObject","inLanguage":"fr-FR","@id":"https:\/\/investmedic-store.com\/#\/schema\/logo\/image\/","url":"https:\/\/investmedic-store.com\/wp-content\/uploads\/2023\/07\/cropped-LOGO_INVEST-transformed-removebg-preview-transformed-1-e1690120839263.png","contentUrl":"https:\/\/investmedic-store.com\/wp-content\/uploads\/2023\/07\/cropped-LOGO_INVEST-transformed-removebg-preview-transformed-1-e1690120839263.png","width":512,"height":512,"caption":"invest.medic store"},"image":{"@id":"https:\/\/investmedic-store.com\/#\/schema\/logo\/image\/"},"sameAs":["https:\/\/www.facebook.com\/invest.medic"]}]}},"_links":{"self":[{"href":"https:\/\/investmedic-store.com\/index.php?rest_route=\/wp\/v2\/product\/1858"}],"collection":[{"href":"https:\/\/investmedic-store.com\/index.php?rest_route=\/wp\/v2\/product"}],"about":[{"href":"https:\/\/investmedic-store.com\/index.php?rest_route=\/wp\/v2\/types\/product"}],"replies":[{"embeddable":true,"href":"https:\/\/investmedic-store.com\/index.php?rest_route=%2Fwp%2Fv2%2Fcomments&post=1858"}],"wp:featuredmedia":[{"embeddable":true,"href":"https:\/\/investmedic-store.com\/index.php?rest_route=\/wp\/v2\/media\/1859"}],"wp:attachment":[{"href":"https:\/\/investmedic-store.com\/index.php?rest_route=%2Fwp%2Fv2%2Fmedia&parent=1858"}],"wp:term":[{"taxonomy":"product_cat","embeddable":true,"href":"https:\/\/investmedic-store.com\/index.php?rest_route=%2Fwp%2Fv2%2Fproduct_cat&post=1858"},{"taxonomy":"product_tag","embeddable":true,"href":"https:\/\/investmedic-store.com\/index.php?rest_route=%2Fwp%2Fv2%2Fproduct_tag&post=1858"}],"curies":[{"name":"wp","href":"https:\/\/api.w.org\/{rel}","templated":true}]}}