{"id":1856,"date":"2023-08-25T12:36:37","date_gmt":"2023-08-25T11:36:37","guid":{"rendered":"https:\/\/investmedic-store.com\/?post_type=product&#038;p=1856"},"modified":"2023-09-04T20:22:36","modified_gmt":"2023-09-04T19:22:36","slug":"1856","status":"publish","type":"product","link":"https:\/\/investmedic-store.com\/?product=1856","title":{"rendered":"MASQUE A LED 7 COULEURS AVEC MONTANT"},"content":{"rendered":"<ul class=\"a-unordered-list a-vertical a-spacing-mini\">\n<li class=\"a-spacing-mini\">\n<h1 class=\"a-size-base-plus a-text-bold\">\u00c0 propos de cet article<\/h1>\n<ul class=\"a-unordered-list a-vertical a-spacing-mini\">\n<li class=\"a-spacing-mini\"><span class=\"a-list-item\">Masque facial \u00e9lectronique 7 couleurs Design: 7 couleurs en 1 masque de luminoth\u00e9rapie pour le visage \u00e0 LED, chaque couleur a son effet, elle peut r\u00e9pondre \u00e0 vos divers besoins de beaut\u00e9, retrouver l&#8217;apparence de la jeunesse.<\/span><\/li>\n<li class=\"a-spacing-mini\"><span class=\"a-list-item\">Conception confortable et humanis\u00e9e : le masque facial \u00e9lectronique \u00e0 LED adopte la derni\u00e8re technologie d&#8217;irradiation lumineuse, con\u00e7ue avec la plus adapt\u00e9e \u00e0 votre visage et \u00e0 votre cou, couvre le visage et le cou dans toutes les directions.<\/span><\/li>\n<li class=\"a-spacing-mini\"><span class=\"a-list-item\">190pcs LED Lights: offre une lumi\u00e8re et une \u00e9nergie pures pour les soins de la peau, qui conviennent \u00e0 tous les types de peau. Inhibe la formation de pigment m\u00e9lanique, am\u00e9liore l&#8217;\u00e9lasticit\u00e9 de la peau. Vous pouvez r\u00e9gler sa luminosit\u00e9 en utilisant le contr\u00f4le.<\/span><\/li>\n<li class=\"a-spacing-mini\"><span class=\"a-list-item\">Fonction de couverture compl\u00e8te : Fournit une fonction de micro-courant. contient le cou du visage, le masque facial \u00e9lectronique aide votre visage \u00e0 promouvoir le collag\u00e8ne, \u00e0 nettoyer et \u00e0 tonifier la peau tout en r\u00e9duisant les rides et les ridules. Traitez votre peau au quotidien.<\/span><\/li>\n<li class=\"a-spacing-mini\"><span class=\"a-list-item\">Facile \u00e0 utiliser : masque facial \u00e9lectronique \u00e0 LED S\u00e9lectionnez la couleur, l&#8217;heure, la luminosit\u00e9, le mode et la force du micro-courant via la t\u00e9l\u00e9commande. Chaque fois que vous utilisez un masque facial color\u00e9, profitez de la peau SPA \u00e0 la maison.<\/span><\/li>\n<\/ul>\n<\/li>\n<li>\n<h2 class=\"default\">Description du produit<\/h2>\n<div id=\"productDescription\" class=\"a-section a-spacing-small\">\n<p>Fonction de masque facial \u00e9lectronique \u00e0 7 couleurs LED\u00a0:<br \/>\n1. Chaque couleur de lumi\u00e8re pr\u00e9sente des effets b\u00e9n\u00e9fiques sur des affections cutan\u00e9es particuli\u00e8res.<br \/>\n2. Inhiber la formation de pigment m\u00e9lanique.<br \/>\n3. Am\u00e9liorer l&#8217;\u00e9lasticit\u00e9 de la peau.<br \/>\n4. R\u00e9duire et pr\u00e9venir les rides.<\/p>\n<p>Information produit<br \/>\ntype de produit: Masque facial \u00e9lectronique \u00e0 LED<br \/>\nTemps de travail : Nous recommandons 15 minutes<br \/>\nTaille: 20*23cm<br \/>\nMat\u00e9riel: en plastique PC + ABS r\u00e9sistant aux hautes temp\u00e9ratures<br \/>\nMode de fonctionnement : t\u00e9l\u00e9commande filaire (7 changements de couleur)<br \/>\nNombre de perles de lampe : 190 pcs<\/p>\n<\/div>\n<\/li>\n<\/ul>\n","protected":false},"excerpt":{"rendered":"<p>\u00c0 propos de cet article Masque facial \u00e9lectronique 7 couleurs Design: 7 couleurs en 1 masque de luminoth\u00e9rapie pour le visage \u00e0 LED, chaque couleur a son effet, elle peut r\u00e9pondre \u00e0 vos divers besoins de beaut\u00e9, retrouver l&#8217;apparence de la jeunesse. Conception confortable et humanis\u00e9e : le masque facial \u00e9lectronique \u00e0 LED adopte la &hellip;<\/p>\n<p class=\"read-more\"> <a class=\" thunk-readmore button \" href=\"https:\/\/investmedic-store.com\/?product=1856\"> <span class=\"screen-reader-text\">MASQUE A LED 7 COULEURS AVEC MONTANT<\/span>Read More<\/a><\/p>\n","protected":false},"featured_media":1857,"comment_status":"open","ping_status":"closed","template":"","meta":{"om_disable_all_campaigns":false,"_joinchat":[]},"product_cat":[15,162],"product_tag":[],"yoast_head":"<!-- This site is optimized with the Yoast SEO plugin v20.12 - https:\/\/yoast.com\/wordpress\/plugins\/seo\/ -->\n<title>MASQUE A LED 7 COULEURS AVEC MONTANT - investmedic-store.com<\/title>\n<meta name=\"robots\" content=\"index, follow, max-snippet:-1, max-image-preview:large, max-video-preview:-1\" \/>\n<link rel=\"canonical\" href=\"https:\/\/investmedic-store.com\/?product=1856\" \/>\n<meta property=\"og:locale\" content=\"fr_FR\" \/>\n<meta property=\"og:type\" content=\"article\" \/>\n<meta property=\"og:title\" content=\"MASQUE A LED 7 COULEURS AVEC MONTANT - investmedic-store.com\" \/>\n<meta property=\"og:description\" content=\"\u00c0 propos de cet article Masque facial \u00e9lectronique 7 couleurs Design: 7 couleurs en 1 masque de luminoth\u00e9rapie pour le visage \u00e0 LED, chaque couleur a son effet, elle peut r\u00e9pondre \u00e0 vos divers besoins de beaut\u00e9, retrouver l&#8217;apparence de la jeunesse. Conception confortable et humanis\u00e9e : le masque facial \u00e9lectronique \u00e0 LED adopte la &hellip; MASQUE A LED 7 COULEURS AVEC MONTANTRead More\" \/>\n<meta property=\"og:url\" content=\"https:\/\/investmedic-store.com\/?product=1856\" \/>\n<meta property=\"og:site_name\" content=\"investmedic-store.com\" \/>\n<meta property=\"article:publisher\" content=\"https:\/\/www.facebook.com\/invest.medic\" \/>\n<meta property=\"article:modified_time\" content=\"2023-09-04T19:22:36+00:00\" \/>\n<meta property=\"og:image\" content=\"http:\/\/investmedic-store.com\/wp-content\/uploads\/2023\/08\/71obo911gVL._AC_SY450_.jpg\" \/>\n\t<meta property=\"og:image:width\" content=\"425\" \/>\n\t<meta property=\"og:image:height\" content=\"450\" \/>\n\t<meta property=\"og:image:type\" content=\"image\/jpeg\" \/>\n<meta name=\"twitter:card\" content=\"summary_large_image\" \/>\n<meta name=\"twitter:label1\" content=\"Dur\u00e9e de lecture estim\u00e9e\" \/>\n\t<meta name=\"twitter:data1\" content=\"2 minutes\" \/>\n<script type=\"application\/ld+json\" class=\"yoast-schema-graph\">{\"@context\":\"https:\/\/schema.org\",\"@graph\":[{\"@type\":\"WebPage\",\"@id\":\"https:\/\/investmedic-store.com\/?product=1856\",\"url\":\"https:\/\/investmedic-store.com\/?product=1856\",\"name\":\"MASQUE A LED 7 COULEURS AVEC MONTANT - investmedic-store.com\",\"isPartOf\":{\"@id\":\"https:\/\/investmedic-store.com\/#website\"},\"datePublished\":\"2023-08-25T11:36:37+00:00\",\"dateModified\":\"2023-09-04T19:22:36+00:00\",\"breadcrumb\":{\"@id\":\"https:\/\/investmedic-store.com\/?product=1856#breadcrumb\"},\"inLanguage\":\"fr-FR\",\"potentialAction\":[{\"@type\":\"ReadAction\",\"target\":[\"https:\/\/investmedic-store.com\/?product=1856\"]}]},{\"@type\":\"BreadcrumbList\",\"@id\":\"https:\/\/investmedic-store.com\/?product=1856#breadcrumb\",\"itemListElement\":[{\"@type\":\"ListItem\",\"position\":1,\"name\":\"Accueil\",\"item\":\"https:\/\/investmedic-store.com\/\"},{\"@type\":\"ListItem\",\"position\":2,\"name\":\"Shop\",\"item\":\"https:\/\/investmedic-store.com\/?page_id=5\"},{\"@type\":\"ListItem\",\"position\":3,\"name\":\"MASQUE A LED 7 COULEURS AVEC MONTANT\"}]},{\"@type\":\"WebSite\",\"@id\":\"https:\/\/investmedic-store.com\/#website\",\"url\":\"https:\/\/investmedic-store.com\/\",\"name\":\"invest medic store\",\"description\":\"Importation &amp; Distribution Du Materiels Medico-Chirurgicales - \u0627\u0633\u062a\u064a\u0631\u0627\u062f \u0648\u062a\u0648\u0632\u064a\u0639 \u0627\u0644\u0645\u0648\u0627\u062f \u0627\u0644\u0637\u0628\u064a\u0629 \u0627\u0644\u062c\u0631\u0627\u062d\u064a\u0629\",\"publisher\":{\"@id\":\"https:\/\/investmedic-store.com\/#organization\"},\"alternateName\":\"investmedic store\",\"potentialAction\":[{\"@type\":\"SearchAction\",\"target\":{\"@type\":\"EntryPoint\",\"urlTemplate\":\"https:\/\/investmedic-store.com\/?s={search_term_string}\"},\"query-input\":\"required name=search_term_string\"}],\"inLanguage\":\"fr-FR\"},{\"@type\":\"Organization\",\"@id\":\"https:\/\/investmedic-store.com\/#organization\",\"name\":\"invest.medic store\",\"alternateName\":\"investmedic store\",\"url\":\"https:\/\/investmedic-store.com\/\",\"logo\":{\"@type\":\"ImageObject\",\"inLanguage\":\"fr-FR\",\"@id\":\"https:\/\/investmedic-store.com\/#\/schema\/logo\/image\/\",\"url\":\"https:\/\/investmedic-store.com\/wp-content\/uploads\/2023\/07\/cropped-LOGO_INVEST-transformed-removebg-preview-transformed-1-e1690120839263.png\",\"contentUrl\":\"https:\/\/investmedic-store.com\/wp-content\/uploads\/2023\/07\/cropped-LOGO_INVEST-transformed-removebg-preview-transformed-1-e1690120839263.png\",\"width\":512,\"height\":512,\"caption\":\"invest.medic store\"},\"image\":{\"@id\":\"https:\/\/investmedic-store.com\/#\/schema\/logo\/image\/\"},\"sameAs\":[\"https:\/\/www.facebook.com\/invest.medic\"]}]}<\/script>\n<!-- \/ Yoast SEO plugin. -->","yoast_head_json":{"title":"MASQUE A LED 7 COULEURS AVEC MONTANT - investmedic-store.com","robots":{"index":"index","follow":"follow","max-snippet":"max-snippet:-1","max-image-preview":"max-image-preview:large","max-video-preview":"max-video-preview:-1"},"canonical":"https:\/\/investmedic-store.com\/?product=1856","og_locale":"fr_FR","og_type":"article","og_title":"MASQUE A LED 7 COULEURS AVEC MONTANT - investmedic-store.com","og_description":"\u00c0 propos de cet article Masque facial \u00e9lectronique 7 couleurs Design: 7 couleurs en 1 masque de luminoth\u00e9rapie pour le visage \u00e0 LED, chaque couleur a son effet, elle peut r\u00e9pondre \u00e0 vos divers besoins de beaut\u00e9, retrouver l&#8217;apparence de la jeunesse. Conception confortable et humanis\u00e9e : le masque facial \u00e9lectronique \u00e0 LED adopte la &hellip; MASQUE A LED 7 COULEURS AVEC MONTANTRead More","og_url":"https:\/\/investmedic-store.com\/?product=1856","og_site_name":"investmedic-store.com","article_publisher":"https:\/\/www.facebook.com\/invest.medic","article_modified_time":"2023-09-04T19:22:36+00:00","og_image":[{"width":425,"height":450,"url":"http:\/\/investmedic-store.com\/wp-content\/uploads\/2023\/08\/71obo911gVL._AC_SY450_.jpg","type":"image\/jpeg"}],"twitter_card":"summary_large_image","twitter_misc":{"Dur\u00e9e de lecture estim\u00e9e":"2 minutes"},"schema":{"@context":"https:\/\/schema.org","@graph":[{"@type":"WebPage","@id":"https:\/\/investmedic-store.com\/?product=1856","url":"https:\/\/investmedic-store.com\/?product=1856","name":"MASQUE A LED 7 COULEURS AVEC MONTANT - investmedic-store.com","isPartOf":{"@id":"https:\/\/investmedic-store.com\/#website"},"datePublished":"2023-08-25T11:36:37+00:00","dateModified":"2023-09-04T19:22:36+00:00","breadcrumb":{"@id":"https:\/\/investmedic-store.com\/?product=1856#breadcrumb"},"inLanguage":"fr-FR","potentialAction":[{"@type":"ReadAction","target":["https:\/\/investmedic-store.com\/?product=1856"]}]},{"@type":"BreadcrumbList","@id":"https:\/\/investmedic-store.com\/?product=1856#breadcrumb","itemListElement":[{"@type":"ListItem","position":1,"name":"Accueil","item":"https:\/\/investmedic-store.com\/"},{"@type":"ListItem","position":2,"name":"Shop","item":"https:\/\/investmedic-store.com\/?page_id=5"},{"@type":"ListItem","position":3,"name":"MASQUE A LED 7 COULEURS AVEC MONTANT"}]},{"@type":"WebSite","@id":"https:\/\/investmedic-store.com\/#website","url":"https:\/\/investmedic-store.com\/","name":"invest medic store","description":"Importation &amp; Distribution Du Materiels Medico-Chirurgicales - \u0627\u0633\u062a\u064a\u0631\u0627\u062f \u0648\u062a\u0648\u0632\u064a\u0639 \u0627\u0644\u0645\u0648\u0627\u062f \u0627\u0644\u0637\u0628\u064a\u0629 \u0627\u0644\u062c\u0631\u0627\u062d\u064a\u0629","publisher":{"@id":"https:\/\/investmedic-store.com\/#organization"},"alternateName":"investmedic store","potentialAction":[{"@type":"SearchAction","target":{"@type":"EntryPoint","urlTemplate":"https:\/\/investmedic-store.com\/?s={search_term_string}"},"query-input":"required name=search_term_string"}],"inLanguage":"fr-FR"},{"@type":"Organization","@id":"https:\/\/investmedic-store.com\/#organization","name":"invest.medic store","alternateName":"investmedic store","url":"https:\/\/investmedic-store.com\/","logo":{"@type":"ImageObject","inLanguage":"fr-FR","@id":"https:\/\/investmedic-store.com\/#\/schema\/logo\/image\/","url":"https:\/\/investmedic-store.com\/wp-content\/uploads\/2023\/07\/cropped-LOGO_INVEST-transformed-removebg-preview-transformed-1-e1690120839263.png","contentUrl":"https:\/\/investmedic-store.com\/wp-content\/uploads\/2023\/07\/cropped-LOGO_INVEST-transformed-removebg-preview-transformed-1-e1690120839263.png","width":512,"height":512,"caption":"invest.medic store"},"image":{"@id":"https:\/\/investmedic-store.com\/#\/schema\/logo\/image\/"},"sameAs":["https:\/\/www.facebook.com\/invest.medic"]}]}},"_links":{"self":[{"href":"https:\/\/investmedic-store.com\/index.php?rest_route=\/wp\/v2\/product\/1856"}],"collection":[{"href":"https:\/\/investmedic-store.com\/index.php?rest_route=\/wp\/v2\/product"}],"about":[{"href":"https:\/\/investmedic-store.com\/index.php?rest_route=\/wp\/v2\/types\/product"}],"replies":[{"embeddable":true,"href":"https:\/\/investmedic-store.com\/index.php?rest_route=%2Fwp%2Fv2%2Fcomments&post=1856"}],"wp:featuredmedia":[{"embeddable":true,"href":"https:\/\/investmedic-store.com\/index.php?rest_route=\/wp\/v2\/media\/1857"}],"wp:attachment":[{"href":"https:\/\/investmedic-store.com\/index.php?rest_route=%2Fwp%2Fv2%2Fmedia&parent=1856"}],"wp:term":[{"taxonomy":"product_cat","embeddable":true,"href":"https:\/\/investmedic-store.com\/index.php?rest_route=%2Fwp%2Fv2%2Fproduct_cat&post=1856"},{"taxonomy":"product_tag","embeddable":true,"href":"https:\/\/investmedic-store.com\/index.php?rest_route=%2Fwp%2Fv2%2Fproduct_tag&post=1856"}],"curies":[{"name":"wp","href":"https:\/\/api.w.org\/{rel}","templated":true}]}}