{"id":1844,"date":"2023-08-23T01:19:59","date_gmt":"2023-08-23T00:19:59","guid":{"rendered":"https:\/\/investmedic-store.com\/?post_type=product&#038;p=1844"},"modified":"2023-08-23T01:19:59","modified_gmt":"2023-08-23T00:19:59","slug":"cavitation-radio-frfiquance-40k","status":"publish","type":"product","link":"https:\/\/investmedic-store.com\/?product=cavitation-radio-frfiquance-40k","title":{"rendered":"CAVITATION RADIO FRFIQUANCE 40K"},"content":{"rendered":"<p><strong><b>Principe de fonctionnement<\/b><br \/>\nLa machine adopte la cavitation RF et ultrasonique. La cavitation \u00e0 40 kHz peut acc\u00e9l\u00e9rer la friction et l&#8217;activit\u00e9 parmi les cellules graisseuses pour am\u00e9liorer le m\u00e9tabolisme afin de souffler la graisse et de r\u00e9aliser l&#8217;amincissement du corps. La technologie RF peut fournir de l&#8217;\u00e9nergie thermique dans la couche derme, favorisant la production de collag\u00e8ne pour serrer et raffermir la peau.<br \/>\n<\/strong><\/p>\n<p><strong>1. 40Khz la cavitation<\/strong><\/p>\n<p>L&#8217;\u00e9chographie la cavitation de fortes vibrations produites par la faible fr\u00e9quence d&#8217;\u00e9chographie, qui se dissout efficacement\u00a0cellulite incrust\u00e9e. En outre, en raison de fortes vibrations, effet thermique de la faible fr\u00e9quence d&#8217;\u00e9chographie sera\u00a0absorb\u00e9e par les tissus sous-cutan\u00e9e et convertie en chaleur. La chaleur va augmenter la temp\u00e9rature de la cellulite et\u00a0progressivement dissous graisse profonde dans l&#8217;\u00e9tat liquide, et enfin \u00e0 l&#8217;exception du corps par le m\u00e9tabolisme lymphatique.<\/p>\n<p><strong>2. RF multipolaire<\/strong><\/p>\n<p>La technologie RF multipolaire peut chauffer le derme et de la couche de graisse sous-cutan\u00e9e, en m\u00eame temps, le contrat de fibres de collag\u00e8ne et de stimuler la r\u00e9g\u00e9n\u00e9ration de collag\u00e8ne, de sorte qu&#8217;il peut obtenir de meilleurs effets de la peau, de rides de serrage de la d\u00e9pose,\u00a0la r\u00e9duction des gras et le corps le contourage.<\/p>\n<p><strong>Poign\u00e9es de travail\u00a0<\/strong><br \/>\n1 poign\u00e9es 40Khz la cavitation de profonde r\u00e9duction de la cellulite<br \/>\n1 poign\u00e9es 4\u00a0polar RF pour dissoudre la graisse corporelle, pour le corps de sculpture et de toxine.<br \/>\n1 poign\u00e9es pour le gras RF tripolaire dissolution, la peau du visage et le rajeunissement de levage<\/p>\n","protected":false},"excerpt":{"rendered":"<p>Principe de fonctionnement La machine adopte la cavitation RF et ultrasonique. La cavitation \u00e0 40 kHz peut acc\u00e9l\u00e9rer la friction et l&#8217;activit\u00e9 parmi les cellules graisseuses pour am\u00e9liorer le m\u00e9tabolisme afin de souffler la graisse et de r\u00e9aliser l&#8217;amincissement du corps. La technologie RF peut fournir de l&#8217;\u00e9nergie thermique dans la couche derme, favorisant la &hellip;<\/p>\n<p class=\"read-more\"> <a class=\" thunk-readmore button \" href=\"https:\/\/investmedic-store.com\/?product=cavitation-radio-frfiquance-40k\"> <span class=\"screen-reader-text\">CAVITATION RADIO FRFIQUANCE 40K<\/span>Read More<\/a><\/p>\n","protected":false},"featured_media":1845,"comment_status":"open","ping_status":"closed","template":"","meta":{"om_disable_all_campaigns":false,"_joinchat":[]},"product_cat":[15,162],"product_tag":[],"yoast_head":"<!-- This site is optimized with the Yoast SEO plugin v20.12 - https:\/\/yoast.com\/wordpress\/plugins\/seo\/ -->\n<title>CAVITATION RADIO FRFIQUANCE 40K - investmedic-store.com<\/title>\n<meta name=\"robots\" content=\"index, follow, max-snippet:-1, max-image-preview:large, max-video-preview:-1\" \/>\n<link rel=\"canonical\" href=\"https:\/\/investmedic-store.com\/?product=cavitation-radio-frfiquance-40k\" \/>\n<meta property=\"og:locale\" content=\"fr_FR\" \/>\n<meta property=\"og:type\" content=\"article\" \/>\n<meta property=\"og:title\" content=\"CAVITATION RADIO FRFIQUANCE 40K - investmedic-store.com\" \/>\n<meta property=\"og:description\" content=\"Principe de fonctionnement La machine adopte la cavitation RF et ultrasonique. La cavitation \u00e0 40 kHz peut acc\u00e9l\u00e9rer la friction et l&#8217;activit\u00e9 parmi les cellules graisseuses pour am\u00e9liorer le m\u00e9tabolisme afin de souffler la graisse et de r\u00e9aliser l&#8217;amincissement du corps. La technologie RF peut fournir de l&#8217;\u00e9nergie thermique dans la couche derme, favorisant la &hellip; CAVITATION RADIO FRFIQUANCE 40KRead More\" \/>\n<meta property=\"og:url\" content=\"https:\/\/investmedic-store.com\/?product=cavitation-radio-frfiquance-40k\" \/>\n<meta property=\"og:site_name\" content=\"investmedic-store.com\" \/>\n<meta property=\"article:publisher\" content=\"https:\/\/www.facebook.com\/invest.medic\" \/>\n<meta property=\"og:image\" content=\"http:\/\/investmedic-store.com\/wp-content\/uploads\/2023\/08\/41NhgNUMddL.jpg\" \/>\n\t<meta property=\"og:image:width\" content=\"500\" \/>\n\t<meta property=\"og:image:height\" content=\"500\" \/>\n\t<meta property=\"og:image:type\" content=\"image\/jpeg\" \/>\n<meta name=\"twitter:card\" content=\"summary_large_image\" \/>\n<meta name=\"twitter:label1\" content=\"Dur\u00e9e de lecture estim\u00e9e\" \/>\n\t<meta name=\"twitter:data1\" content=\"2 minutes\" \/>\n<script type=\"application\/ld+json\" class=\"yoast-schema-graph\">{\"@context\":\"https:\/\/schema.org\",\"@graph\":[{\"@type\":\"WebPage\",\"@id\":\"https:\/\/investmedic-store.com\/?product=cavitation-radio-frfiquance-40k\",\"url\":\"https:\/\/investmedic-store.com\/?product=cavitation-radio-frfiquance-40k\",\"name\":\"CAVITATION RADIO FRFIQUANCE 40K - investmedic-store.com\",\"isPartOf\":{\"@id\":\"https:\/\/investmedic-store.com\/#website\"},\"datePublished\":\"2023-08-23T00:19:59+00:00\",\"dateModified\":\"2023-08-23T00:19:59+00:00\",\"breadcrumb\":{\"@id\":\"https:\/\/investmedic-store.com\/?product=cavitation-radio-frfiquance-40k#breadcrumb\"},\"inLanguage\":\"fr-FR\",\"potentialAction\":[{\"@type\":\"ReadAction\",\"target\":[\"https:\/\/investmedic-store.com\/?product=cavitation-radio-frfiquance-40k\"]}]},{\"@type\":\"BreadcrumbList\",\"@id\":\"https:\/\/investmedic-store.com\/?product=cavitation-radio-frfiquance-40k#breadcrumb\",\"itemListElement\":[{\"@type\":\"ListItem\",\"position\":1,\"name\":\"Accueil\",\"item\":\"https:\/\/investmedic-store.com\/\"},{\"@type\":\"ListItem\",\"position\":2,\"name\":\"Shop\",\"item\":\"https:\/\/investmedic-store.com\/?page_id=5\"},{\"@type\":\"ListItem\",\"position\":3,\"name\":\"CAVITATION RADIO FRFIQUANCE 40K\"}]},{\"@type\":\"WebSite\",\"@id\":\"https:\/\/investmedic-store.com\/#website\",\"url\":\"https:\/\/investmedic-store.com\/\",\"name\":\"invest medic store\",\"description\":\"Importation &amp; Distribution Du Materiels Medico-Chirurgicales - \u0627\u0633\u062a\u064a\u0631\u0627\u062f \u0648\u062a\u0648\u0632\u064a\u0639 \u0627\u0644\u0645\u0648\u0627\u062f \u0627\u0644\u0637\u0628\u064a\u0629 \u0627\u0644\u062c\u0631\u0627\u062d\u064a\u0629\",\"publisher\":{\"@id\":\"https:\/\/investmedic-store.com\/#organization\"},\"alternateName\":\"investmedic store\",\"potentialAction\":[{\"@type\":\"SearchAction\",\"target\":{\"@type\":\"EntryPoint\",\"urlTemplate\":\"https:\/\/investmedic-store.com\/?s={search_term_string}\"},\"query-input\":\"required name=search_term_string\"}],\"inLanguage\":\"fr-FR\"},{\"@type\":\"Organization\",\"@id\":\"https:\/\/investmedic-store.com\/#organization\",\"name\":\"invest.medic store\",\"alternateName\":\"investmedic store\",\"url\":\"https:\/\/investmedic-store.com\/\",\"logo\":{\"@type\":\"ImageObject\",\"inLanguage\":\"fr-FR\",\"@id\":\"https:\/\/investmedic-store.com\/#\/schema\/logo\/image\/\",\"url\":\"https:\/\/investmedic-store.com\/wp-content\/uploads\/2023\/07\/cropped-LOGO_INVEST-transformed-removebg-preview-transformed-1-e1690120839263.png\",\"contentUrl\":\"https:\/\/investmedic-store.com\/wp-content\/uploads\/2023\/07\/cropped-LOGO_INVEST-transformed-removebg-preview-transformed-1-e1690120839263.png\",\"width\":512,\"height\":512,\"caption\":\"invest.medic store\"},\"image\":{\"@id\":\"https:\/\/investmedic-store.com\/#\/schema\/logo\/image\/\"},\"sameAs\":[\"https:\/\/www.facebook.com\/invest.medic\"]}]}<\/script>\n<!-- \/ Yoast SEO plugin. -->","yoast_head_json":{"title":"CAVITATION RADIO FRFIQUANCE 40K - investmedic-store.com","robots":{"index":"index","follow":"follow","max-snippet":"max-snippet:-1","max-image-preview":"max-image-preview:large","max-video-preview":"max-video-preview:-1"},"canonical":"https:\/\/investmedic-store.com\/?product=cavitation-radio-frfiquance-40k","og_locale":"fr_FR","og_type":"article","og_title":"CAVITATION RADIO FRFIQUANCE 40K - investmedic-store.com","og_description":"Principe de fonctionnement La machine adopte la cavitation RF et ultrasonique. La cavitation \u00e0 40 kHz peut acc\u00e9l\u00e9rer la friction et l&#8217;activit\u00e9 parmi les cellules graisseuses pour am\u00e9liorer le m\u00e9tabolisme afin de souffler la graisse et de r\u00e9aliser l&#8217;amincissement du corps. La technologie RF peut fournir de l&#8217;\u00e9nergie thermique dans la couche derme, favorisant la &hellip; CAVITATION RADIO FRFIQUANCE 40KRead More","og_url":"https:\/\/investmedic-store.com\/?product=cavitation-radio-frfiquance-40k","og_site_name":"investmedic-store.com","article_publisher":"https:\/\/www.facebook.com\/invest.medic","og_image":[{"width":500,"height":500,"url":"http:\/\/investmedic-store.com\/wp-content\/uploads\/2023\/08\/41NhgNUMddL.jpg","type":"image\/jpeg"}],"twitter_card":"summary_large_image","twitter_misc":{"Dur\u00e9e de lecture estim\u00e9e":"2 minutes"},"schema":{"@context":"https:\/\/schema.org","@graph":[{"@type":"WebPage","@id":"https:\/\/investmedic-store.com\/?product=cavitation-radio-frfiquance-40k","url":"https:\/\/investmedic-store.com\/?product=cavitation-radio-frfiquance-40k","name":"CAVITATION RADIO FRFIQUANCE 40K - investmedic-store.com","isPartOf":{"@id":"https:\/\/investmedic-store.com\/#website"},"datePublished":"2023-08-23T00:19:59+00:00","dateModified":"2023-08-23T00:19:59+00:00","breadcrumb":{"@id":"https:\/\/investmedic-store.com\/?product=cavitation-radio-frfiquance-40k#breadcrumb"},"inLanguage":"fr-FR","potentialAction":[{"@type":"ReadAction","target":["https:\/\/investmedic-store.com\/?product=cavitation-radio-frfiquance-40k"]}]},{"@type":"BreadcrumbList","@id":"https:\/\/investmedic-store.com\/?product=cavitation-radio-frfiquance-40k#breadcrumb","itemListElement":[{"@type":"ListItem","position":1,"name":"Accueil","item":"https:\/\/investmedic-store.com\/"},{"@type":"ListItem","position":2,"name":"Shop","item":"https:\/\/investmedic-store.com\/?page_id=5"},{"@type":"ListItem","position":3,"name":"CAVITATION RADIO FRFIQUANCE 40K"}]},{"@type":"WebSite","@id":"https:\/\/investmedic-store.com\/#website","url":"https:\/\/investmedic-store.com\/","name":"invest medic store","description":"Importation &amp; Distribution Du Materiels Medico-Chirurgicales - \u0627\u0633\u062a\u064a\u0631\u0627\u062f \u0648\u062a\u0648\u0632\u064a\u0639 \u0627\u0644\u0645\u0648\u0627\u062f \u0627\u0644\u0637\u0628\u064a\u0629 \u0627\u0644\u062c\u0631\u0627\u062d\u064a\u0629","publisher":{"@id":"https:\/\/investmedic-store.com\/#organization"},"alternateName":"investmedic store","potentialAction":[{"@type":"SearchAction","target":{"@type":"EntryPoint","urlTemplate":"https:\/\/investmedic-store.com\/?s={search_term_string}"},"query-input":"required name=search_term_string"}],"inLanguage":"fr-FR"},{"@type":"Organization","@id":"https:\/\/investmedic-store.com\/#organization","name":"invest.medic store","alternateName":"investmedic store","url":"https:\/\/investmedic-store.com\/","logo":{"@type":"ImageObject","inLanguage":"fr-FR","@id":"https:\/\/investmedic-store.com\/#\/schema\/logo\/image\/","url":"https:\/\/investmedic-store.com\/wp-content\/uploads\/2023\/07\/cropped-LOGO_INVEST-transformed-removebg-preview-transformed-1-e1690120839263.png","contentUrl":"https:\/\/investmedic-store.com\/wp-content\/uploads\/2023\/07\/cropped-LOGO_INVEST-transformed-removebg-preview-transformed-1-e1690120839263.png","width":512,"height":512,"caption":"invest.medic store"},"image":{"@id":"https:\/\/investmedic-store.com\/#\/schema\/logo\/image\/"},"sameAs":["https:\/\/www.facebook.com\/invest.medic"]}]}},"_links":{"self":[{"href":"https:\/\/investmedic-store.com\/index.php?rest_route=\/wp\/v2\/product\/1844"}],"collection":[{"href":"https:\/\/investmedic-store.com\/index.php?rest_route=\/wp\/v2\/product"}],"about":[{"href":"https:\/\/investmedic-store.com\/index.php?rest_route=\/wp\/v2\/types\/product"}],"replies":[{"embeddable":true,"href":"https:\/\/investmedic-store.com\/index.php?rest_route=%2Fwp%2Fv2%2Fcomments&post=1844"}],"wp:featuredmedia":[{"embeddable":true,"href":"https:\/\/investmedic-store.com\/index.php?rest_route=\/wp\/v2\/media\/1845"}],"wp:attachment":[{"href":"https:\/\/investmedic-store.com\/index.php?rest_route=%2Fwp%2Fv2%2Fmedia&parent=1844"}],"wp:term":[{"taxonomy":"product_cat","embeddable":true,"href":"https:\/\/investmedic-store.com\/index.php?rest_route=%2Fwp%2Fv2%2Fproduct_cat&post=1844"},{"taxonomy":"product_tag","embeddable":true,"href":"https:\/\/investmedic-store.com\/index.php?rest_route=%2Fwp%2Fv2%2Fproduct_tag&post=1844"}],"curies":[{"name":"wp","href":"https:\/\/api.w.org\/{rel}","templated":true}]}}