{"id":1840,"date":"2023-08-23T00:09:00","date_gmt":"2023-08-22T23:09:00","guid":{"rendered":"https:\/\/investmedic-store.com\/?post_type=product&#038;p=1840"},"modified":"2023-09-04T19:57:50","modified_gmt":"2023-09-04T18:57:50","slug":"plasma-pen-1699-maglev","status":"publish","type":"product","link":"https:\/\/investmedic-store.com\/?product=plasma-pen-1699-maglev","title":{"rendered":"PLASMA PEN 1699 MAGLEV"},"content":{"rendered":"<p><strong>Principe de fonctionnement :<\/strong><\/p>\n<p>Stylo de plasma est\u00a0similaire \u00e0 la principe de fonctionnement de la machine cosm\u00e9tiques laser CO2, il utilise une nouvelle\u00a0g\u00e9n\u00e9ration de mat\u00e9riel de conversion de puissance tr\u00e8s efficace et de la puce de contr\u00f4le\u00a0, de la technologie plasma \u00e0 haute fr\u00e9quence \u00e0 basse temp\u00e9rature de la d\u00e9charge \u00e0 rep\u00e9rer\u00a0le stylo plume en contact avec des taches de la peau entre le mauvais quasi \u00e9tat du contact, mais au\u00a0moment de quelques millim\u00e8tres \u00e0 produire jusqu&#8217;\u00e0 2000 \u00baC\u00a0plasma \u00e0 haute temp\u00e9rature, en utilisant le plasma la chaleur du corps effet de la carbonatation mauvais des taches sur\u00a0la peau, la faire dispara\u00eetre d\u00e9finitivement.<\/p>\n<p>Maglev allemand dot mole spot stylo flamme de pulv\u00e9risation est compl\u00e8tement diff\u00e9rent de flamme ordinaires, c&#8217;est sur le\u00a0d\u00e9poser de carbure de mauvais spots, microvasculaire de solidification rapide peut \u00eatre faite non pas des\u00a0saignements; a une forte incidence de st\u00e9rilisation, peut nettoyer les bact\u00e9ries de coloration jamais\u00a0la rechute, mais ne pas endommager le tissu dermique de la peau environnante ; \u00e9galement faire la peau\u00a0pour produire du p\u00e9trole film, formant des briseurs de gr\u00e8ve de carbone de prot\u00e9ger automatiquement la plaie de\u00a0l&#8217;infection, incitant la cicatrisation rapide, la journ\u00e9e peut \u00eatre en contact avec l&#8217;eau\u00a0(ne pas utiliser de lotions et les savons et autres produits chimiques), une semaine ou pour le carbone des briseurs de gr\u00e8ve\u00a0tombent naturellement, ne laissant pas de cicatrices.<\/p>\n<p><strong>Notre ce mod\u00e8le plasma pen le gros avantage :<\/strong><\/p>\n<p>Non seulement le retrait de toutes sortes de mole mais peut \u00e9galement faire la\u00a0chirurgie de la paupi\u00e8re\u00a0et\u00a0levage\u00a0sans\u00a0chirurgie\u00a0dans\u00a0la\u00a0\u00a0\u00a0pratique de sant\u00e9 naturel.<br \/>\nC&#8217;est le big diff\u00e9rents entre les deux autres types de laser d\u00e9pose sur le march\u00e9 de plume.<\/p>\n","protected":false},"excerpt":{"rendered":"<p>Principe de fonctionnement : Stylo de plasma est\u00a0similaire \u00e0 la principe de fonctionnement de la machine cosm\u00e9tiques laser CO2, il utilise une nouvelle\u00a0g\u00e9n\u00e9ration de mat\u00e9riel de conversion de puissance tr\u00e8s efficace et de la puce de contr\u00f4le\u00a0, de la technologie plasma \u00e0 haute fr\u00e9quence \u00e0 basse temp\u00e9rature de la d\u00e9charge \u00e0 rep\u00e9rer\u00a0le stylo plume en &hellip;<\/p>\n<p class=\"read-more\"> <a class=\" thunk-readmore button \" href=\"https:\/\/investmedic-store.com\/?product=plasma-pen-1699-maglev\"> <span class=\"screen-reader-text\">PLASMA PEN 1699 MAGLEV<\/span>Read More<\/a><\/p>\n","protected":false},"featured_media":1841,"comment_status":"open","ping_status":"closed","template":"","meta":{"om_disable_all_campaigns":false,"_joinchat":[]},"product_cat":[15,162],"product_tag":[],"yoast_head":"<!-- This site is optimized with the Yoast SEO plugin v20.12 - https:\/\/yoast.com\/wordpress\/plugins\/seo\/ -->\n<title>PLASMA PEN 1699 MAGLEV - investmedic-store.com<\/title>\n<meta name=\"robots\" content=\"index, follow, max-snippet:-1, max-image-preview:large, max-video-preview:-1\" \/>\n<link rel=\"canonical\" href=\"https:\/\/investmedic-store.com\/?product=plasma-pen-1699-maglev\" \/>\n<meta property=\"og:locale\" content=\"fr_FR\" \/>\n<meta property=\"og:type\" content=\"article\" \/>\n<meta property=\"og:title\" content=\"PLASMA PEN 1699 MAGLEV - investmedic-store.com\" \/>\n<meta property=\"og:description\" content=\"Principe de fonctionnement : Stylo de plasma est\u00a0similaire \u00e0 la principe de fonctionnement de la machine cosm\u00e9tiques laser CO2, il utilise une nouvelle\u00a0g\u00e9n\u00e9ration de mat\u00e9riel de conversion de puissance tr\u00e8s efficace et de la puce de contr\u00f4le\u00a0, de la technologie plasma \u00e0 haute fr\u00e9quence \u00e0 basse temp\u00e9rature de la d\u00e9charge \u00e0 rep\u00e9rer\u00a0le stylo plume en &hellip; PLASMA PEN 1699 MAGLEVRead More\" \/>\n<meta property=\"og:url\" content=\"https:\/\/investmedic-store.com\/?product=plasma-pen-1699-maglev\" \/>\n<meta property=\"og:site_name\" content=\"investmedic-store.com\" \/>\n<meta property=\"article:publisher\" content=\"https:\/\/www.facebook.com\/invest.medic\" \/>\n<meta property=\"article:modified_time\" content=\"2023-09-04T18:57:50+00:00\" \/>\n<meta property=\"og:image\" content=\"http:\/\/investmedic-store.com\/wp-content\/uploads\/2023\/08\/125148_3_2-650x650-1.jpg\" \/>\n\t<meta property=\"og:image:width\" content=\"650\" \/>\n\t<meta property=\"og:image:height\" content=\"650\" \/>\n\t<meta property=\"og:image:type\" content=\"image\/jpeg\" \/>\n<meta name=\"twitter:card\" content=\"summary_large_image\" \/>\n<meta name=\"twitter:label1\" content=\"Dur\u00e9e de lecture estim\u00e9e\" \/>\n\t<meta name=\"twitter:data1\" content=\"2 minutes\" \/>\n<script type=\"application\/ld+json\" class=\"yoast-schema-graph\">{\"@context\":\"https:\/\/schema.org\",\"@graph\":[{\"@type\":\"WebPage\",\"@id\":\"https:\/\/investmedic-store.com\/?product=plasma-pen-1699-maglev\",\"url\":\"https:\/\/investmedic-store.com\/?product=plasma-pen-1699-maglev\",\"name\":\"PLASMA PEN 1699 MAGLEV - investmedic-store.com\",\"isPartOf\":{\"@id\":\"https:\/\/investmedic-store.com\/#website\"},\"datePublished\":\"2023-08-22T23:09:00+00:00\",\"dateModified\":\"2023-09-04T18:57:50+00:00\",\"breadcrumb\":{\"@id\":\"https:\/\/investmedic-store.com\/?product=plasma-pen-1699-maglev#breadcrumb\"},\"inLanguage\":\"fr-FR\",\"potentialAction\":[{\"@type\":\"ReadAction\",\"target\":[\"https:\/\/investmedic-store.com\/?product=plasma-pen-1699-maglev\"]}]},{\"@type\":\"BreadcrumbList\",\"@id\":\"https:\/\/investmedic-store.com\/?product=plasma-pen-1699-maglev#breadcrumb\",\"itemListElement\":[{\"@type\":\"ListItem\",\"position\":1,\"name\":\"Accueil\",\"item\":\"https:\/\/investmedic-store.com\/\"},{\"@type\":\"ListItem\",\"position\":2,\"name\":\"Shop\",\"item\":\"https:\/\/investmedic-store.com\/?page_id=5\"},{\"@type\":\"ListItem\",\"position\":3,\"name\":\"PLASMA PEN 1699 MAGLEV\"}]},{\"@type\":\"WebSite\",\"@id\":\"https:\/\/investmedic-store.com\/#website\",\"url\":\"https:\/\/investmedic-store.com\/\",\"name\":\"invest medic store\",\"description\":\"Importation &amp; Distribution Du Materiels Medico-Chirurgicales - \u0627\u0633\u062a\u064a\u0631\u0627\u062f \u0648\u062a\u0648\u0632\u064a\u0639 \u0627\u0644\u0645\u0648\u0627\u062f \u0627\u0644\u0637\u0628\u064a\u0629 \u0627\u0644\u062c\u0631\u0627\u062d\u064a\u0629\",\"publisher\":{\"@id\":\"https:\/\/investmedic-store.com\/#organization\"},\"alternateName\":\"investmedic store\",\"potentialAction\":[{\"@type\":\"SearchAction\",\"target\":{\"@type\":\"EntryPoint\",\"urlTemplate\":\"https:\/\/investmedic-store.com\/?s={search_term_string}\"},\"query-input\":\"required name=search_term_string\"}],\"inLanguage\":\"fr-FR\"},{\"@type\":\"Organization\",\"@id\":\"https:\/\/investmedic-store.com\/#organization\",\"name\":\"invest.medic store\",\"alternateName\":\"investmedic store\",\"url\":\"https:\/\/investmedic-store.com\/\",\"logo\":{\"@type\":\"ImageObject\",\"inLanguage\":\"fr-FR\",\"@id\":\"https:\/\/investmedic-store.com\/#\/schema\/logo\/image\/\",\"url\":\"https:\/\/investmedic-store.com\/wp-content\/uploads\/2023\/07\/cropped-LOGO_INVEST-transformed-removebg-preview-transformed-1-e1690120839263.png\",\"contentUrl\":\"https:\/\/investmedic-store.com\/wp-content\/uploads\/2023\/07\/cropped-LOGO_INVEST-transformed-removebg-preview-transformed-1-e1690120839263.png\",\"width\":512,\"height\":512,\"caption\":\"invest.medic store\"},\"image\":{\"@id\":\"https:\/\/investmedic-store.com\/#\/schema\/logo\/image\/\"},\"sameAs\":[\"https:\/\/www.facebook.com\/invest.medic\"]}]}<\/script>\n<!-- \/ Yoast SEO plugin. -->","yoast_head_json":{"title":"PLASMA PEN 1699 MAGLEV - investmedic-store.com","robots":{"index":"index","follow":"follow","max-snippet":"max-snippet:-1","max-image-preview":"max-image-preview:large","max-video-preview":"max-video-preview:-1"},"canonical":"https:\/\/investmedic-store.com\/?product=plasma-pen-1699-maglev","og_locale":"fr_FR","og_type":"article","og_title":"PLASMA PEN 1699 MAGLEV - investmedic-store.com","og_description":"Principe de fonctionnement : Stylo de plasma est\u00a0similaire \u00e0 la principe de fonctionnement de la machine cosm\u00e9tiques laser CO2, il utilise une nouvelle\u00a0g\u00e9n\u00e9ration de mat\u00e9riel de conversion de puissance tr\u00e8s efficace et de la puce de contr\u00f4le\u00a0, de la technologie plasma \u00e0 haute fr\u00e9quence \u00e0 basse temp\u00e9rature de la d\u00e9charge \u00e0 rep\u00e9rer\u00a0le stylo plume en &hellip; PLASMA PEN 1699 MAGLEVRead More","og_url":"https:\/\/investmedic-store.com\/?product=plasma-pen-1699-maglev","og_site_name":"investmedic-store.com","article_publisher":"https:\/\/www.facebook.com\/invest.medic","article_modified_time":"2023-09-04T18:57:50+00:00","og_image":[{"width":650,"height":650,"url":"http:\/\/investmedic-store.com\/wp-content\/uploads\/2023\/08\/125148_3_2-650x650-1.jpg","type":"image\/jpeg"}],"twitter_card":"summary_large_image","twitter_misc":{"Dur\u00e9e de lecture estim\u00e9e":"2 minutes"},"schema":{"@context":"https:\/\/schema.org","@graph":[{"@type":"WebPage","@id":"https:\/\/investmedic-store.com\/?product=plasma-pen-1699-maglev","url":"https:\/\/investmedic-store.com\/?product=plasma-pen-1699-maglev","name":"PLASMA PEN 1699 MAGLEV - investmedic-store.com","isPartOf":{"@id":"https:\/\/investmedic-store.com\/#website"},"datePublished":"2023-08-22T23:09:00+00:00","dateModified":"2023-09-04T18:57:50+00:00","breadcrumb":{"@id":"https:\/\/investmedic-store.com\/?product=plasma-pen-1699-maglev#breadcrumb"},"inLanguage":"fr-FR","potentialAction":[{"@type":"ReadAction","target":["https:\/\/investmedic-store.com\/?product=plasma-pen-1699-maglev"]}]},{"@type":"BreadcrumbList","@id":"https:\/\/investmedic-store.com\/?product=plasma-pen-1699-maglev#breadcrumb","itemListElement":[{"@type":"ListItem","position":1,"name":"Accueil","item":"https:\/\/investmedic-store.com\/"},{"@type":"ListItem","position":2,"name":"Shop","item":"https:\/\/investmedic-store.com\/?page_id=5"},{"@type":"ListItem","position":3,"name":"PLASMA PEN 1699 MAGLEV"}]},{"@type":"WebSite","@id":"https:\/\/investmedic-store.com\/#website","url":"https:\/\/investmedic-store.com\/","name":"invest medic store","description":"Importation &amp; Distribution Du Materiels Medico-Chirurgicales - \u0627\u0633\u062a\u064a\u0631\u0627\u062f \u0648\u062a\u0648\u0632\u064a\u0639 \u0627\u0644\u0645\u0648\u0627\u062f \u0627\u0644\u0637\u0628\u064a\u0629 \u0627\u0644\u062c\u0631\u0627\u062d\u064a\u0629","publisher":{"@id":"https:\/\/investmedic-store.com\/#organization"},"alternateName":"investmedic store","potentialAction":[{"@type":"SearchAction","target":{"@type":"EntryPoint","urlTemplate":"https:\/\/investmedic-store.com\/?s={search_term_string}"},"query-input":"required name=search_term_string"}],"inLanguage":"fr-FR"},{"@type":"Organization","@id":"https:\/\/investmedic-store.com\/#organization","name":"invest.medic store","alternateName":"investmedic store","url":"https:\/\/investmedic-store.com\/","logo":{"@type":"ImageObject","inLanguage":"fr-FR","@id":"https:\/\/investmedic-store.com\/#\/schema\/logo\/image\/","url":"https:\/\/investmedic-store.com\/wp-content\/uploads\/2023\/07\/cropped-LOGO_INVEST-transformed-removebg-preview-transformed-1-e1690120839263.png","contentUrl":"https:\/\/investmedic-store.com\/wp-content\/uploads\/2023\/07\/cropped-LOGO_INVEST-transformed-removebg-preview-transformed-1-e1690120839263.png","width":512,"height":512,"caption":"invest.medic store"},"image":{"@id":"https:\/\/investmedic-store.com\/#\/schema\/logo\/image\/"},"sameAs":["https:\/\/www.facebook.com\/invest.medic"]}]}},"_links":{"self":[{"href":"https:\/\/investmedic-store.com\/index.php?rest_route=\/wp\/v2\/product\/1840"}],"collection":[{"href":"https:\/\/investmedic-store.com\/index.php?rest_route=\/wp\/v2\/product"}],"about":[{"href":"https:\/\/investmedic-store.com\/index.php?rest_route=\/wp\/v2\/types\/product"}],"replies":[{"embeddable":true,"href":"https:\/\/investmedic-store.com\/index.php?rest_route=%2Fwp%2Fv2%2Fcomments&post=1840"}],"wp:featuredmedia":[{"embeddable":true,"href":"https:\/\/investmedic-store.com\/index.php?rest_route=\/wp\/v2\/media\/1841"}],"wp:attachment":[{"href":"https:\/\/investmedic-store.com\/index.php?rest_route=%2Fwp%2Fv2%2Fmedia&parent=1840"}],"wp:term":[{"taxonomy":"product_cat","embeddable":true,"href":"https:\/\/investmedic-store.com\/index.php?rest_route=%2Fwp%2Fv2%2Fproduct_cat&post=1840"},{"taxonomy":"product_tag","embeddable":true,"href":"https:\/\/investmedic-store.com\/index.php?rest_route=%2Fwp%2Fv2%2Fproduct_tag&post=1840"}],"curies":[{"name":"wp","href":"https:\/\/api.w.org\/{rel}","templated":true}]}}