{"id":1836,"date":"2023-08-22T23:09:14","date_gmt":"2023-08-22T22:09:14","guid":{"rendered":"https:\/\/investmedic-store.com\/?post_type=product&#038;p=1836"},"modified":"2023-08-22T23:09:15","modified_gmt":"2023-08-22T22:09:15","slug":"picosecond-laser-machine-detatouage-nd-yag","status":"publish","type":"product","link":"https:\/\/investmedic-store.com\/?product=picosecond-laser-machine-detatouage-nd-yag","title":{"rendered":"PICOSECOND LASER MACHINE DETATOUAGE ND YAG"},"content":{"rendered":"<div class=\"sr-txt-title\">\n<h2 class=\"sr-txt-h2\">Description de Produit<\/h2>\n<\/div>\n<div class=\"async-rich-info\">\n<div class=\"rich-text cf\"><strong>\u00a0 \u00a0 \u00a0 \u00a0 \u00a0 \u00a0 \u00a0 \u00a0 \u00a0 \u00a0 \u00a0 \u00a0 \u00a0\u00a0\u00a0 \u00a0 Picoseconde machine laser YAG nd<\/strong><\/p>\n<p><strong>Le traitement Theropy<\/strong><br \/>\nLaser picoseconde utilise le mode de sortie d&#8217;impulsion tr\u00e8s court, au lieu d&#8217;effet thermique, par le principe de la lumi\u00e8re m\u00e9canique onde de choc, le pigment est &#8220;Shattered&#8221; dans finement granulaire via une \u00e9nergie concentr\u00e9e, sont plus susceptibles d&#8217;\u00eatre absorb\u00e9 par le corps du m\u00e9tabolisme. Laser picoseconde sera de r\u00e9duire au minimum les effets secondaires de l&#8217;effet thermique, peuvent atteindre le but de pr\u00e8s de r\u00e9soudre toutes sortes de taches de pigments, est mieux que les traditionnels spot laser effet blanchissant.<strong>Application du laser picosure<\/strong><br \/>\n(1)\u00a0 Le traitement\u00a0 De\u00a0 Chloasma, \u00a0 \u00a0 Naevus Tada, \u00a0 Malar\u00a0 Fuscoceruleus\u00a0 Moles\u00a0 Et\u00a0 D&#8217;autres\u00a0 \u00a0 \u00a0 \u00a0 Probl\u00e8mes de peau pigment\u00e9e en cuir;<br \/>\n(2)\u00a0 Les taches de rousseur, \u00a0 \u00a0 Les taches de vieillesse, le\u00a0 Caf\u00e9 de\u00a0 Taches\u00a0 \u00a0 \u00a0 \u00a0 Pigment\u00e9es de la peau et d&#8217;autres\u00a0 \u00a0 Probl\u00e8mes de peau.<br \/>\n(3) de\u00a0 Tatouage, le\u00a0 Sourcil, \u00a0 Lip\u00a0 Liner, \u00a0 Etc.<br \/>\n(4)\u00a0 La\u00a0 Peau\u00a0 Se r\u00e9tr\u00e9cir\u00a0 Gros\u00a0 Pores<br \/>\n(5)\u00a0 Am\u00e9liorer\u00a0 L&#8217;acn\u00e9<br \/>\n(6)\u00a0 Le\u00a0 Fonctionnement\u00a0 De la\u00a0 \u00a0 Poup\u00e9e noire.<\/p>\n<p><strong>Zone de traitement de la machine laser Pico<\/strong><br \/>\nToutes les couleurs de tatouage, lipline eyeline et d\u00e9pose<br \/>\nL&#8217;\u00e9piderme et le derme pigment<br \/>\nNaevus bleu de l&#8217;Ota, naevus, noir nevus, caf\u00e9 spot<br \/>\nPlaques s\u00e9niles, freckle, coups de soleil spot et chloasma.<br \/>\nBlanchissant la peau et de l&#8217;enl\u00e8vement des rides, etc.<\/p>\n<p><strong>Avantages<\/strong><strong>\u00a0\u00a0de laser picosure \u00a0<\/strong><\/p>\n<p><strong>1 High-Tech<\/strong><br \/>\nMachine laser Pico utilis\u00e9 la technologie unique ax\u00e9 Honeycomb pour former un effet de la peau une vacuolisation, ce qui peut prot\u00e9ger la peau contre les dommages pendant le traitement.<br \/>\n<strong>2 rapide efficace<\/strong><\/p>\n<p>Machine laser Pico Faire tattoo &amp; Pigment d\u00e9pose le processus de traitement de 5 \u00e0 10 fois r\u00e9duit \u00e0 2 \u00e0 4 fois, de r\u00e9duire consid\u00e9rablement le temps de traitement et de r\u00e9tablissement, avec rapidit\u00e9 et \u00e9vident efficace.<\/p>\n<p><strong>3 Confortable et s\u00fbr<\/strong><br \/>\nElle peut supprimer tous les types de pigments et de mani\u00e8re efficace et s\u00fbre de tatouage, parce que l&#8217;utilisation laser Pico un positionnement pr\u00e9cis de la cible de th\u00e9rapie de tissus pour r\u00e9duire les dommages \u00e0 la peau pour atteindre l&#8217;effet freckle<\/p>\n<p><strong>4 Pas de pr\u00e9cipit\u00e9 de m\u00e9lanine<\/strong><br \/>\nLe PICO utilise laser ultra-courtes impulsions (l&#8217;un billioni\u00e8me de seconde de longueur) pour frapper la m\u00e9lanine avec une grande pression, la m\u00e9lanine se brise en de minuscules particules de poussi\u00e8re comme, parce que les particules sont tellement petites, ils sont plus facilement absorb\u00e9es et \u00e9limin\u00e9 par le corps. Il permettra de r\u00e9duire sensiblement le gonflement postop\u00e9ratoire, pr\u00e9cipit\u00e9 de m\u00e9lanine ph\u00e9nom\u00e8ne.<\/p>\n<\/div>\n<\/div>\n","protected":false},"excerpt":{"rendered":"<p>Description de Produit \u00a0 \u00a0 \u00a0 \u00a0 \u00a0 \u00a0 \u00a0 \u00a0 \u00a0 \u00a0 \u00a0 \u00a0 \u00a0\u00a0\u00a0 \u00a0 Picoseconde machine laser YAG nd Le traitement Theropy Laser picoseconde utilise le mode de sortie d&#8217;impulsion tr\u00e8s court, au lieu d&#8217;effet thermique, par le principe de la lumi\u00e8re m\u00e9canique onde de choc, le pigment est &#8220;Shattered&#8221; dans finement &hellip;<\/p>\n<p class=\"read-more\"> <a class=\" thunk-readmore button \" href=\"https:\/\/investmedic-store.com\/?product=picosecond-laser-machine-detatouage-nd-yag\"> <span class=\"screen-reader-text\">PICOSECOND LASER MACHINE DETATOUAGE ND YAG<\/span>Read More<\/a><\/p>\n","protected":false},"featured_media":1837,"comment_status":"open","ping_status":"closed","template":"","meta":{"om_disable_all_campaigns":false,"_joinchat":[]},"product_cat":[15,163],"product_tag":[],"yoast_head":"<!-- This site is optimized with the Yoast SEO plugin v20.12 - https:\/\/yoast.com\/wordpress\/plugins\/seo\/ -->\n<title>PICOSECOND LASER MACHINE DETATOUAGE ND YAG - investmedic-store.com<\/title>\n<meta name=\"robots\" content=\"index, follow, max-snippet:-1, max-image-preview:large, max-video-preview:-1\" \/>\n<link rel=\"canonical\" href=\"https:\/\/investmedic-store.com\/?product=picosecond-laser-machine-detatouage-nd-yag\" \/>\n<meta property=\"og:locale\" content=\"fr_FR\" \/>\n<meta property=\"og:type\" content=\"article\" \/>\n<meta property=\"og:title\" content=\"PICOSECOND LASER MACHINE DETATOUAGE ND YAG - investmedic-store.com\" \/>\n<meta property=\"og:description\" content=\"Description de Produit \u00a0 \u00a0 \u00a0 \u00a0 \u00a0 \u00a0 \u00a0 \u00a0 \u00a0 \u00a0 \u00a0 \u00a0 \u00a0\u00a0\u00a0 \u00a0 Picoseconde machine laser YAG nd Le traitement Theropy Laser picoseconde utilise le mode de sortie d&#8217;impulsion tr\u00e8s court, au lieu d&#8217;effet thermique, par le principe de la lumi\u00e8re m\u00e9canique onde de choc, le pigment est &#8220;Shattered&#8221; dans finement &hellip; PICOSECOND LASER MACHINE DETATOUAGE ND YAGRead More\" \/>\n<meta property=\"og:url\" content=\"https:\/\/investmedic-store.com\/?product=picosecond-laser-machine-detatouage-nd-yag\" \/>\n<meta property=\"og:site_name\" content=\"investmedic-store.com\" \/>\n<meta property=\"article:publisher\" content=\"https:\/\/www.facebook.com\/invest.medic\" \/>\n<meta property=\"article:modified_time\" content=\"2023-08-22T22:09:15+00:00\" \/>\n<meta property=\"og:image\" content=\"http:\/\/investmedic-store.com\/wp-content\/uploads\/2023\/08\/photo_2023-08-22_23-07-41.jpg\" \/>\n\t<meta property=\"og:image:width\" content=\"750\" \/>\n\t<meta property=\"og:image:height\" content=\"522\" \/>\n\t<meta property=\"og:image:type\" content=\"image\/jpeg\" \/>\n<meta name=\"twitter:card\" content=\"summary_large_image\" \/>\n<meta name=\"twitter:label1\" content=\"Dur\u00e9e de lecture estim\u00e9e\" \/>\n\t<meta name=\"twitter:data1\" content=\"3 minutes\" \/>\n<script type=\"application\/ld+json\" class=\"yoast-schema-graph\">{\"@context\":\"https:\/\/schema.org\",\"@graph\":[{\"@type\":\"WebPage\",\"@id\":\"https:\/\/investmedic-store.com\/?product=picosecond-laser-machine-detatouage-nd-yag\",\"url\":\"https:\/\/investmedic-store.com\/?product=picosecond-laser-machine-detatouage-nd-yag\",\"name\":\"PICOSECOND LASER MACHINE DETATOUAGE ND YAG - investmedic-store.com\",\"isPartOf\":{\"@id\":\"https:\/\/investmedic-store.com\/#website\"},\"datePublished\":\"2023-08-22T22:09:14+00:00\",\"dateModified\":\"2023-08-22T22:09:15+00:00\",\"breadcrumb\":{\"@id\":\"https:\/\/investmedic-store.com\/?product=picosecond-laser-machine-detatouage-nd-yag#breadcrumb\"},\"inLanguage\":\"fr-FR\",\"potentialAction\":[{\"@type\":\"ReadAction\",\"target\":[\"https:\/\/investmedic-store.com\/?product=picosecond-laser-machine-detatouage-nd-yag\"]}]},{\"@type\":\"BreadcrumbList\",\"@id\":\"https:\/\/investmedic-store.com\/?product=picosecond-laser-machine-detatouage-nd-yag#breadcrumb\",\"itemListElement\":[{\"@type\":\"ListItem\",\"position\":1,\"name\":\"Accueil\",\"item\":\"https:\/\/investmedic-store.com\/\"},{\"@type\":\"ListItem\",\"position\":2,\"name\":\"Shop\",\"item\":\"https:\/\/investmedic-store.com\/?page_id=5\"},{\"@type\":\"ListItem\",\"position\":3,\"name\":\"PICOSECOND LASER MACHINE DETATOUAGE ND YAG\"}]},{\"@type\":\"WebSite\",\"@id\":\"https:\/\/investmedic-store.com\/#website\",\"url\":\"https:\/\/investmedic-store.com\/\",\"name\":\"invest medic store\",\"description\":\"Importation &amp; Distribution Du Materiels Medico-Chirurgicales - \u0627\u0633\u062a\u064a\u0631\u0627\u062f \u0648\u062a\u0648\u0632\u064a\u0639 \u0627\u0644\u0645\u0648\u0627\u062f \u0627\u0644\u0637\u0628\u064a\u0629 \u0627\u0644\u062c\u0631\u0627\u062d\u064a\u0629\",\"publisher\":{\"@id\":\"https:\/\/investmedic-store.com\/#organization\"},\"alternateName\":\"investmedic store\",\"potentialAction\":[{\"@type\":\"SearchAction\",\"target\":{\"@type\":\"EntryPoint\",\"urlTemplate\":\"https:\/\/investmedic-store.com\/?s={search_term_string}\"},\"query-input\":\"required name=search_term_string\"}],\"inLanguage\":\"fr-FR\"},{\"@type\":\"Organization\",\"@id\":\"https:\/\/investmedic-store.com\/#organization\",\"name\":\"invest.medic store\",\"alternateName\":\"investmedic store\",\"url\":\"https:\/\/investmedic-store.com\/\",\"logo\":{\"@type\":\"ImageObject\",\"inLanguage\":\"fr-FR\",\"@id\":\"https:\/\/investmedic-store.com\/#\/schema\/logo\/image\/\",\"url\":\"https:\/\/investmedic-store.com\/wp-content\/uploads\/2023\/07\/cropped-LOGO_INVEST-transformed-removebg-preview-transformed-1-e1690120839263.png\",\"contentUrl\":\"https:\/\/investmedic-store.com\/wp-content\/uploads\/2023\/07\/cropped-LOGO_INVEST-transformed-removebg-preview-transformed-1-e1690120839263.png\",\"width\":512,\"height\":512,\"caption\":\"invest.medic store\"},\"image\":{\"@id\":\"https:\/\/investmedic-store.com\/#\/schema\/logo\/image\/\"},\"sameAs\":[\"https:\/\/www.facebook.com\/invest.medic\"]}]}<\/script>\n<!-- \/ Yoast SEO plugin. -->","yoast_head_json":{"title":"PICOSECOND LASER MACHINE DETATOUAGE ND YAG - investmedic-store.com","robots":{"index":"index","follow":"follow","max-snippet":"max-snippet:-1","max-image-preview":"max-image-preview:large","max-video-preview":"max-video-preview:-1"},"canonical":"https:\/\/investmedic-store.com\/?product=picosecond-laser-machine-detatouage-nd-yag","og_locale":"fr_FR","og_type":"article","og_title":"PICOSECOND LASER MACHINE DETATOUAGE ND YAG - investmedic-store.com","og_description":"Description de Produit \u00a0 \u00a0 \u00a0 \u00a0 \u00a0 \u00a0 \u00a0 \u00a0 \u00a0 \u00a0 \u00a0 \u00a0 \u00a0\u00a0\u00a0 \u00a0 Picoseconde machine laser YAG nd Le traitement Theropy Laser picoseconde utilise le mode de sortie d&#8217;impulsion tr\u00e8s court, au lieu d&#8217;effet thermique, par le principe de la lumi\u00e8re m\u00e9canique onde de choc, le pigment est &#8220;Shattered&#8221; dans finement &hellip; PICOSECOND LASER MACHINE DETATOUAGE ND YAGRead More","og_url":"https:\/\/investmedic-store.com\/?product=picosecond-laser-machine-detatouage-nd-yag","og_site_name":"investmedic-store.com","article_publisher":"https:\/\/www.facebook.com\/invest.medic","article_modified_time":"2023-08-22T22:09:15+00:00","og_image":[{"width":750,"height":522,"url":"http:\/\/investmedic-store.com\/wp-content\/uploads\/2023\/08\/photo_2023-08-22_23-07-41.jpg","type":"image\/jpeg"}],"twitter_card":"summary_large_image","twitter_misc":{"Dur\u00e9e de lecture estim\u00e9e":"3 minutes"},"schema":{"@context":"https:\/\/schema.org","@graph":[{"@type":"WebPage","@id":"https:\/\/investmedic-store.com\/?product=picosecond-laser-machine-detatouage-nd-yag","url":"https:\/\/investmedic-store.com\/?product=picosecond-laser-machine-detatouage-nd-yag","name":"PICOSECOND LASER MACHINE DETATOUAGE ND YAG - investmedic-store.com","isPartOf":{"@id":"https:\/\/investmedic-store.com\/#website"},"datePublished":"2023-08-22T22:09:14+00:00","dateModified":"2023-08-22T22:09:15+00:00","breadcrumb":{"@id":"https:\/\/investmedic-store.com\/?product=picosecond-laser-machine-detatouage-nd-yag#breadcrumb"},"inLanguage":"fr-FR","potentialAction":[{"@type":"ReadAction","target":["https:\/\/investmedic-store.com\/?product=picosecond-laser-machine-detatouage-nd-yag"]}]},{"@type":"BreadcrumbList","@id":"https:\/\/investmedic-store.com\/?product=picosecond-laser-machine-detatouage-nd-yag#breadcrumb","itemListElement":[{"@type":"ListItem","position":1,"name":"Accueil","item":"https:\/\/investmedic-store.com\/"},{"@type":"ListItem","position":2,"name":"Shop","item":"https:\/\/investmedic-store.com\/?page_id=5"},{"@type":"ListItem","position":3,"name":"PICOSECOND LASER MACHINE DETATOUAGE ND YAG"}]},{"@type":"WebSite","@id":"https:\/\/investmedic-store.com\/#website","url":"https:\/\/investmedic-store.com\/","name":"invest medic store","description":"Importation &amp; Distribution Du Materiels Medico-Chirurgicales - \u0627\u0633\u062a\u064a\u0631\u0627\u062f \u0648\u062a\u0648\u0632\u064a\u0639 \u0627\u0644\u0645\u0648\u0627\u062f \u0627\u0644\u0637\u0628\u064a\u0629 \u0627\u0644\u062c\u0631\u0627\u062d\u064a\u0629","publisher":{"@id":"https:\/\/investmedic-store.com\/#organization"},"alternateName":"investmedic store","potentialAction":[{"@type":"SearchAction","target":{"@type":"EntryPoint","urlTemplate":"https:\/\/investmedic-store.com\/?s={search_term_string}"},"query-input":"required name=search_term_string"}],"inLanguage":"fr-FR"},{"@type":"Organization","@id":"https:\/\/investmedic-store.com\/#organization","name":"invest.medic store","alternateName":"investmedic store","url":"https:\/\/investmedic-store.com\/","logo":{"@type":"ImageObject","inLanguage":"fr-FR","@id":"https:\/\/investmedic-store.com\/#\/schema\/logo\/image\/","url":"https:\/\/investmedic-store.com\/wp-content\/uploads\/2023\/07\/cropped-LOGO_INVEST-transformed-removebg-preview-transformed-1-e1690120839263.png","contentUrl":"https:\/\/investmedic-store.com\/wp-content\/uploads\/2023\/07\/cropped-LOGO_INVEST-transformed-removebg-preview-transformed-1-e1690120839263.png","width":512,"height":512,"caption":"invest.medic store"},"image":{"@id":"https:\/\/investmedic-store.com\/#\/schema\/logo\/image\/"},"sameAs":["https:\/\/www.facebook.com\/invest.medic"]}]}},"_links":{"self":[{"href":"https:\/\/investmedic-store.com\/index.php?rest_route=\/wp\/v2\/product\/1836"}],"collection":[{"href":"https:\/\/investmedic-store.com\/index.php?rest_route=\/wp\/v2\/product"}],"about":[{"href":"https:\/\/investmedic-store.com\/index.php?rest_route=\/wp\/v2\/types\/product"}],"replies":[{"embeddable":true,"href":"https:\/\/investmedic-store.com\/index.php?rest_route=%2Fwp%2Fv2%2Fcomments&post=1836"}],"wp:featuredmedia":[{"embeddable":true,"href":"https:\/\/investmedic-store.com\/index.php?rest_route=\/wp\/v2\/media\/1837"}],"wp:attachment":[{"href":"https:\/\/investmedic-store.com\/index.php?rest_route=%2Fwp%2Fv2%2Fmedia&parent=1836"}],"wp:term":[{"taxonomy":"product_cat","embeddable":true,"href":"https:\/\/investmedic-store.com\/index.php?rest_route=%2Fwp%2Fv2%2Fproduct_cat&post=1836"},{"taxonomy":"product_tag","embeddable":true,"href":"https:\/\/investmedic-store.com\/index.php?rest_route=%2Fwp%2Fv2%2Fproduct_tag&post=1836"}],"curies":[{"name":"wp","href":"https:\/\/api.w.org\/{rel}","templated":true}]}}