{"id":1833,"date":"2023-08-22T22:40:16","date_gmt":"2023-08-22T21:40:16","guid":{"rendered":"https:\/\/investmedic-store.com\/?post_type=product&#038;p=1833"},"modified":"2023-08-22T22:40:17","modified_gmt":"2023-08-22T21:40:17","slug":"hydrafacial-10-in-1-spa-machine-10-in-146-linuo","status":"publish","type":"product","link":"https:\/\/investmedic-store.com\/?product=hydrafacial-10-in-1-spa-machine-10-in-146-linuo","title":{"rendered":"HYDRAFACIAL 10 IN 1 SPA MACHINE 10 IN 146 LINUO"},"content":{"rendered":"<div class=\"sr-txt-title\">\n<h2 class=\"sr-txt-h2\">Description de Produit<\/h2>\n<\/div>\n<div class=\"async-rich-info\">\n<div class=\"rich-text cf\">L&#8217;eau 10 en 1 Hydrabeauty microdermabrasion Aqua Skin hydro peel machine faciale avec pdt led blackhead nettoyage vide Principe de fonctionnement Hydro Dermabrasion Machine compl\u00e8tement chang\u00e9 la fa\u00e7on traditionnelle, qui est de la peau de nettoyage \u00e0 la main en se fondant sur la pratique individuelle des comp\u00e9tences, il utilise le mode d&#8217;aspiration contr\u00f4l\u00e9 par processus intelligent, gr\u00e2ce \u00e0 la combinaison de produits de soins de la peau et Hydro Dermabrasion Machine pour am\u00e9liorer la texture de peau. \u00a0 \u00a0 Ultra-micro-bulles sont form\u00e9s par une d\u00e9pression du circuit de vide, enti\u00e8rement int\u00e9gr\u00e9e avec une solution nutritive, et ensuite \u00e0 travers un shampooing sp\u00e9cialement con\u00e7u petite spirale directement sur la peau, et peut maintenir un contact prolong\u00e9 avec la peau, de promouvoir l&#8217;exfoliation, il combin\u00e9 avec l&#8217;adsorption de nettoyage en profondeur, \u00e9liminer le vieillissement de la peau des cellules, \u00e9liminer le s\u00e9bum, follicule Supprimer compl\u00e8tement tous les impuret\u00e9s partie d&#8217;entonnoir, les acariens et les r\u00e9sidus de graisse dans la s\u00e9curit\u00e9 d&#8217;\u00e9tat sans paining, tandis que le follicule pileux plein de nutriments, et de fournir de longue dur\u00e9e de la nutrition pour la peau, la peau humide et d\u00e9licates et brillants. L&#8217;application<\/div>\n<div class=\"rich-text cf\">1 de rajeunir la peau endommag\u00e9e sun-visage, cou, vos \u00e9paules, dos, les bras et jambes.<\/div>\n<div class=\"rich-text cf\">2 R\u00e9duire les taches de vieillesse<\/div>\n<div class=\"rich-text cf\">3 Minimiser de marbr\u00e9es de coloration de la peau<\/div>\n<div class=\"rich-text cf\">4 R\u00e9duire l&#8217;acn\u00e9 et superficielle des cicatrices de blessures du pass\u00e9<\/div>\n<div class=\"rich-text cf\">5 Retirez les points noirs et blanc chefs<\/div>\n<div class=\"rich-text cf\">6 R\u00e9duire la peau grasse<\/div>\n<div class=\"rich-text cf\">7 Am\u00e9liorer l&#8217;ensemble de la sant\u00e9 de la peau<\/div>\n<\/div>\n","protected":false},"excerpt":{"rendered":"<p>Description de Produit L&#8217;eau 10 en 1 Hydrabeauty microdermabrasion Aqua Skin hydro peel machine faciale avec pdt led blackhead nettoyage vide Principe de fonctionnement Hydro Dermabrasion Machine compl\u00e8tement chang\u00e9 la fa\u00e7on traditionnelle, qui est de la peau de nettoyage \u00e0 la main en se fondant sur la pratique individuelle des comp\u00e9tences, il utilise le mode &hellip;<\/p>\n<p class=\"read-more\"> <a class=\" thunk-readmore button \" href=\"https:\/\/investmedic-store.com\/?product=hydrafacial-10-in-1-spa-machine-10-in-146-linuo\"> <span class=\"screen-reader-text\">HYDRAFACIAL 10 IN 1 SPA MACHINE 10 IN 146 LINUO<\/span>Read More<\/a><\/p>\n","protected":false},"featured_media":1835,"comment_status":"open","ping_status":"closed","template":"","meta":{"om_disable_all_campaigns":false,"_joinchat":[]},"product_cat":[15,162],"product_tag":[],"yoast_head":"<!-- This site is optimized with the Yoast SEO plugin v20.12 - https:\/\/yoast.com\/wordpress\/plugins\/seo\/ -->\n<title>HYDRAFACIAL 10 IN 1 SPA MACHINE 10 IN 146 LINUO - investmedic-store.com<\/title>\n<meta name=\"robots\" content=\"index, follow, max-snippet:-1, max-image-preview:large, max-video-preview:-1\" \/>\n<link rel=\"canonical\" href=\"https:\/\/investmedic-store.com\/?product=hydrafacial-10-in-1-spa-machine-10-in-146-linuo\" \/>\n<meta property=\"og:locale\" content=\"fr_FR\" \/>\n<meta property=\"og:type\" content=\"article\" \/>\n<meta property=\"og:title\" content=\"HYDRAFACIAL 10 IN 1 SPA MACHINE 10 IN 146 LINUO - investmedic-store.com\" \/>\n<meta property=\"og:description\" content=\"Description de Produit L&#8217;eau 10 en 1 Hydrabeauty microdermabrasion Aqua Skin hydro peel machine faciale avec pdt led blackhead nettoyage vide Principe de fonctionnement Hydro Dermabrasion Machine compl\u00e8tement chang\u00e9 la fa\u00e7on traditionnelle, qui est de la peau de nettoyage \u00e0 la main en se fondant sur la pratique individuelle des comp\u00e9tences, il utilise le mode &hellip; HYDRAFACIAL 10 IN 1 SPA MACHINE 10 IN 146 LINUORead More\" \/>\n<meta property=\"og:url\" content=\"https:\/\/investmedic-store.com\/?product=hydrafacial-10-in-1-spa-machine-10-in-146-linuo\" \/>\n<meta property=\"og:site_name\" content=\"investmedic-store.com\" \/>\n<meta property=\"article:publisher\" content=\"https:\/\/www.facebook.com\/invest.medic\" \/>\n<meta property=\"article:modified_time\" content=\"2023-08-22T21:40:17+00:00\" \/>\n<meta property=\"og:image\" content=\"http:\/\/investmedic-store.com\/wp-content\/uploads\/2023\/08\/OIP-1.jpg\" \/>\n\t<meta property=\"og:image:width\" content=\"474\" \/>\n\t<meta property=\"og:image:height\" content=\"711\" \/>\n\t<meta property=\"og:image:type\" content=\"image\/jpeg\" \/>\n<meta name=\"twitter:card\" content=\"summary_large_image\" \/>\n<meta name=\"twitter:label1\" content=\"Dur\u00e9e de lecture estim\u00e9e\" \/>\n\t<meta name=\"twitter:data1\" content=\"2 minutes\" \/>\n<script type=\"application\/ld+json\" class=\"yoast-schema-graph\">{\"@context\":\"https:\/\/schema.org\",\"@graph\":[{\"@type\":\"WebPage\",\"@id\":\"https:\/\/investmedic-store.com\/?product=hydrafacial-10-in-1-spa-machine-10-in-146-linuo\",\"url\":\"https:\/\/investmedic-store.com\/?product=hydrafacial-10-in-1-spa-machine-10-in-146-linuo\",\"name\":\"HYDRAFACIAL 10 IN 1 SPA MACHINE 10 IN 146 LINUO - investmedic-store.com\",\"isPartOf\":{\"@id\":\"https:\/\/investmedic-store.com\/#website\"},\"datePublished\":\"2023-08-22T21:40:16+00:00\",\"dateModified\":\"2023-08-22T21:40:17+00:00\",\"breadcrumb\":{\"@id\":\"https:\/\/investmedic-store.com\/?product=hydrafacial-10-in-1-spa-machine-10-in-146-linuo#breadcrumb\"},\"inLanguage\":\"fr-FR\",\"potentialAction\":[{\"@type\":\"ReadAction\",\"target\":[\"https:\/\/investmedic-store.com\/?product=hydrafacial-10-in-1-spa-machine-10-in-146-linuo\"]}]},{\"@type\":\"BreadcrumbList\",\"@id\":\"https:\/\/investmedic-store.com\/?product=hydrafacial-10-in-1-spa-machine-10-in-146-linuo#breadcrumb\",\"itemListElement\":[{\"@type\":\"ListItem\",\"position\":1,\"name\":\"Accueil\",\"item\":\"https:\/\/investmedic-store.com\/\"},{\"@type\":\"ListItem\",\"position\":2,\"name\":\"Shop\",\"item\":\"https:\/\/investmedic-store.com\/?page_id=5\"},{\"@type\":\"ListItem\",\"position\":3,\"name\":\"HYDRAFACIAL 10 IN 1 SPA MACHINE 10 IN 146 LINUO\"}]},{\"@type\":\"WebSite\",\"@id\":\"https:\/\/investmedic-store.com\/#website\",\"url\":\"https:\/\/investmedic-store.com\/\",\"name\":\"invest medic store\",\"description\":\"Importation &amp; Distribution Du Materiels Medico-Chirurgicales - \u0627\u0633\u062a\u064a\u0631\u0627\u062f \u0648\u062a\u0648\u0632\u064a\u0639 \u0627\u0644\u0645\u0648\u0627\u062f \u0627\u0644\u0637\u0628\u064a\u0629 \u0627\u0644\u062c\u0631\u0627\u062d\u064a\u0629\",\"publisher\":{\"@id\":\"https:\/\/investmedic-store.com\/#organization\"},\"alternateName\":\"investmedic store\",\"potentialAction\":[{\"@type\":\"SearchAction\",\"target\":{\"@type\":\"EntryPoint\",\"urlTemplate\":\"https:\/\/investmedic-store.com\/?s={search_term_string}\"},\"query-input\":\"required name=search_term_string\"}],\"inLanguage\":\"fr-FR\"},{\"@type\":\"Organization\",\"@id\":\"https:\/\/investmedic-store.com\/#organization\",\"name\":\"invest.medic store\",\"alternateName\":\"investmedic store\",\"url\":\"https:\/\/investmedic-store.com\/\",\"logo\":{\"@type\":\"ImageObject\",\"inLanguage\":\"fr-FR\",\"@id\":\"https:\/\/investmedic-store.com\/#\/schema\/logo\/image\/\",\"url\":\"https:\/\/investmedic-store.com\/wp-content\/uploads\/2023\/07\/cropped-LOGO_INVEST-transformed-removebg-preview-transformed-1-e1690120839263.png\",\"contentUrl\":\"https:\/\/investmedic-store.com\/wp-content\/uploads\/2023\/07\/cropped-LOGO_INVEST-transformed-removebg-preview-transformed-1-e1690120839263.png\",\"width\":512,\"height\":512,\"caption\":\"invest.medic store\"},\"image\":{\"@id\":\"https:\/\/investmedic-store.com\/#\/schema\/logo\/image\/\"},\"sameAs\":[\"https:\/\/www.facebook.com\/invest.medic\"]}]}<\/script>\n<!-- \/ Yoast SEO plugin. -->","yoast_head_json":{"title":"HYDRAFACIAL 10 IN 1 SPA MACHINE 10 IN 146 LINUO - investmedic-store.com","robots":{"index":"index","follow":"follow","max-snippet":"max-snippet:-1","max-image-preview":"max-image-preview:large","max-video-preview":"max-video-preview:-1"},"canonical":"https:\/\/investmedic-store.com\/?product=hydrafacial-10-in-1-spa-machine-10-in-146-linuo","og_locale":"fr_FR","og_type":"article","og_title":"HYDRAFACIAL 10 IN 1 SPA MACHINE 10 IN 146 LINUO - investmedic-store.com","og_description":"Description de Produit L&#8217;eau 10 en 1 Hydrabeauty microdermabrasion Aqua Skin hydro peel machine faciale avec pdt led blackhead nettoyage vide Principe de fonctionnement Hydro Dermabrasion Machine compl\u00e8tement chang\u00e9 la fa\u00e7on traditionnelle, qui est de la peau de nettoyage \u00e0 la main en se fondant sur la pratique individuelle des comp\u00e9tences, il utilise le mode &hellip; HYDRAFACIAL 10 IN 1 SPA MACHINE 10 IN 146 LINUORead More","og_url":"https:\/\/investmedic-store.com\/?product=hydrafacial-10-in-1-spa-machine-10-in-146-linuo","og_site_name":"investmedic-store.com","article_publisher":"https:\/\/www.facebook.com\/invest.medic","article_modified_time":"2023-08-22T21:40:17+00:00","og_image":[{"width":474,"height":711,"url":"http:\/\/investmedic-store.com\/wp-content\/uploads\/2023\/08\/OIP-1.jpg","type":"image\/jpeg"}],"twitter_card":"summary_large_image","twitter_misc":{"Dur\u00e9e de lecture estim\u00e9e":"2 minutes"},"schema":{"@context":"https:\/\/schema.org","@graph":[{"@type":"WebPage","@id":"https:\/\/investmedic-store.com\/?product=hydrafacial-10-in-1-spa-machine-10-in-146-linuo","url":"https:\/\/investmedic-store.com\/?product=hydrafacial-10-in-1-spa-machine-10-in-146-linuo","name":"HYDRAFACIAL 10 IN 1 SPA MACHINE 10 IN 146 LINUO - investmedic-store.com","isPartOf":{"@id":"https:\/\/investmedic-store.com\/#website"},"datePublished":"2023-08-22T21:40:16+00:00","dateModified":"2023-08-22T21:40:17+00:00","breadcrumb":{"@id":"https:\/\/investmedic-store.com\/?product=hydrafacial-10-in-1-spa-machine-10-in-146-linuo#breadcrumb"},"inLanguage":"fr-FR","potentialAction":[{"@type":"ReadAction","target":["https:\/\/investmedic-store.com\/?product=hydrafacial-10-in-1-spa-machine-10-in-146-linuo"]}]},{"@type":"BreadcrumbList","@id":"https:\/\/investmedic-store.com\/?product=hydrafacial-10-in-1-spa-machine-10-in-146-linuo#breadcrumb","itemListElement":[{"@type":"ListItem","position":1,"name":"Accueil","item":"https:\/\/investmedic-store.com\/"},{"@type":"ListItem","position":2,"name":"Shop","item":"https:\/\/investmedic-store.com\/?page_id=5"},{"@type":"ListItem","position":3,"name":"HYDRAFACIAL 10 IN 1 SPA MACHINE 10 IN 146 LINUO"}]},{"@type":"WebSite","@id":"https:\/\/investmedic-store.com\/#website","url":"https:\/\/investmedic-store.com\/","name":"invest medic store","description":"Importation &amp; Distribution Du Materiels Medico-Chirurgicales - \u0627\u0633\u062a\u064a\u0631\u0627\u062f \u0648\u062a\u0648\u0632\u064a\u0639 \u0627\u0644\u0645\u0648\u0627\u062f \u0627\u0644\u0637\u0628\u064a\u0629 \u0627\u0644\u062c\u0631\u0627\u062d\u064a\u0629","publisher":{"@id":"https:\/\/investmedic-store.com\/#organization"},"alternateName":"investmedic store","potentialAction":[{"@type":"SearchAction","target":{"@type":"EntryPoint","urlTemplate":"https:\/\/investmedic-store.com\/?s={search_term_string}"},"query-input":"required name=search_term_string"}],"inLanguage":"fr-FR"},{"@type":"Organization","@id":"https:\/\/investmedic-store.com\/#organization","name":"invest.medic store","alternateName":"investmedic store","url":"https:\/\/investmedic-store.com\/","logo":{"@type":"ImageObject","inLanguage":"fr-FR","@id":"https:\/\/investmedic-store.com\/#\/schema\/logo\/image\/","url":"https:\/\/investmedic-store.com\/wp-content\/uploads\/2023\/07\/cropped-LOGO_INVEST-transformed-removebg-preview-transformed-1-e1690120839263.png","contentUrl":"https:\/\/investmedic-store.com\/wp-content\/uploads\/2023\/07\/cropped-LOGO_INVEST-transformed-removebg-preview-transformed-1-e1690120839263.png","width":512,"height":512,"caption":"invest.medic store"},"image":{"@id":"https:\/\/investmedic-store.com\/#\/schema\/logo\/image\/"},"sameAs":["https:\/\/www.facebook.com\/invest.medic"]}]}},"_links":{"self":[{"href":"https:\/\/investmedic-store.com\/index.php?rest_route=\/wp\/v2\/product\/1833"}],"collection":[{"href":"https:\/\/investmedic-store.com\/index.php?rest_route=\/wp\/v2\/product"}],"about":[{"href":"https:\/\/investmedic-store.com\/index.php?rest_route=\/wp\/v2\/types\/product"}],"replies":[{"embeddable":true,"href":"https:\/\/investmedic-store.com\/index.php?rest_route=%2Fwp%2Fv2%2Fcomments&post=1833"}],"wp:featuredmedia":[{"embeddable":true,"href":"https:\/\/investmedic-store.com\/index.php?rest_route=\/wp\/v2\/media\/1835"}],"wp:attachment":[{"href":"https:\/\/investmedic-store.com\/index.php?rest_route=%2Fwp%2Fv2%2Fmedia&parent=1833"}],"wp:term":[{"taxonomy":"product_cat","embeddable":true,"href":"https:\/\/investmedic-store.com\/index.php?rest_route=%2Fwp%2Fv2%2Fproduct_cat&post=1833"},{"taxonomy":"product_tag","embeddable":true,"href":"https:\/\/investmedic-store.com\/index.php?rest_route=%2Fwp%2Fv2%2Fproduct_tag&post=1833"}],"curies":[{"name":"wp","href":"https:\/\/api.w.org\/{rel}","templated":true}]}}