{"id":1830,"date":"2023-08-22T13:06:52","date_gmt":"2023-08-22T12:06:52","guid":{"rendered":"https:\/\/investmedic-store.com\/?post_type=product&#038;p=1830"},"modified":"2023-08-22T13:06:53","modified_gmt":"2023-08-22T12:06:53","slug":"3-in-1-ipl-machine-multi-fonction-opt-machine-lunio","status":"publish","type":"product","link":"https:\/\/investmedic-store.com\/?product=3-in-1-ipl-machine-multi-fonction-opt-machine-lunio","title":{"rendered":"3 IN 1 IPL Machine Multi-Fonction OPT Machine Lunio"},"content":{"rendered":"<p>Description du produit<br \/>\nL&#8217;IPL \/opt+Elight+ +RF multifonction laser de l&#8217;\u00e9quipement de beaut\u00e9 Pr\u00e9sentation du produit Station de travail multifonctionnel est un ensemble complet et efficace du syst\u00e8me de soins du visage, qui est \u00e9galement un syst\u00e8me multifonction de la beaut\u00e9 de l&#8217;\u00e9quipement ayant une collection de trois Haut Technologies de base en cosm\u00e9tologie m\u00e9dicale, \u00e0 savoir l&#8217;IPL, RF et Yag laser. En combinant un \u00e9ventail de pouvoirs et donnant pleinement jouer \u00e0 l&#8217;\u00e9nergie solaire, bipolaire, RF et laser, il a un effet clinique significatif et a \u00e9t\u00e9 prouv\u00e9 de mani\u00e8re s\u00fbre et efficace s&#8217;applique \u00e0 diff\u00e9rents types de peau et de teint. . Les avantages technologiques<\/p>\n<p>1. Grand \u00e9quipement vertical, \u00e9norme \u00e9cran tactile en couleur, exalt\u00e9 et noble.<\/p>\n<p>2. La combinaison de trois technologies, de la lumi\u00e8re puls\u00e9e intense, de la fr\u00e9quence radio et laser, ayant plus de remplir les fonctions.<\/p>\n<p>3. Derniers joints bout \u00e0 bout plug and play, s\u00e9parez l&#8217;eau et de la conception \u00e9lectrique, plus s\u00fbr et facile \u00e0 installer.<\/p>\n<p>4. Parfait De la moissonneuse-batteuse \u00e0 Grande capacit\u00e9 r\u00e9servoir en acier inoxydable et industriel, Il fournit de l&#8217;eau du radiateur de refroidissement du cycle de syst\u00e8me qui r\u00e9pond \u00e0 la demande de traitement continu des clients.<\/p>\n<p>5. Neuf langues d&#8217;exploitation mieux adapt\u00e9es \u00e0 diff\u00e9rents coll\u00e8gues dans diff\u00e9rents pays.<\/p>\n<p>6. D\u00e9bit d&#8217;eau et les r\u00e9gions temp\u00e9r\u00e9es auto- syst\u00e8me de test et de l&#8217;auto-syst\u00e8me de correction pour garantir un fonctionnement s\u00fbr. Techniques de param\u00e9trage<\/p>\n<p>L&#8217;illuminant:\u00a0 \u00a0 \u00a0L&#8217;IPL\/ Gamme spectrale 480\/530\/640-1200nm<br \/>\nL&#8217;\u00e9clairement Domaine:\u00a0 \u00a015*50mm \/L&#8217;\u00e9nergie de lumi\u00e8re intense puls\u00e9e 1-50J\/cm\u00b2<br \/>\nLargeur d&#8217;impulsion r\u00e9glable :\u00a0 \u00a02-99ms \/Nombre d&#8217;impulsion 1-5<br \/>\nL&#8217;\u00e9nergie RF :\u00a0 \u00a01-50 \/La fr\u00e9quence RF 5Mhz bipolaire(3 le traitement de sondes)<br \/>\nLongueur d&#8217;onde laser :\u00a0 1064nm\/532nm\/ Type de laser Nd: YAG Q commutateur<br \/>\nL&#8217;\u00e9nergie laser :\u00a0 50 \/Fr\u00e9quence laser 1 \u00e0 5 Hz<br \/>\nL&#8217;\u00e9cran:\u00a0 8 \u00e9cran couleur tactile de d\u00e9mangeaison\/ Syst\u00e8me de refroidissement L&#8217;eau de refroidissement + semiconductor de r\u00e9frig\u00e9ration, de refroidissement par air<br \/>\nPuissance totale : 2000W\/ La tension AC220V<\/p>\n","protected":false},"excerpt":{"rendered":"<p>Type : \u00c9pilation instrumentale<br \/>\nTh\u00e9orie\u00a0: IPL<br \/>\nPortable : Non<br \/>\nIPL RF\u00a0: oui<br \/>\nfr\u00e9quence rf : bipolaire 5 mhz (3 sondes de traitement)<\/p>\n","protected":false},"featured_media":1831,"comment_status":"open","ping_status":"closed","template":"","meta":{"om_disable_all_campaigns":false,"_joinchat":[]},"product_cat":[15,163],"product_tag":[],"yoast_head":"<!-- This site is optimized with the Yoast SEO plugin v20.12 - https:\/\/yoast.com\/wordpress\/plugins\/seo\/ -->\n<title>3 IN 1 IPL Machine Multi-Fonction OPT Machine Lunio - investmedic-store.com<\/title>\n<meta name=\"robots\" content=\"index, follow, max-snippet:-1, max-image-preview:large, max-video-preview:-1\" \/>\n<link rel=\"canonical\" href=\"https:\/\/investmedic-store.com\/?product=3-in-1-ipl-machine-multi-fonction-opt-machine-lunio\" \/>\n<meta property=\"og:locale\" content=\"fr_FR\" \/>\n<meta property=\"og:type\" content=\"article\" \/>\n<meta property=\"og:title\" content=\"3 IN 1 IPL Machine Multi-Fonction OPT Machine Lunio - investmedic-store.com\" \/>\n<meta property=\"og:description\" content=\"Type : \u00c9pilation instrumentale Th\u00e9orie\u00a0: IPL Portable : Non IPL RF\u00a0: oui fr\u00e9quence rf : bipolaire 5 mhz (3 sondes de traitement)\" \/>\n<meta property=\"og:url\" content=\"https:\/\/investmedic-store.com\/?product=3-in-1-ipl-machine-multi-fonction-opt-machine-lunio\" \/>\n<meta property=\"og:site_name\" content=\"investmedic-store.com\" \/>\n<meta property=\"article:publisher\" content=\"https:\/\/www.facebook.com\/invest.medic\" \/>\n<meta property=\"article:modified_time\" content=\"2023-08-22T12:06:53+00:00\" \/>\n<meta property=\"og:image\" content=\"http:\/\/investmedic-store.com\/wp-content\/uploads\/2023\/08\/photo_2023-08-06_13-14-47.jpg\" \/>\n\t<meta property=\"og:image:width\" content=\"640\" \/>\n\t<meta property=\"og:image:height\" content=\"640\" \/>\n\t<meta property=\"og:image:type\" content=\"image\/jpeg\" \/>\n<meta name=\"twitter:card\" content=\"summary_large_image\" \/>\n<meta name=\"twitter:label1\" content=\"Dur\u00e9e de lecture estim\u00e9e\" \/>\n\t<meta name=\"twitter:data1\" content=\"2 minutes\" \/>\n<script type=\"application\/ld+json\" class=\"yoast-schema-graph\">{\"@context\":\"https:\/\/schema.org\",\"@graph\":[{\"@type\":\"WebPage\",\"@id\":\"https:\/\/investmedic-store.com\/?product=3-in-1-ipl-machine-multi-fonction-opt-machine-lunio\",\"url\":\"https:\/\/investmedic-store.com\/?product=3-in-1-ipl-machine-multi-fonction-opt-machine-lunio\",\"name\":\"3 IN 1 IPL Machine Multi-Fonction OPT Machine Lunio - investmedic-store.com\",\"isPartOf\":{\"@id\":\"https:\/\/investmedic-store.com\/#website\"},\"datePublished\":\"2023-08-22T12:06:52+00:00\",\"dateModified\":\"2023-08-22T12:06:53+00:00\",\"breadcrumb\":{\"@id\":\"https:\/\/investmedic-store.com\/?product=3-in-1-ipl-machine-multi-fonction-opt-machine-lunio#breadcrumb\"},\"inLanguage\":\"fr-FR\",\"potentialAction\":[{\"@type\":\"ReadAction\",\"target\":[\"https:\/\/investmedic-store.com\/?product=3-in-1-ipl-machine-multi-fonction-opt-machine-lunio\"]}]},{\"@type\":\"BreadcrumbList\",\"@id\":\"https:\/\/investmedic-store.com\/?product=3-in-1-ipl-machine-multi-fonction-opt-machine-lunio#breadcrumb\",\"itemListElement\":[{\"@type\":\"ListItem\",\"position\":1,\"name\":\"Accueil\",\"item\":\"https:\/\/investmedic-store.com\/\"},{\"@type\":\"ListItem\",\"position\":2,\"name\":\"Shop\",\"item\":\"https:\/\/investmedic-store.com\/?page_id=5\"},{\"@type\":\"ListItem\",\"position\":3,\"name\":\"3 IN 1 IPL Machine Multi-Fonction OPT Machine Lunio\"}]},{\"@type\":\"WebSite\",\"@id\":\"https:\/\/investmedic-store.com\/#website\",\"url\":\"https:\/\/investmedic-store.com\/\",\"name\":\"invest medic store\",\"description\":\"Importation &amp; Distribution Du Materiels Medico-Chirurgicales - \u0627\u0633\u062a\u064a\u0631\u0627\u062f \u0648\u062a\u0648\u0632\u064a\u0639 \u0627\u0644\u0645\u0648\u0627\u062f \u0627\u0644\u0637\u0628\u064a\u0629 \u0627\u0644\u062c\u0631\u0627\u062d\u064a\u0629\",\"publisher\":{\"@id\":\"https:\/\/investmedic-store.com\/#organization\"},\"alternateName\":\"investmedic store\",\"potentialAction\":[{\"@type\":\"SearchAction\",\"target\":{\"@type\":\"EntryPoint\",\"urlTemplate\":\"https:\/\/investmedic-store.com\/?s={search_term_string}\"},\"query-input\":\"required name=search_term_string\"}],\"inLanguage\":\"fr-FR\"},{\"@type\":\"Organization\",\"@id\":\"https:\/\/investmedic-store.com\/#organization\",\"name\":\"invest.medic store\",\"alternateName\":\"investmedic store\",\"url\":\"https:\/\/investmedic-store.com\/\",\"logo\":{\"@type\":\"ImageObject\",\"inLanguage\":\"fr-FR\",\"@id\":\"https:\/\/investmedic-store.com\/#\/schema\/logo\/image\/\",\"url\":\"https:\/\/investmedic-store.com\/wp-content\/uploads\/2023\/07\/cropped-LOGO_INVEST-transformed-removebg-preview-transformed-1-e1690120839263.png\",\"contentUrl\":\"https:\/\/investmedic-store.com\/wp-content\/uploads\/2023\/07\/cropped-LOGO_INVEST-transformed-removebg-preview-transformed-1-e1690120839263.png\",\"width\":512,\"height\":512,\"caption\":\"invest.medic store\"},\"image\":{\"@id\":\"https:\/\/investmedic-store.com\/#\/schema\/logo\/image\/\"},\"sameAs\":[\"https:\/\/www.facebook.com\/invest.medic\"]}]}<\/script>\n<!-- \/ Yoast SEO plugin. -->","yoast_head_json":{"title":"3 IN 1 IPL Machine Multi-Fonction OPT Machine Lunio - investmedic-store.com","robots":{"index":"index","follow":"follow","max-snippet":"max-snippet:-1","max-image-preview":"max-image-preview:large","max-video-preview":"max-video-preview:-1"},"canonical":"https:\/\/investmedic-store.com\/?product=3-in-1-ipl-machine-multi-fonction-opt-machine-lunio","og_locale":"fr_FR","og_type":"article","og_title":"3 IN 1 IPL Machine Multi-Fonction OPT Machine Lunio - investmedic-store.com","og_description":"Type : \u00c9pilation instrumentale Th\u00e9orie\u00a0: IPL Portable : Non IPL RF\u00a0: oui fr\u00e9quence rf : bipolaire 5 mhz (3 sondes de traitement)","og_url":"https:\/\/investmedic-store.com\/?product=3-in-1-ipl-machine-multi-fonction-opt-machine-lunio","og_site_name":"investmedic-store.com","article_publisher":"https:\/\/www.facebook.com\/invest.medic","article_modified_time":"2023-08-22T12:06:53+00:00","og_image":[{"width":640,"height":640,"url":"http:\/\/investmedic-store.com\/wp-content\/uploads\/2023\/08\/photo_2023-08-06_13-14-47.jpg","type":"image\/jpeg"}],"twitter_card":"summary_large_image","twitter_misc":{"Dur\u00e9e de lecture estim\u00e9e":"2 minutes"},"schema":{"@context":"https:\/\/schema.org","@graph":[{"@type":"WebPage","@id":"https:\/\/investmedic-store.com\/?product=3-in-1-ipl-machine-multi-fonction-opt-machine-lunio","url":"https:\/\/investmedic-store.com\/?product=3-in-1-ipl-machine-multi-fonction-opt-machine-lunio","name":"3 IN 1 IPL Machine Multi-Fonction OPT Machine Lunio - investmedic-store.com","isPartOf":{"@id":"https:\/\/investmedic-store.com\/#website"},"datePublished":"2023-08-22T12:06:52+00:00","dateModified":"2023-08-22T12:06:53+00:00","breadcrumb":{"@id":"https:\/\/investmedic-store.com\/?product=3-in-1-ipl-machine-multi-fonction-opt-machine-lunio#breadcrumb"},"inLanguage":"fr-FR","potentialAction":[{"@type":"ReadAction","target":["https:\/\/investmedic-store.com\/?product=3-in-1-ipl-machine-multi-fonction-opt-machine-lunio"]}]},{"@type":"BreadcrumbList","@id":"https:\/\/investmedic-store.com\/?product=3-in-1-ipl-machine-multi-fonction-opt-machine-lunio#breadcrumb","itemListElement":[{"@type":"ListItem","position":1,"name":"Accueil","item":"https:\/\/investmedic-store.com\/"},{"@type":"ListItem","position":2,"name":"Shop","item":"https:\/\/investmedic-store.com\/?page_id=5"},{"@type":"ListItem","position":3,"name":"3 IN 1 IPL Machine Multi-Fonction OPT Machine Lunio"}]},{"@type":"WebSite","@id":"https:\/\/investmedic-store.com\/#website","url":"https:\/\/investmedic-store.com\/","name":"invest medic store","description":"Importation &amp; Distribution Du Materiels Medico-Chirurgicales - \u0627\u0633\u062a\u064a\u0631\u0627\u062f \u0648\u062a\u0648\u0632\u064a\u0639 \u0627\u0644\u0645\u0648\u0627\u062f \u0627\u0644\u0637\u0628\u064a\u0629 \u0627\u0644\u062c\u0631\u0627\u062d\u064a\u0629","publisher":{"@id":"https:\/\/investmedic-store.com\/#organization"},"alternateName":"investmedic store","potentialAction":[{"@type":"SearchAction","target":{"@type":"EntryPoint","urlTemplate":"https:\/\/investmedic-store.com\/?s={search_term_string}"},"query-input":"required name=search_term_string"}],"inLanguage":"fr-FR"},{"@type":"Organization","@id":"https:\/\/investmedic-store.com\/#organization","name":"invest.medic store","alternateName":"investmedic store","url":"https:\/\/investmedic-store.com\/","logo":{"@type":"ImageObject","inLanguage":"fr-FR","@id":"https:\/\/investmedic-store.com\/#\/schema\/logo\/image\/","url":"https:\/\/investmedic-store.com\/wp-content\/uploads\/2023\/07\/cropped-LOGO_INVEST-transformed-removebg-preview-transformed-1-e1690120839263.png","contentUrl":"https:\/\/investmedic-store.com\/wp-content\/uploads\/2023\/07\/cropped-LOGO_INVEST-transformed-removebg-preview-transformed-1-e1690120839263.png","width":512,"height":512,"caption":"invest.medic store"},"image":{"@id":"https:\/\/investmedic-store.com\/#\/schema\/logo\/image\/"},"sameAs":["https:\/\/www.facebook.com\/invest.medic"]}]}},"_links":{"self":[{"href":"https:\/\/investmedic-store.com\/index.php?rest_route=\/wp\/v2\/product\/1830"}],"collection":[{"href":"https:\/\/investmedic-store.com\/index.php?rest_route=\/wp\/v2\/product"}],"about":[{"href":"https:\/\/investmedic-store.com\/index.php?rest_route=\/wp\/v2\/types\/product"}],"replies":[{"embeddable":true,"href":"https:\/\/investmedic-store.com\/index.php?rest_route=%2Fwp%2Fv2%2Fcomments&post=1830"}],"wp:featuredmedia":[{"embeddable":true,"href":"https:\/\/investmedic-store.com\/index.php?rest_route=\/wp\/v2\/media\/1831"}],"wp:attachment":[{"href":"https:\/\/investmedic-store.com\/index.php?rest_route=%2Fwp%2Fv2%2Fmedia&parent=1830"}],"wp:term":[{"taxonomy":"product_cat","embeddable":true,"href":"https:\/\/investmedic-store.com\/index.php?rest_route=%2Fwp%2Fv2%2Fproduct_cat&post=1830"},{"taxonomy":"product_tag","embeddable":true,"href":"https:\/\/investmedic-store.com\/index.php?rest_route=%2Fwp%2Fv2%2Fproduct_tag&post=1830"}],"curies":[{"name":"wp","href":"https:\/\/api.w.org\/{rel}","templated":true}]}}