{"id":1826,"date":"2023-08-21T22:29:59","date_gmt":"2023-08-21T21:29:59","guid":{"rendered":"https:\/\/investmedic-store.com\/?post_type=product&#038;p=1826"},"modified":"2023-08-21T22:29:59","modified_gmt":"2023-08-21T21:29:59","slug":"dermapen-7-couleur-batterie-7-col","status":"publish","type":"product","link":"https:\/\/investmedic-store.com\/?product=dermapen-7-couleur-batterie-7-col","title":{"rendered":"Dermapen 7 Couleur Batterie 7 Col"},"content":{"rendered":"<p><strong>Lumi\u00e8re rouge (650-730nm)<\/strong><br \/>\npeut p\u00e9n\u00e9trer la peau en profondeur, favoriser la r\u00e9g\u00e9n\u00e9ration cellulaire, stimuler la production de collag\u00e8ne, r\u00e9duire l&#8217;apparence des rides et ridules, le vieillissement<\/p>\n<p><strong>Feu vert (430-450nm)<\/strong><br \/>\nayant un effet clair sur la s\u00e9dation, apaisant et purifiant, aidant \u00e0 acc\u00e9l\u00e9rer la gu\u00e9rison de la peau peu invasive<\/p>\n<p><strong>Lumi\u00e8re bleue (525-550 ml<\/strong>)<br \/>\nprincipalement pour l&#8217;acn\u00e9 et l&#8217;inflammation de la peau, peut d\u00e9marrer la fonction bact\u00e9ricide des cellules humaines et d\u00e9truire l&#8217;environnement de vie des bact\u00e9ries, anti-inflammatoire, bact\u00e9ricide et \u00e9liminer l&#8217;acn\u00e9 de la peau<\/p>\n<p><strong>Lumi\u00e8re jaune (565-570nm)<\/strong><br \/>\nam\u00e9liorer l&#8217;\u00e9change d&#8217;oxyg\u00e8ne dans les cellules, les cellules de la peau pour reconstituer leur \u00e9nergie d\u00e9composer le pigment favoriser le drainage lymphatique am\u00e9liorer la peau rugueuse, les rides, le traitement des rougeurs cutan\u00e9es, la fi\u00e8vre, la mousse, etc. renforcer l&#8217;immunit\u00e9<\/p>\n<p><strong>Lumi\u00e8re violette (340-440)<\/strong><br \/>\nest une double lumi\u00e8re rouge et bleue, qui combine deux effets de phototh\u00e9rapie. En particulier, elle a un bon effet sur la r\u00e9paration des empreintes d&#8217;acn\u00e9 et d&#8217;acn\u00e9<\/p>\n<p><strong>Lumi\u00e8re bleue claire (340-440nm)<\/strong><br \/>\npeut am\u00e9liorer progressivement l&#8217;\u00e9nergie cellulaire, pour avoir un bon r\u00f4le de facilitation du m\u00e9tabolisme<\/p>\n<p><strong>Lumi\u00e8re laser (blanche)<\/strong><br \/>\np\u00e9n\u00e9trer la peau en profondeur, acc\u00e9l\u00e9rer le m\u00e9tabolisme des tissus actifs, les gu\u00eatres de couleur de d\u00e9composition am\u00e9liorent l&#8217;apparence des ridules et du rel\u00e2chement cutan\u00e9<\/p>\n","protected":false},"excerpt":{"rendered":"<p>Lumi\u00e8re rouge (650-730nm) peut p\u00e9n\u00e9trer la peau en profondeur, favoriser la r\u00e9g\u00e9n\u00e9ration cellulaire, stimuler la production de collag\u00e8ne, r\u00e9duire l&#8217;apparence des rides et ridules, le vieillissement Feu vert (430-450nm) ayant un effet clair sur la s\u00e9dation, apaisant et purifiant, aidant \u00e0 acc\u00e9l\u00e9rer la gu\u00e9rison de la peau peu invasive Lumi\u00e8re bleue (525-550 ml) principalement pour &hellip;<\/p>\n<p class=\"read-more\"> <a class=\" thunk-readmore button \" href=\"https:\/\/investmedic-store.com\/?product=dermapen-7-couleur-batterie-7-col\"> <span class=\"screen-reader-text\">Dermapen 7 Couleur Batterie 7 Col<\/span>Read More<\/a><\/p>\n","protected":false},"featured_media":1827,"comment_status":"open","ping_status":"closed","template":"","meta":{"om_disable_all_campaigns":false,"_joinchat":[]},"product_cat":[15,162],"product_tag":[],"yoast_head":"<!-- This site is optimized with the Yoast SEO plugin v20.12 - https:\/\/yoast.com\/wordpress\/plugins\/seo\/ -->\n<title>Dermapen 7 Couleur Batterie 7 Col - investmedic-store.com<\/title>\n<meta name=\"robots\" content=\"index, follow, max-snippet:-1, max-image-preview:large, max-video-preview:-1\" \/>\n<link rel=\"canonical\" href=\"https:\/\/investmedic-store.com\/?product=dermapen-7-couleur-batterie-7-col\" \/>\n<meta property=\"og:locale\" content=\"fr_FR\" \/>\n<meta property=\"og:type\" content=\"article\" \/>\n<meta property=\"og:title\" content=\"Dermapen 7 Couleur Batterie 7 Col - investmedic-store.com\" \/>\n<meta property=\"og:description\" content=\"Lumi\u00e8re rouge (650-730nm) peut p\u00e9n\u00e9trer la peau en profondeur, favoriser la r\u00e9g\u00e9n\u00e9ration cellulaire, stimuler la production de collag\u00e8ne, r\u00e9duire l&#8217;apparence des rides et ridules, le vieillissement Feu vert (430-450nm) ayant un effet clair sur la s\u00e9dation, apaisant et purifiant, aidant \u00e0 acc\u00e9l\u00e9rer la gu\u00e9rison de la peau peu invasive Lumi\u00e8re bleue (525-550 ml) principalement pour &hellip; Dermapen 7 Couleur Batterie 7 ColRead More\" \/>\n<meta property=\"og:url\" content=\"https:\/\/investmedic-store.com\/?product=dermapen-7-couleur-batterie-7-col\" \/>\n<meta property=\"og:site_name\" content=\"investmedic-store.com\" \/>\n<meta property=\"article:publisher\" content=\"https:\/\/www.facebook.com\/invest.medic\" \/>\n<meta property=\"og:image\" content=\"http:\/\/investmedic-store.com\/wp-content\/uploads\/2023\/08\/1574748427.jpg\" \/>\n\t<meta property=\"og:image:width\" content=\"800\" \/>\n\t<meta property=\"og:image:height\" content=\"800\" \/>\n\t<meta property=\"og:image:type\" content=\"image\/jpeg\" \/>\n<meta name=\"twitter:card\" content=\"summary_large_image\" \/>\n<meta name=\"twitter:label1\" content=\"Dur\u00e9e de lecture estim\u00e9e\" \/>\n\t<meta name=\"twitter:data1\" content=\"2 minutes\" \/>\n<script type=\"application\/ld+json\" class=\"yoast-schema-graph\">{\"@context\":\"https:\/\/schema.org\",\"@graph\":[{\"@type\":\"WebPage\",\"@id\":\"https:\/\/investmedic-store.com\/?product=dermapen-7-couleur-batterie-7-col\",\"url\":\"https:\/\/investmedic-store.com\/?product=dermapen-7-couleur-batterie-7-col\",\"name\":\"Dermapen 7 Couleur Batterie 7 Col - investmedic-store.com\",\"isPartOf\":{\"@id\":\"https:\/\/investmedic-store.com\/#website\"},\"datePublished\":\"2023-08-21T21:29:59+00:00\",\"dateModified\":\"2023-08-21T21:29:59+00:00\",\"breadcrumb\":{\"@id\":\"https:\/\/investmedic-store.com\/?product=dermapen-7-couleur-batterie-7-col#breadcrumb\"},\"inLanguage\":\"fr-FR\",\"potentialAction\":[{\"@type\":\"ReadAction\",\"target\":[\"https:\/\/investmedic-store.com\/?product=dermapen-7-couleur-batterie-7-col\"]}]},{\"@type\":\"BreadcrumbList\",\"@id\":\"https:\/\/investmedic-store.com\/?product=dermapen-7-couleur-batterie-7-col#breadcrumb\",\"itemListElement\":[{\"@type\":\"ListItem\",\"position\":1,\"name\":\"Accueil\",\"item\":\"https:\/\/investmedic-store.com\/\"},{\"@type\":\"ListItem\",\"position\":2,\"name\":\"Shop\",\"item\":\"https:\/\/investmedic-store.com\/?page_id=5\"},{\"@type\":\"ListItem\",\"position\":3,\"name\":\"Dermapen 7 Couleur Batterie 7 Col\"}]},{\"@type\":\"WebSite\",\"@id\":\"https:\/\/investmedic-store.com\/#website\",\"url\":\"https:\/\/investmedic-store.com\/\",\"name\":\"invest medic store\",\"description\":\"Importation &amp; Distribution Du Materiels Medico-Chirurgicales - \u0627\u0633\u062a\u064a\u0631\u0627\u062f \u0648\u062a\u0648\u0632\u064a\u0639 \u0627\u0644\u0645\u0648\u0627\u062f \u0627\u0644\u0637\u0628\u064a\u0629 \u0627\u0644\u062c\u0631\u0627\u062d\u064a\u0629\",\"publisher\":{\"@id\":\"https:\/\/investmedic-store.com\/#organization\"},\"alternateName\":\"investmedic store\",\"potentialAction\":[{\"@type\":\"SearchAction\",\"target\":{\"@type\":\"EntryPoint\",\"urlTemplate\":\"https:\/\/investmedic-store.com\/?s={search_term_string}\"},\"query-input\":\"required name=search_term_string\"}],\"inLanguage\":\"fr-FR\"},{\"@type\":\"Organization\",\"@id\":\"https:\/\/investmedic-store.com\/#organization\",\"name\":\"invest.medic store\",\"alternateName\":\"investmedic store\",\"url\":\"https:\/\/investmedic-store.com\/\",\"logo\":{\"@type\":\"ImageObject\",\"inLanguage\":\"fr-FR\",\"@id\":\"https:\/\/investmedic-store.com\/#\/schema\/logo\/image\/\",\"url\":\"https:\/\/investmedic-store.com\/wp-content\/uploads\/2023\/07\/cropped-LOGO_INVEST-transformed-removebg-preview-transformed-1-e1690120839263.png\",\"contentUrl\":\"https:\/\/investmedic-store.com\/wp-content\/uploads\/2023\/07\/cropped-LOGO_INVEST-transformed-removebg-preview-transformed-1-e1690120839263.png\",\"width\":512,\"height\":512,\"caption\":\"invest.medic store\"},\"image\":{\"@id\":\"https:\/\/investmedic-store.com\/#\/schema\/logo\/image\/\"},\"sameAs\":[\"https:\/\/www.facebook.com\/invest.medic\"]}]}<\/script>\n<!-- \/ Yoast SEO plugin. -->","yoast_head_json":{"title":"Dermapen 7 Couleur Batterie 7 Col - investmedic-store.com","robots":{"index":"index","follow":"follow","max-snippet":"max-snippet:-1","max-image-preview":"max-image-preview:large","max-video-preview":"max-video-preview:-1"},"canonical":"https:\/\/investmedic-store.com\/?product=dermapen-7-couleur-batterie-7-col","og_locale":"fr_FR","og_type":"article","og_title":"Dermapen 7 Couleur Batterie 7 Col - investmedic-store.com","og_description":"Lumi\u00e8re rouge (650-730nm) peut p\u00e9n\u00e9trer la peau en profondeur, favoriser la r\u00e9g\u00e9n\u00e9ration cellulaire, stimuler la production de collag\u00e8ne, r\u00e9duire l&#8217;apparence des rides et ridules, le vieillissement Feu vert (430-450nm) ayant un effet clair sur la s\u00e9dation, apaisant et purifiant, aidant \u00e0 acc\u00e9l\u00e9rer la gu\u00e9rison de la peau peu invasive Lumi\u00e8re bleue (525-550 ml) principalement pour &hellip; Dermapen 7 Couleur Batterie 7 ColRead More","og_url":"https:\/\/investmedic-store.com\/?product=dermapen-7-couleur-batterie-7-col","og_site_name":"investmedic-store.com","article_publisher":"https:\/\/www.facebook.com\/invest.medic","og_image":[{"width":800,"height":800,"url":"http:\/\/investmedic-store.com\/wp-content\/uploads\/2023\/08\/1574748427.jpg","type":"image\/jpeg"}],"twitter_card":"summary_large_image","twitter_misc":{"Dur\u00e9e de lecture estim\u00e9e":"2 minutes"},"schema":{"@context":"https:\/\/schema.org","@graph":[{"@type":"WebPage","@id":"https:\/\/investmedic-store.com\/?product=dermapen-7-couleur-batterie-7-col","url":"https:\/\/investmedic-store.com\/?product=dermapen-7-couleur-batterie-7-col","name":"Dermapen 7 Couleur Batterie 7 Col - investmedic-store.com","isPartOf":{"@id":"https:\/\/investmedic-store.com\/#website"},"datePublished":"2023-08-21T21:29:59+00:00","dateModified":"2023-08-21T21:29:59+00:00","breadcrumb":{"@id":"https:\/\/investmedic-store.com\/?product=dermapen-7-couleur-batterie-7-col#breadcrumb"},"inLanguage":"fr-FR","potentialAction":[{"@type":"ReadAction","target":["https:\/\/investmedic-store.com\/?product=dermapen-7-couleur-batterie-7-col"]}]},{"@type":"BreadcrumbList","@id":"https:\/\/investmedic-store.com\/?product=dermapen-7-couleur-batterie-7-col#breadcrumb","itemListElement":[{"@type":"ListItem","position":1,"name":"Accueil","item":"https:\/\/investmedic-store.com\/"},{"@type":"ListItem","position":2,"name":"Shop","item":"https:\/\/investmedic-store.com\/?page_id=5"},{"@type":"ListItem","position":3,"name":"Dermapen 7 Couleur Batterie 7 Col"}]},{"@type":"WebSite","@id":"https:\/\/investmedic-store.com\/#website","url":"https:\/\/investmedic-store.com\/","name":"invest medic store","description":"Importation &amp; Distribution Du Materiels Medico-Chirurgicales - \u0627\u0633\u062a\u064a\u0631\u0627\u062f \u0648\u062a\u0648\u0632\u064a\u0639 \u0627\u0644\u0645\u0648\u0627\u062f \u0627\u0644\u0637\u0628\u064a\u0629 \u0627\u0644\u062c\u0631\u0627\u062d\u064a\u0629","publisher":{"@id":"https:\/\/investmedic-store.com\/#organization"},"alternateName":"investmedic store","potentialAction":[{"@type":"SearchAction","target":{"@type":"EntryPoint","urlTemplate":"https:\/\/investmedic-store.com\/?s={search_term_string}"},"query-input":"required name=search_term_string"}],"inLanguage":"fr-FR"},{"@type":"Organization","@id":"https:\/\/investmedic-store.com\/#organization","name":"invest.medic store","alternateName":"investmedic store","url":"https:\/\/investmedic-store.com\/","logo":{"@type":"ImageObject","inLanguage":"fr-FR","@id":"https:\/\/investmedic-store.com\/#\/schema\/logo\/image\/","url":"https:\/\/investmedic-store.com\/wp-content\/uploads\/2023\/07\/cropped-LOGO_INVEST-transformed-removebg-preview-transformed-1-e1690120839263.png","contentUrl":"https:\/\/investmedic-store.com\/wp-content\/uploads\/2023\/07\/cropped-LOGO_INVEST-transformed-removebg-preview-transformed-1-e1690120839263.png","width":512,"height":512,"caption":"invest.medic store"},"image":{"@id":"https:\/\/investmedic-store.com\/#\/schema\/logo\/image\/"},"sameAs":["https:\/\/www.facebook.com\/invest.medic"]}]}},"_links":{"self":[{"href":"https:\/\/investmedic-store.com\/index.php?rest_route=\/wp\/v2\/product\/1826"}],"collection":[{"href":"https:\/\/investmedic-store.com\/index.php?rest_route=\/wp\/v2\/product"}],"about":[{"href":"https:\/\/investmedic-store.com\/index.php?rest_route=\/wp\/v2\/types\/product"}],"replies":[{"embeddable":true,"href":"https:\/\/investmedic-store.com\/index.php?rest_route=%2Fwp%2Fv2%2Fcomments&post=1826"}],"wp:featuredmedia":[{"embeddable":true,"href":"https:\/\/investmedic-store.com\/index.php?rest_route=\/wp\/v2\/media\/1827"}],"wp:attachment":[{"href":"https:\/\/investmedic-store.com\/index.php?rest_route=%2Fwp%2Fv2%2Fmedia&parent=1826"}],"wp:term":[{"taxonomy":"product_cat","embeddable":true,"href":"https:\/\/investmedic-store.com\/index.php?rest_route=%2Fwp%2Fv2%2Fproduct_cat&post=1826"},{"taxonomy":"product_tag","embeddable":true,"href":"https:\/\/investmedic-store.com\/index.php?rest_route=%2Fwp%2Fv2%2Fproduct_tag&post=1826"}],"curies":[{"name":"wp","href":"https:\/\/api.w.org\/{rel}","templated":true}]}}