{"id":1824,"date":"2023-08-21T19:45:13","date_gmt":"2023-08-21T18:45:13","guid":{"rendered":"https:\/\/investmedic-store.com\/?post_type=product&#038;p=1824"},"modified":"2023-08-22T23:45:16","modified_gmt":"2023-08-22T22:45:16","slug":"dermapen-a1","status":"publish","type":"product","link":"https:\/\/investmedic-store.com\/?product=dermapen-a1","title":{"rendered":"Dermapen A1"},"content":{"rendered":"<p>Description de Produit<\/p>\n<p>Contrairement au traitement de la peau classiques rem\u00e8des, vous ne disposez pas de d\u00e9penser une fortune sur le Derma pen. Il est le moins cher. Le Sharp aiguilles sur le Derma pen permettra de cr\u00e9er de minuscules pores sur la couche sup\u00e9rieure de la peau. Cela permettra de renforcer la production de collag\u00e8ne et permettra de remplacer les tissus mortes de la peau avec de nouvelles cellules de la peau. Un des plus grands avantages de l&#8217;aide de l&#8217;derma stylo est que vous ne disposez pas d&#8217;attendre longtemps pour voir le visible et de meilleurs r\u00e9sultats. Il est facile \u00e0 utiliser le Derma pen. Vous avez juste besoin de suivre les instructions sur le manuel fourni avec le kit de l&#8217;derma pen.<\/p>\n<p>Les aiguilles sont st\u00e9riles et que vous n&#8217;ont pas \u00e0 vous soucier de toute infection ou de la peau d&#8217;allergies. Ceci est \u00e9galement un grand avantage de l&#8217;derma stylo, comme l&#8217;utilisation d&#8217;autres derma stylo dans le march\u00e9 peut causer des douleurs et permettra de cr\u00e9er des \u00e9ruptions cutan\u00e9es lorsque vous les utilisez. Ci-apr\u00e8s, vous ne disposez pas d&#8217;ennuyer \u00e0 propos de la fixation des rendez-vous avec des dermatologues occup\u00e9 ou visitez leur surpeuplement des cliniques de la peau. Vous pouvez utiliser le Derma plume \u00e0 la base de loisirs et le confort de votre maison. Le p\u00e9riph\u00e9rique est compact et vous pouvez le transporter facilement pendant que vous \u00eates sur un voyage d&#8217;affaires ou que vous \u00eates en vacances.<\/p>\n<ul>\n<li>\u00a0Il commence \u00e0 partir de la plus faible au plus \u00e9lev\u00e9, lorsque vous allumez le pouvoir d&#8217;abord. Les cycles de vitesse faible \u00e0 \u00e9lev\u00e9. Lorsque vous avez besoin pour arr\u00eater la machine, veuillez retourner \u00e0 &#8221; 0 &#8221; niveau !<\/li>\n<li>\u00a0R\u00e9glage de la longueur des aiguilles vous pouvez ajuster la longueur de l&#8217;aiguille en tournant la bague de r\u00e9glage dans le sens horaire ou antihoraire, la longueur d&#8217;elle sera plus longue. Turing dans le sens antihoraire, la longueur d&#8217;elle sera plus court<\/li>\n<\/ul>\n<p>&nbsp;<\/p>\n","protected":false},"excerpt":{"rendered":"<p>Description de Produit Contrairement au traitement de la peau classiques rem\u00e8des, vous ne disposez pas de d\u00e9penser une fortune sur le Derma pen. Il est le moins cher. Le Sharp aiguilles sur le Derma pen permettra de cr\u00e9er de minuscules pores sur la couche sup\u00e9rieure de la peau. Cela permettra de renforcer la production de &hellip;<\/p>\n<p class=\"read-more\"> <a class=\" thunk-readmore button \" href=\"https:\/\/investmedic-store.com\/?product=dermapen-a1\"> <span class=\"screen-reader-text\">Dermapen A1<\/span>Read More<\/a><\/p>\n","protected":false},"featured_media":1825,"comment_status":"open","ping_status":"closed","template":"","meta":{"om_disable_all_campaigns":false,"_joinchat":[]},"product_cat":[15,162],"product_tag":[],"yoast_head":"<!-- This site is optimized with the Yoast SEO plugin v20.12 - https:\/\/yoast.com\/wordpress\/plugins\/seo\/ -->\n<title>Dermapen A1 - investmedic-store.com<\/title>\n<meta name=\"robots\" content=\"index, follow, max-snippet:-1, max-image-preview:large, max-video-preview:-1\" \/>\n<link rel=\"canonical\" href=\"https:\/\/investmedic-store.com\/?product=dermapen-a1\" \/>\n<meta property=\"og:locale\" content=\"fr_FR\" \/>\n<meta property=\"og:type\" content=\"article\" \/>\n<meta property=\"og:title\" content=\"Dermapen A1 - investmedic-store.com\" \/>\n<meta property=\"og:description\" content=\"Description de Produit Contrairement au traitement de la peau classiques rem\u00e8des, vous ne disposez pas de d\u00e9penser une fortune sur le Derma pen. Il est le moins cher. Le Sharp aiguilles sur le Derma pen permettra de cr\u00e9er de minuscules pores sur la couche sup\u00e9rieure de la peau. Cela permettra de renforcer la production de &hellip; Dermapen A1Read More\" \/>\n<meta property=\"og:url\" content=\"https:\/\/investmedic-store.com\/?product=dermapen-a1\" \/>\n<meta property=\"og:site_name\" content=\"investmedic-store.com\" \/>\n<meta property=\"article:publisher\" content=\"https:\/\/www.facebook.com\/invest.medic\" \/>\n<meta property=\"article:modified_time\" content=\"2023-08-22T22:45:16+00:00\" \/>\n<meta property=\"og:image\" content=\"http:\/\/investmedic-store.com\/wp-content\/uploads\/2023\/08\/1614851953.jpg\" \/>\n\t<meta property=\"og:image:width\" content=\"800\" \/>\n\t<meta property=\"og:image:height\" content=\"800\" \/>\n\t<meta property=\"og:image:type\" content=\"image\/jpeg\" \/>\n<meta name=\"twitter:card\" content=\"summary_large_image\" \/>\n<meta name=\"twitter:label1\" content=\"Dur\u00e9e de lecture estim\u00e9e\" \/>\n\t<meta name=\"twitter:data1\" content=\"2 minutes\" \/>\n<script type=\"application\/ld+json\" class=\"yoast-schema-graph\">{\"@context\":\"https:\/\/schema.org\",\"@graph\":[{\"@type\":\"WebPage\",\"@id\":\"https:\/\/investmedic-store.com\/?product=dermapen-a1\",\"url\":\"https:\/\/investmedic-store.com\/?product=dermapen-a1\",\"name\":\"Dermapen A1 - investmedic-store.com\",\"isPartOf\":{\"@id\":\"https:\/\/investmedic-store.com\/#website\"},\"datePublished\":\"2023-08-21T18:45:13+00:00\",\"dateModified\":\"2023-08-22T22:45:16+00:00\",\"breadcrumb\":{\"@id\":\"https:\/\/investmedic-store.com\/?product=dermapen-a1#breadcrumb\"},\"inLanguage\":\"fr-FR\",\"potentialAction\":[{\"@type\":\"ReadAction\",\"target\":[\"https:\/\/investmedic-store.com\/?product=dermapen-a1\"]}]},{\"@type\":\"BreadcrumbList\",\"@id\":\"https:\/\/investmedic-store.com\/?product=dermapen-a1#breadcrumb\",\"itemListElement\":[{\"@type\":\"ListItem\",\"position\":1,\"name\":\"Accueil\",\"item\":\"https:\/\/investmedic-store.com\/\"},{\"@type\":\"ListItem\",\"position\":2,\"name\":\"Shop\",\"item\":\"https:\/\/investmedic-store.com\/?page_id=5\"},{\"@type\":\"ListItem\",\"position\":3,\"name\":\"Dermapen A1\"}]},{\"@type\":\"WebSite\",\"@id\":\"https:\/\/investmedic-store.com\/#website\",\"url\":\"https:\/\/investmedic-store.com\/\",\"name\":\"invest medic store\",\"description\":\"Importation &amp; Distribution Du Materiels Medico-Chirurgicales - \u0627\u0633\u062a\u064a\u0631\u0627\u062f \u0648\u062a\u0648\u0632\u064a\u0639 \u0627\u0644\u0645\u0648\u0627\u062f \u0627\u0644\u0637\u0628\u064a\u0629 \u0627\u0644\u062c\u0631\u0627\u062d\u064a\u0629\",\"publisher\":{\"@id\":\"https:\/\/investmedic-store.com\/#organization\"},\"alternateName\":\"investmedic store\",\"potentialAction\":[{\"@type\":\"SearchAction\",\"target\":{\"@type\":\"EntryPoint\",\"urlTemplate\":\"https:\/\/investmedic-store.com\/?s={search_term_string}\"},\"query-input\":\"required name=search_term_string\"}],\"inLanguage\":\"fr-FR\"},{\"@type\":\"Organization\",\"@id\":\"https:\/\/investmedic-store.com\/#organization\",\"name\":\"invest.medic store\",\"alternateName\":\"investmedic store\",\"url\":\"https:\/\/investmedic-store.com\/\",\"logo\":{\"@type\":\"ImageObject\",\"inLanguage\":\"fr-FR\",\"@id\":\"https:\/\/investmedic-store.com\/#\/schema\/logo\/image\/\",\"url\":\"https:\/\/investmedic-store.com\/wp-content\/uploads\/2023\/07\/cropped-LOGO_INVEST-transformed-removebg-preview-transformed-1-e1690120839263.png\",\"contentUrl\":\"https:\/\/investmedic-store.com\/wp-content\/uploads\/2023\/07\/cropped-LOGO_INVEST-transformed-removebg-preview-transformed-1-e1690120839263.png\",\"width\":512,\"height\":512,\"caption\":\"invest.medic store\"},\"image\":{\"@id\":\"https:\/\/investmedic-store.com\/#\/schema\/logo\/image\/\"},\"sameAs\":[\"https:\/\/www.facebook.com\/invest.medic\"]}]}<\/script>\n<!-- \/ Yoast SEO plugin. -->","yoast_head_json":{"title":"Dermapen A1 - investmedic-store.com","robots":{"index":"index","follow":"follow","max-snippet":"max-snippet:-1","max-image-preview":"max-image-preview:large","max-video-preview":"max-video-preview:-1"},"canonical":"https:\/\/investmedic-store.com\/?product=dermapen-a1","og_locale":"fr_FR","og_type":"article","og_title":"Dermapen A1 - investmedic-store.com","og_description":"Description de Produit Contrairement au traitement de la peau classiques rem\u00e8des, vous ne disposez pas de d\u00e9penser une fortune sur le Derma pen. Il est le moins cher. Le Sharp aiguilles sur le Derma pen permettra de cr\u00e9er de minuscules pores sur la couche sup\u00e9rieure de la peau. Cela permettra de renforcer la production de &hellip; Dermapen A1Read More","og_url":"https:\/\/investmedic-store.com\/?product=dermapen-a1","og_site_name":"investmedic-store.com","article_publisher":"https:\/\/www.facebook.com\/invest.medic","article_modified_time":"2023-08-22T22:45:16+00:00","og_image":[{"width":800,"height":800,"url":"http:\/\/investmedic-store.com\/wp-content\/uploads\/2023\/08\/1614851953.jpg","type":"image\/jpeg"}],"twitter_card":"summary_large_image","twitter_misc":{"Dur\u00e9e de lecture estim\u00e9e":"2 minutes"},"schema":{"@context":"https:\/\/schema.org","@graph":[{"@type":"WebPage","@id":"https:\/\/investmedic-store.com\/?product=dermapen-a1","url":"https:\/\/investmedic-store.com\/?product=dermapen-a1","name":"Dermapen A1 - investmedic-store.com","isPartOf":{"@id":"https:\/\/investmedic-store.com\/#website"},"datePublished":"2023-08-21T18:45:13+00:00","dateModified":"2023-08-22T22:45:16+00:00","breadcrumb":{"@id":"https:\/\/investmedic-store.com\/?product=dermapen-a1#breadcrumb"},"inLanguage":"fr-FR","potentialAction":[{"@type":"ReadAction","target":["https:\/\/investmedic-store.com\/?product=dermapen-a1"]}]},{"@type":"BreadcrumbList","@id":"https:\/\/investmedic-store.com\/?product=dermapen-a1#breadcrumb","itemListElement":[{"@type":"ListItem","position":1,"name":"Accueil","item":"https:\/\/investmedic-store.com\/"},{"@type":"ListItem","position":2,"name":"Shop","item":"https:\/\/investmedic-store.com\/?page_id=5"},{"@type":"ListItem","position":3,"name":"Dermapen A1"}]},{"@type":"WebSite","@id":"https:\/\/investmedic-store.com\/#website","url":"https:\/\/investmedic-store.com\/","name":"invest medic store","description":"Importation &amp; Distribution Du Materiels Medico-Chirurgicales - \u0627\u0633\u062a\u064a\u0631\u0627\u062f \u0648\u062a\u0648\u0632\u064a\u0639 \u0627\u0644\u0645\u0648\u0627\u062f \u0627\u0644\u0637\u0628\u064a\u0629 \u0627\u0644\u062c\u0631\u0627\u062d\u064a\u0629","publisher":{"@id":"https:\/\/investmedic-store.com\/#organization"},"alternateName":"investmedic store","potentialAction":[{"@type":"SearchAction","target":{"@type":"EntryPoint","urlTemplate":"https:\/\/investmedic-store.com\/?s={search_term_string}"},"query-input":"required name=search_term_string"}],"inLanguage":"fr-FR"},{"@type":"Organization","@id":"https:\/\/investmedic-store.com\/#organization","name":"invest.medic store","alternateName":"investmedic store","url":"https:\/\/investmedic-store.com\/","logo":{"@type":"ImageObject","inLanguage":"fr-FR","@id":"https:\/\/investmedic-store.com\/#\/schema\/logo\/image\/","url":"https:\/\/investmedic-store.com\/wp-content\/uploads\/2023\/07\/cropped-LOGO_INVEST-transformed-removebg-preview-transformed-1-e1690120839263.png","contentUrl":"https:\/\/investmedic-store.com\/wp-content\/uploads\/2023\/07\/cropped-LOGO_INVEST-transformed-removebg-preview-transformed-1-e1690120839263.png","width":512,"height":512,"caption":"invest.medic store"},"image":{"@id":"https:\/\/investmedic-store.com\/#\/schema\/logo\/image\/"},"sameAs":["https:\/\/www.facebook.com\/invest.medic"]}]}},"_links":{"self":[{"href":"https:\/\/investmedic-store.com\/index.php?rest_route=\/wp\/v2\/product\/1824"}],"collection":[{"href":"https:\/\/investmedic-store.com\/index.php?rest_route=\/wp\/v2\/product"}],"about":[{"href":"https:\/\/investmedic-store.com\/index.php?rest_route=\/wp\/v2\/types\/product"}],"replies":[{"embeddable":true,"href":"https:\/\/investmedic-store.com\/index.php?rest_route=%2Fwp%2Fv2%2Fcomments&post=1824"}],"wp:featuredmedia":[{"embeddable":true,"href":"https:\/\/investmedic-store.com\/index.php?rest_route=\/wp\/v2\/media\/1825"}],"wp:attachment":[{"href":"https:\/\/investmedic-store.com\/index.php?rest_route=%2Fwp%2Fv2%2Fmedia&parent=1824"}],"wp:term":[{"taxonomy":"product_cat","embeddable":true,"href":"https:\/\/investmedic-store.com\/index.php?rest_route=%2Fwp%2Fv2%2Fproduct_cat&post=1824"},{"taxonomy":"product_tag","embeddable":true,"href":"https:\/\/investmedic-store.com\/index.php?rest_route=%2Fwp%2Fv2%2Fproduct_tag&post=1824"}],"curies":[{"name":"wp","href":"https:\/\/api.w.org\/{rel}","templated":true}]}}