{"id":1795,"date":"2023-08-21T00:01:05","date_gmt":"2023-08-20T23:01:05","guid":{"rendered":"https:\/\/investmedic-store.com\/?post_type=product&#038;p=1795"},"modified":"2023-08-22T13:27:14","modified_gmt":"2023-08-22T12:27:14","slug":"machine-de-detatouage-au-laser-q-switch-nd-yag","status":"publish","type":"product","link":"https:\/\/investmedic-store.com\/?product=machine-de-detatouage-au-laser-q-switch-nd-yag","title":{"rendered":"Q-Switch ND Yag Laser"},"content":{"rendered":"<p>La technologie d&#8217;\u00e9limination des pigments la plus avanc\u00e9e, dix fois l&#8217;effet du laser nanoseconde<\/p>\n<p>Largement applications de la machine de d\u00e9tatouage au laser nd yag<\/p>\n<p>Longueur d&#8217;onde de 1,532 nm : d\u00e9barrassez-vous des taches de rousseur, du tatouage des sourcils, du tatouage de la ligne des yeux, du tatouage, de la ligne des l\u00e8vres, des pigments, des t\u00e9langiectasies en rouge peu profond, marron et rose, etc. couleur claire.<\/p>\n<p>Longueur d&#8217;onde de 2,1064 nm: se d\u00e9barrasser des taches de rousseur et des taches brunes jaunes, du tatouage des sourcils, du tatouage de la ligne des yeux rat\u00e9, du tatouage, de la marque de naissance et du naevus d&#8217;Ota, de la pigmentation et des taches de vieillesse, du naevus en noir et bleu, du rouge \u00e9carlate, du caf\u00e9 profond et etc. couleur profonde .<\/p>\n<p>Longueur d&#8217;onde 3.1320nm: \u00e9limination des pores r\u00e9tr\u00e9cis, \u00e9limination des points noirs, raffermissement et blanchiment de la peau, rajeunissement de la peau, \u00e9limination des rides<\/p>\n<p>Bras de guide de lumi\u00e8re d&#8217;importation de Cor\u00e9e<\/p>\n<p>1. Gardez la forme de la tache standard \u00e0 n&#8217;importe quel angle<br \/>\n2. Dix tailles de spot r\u00e9glables<br \/>\n3. Distribution d&#8217;\u00e9nergie ponctuelle uniforme<br \/>\n4.1064nm 532nm longueur d&#8217;onde<br \/>\n5. Bras laser cor\u00e9en, taux de perte de lumi\u00e8re inf\u00e9rieur \u00e0 13\u00a0%<br \/>\n6.\u00c9nergie d&#8217;impulsion unique 800mj<br \/>\n7.Free 360 de rotation, assure une \u00e9nergie constante de la puissance laser<\/p>\n<p>Tatouage toutes couleurs, suppression des contours des yeux et des l\u00e8vres.<br \/>\nTh\u00e9rapie de la pigmentation de l&#8217;\u00e9piderme et du derme<br \/>\nRajeunissement des soins de la peau et \u00e9limination des rides, etc.<br \/>\nConvient \u00e0 toutes les couleurs de peau, convient \u00e0 tous les types de peau.<br \/>\nNaevus d&#8217;Ota, naevus bleu, naevus noir, tache de caf\u00e9, etc.<br \/>\n\u00c9limination des plaques s\u00e9niles, des taches de rousseur, des coups de soleil et du chloasma.<\/p>\n<p>Technologie unique avanc\u00e9e de la machine de d\u00e9tatouage au laser Nd Yag Quanta<br \/>\nLargement applications de la machine de d\u00e9tatouage au laser nd yag quanta<\/p>\n<p>Le laser picoseconde est utilis\u00e9 pour briser les particules de pigment sous la peau. Ensuite, le syst\u00e8me lymphatique s&#8217;accroche aux particules de pigment et les emporte pour \u00eatre excr\u00e9t\u00e9es.<\/p>\n<p>Principe de traitement<\/p>\n<p>Th\u00e9rapie de la pigmentation de l&#8217;\u00e9piderme et du derme &#8211; Utilisant l&#8217;effet explosif du laser Nd: YAG, le laser impr\u00e8gne l&#8217;\u00e9piderme dans le derme qui comprend une quantit\u00e9 de masse pigmentaire. \u00c9tant donn\u00e9 que le laser \u00e9met des impulsions en nanosecondes mais avec une \u00e9nergie tr\u00e8s \u00e9lev\u00e9e, la masse de pigment de tir gonfle rapidement et se brise en petits morceaux, qui seront \u00e9limin\u00e9s par le syst\u00e8me m\u00e9tabolique.<\/p>\n<p>Th\u00e9rapie de la dilatation du vaisseau capillaire\u2014- En utilisant l&#8217;effet thermique du Nd:YagLaser, le laser est absorb\u00e9 par l&#8217;h\u00e9machrome dans le vaisseau capillaire, puis le vaisseau capillaire se bloque et dispara\u00eet.<\/p>\n<p>1. Traitement indolore, aucune blessure \u00e0 la peau et au follicule pileux, aucun risque de cicatrices, aucun effet secondaire<\/p>\n<p>2. M\u00e9canisme de cassette Q-switch en pierre import\u00e9, l&#8217;ensemble du laser solide, sans remplacer le Q-switch.<\/p>\n<p>3. Technologie laser \u00e9lev\u00e9e de dynamitage instantan\u00e9, norme internationale de production, test technique strictement.<\/p>\n<p>4. Ayez le dispositif d&#8217;alerte pour le niveau d&#8217;eau, la temp\u00e9rature de l&#8217;eau, le flux d&#8217;eau et la r\u00e9frig\u00e9ration.<\/p>\n<p>5. Rappelez-vous que le syst\u00e8me et la fonction de r\u00e9initialisation facilitent les \u00e9tablissements m\u00e9dicaux ou esth\u00e9tiques pour r\u00e9duire les co\u00fbts.<\/p>\n<p>6. \u00c9cran tactile color\u00e9, facile et visuel \u00e0 utiliser, excellent syst\u00e8me de refroidissement<\/p>\n<p>&nbsp;<\/p>\n","protected":false},"excerpt":{"rendered":"<p>bras laser : taux de perte d&#8217;\u00e9nergie \u226413%<\/p>\n<p>2.Free 360 de rotation, assure une \u00e9nergie constante de la puissance laser<\/p>\n","protected":false},"featured_media":1796,"comment_status":"open","ping_status":"closed","template":"","meta":{"om_disable_all_campaigns":false,"_joinchat":[]},"product_cat":[15,161],"product_tag":[],"yoast_head":"<!-- This site is optimized with the Yoast SEO plugin v20.12 - https:\/\/yoast.com\/wordpress\/plugins\/seo\/ -->\n<title>Q-Switch ND Yag Laser - investmedic-store.com<\/title>\n<meta name=\"robots\" content=\"index, follow, max-snippet:-1, max-image-preview:large, max-video-preview:-1\" \/>\n<link rel=\"canonical\" href=\"https:\/\/investmedic-store.com\/?product=machine-de-detatouage-au-laser-q-switch-nd-yag\" \/>\n<meta property=\"og:locale\" content=\"fr_FR\" \/>\n<meta property=\"og:type\" content=\"article\" \/>\n<meta property=\"og:title\" content=\"Q-Switch ND Yag Laser - investmedic-store.com\" \/>\n<meta property=\"og:description\" content=\"bras laser : taux de perte d&#039;\u00e9nergie \u226413%  2.Free 360 de rotation, assure une \u00e9nergie constante de la puissance laser\" \/>\n<meta property=\"og:url\" content=\"https:\/\/investmedic-store.com\/?product=machine-de-detatouage-au-laser-q-switch-nd-yag\" \/>\n<meta property=\"og:site_name\" content=\"investmedic-store.com\" \/>\n<meta property=\"article:publisher\" content=\"https:\/\/www.facebook.com\/invest.medic\" \/>\n<meta property=\"article:modified_time\" content=\"2023-08-22T12:27:14+00:00\" \/>\n<meta property=\"og:image\" content=\"http:\/\/investmedic-store.com\/wp-content\/uploads\/2023\/08\/QLaserimg-2.jpg\" \/>\n\t<meta property=\"og:image:width\" content=\"410\" \/>\n\t<meta property=\"og:image:height\" content=\"519\" \/>\n\t<meta property=\"og:image:type\" content=\"image\/jpeg\" \/>\n<meta name=\"twitter:card\" content=\"summary_large_image\" \/>\n<meta name=\"twitter:label1\" content=\"Dur\u00e9e de lecture estim\u00e9e\" \/>\n\t<meta name=\"twitter:data1\" content=\"3 minutes\" \/>\n<script type=\"application\/ld+json\" class=\"yoast-schema-graph\">{\"@context\":\"https:\/\/schema.org\",\"@graph\":[{\"@type\":\"WebPage\",\"@id\":\"https:\/\/investmedic-store.com\/?product=machine-de-detatouage-au-laser-q-switch-nd-yag\",\"url\":\"https:\/\/investmedic-store.com\/?product=machine-de-detatouage-au-laser-q-switch-nd-yag\",\"name\":\"Q-Switch ND Yag Laser - investmedic-store.com\",\"isPartOf\":{\"@id\":\"https:\/\/investmedic-store.com\/#website\"},\"datePublished\":\"2023-08-20T23:01:05+00:00\",\"dateModified\":\"2023-08-22T12:27:14+00:00\",\"breadcrumb\":{\"@id\":\"https:\/\/investmedic-store.com\/?product=machine-de-detatouage-au-laser-q-switch-nd-yag#breadcrumb\"},\"inLanguage\":\"fr-FR\",\"potentialAction\":[{\"@type\":\"ReadAction\",\"target\":[\"https:\/\/investmedic-store.com\/?product=machine-de-detatouage-au-laser-q-switch-nd-yag\"]}]},{\"@type\":\"BreadcrumbList\",\"@id\":\"https:\/\/investmedic-store.com\/?product=machine-de-detatouage-au-laser-q-switch-nd-yag#breadcrumb\",\"itemListElement\":[{\"@type\":\"ListItem\",\"position\":1,\"name\":\"Accueil\",\"item\":\"https:\/\/investmedic-store.com\/\"},{\"@type\":\"ListItem\",\"position\":2,\"name\":\"Shop\",\"item\":\"https:\/\/investmedic-store.com\/?page_id=5\"},{\"@type\":\"ListItem\",\"position\":3,\"name\":\"Q-Switch ND Yag Laser\"}]},{\"@type\":\"WebSite\",\"@id\":\"https:\/\/investmedic-store.com\/#website\",\"url\":\"https:\/\/investmedic-store.com\/\",\"name\":\"invest medic store\",\"description\":\"Importation &amp; Distribution Du Materiels Medico-Chirurgicales - \u0627\u0633\u062a\u064a\u0631\u0627\u062f \u0648\u062a\u0648\u0632\u064a\u0639 \u0627\u0644\u0645\u0648\u0627\u062f \u0627\u0644\u0637\u0628\u064a\u0629 \u0627\u0644\u062c\u0631\u0627\u062d\u064a\u0629\",\"publisher\":{\"@id\":\"https:\/\/investmedic-store.com\/#organization\"},\"alternateName\":\"investmedic store\",\"potentialAction\":[{\"@type\":\"SearchAction\",\"target\":{\"@type\":\"EntryPoint\",\"urlTemplate\":\"https:\/\/investmedic-store.com\/?s={search_term_string}\"},\"query-input\":\"required name=search_term_string\"}],\"inLanguage\":\"fr-FR\"},{\"@type\":\"Organization\",\"@id\":\"https:\/\/investmedic-store.com\/#organization\",\"name\":\"invest.medic store\",\"alternateName\":\"investmedic store\",\"url\":\"https:\/\/investmedic-store.com\/\",\"logo\":{\"@type\":\"ImageObject\",\"inLanguage\":\"fr-FR\",\"@id\":\"https:\/\/investmedic-store.com\/#\/schema\/logo\/image\/\",\"url\":\"https:\/\/investmedic-store.com\/wp-content\/uploads\/2023\/07\/cropped-LOGO_INVEST-transformed-removebg-preview-transformed-1-e1690120839263.png\",\"contentUrl\":\"https:\/\/investmedic-store.com\/wp-content\/uploads\/2023\/07\/cropped-LOGO_INVEST-transformed-removebg-preview-transformed-1-e1690120839263.png\",\"width\":512,\"height\":512,\"caption\":\"invest.medic store\"},\"image\":{\"@id\":\"https:\/\/investmedic-store.com\/#\/schema\/logo\/image\/\"},\"sameAs\":[\"https:\/\/www.facebook.com\/invest.medic\"]}]}<\/script>\n<!-- \/ Yoast SEO plugin. -->","yoast_head_json":{"title":"Q-Switch ND Yag Laser - investmedic-store.com","robots":{"index":"index","follow":"follow","max-snippet":"max-snippet:-1","max-image-preview":"max-image-preview:large","max-video-preview":"max-video-preview:-1"},"canonical":"https:\/\/investmedic-store.com\/?product=machine-de-detatouage-au-laser-q-switch-nd-yag","og_locale":"fr_FR","og_type":"article","og_title":"Q-Switch ND Yag Laser - investmedic-store.com","og_description":"bras laser : taux de perte d'\u00e9nergie \u226413%  2.Free 360 de rotation, assure une \u00e9nergie constante de la puissance laser","og_url":"https:\/\/investmedic-store.com\/?product=machine-de-detatouage-au-laser-q-switch-nd-yag","og_site_name":"investmedic-store.com","article_publisher":"https:\/\/www.facebook.com\/invest.medic","article_modified_time":"2023-08-22T12:27:14+00:00","og_image":[{"width":410,"height":519,"url":"http:\/\/investmedic-store.com\/wp-content\/uploads\/2023\/08\/QLaserimg-2.jpg","type":"image\/jpeg"}],"twitter_card":"summary_large_image","twitter_misc":{"Dur\u00e9e de lecture estim\u00e9e":"3 minutes"},"schema":{"@context":"https:\/\/schema.org","@graph":[{"@type":"WebPage","@id":"https:\/\/investmedic-store.com\/?product=machine-de-detatouage-au-laser-q-switch-nd-yag","url":"https:\/\/investmedic-store.com\/?product=machine-de-detatouage-au-laser-q-switch-nd-yag","name":"Q-Switch ND Yag Laser - investmedic-store.com","isPartOf":{"@id":"https:\/\/investmedic-store.com\/#website"},"datePublished":"2023-08-20T23:01:05+00:00","dateModified":"2023-08-22T12:27:14+00:00","breadcrumb":{"@id":"https:\/\/investmedic-store.com\/?product=machine-de-detatouage-au-laser-q-switch-nd-yag#breadcrumb"},"inLanguage":"fr-FR","potentialAction":[{"@type":"ReadAction","target":["https:\/\/investmedic-store.com\/?product=machine-de-detatouage-au-laser-q-switch-nd-yag"]}]},{"@type":"BreadcrumbList","@id":"https:\/\/investmedic-store.com\/?product=machine-de-detatouage-au-laser-q-switch-nd-yag#breadcrumb","itemListElement":[{"@type":"ListItem","position":1,"name":"Accueil","item":"https:\/\/investmedic-store.com\/"},{"@type":"ListItem","position":2,"name":"Shop","item":"https:\/\/investmedic-store.com\/?page_id=5"},{"@type":"ListItem","position":3,"name":"Q-Switch ND Yag Laser"}]},{"@type":"WebSite","@id":"https:\/\/investmedic-store.com\/#website","url":"https:\/\/investmedic-store.com\/","name":"invest medic store","description":"Importation &amp; Distribution Du Materiels Medico-Chirurgicales - \u0627\u0633\u062a\u064a\u0631\u0627\u062f \u0648\u062a\u0648\u0632\u064a\u0639 \u0627\u0644\u0645\u0648\u0627\u062f \u0627\u0644\u0637\u0628\u064a\u0629 \u0627\u0644\u062c\u0631\u0627\u062d\u064a\u0629","publisher":{"@id":"https:\/\/investmedic-store.com\/#organization"},"alternateName":"investmedic store","potentialAction":[{"@type":"SearchAction","target":{"@type":"EntryPoint","urlTemplate":"https:\/\/investmedic-store.com\/?s={search_term_string}"},"query-input":"required name=search_term_string"}],"inLanguage":"fr-FR"},{"@type":"Organization","@id":"https:\/\/investmedic-store.com\/#organization","name":"invest.medic store","alternateName":"investmedic store","url":"https:\/\/investmedic-store.com\/","logo":{"@type":"ImageObject","inLanguage":"fr-FR","@id":"https:\/\/investmedic-store.com\/#\/schema\/logo\/image\/","url":"https:\/\/investmedic-store.com\/wp-content\/uploads\/2023\/07\/cropped-LOGO_INVEST-transformed-removebg-preview-transformed-1-e1690120839263.png","contentUrl":"https:\/\/investmedic-store.com\/wp-content\/uploads\/2023\/07\/cropped-LOGO_INVEST-transformed-removebg-preview-transformed-1-e1690120839263.png","width":512,"height":512,"caption":"invest.medic store"},"image":{"@id":"https:\/\/investmedic-store.com\/#\/schema\/logo\/image\/"},"sameAs":["https:\/\/www.facebook.com\/invest.medic"]}]}},"_links":{"self":[{"href":"https:\/\/investmedic-store.com\/index.php?rest_route=\/wp\/v2\/product\/1795"}],"collection":[{"href":"https:\/\/investmedic-store.com\/index.php?rest_route=\/wp\/v2\/product"}],"about":[{"href":"https:\/\/investmedic-store.com\/index.php?rest_route=\/wp\/v2\/types\/product"}],"replies":[{"embeddable":true,"href":"https:\/\/investmedic-store.com\/index.php?rest_route=%2Fwp%2Fv2%2Fcomments&post=1795"}],"wp:featuredmedia":[{"embeddable":true,"href":"https:\/\/investmedic-store.com\/index.php?rest_route=\/wp\/v2\/media\/1796"}],"wp:attachment":[{"href":"https:\/\/investmedic-store.com\/index.php?rest_route=%2Fwp%2Fv2%2Fmedia&parent=1795"}],"wp:term":[{"taxonomy":"product_cat","embeddable":true,"href":"https:\/\/investmedic-store.com\/index.php?rest_route=%2Fwp%2Fv2%2Fproduct_cat&post=1795"},{"taxonomy":"product_tag","embeddable":true,"href":"https:\/\/investmedic-store.com\/index.php?rest_route=%2Fwp%2Fv2%2Fproduct_tag&post=1795"}],"curies":[{"name":"wp","href":"https:\/\/api.w.org\/{rel}","templated":true}]}}