{"id":1793,"date":"2023-08-20T23:30:29","date_gmt":"2023-08-20T22:30:29","guid":{"rendered":"https:\/\/investmedic-store.com\/?post_type=product&#038;p=1793"},"modified":"2023-08-20T23:30:29","modified_gmt":"2023-08-20T22:30:29","slug":"appareil-de-carboxy-therapie","status":"publish","type":"product","link":"https:\/\/investmedic-store.com\/?product=appareil-de-carboxy-therapie","title":{"rendered":"Appareil De Carboxy-Th\u00e9rapie"},"content":{"rendered":"<p>Avantages<\/p>\n<p>\u318dConception moderne et interface intelligente.<\/p>\n<p>\u318d Slimming et r\u00e9duction de la cellulite plus rapidement que jamais.<\/p>\n<p>\u318dFacile \u00e0 contr\u00f4ler par le syst\u00e8me de contr\u00f4le.<\/p>\n<p>\u318d Minimiser la douleur du traitement gr\u00e2ce au syst\u00e8me de chauffage.<\/p>\n<p>\u318d\u00c9cran tactile facile \u00e0 utiliser.<\/p>\n<p>\u318dContr\u00f4le pr\u00e9cis du volume d&#8217;injection de CO2.<\/p>\n<p>\u318dInterrupteur au pied facile et s\u00fbr \u00e0 utiliser.<\/p>\n<p>\u318dEn comparaison avec la th\u00e9rapie par injection conventionnelle, elle provoque rarement des ecchymoses<\/p>\n<p>La th\u00e9rapie Carboxy fait r\u00e9f\u00e9rence \u00e0 l&#8217;administration cutan\u00e9e et sous-cutan\u00e9e de gaz carbonique (CO2) \u00e0 des fins th\u00e9rapeutiques. La th\u00e9rapie Carboxy est n\u00e9e aux Royal Spas de Frances en 1932 . En Am\u00e9rique du Sud et en Europe.<\/p>\n<p>SP\u00c9CIFICATIONS TECHNIQUES<br \/>\nMod\u00e8le:\u00a0 \u00a0 \u00a0 \u00a0C2 CARBOXY<br \/>\nTension:\u00a0 \u00a0 \u00a0 \u00a0 \u00a0 \u00a0 \u00a0 110\/220 VCA<br \/>\nFiltre de s\u00e9curit\u00e9 biologique:\u00a0 \u00a0 \u00a0 \u00a0 0,22 \u03bcm<br \/>\nRecommand\u00e9:\u00a0 \u00a0 \u00a0 \u00a0 \u00a0 \u00a030g*1\/2 ou 27g*1\/2 aiguilles<br \/>\nPoids de l&#8217;\u00e9quipement:\u00a0 \u00a0 \u00a0 \u00a0 \u00a0 23kg<br \/>\nDimensions:\u00a0 \u00a0 \u00a0 56x46x41<br \/>\nFonction:\u00a0 \u00a0 \u00a0 \u00a0 Lifting du visage, acn\u00e9, perte de poids, cellulite, vergetures, cerne sous les yeux<\/p>\n","protected":false},"excerpt":{"rendered":"<p>1.L&#8217;appareil comprend un programme automatique et un mode manuel.<\/p>\n<p>2. Appareil compact et efficace, id\u00e9al pour les traitements \u00e0 domicile ou au carbone.<\/p>\n<p>3.Incorpore des capteurs haute et basse pression qui offrent une plus grande s\u00e9curit\u00e9 \u00e0 l&#8217;application de traitement.<\/p>\n<p>4.Chauffez le gaz co2, pas de douleur<\/p>\n","protected":false},"featured_media":1794,"comment_status":"open","ping_status":"closed","template":"","meta":{"om_disable_all_campaigns":false,"_joinchat":[]},"product_cat":[15,161],"product_tag":[],"yoast_head":"<!-- This site is optimized with the Yoast SEO plugin v20.12 - https:\/\/yoast.com\/wordpress\/plugins\/seo\/ -->\n<title>Appareil De Carboxy-Th\u00e9rapie - investmedic-store.com<\/title>\n<meta name=\"robots\" content=\"index, follow, max-snippet:-1, max-image-preview:large, max-video-preview:-1\" \/>\n<link rel=\"canonical\" href=\"https:\/\/investmedic-store.com\/?product=appareil-de-carboxy-therapie\" \/>\n<meta property=\"og:locale\" content=\"fr_FR\" \/>\n<meta property=\"og:type\" content=\"article\" \/>\n<meta property=\"og:title\" content=\"Appareil De Carboxy-Th\u00e9rapie - investmedic-store.com\" \/>\n<meta property=\"og:description\" content=\"1.L&#039;appareil comprend un programme automatique et un mode manuel.  2. Appareil compact et efficace, id\u00e9al pour les traitements \u00e0 domicile ou au carbone.  3.Incorpore des capteurs haute et basse pression qui offrent une plus grande s\u00e9curit\u00e9 \u00e0 l&#039;application de traitement.  4.Chauffez le gaz co2, pas de douleur\" \/>\n<meta property=\"og:url\" content=\"https:\/\/investmedic-store.com\/?product=appareil-de-carboxy-therapie\" \/>\n<meta property=\"og:site_name\" content=\"investmedic-store.com\" \/>\n<meta property=\"article:publisher\" content=\"https:\/\/www.facebook.com\/invest.medic\" \/>\n<meta property=\"og:image\" content=\"http:\/\/investmedic-store.com\/wp-content\/uploads\/2023\/08\/photo_2023-08-20_23-27-18.jpg\" \/>\n\t<meta property=\"og:image:width\" content=\"750\" \/>\n\t<meta property=\"og:image:height\" content=\"750\" \/>\n\t<meta property=\"og:image:type\" content=\"image\/jpeg\" \/>\n<meta name=\"twitter:card\" content=\"summary_large_image\" \/>\n<meta name=\"twitter:label1\" content=\"Dur\u00e9e de lecture estim\u00e9e\" \/>\n\t<meta name=\"twitter:data1\" content=\"1 minute\" \/>\n<script type=\"application\/ld+json\" class=\"yoast-schema-graph\">{\"@context\":\"https:\/\/schema.org\",\"@graph\":[{\"@type\":\"WebPage\",\"@id\":\"https:\/\/investmedic-store.com\/?product=appareil-de-carboxy-therapie\",\"url\":\"https:\/\/investmedic-store.com\/?product=appareil-de-carboxy-therapie\",\"name\":\"Appareil De Carboxy-Th\u00e9rapie - investmedic-store.com\",\"isPartOf\":{\"@id\":\"https:\/\/investmedic-store.com\/#website\"},\"datePublished\":\"2023-08-20T22:30:29+00:00\",\"dateModified\":\"2023-08-20T22:30:29+00:00\",\"breadcrumb\":{\"@id\":\"https:\/\/investmedic-store.com\/?product=appareil-de-carboxy-therapie#breadcrumb\"},\"inLanguage\":\"fr-FR\",\"potentialAction\":[{\"@type\":\"ReadAction\",\"target\":[\"https:\/\/investmedic-store.com\/?product=appareil-de-carboxy-therapie\"]}]},{\"@type\":\"BreadcrumbList\",\"@id\":\"https:\/\/investmedic-store.com\/?product=appareil-de-carboxy-therapie#breadcrumb\",\"itemListElement\":[{\"@type\":\"ListItem\",\"position\":1,\"name\":\"Accueil\",\"item\":\"https:\/\/investmedic-store.com\/\"},{\"@type\":\"ListItem\",\"position\":2,\"name\":\"Shop\",\"item\":\"https:\/\/investmedic-store.com\/?page_id=5\"},{\"@type\":\"ListItem\",\"position\":3,\"name\":\"Appareil De Carboxy-Th\u00e9rapie\"}]},{\"@type\":\"WebSite\",\"@id\":\"https:\/\/investmedic-store.com\/#website\",\"url\":\"https:\/\/investmedic-store.com\/\",\"name\":\"invest medic store\",\"description\":\"Importation &amp; Distribution Du Materiels Medico-Chirurgicales - \u0627\u0633\u062a\u064a\u0631\u0627\u062f \u0648\u062a\u0648\u0632\u064a\u0639 \u0627\u0644\u0645\u0648\u0627\u062f \u0627\u0644\u0637\u0628\u064a\u0629 \u0627\u0644\u062c\u0631\u0627\u062d\u064a\u0629\",\"publisher\":{\"@id\":\"https:\/\/investmedic-store.com\/#organization\"},\"alternateName\":\"investmedic store\",\"potentialAction\":[{\"@type\":\"SearchAction\",\"target\":{\"@type\":\"EntryPoint\",\"urlTemplate\":\"https:\/\/investmedic-store.com\/?s={search_term_string}\"},\"query-input\":\"required name=search_term_string\"}],\"inLanguage\":\"fr-FR\"},{\"@type\":\"Organization\",\"@id\":\"https:\/\/investmedic-store.com\/#organization\",\"name\":\"invest.medic store\",\"alternateName\":\"investmedic store\",\"url\":\"https:\/\/investmedic-store.com\/\",\"logo\":{\"@type\":\"ImageObject\",\"inLanguage\":\"fr-FR\",\"@id\":\"https:\/\/investmedic-store.com\/#\/schema\/logo\/image\/\",\"url\":\"https:\/\/investmedic-store.com\/wp-content\/uploads\/2023\/07\/cropped-LOGO_INVEST-transformed-removebg-preview-transformed-1-e1690120839263.png\",\"contentUrl\":\"https:\/\/investmedic-store.com\/wp-content\/uploads\/2023\/07\/cropped-LOGO_INVEST-transformed-removebg-preview-transformed-1-e1690120839263.png\",\"width\":512,\"height\":512,\"caption\":\"invest.medic store\"},\"image\":{\"@id\":\"https:\/\/investmedic-store.com\/#\/schema\/logo\/image\/\"},\"sameAs\":[\"https:\/\/www.facebook.com\/invest.medic\"]}]}<\/script>\n<!-- \/ Yoast SEO plugin. -->","yoast_head_json":{"title":"Appareil De Carboxy-Th\u00e9rapie - investmedic-store.com","robots":{"index":"index","follow":"follow","max-snippet":"max-snippet:-1","max-image-preview":"max-image-preview:large","max-video-preview":"max-video-preview:-1"},"canonical":"https:\/\/investmedic-store.com\/?product=appareil-de-carboxy-therapie","og_locale":"fr_FR","og_type":"article","og_title":"Appareil De Carboxy-Th\u00e9rapie - investmedic-store.com","og_description":"1.L'appareil comprend un programme automatique et un mode manuel.  2. Appareil compact et efficace, id\u00e9al pour les traitements \u00e0 domicile ou au carbone.  3.Incorpore des capteurs haute et basse pression qui offrent une plus grande s\u00e9curit\u00e9 \u00e0 l'application de traitement.  4.Chauffez le gaz co2, pas de douleur","og_url":"https:\/\/investmedic-store.com\/?product=appareil-de-carboxy-therapie","og_site_name":"investmedic-store.com","article_publisher":"https:\/\/www.facebook.com\/invest.medic","og_image":[{"width":750,"height":750,"url":"http:\/\/investmedic-store.com\/wp-content\/uploads\/2023\/08\/photo_2023-08-20_23-27-18.jpg","type":"image\/jpeg"}],"twitter_card":"summary_large_image","twitter_misc":{"Dur\u00e9e de lecture estim\u00e9e":"1 minute"},"schema":{"@context":"https:\/\/schema.org","@graph":[{"@type":"WebPage","@id":"https:\/\/investmedic-store.com\/?product=appareil-de-carboxy-therapie","url":"https:\/\/investmedic-store.com\/?product=appareil-de-carboxy-therapie","name":"Appareil De Carboxy-Th\u00e9rapie - investmedic-store.com","isPartOf":{"@id":"https:\/\/investmedic-store.com\/#website"},"datePublished":"2023-08-20T22:30:29+00:00","dateModified":"2023-08-20T22:30:29+00:00","breadcrumb":{"@id":"https:\/\/investmedic-store.com\/?product=appareil-de-carboxy-therapie#breadcrumb"},"inLanguage":"fr-FR","potentialAction":[{"@type":"ReadAction","target":["https:\/\/investmedic-store.com\/?product=appareil-de-carboxy-therapie"]}]},{"@type":"BreadcrumbList","@id":"https:\/\/investmedic-store.com\/?product=appareil-de-carboxy-therapie#breadcrumb","itemListElement":[{"@type":"ListItem","position":1,"name":"Accueil","item":"https:\/\/investmedic-store.com\/"},{"@type":"ListItem","position":2,"name":"Shop","item":"https:\/\/investmedic-store.com\/?page_id=5"},{"@type":"ListItem","position":3,"name":"Appareil De Carboxy-Th\u00e9rapie"}]},{"@type":"WebSite","@id":"https:\/\/investmedic-store.com\/#website","url":"https:\/\/investmedic-store.com\/","name":"invest medic store","description":"Importation &amp; Distribution Du Materiels Medico-Chirurgicales - \u0627\u0633\u062a\u064a\u0631\u0627\u062f \u0648\u062a\u0648\u0632\u064a\u0639 \u0627\u0644\u0645\u0648\u0627\u062f \u0627\u0644\u0637\u0628\u064a\u0629 \u0627\u0644\u062c\u0631\u0627\u062d\u064a\u0629","publisher":{"@id":"https:\/\/investmedic-store.com\/#organization"},"alternateName":"investmedic store","potentialAction":[{"@type":"SearchAction","target":{"@type":"EntryPoint","urlTemplate":"https:\/\/investmedic-store.com\/?s={search_term_string}"},"query-input":"required name=search_term_string"}],"inLanguage":"fr-FR"},{"@type":"Organization","@id":"https:\/\/investmedic-store.com\/#organization","name":"invest.medic store","alternateName":"investmedic store","url":"https:\/\/investmedic-store.com\/","logo":{"@type":"ImageObject","inLanguage":"fr-FR","@id":"https:\/\/investmedic-store.com\/#\/schema\/logo\/image\/","url":"https:\/\/investmedic-store.com\/wp-content\/uploads\/2023\/07\/cropped-LOGO_INVEST-transformed-removebg-preview-transformed-1-e1690120839263.png","contentUrl":"https:\/\/investmedic-store.com\/wp-content\/uploads\/2023\/07\/cropped-LOGO_INVEST-transformed-removebg-preview-transformed-1-e1690120839263.png","width":512,"height":512,"caption":"invest.medic store"},"image":{"@id":"https:\/\/investmedic-store.com\/#\/schema\/logo\/image\/"},"sameAs":["https:\/\/www.facebook.com\/invest.medic"]}]}},"_links":{"self":[{"href":"https:\/\/investmedic-store.com\/index.php?rest_route=\/wp\/v2\/product\/1793"}],"collection":[{"href":"https:\/\/investmedic-store.com\/index.php?rest_route=\/wp\/v2\/product"}],"about":[{"href":"https:\/\/investmedic-store.com\/index.php?rest_route=\/wp\/v2\/types\/product"}],"replies":[{"embeddable":true,"href":"https:\/\/investmedic-store.com\/index.php?rest_route=%2Fwp%2Fv2%2Fcomments&post=1793"}],"wp:featuredmedia":[{"embeddable":true,"href":"https:\/\/investmedic-store.com\/index.php?rest_route=\/wp\/v2\/media\/1794"}],"wp:attachment":[{"href":"https:\/\/investmedic-store.com\/index.php?rest_route=%2Fwp%2Fv2%2Fmedia&parent=1793"}],"wp:term":[{"taxonomy":"product_cat","embeddable":true,"href":"https:\/\/investmedic-store.com\/index.php?rest_route=%2Fwp%2Fv2%2Fproduct_cat&post=1793"},{"taxonomy":"product_tag","embeddable":true,"href":"https:\/\/investmedic-store.com\/index.php?rest_route=%2Fwp%2Fv2%2Fproduct_tag&post=1793"}],"curies":[{"name":"wp","href":"https:\/\/api.w.org\/{rel}","templated":true}]}}