{"id":1791,"date":"2023-08-20T23:07:53","date_gmt":"2023-08-20T22:07:53","guid":{"rendered":"https:\/\/investmedic-store.com\/?post_type=product&#038;p=1791"},"modified":"2023-08-25T23:09:57","modified_gmt":"2023-08-25T22:09:57","slug":"laser-co2-fractionne-l300","status":"publish","type":"product","link":"https:\/\/investmedic-store.com\/?product=laser-co2-fractionne-l300","title":{"rendered":"FRACTIONEL CO2 LASER 40W L300 USA COHEREN LASER, ARM  FROM JONT"},"content":{"rendered":"<p>Roi des soins du visage<br \/>\nGalvanom\u00e8tre \u00e0 balayage \u00e0 grande vitesse<\/p>\n<p>1. Carr\u00e9, rectangle, cercle, ovale, rectangle, lin\u00e9aire<br \/>\n2. La densit\u00e9 des points (espacement des points) peut \u00eatre ajust\u00e9e pour obtenir un mode de couverture compl\u00e8te<br \/>\n3. En mode super impulsion, le temps d&#8217;\u00e9nergie sur la peau est inf\u00e9rieur au temps de refroidissement de la peau (0,2 seconde)<\/p>\n<p>Il fonction de la t\u00eate<\/p>\n<p>Co2 fractionn\u00e9<br \/>\nRajeunissement de la peau<br \/>\nTraitement de l&#8217;acn\u00e9e<br \/>\n\u00c9limination des taches de rousseur<br \/>\n\u00c9limination des vergetures T\u00eate de coupe<br \/>\nEnl\u00e8vement de taupe<br \/>\nTraitement des vergetures<br \/>\nUtilisation de coupe m\u00e9dicale Vaginal Serrer<br \/>\nR\u00e9tr\u00e9cir le vagin<br \/>\nEmbellir le vagin<br \/>\nVagin humide<br \/>\nEntretien vagin<\/p>\n<p>Avantage produit : 3 EN 1<br \/>\n1. Resserrement vaginal<br \/>\n2. Soin du visage<br \/>\n3. Coupe chirurgicale<\/p>\n<p>Une application clinique<\/p>\n<p>Un puissant laser vaginal rajeunissant au CO2 qui favorise le remodelage de la couche d&#8217;\u00e9pith\u00e9lium de la muqueuse vaginale. La r\u00e9g\u00e9n\u00e9ration de nouveaux tissus dans les parois vaginales qui a lieu apr\u00e8s le traitement reconstruit une structure naturellement plus forte et r\u00e9cup\u00e8re le volume, l&#8217;hydratation et l&#8217;\u00e9lasticit\u00e9 perdus.<\/p>\n<p>1. Resurfa\u00e7age de la peau (Peau rugueuse, pores grossiers, peau fonc\u00e9e, dommages l\u00e9gers\u2026)<\/p>\n<p>2. Rides (pattes d&#8217;oie, lignes de t\u00eate, caract\u00e8res du Sichuan, lignes de d\u00e9cret)<\/p>\n<p>3. Naevus pigment\u00e9, pigmentation \u00e9pidermique (taches de rousseur, etc.), coupe de l&#8217;\u00e9piderme (toutes sortes de verrues)<\/p>\n<p>4. R\u00e9paration de cicatrice (cicatrice d&#8217;acn\u00e9, cicatrice hypertrophique, cicatrice de br\u00fblure, cicatrice enfonc\u00e9e, etc.)<\/p>\n<p>5. Autres applications (syringome, condylome, s\u00e9borrh\u00e9ique, etc.)<\/p>\n<p>6. Soins Viginaux (Resserrement de la paroi vaginale, remodelage du collag\u00e8ne, plus \u00e9pais et plus r\u00e9sistant, blanchiment des l\u00e8vres)<\/p>\n<p>Principe de fonctionnement<\/p>\n<p>Principe de fonctionnement<\/p>\n<p>Le scanner de dioxyde de carbone en r\u00e9seau adopte une d\u00e9composition photothermique s\u00e9lective, qui a non seulement l&#8217;effet rapide et significatif d&#8217;un traitement invasif, mais pr\u00e9sente \u00e9galement les avantages d&#8217;un traitement non invasif, de petits effets secondaires et d&#8217;un temps de r\u00e9cup\u00e9ration court. La th\u00e9rapie au laser \u00e0 matrice de points consiste \u00e0 percer uniform\u00e9ment de minuscules trous sur la peau avec un laser, puis \u00e0 provoquer une s\u00e9rie de r\u00e9actions biochimiques cutan\u00e9es, afin d&#8217;obtenir l&#8217;effet de resserrement, de rajeunissement et d&#8217;\u00e9limination des taches de couleur. \u00c9tant donn\u00e9 que le traitement au laser matriciel ne couvrira qu&#8217;une partie du tissu cutan\u00e9 et que les trous nouvellement perc\u00e9s ne se chevaucheront pas, une partie de la peau normale sera conserv\u00e9e et la r\u00e9cup\u00e9ration sera acc\u00e9l\u00e9r\u00e9e.<\/p>\n<p>Type de laser :\u00a0 \u00a0 \u00a0 \u00a0 \u00a0 \u00a0 \u00a0Laser coh\u00e9rent USA (tube RF)<br \/>\nLongueur d&#8217;onde:\u00a0 \u00a0 \u00a0 \u00a0 \u00a0 \u00a0 \u00a0 \u00a0 \u00a0 10600nm<br \/>\nPuissance:\u00a0 \u00a0 \u00a0 \u00a0 \u00a0 \u00a0 \u00a0 \u00a0 \u00a0 \u00a0 \u00a040W<br \/>\nMode de travail laser:\u00a0 \u00a0 \u00a0 \u00a0 \u00a0 \u00a0Continu<br \/>\nMode de sortie\u00a0 \u00a0 \u00a0 \u00a0 \u00a0 \u00a0 \u00a0 \u00a0 \u00a0 \u00a0Ultra impulsion, impulsion unique, fractionnaire<br \/>\nMode de fonctionnement fractionn\u00e9 :\u00a0 \u00a0 \u00a0 \u00a0 \u00a0 \u00a0 \u00a0 \u00a0 \u00a0 \u00a0 Intervalle de fonctionnement continu<br \/>\nLargeur d&#8217;impulsion :\u00a0 \u00a0 \u00a0 \u00a0 \u00a0 \u00a0 \u00a0 \u00a0 \u00a0 1-100 ms<br \/>\nGraphiques de sortie :\u00a0 \u00a0 \u00a0 \u00a0 \u00a0 \u00a0 \u00a0 \u00a0 \u00a0 \u00a0 ligne droite, carr\u00e9e, rectangulaire, triangulaire, hexagonale, ronde et ovale<br \/>\nSyst\u00e8me de guidage de la lumi\u00e8re Bras \u00e0 :\u00a0 \u00a0 \u00a0 \u00a0 \u00a0 \u00a0 \u00a0 \u00a0 \u00a0 7 articulations<br \/>\nMode de num\u00e9risation:\u00a0 \u00a0 \u00a0 \u00a0 \u00a0 \u00a0 \u00a0 \u00a0 \u00a0 \u00a0 \u00a0 Mode s\u00e9quence, mode mi-split, mode al\u00e9atoire<br \/>\nTaille du spot:\u00a0 \u00a0 \u00a0 \u00a0 \u00a0 \u00a0 \u00a0 \u00a0 \u00a0 \u00a0 \u00a0 \u00a00,1 mm<br \/>\nTaille du motif de num\u00e9risation:\u00a0 \u00a0 \u00a0 \u00a0 \u00a0 \u00a0 \u00a0 \u00a0 0,1 * 0,1 mm-20 * 20 mm<br \/>\nZone de num\u00e9risation:\u00a0 \u00a0 \u00a0 \u00a0 \u00a0 \u00a0 \u00a0 \u00a0 \u00a0 \u00a0 \u00a0 Maximum 25 \u00d7 25 mm<br \/>\nFaisceau de vis\u00e9e:\u00a0 \u00a0 \u00a0 \u00a0 \u00a0 \u00a0 \u00a0 \u00a0 650nm, \u22645mw<\/p>\n","protected":false},"excerpt":{"rendered":"<p>Laser coh\u00e9rent am\u00e9ricain (tube RF)<br \/>\n3 types de poign\u00e9e<br \/>\net CE m\u00e9dical par TUV approuv\u00e9<\/p>\n","protected":false},"featured_media":1792,"comment_status":"open","ping_status":"closed","template":"","meta":{"om_disable_all_campaigns":false,"_joinchat":[]},"product_cat":[15,161],"product_tag":[],"yoast_head":"<!-- This site is optimized with the Yoast SEO plugin v20.12 - https:\/\/yoast.com\/wordpress\/plugins\/seo\/ -->\n<title>FRACTIONEL CO2 LASER 40W L300 USA COHEREN LASER, ARM FROM JONT - investmedic-store.com<\/title>\n<meta name=\"robots\" content=\"index, follow, max-snippet:-1, max-image-preview:large, max-video-preview:-1\" \/>\n<link rel=\"canonical\" href=\"https:\/\/investmedic-store.com\/?product=laser-co2-fractionne-l300\" \/>\n<meta property=\"og:locale\" content=\"fr_FR\" \/>\n<meta property=\"og:type\" content=\"article\" \/>\n<meta property=\"og:title\" content=\"FRACTIONEL CO2 LASER 40W L300 USA COHEREN LASER, ARM FROM JONT - investmedic-store.com\" \/>\n<meta property=\"og:description\" content=\"Laser coh\u00e9rent am\u00e9ricain (tube RF) 3 types de poign\u00e9e et CE m\u00e9dical par TUV approuv\u00e9\" \/>\n<meta property=\"og:url\" content=\"https:\/\/investmedic-store.com\/?product=laser-co2-fractionne-l300\" \/>\n<meta property=\"og:site_name\" content=\"investmedic-store.com\" \/>\n<meta property=\"article:publisher\" content=\"https:\/\/www.facebook.com\/invest.medic\" \/>\n<meta property=\"article:modified_time\" content=\"2023-08-25T22:09:57+00:00\" \/>\n<meta property=\"og:image\" content=\"http:\/\/investmedic-store.com\/wp-content\/uploads\/2023\/08\/co2img2-1.jpg\" \/>\n\t<meta property=\"og:image:width\" content=\"410\" \/>\n\t<meta property=\"og:image:height\" content=\"519\" \/>\n\t<meta property=\"og:image:type\" content=\"image\/jpeg\" \/>\n<meta name=\"twitter:card\" content=\"summary_large_image\" \/>\n<meta name=\"twitter:label1\" content=\"Dur\u00e9e de lecture estim\u00e9e\" \/>\n\t<meta name=\"twitter:data1\" content=\"3 minutes\" \/>\n<script type=\"application\/ld+json\" class=\"yoast-schema-graph\">{\"@context\":\"https:\/\/schema.org\",\"@graph\":[{\"@type\":\"WebPage\",\"@id\":\"https:\/\/investmedic-store.com\/?product=laser-co2-fractionne-l300\",\"url\":\"https:\/\/investmedic-store.com\/?product=laser-co2-fractionne-l300\",\"name\":\"FRACTIONEL CO2 LASER 40W L300 USA COHEREN LASER, ARM FROM JONT - investmedic-store.com\",\"isPartOf\":{\"@id\":\"https:\/\/investmedic-store.com\/#website\"},\"datePublished\":\"2023-08-20T22:07:53+00:00\",\"dateModified\":\"2023-08-25T22:09:57+00:00\",\"breadcrumb\":{\"@id\":\"https:\/\/investmedic-store.com\/?product=laser-co2-fractionne-l300#breadcrumb\"},\"inLanguage\":\"fr-FR\",\"potentialAction\":[{\"@type\":\"ReadAction\",\"target\":[\"https:\/\/investmedic-store.com\/?product=laser-co2-fractionne-l300\"]}]},{\"@type\":\"BreadcrumbList\",\"@id\":\"https:\/\/investmedic-store.com\/?product=laser-co2-fractionne-l300#breadcrumb\",\"itemListElement\":[{\"@type\":\"ListItem\",\"position\":1,\"name\":\"Accueil\",\"item\":\"https:\/\/investmedic-store.com\/\"},{\"@type\":\"ListItem\",\"position\":2,\"name\":\"Shop\",\"item\":\"https:\/\/investmedic-store.com\/?page_id=5\"},{\"@type\":\"ListItem\",\"position\":3,\"name\":\"FRACTIONEL CO2 LASER 40W L300 USA COHEREN LASER, ARM FROM JONT\"}]},{\"@type\":\"WebSite\",\"@id\":\"https:\/\/investmedic-store.com\/#website\",\"url\":\"https:\/\/investmedic-store.com\/\",\"name\":\"invest medic store\",\"description\":\"Importation &amp; Distribution Du Materiels Medico-Chirurgicales - \u0627\u0633\u062a\u064a\u0631\u0627\u062f \u0648\u062a\u0648\u0632\u064a\u0639 \u0627\u0644\u0645\u0648\u0627\u062f \u0627\u0644\u0637\u0628\u064a\u0629 \u0627\u0644\u062c\u0631\u0627\u062d\u064a\u0629\",\"publisher\":{\"@id\":\"https:\/\/investmedic-store.com\/#organization\"},\"alternateName\":\"investmedic store\",\"potentialAction\":[{\"@type\":\"SearchAction\",\"target\":{\"@type\":\"EntryPoint\",\"urlTemplate\":\"https:\/\/investmedic-store.com\/?s={search_term_string}\"},\"query-input\":\"required name=search_term_string\"}],\"inLanguage\":\"fr-FR\"},{\"@type\":\"Organization\",\"@id\":\"https:\/\/investmedic-store.com\/#organization\",\"name\":\"invest.medic store\",\"alternateName\":\"investmedic store\",\"url\":\"https:\/\/investmedic-store.com\/\",\"logo\":{\"@type\":\"ImageObject\",\"inLanguage\":\"fr-FR\",\"@id\":\"https:\/\/investmedic-store.com\/#\/schema\/logo\/image\/\",\"url\":\"https:\/\/investmedic-store.com\/wp-content\/uploads\/2023\/07\/cropped-LOGO_INVEST-transformed-removebg-preview-transformed-1-e1690120839263.png\",\"contentUrl\":\"https:\/\/investmedic-store.com\/wp-content\/uploads\/2023\/07\/cropped-LOGO_INVEST-transformed-removebg-preview-transformed-1-e1690120839263.png\",\"width\":512,\"height\":512,\"caption\":\"invest.medic store\"},\"image\":{\"@id\":\"https:\/\/investmedic-store.com\/#\/schema\/logo\/image\/\"},\"sameAs\":[\"https:\/\/www.facebook.com\/invest.medic\"]}]}<\/script>\n<!-- \/ Yoast SEO plugin. -->","yoast_head_json":{"title":"FRACTIONEL CO2 LASER 40W L300 USA COHEREN LASER, ARM FROM JONT - investmedic-store.com","robots":{"index":"index","follow":"follow","max-snippet":"max-snippet:-1","max-image-preview":"max-image-preview:large","max-video-preview":"max-video-preview:-1"},"canonical":"https:\/\/investmedic-store.com\/?product=laser-co2-fractionne-l300","og_locale":"fr_FR","og_type":"article","og_title":"FRACTIONEL CO2 LASER 40W L300 USA COHEREN LASER, ARM FROM JONT - investmedic-store.com","og_description":"Laser coh\u00e9rent am\u00e9ricain (tube RF) 3 types de poign\u00e9e et CE m\u00e9dical par TUV approuv\u00e9","og_url":"https:\/\/investmedic-store.com\/?product=laser-co2-fractionne-l300","og_site_name":"investmedic-store.com","article_publisher":"https:\/\/www.facebook.com\/invest.medic","article_modified_time":"2023-08-25T22:09:57+00:00","og_image":[{"width":410,"height":519,"url":"http:\/\/investmedic-store.com\/wp-content\/uploads\/2023\/08\/co2img2-1.jpg","type":"image\/jpeg"}],"twitter_card":"summary_large_image","twitter_misc":{"Dur\u00e9e de lecture estim\u00e9e":"3 minutes"},"schema":{"@context":"https:\/\/schema.org","@graph":[{"@type":"WebPage","@id":"https:\/\/investmedic-store.com\/?product=laser-co2-fractionne-l300","url":"https:\/\/investmedic-store.com\/?product=laser-co2-fractionne-l300","name":"FRACTIONEL CO2 LASER 40W L300 USA COHEREN LASER, ARM FROM JONT - investmedic-store.com","isPartOf":{"@id":"https:\/\/investmedic-store.com\/#website"},"datePublished":"2023-08-20T22:07:53+00:00","dateModified":"2023-08-25T22:09:57+00:00","breadcrumb":{"@id":"https:\/\/investmedic-store.com\/?product=laser-co2-fractionne-l300#breadcrumb"},"inLanguage":"fr-FR","potentialAction":[{"@type":"ReadAction","target":["https:\/\/investmedic-store.com\/?product=laser-co2-fractionne-l300"]}]},{"@type":"BreadcrumbList","@id":"https:\/\/investmedic-store.com\/?product=laser-co2-fractionne-l300#breadcrumb","itemListElement":[{"@type":"ListItem","position":1,"name":"Accueil","item":"https:\/\/investmedic-store.com\/"},{"@type":"ListItem","position":2,"name":"Shop","item":"https:\/\/investmedic-store.com\/?page_id=5"},{"@type":"ListItem","position":3,"name":"FRACTIONEL CO2 LASER 40W L300 USA COHEREN LASER, ARM FROM JONT"}]},{"@type":"WebSite","@id":"https:\/\/investmedic-store.com\/#website","url":"https:\/\/investmedic-store.com\/","name":"invest medic store","description":"Importation &amp; Distribution Du Materiels Medico-Chirurgicales - \u0627\u0633\u062a\u064a\u0631\u0627\u062f \u0648\u062a\u0648\u0632\u064a\u0639 \u0627\u0644\u0645\u0648\u0627\u062f \u0627\u0644\u0637\u0628\u064a\u0629 \u0627\u0644\u062c\u0631\u0627\u062d\u064a\u0629","publisher":{"@id":"https:\/\/investmedic-store.com\/#organization"},"alternateName":"investmedic store","potentialAction":[{"@type":"SearchAction","target":{"@type":"EntryPoint","urlTemplate":"https:\/\/investmedic-store.com\/?s={search_term_string}"},"query-input":"required name=search_term_string"}],"inLanguage":"fr-FR"},{"@type":"Organization","@id":"https:\/\/investmedic-store.com\/#organization","name":"invest.medic store","alternateName":"investmedic store","url":"https:\/\/investmedic-store.com\/","logo":{"@type":"ImageObject","inLanguage":"fr-FR","@id":"https:\/\/investmedic-store.com\/#\/schema\/logo\/image\/","url":"https:\/\/investmedic-store.com\/wp-content\/uploads\/2023\/07\/cropped-LOGO_INVEST-transformed-removebg-preview-transformed-1-e1690120839263.png","contentUrl":"https:\/\/investmedic-store.com\/wp-content\/uploads\/2023\/07\/cropped-LOGO_INVEST-transformed-removebg-preview-transformed-1-e1690120839263.png","width":512,"height":512,"caption":"invest.medic store"},"image":{"@id":"https:\/\/investmedic-store.com\/#\/schema\/logo\/image\/"},"sameAs":["https:\/\/www.facebook.com\/invest.medic"]}]}},"_links":{"self":[{"href":"https:\/\/investmedic-store.com\/index.php?rest_route=\/wp\/v2\/product\/1791"}],"collection":[{"href":"https:\/\/investmedic-store.com\/index.php?rest_route=\/wp\/v2\/product"}],"about":[{"href":"https:\/\/investmedic-store.com\/index.php?rest_route=\/wp\/v2\/types\/product"}],"replies":[{"embeddable":true,"href":"https:\/\/investmedic-store.com\/index.php?rest_route=%2Fwp%2Fv2%2Fcomments&post=1791"}],"wp:featuredmedia":[{"embeddable":true,"href":"https:\/\/investmedic-store.com\/index.php?rest_route=\/wp\/v2\/media\/1792"}],"wp:attachment":[{"href":"https:\/\/investmedic-store.com\/index.php?rest_route=%2Fwp%2Fv2%2Fmedia&parent=1791"}],"wp:term":[{"taxonomy":"product_cat","embeddable":true,"href":"https:\/\/investmedic-store.com\/index.php?rest_route=%2Fwp%2Fv2%2Fproduct_cat&post=1791"},{"taxonomy":"product_tag","embeddable":true,"href":"https:\/\/investmedic-store.com\/index.php?rest_route=%2Fwp%2Fv2%2Fproduct_tag&post=1791"}],"curies":[{"name":"wp","href":"https:\/\/api.w.org\/{rel}","templated":true}]}}