{"id":1787,"date":"2023-08-20T22:24:57","date_gmt":"2023-08-20T21:24:57","guid":{"rendered":"https:\/\/investmedic-store.com\/?post_type=product&#038;p=1787"},"modified":"2023-08-20T22:24:58","modified_gmt":"2023-08-20T21:24:58","slug":"diode-laser-hair-removal-t8pro","status":"publish","type":"product","link":"https:\/\/investmedic-store.com\/?product=diode-laser-hair-removal-t8pro","title":{"rendered":"Diode Laser Hair Removal  (T8PRO)"},"content":{"rendered":"<p>Pour diff\u00e9rents types de peau<\/p>\n<p>La combinaison 755 + 808 + 1064nm convient \u00e0 tous les types de peau et aux cheveux de diff\u00e9rentes couleurs<\/p>\n<p>Avec la grande taille de spot AresLite et l&#8217;int\u00e9gration de trois longueurs d&#8217;onde, il facilite une couverture de traitement accrue pour r\u00e9duire consid\u00e9rablement le temps de traitement et rendre le processus plus facile et plus s\u00fbr pour les patients.<\/p>\n<p>1. \u00c9pilation, raffermissement de la peau\u00a0;<\/p>\n<p>2. Largement utilis\u00e9 pour toutes les couleurs de cheveux;<\/p>\n<p>3. Largement utilis\u00e9 pour tout type de peau ;<\/p>\n<p>4. Zone de suppression : poils des l\u00e8vres, barbe, poils de la poitrine, poils des aisselles, poils du dos, poils des bras, poils des jambes, poils ind\u00e9sirables en dehors de la ligne de bikini.<\/p>\n<p>Avantage du laser\uff1aPuissance de cr\u00eate \u00e9lev\u00e9e avec une longue dur\u00e9e de vie<\/p>\n<p>Puce laser coh\u00e9rente am\u00e9ricaine<\/p>\n<p>Laser traditionnel Conception de lentille unique Spot plus cibl\u00e9<\/p>\n<p>1\u3001\u00c9nergie 200% \u2191 sup\u00e9rieure<\/p>\n<p>2\u3001Miniaturisation ~50% \u2193et l\u00e9ger ~30% \u2193<\/p>\n<p>3, sans cristal, l&#8217;\u00e9nergie est plus concentr\u00e9e et l&#8217;effet de traitement est meilleur.<\/p>\n<p>Le point de grande surface a une profondeur de p\u00e9n\u00e9tration plus profonde, permettant \u00e0 l&#8217;\u00e9nergie laser de p\u00e9n\u00e9trer plus profond\u00e9ment dans le tissu cutan\u00e9, am\u00e9liorant ainsi l&#8217;effet du traitement. Le mode haute fr\u00e9quence + largeur d&#8217;impulsion courte offre un meilleur confort de traitement<\/p>\n<p>Avantage | Uniformit\u00e9 des taches<\/p>\n<p>Collimater le trajet lumineux, r\u00e9duire l&#8217;angle de divergence du faisceau, modifier le trajet lumineux parall\u00e8le divergent et rendre le bord du faisceau laser plus lisse.<\/p>\n","protected":false},"excerpt":{"rendered":"<p>1. Approuv\u00e9<br \/>\n2. CE m\u00e9dical par TUV approuv\u00e9<br \/>\n3. ISO13485<br \/>\n4. \u00c9pilation au laser 808nm\/755nm\/1064nm<\/p>\n","protected":false},"featured_media":1788,"comment_status":"open","ping_status":"closed","template":"","meta":{"om_disable_all_campaigns":false,"_joinchat":[]},"product_cat":[15,161],"product_tag":[],"yoast_head":"<!-- This site is optimized with the Yoast SEO plugin v20.12 - https:\/\/yoast.com\/wordpress\/plugins\/seo\/ -->\n<title>Diode Laser Hair Removal (T8PRO) - investmedic-store.com<\/title>\n<meta name=\"robots\" content=\"index, follow, max-snippet:-1, max-image-preview:large, max-video-preview:-1\" \/>\n<link rel=\"canonical\" href=\"https:\/\/investmedic-store.com\/?product=diode-laser-hair-removal-t8pro\" \/>\n<meta property=\"og:locale\" content=\"fr_FR\" \/>\n<meta property=\"og:type\" content=\"article\" \/>\n<meta property=\"og:title\" content=\"Diode Laser Hair Removal (T8PRO) - investmedic-store.com\" \/>\n<meta property=\"og:description\" content=\"1. Approuv\u00e9 2. CE m\u00e9dical par TUV approuv\u00e9 3. ISO13485 4. \u00c9pilation au laser 808nm\/755nm\/1064nm\" \/>\n<meta property=\"og:url\" content=\"https:\/\/investmedic-store.com\/?product=diode-laser-hair-removal-t8pro\" \/>\n<meta property=\"og:site_name\" content=\"investmedic-store.com\" \/>\n<meta property=\"article:publisher\" content=\"https:\/\/www.facebook.com\/invest.medic\" \/>\n<meta property=\"article:modified_time\" content=\"2023-08-20T21:24:58+00:00\" \/>\n<meta property=\"og:image\" content=\"http:\/\/investmedic-store.com\/wp-content\/uploads\/2023\/08\/20200306.3322-scaled.jpg\" \/>\n\t<meta property=\"og:image:width\" content=\"1832\" \/>\n\t<meta property=\"og:image:height\" content=\"2560\" \/>\n\t<meta property=\"og:image:type\" content=\"image\/jpeg\" \/>\n<meta name=\"twitter:card\" content=\"summary_large_image\" \/>\n<meta name=\"twitter:label1\" content=\"Dur\u00e9e de lecture estim\u00e9e\" \/>\n\t<meta name=\"twitter:data1\" content=\"2 minutes\" \/>\n<script type=\"application\/ld+json\" class=\"yoast-schema-graph\">{\"@context\":\"https:\/\/schema.org\",\"@graph\":[{\"@type\":\"WebPage\",\"@id\":\"https:\/\/investmedic-store.com\/?product=diode-laser-hair-removal-t8pro\",\"url\":\"https:\/\/investmedic-store.com\/?product=diode-laser-hair-removal-t8pro\",\"name\":\"Diode Laser Hair Removal (T8PRO) - investmedic-store.com\",\"isPartOf\":{\"@id\":\"https:\/\/investmedic-store.com\/#website\"},\"datePublished\":\"2023-08-20T21:24:57+00:00\",\"dateModified\":\"2023-08-20T21:24:58+00:00\",\"breadcrumb\":{\"@id\":\"https:\/\/investmedic-store.com\/?product=diode-laser-hair-removal-t8pro#breadcrumb\"},\"inLanguage\":\"fr-FR\",\"potentialAction\":[{\"@type\":\"ReadAction\",\"target\":[\"https:\/\/investmedic-store.com\/?product=diode-laser-hair-removal-t8pro\"]}]},{\"@type\":\"BreadcrumbList\",\"@id\":\"https:\/\/investmedic-store.com\/?product=diode-laser-hair-removal-t8pro#breadcrumb\",\"itemListElement\":[{\"@type\":\"ListItem\",\"position\":1,\"name\":\"Accueil\",\"item\":\"https:\/\/investmedic-store.com\/\"},{\"@type\":\"ListItem\",\"position\":2,\"name\":\"Shop\",\"item\":\"https:\/\/investmedic-store.com\/?page_id=5\"},{\"@type\":\"ListItem\",\"position\":3,\"name\":\"Diode Laser Hair Removal (T8PRO)\"}]},{\"@type\":\"WebSite\",\"@id\":\"https:\/\/investmedic-store.com\/#website\",\"url\":\"https:\/\/investmedic-store.com\/\",\"name\":\"invest medic store\",\"description\":\"Importation &amp; Distribution Du Materiels Medico-Chirurgicales - \u0627\u0633\u062a\u064a\u0631\u0627\u062f \u0648\u062a\u0648\u0632\u064a\u0639 \u0627\u0644\u0645\u0648\u0627\u062f \u0627\u0644\u0637\u0628\u064a\u0629 \u0627\u0644\u062c\u0631\u0627\u062d\u064a\u0629\",\"publisher\":{\"@id\":\"https:\/\/investmedic-store.com\/#organization\"},\"alternateName\":\"investmedic store\",\"potentialAction\":[{\"@type\":\"SearchAction\",\"target\":{\"@type\":\"EntryPoint\",\"urlTemplate\":\"https:\/\/investmedic-store.com\/?s={search_term_string}\"},\"query-input\":\"required name=search_term_string\"}],\"inLanguage\":\"fr-FR\"},{\"@type\":\"Organization\",\"@id\":\"https:\/\/investmedic-store.com\/#organization\",\"name\":\"invest.medic store\",\"alternateName\":\"investmedic store\",\"url\":\"https:\/\/investmedic-store.com\/\",\"logo\":{\"@type\":\"ImageObject\",\"inLanguage\":\"fr-FR\",\"@id\":\"https:\/\/investmedic-store.com\/#\/schema\/logo\/image\/\",\"url\":\"https:\/\/investmedic-store.com\/wp-content\/uploads\/2023\/07\/cropped-LOGO_INVEST-transformed-removebg-preview-transformed-1-e1690120839263.png\",\"contentUrl\":\"https:\/\/investmedic-store.com\/wp-content\/uploads\/2023\/07\/cropped-LOGO_INVEST-transformed-removebg-preview-transformed-1-e1690120839263.png\",\"width\":512,\"height\":512,\"caption\":\"invest.medic store\"},\"image\":{\"@id\":\"https:\/\/investmedic-store.com\/#\/schema\/logo\/image\/\"},\"sameAs\":[\"https:\/\/www.facebook.com\/invest.medic\"]}]}<\/script>\n<!-- \/ Yoast SEO plugin. -->","yoast_head_json":{"title":"Diode Laser Hair Removal (T8PRO) - investmedic-store.com","robots":{"index":"index","follow":"follow","max-snippet":"max-snippet:-1","max-image-preview":"max-image-preview:large","max-video-preview":"max-video-preview:-1"},"canonical":"https:\/\/investmedic-store.com\/?product=diode-laser-hair-removal-t8pro","og_locale":"fr_FR","og_type":"article","og_title":"Diode Laser Hair Removal (T8PRO) - investmedic-store.com","og_description":"1. Approuv\u00e9 2. CE m\u00e9dical par TUV approuv\u00e9 3. ISO13485 4. \u00c9pilation au laser 808nm\/755nm\/1064nm","og_url":"https:\/\/investmedic-store.com\/?product=diode-laser-hair-removal-t8pro","og_site_name":"investmedic-store.com","article_publisher":"https:\/\/www.facebook.com\/invest.medic","article_modified_time":"2023-08-20T21:24:58+00:00","og_image":[{"width":1832,"height":2560,"url":"http:\/\/investmedic-store.com\/wp-content\/uploads\/2023\/08\/20200306.3322-scaled.jpg","type":"image\/jpeg"}],"twitter_card":"summary_large_image","twitter_misc":{"Dur\u00e9e de lecture estim\u00e9e":"2 minutes"},"schema":{"@context":"https:\/\/schema.org","@graph":[{"@type":"WebPage","@id":"https:\/\/investmedic-store.com\/?product=diode-laser-hair-removal-t8pro","url":"https:\/\/investmedic-store.com\/?product=diode-laser-hair-removal-t8pro","name":"Diode Laser Hair Removal (T8PRO) - investmedic-store.com","isPartOf":{"@id":"https:\/\/investmedic-store.com\/#website"},"datePublished":"2023-08-20T21:24:57+00:00","dateModified":"2023-08-20T21:24:58+00:00","breadcrumb":{"@id":"https:\/\/investmedic-store.com\/?product=diode-laser-hair-removal-t8pro#breadcrumb"},"inLanguage":"fr-FR","potentialAction":[{"@type":"ReadAction","target":["https:\/\/investmedic-store.com\/?product=diode-laser-hair-removal-t8pro"]}]},{"@type":"BreadcrumbList","@id":"https:\/\/investmedic-store.com\/?product=diode-laser-hair-removal-t8pro#breadcrumb","itemListElement":[{"@type":"ListItem","position":1,"name":"Accueil","item":"https:\/\/investmedic-store.com\/"},{"@type":"ListItem","position":2,"name":"Shop","item":"https:\/\/investmedic-store.com\/?page_id=5"},{"@type":"ListItem","position":3,"name":"Diode Laser Hair Removal (T8PRO)"}]},{"@type":"WebSite","@id":"https:\/\/investmedic-store.com\/#website","url":"https:\/\/investmedic-store.com\/","name":"invest medic store","description":"Importation &amp; Distribution Du Materiels Medico-Chirurgicales - \u0627\u0633\u062a\u064a\u0631\u0627\u062f \u0648\u062a\u0648\u0632\u064a\u0639 \u0627\u0644\u0645\u0648\u0627\u062f \u0627\u0644\u0637\u0628\u064a\u0629 \u0627\u0644\u062c\u0631\u0627\u062d\u064a\u0629","publisher":{"@id":"https:\/\/investmedic-store.com\/#organization"},"alternateName":"investmedic store","potentialAction":[{"@type":"SearchAction","target":{"@type":"EntryPoint","urlTemplate":"https:\/\/investmedic-store.com\/?s={search_term_string}"},"query-input":"required name=search_term_string"}],"inLanguage":"fr-FR"},{"@type":"Organization","@id":"https:\/\/investmedic-store.com\/#organization","name":"invest.medic store","alternateName":"investmedic store","url":"https:\/\/investmedic-store.com\/","logo":{"@type":"ImageObject","inLanguage":"fr-FR","@id":"https:\/\/investmedic-store.com\/#\/schema\/logo\/image\/","url":"https:\/\/investmedic-store.com\/wp-content\/uploads\/2023\/07\/cropped-LOGO_INVEST-transformed-removebg-preview-transformed-1-e1690120839263.png","contentUrl":"https:\/\/investmedic-store.com\/wp-content\/uploads\/2023\/07\/cropped-LOGO_INVEST-transformed-removebg-preview-transformed-1-e1690120839263.png","width":512,"height":512,"caption":"invest.medic store"},"image":{"@id":"https:\/\/investmedic-store.com\/#\/schema\/logo\/image\/"},"sameAs":["https:\/\/www.facebook.com\/invest.medic"]}]}},"_links":{"self":[{"href":"https:\/\/investmedic-store.com\/index.php?rest_route=\/wp\/v2\/product\/1787"}],"collection":[{"href":"https:\/\/investmedic-store.com\/index.php?rest_route=\/wp\/v2\/product"}],"about":[{"href":"https:\/\/investmedic-store.com\/index.php?rest_route=\/wp\/v2\/types\/product"}],"replies":[{"embeddable":true,"href":"https:\/\/investmedic-store.com\/index.php?rest_route=%2Fwp%2Fv2%2Fcomments&post=1787"}],"wp:featuredmedia":[{"embeddable":true,"href":"https:\/\/investmedic-store.com\/index.php?rest_route=\/wp\/v2\/media\/1788"}],"wp:attachment":[{"href":"https:\/\/investmedic-store.com\/index.php?rest_route=%2Fwp%2Fv2%2Fmedia&parent=1787"}],"wp:term":[{"taxonomy":"product_cat","embeddable":true,"href":"https:\/\/investmedic-store.com\/index.php?rest_route=%2Fwp%2Fv2%2Fproduct_cat&post=1787"},{"taxonomy":"product_tag","embeddable":true,"href":"https:\/\/investmedic-store.com\/index.php?rest_route=%2Fwp%2Fv2%2Fproduct_tag&post=1787"}],"curies":[{"name":"wp","href":"https:\/\/api.w.org\/{rel}","templated":true}]}}