{"id":1785,"date":"2023-08-20T22:06:21","date_gmt":"2023-08-20T21:06:21","guid":{"rendered":"https:\/\/investmedic-store.com\/?post_type=product&#038;p=1785"},"modified":"2024-07-10T15:51:14","modified_gmt":"2024-07-10T14:51:14","slug":"diode-laser-slimming-machine-1060nm","status":"publish","type":"product","link":"https:\/\/investmedic-store.com\/?product=diode-laser-slimming-machine-1060nm","title":{"rendered":"Diode Laser Slimming Machine 1060NM"},"content":{"rendered":"<p>\u00c9liminer en toute s\u00e9curit\u00e9 et efficacement les cellules graisseuses ind\u00e9sirables en seulement 25 minutes par traitement avec<br \/>\nnotre technologie r\u00e9volutionnaire de mise en forme au laser. Vous pouvez d\u00e9sormais fournir aux patients des<br \/>\nremodelage corporel invasif qui r\u00e9duit de fa\u00e7on permanente la graisse tenace sans chirurgie ni temps d&#8217;arr\u00eat<br \/>\nL&#8217;affinit\u00e9 sp\u00e9cifique de la longueur d&#8217;onde de 1060 nm pour le tissu adipeux, associ\u00e9e \u00e0 un minimum<br \/>\nabsorption dans le derme, permet \u00e0 la mise en forme laser de traiter efficacement les zones de fai g\u00eanantes<br \/>\nen seulement 25 minutes par traitement. Au fil du temps, le corps \u00e9limine naturellement les perturbations<br \/>\ncellules graisseuses avec des r\u00e9sultats observ\u00e9s aussi rapidement que 6 semaines et des r\u00e9sultats optimaux g\u00e9n\u00e9ralement observ\u00e9s en seulement 12 semaines.<\/p>\n<p>\u00c9cran tactile HD de 15 pouces, emp\u00eache l&#8217;infiltration d&#8217;eau et les chocs \u00e9lectriques.<\/p>\n<p>Quatre poign\u00e9es fonctionnent en m\u00eame temps, simple et efficace.<\/p>\n<p>Apparence \u00e9l\u00e9gante, la conception des coins arrondis emp\u00eache les dommages par collision.<\/p>\n<p>Conception stable \u00e0 quatre voies des roues, facile \u00e0 glisser.<\/p>\n","protected":false},"excerpt":{"rendered":"<p>\u00c9liminer en toute s\u00e9curit\u00e9 et efficacement les cellules graisseuses ind\u00e9sirables en seulement 25 minutes par traitement avec notre technologie r\u00e9volutionnaire de mise en forme au laser. Vous pouvez d\u00e9sormais fournir aux patients des remodelage corporel invasif qui r\u00e9duit de fa\u00e7on permanente la graisse tenace sans chirurgie ni temps d&#8217;arr\u00eat L&#8217;affinit\u00e9 sp\u00e9cifique de la longueur d&#8217;onde &hellip;<\/p>\n<p class=\"read-more\"> <a class=\" thunk-readmore button \" href=\"https:\/\/investmedic-store.com\/?product=diode-laser-slimming-machine-1060nm\"> <span class=\"screen-reader-text\">Diode Laser Slimming Machine 1060NM<\/span>Read More<\/a><\/p>\n","protected":false},"featured_media":1786,"comment_status":"open","ping_status":"closed","template":"","meta":{"om_disable_all_campaigns":false,"_joinchat":[]},"product_cat":[15,161],"product_tag":[],"yoast_head":"<!-- This site is optimized with the Yoast SEO plugin v20.12 - https:\/\/yoast.com\/wordpress\/plugins\/seo\/ -->\n<title>Diode Laser Slimming Machine 1060NM - investmedic-store.com<\/title>\n<meta name=\"robots\" content=\"index, follow, max-snippet:-1, max-image-preview:large, max-video-preview:-1\" \/>\n<link rel=\"canonical\" href=\"https:\/\/investmedic-store.com\/?product=diode-laser-slimming-machine-1060nm\" \/>\n<meta property=\"og:locale\" content=\"fr_FR\" \/>\n<meta property=\"og:type\" content=\"article\" \/>\n<meta property=\"og:title\" content=\"Diode Laser Slimming Machine 1060NM - investmedic-store.com\" \/>\n<meta property=\"og:description\" content=\"\u00c9liminer en toute s\u00e9curit\u00e9 et efficacement les cellules graisseuses ind\u00e9sirables en seulement 25 minutes par traitement avec notre technologie r\u00e9volutionnaire de mise en forme au laser. Vous pouvez d\u00e9sormais fournir aux patients des remodelage corporel invasif qui r\u00e9duit de fa\u00e7on permanente la graisse tenace sans chirurgie ni temps d&#8217;arr\u00eat L&#8217;affinit\u00e9 sp\u00e9cifique de la longueur d&#8217;onde &hellip; Diode Laser Slimming Machine 1060NMRead More\" \/>\n<meta property=\"og:url\" content=\"https:\/\/investmedic-store.com\/?product=diode-laser-slimming-machine-1060nm\" \/>\n<meta property=\"og:site_name\" content=\"investmedic-store.com\" \/>\n<meta property=\"article:publisher\" content=\"https:\/\/www.facebook.com\/invest.medic\" \/>\n<meta property=\"article:modified_time\" content=\"2024-07-10T14:51:14+00:00\" \/>\n<meta property=\"og:image\" content=\"http:\/\/investmedic-store.com\/wp-content\/uploads\/2023\/08\/\u4e3b\u56fe3.jpg\" \/>\n\t<meta property=\"og:image:width\" content=\"366\" \/>\n\t<meta property=\"og:image:height\" content=\"463\" \/>\n\t<meta property=\"og:image:type\" content=\"image\/jpeg\" \/>\n<meta name=\"twitter:card\" content=\"summary_large_image\" \/>\n<meta name=\"twitter:label1\" content=\"Dur\u00e9e de lecture estim\u00e9e\" \/>\n\t<meta name=\"twitter:data1\" content=\"1 minute\" \/>\n<script type=\"application\/ld+json\" class=\"yoast-schema-graph\">{\"@context\":\"https:\/\/schema.org\",\"@graph\":[{\"@type\":\"WebPage\",\"@id\":\"https:\/\/investmedic-store.com\/?product=diode-laser-slimming-machine-1060nm\",\"url\":\"https:\/\/investmedic-store.com\/?product=diode-laser-slimming-machine-1060nm\",\"name\":\"Diode Laser Slimming Machine 1060NM - investmedic-store.com\",\"isPartOf\":{\"@id\":\"https:\/\/investmedic-store.com\/#website\"},\"datePublished\":\"2023-08-20T21:06:21+00:00\",\"dateModified\":\"2024-07-10T14:51:14+00:00\",\"breadcrumb\":{\"@id\":\"https:\/\/investmedic-store.com\/?product=diode-laser-slimming-machine-1060nm#breadcrumb\"},\"inLanguage\":\"fr-FR\",\"potentialAction\":[{\"@type\":\"ReadAction\",\"target\":[\"https:\/\/investmedic-store.com\/?product=diode-laser-slimming-machine-1060nm\"]}]},{\"@type\":\"BreadcrumbList\",\"@id\":\"https:\/\/investmedic-store.com\/?product=diode-laser-slimming-machine-1060nm#breadcrumb\",\"itemListElement\":[{\"@type\":\"ListItem\",\"position\":1,\"name\":\"Accueil\",\"item\":\"https:\/\/investmedic-store.com\/\"},{\"@type\":\"ListItem\",\"position\":2,\"name\":\"Shop\",\"item\":\"https:\/\/investmedic-store.com\/?page_id=5\"},{\"@type\":\"ListItem\",\"position\":3,\"name\":\"Diode Laser Slimming Machine 1060NM\"}]},{\"@type\":\"WebSite\",\"@id\":\"https:\/\/investmedic-store.com\/#website\",\"url\":\"https:\/\/investmedic-store.com\/\",\"name\":\"invest medic store\",\"description\":\"Importation &amp; Distribution Du Materiels Medico-Chirurgicales - \u0627\u0633\u062a\u064a\u0631\u0627\u062f \u0648\u062a\u0648\u0632\u064a\u0639 \u0627\u0644\u0645\u0648\u0627\u062f \u0627\u0644\u0637\u0628\u064a\u0629 \u0627\u0644\u062c\u0631\u0627\u062d\u064a\u0629\",\"publisher\":{\"@id\":\"https:\/\/investmedic-store.com\/#organization\"},\"alternateName\":\"investmedic store\",\"potentialAction\":[{\"@type\":\"SearchAction\",\"target\":{\"@type\":\"EntryPoint\",\"urlTemplate\":\"https:\/\/investmedic-store.com\/?s={search_term_string}\"},\"query-input\":\"required name=search_term_string\"}],\"inLanguage\":\"fr-FR\"},{\"@type\":\"Organization\",\"@id\":\"https:\/\/investmedic-store.com\/#organization\",\"name\":\"invest.medic store\",\"alternateName\":\"investmedic store\",\"url\":\"https:\/\/investmedic-store.com\/\",\"logo\":{\"@type\":\"ImageObject\",\"inLanguage\":\"fr-FR\",\"@id\":\"https:\/\/investmedic-store.com\/#\/schema\/logo\/image\/\",\"url\":\"https:\/\/investmedic-store.com\/wp-content\/uploads\/2023\/07\/cropped-LOGO_INVEST-transformed-removebg-preview-transformed-1-e1690120839263.png\",\"contentUrl\":\"https:\/\/investmedic-store.com\/wp-content\/uploads\/2023\/07\/cropped-LOGO_INVEST-transformed-removebg-preview-transformed-1-e1690120839263.png\",\"width\":512,\"height\":512,\"caption\":\"invest.medic store\"},\"image\":{\"@id\":\"https:\/\/investmedic-store.com\/#\/schema\/logo\/image\/\"},\"sameAs\":[\"https:\/\/www.facebook.com\/invest.medic\"]}]}<\/script>\n<!-- \/ Yoast SEO plugin. -->","yoast_head_json":{"title":"Diode Laser Slimming Machine 1060NM - investmedic-store.com","robots":{"index":"index","follow":"follow","max-snippet":"max-snippet:-1","max-image-preview":"max-image-preview:large","max-video-preview":"max-video-preview:-1"},"canonical":"https:\/\/investmedic-store.com\/?product=diode-laser-slimming-machine-1060nm","og_locale":"fr_FR","og_type":"article","og_title":"Diode Laser Slimming Machine 1060NM - investmedic-store.com","og_description":"\u00c9liminer en toute s\u00e9curit\u00e9 et efficacement les cellules graisseuses ind\u00e9sirables en seulement 25 minutes par traitement avec notre technologie r\u00e9volutionnaire de mise en forme au laser. Vous pouvez d\u00e9sormais fournir aux patients des remodelage corporel invasif qui r\u00e9duit de fa\u00e7on permanente la graisse tenace sans chirurgie ni temps d&#8217;arr\u00eat L&#8217;affinit\u00e9 sp\u00e9cifique de la longueur d&#8217;onde &hellip; Diode Laser Slimming Machine 1060NMRead More","og_url":"https:\/\/investmedic-store.com\/?product=diode-laser-slimming-machine-1060nm","og_site_name":"investmedic-store.com","article_publisher":"https:\/\/www.facebook.com\/invest.medic","article_modified_time":"2024-07-10T14:51:14+00:00","og_image":[{"width":366,"height":463,"url":"http:\/\/investmedic-store.com\/wp-content\/uploads\/2023\/08\/\u4e3b\u56fe3.jpg","type":"image\/jpeg"}],"twitter_card":"summary_large_image","twitter_misc":{"Dur\u00e9e de lecture estim\u00e9e":"1 minute"},"schema":{"@context":"https:\/\/schema.org","@graph":[{"@type":"WebPage","@id":"https:\/\/investmedic-store.com\/?product=diode-laser-slimming-machine-1060nm","url":"https:\/\/investmedic-store.com\/?product=diode-laser-slimming-machine-1060nm","name":"Diode Laser Slimming Machine 1060NM - investmedic-store.com","isPartOf":{"@id":"https:\/\/investmedic-store.com\/#website"},"datePublished":"2023-08-20T21:06:21+00:00","dateModified":"2024-07-10T14:51:14+00:00","breadcrumb":{"@id":"https:\/\/investmedic-store.com\/?product=diode-laser-slimming-machine-1060nm#breadcrumb"},"inLanguage":"fr-FR","potentialAction":[{"@type":"ReadAction","target":["https:\/\/investmedic-store.com\/?product=diode-laser-slimming-machine-1060nm"]}]},{"@type":"BreadcrumbList","@id":"https:\/\/investmedic-store.com\/?product=diode-laser-slimming-machine-1060nm#breadcrumb","itemListElement":[{"@type":"ListItem","position":1,"name":"Accueil","item":"https:\/\/investmedic-store.com\/"},{"@type":"ListItem","position":2,"name":"Shop","item":"https:\/\/investmedic-store.com\/?page_id=5"},{"@type":"ListItem","position":3,"name":"Diode Laser Slimming Machine 1060NM"}]},{"@type":"WebSite","@id":"https:\/\/investmedic-store.com\/#website","url":"https:\/\/investmedic-store.com\/","name":"invest medic store","description":"Importation &amp; Distribution Du Materiels Medico-Chirurgicales - \u0627\u0633\u062a\u064a\u0631\u0627\u062f \u0648\u062a\u0648\u0632\u064a\u0639 \u0627\u0644\u0645\u0648\u0627\u062f \u0627\u0644\u0637\u0628\u064a\u0629 \u0627\u0644\u062c\u0631\u0627\u062d\u064a\u0629","publisher":{"@id":"https:\/\/investmedic-store.com\/#organization"},"alternateName":"investmedic store","potentialAction":[{"@type":"SearchAction","target":{"@type":"EntryPoint","urlTemplate":"https:\/\/investmedic-store.com\/?s={search_term_string}"},"query-input":"required name=search_term_string"}],"inLanguage":"fr-FR"},{"@type":"Organization","@id":"https:\/\/investmedic-store.com\/#organization","name":"invest.medic store","alternateName":"investmedic store","url":"https:\/\/investmedic-store.com\/","logo":{"@type":"ImageObject","inLanguage":"fr-FR","@id":"https:\/\/investmedic-store.com\/#\/schema\/logo\/image\/","url":"https:\/\/investmedic-store.com\/wp-content\/uploads\/2023\/07\/cropped-LOGO_INVEST-transformed-removebg-preview-transformed-1-e1690120839263.png","contentUrl":"https:\/\/investmedic-store.com\/wp-content\/uploads\/2023\/07\/cropped-LOGO_INVEST-transformed-removebg-preview-transformed-1-e1690120839263.png","width":512,"height":512,"caption":"invest.medic store"},"image":{"@id":"https:\/\/investmedic-store.com\/#\/schema\/logo\/image\/"},"sameAs":["https:\/\/www.facebook.com\/invest.medic"]}]}},"_links":{"self":[{"href":"https:\/\/investmedic-store.com\/index.php?rest_route=\/wp\/v2\/product\/1785"}],"collection":[{"href":"https:\/\/investmedic-store.com\/index.php?rest_route=\/wp\/v2\/product"}],"about":[{"href":"https:\/\/investmedic-store.com\/index.php?rest_route=\/wp\/v2\/types\/product"}],"replies":[{"embeddable":true,"href":"https:\/\/investmedic-store.com\/index.php?rest_route=%2Fwp%2Fv2%2Fcomments&post=1785"}],"wp:featuredmedia":[{"embeddable":true,"href":"https:\/\/investmedic-store.com\/index.php?rest_route=\/wp\/v2\/media\/1786"}],"wp:attachment":[{"href":"https:\/\/investmedic-store.com\/index.php?rest_route=%2Fwp%2Fv2%2Fmedia&parent=1785"}],"wp:term":[{"taxonomy":"product_cat","embeddable":true,"href":"https:\/\/investmedic-store.com\/index.php?rest_route=%2Fwp%2Fv2%2Fproduct_cat&post=1785"},{"taxonomy":"product_tag","embeddable":true,"href":"https:\/\/investmedic-store.com\/index.php?rest_route=%2Fwp%2Fv2%2Fproduct_tag&post=1785"}],"curies":[{"name":"wp","href":"https:\/\/api.w.org\/{rel}","templated":true}]}}