{"id":1782,"date":"2023-08-20T16:28:20","date_gmt":"2023-08-20T15:28:20","guid":{"rendered":"https:\/\/investmedic-store.com\/?post_type=product&#038;p=1782"},"modified":"2023-08-27T21:21:13","modified_gmt":"2023-08-27T20:21:13","slug":"circslim-body-sculptor-4-poignees-fonctionnent-en-meme-temps-cs2","status":"publish","type":"product","link":"https:\/\/investmedic-store.com\/?product=circslim-body-sculptor-4-poignees-fonctionnent-en-meme-temps-cs2","title":{"rendered":"CIRC SLIM TESLA MACHINE 4 BRAS CS13"},"content":{"rendered":"<p><strong>Sculpteur corporel CircSlim<\/strong><\/p>\n<p><strong>Principe de fonctionnement<\/strong><\/p>\n<p>Le champ \u00e9lectromagn\u00e9tique p\u00e9n\u00e8tre dans le corps de mani\u00e8re non invasive et interagit avec les motoneurones, qui d\u00e9clenchent alors la contraction de muscles surdimensionn\u00e9s en raison de potentiels d&#8217;action. Une contraction musculaire fr\u00e9quente \u00e0 ces vitesses \u00e9lev\u00e9es entra\u00eenera un renforcement musculaire.<\/p>\n<p><strong>Quatre applicateurs<\/strong><br \/>\nQuatre applicateurs sont plac\u00e9s sur la zone musculaire cible, comme vos abdominaux, vos cuisses ou vos fesses. L&#8217;applicateur g\u00e9n\u00e8re ensuite un rayonnement \u00e9lectromagn\u00e9tique de haute intensit\u00e9, qui est une technologie de pointe dans le remodelage corporel non invasif, car non seulement il BR\u00dbLE LES GRAISSES, mais il D\u00c9VELOPPE \u00e9galement LES MUSCLES.<\/p>\n<p><strong>4 poign\u00e9es fonctionnent en m\u00eame temps<\/strong><\/p>\n<p>Muscle Sculpt &amp; Fat Loss Circslim est la proc\u00e9dure la plus r\u00e9cente pour aider les femmes et les hommes \u00e0 am\u00e9liorer \u00e0 la fois le MUSCLE et la GRAISSE.<\/p>\n<p>Applicable \u00e0 diverses poign\u00e9es de traitement pour diff\u00e9rentes parties telles que l&#8217;abdomen, les fesses, les jambes, etc., pour r\u00e9pondre aux besoins de diff\u00e9rents clients et am\u00e9liorer l&#8217;efficacit\u00e9 du travail<\/p>\n<p>Plus de 20 000 redressements assis<\/p>\n<p>Masse musculaire et perte de graisse<\/p>\n<p>Pendant seulement 30 minutes de traitement, CircSlim comprime le muscle plus de 20 000 fois, et c&#8217;est comme si vous faisiez un entra\u00eenement intensif. C&#8217;est ce qu&#8217;on appelle \u00abl&#8217;exercice inactif\u00bb et il a \u00e9galement les m\u00eames effets sur le corps humain. se muscler tout en perdant de la graisse.<\/p>\n<p>Ces contractions d\u00e9clenchent la lib\u00e9ration d&#8217;acides gras libres qui d\u00e9composent les amas graisseux et am\u00e9liorent le tonus et la force musculaire.<\/p>\n<p><strong>Construction musculaire et perte de graisse<\/strong><\/p>\n<p>La machine Circslim combine les avantages d&#8217;autres produits pour \u00e9mettre simultan\u00e9ment une radiofr\u00e9quence et une \u00e9nergie \u00e9lectromagn\u00e9tique de haute intensit\u00e9. Le r\u00e9sultat final est plus de perte de graisse et de croissance musculaire que n&#8217;importe quel programme unique de r\u00e9f\u00e9rence, et moins de temps et d&#8217;argent.<\/p>\n<p>&nbsp;<\/p>\n","protected":false},"excerpt":{"rendered":"<p>6 modes sportifs<\/p>\n<p>HIIT<br \/>\nHypertrophie<br \/>\nForce<br \/>\nHIIT + Hypertrophie<br \/>\nHypertrophie + Force + Hypertrophie<br \/>\nProfessionne<\/p>\n","protected":false},"featured_media":1929,"comment_status":"open","ping_status":"closed","template":"","meta":{"om_disable_all_campaigns":false,"_joinchat":[]},"product_cat":[15,161],"product_tag":[],"yoast_head":"<!-- This site is optimized with the Yoast SEO plugin v20.12 - https:\/\/yoast.com\/wordpress\/plugins\/seo\/ -->\n<title>CIRC SLIM TESLA MACHINE 4 BRAS CS13 - investmedic-store.com<\/title>\n<meta name=\"robots\" content=\"index, follow, max-snippet:-1, max-image-preview:large, max-video-preview:-1\" \/>\n<link rel=\"canonical\" href=\"https:\/\/investmedic-store.com\/?product=circslim-body-sculptor-4-poignees-fonctionnent-en-meme-temps-cs2\" \/>\n<meta property=\"og:locale\" content=\"fr_FR\" \/>\n<meta property=\"og:type\" content=\"article\" \/>\n<meta property=\"og:title\" content=\"CIRC SLIM TESLA MACHINE 4 BRAS CS13 - investmedic-store.com\" \/>\n<meta property=\"og:description\" content=\"6 modes sportifs  HIIT Hypertrophie Force HIIT + Hypertrophie Hypertrophie + Force + Hypertrophie Professionne\" \/>\n<meta property=\"og:url\" content=\"https:\/\/investmedic-store.com\/?product=circslim-body-sculptor-4-poignees-fonctionnent-en-meme-temps-cs2\" \/>\n<meta property=\"og:site_name\" content=\"investmedic-store.com\" \/>\n<meta property=\"article:publisher\" content=\"https:\/\/www.facebook.com\/invest.medic\" \/>\n<meta property=\"article:modified_time\" content=\"2023-08-27T20:21:13+00:00\" \/>\n<meta property=\"og:image\" content=\"http:\/\/investmedic-store.com\/wp-content\/uploads\/2023\/08\/photo_2023-08-27_20-53-59.jpg\" \/>\n\t<meta property=\"og:image:width\" content=\"989\" \/>\n\t<meta property=\"og:image:height\" content=\"1280\" \/>\n\t<meta property=\"og:image:type\" content=\"image\/jpeg\" \/>\n<meta name=\"twitter:card\" content=\"summary_large_image\" \/>\n<meta name=\"twitter:label1\" content=\"Dur\u00e9e de lecture estim\u00e9e\" \/>\n\t<meta name=\"twitter:data1\" content=\"2 minutes\" \/>\n<script type=\"application\/ld+json\" class=\"yoast-schema-graph\">{\"@context\":\"https:\/\/schema.org\",\"@graph\":[{\"@type\":\"WebPage\",\"@id\":\"https:\/\/investmedic-store.com\/?product=circslim-body-sculptor-4-poignees-fonctionnent-en-meme-temps-cs2\",\"url\":\"https:\/\/investmedic-store.com\/?product=circslim-body-sculptor-4-poignees-fonctionnent-en-meme-temps-cs2\",\"name\":\"CIRC SLIM TESLA MACHINE 4 BRAS CS13 - investmedic-store.com\",\"isPartOf\":{\"@id\":\"https:\/\/investmedic-store.com\/#website\"},\"datePublished\":\"2023-08-20T15:28:20+00:00\",\"dateModified\":\"2023-08-27T20:21:13+00:00\",\"breadcrumb\":{\"@id\":\"https:\/\/investmedic-store.com\/?product=circslim-body-sculptor-4-poignees-fonctionnent-en-meme-temps-cs2#breadcrumb\"},\"inLanguage\":\"fr-FR\",\"potentialAction\":[{\"@type\":\"ReadAction\",\"target\":[\"https:\/\/investmedic-store.com\/?product=circslim-body-sculptor-4-poignees-fonctionnent-en-meme-temps-cs2\"]}]},{\"@type\":\"BreadcrumbList\",\"@id\":\"https:\/\/investmedic-store.com\/?product=circslim-body-sculptor-4-poignees-fonctionnent-en-meme-temps-cs2#breadcrumb\",\"itemListElement\":[{\"@type\":\"ListItem\",\"position\":1,\"name\":\"Accueil\",\"item\":\"https:\/\/investmedic-store.com\/\"},{\"@type\":\"ListItem\",\"position\":2,\"name\":\"Shop\",\"item\":\"https:\/\/investmedic-store.com\/?page_id=5\"},{\"@type\":\"ListItem\",\"position\":3,\"name\":\"CIRC SLIM TESLA MACHINE 4 BRAS CS13\"}]},{\"@type\":\"WebSite\",\"@id\":\"https:\/\/investmedic-store.com\/#website\",\"url\":\"https:\/\/investmedic-store.com\/\",\"name\":\"invest medic store\",\"description\":\"Importation &amp; Distribution Du Materiels Medico-Chirurgicales - \u0627\u0633\u062a\u064a\u0631\u0627\u062f \u0648\u062a\u0648\u0632\u064a\u0639 \u0627\u0644\u0645\u0648\u0627\u062f \u0627\u0644\u0637\u0628\u064a\u0629 \u0627\u0644\u062c\u0631\u0627\u062d\u064a\u0629\",\"publisher\":{\"@id\":\"https:\/\/investmedic-store.com\/#organization\"},\"alternateName\":\"investmedic store\",\"potentialAction\":[{\"@type\":\"SearchAction\",\"target\":{\"@type\":\"EntryPoint\",\"urlTemplate\":\"https:\/\/investmedic-store.com\/?s={search_term_string}\"},\"query-input\":\"required name=search_term_string\"}],\"inLanguage\":\"fr-FR\"},{\"@type\":\"Organization\",\"@id\":\"https:\/\/investmedic-store.com\/#organization\",\"name\":\"invest.medic store\",\"alternateName\":\"investmedic store\",\"url\":\"https:\/\/investmedic-store.com\/\",\"logo\":{\"@type\":\"ImageObject\",\"inLanguage\":\"fr-FR\",\"@id\":\"https:\/\/investmedic-store.com\/#\/schema\/logo\/image\/\",\"url\":\"https:\/\/investmedic-store.com\/wp-content\/uploads\/2023\/07\/cropped-LOGO_INVEST-transformed-removebg-preview-transformed-1-e1690120839263.png\",\"contentUrl\":\"https:\/\/investmedic-store.com\/wp-content\/uploads\/2023\/07\/cropped-LOGO_INVEST-transformed-removebg-preview-transformed-1-e1690120839263.png\",\"width\":512,\"height\":512,\"caption\":\"invest.medic store\"},\"image\":{\"@id\":\"https:\/\/investmedic-store.com\/#\/schema\/logo\/image\/\"},\"sameAs\":[\"https:\/\/www.facebook.com\/invest.medic\"]}]}<\/script>\n<!-- \/ Yoast SEO plugin. -->","yoast_head_json":{"title":"CIRC SLIM TESLA MACHINE 4 BRAS CS13 - investmedic-store.com","robots":{"index":"index","follow":"follow","max-snippet":"max-snippet:-1","max-image-preview":"max-image-preview:large","max-video-preview":"max-video-preview:-1"},"canonical":"https:\/\/investmedic-store.com\/?product=circslim-body-sculptor-4-poignees-fonctionnent-en-meme-temps-cs2","og_locale":"fr_FR","og_type":"article","og_title":"CIRC SLIM TESLA MACHINE 4 BRAS CS13 - investmedic-store.com","og_description":"6 modes sportifs  HIIT Hypertrophie Force HIIT + Hypertrophie Hypertrophie + Force + Hypertrophie Professionne","og_url":"https:\/\/investmedic-store.com\/?product=circslim-body-sculptor-4-poignees-fonctionnent-en-meme-temps-cs2","og_site_name":"investmedic-store.com","article_publisher":"https:\/\/www.facebook.com\/invest.medic","article_modified_time":"2023-08-27T20:21:13+00:00","og_image":[{"width":989,"height":1280,"url":"http:\/\/investmedic-store.com\/wp-content\/uploads\/2023\/08\/photo_2023-08-27_20-53-59.jpg","type":"image\/jpeg"}],"twitter_card":"summary_large_image","twitter_misc":{"Dur\u00e9e de lecture estim\u00e9e":"2 minutes"},"schema":{"@context":"https:\/\/schema.org","@graph":[{"@type":"WebPage","@id":"https:\/\/investmedic-store.com\/?product=circslim-body-sculptor-4-poignees-fonctionnent-en-meme-temps-cs2","url":"https:\/\/investmedic-store.com\/?product=circslim-body-sculptor-4-poignees-fonctionnent-en-meme-temps-cs2","name":"CIRC SLIM TESLA MACHINE 4 BRAS CS13 - investmedic-store.com","isPartOf":{"@id":"https:\/\/investmedic-store.com\/#website"},"datePublished":"2023-08-20T15:28:20+00:00","dateModified":"2023-08-27T20:21:13+00:00","breadcrumb":{"@id":"https:\/\/investmedic-store.com\/?product=circslim-body-sculptor-4-poignees-fonctionnent-en-meme-temps-cs2#breadcrumb"},"inLanguage":"fr-FR","potentialAction":[{"@type":"ReadAction","target":["https:\/\/investmedic-store.com\/?product=circslim-body-sculptor-4-poignees-fonctionnent-en-meme-temps-cs2"]}]},{"@type":"BreadcrumbList","@id":"https:\/\/investmedic-store.com\/?product=circslim-body-sculptor-4-poignees-fonctionnent-en-meme-temps-cs2#breadcrumb","itemListElement":[{"@type":"ListItem","position":1,"name":"Accueil","item":"https:\/\/investmedic-store.com\/"},{"@type":"ListItem","position":2,"name":"Shop","item":"https:\/\/investmedic-store.com\/?page_id=5"},{"@type":"ListItem","position":3,"name":"CIRC SLIM TESLA MACHINE 4 BRAS CS13"}]},{"@type":"WebSite","@id":"https:\/\/investmedic-store.com\/#website","url":"https:\/\/investmedic-store.com\/","name":"invest medic store","description":"Importation &amp; Distribution Du Materiels Medico-Chirurgicales - \u0627\u0633\u062a\u064a\u0631\u0627\u062f \u0648\u062a\u0648\u0632\u064a\u0639 \u0627\u0644\u0645\u0648\u0627\u062f \u0627\u0644\u0637\u0628\u064a\u0629 \u0627\u0644\u062c\u0631\u0627\u062d\u064a\u0629","publisher":{"@id":"https:\/\/investmedic-store.com\/#organization"},"alternateName":"investmedic store","potentialAction":[{"@type":"SearchAction","target":{"@type":"EntryPoint","urlTemplate":"https:\/\/investmedic-store.com\/?s={search_term_string}"},"query-input":"required name=search_term_string"}],"inLanguage":"fr-FR"},{"@type":"Organization","@id":"https:\/\/investmedic-store.com\/#organization","name":"invest.medic store","alternateName":"investmedic store","url":"https:\/\/investmedic-store.com\/","logo":{"@type":"ImageObject","inLanguage":"fr-FR","@id":"https:\/\/investmedic-store.com\/#\/schema\/logo\/image\/","url":"https:\/\/investmedic-store.com\/wp-content\/uploads\/2023\/07\/cropped-LOGO_INVEST-transformed-removebg-preview-transformed-1-e1690120839263.png","contentUrl":"https:\/\/investmedic-store.com\/wp-content\/uploads\/2023\/07\/cropped-LOGO_INVEST-transformed-removebg-preview-transformed-1-e1690120839263.png","width":512,"height":512,"caption":"invest.medic store"},"image":{"@id":"https:\/\/investmedic-store.com\/#\/schema\/logo\/image\/"},"sameAs":["https:\/\/www.facebook.com\/invest.medic"]}]}},"_links":{"self":[{"href":"https:\/\/investmedic-store.com\/index.php?rest_route=\/wp\/v2\/product\/1782"}],"collection":[{"href":"https:\/\/investmedic-store.com\/index.php?rest_route=\/wp\/v2\/product"}],"about":[{"href":"https:\/\/investmedic-store.com\/index.php?rest_route=\/wp\/v2\/types\/product"}],"replies":[{"embeddable":true,"href":"https:\/\/investmedic-store.com\/index.php?rest_route=%2Fwp%2Fv2%2Fcomments&post=1782"}],"wp:featuredmedia":[{"embeddable":true,"href":"https:\/\/investmedic-store.com\/index.php?rest_route=\/wp\/v2\/media\/1929"}],"wp:attachment":[{"href":"https:\/\/investmedic-store.com\/index.php?rest_route=%2Fwp%2Fv2%2Fmedia&parent=1782"}],"wp:term":[{"taxonomy":"product_cat","embeddable":true,"href":"https:\/\/investmedic-store.com\/index.php?rest_route=%2Fwp%2Fv2%2Fproduct_cat&post=1782"},{"taxonomy":"product_tag","embeddable":true,"href":"https:\/\/investmedic-store.com\/index.php?rest_route=%2Fwp%2Fv2%2Fproduct_tag&post=1782"}],"curies":[{"name":"wp","href":"https:\/\/api.w.org\/{rel}","templated":true}]}}