{"id":1780,"date":"2023-08-20T16:09:52","date_gmt":"2023-08-20T15:09:52","guid":{"rendered":"https:\/\/investmedic-store.com\/?post_type=product&#038;p=1780"},"modified":"2023-08-20T16:09:53","modified_gmt":"2023-08-20T15:09:53","slug":"ipl-jonte-laser","status":"publish","type":"product","link":"https:\/\/investmedic-store.com\/?product=ipl-jonte-laser","title":{"rendered":"IPL Jonte Laser"},"content":{"rendered":"<p>AVEC LE BBL POLYVALENT, VOUS POUVEZ TRAITER TOUT, DEPUIS L&#8217;APPARITION DU VIEILLISSEMENT DE LA PEAU, UN TEL ASPIGMENT, LA VASCULARIT\u00c9, ET LA LAXIT\u00c9, L&#8217;\u00c9PILATION ET L&#8217;ACN\u00c9.<\/p>\n<p>DES PASSAGES MULTIPLES UTILISANT DIFF\u00c9RENTES LONGUEURS D&#8217;ONDES DE LUMI\u00c8RE AIDENT \u00c0 CORRIGER LES L\u00c9SIONS PIGMENT\u00c9ES, LE FLUSISSEMENT DE LA PEAU ET L&#8217;ACNE AMELIORANT L&#8217;APPARENCE DE LA FERMET\u00c9 DE LA PEAU.<\/p>\n<p>4X PLUS RAPIDE, 3X PLUS RAPIDE DE PUISSANCE DE PIC ET 2X PLUS REFROIDISSANT QUE L&#8217;ORIGINALLBBL.IL PEUT TRAITER RAPIDEMENT DE GRANDES SURFACES EN QUELQUES MINUTES.<\/p>\n<p>PERMANENT TRANSPARENT BBL FORACNE TRAITE EFFICACEMENT L&#8217;ACNE SANS LES EFFETS SECONDAIRES DES M\u00c9DICAMENTS.<br \/>\nPOUR LA PEAU REL\u00c2CH\u00c9E, IL AIDE \u00c0 RESTAURER L&#8217;APPARENCE DE LA PEAU VIEILLISSANTE<\/p>\n","protected":false},"excerpt":{"rendered":"<p>AVEC LE BBL POLYVALENT, VOUS POUVEZ TRAITER TOUT, DEPUIS L&#8217;APPARITION DU VIEILLISSEMENT DE LA PEAU, UN TEL ASPIGMENT, LA VASCULARIT\u00c9, ET LA LAXIT\u00c9, L&#8217;\u00c9PILATION ET L&#8217;ACN\u00c9. DES PASSAGES MULTIPLES UTILISANT DIFF\u00c9RENTES LONGUEURS D&#8217;ONDES DE LUMI\u00c8RE AIDENT \u00c0 CORRIGER LES L\u00c9SIONS PIGMENT\u00c9ES, LE FLUSISSEMENT DE LA PEAU ET L&#8217;ACNE AMELIORANT L&#8217;APPARENCE DE LA FERMET\u00c9 DE LA &hellip;<\/p>\n<p class=\"read-more\"> <a class=\" thunk-readmore button \" href=\"https:\/\/investmedic-store.com\/?product=ipl-jonte-laser\"> <span class=\"screen-reader-text\">IPL Jonte Laser<\/span>Read More<\/a><\/p>\n","protected":false},"featured_media":1781,"comment_status":"open","ping_status":"closed","template":"","meta":{"om_disable_all_campaigns":false,"_joinchat":[]},"product_cat":[15,161],"product_tag":[],"yoast_head":"<!-- This site is optimized with the Yoast SEO plugin v20.12 - https:\/\/yoast.com\/wordpress\/plugins\/seo\/ -->\n<title>IPL Jonte Laser - investmedic-store.com<\/title>\n<meta name=\"robots\" content=\"index, follow, max-snippet:-1, max-image-preview:large, max-video-preview:-1\" \/>\n<link rel=\"canonical\" href=\"https:\/\/investmedic-store.com\/?product=ipl-jonte-laser\" \/>\n<meta property=\"og:locale\" content=\"fr_FR\" \/>\n<meta property=\"og:type\" content=\"article\" \/>\n<meta property=\"og:title\" content=\"IPL Jonte Laser - investmedic-store.com\" \/>\n<meta property=\"og:description\" content=\"AVEC LE BBL POLYVALENT, VOUS POUVEZ TRAITER TOUT, DEPUIS L&#8217;APPARITION DU VIEILLISSEMENT DE LA PEAU, UN TEL ASPIGMENT, LA VASCULARIT\u00c9, ET LA LAXIT\u00c9, L&#8217;\u00c9PILATION ET L&#8217;ACN\u00c9. DES PASSAGES MULTIPLES UTILISANT DIFF\u00c9RENTES LONGUEURS D&#8217;ONDES DE LUMI\u00c8RE AIDENT \u00c0 CORRIGER LES L\u00c9SIONS PIGMENT\u00c9ES, LE FLUSISSEMENT DE LA PEAU ET L&#8217;ACNE AMELIORANT L&#8217;APPARENCE DE LA FERMET\u00c9 DE LA &hellip; IPL Jonte LaserRead More\" \/>\n<meta property=\"og:url\" content=\"https:\/\/investmedic-store.com\/?product=ipl-jonte-laser\" \/>\n<meta property=\"og:site_name\" content=\"investmedic-store.com\" \/>\n<meta property=\"article:publisher\" content=\"https:\/\/www.facebook.com\/invest.medic\" \/>\n<meta property=\"article:modified_time\" content=\"2023-08-20T15:09:53+00:00\" \/>\n<meta property=\"og:image\" content=\"http:\/\/investmedic-store.com\/wp-content\/uploads\/2023\/08\/photo_2023-08-06_11-12-23.jpg\" \/>\n\t<meta property=\"og:image:width\" content=\"813\" \/>\n\t<meta property=\"og:image:height\" content=\"1280\" \/>\n\t<meta property=\"og:image:type\" content=\"image\/jpeg\" \/>\n<meta name=\"twitter:card\" content=\"summary_large_image\" \/>\n<meta name=\"twitter:label1\" content=\"Dur\u00e9e de lecture estim\u00e9e\" \/>\n\t<meta name=\"twitter:data1\" content=\"1 minute\" \/>\n<script type=\"application\/ld+json\" class=\"yoast-schema-graph\">{\"@context\":\"https:\/\/schema.org\",\"@graph\":[{\"@type\":\"WebPage\",\"@id\":\"https:\/\/investmedic-store.com\/?product=ipl-jonte-laser\",\"url\":\"https:\/\/investmedic-store.com\/?product=ipl-jonte-laser\",\"name\":\"IPL Jonte Laser - investmedic-store.com\",\"isPartOf\":{\"@id\":\"https:\/\/investmedic-store.com\/#website\"},\"datePublished\":\"2023-08-20T15:09:52+00:00\",\"dateModified\":\"2023-08-20T15:09:53+00:00\",\"breadcrumb\":{\"@id\":\"https:\/\/investmedic-store.com\/?product=ipl-jonte-laser#breadcrumb\"},\"inLanguage\":\"fr-FR\",\"potentialAction\":[{\"@type\":\"ReadAction\",\"target\":[\"https:\/\/investmedic-store.com\/?product=ipl-jonte-laser\"]}]},{\"@type\":\"BreadcrumbList\",\"@id\":\"https:\/\/investmedic-store.com\/?product=ipl-jonte-laser#breadcrumb\",\"itemListElement\":[{\"@type\":\"ListItem\",\"position\":1,\"name\":\"Accueil\",\"item\":\"https:\/\/investmedic-store.com\/\"},{\"@type\":\"ListItem\",\"position\":2,\"name\":\"Shop\",\"item\":\"https:\/\/investmedic-store.com\/?page_id=5\"},{\"@type\":\"ListItem\",\"position\":3,\"name\":\"IPL Jonte Laser\"}]},{\"@type\":\"WebSite\",\"@id\":\"https:\/\/investmedic-store.com\/#website\",\"url\":\"https:\/\/investmedic-store.com\/\",\"name\":\"invest medic store\",\"description\":\"Importation &amp; Distribution Du Materiels Medico-Chirurgicales - \u0627\u0633\u062a\u064a\u0631\u0627\u062f \u0648\u062a\u0648\u0632\u064a\u0639 \u0627\u0644\u0645\u0648\u0627\u062f \u0627\u0644\u0637\u0628\u064a\u0629 \u0627\u0644\u062c\u0631\u0627\u062d\u064a\u0629\",\"publisher\":{\"@id\":\"https:\/\/investmedic-store.com\/#organization\"},\"alternateName\":\"investmedic store\",\"potentialAction\":[{\"@type\":\"SearchAction\",\"target\":{\"@type\":\"EntryPoint\",\"urlTemplate\":\"https:\/\/investmedic-store.com\/?s={search_term_string}\"},\"query-input\":\"required name=search_term_string\"}],\"inLanguage\":\"fr-FR\"},{\"@type\":\"Organization\",\"@id\":\"https:\/\/investmedic-store.com\/#organization\",\"name\":\"invest.medic store\",\"alternateName\":\"investmedic store\",\"url\":\"https:\/\/investmedic-store.com\/\",\"logo\":{\"@type\":\"ImageObject\",\"inLanguage\":\"fr-FR\",\"@id\":\"https:\/\/investmedic-store.com\/#\/schema\/logo\/image\/\",\"url\":\"https:\/\/investmedic-store.com\/wp-content\/uploads\/2023\/07\/cropped-LOGO_INVEST-transformed-removebg-preview-transformed-1-e1690120839263.png\",\"contentUrl\":\"https:\/\/investmedic-store.com\/wp-content\/uploads\/2023\/07\/cropped-LOGO_INVEST-transformed-removebg-preview-transformed-1-e1690120839263.png\",\"width\":512,\"height\":512,\"caption\":\"invest.medic store\"},\"image\":{\"@id\":\"https:\/\/investmedic-store.com\/#\/schema\/logo\/image\/\"},\"sameAs\":[\"https:\/\/www.facebook.com\/invest.medic\"]}]}<\/script>\n<!-- \/ Yoast SEO plugin. -->","yoast_head_json":{"title":"IPL Jonte Laser - investmedic-store.com","robots":{"index":"index","follow":"follow","max-snippet":"max-snippet:-1","max-image-preview":"max-image-preview:large","max-video-preview":"max-video-preview:-1"},"canonical":"https:\/\/investmedic-store.com\/?product=ipl-jonte-laser","og_locale":"fr_FR","og_type":"article","og_title":"IPL Jonte Laser - investmedic-store.com","og_description":"AVEC LE BBL POLYVALENT, VOUS POUVEZ TRAITER TOUT, DEPUIS L&#8217;APPARITION DU VIEILLISSEMENT DE LA PEAU, UN TEL ASPIGMENT, LA VASCULARIT\u00c9, ET LA LAXIT\u00c9, L&#8217;\u00c9PILATION ET L&#8217;ACN\u00c9. DES PASSAGES MULTIPLES UTILISANT DIFF\u00c9RENTES LONGUEURS D&#8217;ONDES DE LUMI\u00c8RE AIDENT \u00c0 CORRIGER LES L\u00c9SIONS PIGMENT\u00c9ES, LE FLUSISSEMENT DE LA PEAU ET L&#8217;ACNE AMELIORANT L&#8217;APPARENCE DE LA FERMET\u00c9 DE LA &hellip; IPL Jonte LaserRead More","og_url":"https:\/\/investmedic-store.com\/?product=ipl-jonte-laser","og_site_name":"investmedic-store.com","article_publisher":"https:\/\/www.facebook.com\/invest.medic","article_modified_time":"2023-08-20T15:09:53+00:00","og_image":[{"width":813,"height":1280,"url":"http:\/\/investmedic-store.com\/wp-content\/uploads\/2023\/08\/photo_2023-08-06_11-12-23.jpg","type":"image\/jpeg"}],"twitter_card":"summary_large_image","twitter_misc":{"Dur\u00e9e de lecture estim\u00e9e":"1 minute"},"schema":{"@context":"https:\/\/schema.org","@graph":[{"@type":"WebPage","@id":"https:\/\/investmedic-store.com\/?product=ipl-jonte-laser","url":"https:\/\/investmedic-store.com\/?product=ipl-jonte-laser","name":"IPL Jonte Laser - investmedic-store.com","isPartOf":{"@id":"https:\/\/investmedic-store.com\/#website"},"datePublished":"2023-08-20T15:09:52+00:00","dateModified":"2023-08-20T15:09:53+00:00","breadcrumb":{"@id":"https:\/\/investmedic-store.com\/?product=ipl-jonte-laser#breadcrumb"},"inLanguage":"fr-FR","potentialAction":[{"@type":"ReadAction","target":["https:\/\/investmedic-store.com\/?product=ipl-jonte-laser"]}]},{"@type":"BreadcrumbList","@id":"https:\/\/investmedic-store.com\/?product=ipl-jonte-laser#breadcrumb","itemListElement":[{"@type":"ListItem","position":1,"name":"Accueil","item":"https:\/\/investmedic-store.com\/"},{"@type":"ListItem","position":2,"name":"Shop","item":"https:\/\/investmedic-store.com\/?page_id=5"},{"@type":"ListItem","position":3,"name":"IPL Jonte Laser"}]},{"@type":"WebSite","@id":"https:\/\/investmedic-store.com\/#website","url":"https:\/\/investmedic-store.com\/","name":"invest medic store","description":"Importation &amp; Distribution Du Materiels Medico-Chirurgicales - \u0627\u0633\u062a\u064a\u0631\u0627\u062f \u0648\u062a\u0648\u0632\u064a\u0639 \u0627\u0644\u0645\u0648\u0627\u062f \u0627\u0644\u0637\u0628\u064a\u0629 \u0627\u0644\u062c\u0631\u0627\u062d\u064a\u0629","publisher":{"@id":"https:\/\/investmedic-store.com\/#organization"},"alternateName":"investmedic store","potentialAction":[{"@type":"SearchAction","target":{"@type":"EntryPoint","urlTemplate":"https:\/\/investmedic-store.com\/?s={search_term_string}"},"query-input":"required name=search_term_string"}],"inLanguage":"fr-FR"},{"@type":"Organization","@id":"https:\/\/investmedic-store.com\/#organization","name":"invest.medic store","alternateName":"investmedic store","url":"https:\/\/investmedic-store.com\/","logo":{"@type":"ImageObject","inLanguage":"fr-FR","@id":"https:\/\/investmedic-store.com\/#\/schema\/logo\/image\/","url":"https:\/\/investmedic-store.com\/wp-content\/uploads\/2023\/07\/cropped-LOGO_INVEST-transformed-removebg-preview-transformed-1-e1690120839263.png","contentUrl":"https:\/\/investmedic-store.com\/wp-content\/uploads\/2023\/07\/cropped-LOGO_INVEST-transformed-removebg-preview-transformed-1-e1690120839263.png","width":512,"height":512,"caption":"invest.medic store"},"image":{"@id":"https:\/\/investmedic-store.com\/#\/schema\/logo\/image\/"},"sameAs":["https:\/\/www.facebook.com\/invest.medic"]}]}},"_links":{"self":[{"href":"https:\/\/investmedic-store.com\/index.php?rest_route=\/wp\/v2\/product\/1780"}],"collection":[{"href":"https:\/\/investmedic-store.com\/index.php?rest_route=\/wp\/v2\/product"}],"about":[{"href":"https:\/\/investmedic-store.com\/index.php?rest_route=\/wp\/v2\/types\/product"}],"replies":[{"embeddable":true,"href":"https:\/\/investmedic-store.com\/index.php?rest_route=%2Fwp%2Fv2%2Fcomments&post=1780"}],"wp:featuredmedia":[{"embeddable":true,"href":"https:\/\/investmedic-store.com\/index.php?rest_route=\/wp\/v2\/media\/1781"}],"wp:attachment":[{"href":"https:\/\/investmedic-store.com\/index.php?rest_route=%2Fwp%2Fv2%2Fmedia&parent=1780"}],"wp:term":[{"taxonomy":"product_cat","embeddable":true,"href":"https:\/\/investmedic-store.com\/index.php?rest_route=%2Fwp%2Fv2%2Fproduct_cat&post=1780"},{"taxonomy":"product_tag","embeddable":true,"href":"https:\/\/investmedic-store.com\/index.php?rest_route=%2Fwp%2Fv2%2Fproduct_tag&post=1780"}],"curies":[{"name":"wp","href":"https:\/\/api.w.org\/{rel}","templated":true}]}}