{"id":1749,"date":"2023-08-18T23:53:28","date_gmt":"2023-08-18T22:53:28","guid":{"rendered":"https:\/\/investmedic-store.com\/?post_type=product&#038;p=1749"},"modified":"2023-08-18T23:53:29","modified_gmt":"2023-08-18T22:53:29","slug":"barres-dappui-en-abs-pour-salle-de-bain-im312","status":"publish","type":"product","link":"https:\/\/investmedic-store.com\/?product=barres-dappui-en-abs-pour-salle-de-bain-im312","title":{"rendered":"Barres D&#8217;appui En ABS Pour Salle De Bain IM312"},"content":{"rendered":"<p>&nbsp;<\/p>\n<p>La barre d\u2019appui de salle de bain, un atout s\u00e9curit\u00e9. Dans la douche ou \u00e0 c\u00f4t\u00e9 des toilettes, la barre d\u2019appui de salle de bain est un accessoire bien pratique. Elle permet en<strong>\u00a0effet de pr\u00e9venir les chutes dans les zones glissantes.<\/strong>\u00a0La barre d\u2019appui,<strong>\u00a0un accessoire fonctionnel<\/strong><\/p>\n","protected":false},"excerpt":{"rendered":"<p>&nbsp; La barre d\u2019appui de salle de bain, un atout s\u00e9curit\u00e9. Dans la douche ou \u00e0 c\u00f4t\u00e9 des toilettes, la barre d\u2019appui de salle de bain est un accessoire bien pratique. Elle permet en\u00a0effet de pr\u00e9venir les chutes dans les zones glissantes.\u00a0La barre d\u2019appui,\u00a0un accessoire fonctionnel<\/p>\n","protected":false},"featured_media":1750,"comment_status":"open","ping_status":"closed","template":"","meta":{"om_disable_all_campaigns":false,"_joinchat":[]},"product_cat":[96,92],"product_tag":[],"yoast_head":"<!-- This site is optimized with the Yoast SEO plugin v20.12 - https:\/\/yoast.com\/wordpress\/plugins\/seo\/ -->\n<title>Barres D&#039;appui En ABS Pour Salle De Bain IM312 - investmedic-store.com<\/title>\n<meta name=\"robots\" content=\"index, follow, max-snippet:-1, max-image-preview:large, max-video-preview:-1\" \/>\n<link rel=\"canonical\" href=\"https:\/\/investmedic-store.com\/?product=barres-dappui-en-abs-pour-salle-de-bain-im312\" \/>\n<meta property=\"og:locale\" content=\"fr_FR\" \/>\n<meta property=\"og:type\" content=\"article\" \/>\n<meta property=\"og:title\" content=\"Barres D&#039;appui En ABS Pour Salle De Bain IM312 - investmedic-store.com\" \/>\n<meta property=\"og:description\" content=\"&nbsp; La barre d\u2019appui de salle de bain, un atout s\u00e9curit\u00e9. Dans la douche ou \u00e0 c\u00f4t\u00e9 des toilettes, la barre d\u2019appui de salle de bain est un accessoire bien pratique. Elle permet en\u00a0effet de pr\u00e9venir les chutes dans les zones glissantes.\u00a0La barre d\u2019appui,\u00a0un accessoire fonctionnel\" \/>\n<meta property=\"og:url\" content=\"https:\/\/investmedic-store.com\/?product=barres-dappui-en-abs-pour-salle-de-bain-im312\" \/>\n<meta property=\"og:site_name\" content=\"investmedic-store.com\" \/>\n<meta property=\"article:publisher\" content=\"https:\/\/www.facebook.com\/invest.medic\" \/>\n<meta property=\"article:modified_time\" content=\"2023-08-18T22:53:29+00:00\" \/>\n<meta property=\"og:image\" content=\"http:\/\/investmedic-store.com\/wp-content\/uploads\/2023\/08\/photo_2023-08-18_22-08-38.jpg\" \/>\n\t<meta property=\"og:image:width\" content=\"894\" \/>\n\t<meta property=\"og:image:height\" content=\"669\" \/>\n\t<meta property=\"og:image:type\" content=\"image\/jpeg\" \/>\n<meta name=\"twitter:card\" content=\"summary_large_image\" \/>\n<meta name=\"twitter:label1\" content=\"Dur\u00e9e de lecture estim\u00e9e\" \/>\n\t<meta name=\"twitter:data1\" content=\"1 minute\" \/>\n<script type=\"application\/ld+json\" class=\"yoast-schema-graph\">{\"@context\":\"https:\/\/schema.org\",\"@graph\":[{\"@type\":\"WebPage\",\"@id\":\"https:\/\/investmedic-store.com\/?product=barres-dappui-en-abs-pour-salle-de-bain-im312\",\"url\":\"https:\/\/investmedic-store.com\/?product=barres-dappui-en-abs-pour-salle-de-bain-im312\",\"name\":\"Barres D'appui En ABS Pour Salle De Bain IM312 - investmedic-store.com\",\"isPartOf\":{\"@id\":\"https:\/\/investmedic-store.com\/#website\"},\"datePublished\":\"2023-08-18T22:53:28+00:00\",\"dateModified\":\"2023-08-18T22:53:29+00:00\",\"breadcrumb\":{\"@id\":\"https:\/\/investmedic-store.com\/?product=barres-dappui-en-abs-pour-salle-de-bain-im312#breadcrumb\"},\"inLanguage\":\"fr-FR\",\"potentialAction\":[{\"@type\":\"ReadAction\",\"target\":[\"https:\/\/investmedic-store.com\/?product=barres-dappui-en-abs-pour-salle-de-bain-im312\"]}]},{\"@type\":\"BreadcrumbList\",\"@id\":\"https:\/\/investmedic-store.com\/?product=barres-dappui-en-abs-pour-salle-de-bain-im312#breadcrumb\",\"itemListElement\":[{\"@type\":\"ListItem\",\"position\":1,\"name\":\"Accueil\",\"item\":\"https:\/\/investmedic-store.com\/\"},{\"@type\":\"ListItem\",\"position\":2,\"name\":\"Shop\",\"item\":\"https:\/\/investmedic-store.com\/?page_id=5\"},{\"@type\":\"ListItem\",\"position\":3,\"name\":\"Barres D&#8217;appui En ABS Pour Salle De Bain IM312\"}]},{\"@type\":\"WebSite\",\"@id\":\"https:\/\/investmedic-store.com\/#website\",\"url\":\"https:\/\/investmedic-store.com\/\",\"name\":\"invest medic store\",\"description\":\"Importation &amp; Distribution Du Materiels Medico-Chirurgicales - \u0627\u0633\u062a\u064a\u0631\u0627\u062f \u0648\u062a\u0648\u0632\u064a\u0639 \u0627\u0644\u0645\u0648\u0627\u062f \u0627\u0644\u0637\u0628\u064a\u0629 \u0627\u0644\u062c\u0631\u0627\u062d\u064a\u0629\",\"publisher\":{\"@id\":\"https:\/\/investmedic-store.com\/#organization\"},\"alternateName\":\"investmedic store\",\"potentialAction\":[{\"@type\":\"SearchAction\",\"target\":{\"@type\":\"EntryPoint\",\"urlTemplate\":\"https:\/\/investmedic-store.com\/?s={search_term_string}\"},\"query-input\":\"required name=search_term_string\"}],\"inLanguage\":\"fr-FR\"},{\"@type\":\"Organization\",\"@id\":\"https:\/\/investmedic-store.com\/#organization\",\"name\":\"invest.medic store\",\"alternateName\":\"investmedic store\",\"url\":\"https:\/\/investmedic-store.com\/\",\"logo\":{\"@type\":\"ImageObject\",\"inLanguage\":\"fr-FR\",\"@id\":\"https:\/\/investmedic-store.com\/#\/schema\/logo\/image\/\",\"url\":\"https:\/\/investmedic-store.com\/wp-content\/uploads\/2023\/07\/cropped-LOGO_INVEST-transformed-removebg-preview-transformed-1-e1690120839263.png\",\"contentUrl\":\"https:\/\/investmedic-store.com\/wp-content\/uploads\/2023\/07\/cropped-LOGO_INVEST-transformed-removebg-preview-transformed-1-e1690120839263.png\",\"width\":512,\"height\":512,\"caption\":\"invest.medic store\"},\"image\":{\"@id\":\"https:\/\/investmedic-store.com\/#\/schema\/logo\/image\/\"},\"sameAs\":[\"https:\/\/www.facebook.com\/invest.medic\"]}]}<\/script>\n<!-- \/ Yoast SEO plugin. -->","yoast_head_json":{"title":"Barres D'appui En ABS Pour Salle De Bain IM312 - investmedic-store.com","robots":{"index":"index","follow":"follow","max-snippet":"max-snippet:-1","max-image-preview":"max-image-preview:large","max-video-preview":"max-video-preview:-1"},"canonical":"https:\/\/investmedic-store.com\/?product=barres-dappui-en-abs-pour-salle-de-bain-im312","og_locale":"fr_FR","og_type":"article","og_title":"Barres D'appui En ABS Pour Salle De Bain IM312 - investmedic-store.com","og_description":"&nbsp; La barre d\u2019appui de salle de bain, un atout s\u00e9curit\u00e9. Dans la douche ou \u00e0 c\u00f4t\u00e9 des toilettes, la barre d\u2019appui de salle de bain est un accessoire bien pratique. Elle permet en\u00a0effet de pr\u00e9venir les chutes dans les zones glissantes.\u00a0La barre d\u2019appui,\u00a0un accessoire fonctionnel","og_url":"https:\/\/investmedic-store.com\/?product=barres-dappui-en-abs-pour-salle-de-bain-im312","og_site_name":"investmedic-store.com","article_publisher":"https:\/\/www.facebook.com\/invest.medic","article_modified_time":"2023-08-18T22:53:29+00:00","og_image":[{"width":894,"height":669,"url":"http:\/\/investmedic-store.com\/wp-content\/uploads\/2023\/08\/photo_2023-08-18_22-08-38.jpg","type":"image\/jpeg"}],"twitter_card":"summary_large_image","twitter_misc":{"Dur\u00e9e de lecture estim\u00e9e":"1 minute"},"schema":{"@context":"https:\/\/schema.org","@graph":[{"@type":"WebPage","@id":"https:\/\/investmedic-store.com\/?product=barres-dappui-en-abs-pour-salle-de-bain-im312","url":"https:\/\/investmedic-store.com\/?product=barres-dappui-en-abs-pour-salle-de-bain-im312","name":"Barres D'appui En ABS Pour Salle De Bain IM312 - investmedic-store.com","isPartOf":{"@id":"https:\/\/investmedic-store.com\/#website"},"datePublished":"2023-08-18T22:53:28+00:00","dateModified":"2023-08-18T22:53:29+00:00","breadcrumb":{"@id":"https:\/\/investmedic-store.com\/?product=barres-dappui-en-abs-pour-salle-de-bain-im312#breadcrumb"},"inLanguage":"fr-FR","potentialAction":[{"@type":"ReadAction","target":["https:\/\/investmedic-store.com\/?product=barres-dappui-en-abs-pour-salle-de-bain-im312"]}]},{"@type":"BreadcrumbList","@id":"https:\/\/investmedic-store.com\/?product=barres-dappui-en-abs-pour-salle-de-bain-im312#breadcrumb","itemListElement":[{"@type":"ListItem","position":1,"name":"Accueil","item":"https:\/\/investmedic-store.com\/"},{"@type":"ListItem","position":2,"name":"Shop","item":"https:\/\/investmedic-store.com\/?page_id=5"},{"@type":"ListItem","position":3,"name":"Barres D&#8217;appui En ABS Pour Salle De Bain IM312"}]},{"@type":"WebSite","@id":"https:\/\/investmedic-store.com\/#website","url":"https:\/\/investmedic-store.com\/","name":"invest medic store","description":"Importation &amp; Distribution Du Materiels Medico-Chirurgicales - \u0627\u0633\u062a\u064a\u0631\u0627\u062f \u0648\u062a\u0648\u0632\u064a\u0639 \u0627\u0644\u0645\u0648\u0627\u062f \u0627\u0644\u0637\u0628\u064a\u0629 \u0627\u0644\u062c\u0631\u0627\u062d\u064a\u0629","publisher":{"@id":"https:\/\/investmedic-store.com\/#organization"},"alternateName":"investmedic store","potentialAction":[{"@type":"SearchAction","target":{"@type":"EntryPoint","urlTemplate":"https:\/\/investmedic-store.com\/?s={search_term_string}"},"query-input":"required name=search_term_string"}],"inLanguage":"fr-FR"},{"@type":"Organization","@id":"https:\/\/investmedic-store.com\/#organization","name":"invest.medic store","alternateName":"investmedic store","url":"https:\/\/investmedic-store.com\/","logo":{"@type":"ImageObject","inLanguage":"fr-FR","@id":"https:\/\/investmedic-store.com\/#\/schema\/logo\/image\/","url":"https:\/\/investmedic-store.com\/wp-content\/uploads\/2023\/07\/cropped-LOGO_INVEST-transformed-removebg-preview-transformed-1-e1690120839263.png","contentUrl":"https:\/\/investmedic-store.com\/wp-content\/uploads\/2023\/07\/cropped-LOGO_INVEST-transformed-removebg-preview-transformed-1-e1690120839263.png","width":512,"height":512,"caption":"invest.medic store"},"image":{"@id":"https:\/\/investmedic-store.com\/#\/schema\/logo\/image\/"},"sameAs":["https:\/\/www.facebook.com\/invest.medic"]}]}},"_links":{"self":[{"href":"https:\/\/investmedic-store.com\/index.php?rest_route=\/wp\/v2\/product\/1749"}],"collection":[{"href":"https:\/\/investmedic-store.com\/index.php?rest_route=\/wp\/v2\/product"}],"about":[{"href":"https:\/\/investmedic-store.com\/index.php?rest_route=\/wp\/v2\/types\/product"}],"replies":[{"embeddable":true,"href":"https:\/\/investmedic-store.com\/index.php?rest_route=%2Fwp%2Fv2%2Fcomments&post=1749"}],"wp:featuredmedia":[{"embeddable":true,"href":"https:\/\/investmedic-store.com\/index.php?rest_route=\/wp\/v2\/media\/1750"}],"wp:attachment":[{"href":"https:\/\/investmedic-store.com\/index.php?rest_route=%2Fwp%2Fv2%2Fmedia&parent=1749"}],"wp:term":[{"taxonomy":"product_cat","embeddable":true,"href":"https:\/\/investmedic-store.com\/index.php?rest_route=%2Fwp%2Fv2%2Fproduct_cat&post=1749"},{"taxonomy":"product_tag","embeddable":true,"href":"https:\/\/investmedic-store.com\/index.php?rest_route=%2Fwp%2Fv2%2Fproduct_tag&post=1749"}],"curies":[{"name":"wp","href":"https:\/\/api.w.org\/{rel}","templated":true}]}}