{"id":1727,"date":"2023-08-18T22:18:30","date_gmt":"2023-08-18T21:18:30","guid":{"rendered":"https:\/\/investmedic-store.com\/?post_type=product&#038;p=1727"},"modified":"2025-05-19T06:12:20","modified_gmt":"2025-05-19T05:12:20","slug":"chaise-garde-robe-a-roue-en-aluminium-im615","status":"publish","type":"product","link":"https:\/\/investmedic-store.com\/?product=chaise-garde-robe-a-roue-en-aluminium-im615","title":{"rendered":"Chaise Garde-Robe A Roue En Aluminium IM615"},"content":{"rendered":"<h2>Description<\/h2>\n<p>une chaise mobile destin\u00e9e \u00e0 un usage hygi\u00e9nique pour permettre \u00e0 une personne \u00e0 mobilit\u00e9 r\u00e9duite n\u2019ayant pas un acc\u00e8s simple aux WC de se rendre aux toilettes.<\/p>\n<p>-Dispose d\u2019accoudoirs<\/p>\n<p>\u2013 Cadre en aluminium anodis\u00e9<br \/>\n\u2013 Grand garde au sol pour une utilisation directe sur la toilette<br \/>\n\u2013 Dossier lavable<br \/>\n\u2013 Roulettes \u00e0 3 pouces<br \/>\n\u2013 Roulettes arri\u00e8res avec p\u00e9dale de frein<\/p>\n","protected":false},"excerpt":{"rendered":"<p>Description une chaise mobile destin\u00e9e \u00e0 un usage hygi\u00e9nique pour permettre \u00e0 une personne \u00e0 mobilit\u00e9 r\u00e9duite n\u2019ayant pas un acc\u00e8s simple aux WC de se rendre aux toilettes. -Dispose d\u2019accoudoirs \u2013 Cadre en aluminium anodis\u00e9 \u2013 Grand garde au sol pour une utilisation directe sur la toilette \u2013 Dossier lavable \u2013 Roulettes \u00e0 3 &hellip;<\/p>\n<p class=\"read-more\"> <a class=\" thunk-readmore button \" href=\"https:\/\/investmedic-store.com\/?product=chaise-garde-robe-a-roue-en-aluminium-im615\"> <span class=\"screen-reader-text\">Chaise Garde-Robe A Roue En Aluminium IM615<\/span>Read More<\/a><\/p>\n","protected":false},"featured_media":1728,"comment_status":"open","ping_status":"closed","template":"","meta":{"om_disable_all_campaigns":false,"_joinchat":[]},"product_cat":[98,92],"product_tag":[],"yoast_head":"<!-- This site is optimized with the Yoast SEO plugin v20.12 - https:\/\/yoast.com\/wordpress\/plugins\/seo\/ -->\n<title>Chaise Garde-Robe A Roue En Aluminium IM615 - investmedic-store.com<\/title>\n<meta name=\"robots\" content=\"index, follow, max-snippet:-1, max-image-preview:large, max-video-preview:-1\" \/>\n<link rel=\"canonical\" href=\"https:\/\/investmedic-store.com\/?product=chaise-garde-robe-a-roue-en-aluminium-im615\" \/>\n<meta property=\"og:locale\" content=\"fr_FR\" \/>\n<meta property=\"og:type\" content=\"article\" \/>\n<meta property=\"og:title\" content=\"Chaise Garde-Robe A Roue En Aluminium IM615 - investmedic-store.com\" \/>\n<meta property=\"og:description\" content=\"Description une chaise mobile destin\u00e9e \u00e0 un usage hygi\u00e9nique pour permettre \u00e0 une personne \u00e0 mobilit\u00e9 r\u00e9duite n\u2019ayant pas un acc\u00e8s simple aux WC de se rendre aux toilettes. -Dispose d\u2019accoudoirs \u2013 Cadre en aluminium anodis\u00e9 \u2013 Grand garde au sol pour une utilisation directe sur la toilette \u2013 Dossier lavable \u2013 Roulettes \u00e0 3 &hellip; Chaise Garde-Robe A Roue En Aluminium IM615Read More\" \/>\n<meta property=\"og:url\" content=\"https:\/\/investmedic-store.com\/?product=chaise-garde-robe-a-roue-en-aluminium-im615\" \/>\n<meta property=\"og:site_name\" content=\"investmedic-store.com\" \/>\n<meta property=\"article:publisher\" content=\"https:\/\/www.facebook.com\/invest.medic\" \/>\n<meta property=\"article:modified_time\" content=\"2025-05-19T05:12:20+00:00\" \/>\n<meta property=\"og:image\" content=\"http:\/\/investmedic-store.com\/wp-content\/uploads\/2023\/08\/photo_2023-08-18_22-08-28.jpg\" \/>\n\t<meta property=\"og:image:width\" content=\"899\" \/>\n\t<meta property=\"og:image:height\" content=\"694\" \/>\n\t<meta property=\"og:image:type\" content=\"image\/jpeg\" \/>\n<meta name=\"twitter:card\" content=\"summary_large_image\" \/>\n<meta name=\"twitter:label1\" content=\"Dur\u00e9e de lecture estim\u00e9e\" \/>\n\t<meta name=\"twitter:data1\" content=\"1 minute\" \/>\n<script type=\"application\/ld+json\" class=\"yoast-schema-graph\">{\"@context\":\"https:\/\/schema.org\",\"@graph\":[{\"@type\":\"WebPage\",\"@id\":\"https:\/\/investmedic-store.com\/?product=chaise-garde-robe-a-roue-en-aluminium-im615\",\"url\":\"https:\/\/investmedic-store.com\/?product=chaise-garde-robe-a-roue-en-aluminium-im615\",\"name\":\"Chaise Garde-Robe A Roue En Aluminium IM615 - investmedic-store.com\",\"isPartOf\":{\"@id\":\"https:\/\/investmedic-store.com\/#website\"},\"datePublished\":\"2023-08-18T21:18:30+00:00\",\"dateModified\":\"2025-05-19T05:12:20+00:00\",\"breadcrumb\":{\"@id\":\"https:\/\/investmedic-store.com\/?product=chaise-garde-robe-a-roue-en-aluminium-im615#breadcrumb\"},\"inLanguage\":\"fr-FR\",\"potentialAction\":[{\"@type\":\"ReadAction\",\"target\":[\"https:\/\/investmedic-store.com\/?product=chaise-garde-robe-a-roue-en-aluminium-im615\"]}]},{\"@type\":\"BreadcrumbList\",\"@id\":\"https:\/\/investmedic-store.com\/?product=chaise-garde-robe-a-roue-en-aluminium-im615#breadcrumb\",\"itemListElement\":[{\"@type\":\"ListItem\",\"position\":1,\"name\":\"Accueil\",\"item\":\"https:\/\/investmedic-store.com\/\"},{\"@type\":\"ListItem\",\"position\":2,\"name\":\"Shop\",\"item\":\"https:\/\/investmedic-store.com\/?page_id=5\"},{\"@type\":\"ListItem\",\"position\":3,\"name\":\"Chaise Garde-Robe A Roue En Aluminium IM615\"}]},{\"@type\":\"WebSite\",\"@id\":\"https:\/\/investmedic-store.com\/#website\",\"url\":\"https:\/\/investmedic-store.com\/\",\"name\":\"invest medic store\",\"description\":\"Importation &amp; Distribution Du Materiels Medico-Chirurgicales - \u0627\u0633\u062a\u064a\u0631\u0627\u062f \u0648\u062a\u0648\u0632\u064a\u0639 \u0627\u0644\u0645\u0648\u0627\u062f \u0627\u0644\u0637\u0628\u064a\u0629 \u0627\u0644\u062c\u0631\u0627\u062d\u064a\u0629\",\"publisher\":{\"@id\":\"https:\/\/investmedic-store.com\/#organization\"},\"alternateName\":\"investmedic store\",\"potentialAction\":[{\"@type\":\"SearchAction\",\"target\":{\"@type\":\"EntryPoint\",\"urlTemplate\":\"https:\/\/investmedic-store.com\/?s={search_term_string}\"},\"query-input\":\"required name=search_term_string\"}],\"inLanguage\":\"fr-FR\"},{\"@type\":\"Organization\",\"@id\":\"https:\/\/investmedic-store.com\/#organization\",\"name\":\"invest.medic store\",\"alternateName\":\"investmedic store\",\"url\":\"https:\/\/investmedic-store.com\/\",\"logo\":{\"@type\":\"ImageObject\",\"inLanguage\":\"fr-FR\",\"@id\":\"https:\/\/investmedic-store.com\/#\/schema\/logo\/image\/\",\"url\":\"https:\/\/investmedic-store.com\/wp-content\/uploads\/2023\/07\/cropped-LOGO_INVEST-transformed-removebg-preview-transformed-1-e1690120839263.png\",\"contentUrl\":\"https:\/\/investmedic-store.com\/wp-content\/uploads\/2023\/07\/cropped-LOGO_INVEST-transformed-removebg-preview-transformed-1-e1690120839263.png\",\"width\":512,\"height\":512,\"caption\":\"invest.medic store\"},\"image\":{\"@id\":\"https:\/\/investmedic-store.com\/#\/schema\/logo\/image\/\"},\"sameAs\":[\"https:\/\/www.facebook.com\/invest.medic\"]}]}<\/script>\n<!-- \/ Yoast SEO plugin. -->","yoast_head_json":{"title":"Chaise Garde-Robe A Roue En Aluminium IM615 - investmedic-store.com","robots":{"index":"index","follow":"follow","max-snippet":"max-snippet:-1","max-image-preview":"max-image-preview:large","max-video-preview":"max-video-preview:-1"},"canonical":"https:\/\/investmedic-store.com\/?product=chaise-garde-robe-a-roue-en-aluminium-im615","og_locale":"fr_FR","og_type":"article","og_title":"Chaise Garde-Robe A Roue En Aluminium IM615 - investmedic-store.com","og_description":"Description une chaise mobile destin\u00e9e \u00e0 un usage hygi\u00e9nique pour permettre \u00e0 une personne \u00e0 mobilit\u00e9 r\u00e9duite n\u2019ayant pas un acc\u00e8s simple aux WC de se rendre aux toilettes. -Dispose d\u2019accoudoirs \u2013 Cadre en aluminium anodis\u00e9 \u2013 Grand garde au sol pour une utilisation directe sur la toilette \u2013 Dossier lavable \u2013 Roulettes \u00e0 3 &hellip; Chaise Garde-Robe A Roue En Aluminium IM615Read More","og_url":"https:\/\/investmedic-store.com\/?product=chaise-garde-robe-a-roue-en-aluminium-im615","og_site_name":"investmedic-store.com","article_publisher":"https:\/\/www.facebook.com\/invest.medic","article_modified_time":"2025-05-19T05:12:20+00:00","og_image":[{"width":899,"height":694,"url":"http:\/\/investmedic-store.com\/wp-content\/uploads\/2023\/08\/photo_2023-08-18_22-08-28.jpg","type":"image\/jpeg"}],"twitter_card":"summary_large_image","twitter_misc":{"Dur\u00e9e de lecture estim\u00e9e":"1 minute"},"schema":{"@context":"https:\/\/schema.org","@graph":[{"@type":"WebPage","@id":"https:\/\/investmedic-store.com\/?product=chaise-garde-robe-a-roue-en-aluminium-im615","url":"https:\/\/investmedic-store.com\/?product=chaise-garde-robe-a-roue-en-aluminium-im615","name":"Chaise Garde-Robe A Roue En Aluminium IM615 - investmedic-store.com","isPartOf":{"@id":"https:\/\/investmedic-store.com\/#website"},"datePublished":"2023-08-18T21:18:30+00:00","dateModified":"2025-05-19T05:12:20+00:00","breadcrumb":{"@id":"https:\/\/investmedic-store.com\/?product=chaise-garde-robe-a-roue-en-aluminium-im615#breadcrumb"},"inLanguage":"fr-FR","potentialAction":[{"@type":"ReadAction","target":["https:\/\/investmedic-store.com\/?product=chaise-garde-robe-a-roue-en-aluminium-im615"]}]},{"@type":"BreadcrumbList","@id":"https:\/\/investmedic-store.com\/?product=chaise-garde-robe-a-roue-en-aluminium-im615#breadcrumb","itemListElement":[{"@type":"ListItem","position":1,"name":"Accueil","item":"https:\/\/investmedic-store.com\/"},{"@type":"ListItem","position":2,"name":"Shop","item":"https:\/\/investmedic-store.com\/?page_id=5"},{"@type":"ListItem","position":3,"name":"Chaise Garde-Robe A Roue En Aluminium IM615"}]},{"@type":"WebSite","@id":"https:\/\/investmedic-store.com\/#website","url":"https:\/\/investmedic-store.com\/","name":"invest medic store","description":"Importation &amp; Distribution Du Materiels Medico-Chirurgicales - \u0627\u0633\u062a\u064a\u0631\u0627\u062f \u0648\u062a\u0648\u0632\u064a\u0639 \u0627\u0644\u0645\u0648\u0627\u062f \u0627\u0644\u0637\u0628\u064a\u0629 \u0627\u0644\u062c\u0631\u0627\u062d\u064a\u0629","publisher":{"@id":"https:\/\/investmedic-store.com\/#organization"},"alternateName":"investmedic store","potentialAction":[{"@type":"SearchAction","target":{"@type":"EntryPoint","urlTemplate":"https:\/\/investmedic-store.com\/?s={search_term_string}"},"query-input":"required name=search_term_string"}],"inLanguage":"fr-FR"},{"@type":"Organization","@id":"https:\/\/investmedic-store.com\/#organization","name":"invest.medic store","alternateName":"investmedic store","url":"https:\/\/investmedic-store.com\/","logo":{"@type":"ImageObject","inLanguage":"fr-FR","@id":"https:\/\/investmedic-store.com\/#\/schema\/logo\/image\/","url":"https:\/\/investmedic-store.com\/wp-content\/uploads\/2023\/07\/cropped-LOGO_INVEST-transformed-removebg-preview-transformed-1-e1690120839263.png","contentUrl":"https:\/\/investmedic-store.com\/wp-content\/uploads\/2023\/07\/cropped-LOGO_INVEST-transformed-removebg-preview-transformed-1-e1690120839263.png","width":512,"height":512,"caption":"invest.medic store"},"image":{"@id":"https:\/\/investmedic-store.com\/#\/schema\/logo\/image\/"},"sameAs":["https:\/\/www.facebook.com\/invest.medic"]}]}},"_links":{"self":[{"href":"https:\/\/investmedic-store.com\/index.php?rest_route=\/wp\/v2\/product\/1727"}],"collection":[{"href":"https:\/\/investmedic-store.com\/index.php?rest_route=\/wp\/v2\/product"}],"about":[{"href":"https:\/\/investmedic-store.com\/index.php?rest_route=\/wp\/v2\/types\/product"}],"replies":[{"embeddable":true,"href":"https:\/\/investmedic-store.com\/index.php?rest_route=%2Fwp%2Fv2%2Fcomments&post=1727"}],"wp:featuredmedia":[{"embeddable":true,"href":"https:\/\/investmedic-store.com\/index.php?rest_route=\/wp\/v2\/media\/1728"}],"wp:attachment":[{"href":"https:\/\/investmedic-store.com\/index.php?rest_route=%2Fwp%2Fv2%2Fmedia&parent=1727"}],"wp:term":[{"taxonomy":"product_cat","embeddable":true,"href":"https:\/\/investmedic-store.com\/index.php?rest_route=%2Fwp%2Fv2%2Fproduct_cat&post=1727"},{"taxonomy":"product_tag","embeddable":true,"href":"https:\/\/investmedic-store.com\/index.php?rest_route=%2Fwp%2Fv2%2Fproduct_tag&post=1727"}],"curies":[{"name":"wp","href":"https:\/\/api.w.org\/{rel}","templated":true}]}}