{"id":1719,"date":"2023-08-18T21:26:51","date_gmt":"2023-08-18T20:26:51","guid":{"rendered":"https:\/\/investmedic-store.com\/?post_type=product&#038;p=1719"},"modified":"2023-08-18T21:26:52","modified_gmt":"2023-08-18T20:26:52","slug":"fauteuil-roulant-pour-imc-enfant-leger-im984lgc","status":"publish","type":"product","link":"https:\/\/investmedic-store.com\/?product=fauteuil-roulant-pour-imc-enfant-leger-im984lgc","title":{"rendered":"Fauteuil Roulant Pour IMC Enfant Leger IM984LGC"},"content":{"rendered":"<h2>Description<\/h2>\n<p>FAUTEUIL ROULANT POUR IMC BLEU\u00a0 :<\/p>\n<p>IMC: Infirmit\u00e9 Motrice C\u00e9r\u00e9brale<\/p>\n<ul>\n<li>Fauteuil roulant l\u00e9ger en aluminium avec si\u00e8ge \u00e9l\u00e9vateur.<\/li>\n<li>Accoudoir \u00e0 hauteur r\u00e9glable.<\/li>\n<li>Repose-jambes fixe.<\/li>\n<li>Roulette avant 6\u2033 en PVC.<\/li>\n<li>Roue arri\u00e8re 16\u2033.<\/li>\n<li>Largeur d\u2019assise disponible en 38cm et 44cm.<\/li>\n<li>Assise et dossier r\u00e9glables en angle<\/li>\n<li>Support de t\u00eate r\u00e9glable<\/li>\n<li>Coussinet de bras et repose-jambes en PU<\/li>\n<\/ul>\n","protected":false},"excerpt":{"rendered":"<p>Description FAUTEUIL ROULANT POUR IMC BLEU\u00a0 : IMC: Infirmit\u00e9 Motrice C\u00e9r\u00e9brale Fauteuil roulant l\u00e9ger en aluminium avec si\u00e8ge \u00e9l\u00e9vateur. Accoudoir \u00e0 hauteur r\u00e9glable. Repose-jambes fixe. Roulette avant 6\u2033 en PVC. Roue arri\u00e8re 16\u2033. Largeur d\u2019assise disponible en 38cm et 44cm. Assise et dossier r\u00e9glables en angle Support de t\u00eate r\u00e9glable Coussinet de bras et repose-jambes &hellip;<\/p>\n<p class=\"read-more\"> <a class=\" thunk-readmore button \" href=\"https:\/\/investmedic-store.com\/?product=fauteuil-roulant-pour-imc-enfant-leger-im984lgc\"> <span class=\"screen-reader-text\">Fauteuil Roulant Pour IMC Enfant Leger IM984LGC<\/span>Read More<\/a><\/p>\n","protected":false},"featured_media":1720,"comment_status":"open","ping_status":"closed","template":"","meta":{"om_disable_all_campaigns":false,"_joinchat":[]},"product_cat":[94,92],"product_tag":[],"yoast_head":"<!-- This site is optimized with the Yoast SEO plugin v20.12 - https:\/\/yoast.com\/wordpress\/plugins\/seo\/ -->\n<title>Fauteuil Roulant Pour IMC Enfant Leger IM984LGC - investmedic-store.com<\/title>\n<meta name=\"robots\" content=\"index, follow, max-snippet:-1, max-image-preview:large, max-video-preview:-1\" \/>\n<link rel=\"canonical\" href=\"https:\/\/investmedic-store.com\/?product=fauteuil-roulant-pour-imc-enfant-leger-im984lgc\" \/>\n<meta property=\"og:locale\" content=\"fr_FR\" \/>\n<meta property=\"og:type\" content=\"article\" \/>\n<meta property=\"og:title\" content=\"Fauteuil Roulant Pour IMC Enfant Leger IM984LGC - investmedic-store.com\" \/>\n<meta property=\"og:description\" content=\"Description FAUTEUIL ROULANT POUR IMC BLEU\u00a0 : IMC: Infirmit\u00e9 Motrice C\u00e9r\u00e9brale Fauteuil roulant l\u00e9ger en aluminium avec si\u00e8ge \u00e9l\u00e9vateur. Accoudoir \u00e0 hauteur r\u00e9glable. Repose-jambes fixe. Roulette avant 6\u2033 en PVC. Roue arri\u00e8re 16\u2033. Largeur d\u2019assise disponible en 38cm et 44cm. Assise et dossier r\u00e9glables en angle Support de t\u00eate r\u00e9glable Coussinet de bras et repose-jambes &hellip; Fauteuil Roulant Pour IMC Enfant Leger IM984LGCRead More\" \/>\n<meta property=\"og:url\" content=\"https:\/\/investmedic-store.com\/?product=fauteuil-roulant-pour-imc-enfant-leger-im984lgc\" \/>\n<meta property=\"og:site_name\" content=\"investmedic-store.com\" \/>\n<meta property=\"article:publisher\" content=\"https:\/\/www.facebook.com\/invest.medic\" \/>\n<meta property=\"article:modified_time\" content=\"2023-08-18T20:26:52+00:00\" \/>\n<meta property=\"og:image\" content=\"http:\/\/investmedic-store.com\/wp-content\/uploads\/2023\/08\/imc-adulte.jpg\" \/>\n\t<meta property=\"og:image:width\" content=\"500\" \/>\n\t<meta property=\"og:image:height\" content=\"500\" \/>\n\t<meta property=\"og:image:type\" content=\"image\/jpeg\" \/>\n<meta name=\"twitter:card\" content=\"summary_large_image\" \/>\n<meta name=\"twitter:label1\" content=\"Dur\u00e9e de lecture estim\u00e9e\" \/>\n\t<meta name=\"twitter:data1\" content=\"1 minute\" \/>\n<script type=\"application\/ld+json\" class=\"yoast-schema-graph\">{\"@context\":\"https:\/\/schema.org\",\"@graph\":[{\"@type\":\"WebPage\",\"@id\":\"https:\/\/investmedic-store.com\/?product=fauteuil-roulant-pour-imc-enfant-leger-im984lgc\",\"url\":\"https:\/\/investmedic-store.com\/?product=fauteuil-roulant-pour-imc-enfant-leger-im984lgc\",\"name\":\"Fauteuil Roulant Pour IMC Enfant Leger IM984LGC - investmedic-store.com\",\"isPartOf\":{\"@id\":\"https:\/\/investmedic-store.com\/#website\"},\"datePublished\":\"2023-08-18T20:26:51+00:00\",\"dateModified\":\"2023-08-18T20:26:52+00:00\",\"breadcrumb\":{\"@id\":\"https:\/\/investmedic-store.com\/?product=fauteuil-roulant-pour-imc-enfant-leger-im984lgc#breadcrumb\"},\"inLanguage\":\"fr-FR\",\"potentialAction\":[{\"@type\":\"ReadAction\",\"target\":[\"https:\/\/investmedic-store.com\/?product=fauteuil-roulant-pour-imc-enfant-leger-im984lgc\"]}]},{\"@type\":\"BreadcrumbList\",\"@id\":\"https:\/\/investmedic-store.com\/?product=fauteuil-roulant-pour-imc-enfant-leger-im984lgc#breadcrumb\",\"itemListElement\":[{\"@type\":\"ListItem\",\"position\":1,\"name\":\"Accueil\",\"item\":\"https:\/\/investmedic-store.com\/\"},{\"@type\":\"ListItem\",\"position\":2,\"name\":\"Shop\",\"item\":\"https:\/\/investmedic-store.com\/?page_id=5\"},{\"@type\":\"ListItem\",\"position\":3,\"name\":\"Fauteuil Roulant Pour IMC Enfant Leger IM984LGC\"}]},{\"@type\":\"WebSite\",\"@id\":\"https:\/\/investmedic-store.com\/#website\",\"url\":\"https:\/\/investmedic-store.com\/\",\"name\":\"invest medic store\",\"description\":\"Importation &amp; Distribution Du Materiels Medico-Chirurgicales - \u0627\u0633\u062a\u064a\u0631\u0627\u062f \u0648\u062a\u0648\u0632\u064a\u0639 \u0627\u0644\u0645\u0648\u0627\u062f \u0627\u0644\u0637\u0628\u064a\u0629 \u0627\u0644\u062c\u0631\u0627\u062d\u064a\u0629\",\"publisher\":{\"@id\":\"https:\/\/investmedic-store.com\/#organization\"},\"alternateName\":\"investmedic store\",\"potentialAction\":[{\"@type\":\"SearchAction\",\"target\":{\"@type\":\"EntryPoint\",\"urlTemplate\":\"https:\/\/investmedic-store.com\/?s={search_term_string}\"},\"query-input\":\"required name=search_term_string\"}],\"inLanguage\":\"fr-FR\"},{\"@type\":\"Organization\",\"@id\":\"https:\/\/investmedic-store.com\/#organization\",\"name\":\"invest.medic store\",\"alternateName\":\"investmedic store\",\"url\":\"https:\/\/investmedic-store.com\/\",\"logo\":{\"@type\":\"ImageObject\",\"inLanguage\":\"fr-FR\",\"@id\":\"https:\/\/investmedic-store.com\/#\/schema\/logo\/image\/\",\"url\":\"https:\/\/investmedic-store.com\/wp-content\/uploads\/2023\/07\/cropped-LOGO_INVEST-transformed-removebg-preview-transformed-1-e1690120839263.png\",\"contentUrl\":\"https:\/\/investmedic-store.com\/wp-content\/uploads\/2023\/07\/cropped-LOGO_INVEST-transformed-removebg-preview-transformed-1-e1690120839263.png\",\"width\":512,\"height\":512,\"caption\":\"invest.medic store\"},\"image\":{\"@id\":\"https:\/\/investmedic-store.com\/#\/schema\/logo\/image\/\"},\"sameAs\":[\"https:\/\/www.facebook.com\/invest.medic\"]}]}<\/script>\n<!-- \/ Yoast SEO plugin. -->","yoast_head_json":{"title":"Fauteuil Roulant Pour IMC Enfant Leger IM984LGC - investmedic-store.com","robots":{"index":"index","follow":"follow","max-snippet":"max-snippet:-1","max-image-preview":"max-image-preview:large","max-video-preview":"max-video-preview:-1"},"canonical":"https:\/\/investmedic-store.com\/?product=fauteuil-roulant-pour-imc-enfant-leger-im984lgc","og_locale":"fr_FR","og_type":"article","og_title":"Fauteuil Roulant Pour IMC Enfant Leger IM984LGC - investmedic-store.com","og_description":"Description FAUTEUIL ROULANT POUR IMC BLEU\u00a0 : IMC: Infirmit\u00e9 Motrice C\u00e9r\u00e9brale Fauteuil roulant l\u00e9ger en aluminium avec si\u00e8ge \u00e9l\u00e9vateur. Accoudoir \u00e0 hauteur r\u00e9glable. Repose-jambes fixe. Roulette avant 6\u2033 en PVC. Roue arri\u00e8re 16\u2033. Largeur d\u2019assise disponible en 38cm et 44cm. Assise et dossier r\u00e9glables en angle Support de t\u00eate r\u00e9glable Coussinet de bras et repose-jambes &hellip; Fauteuil Roulant Pour IMC Enfant Leger IM984LGCRead More","og_url":"https:\/\/investmedic-store.com\/?product=fauteuil-roulant-pour-imc-enfant-leger-im984lgc","og_site_name":"investmedic-store.com","article_publisher":"https:\/\/www.facebook.com\/invest.medic","article_modified_time":"2023-08-18T20:26:52+00:00","og_image":[{"width":500,"height":500,"url":"http:\/\/investmedic-store.com\/wp-content\/uploads\/2023\/08\/imc-adulte.jpg","type":"image\/jpeg"}],"twitter_card":"summary_large_image","twitter_misc":{"Dur\u00e9e de lecture estim\u00e9e":"1 minute"},"schema":{"@context":"https:\/\/schema.org","@graph":[{"@type":"WebPage","@id":"https:\/\/investmedic-store.com\/?product=fauteuil-roulant-pour-imc-enfant-leger-im984lgc","url":"https:\/\/investmedic-store.com\/?product=fauteuil-roulant-pour-imc-enfant-leger-im984lgc","name":"Fauteuil Roulant Pour IMC Enfant Leger IM984LGC - investmedic-store.com","isPartOf":{"@id":"https:\/\/investmedic-store.com\/#website"},"datePublished":"2023-08-18T20:26:51+00:00","dateModified":"2023-08-18T20:26:52+00:00","breadcrumb":{"@id":"https:\/\/investmedic-store.com\/?product=fauteuil-roulant-pour-imc-enfant-leger-im984lgc#breadcrumb"},"inLanguage":"fr-FR","potentialAction":[{"@type":"ReadAction","target":["https:\/\/investmedic-store.com\/?product=fauteuil-roulant-pour-imc-enfant-leger-im984lgc"]}]},{"@type":"BreadcrumbList","@id":"https:\/\/investmedic-store.com\/?product=fauteuil-roulant-pour-imc-enfant-leger-im984lgc#breadcrumb","itemListElement":[{"@type":"ListItem","position":1,"name":"Accueil","item":"https:\/\/investmedic-store.com\/"},{"@type":"ListItem","position":2,"name":"Shop","item":"https:\/\/investmedic-store.com\/?page_id=5"},{"@type":"ListItem","position":3,"name":"Fauteuil Roulant Pour IMC Enfant Leger IM984LGC"}]},{"@type":"WebSite","@id":"https:\/\/investmedic-store.com\/#website","url":"https:\/\/investmedic-store.com\/","name":"invest medic store","description":"Importation &amp; Distribution Du Materiels Medico-Chirurgicales - \u0627\u0633\u062a\u064a\u0631\u0627\u062f \u0648\u062a\u0648\u0632\u064a\u0639 \u0627\u0644\u0645\u0648\u0627\u062f \u0627\u0644\u0637\u0628\u064a\u0629 \u0627\u0644\u062c\u0631\u0627\u062d\u064a\u0629","publisher":{"@id":"https:\/\/investmedic-store.com\/#organization"},"alternateName":"investmedic store","potentialAction":[{"@type":"SearchAction","target":{"@type":"EntryPoint","urlTemplate":"https:\/\/investmedic-store.com\/?s={search_term_string}"},"query-input":"required name=search_term_string"}],"inLanguage":"fr-FR"},{"@type":"Organization","@id":"https:\/\/investmedic-store.com\/#organization","name":"invest.medic store","alternateName":"investmedic store","url":"https:\/\/investmedic-store.com\/","logo":{"@type":"ImageObject","inLanguage":"fr-FR","@id":"https:\/\/investmedic-store.com\/#\/schema\/logo\/image\/","url":"https:\/\/investmedic-store.com\/wp-content\/uploads\/2023\/07\/cropped-LOGO_INVEST-transformed-removebg-preview-transformed-1-e1690120839263.png","contentUrl":"https:\/\/investmedic-store.com\/wp-content\/uploads\/2023\/07\/cropped-LOGO_INVEST-transformed-removebg-preview-transformed-1-e1690120839263.png","width":512,"height":512,"caption":"invest.medic store"},"image":{"@id":"https:\/\/investmedic-store.com\/#\/schema\/logo\/image\/"},"sameAs":["https:\/\/www.facebook.com\/invest.medic"]}]}},"_links":{"self":[{"href":"https:\/\/investmedic-store.com\/index.php?rest_route=\/wp\/v2\/product\/1719"}],"collection":[{"href":"https:\/\/investmedic-store.com\/index.php?rest_route=\/wp\/v2\/product"}],"about":[{"href":"https:\/\/investmedic-store.com\/index.php?rest_route=\/wp\/v2\/types\/product"}],"replies":[{"embeddable":true,"href":"https:\/\/investmedic-store.com\/index.php?rest_route=%2Fwp%2Fv2%2Fcomments&post=1719"}],"wp:featuredmedia":[{"embeddable":true,"href":"https:\/\/investmedic-store.com\/index.php?rest_route=\/wp\/v2\/media\/1720"}],"wp:attachment":[{"href":"https:\/\/investmedic-store.com\/index.php?rest_route=%2Fwp%2Fv2%2Fmedia&parent=1719"}],"wp:term":[{"taxonomy":"product_cat","embeddable":true,"href":"https:\/\/investmedic-store.com\/index.php?rest_route=%2Fwp%2Fv2%2Fproduct_cat&post=1719"},{"taxonomy":"product_tag","embeddable":true,"href":"https:\/\/investmedic-store.com\/index.php?rest_route=%2Fwp%2Fv2%2Fproduct_tag&post=1719"}],"curies":[{"name":"wp","href":"https:\/\/api.w.org\/{rel}","templated":true}]}}