{"id":1696,"date":"2023-08-18T18:22:32","date_gmt":"2023-08-18T17:22:32","guid":{"rendered":"https:\/\/investmedic-store.com\/?post_type=product&#038;p=1696"},"modified":"2023-08-18T18:22:32","modified_gmt":"2023-08-18T17:22:32","slug":"deambulateur-a-roue-im851-l5","status":"publish","type":"product","link":"https:\/\/investmedic-store.com\/?product=deambulateur-a-roue-im851-l5","title":{"rendered":"D\u00e9ambulateur A Roue IM851-L5"},"content":{"rendered":"<h2>Description<\/h2>\n<p>DEAMBULATEUR\u00a0ADULTE SUR ROULETTES<\/p>\n<ul>\n<li>Le\u00a0d\u00e9ambulateur pour adultes avec deux roues\u00a0en aluminium poss\u00e8de des pieds sur la partie arri\u00e8re et des roues \u00e0 l\u2019avant pour faciliter son d\u00e9placement.<\/li>\n<li>Il est sp\u00e9cialement indiqu\u00e9 pour les personnes qui ont des difficult\u00e9s \u00e0 marcher ou bien qui se fatigue tr\u00e8s rapidement<\/li>\n<li>Hauteur r\u00e9glable : 77,5 &#8211; 95 cm<\/li>\n<\/ul>\n","protected":false},"excerpt":{"rendered":"<p>Description DEAMBULATEUR\u00a0ADULTE SUR ROULETTES Le\u00a0d\u00e9ambulateur pour adultes avec deux roues\u00a0en aluminium poss\u00e8de des pieds sur la partie arri\u00e8re et des roues \u00e0 l\u2019avant pour faciliter son d\u00e9placement. Il est sp\u00e9cialement indiqu\u00e9 pour les personnes qui ont des difficult\u00e9s \u00e0 marcher ou bien qui se fatigue tr\u00e8s rapidement Hauteur r\u00e9glable : 77,5 &#8211; 95 cm<\/p>\n","protected":false},"featured_media":1697,"comment_status":"open","ping_status":"closed","template":"","meta":{"om_disable_all_campaigns":false,"_joinchat":[]},"product_cat":[93,92],"product_tag":[],"yoast_head":"<!-- This site is optimized with the Yoast SEO plugin v20.12 - https:\/\/yoast.com\/wordpress\/plugins\/seo\/ -->\n<title>D\u00e9ambulateur A Roue IM851-L5 - investmedic-store.com<\/title>\n<meta name=\"robots\" content=\"index, follow, max-snippet:-1, max-image-preview:large, max-video-preview:-1\" \/>\n<link rel=\"canonical\" href=\"https:\/\/investmedic-store.com\/?product=deambulateur-a-roue-im851-l5\" \/>\n<meta property=\"og:locale\" content=\"fr_FR\" \/>\n<meta property=\"og:type\" content=\"article\" \/>\n<meta property=\"og:title\" content=\"D\u00e9ambulateur A Roue IM851-L5 - investmedic-store.com\" \/>\n<meta property=\"og:description\" content=\"Description DEAMBULATEUR\u00a0ADULTE SUR ROULETTES Le\u00a0d\u00e9ambulateur pour adultes avec deux roues\u00a0en aluminium poss\u00e8de des pieds sur la partie arri\u00e8re et des roues \u00e0 l\u2019avant pour faciliter son d\u00e9placement. Il est sp\u00e9cialement indiqu\u00e9 pour les personnes qui ont des difficult\u00e9s \u00e0 marcher ou bien qui se fatigue tr\u00e8s rapidement Hauteur r\u00e9glable : 77,5 &#8211; 95 cm\" \/>\n<meta property=\"og:url\" content=\"https:\/\/investmedic-store.com\/?product=deambulateur-a-roue-im851-l5\" \/>\n<meta property=\"og:site_name\" content=\"investmedic-store.com\" \/>\n<meta property=\"article:publisher\" content=\"https:\/\/www.facebook.com\/invest.medic\" \/>\n<meta property=\"og:image\" content=\"http:\/\/investmedic-store.com\/wp-content\/uploads\/2023\/08\/DEAMBULATEUR-ADULTE-SUR-ROULETTES.jpg\" \/>\n\t<meta property=\"og:image:width\" content=\"500\" \/>\n\t<meta property=\"og:image:height\" content=\"500\" \/>\n\t<meta property=\"og:image:type\" content=\"image\/jpeg\" \/>\n<meta name=\"twitter:card\" content=\"summary_large_image\" \/>\n<meta name=\"twitter:label1\" content=\"Dur\u00e9e de lecture estim\u00e9e\" \/>\n\t<meta name=\"twitter:data1\" content=\"1 minute\" \/>\n<script type=\"application\/ld+json\" class=\"yoast-schema-graph\">{\"@context\":\"https:\/\/schema.org\",\"@graph\":[{\"@type\":\"WebPage\",\"@id\":\"https:\/\/investmedic-store.com\/?product=deambulateur-a-roue-im851-l5\",\"url\":\"https:\/\/investmedic-store.com\/?product=deambulateur-a-roue-im851-l5\",\"name\":\"D\u00e9ambulateur A Roue IM851-L5 - investmedic-store.com\",\"isPartOf\":{\"@id\":\"https:\/\/investmedic-store.com\/#website\"},\"datePublished\":\"2023-08-18T17:22:32+00:00\",\"dateModified\":\"2023-08-18T17:22:32+00:00\",\"breadcrumb\":{\"@id\":\"https:\/\/investmedic-store.com\/?product=deambulateur-a-roue-im851-l5#breadcrumb\"},\"inLanguage\":\"fr-FR\",\"potentialAction\":[{\"@type\":\"ReadAction\",\"target\":[\"https:\/\/investmedic-store.com\/?product=deambulateur-a-roue-im851-l5\"]}]},{\"@type\":\"BreadcrumbList\",\"@id\":\"https:\/\/investmedic-store.com\/?product=deambulateur-a-roue-im851-l5#breadcrumb\",\"itemListElement\":[{\"@type\":\"ListItem\",\"position\":1,\"name\":\"Accueil\",\"item\":\"https:\/\/investmedic-store.com\/\"},{\"@type\":\"ListItem\",\"position\":2,\"name\":\"Shop\",\"item\":\"https:\/\/investmedic-store.com\/?page_id=5\"},{\"@type\":\"ListItem\",\"position\":3,\"name\":\"D\u00e9ambulateur A Roue IM851-L5\"}]},{\"@type\":\"WebSite\",\"@id\":\"https:\/\/investmedic-store.com\/#website\",\"url\":\"https:\/\/investmedic-store.com\/\",\"name\":\"invest medic store\",\"description\":\"Importation &amp; Distribution Du Materiels Medico-Chirurgicales - \u0627\u0633\u062a\u064a\u0631\u0627\u062f \u0648\u062a\u0648\u0632\u064a\u0639 \u0627\u0644\u0645\u0648\u0627\u062f \u0627\u0644\u0637\u0628\u064a\u0629 \u0627\u0644\u062c\u0631\u0627\u062d\u064a\u0629\",\"publisher\":{\"@id\":\"https:\/\/investmedic-store.com\/#organization\"},\"alternateName\":\"investmedic store\",\"potentialAction\":[{\"@type\":\"SearchAction\",\"target\":{\"@type\":\"EntryPoint\",\"urlTemplate\":\"https:\/\/investmedic-store.com\/?s={search_term_string}\"},\"query-input\":\"required name=search_term_string\"}],\"inLanguage\":\"fr-FR\"},{\"@type\":\"Organization\",\"@id\":\"https:\/\/investmedic-store.com\/#organization\",\"name\":\"invest.medic store\",\"alternateName\":\"investmedic store\",\"url\":\"https:\/\/investmedic-store.com\/\",\"logo\":{\"@type\":\"ImageObject\",\"inLanguage\":\"fr-FR\",\"@id\":\"https:\/\/investmedic-store.com\/#\/schema\/logo\/image\/\",\"url\":\"https:\/\/investmedic-store.com\/wp-content\/uploads\/2023\/07\/cropped-LOGO_INVEST-transformed-removebg-preview-transformed-1-e1690120839263.png\",\"contentUrl\":\"https:\/\/investmedic-store.com\/wp-content\/uploads\/2023\/07\/cropped-LOGO_INVEST-transformed-removebg-preview-transformed-1-e1690120839263.png\",\"width\":512,\"height\":512,\"caption\":\"invest.medic store\"},\"image\":{\"@id\":\"https:\/\/investmedic-store.com\/#\/schema\/logo\/image\/\"},\"sameAs\":[\"https:\/\/www.facebook.com\/invest.medic\"]}]}<\/script>\n<!-- \/ Yoast SEO plugin. -->","yoast_head_json":{"title":"D\u00e9ambulateur A Roue IM851-L5 - investmedic-store.com","robots":{"index":"index","follow":"follow","max-snippet":"max-snippet:-1","max-image-preview":"max-image-preview:large","max-video-preview":"max-video-preview:-1"},"canonical":"https:\/\/investmedic-store.com\/?product=deambulateur-a-roue-im851-l5","og_locale":"fr_FR","og_type":"article","og_title":"D\u00e9ambulateur A Roue IM851-L5 - investmedic-store.com","og_description":"Description DEAMBULATEUR\u00a0ADULTE SUR ROULETTES Le\u00a0d\u00e9ambulateur pour adultes avec deux roues\u00a0en aluminium poss\u00e8de des pieds sur la partie arri\u00e8re et des roues \u00e0 l\u2019avant pour faciliter son d\u00e9placement. Il est sp\u00e9cialement indiqu\u00e9 pour les personnes qui ont des difficult\u00e9s \u00e0 marcher ou bien qui se fatigue tr\u00e8s rapidement Hauteur r\u00e9glable : 77,5 &#8211; 95 cm","og_url":"https:\/\/investmedic-store.com\/?product=deambulateur-a-roue-im851-l5","og_site_name":"investmedic-store.com","article_publisher":"https:\/\/www.facebook.com\/invest.medic","og_image":[{"width":500,"height":500,"url":"http:\/\/investmedic-store.com\/wp-content\/uploads\/2023\/08\/DEAMBULATEUR-ADULTE-SUR-ROULETTES.jpg","type":"image\/jpeg"}],"twitter_card":"summary_large_image","twitter_misc":{"Dur\u00e9e de lecture estim\u00e9e":"1 minute"},"schema":{"@context":"https:\/\/schema.org","@graph":[{"@type":"WebPage","@id":"https:\/\/investmedic-store.com\/?product=deambulateur-a-roue-im851-l5","url":"https:\/\/investmedic-store.com\/?product=deambulateur-a-roue-im851-l5","name":"D\u00e9ambulateur A Roue IM851-L5 - investmedic-store.com","isPartOf":{"@id":"https:\/\/investmedic-store.com\/#website"},"datePublished":"2023-08-18T17:22:32+00:00","dateModified":"2023-08-18T17:22:32+00:00","breadcrumb":{"@id":"https:\/\/investmedic-store.com\/?product=deambulateur-a-roue-im851-l5#breadcrumb"},"inLanguage":"fr-FR","potentialAction":[{"@type":"ReadAction","target":["https:\/\/investmedic-store.com\/?product=deambulateur-a-roue-im851-l5"]}]},{"@type":"BreadcrumbList","@id":"https:\/\/investmedic-store.com\/?product=deambulateur-a-roue-im851-l5#breadcrumb","itemListElement":[{"@type":"ListItem","position":1,"name":"Accueil","item":"https:\/\/investmedic-store.com\/"},{"@type":"ListItem","position":2,"name":"Shop","item":"https:\/\/investmedic-store.com\/?page_id=5"},{"@type":"ListItem","position":3,"name":"D\u00e9ambulateur A Roue IM851-L5"}]},{"@type":"WebSite","@id":"https:\/\/investmedic-store.com\/#website","url":"https:\/\/investmedic-store.com\/","name":"invest medic store","description":"Importation &amp; Distribution Du Materiels Medico-Chirurgicales - \u0627\u0633\u062a\u064a\u0631\u0627\u062f \u0648\u062a\u0648\u0632\u064a\u0639 \u0627\u0644\u0645\u0648\u0627\u062f \u0627\u0644\u0637\u0628\u064a\u0629 \u0627\u0644\u062c\u0631\u0627\u062d\u064a\u0629","publisher":{"@id":"https:\/\/investmedic-store.com\/#organization"},"alternateName":"investmedic store","potentialAction":[{"@type":"SearchAction","target":{"@type":"EntryPoint","urlTemplate":"https:\/\/investmedic-store.com\/?s={search_term_string}"},"query-input":"required name=search_term_string"}],"inLanguage":"fr-FR"},{"@type":"Organization","@id":"https:\/\/investmedic-store.com\/#organization","name":"invest.medic store","alternateName":"investmedic store","url":"https:\/\/investmedic-store.com\/","logo":{"@type":"ImageObject","inLanguage":"fr-FR","@id":"https:\/\/investmedic-store.com\/#\/schema\/logo\/image\/","url":"https:\/\/investmedic-store.com\/wp-content\/uploads\/2023\/07\/cropped-LOGO_INVEST-transformed-removebg-preview-transformed-1-e1690120839263.png","contentUrl":"https:\/\/investmedic-store.com\/wp-content\/uploads\/2023\/07\/cropped-LOGO_INVEST-transformed-removebg-preview-transformed-1-e1690120839263.png","width":512,"height":512,"caption":"invest.medic store"},"image":{"@id":"https:\/\/investmedic-store.com\/#\/schema\/logo\/image\/"},"sameAs":["https:\/\/www.facebook.com\/invest.medic"]}]}},"_links":{"self":[{"href":"https:\/\/investmedic-store.com\/index.php?rest_route=\/wp\/v2\/product\/1696"}],"collection":[{"href":"https:\/\/investmedic-store.com\/index.php?rest_route=\/wp\/v2\/product"}],"about":[{"href":"https:\/\/investmedic-store.com\/index.php?rest_route=\/wp\/v2\/types\/product"}],"replies":[{"embeddable":true,"href":"https:\/\/investmedic-store.com\/index.php?rest_route=%2Fwp%2Fv2%2Fcomments&post=1696"}],"wp:featuredmedia":[{"embeddable":true,"href":"https:\/\/investmedic-store.com\/index.php?rest_route=\/wp\/v2\/media\/1697"}],"wp:attachment":[{"href":"https:\/\/investmedic-store.com\/index.php?rest_route=%2Fwp%2Fv2%2Fmedia&parent=1696"}],"wp:term":[{"taxonomy":"product_cat","embeddable":true,"href":"https:\/\/investmedic-store.com\/index.php?rest_route=%2Fwp%2Fv2%2Fproduct_cat&post=1696"},{"taxonomy":"product_tag","embeddable":true,"href":"https:\/\/investmedic-store.com\/index.php?rest_route=%2Fwp%2Fv2%2Fproduct_tag&post=1696"}],"curies":[{"name":"wp","href":"https:\/\/api.w.org\/{rel}","templated":true}]}}