{"id":1682,"date":"2023-08-16T22:40:10","date_gmt":"2023-08-16T21:40:10","guid":{"rendered":"https:\/\/investmedic-store.com\/?post_type=product&#038;p=1682"},"modified":"2025-10-28T12:26:02","modified_gmt":"2025-10-28T11:26:02","slug":"colposcope-kn-2200i-kernel","status":"publish","type":"product","link":"https:\/\/investmedic-store.com\/?product=colposcope-kn-2200i-kernel","title":{"rendered":"Colposcope  KN-2200I KERNEL"},"content":{"rendered":"<p><strong>Appareil photographique<\/strong><\/p>\n<p>CCD couleur HD Sony, 2,1 millions de pixels effectifs, technologie avanc\u00e9e de soustraction de points pour r\u00e9duire<\/p>\n<p>la tache lumineuse caus\u00e9e par un ph\u00e9nom\u00e8ne r\u00e9fl\u00e9chissant.<\/p>\n<p>Bouton de zoom sur la conception de la cam\u00e9ra, pratique pour les m\u00e9decins \u00e0 observer.<\/p>\n<p><strong>T\u00e9l\u00e9commande portable<\/strong><\/p>\n<p>Panneau de commande humanis\u00e9, peut r\u00e9aliser le zoom, la mise au point,<\/p>\n<p>mode d&#8217;imagerie, marquage d&#8217;image, r\u00e9glage de la luminosit\u00e9<\/p>\n<p>et d&#8217;autres fonctions d&#8217;une seule main.<\/p>\n<p><strong>Chariot<\/strong><\/p>\n<p>Mat\u00e9riau enti\u00e8rement m\u00e9tallique, conception int\u00e9gr\u00e9e, plus pratique \u00e0 d\u00e9placer, adapt\u00e9 \u00e0 tous les types de salle d&#8217;inspection.<\/p>\n<p><strong>Logiciel<\/strong><\/p>\n<p>Logiciel sp\u00e9cial, peut \u00eatre utilis\u00e9 pour le marquage, le zoom avant et arri\u00e8re,<\/p>\n<p>fonction de compte \u00e0 rebours de la r\u00e9action de l&#8217;acide ac\u00e9tique.<\/p>\n<p>Base de donn\u00e9es de cas de patients professionnels (jusqu&#8217;\u00e0 175 types) et le<\/p>\n<p>l&#8217;image du cas du patient peut \u00eatre ajout\u00e9e \u00e0 la base de donn\u00e9es pour faciliter<\/p>\n<p>comparaison clinique.<\/p>\n<p><strong>Caract\u00e9ristiques<\/strong><\/p>\n<p>1. La nouvelle g\u00e9n\u00e9ration de colposcope HD adopte un CCD Sony 1\/2,8&#8243; avec un zoom optique 20x et 2,1 millions de pixels effectifs.<\/p>\n<p>2. Avec fonction d&#8217;affichage de l&#8217;\u00e9cran de vue arri\u00e8re avec batterie interne, sans limitation de fil et de poste de travail.<\/p>\n<p>3. T\u00eate enti\u00e8rement amortie, r\u00e9glage complet \u00e0 360 degr\u00e9s, peut automatiquement planer \u00e0 n&#8217;importe quel angle.<\/p>\n<p>4. Poussez le chariot avec une conception enti\u00e8rement m\u00e9tallique et int\u00e9gr\u00e9e, une int\u00e9grit\u00e9 solide, plus pratique \u00e0 d\u00e9placer.<\/p>\n<p>5. Positionnement flexible du support en porte-\u00e0-faux, peut ajuster la position et l&#8217;angle de la lentille \u00e0 volont\u00e9, offrant aux m\u00e9decins un champ de vision sans angle mort.<\/p>\n<p>6. Technologie d&#8217;imagerie avanc\u00e9e de r\u00e9duction des points lumineux, r\u00e9duisant le ph\u00e9nom\u00e8ne de r\u00e9flexion caus\u00e9 par le point lumineux.<\/p>\n<p>7. Quatre modes d&#8217;imagerie, mettant en \u00e9vidence les l\u00e9sions importantes et les vaisseaux sanguins, le tissu \u00e9pith\u00e9lial, et restaurent v\u00e9ritablement la couleur d&#8217;origine et le niveau de d\u00e9tail du tissu.<\/p>\n<p><strong>sp\u00e9cification<\/strong><\/p>\n<p>Syst\u00e8me d&#8217;imagerie colposcope vid\u00e9o num\u00e9rique KERNEL<\/p>\n<p>Mod\u00e8le : KN-2200I<\/p>\n<p>Application : diagnostic clinique de la vulve, du vagin, du col de l&#8217;ut\u00e9rus et d\u00e9pistage pr\u00e9coce du cancer du col de l&#8217;ut\u00e9rus<\/p>\n<p>Cam\u00e9ra :\u00a0 \u00a0 \u00a0 1\/2,8 pouces Sony CCD<br \/>\nPixels effectifs:\u00a0 \u00a0 2 100 000 px<br \/>\nZoom :\u00a0 \u00a0 Syst\u00e8me : 320x, optique : 20x, num\u00e9rique : 16x<br \/>\nMode de mise au point:\u00a0 \u00a0 Automatique ou manuel<br \/>\nProfondeur de champ:\u00a0 \u00a0 5.3mm\uff5e96.3mm<br \/>\nDistance de travail :\u00a0 \u00a0 \u00a0200 ~ 400 mm<br \/>\nChamp de vision :\u00a0 \u00a0 \u00a0\u042423\uff5e420mm<br \/>\nSaturation des couleurs :\u00a0 \u00a0 95 %<\/p>\n<p><strong>Caract\u00e9ristiques du logiciel du colposcope KERNEL<\/strong><\/p>\n<p>1. Le syst\u00e8me de colposcope de Kernel prend en charge les syst\u00e8mes d&#8217;exploitation Windows 7, Windows 8 et Windows 10. Installation \u00e0 une cl\u00e9<\/p>\n<p>2. Plusieurs langues disponibles : anglais, turc, vietnamien, espagnol, russe, italien.<\/p>\n<p>3. Footswitch et logiciel deux types d&#8217;acquisition, mode d&#8217;enregistrement vid\u00e9o, l&#8217;image peut \u00eatre une capture dynamique, statique et plein \u00e9cran.<\/p>\n<p>4. Un logiciel sp\u00e9cial peut \u00eatre utilis\u00e9 pour le marquage, le zoom avant et arri\u00e8re, la fonction de compte \u00e0 rebours de la r\u00e9action de l&#8217;acide ac\u00e9tique.<\/p>\n<p>5. Base de donn\u00e9es de cas de patients professionnels (jusqu&#8217;\u00e0 175 types), et l&#8217;image du cas du patient peut \u00eatre ajout\u00e9e \u00e0 la base de donn\u00e9es pour une comparaison clinique facile.<\/p>\n<p>6. 19 mod\u00e8les de rapport de cas int\u00e9gr\u00e9s pour une \u00e9dition et une impression faciles. Le format PDF peut \u00eatre g\u00e9n\u00e9r\u00e9<\/p>\n<p><strong>\u00c0 propos du syst\u00e8me colposcope<\/strong><\/p>\n<p>Le syst\u00e8me de colposcope d&#8217;imagerie vid\u00e9o num\u00e9rique combine la technologie d&#8217;imagerie num\u00e9rique avec la technologie colposcope. Applicable \u00e0 l&#8217;examen gyn\u00e9cologique clinique de la vulve, du vagin, du col de l&#8217;ut\u00e9rus et d&#8217;autres parties. Il peut agrandir l&#8217;image observ\u00e9e, d\u00e9couvrir de minuscules l\u00e9sions qui ne se voient pas \u00e0 l&#8217;\u0153il nu. Avec cet effet de grossissement, les m\u00e9decins peuvent voir clairement les petits d\u00e9tails des l\u00e9sions sur l&#8217;\u00e9piderme ut\u00e9rin et l&#8217;\u00e9piderme g\u00e9nital sur un \u00e9cran, aider \u00e0 am\u00e9liorer la pr\u00e9cision du jugement du col de l&#8217;ut\u00e9rus, des organes g\u00e9nitaux et d&#8217;autres maladies, fournir des preuves pour le diagnostic pr\u00e9coce des maladies, am\u00e9liorer consid\u00e9rablement le taux de gu\u00e9rison des maladies. Et gr\u00e2ce \u00e0 l&#8217;ordinateur, les images observ\u00e9es peuvent \u00eatre collect\u00e9es, trait\u00e9es, diagnostiqu\u00e9es cliniquement, \u00e9dit\u00e9es dans des rapports, rapport\u00e9es et interrog\u00e9es pour maximiser l&#8217;utilisation du colposcope. Mieux r\u00e9pondre aux futurs besoins de d\u00e9veloppement de la num\u00e9risation de l&#8217;imagerie m\u00e9dicale.<\/p>\n","protected":false},"excerpt":{"rendered":"<p>Syst\u00e8me d&#8217;imagerie num\u00e9rique par colposcope vid\u00e9o KN-2200I<br \/>\nIndications \uff1aGyn\u00e9cologique Dont diagnostic vaginal et ut\u00e9rin<br \/>\nCertificat\u00a0\uff1aCE\u3001FDA<br \/>\nsource de lumi\u00e8re\u00a0: lumi\u00e8re LED<br \/>\nFEO\u00a0: disponible<br \/>\n1. Syst\u00e8me d&#8217;imagerie num\u00e9rique par colposcope vid\u00e9o Kernel KN-2200I.<br \/>\n2. Sony CCD 1\/2,8&#8221;, 2,1 millions de pixels effectifs, r\u00e9solution horizontale 1080p.<br \/>\n3. Source de lumi\u00e8re LED \u00e0 indice de rendu des couleurs \u00e9lev\u00e9.<br \/>\n4. 4 modes d&#8217;imagerie : imagerie incolore, imagerie en lumi\u00e8re naturelle, imagerie en lumi\u00e8re LED, mode filtre.<br \/>\n5. Champ d&#8217;application : diagnostic clinique de la vulve, du vagin, du col de l&#8217;ut\u00e9rus et d&#8217;autres parties.<\/p>\n","protected":false},"featured_media":1683,"comment_status":"open","ping_status":"closed","template":"","meta":{"om_disable_all_campaigns":false,"_joinchat":[]},"product_cat":[135],"product_tag":[],"yoast_head":"<!-- This site is optimized with the Yoast SEO plugin v20.12 - https:\/\/yoast.com\/wordpress\/plugins\/seo\/ -->\n<title>Colposcope KN-2200I KERNEL - investmedic-store.com<\/title>\n<meta name=\"robots\" content=\"index, follow, max-snippet:-1, max-image-preview:large, max-video-preview:-1\" \/>\n<link rel=\"canonical\" href=\"https:\/\/investmedic-store.com\/?product=colposcope-kn-2200i-kernel\" \/>\n<meta property=\"og:locale\" content=\"fr_FR\" \/>\n<meta property=\"og:type\" content=\"article\" \/>\n<meta property=\"og:title\" content=\"Colposcope KN-2200I KERNEL - investmedic-store.com\" \/>\n<meta property=\"og:description\" content=\"Syst\u00e8me d&#039;imagerie num\u00e9rique par colposcope vid\u00e9o KN-2200I Indications \uff1aGyn\u00e9cologique Dont diagnostic vaginal et ut\u00e9rin Certificat\u00a0\uff1aCE\u3001FDA source de lumi\u00e8re\u00a0: lumi\u00e8re LED FEO\u00a0: disponible 1. Syst\u00e8me d&#039;imagerie num\u00e9rique par colposcope vid\u00e9o Kernel KN-2200I. 2. Sony CCD 1\/2,8&#039;&#039;, 2,1 millions de pixels effectifs, r\u00e9solution horizontale 1080p. 3. Source de lumi\u00e8re LED \u00e0 indice de rendu des couleurs \u00e9lev\u00e9. 4. 4 modes d&#039;imagerie : imagerie incolore, imagerie en lumi\u00e8re naturelle, imagerie en lumi\u00e8re LED, mode filtre. 5. Champ d&#039;application : diagnostic clinique de la vulve, du vagin, du col de l&#039;ut\u00e9rus et d&#039;autres parties.\" \/>\n<meta property=\"og:url\" content=\"https:\/\/investmedic-store.com\/?product=colposcope-kn-2200i-kernel\" \/>\n<meta property=\"og:site_name\" content=\"investmedic-store.com\" \/>\n<meta property=\"article:publisher\" content=\"https:\/\/www.facebook.com\/invest.medic\" \/>\n<meta property=\"article:modified_time\" content=\"2025-10-28T11:26:02+00:00\" \/>\n<meta property=\"og:image\" content=\"http:\/\/investmedic-store.com\/wp-content\/uploads\/2023\/08\/photo_2023-08-16_22-38-45.jpg\" \/>\n\t<meta property=\"og:image:width\" content=\"1080\" \/>\n\t<meta property=\"og:image:height\" content=\"1080\" \/>\n\t<meta property=\"og:image:type\" content=\"image\/jpeg\" \/>\n<meta name=\"twitter:card\" content=\"summary_large_image\" \/>\n<meta name=\"twitter:label1\" content=\"Dur\u00e9e de lecture estim\u00e9e\" \/>\n\t<meta name=\"twitter:data1\" content=\"4 minutes\" \/>\n<script type=\"application\/ld+json\" class=\"yoast-schema-graph\">{\"@context\":\"https:\/\/schema.org\",\"@graph\":[{\"@type\":\"WebPage\",\"@id\":\"https:\/\/investmedic-store.com\/?product=colposcope-kn-2200i-kernel\",\"url\":\"https:\/\/investmedic-store.com\/?product=colposcope-kn-2200i-kernel\",\"name\":\"Colposcope KN-2200I KERNEL - investmedic-store.com\",\"isPartOf\":{\"@id\":\"https:\/\/investmedic-store.com\/#website\"},\"datePublished\":\"2023-08-16T21:40:10+00:00\",\"dateModified\":\"2025-10-28T11:26:02+00:00\",\"breadcrumb\":{\"@id\":\"https:\/\/investmedic-store.com\/?product=colposcope-kn-2200i-kernel#breadcrumb\"},\"inLanguage\":\"fr-FR\",\"potentialAction\":[{\"@type\":\"ReadAction\",\"target\":[\"https:\/\/investmedic-store.com\/?product=colposcope-kn-2200i-kernel\"]}]},{\"@type\":\"BreadcrumbList\",\"@id\":\"https:\/\/investmedic-store.com\/?product=colposcope-kn-2200i-kernel#breadcrumb\",\"itemListElement\":[{\"@type\":\"ListItem\",\"position\":1,\"name\":\"Accueil\",\"item\":\"https:\/\/investmedic-store.com\/\"},{\"@type\":\"ListItem\",\"position\":2,\"name\":\"Shop\",\"item\":\"https:\/\/investmedic-store.com\/?page_id=5\"},{\"@type\":\"ListItem\",\"position\":3,\"name\":\"Colposcope KN-2200I KERNEL\"}]},{\"@type\":\"WebSite\",\"@id\":\"https:\/\/investmedic-store.com\/#website\",\"url\":\"https:\/\/investmedic-store.com\/\",\"name\":\"invest medic store\",\"description\":\"Importation &amp; Distribution Du Materiels Medico-Chirurgicales - \u0627\u0633\u062a\u064a\u0631\u0627\u062f \u0648\u062a\u0648\u0632\u064a\u0639 \u0627\u0644\u0645\u0648\u0627\u062f \u0627\u0644\u0637\u0628\u064a\u0629 \u0627\u0644\u062c\u0631\u0627\u062d\u064a\u0629\",\"publisher\":{\"@id\":\"https:\/\/investmedic-store.com\/#organization\"},\"alternateName\":\"investmedic store\",\"potentialAction\":[{\"@type\":\"SearchAction\",\"target\":{\"@type\":\"EntryPoint\",\"urlTemplate\":\"https:\/\/investmedic-store.com\/?s={search_term_string}\"},\"query-input\":\"required name=search_term_string\"}],\"inLanguage\":\"fr-FR\"},{\"@type\":\"Organization\",\"@id\":\"https:\/\/investmedic-store.com\/#organization\",\"name\":\"invest.medic store\",\"alternateName\":\"investmedic store\",\"url\":\"https:\/\/investmedic-store.com\/\",\"logo\":{\"@type\":\"ImageObject\",\"inLanguage\":\"fr-FR\",\"@id\":\"https:\/\/investmedic-store.com\/#\/schema\/logo\/image\/\",\"url\":\"https:\/\/investmedic-store.com\/wp-content\/uploads\/2023\/07\/cropped-LOGO_INVEST-transformed-removebg-preview-transformed-1-e1690120839263.png\",\"contentUrl\":\"https:\/\/investmedic-store.com\/wp-content\/uploads\/2023\/07\/cropped-LOGO_INVEST-transformed-removebg-preview-transformed-1-e1690120839263.png\",\"width\":512,\"height\":512,\"caption\":\"invest.medic store\"},\"image\":{\"@id\":\"https:\/\/investmedic-store.com\/#\/schema\/logo\/image\/\"},\"sameAs\":[\"https:\/\/www.facebook.com\/invest.medic\"]}]}<\/script>\n<!-- \/ Yoast SEO plugin. -->","yoast_head_json":{"title":"Colposcope KN-2200I KERNEL - investmedic-store.com","robots":{"index":"index","follow":"follow","max-snippet":"max-snippet:-1","max-image-preview":"max-image-preview:large","max-video-preview":"max-video-preview:-1"},"canonical":"https:\/\/investmedic-store.com\/?product=colposcope-kn-2200i-kernel","og_locale":"fr_FR","og_type":"article","og_title":"Colposcope KN-2200I KERNEL - investmedic-store.com","og_description":"Syst\u00e8me d'imagerie num\u00e9rique par colposcope vid\u00e9o KN-2200I Indications \uff1aGyn\u00e9cologique Dont diagnostic vaginal et ut\u00e9rin Certificat\u00a0\uff1aCE\u3001FDA source de lumi\u00e8re\u00a0: lumi\u00e8re LED FEO\u00a0: disponible 1. Syst\u00e8me d'imagerie num\u00e9rique par colposcope vid\u00e9o Kernel KN-2200I. 2. Sony CCD 1\/2,8'', 2,1 millions de pixels effectifs, r\u00e9solution horizontale 1080p. 3. Source de lumi\u00e8re LED \u00e0 indice de rendu des couleurs \u00e9lev\u00e9. 4. 4 modes d'imagerie : imagerie incolore, imagerie en lumi\u00e8re naturelle, imagerie en lumi\u00e8re LED, mode filtre. 5. Champ d'application : diagnostic clinique de la vulve, du vagin, du col de l'ut\u00e9rus et d'autres parties.","og_url":"https:\/\/investmedic-store.com\/?product=colposcope-kn-2200i-kernel","og_site_name":"investmedic-store.com","article_publisher":"https:\/\/www.facebook.com\/invest.medic","article_modified_time":"2025-10-28T11:26:02+00:00","og_image":[{"width":1080,"height":1080,"url":"http:\/\/investmedic-store.com\/wp-content\/uploads\/2023\/08\/photo_2023-08-16_22-38-45.jpg","type":"image\/jpeg"}],"twitter_card":"summary_large_image","twitter_misc":{"Dur\u00e9e de lecture estim\u00e9e":"4 minutes"},"schema":{"@context":"https:\/\/schema.org","@graph":[{"@type":"WebPage","@id":"https:\/\/investmedic-store.com\/?product=colposcope-kn-2200i-kernel","url":"https:\/\/investmedic-store.com\/?product=colposcope-kn-2200i-kernel","name":"Colposcope KN-2200I KERNEL - investmedic-store.com","isPartOf":{"@id":"https:\/\/investmedic-store.com\/#website"},"datePublished":"2023-08-16T21:40:10+00:00","dateModified":"2025-10-28T11:26:02+00:00","breadcrumb":{"@id":"https:\/\/investmedic-store.com\/?product=colposcope-kn-2200i-kernel#breadcrumb"},"inLanguage":"fr-FR","potentialAction":[{"@type":"ReadAction","target":["https:\/\/investmedic-store.com\/?product=colposcope-kn-2200i-kernel"]}]},{"@type":"BreadcrumbList","@id":"https:\/\/investmedic-store.com\/?product=colposcope-kn-2200i-kernel#breadcrumb","itemListElement":[{"@type":"ListItem","position":1,"name":"Accueil","item":"https:\/\/investmedic-store.com\/"},{"@type":"ListItem","position":2,"name":"Shop","item":"https:\/\/investmedic-store.com\/?page_id=5"},{"@type":"ListItem","position":3,"name":"Colposcope KN-2200I KERNEL"}]},{"@type":"WebSite","@id":"https:\/\/investmedic-store.com\/#website","url":"https:\/\/investmedic-store.com\/","name":"invest medic store","description":"Importation &amp; Distribution Du Materiels Medico-Chirurgicales - \u0627\u0633\u062a\u064a\u0631\u0627\u062f \u0648\u062a\u0648\u0632\u064a\u0639 \u0627\u0644\u0645\u0648\u0627\u062f \u0627\u0644\u0637\u0628\u064a\u0629 \u0627\u0644\u062c\u0631\u0627\u062d\u064a\u0629","publisher":{"@id":"https:\/\/investmedic-store.com\/#organization"},"alternateName":"investmedic store","potentialAction":[{"@type":"SearchAction","target":{"@type":"EntryPoint","urlTemplate":"https:\/\/investmedic-store.com\/?s={search_term_string}"},"query-input":"required name=search_term_string"}],"inLanguage":"fr-FR"},{"@type":"Organization","@id":"https:\/\/investmedic-store.com\/#organization","name":"invest.medic store","alternateName":"investmedic store","url":"https:\/\/investmedic-store.com\/","logo":{"@type":"ImageObject","inLanguage":"fr-FR","@id":"https:\/\/investmedic-store.com\/#\/schema\/logo\/image\/","url":"https:\/\/investmedic-store.com\/wp-content\/uploads\/2023\/07\/cropped-LOGO_INVEST-transformed-removebg-preview-transformed-1-e1690120839263.png","contentUrl":"https:\/\/investmedic-store.com\/wp-content\/uploads\/2023\/07\/cropped-LOGO_INVEST-transformed-removebg-preview-transformed-1-e1690120839263.png","width":512,"height":512,"caption":"invest.medic store"},"image":{"@id":"https:\/\/investmedic-store.com\/#\/schema\/logo\/image\/"},"sameAs":["https:\/\/www.facebook.com\/invest.medic"]}]}},"_links":{"self":[{"href":"https:\/\/investmedic-store.com\/index.php?rest_route=\/wp\/v2\/product\/1682"}],"collection":[{"href":"https:\/\/investmedic-store.com\/index.php?rest_route=\/wp\/v2\/product"}],"about":[{"href":"https:\/\/investmedic-store.com\/index.php?rest_route=\/wp\/v2\/types\/product"}],"replies":[{"embeddable":true,"href":"https:\/\/investmedic-store.com\/index.php?rest_route=%2Fwp%2Fv2%2Fcomments&post=1682"}],"wp:featuredmedia":[{"embeddable":true,"href":"https:\/\/investmedic-store.com\/index.php?rest_route=\/wp\/v2\/media\/1683"}],"wp:attachment":[{"href":"https:\/\/investmedic-store.com\/index.php?rest_route=%2Fwp%2Fv2%2Fmedia&parent=1682"}],"wp:term":[{"taxonomy":"product_cat","embeddable":true,"href":"https:\/\/investmedic-store.com\/index.php?rest_route=%2Fwp%2Fv2%2Fproduct_cat&post=1682"},{"taxonomy":"product_tag","embeddable":true,"href":"https:\/\/investmedic-store.com\/index.php?rest_route=%2Fwp%2Fv2%2Fproduct_tag&post=1682"}],"curies":[{"name":"wp","href":"https:\/\/api.w.org\/{rel}","templated":true}]}}