{"id":1651,"date":"2023-08-15T22:41:20","date_gmt":"2023-08-15T21:41:20","guid":{"rendered":"https:\/\/investmedic-store.com\/?post_type=product&#038;p=1651"},"modified":"2023-08-15T22:41:21","modified_gmt":"2023-08-15T21:41:21","slug":"bistouri-electrique-de-coagulation-modele-pro-esu150-promise","status":"publish","type":"product","link":"https:\/\/investmedic-store.com\/?product=bistouri-electrique-de-coagulation-modele-pro-esu150-promise","title":{"rendered":"Bistouri Electrique De Coagulation Mod\u00e8le PRO-ESU150 PROMISE"},"content":{"rendered":"<p><strong>Description du Bistouri \u00e9lectrique de coagulation mod\u00e8le PRO-ESU150<\/strong><\/p>\n<p>&nbsp;<\/p>\n<p>1) L&#8217;appareil de caut\u00e9risation de Conception compacte pour le monopolaire &amp; le bipolaire ;<\/p>\n<p>2) Double affichage LED avec les modes de travail : \u00a0pur \/ m\u00e9lange1, standard \/ bipolaire<\/p>\n<p>3) Syst\u00e8me REM (Return Electrode Monitoring) pour une plus grande s\u00e9curit\u00e9 ou s\u00e9curit\u00e9 maximale<\/p>\n<p>4) Des sons de fonctionnement diff\u00e9rents et r\u00e9glables en cas de mauvais fonctionnement<\/p>\n<p>5) Excellentes performances de fonctionnement avec un minimum de collage et de carbonisation ;<\/p>\n<p>6) Arr\u00eat automatique de la sortie de puissance apr\u00e8s 5s pour \u00e9viter les pour \u00e9viter les erreurs de manipulation.<\/p>\n<p>7) Large application clinique, adapt\u00e9e \u00e0 diff\u00e9rentes chirurgies<\/p>\n<p>&nbsp;<\/p>\n","protected":false},"excerpt":{"rendered":"<p><strong>Caract\u00e9ristiques du Bistouri \u00e9lectrique de coagulation mod\u00e8le PRO-ESU150<\/strong><\/p>\n<p>&nbsp;<\/p>\n<p><strong>Dimensions\u00a0<\/strong>: 330*280*100(mm)<\/p>\n<p><strong>Carton\u00a0<\/strong>: 440*390*260(mm)<\/p>\n<p><strong>Poids brut\u00a0<\/strong>: 8Kg<\/p>\n","protected":false},"featured_media":1652,"comment_status":"open","ping_status":"closed","template":"","meta":{"om_disable_all_campaigns":false,"_joinchat":[]},"product_cat":[143,135],"product_tag":[],"yoast_head":"<!-- This site is optimized with the Yoast SEO plugin v20.12 - https:\/\/yoast.com\/wordpress\/plugins\/seo\/ -->\n<title>Bistouri Electrique De Coagulation Mod\u00e8le PRO-ESU150 PROMISE - investmedic-store.com<\/title>\n<meta name=\"robots\" content=\"index, follow, max-snippet:-1, max-image-preview:large, max-video-preview:-1\" \/>\n<link rel=\"canonical\" href=\"https:\/\/investmedic-store.com\/?product=bistouri-electrique-de-coagulation-modele-pro-esu150-promise\" \/>\n<meta property=\"og:locale\" content=\"fr_FR\" \/>\n<meta property=\"og:type\" content=\"article\" \/>\n<meta property=\"og:title\" content=\"Bistouri Electrique De Coagulation Mod\u00e8le PRO-ESU150 PROMISE - investmedic-store.com\" \/>\n<meta property=\"og:description\" content=\"Caract\u00e9ristiques du Bistouri \u00e9lectrique de coagulation mod\u00e8le PRO-ESU150  &nbsp;  Dimensions\u00a0: 330*280*100(mm)  Carton\u00a0: 440*390*260(mm)  Poids brut\u00a0: 8Kg\" \/>\n<meta property=\"og:url\" content=\"https:\/\/investmedic-store.com\/?product=bistouri-electrique-de-coagulation-modele-pro-esu150-promise\" \/>\n<meta property=\"og:site_name\" content=\"investmedic-store.com\" \/>\n<meta property=\"article:publisher\" content=\"https:\/\/www.facebook.com\/invest.medic\" \/>\n<meta property=\"article:modified_time\" content=\"2023-08-15T21:41:21+00:00\" \/>\n<meta property=\"og:image\" content=\"http:\/\/investmedic-store.com\/wp-content\/uploads\/2023\/08\/photo_2023-08-14_12-37-38.jpg\" \/>\n\t<meta property=\"og:image:width\" content=\"600\" \/>\n\t<meta property=\"og:image:height\" content=\"600\" \/>\n\t<meta property=\"og:image:type\" content=\"image\/jpeg\" \/>\n<meta name=\"twitter:card\" content=\"summary_large_image\" \/>\n<meta name=\"twitter:label1\" content=\"Dur\u00e9e de lecture estim\u00e9e\" \/>\n\t<meta name=\"twitter:data1\" content=\"1 minute\" \/>\n<script type=\"application\/ld+json\" class=\"yoast-schema-graph\">{\"@context\":\"https:\/\/schema.org\",\"@graph\":[{\"@type\":\"WebPage\",\"@id\":\"https:\/\/investmedic-store.com\/?product=bistouri-electrique-de-coagulation-modele-pro-esu150-promise\",\"url\":\"https:\/\/investmedic-store.com\/?product=bistouri-electrique-de-coagulation-modele-pro-esu150-promise\",\"name\":\"Bistouri Electrique De Coagulation Mod\u00e8le PRO-ESU150 PROMISE - investmedic-store.com\",\"isPartOf\":{\"@id\":\"https:\/\/investmedic-store.com\/#website\"},\"datePublished\":\"2023-08-15T21:41:20+00:00\",\"dateModified\":\"2023-08-15T21:41:21+00:00\",\"breadcrumb\":{\"@id\":\"https:\/\/investmedic-store.com\/?product=bistouri-electrique-de-coagulation-modele-pro-esu150-promise#breadcrumb\"},\"inLanguage\":\"fr-FR\",\"potentialAction\":[{\"@type\":\"ReadAction\",\"target\":[\"https:\/\/investmedic-store.com\/?product=bistouri-electrique-de-coagulation-modele-pro-esu150-promise\"]}]},{\"@type\":\"BreadcrumbList\",\"@id\":\"https:\/\/investmedic-store.com\/?product=bistouri-electrique-de-coagulation-modele-pro-esu150-promise#breadcrumb\",\"itemListElement\":[{\"@type\":\"ListItem\",\"position\":1,\"name\":\"Accueil\",\"item\":\"https:\/\/investmedic-store.com\/\"},{\"@type\":\"ListItem\",\"position\":2,\"name\":\"Shop\",\"item\":\"https:\/\/investmedic-store.com\/?page_id=5\"},{\"@type\":\"ListItem\",\"position\":3,\"name\":\"Bistouri Electrique De Coagulation Mod\u00e8le PRO-ESU150 PROMISE\"}]},{\"@type\":\"WebSite\",\"@id\":\"https:\/\/investmedic-store.com\/#website\",\"url\":\"https:\/\/investmedic-store.com\/\",\"name\":\"invest medic store\",\"description\":\"Importation &amp; Distribution Du Materiels Medico-Chirurgicales - \u0627\u0633\u062a\u064a\u0631\u0627\u062f \u0648\u062a\u0648\u0632\u064a\u0639 \u0627\u0644\u0645\u0648\u0627\u062f \u0627\u0644\u0637\u0628\u064a\u0629 \u0627\u0644\u062c\u0631\u0627\u062d\u064a\u0629\",\"publisher\":{\"@id\":\"https:\/\/investmedic-store.com\/#organization\"},\"alternateName\":\"investmedic store\",\"potentialAction\":[{\"@type\":\"SearchAction\",\"target\":{\"@type\":\"EntryPoint\",\"urlTemplate\":\"https:\/\/investmedic-store.com\/?s={search_term_string}\"},\"query-input\":\"required name=search_term_string\"}],\"inLanguage\":\"fr-FR\"},{\"@type\":\"Organization\",\"@id\":\"https:\/\/investmedic-store.com\/#organization\",\"name\":\"invest.medic store\",\"alternateName\":\"investmedic store\",\"url\":\"https:\/\/investmedic-store.com\/\",\"logo\":{\"@type\":\"ImageObject\",\"inLanguage\":\"fr-FR\",\"@id\":\"https:\/\/investmedic-store.com\/#\/schema\/logo\/image\/\",\"url\":\"https:\/\/investmedic-store.com\/wp-content\/uploads\/2023\/07\/cropped-LOGO_INVEST-transformed-removebg-preview-transformed-1-e1690120839263.png\",\"contentUrl\":\"https:\/\/investmedic-store.com\/wp-content\/uploads\/2023\/07\/cropped-LOGO_INVEST-transformed-removebg-preview-transformed-1-e1690120839263.png\",\"width\":512,\"height\":512,\"caption\":\"invest.medic store\"},\"image\":{\"@id\":\"https:\/\/investmedic-store.com\/#\/schema\/logo\/image\/\"},\"sameAs\":[\"https:\/\/www.facebook.com\/invest.medic\"]}]}<\/script>\n<!-- \/ Yoast SEO plugin. -->","yoast_head_json":{"title":"Bistouri Electrique De Coagulation Mod\u00e8le PRO-ESU150 PROMISE - investmedic-store.com","robots":{"index":"index","follow":"follow","max-snippet":"max-snippet:-1","max-image-preview":"max-image-preview:large","max-video-preview":"max-video-preview:-1"},"canonical":"https:\/\/investmedic-store.com\/?product=bistouri-electrique-de-coagulation-modele-pro-esu150-promise","og_locale":"fr_FR","og_type":"article","og_title":"Bistouri Electrique De Coagulation Mod\u00e8le PRO-ESU150 PROMISE - investmedic-store.com","og_description":"Caract\u00e9ristiques du Bistouri \u00e9lectrique de coagulation mod\u00e8le PRO-ESU150  &nbsp;  Dimensions\u00a0: 330*280*100(mm)  Carton\u00a0: 440*390*260(mm)  Poids brut\u00a0: 8Kg","og_url":"https:\/\/investmedic-store.com\/?product=bistouri-electrique-de-coagulation-modele-pro-esu150-promise","og_site_name":"investmedic-store.com","article_publisher":"https:\/\/www.facebook.com\/invest.medic","article_modified_time":"2023-08-15T21:41:21+00:00","og_image":[{"width":600,"height":600,"url":"http:\/\/investmedic-store.com\/wp-content\/uploads\/2023\/08\/photo_2023-08-14_12-37-38.jpg","type":"image\/jpeg"}],"twitter_card":"summary_large_image","twitter_misc":{"Dur\u00e9e de lecture estim\u00e9e":"1 minute"},"schema":{"@context":"https:\/\/schema.org","@graph":[{"@type":"WebPage","@id":"https:\/\/investmedic-store.com\/?product=bistouri-electrique-de-coagulation-modele-pro-esu150-promise","url":"https:\/\/investmedic-store.com\/?product=bistouri-electrique-de-coagulation-modele-pro-esu150-promise","name":"Bistouri Electrique De Coagulation Mod\u00e8le PRO-ESU150 PROMISE - investmedic-store.com","isPartOf":{"@id":"https:\/\/investmedic-store.com\/#website"},"datePublished":"2023-08-15T21:41:20+00:00","dateModified":"2023-08-15T21:41:21+00:00","breadcrumb":{"@id":"https:\/\/investmedic-store.com\/?product=bistouri-electrique-de-coagulation-modele-pro-esu150-promise#breadcrumb"},"inLanguage":"fr-FR","potentialAction":[{"@type":"ReadAction","target":["https:\/\/investmedic-store.com\/?product=bistouri-electrique-de-coagulation-modele-pro-esu150-promise"]}]},{"@type":"BreadcrumbList","@id":"https:\/\/investmedic-store.com\/?product=bistouri-electrique-de-coagulation-modele-pro-esu150-promise#breadcrumb","itemListElement":[{"@type":"ListItem","position":1,"name":"Accueil","item":"https:\/\/investmedic-store.com\/"},{"@type":"ListItem","position":2,"name":"Shop","item":"https:\/\/investmedic-store.com\/?page_id=5"},{"@type":"ListItem","position":3,"name":"Bistouri Electrique De Coagulation Mod\u00e8le PRO-ESU150 PROMISE"}]},{"@type":"WebSite","@id":"https:\/\/investmedic-store.com\/#website","url":"https:\/\/investmedic-store.com\/","name":"invest medic store","description":"Importation &amp; Distribution Du Materiels Medico-Chirurgicales - \u0627\u0633\u062a\u064a\u0631\u0627\u062f \u0648\u062a\u0648\u0632\u064a\u0639 \u0627\u0644\u0645\u0648\u0627\u062f \u0627\u0644\u0637\u0628\u064a\u0629 \u0627\u0644\u062c\u0631\u0627\u062d\u064a\u0629","publisher":{"@id":"https:\/\/investmedic-store.com\/#organization"},"alternateName":"investmedic store","potentialAction":[{"@type":"SearchAction","target":{"@type":"EntryPoint","urlTemplate":"https:\/\/investmedic-store.com\/?s={search_term_string}"},"query-input":"required name=search_term_string"}],"inLanguage":"fr-FR"},{"@type":"Organization","@id":"https:\/\/investmedic-store.com\/#organization","name":"invest.medic store","alternateName":"investmedic store","url":"https:\/\/investmedic-store.com\/","logo":{"@type":"ImageObject","inLanguage":"fr-FR","@id":"https:\/\/investmedic-store.com\/#\/schema\/logo\/image\/","url":"https:\/\/investmedic-store.com\/wp-content\/uploads\/2023\/07\/cropped-LOGO_INVEST-transformed-removebg-preview-transformed-1-e1690120839263.png","contentUrl":"https:\/\/investmedic-store.com\/wp-content\/uploads\/2023\/07\/cropped-LOGO_INVEST-transformed-removebg-preview-transformed-1-e1690120839263.png","width":512,"height":512,"caption":"invest.medic store"},"image":{"@id":"https:\/\/investmedic-store.com\/#\/schema\/logo\/image\/"},"sameAs":["https:\/\/www.facebook.com\/invest.medic"]}]}},"_links":{"self":[{"href":"https:\/\/investmedic-store.com\/index.php?rest_route=\/wp\/v2\/product\/1651"}],"collection":[{"href":"https:\/\/investmedic-store.com\/index.php?rest_route=\/wp\/v2\/product"}],"about":[{"href":"https:\/\/investmedic-store.com\/index.php?rest_route=\/wp\/v2\/types\/product"}],"replies":[{"embeddable":true,"href":"https:\/\/investmedic-store.com\/index.php?rest_route=%2Fwp%2Fv2%2Fcomments&post=1651"}],"wp:featuredmedia":[{"embeddable":true,"href":"https:\/\/investmedic-store.com\/index.php?rest_route=\/wp\/v2\/media\/1652"}],"wp:attachment":[{"href":"https:\/\/investmedic-store.com\/index.php?rest_route=%2Fwp%2Fv2%2Fmedia&parent=1651"}],"wp:term":[{"taxonomy":"product_cat","embeddable":true,"href":"https:\/\/investmedic-store.com\/index.php?rest_route=%2Fwp%2Fv2%2Fproduct_cat&post=1651"},{"taxonomy":"product_tag","embeddable":true,"href":"https:\/\/investmedic-store.com\/index.php?rest_route=%2Fwp%2Fv2%2Fproduct_tag&post=1651"}],"curies":[{"name":"wp","href":"https:\/\/api.w.org\/{rel}","templated":true}]}}