{"id":1642,"date":"2023-08-15T00:08:26","date_gmt":"2023-08-14T23:08:26","guid":{"rendered":"https:\/\/investmedic-store.com\/?post_type=product&#038;p=1642"},"modified":"2023-08-15T00:08:27","modified_gmt":"2023-08-14T23:08:27","slug":"capnographie-portable-avec-4pr-oxima-2-meditech","status":"publish","type":"product","link":"https:\/\/investmedic-store.com\/?product=capnographie-portable-avec-4pr-oxima-2-meditech","title":{"rendered":"Capnographie Portable Avec 4PR OXIMA\u00ae 2 MEDITECH"},"content":{"rendered":"<p>Performances efficaces<br \/>\nFacile \u00e0 utiliser<br \/>\nQuatre param\u00e8tres : PNI. SpO2. Rythme cardiaque. Temp\u00e9rature<br \/>\nConvient aux adultes p\u00e9diatriques et n\u00e9onataux<br \/>\nIndicateur de capacit\u00e9 de la batterie et invite lorsque la batterie est faible<br \/>\nGrand \u00e9cran\u00a0: les RP SpO2 sont affich\u00e9es sur l&#8217;\u00e9cran LED La forme d&#8217;onde Pleth est affich\u00e9e sur l&#8217;\u00e9cran LCD couleur de 2,8\u00a0pouces en temps r\u00e9el<br \/>\n24 heures ou alimentation CA et batterie Li-ion rechargeable int\u00e9gr\u00e9e jusqu&#8217;\u00e0 5 heures d&#8217;autonomie<br \/>\nStockage\/examen des donn\u00e9es de tendance jusqu&#8217;\u00e0 3888 groupes d&#8217;intervalle de temps d&#8217;enregistrement des donn\u00e9es r\u00e9glables<br \/>\nArr\u00eat automatique pour l&#8217;intervalle de temps d&#8217;arr\u00eat d&#8217;\u00e9conomie d&#8217;\u00e9nergie r\u00e9glable<br \/>\nAlarme sonore et visuelle lorsque les param\u00e8tres sont d\u00e9pass\u00e9s et que le capteur est d\u00e9sactiv\u00e9<br \/>\nLogiciel unique pour la t\u00e9l\u00e9surveillance en transmettant les donn\u00e9es de mani\u00e8re synchrone via Internet via USB pour se connecter \u00e0 l&#8217;ordinateur<\/p>\n<p>Choix<br \/>\nImprimante Bluetooth pour Oxima2<br \/>\nApplications:<br \/>\nLogiciel PC pour Oxima2<\/p>\n","protected":false},"excerpt":{"rendered":"<p>Oxima\u00ae 2 offrant un oxym\u00e8tre de pouls de table tr\u00e8s efficace.<br \/>\nInt\u00e9grant une technologie de pointe, l&#8217;oxym\u00e8tre de pouls de table offre d&#8217;excellentes performances. De plus, notre oxym\u00e8tre de pouls de table est tr\u00e8s appr\u00e9ci\u00e9 pour ses excitations<\/p>\n<p>Oxima\u00ae 2 peut \u00eatre appliqu\u00e9 dans le bureau de la section de la clinique de soins intensifs de la salle d&#8217;op\u00e9ration de l&#8217;h\u00f4pital<br \/>\nInfirmerie du service ambulatoire et traitement d&#8217;urgence.<\/p>\n","protected":false},"featured_media":1643,"comment_status":"open","ping_status":"closed","template":"","meta":{"om_disable_all_campaigns":false,"_joinchat":[]},"product_cat":[135,138],"product_tag":[],"yoast_head":"<!-- This site is optimized with the Yoast SEO plugin v20.12 - https:\/\/yoast.com\/wordpress\/plugins\/seo\/ -->\n<title>Capnographie Portable Avec 4PR OXIMA\u00ae 2 MEDITECH - investmedic-store.com<\/title>\n<meta name=\"robots\" content=\"index, follow, max-snippet:-1, max-image-preview:large, max-video-preview:-1\" \/>\n<link rel=\"canonical\" href=\"https:\/\/investmedic-store.com\/?product=capnographie-portable-avec-4pr-oxima-2-meditech\" \/>\n<meta property=\"og:locale\" content=\"fr_FR\" \/>\n<meta property=\"og:type\" content=\"article\" \/>\n<meta property=\"og:title\" content=\"Capnographie Portable Avec 4PR OXIMA\u00ae 2 MEDITECH - investmedic-store.com\" \/>\n<meta property=\"og:description\" content=\"Oxima\u00ae 2 offrant un oxym\u00e8tre de pouls de table tr\u00e8s efficace. Int\u00e9grant une technologie de pointe, l&#039;oxym\u00e8tre de pouls de table offre d&#039;excellentes performances. De plus, notre oxym\u00e8tre de pouls de table est tr\u00e8s appr\u00e9ci\u00e9 pour ses excitations  Oxima\u00ae 2 peut \u00eatre appliqu\u00e9 dans le bureau de la section de la clinique de soins intensifs de la salle d&#039;op\u00e9ration de l&#039;h\u00f4pital Infirmerie du service ambulatoire et traitement d&#039;urgence.\" \/>\n<meta property=\"og:url\" content=\"https:\/\/investmedic-store.com\/?product=capnographie-portable-avec-4pr-oxima-2-meditech\" \/>\n<meta property=\"og:site_name\" content=\"investmedic-store.com\" \/>\n<meta property=\"article:publisher\" content=\"https:\/\/www.facebook.com\/invest.medic\" \/>\n<meta property=\"article:modified_time\" content=\"2023-08-14T23:08:27+00:00\" \/>\n<meta property=\"og:image\" content=\"http:\/\/investmedic-store.com\/wp-content\/uploads\/2023\/08\/Oxima2-3.jpg\" \/>\n\t<meta property=\"og:image:width\" content=\"800\" \/>\n\t<meta property=\"og:image:height\" content=\"800\" \/>\n\t<meta property=\"og:image:type\" content=\"image\/jpeg\" \/>\n<meta name=\"twitter:card\" content=\"summary_large_image\" \/>\n<meta name=\"twitter:label1\" content=\"Dur\u00e9e de lecture estim\u00e9e\" \/>\n\t<meta name=\"twitter:data1\" content=\"1 minute\" \/>\n<script type=\"application\/ld+json\" class=\"yoast-schema-graph\">{\"@context\":\"https:\/\/schema.org\",\"@graph\":[{\"@type\":\"WebPage\",\"@id\":\"https:\/\/investmedic-store.com\/?product=capnographie-portable-avec-4pr-oxima-2-meditech\",\"url\":\"https:\/\/investmedic-store.com\/?product=capnographie-portable-avec-4pr-oxima-2-meditech\",\"name\":\"Capnographie Portable Avec 4PR OXIMA\u00ae 2 MEDITECH - investmedic-store.com\",\"isPartOf\":{\"@id\":\"https:\/\/investmedic-store.com\/#website\"},\"datePublished\":\"2023-08-14T23:08:26+00:00\",\"dateModified\":\"2023-08-14T23:08:27+00:00\",\"breadcrumb\":{\"@id\":\"https:\/\/investmedic-store.com\/?product=capnographie-portable-avec-4pr-oxima-2-meditech#breadcrumb\"},\"inLanguage\":\"fr-FR\",\"potentialAction\":[{\"@type\":\"ReadAction\",\"target\":[\"https:\/\/investmedic-store.com\/?product=capnographie-portable-avec-4pr-oxima-2-meditech\"]}]},{\"@type\":\"BreadcrumbList\",\"@id\":\"https:\/\/investmedic-store.com\/?product=capnographie-portable-avec-4pr-oxima-2-meditech#breadcrumb\",\"itemListElement\":[{\"@type\":\"ListItem\",\"position\":1,\"name\":\"Accueil\",\"item\":\"https:\/\/investmedic-store.com\/\"},{\"@type\":\"ListItem\",\"position\":2,\"name\":\"Shop\",\"item\":\"https:\/\/investmedic-store.com\/?page_id=5\"},{\"@type\":\"ListItem\",\"position\":3,\"name\":\"Capnographie Portable Avec 4PR OXIMA\u00ae 2 MEDITECH\"}]},{\"@type\":\"WebSite\",\"@id\":\"https:\/\/investmedic-store.com\/#website\",\"url\":\"https:\/\/investmedic-store.com\/\",\"name\":\"invest medic store\",\"description\":\"Importation &amp; Distribution Du Materiels Medico-Chirurgicales - \u0627\u0633\u062a\u064a\u0631\u0627\u062f \u0648\u062a\u0648\u0632\u064a\u0639 \u0627\u0644\u0645\u0648\u0627\u062f \u0627\u0644\u0637\u0628\u064a\u0629 \u0627\u0644\u062c\u0631\u0627\u062d\u064a\u0629\",\"publisher\":{\"@id\":\"https:\/\/investmedic-store.com\/#organization\"},\"alternateName\":\"investmedic store\",\"potentialAction\":[{\"@type\":\"SearchAction\",\"target\":{\"@type\":\"EntryPoint\",\"urlTemplate\":\"https:\/\/investmedic-store.com\/?s={search_term_string}\"},\"query-input\":\"required name=search_term_string\"}],\"inLanguage\":\"fr-FR\"},{\"@type\":\"Organization\",\"@id\":\"https:\/\/investmedic-store.com\/#organization\",\"name\":\"invest.medic store\",\"alternateName\":\"investmedic store\",\"url\":\"https:\/\/investmedic-store.com\/\",\"logo\":{\"@type\":\"ImageObject\",\"inLanguage\":\"fr-FR\",\"@id\":\"https:\/\/investmedic-store.com\/#\/schema\/logo\/image\/\",\"url\":\"https:\/\/investmedic-store.com\/wp-content\/uploads\/2023\/07\/cropped-LOGO_INVEST-transformed-removebg-preview-transformed-1-e1690120839263.png\",\"contentUrl\":\"https:\/\/investmedic-store.com\/wp-content\/uploads\/2023\/07\/cropped-LOGO_INVEST-transformed-removebg-preview-transformed-1-e1690120839263.png\",\"width\":512,\"height\":512,\"caption\":\"invest.medic store\"},\"image\":{\"@id\":\"https:\/\/investmedic-store.com\/#\/schema\/logo\/image\/\"},\"sameAs\":[\"https:\/\/www.facebook.com\/invest.medic\"]}]}<\/script>\n<!-- \/ Yoast SEO plugin. -->","yoast_head_json":{"title":"Capnographie Portable Avec 4PR OXIMA\u00ae 2 MEDITECH - investmedic-store.com","robots":{"index":"index","follow":"follow","max-snippet":"max-snippet:-1","max-image-preview":"max-image-preview:large","max-video-preview":"max-video-preview:-1"},"canonical":"https:\/\/investmedic-store.com\/?product=capnographie-portable-avec-4pr-oxima-2-meditech","og_locale":"fr_FR","og_type":"article","og_title":"Capnographie Portable Avec 4PR OXIMA\u00ae 2 MEDITECH - investmedic-store.com","og_description":"Oxima\u00ae 2 offrant un oxym\u00e8tre de pouls de table tr\u00e8s efficace. Int\u00e9grant une technologie de pointe, l'oxym\u00e8tre de pouls de table offre d'excellentes performances. De plus, notre oxym\u00e8tre de pouls de table est tr\u00e8s appr\u00e9ci\u00e9 pour ses excitations  Oxima\u00ae 2 peut \u00eatre appliqu\u00e9 dans le bureau de la section de la clinique de soins intensifs de la salle d'op\u00e9ration de l'h\u00f4pital Infirmerie du service ambulatoire et traitement d'urgence.","og_url":"https:\/\/investmedic-store.com\/?product=capnographie-portable-avec-4pr-oxima-2-meditech","og_site_name":"investmedic-store.com","article_publisher":"https:\/\/www.facebook.com\/invest.medic","article_modified_time":"2023-08-14T23:08:27+00:00","og_image":[{"width":800,"height":800,"url":"http:\/\/investmedic-store.com\/wp-content\/uploads\/2023\/08\/Oxima2-3.jpg","type":"image\/jpeg"}],"twitter_card":"summary_large_image","twitter_misc":{"Dur\u00e9e de lecture estim\u00e9e":"1 minute"},"schema":{"@context":"https:\/\/schema.org","@graph":[{"@type":"WebPage","@id":"https:\/\/investmedic-store.com\/?product=capnographie-portable-avec-4pr-oxima-2-meditech","url":"https:\/\/investmedic-store.com\/?product=capnographie-portable-avec-4pr-oxima-2-meditech","name":"Capnographie Portable Avec 4PR OXIMA\u00ae 2 MEDITECH - investmedic-store.com","isPartOf":{"@id":"https:\/\/investmedic-store.com\/#website"},"datePublished":"2023-08-14T23:08:26+00:00","dateModified":"2023-08-14T23:08:27+00:00","breadcrumb":{"@id":"https:\/\/investmedic-store.com\/?product=capnographie-portable-avec-4pr-oxima-2-meditech#breadcrumb"},"inLanguage":"fr-FR","potentialAction":[{"@type":"ReadAction","target":["https:\/\/investmedic-store.com\/?product=capnographie-portable-avec-4pr-oxima-2-meditech"]}]},{"@type":"BreadcrumbList","@id":"https:\/\/investmedic-store.com\/?product=capnographie-portable-avec-4pr-oxima-2-meditech#breadcrumb","itemListElement":[{"@type":"ListItem","position":1,"name":"Accueil","item":"https:\/\/investmedic-store.com\/"},{"@type":"ListItem","position":2,"name":"Shop","item":"https:\/\/investmedic-store.com\/?page_id=5"},{"@type":"ListItem","position":3,"name":"Capnographie Portable Avec 4PR OXIMA\u00ae 2 MEDITECH"}]},{"@type":"WebSite","@id":"https:\/\/investmedic-store.com\/#website","url":"https:\/\/investmedic-store.com\/","name":"invest medic store","description":"Importation &amp; Distribution Du Materiels Medico-Chirurgicales - \u0627\u0633\u062a\u064a\u0631\u0627\u062f \u0648\u062a\u0648\u0632\u064a\u0639 \u0627\u0644\u0645\u0648\u0627\u062f \u0627\u0644\u0637\u0628\u064a\u0629 \u0627\u0644\u062c\u0631\u0627\u062d\u064a\u0629","publisher":{"@id":"https:\/\/investmedic-store.com\/#organization"},"alternateName":"investmedic store","potentialAction":[{"@type":"SearchAction","target":{"@type":"EntryPoint","urlTemplate":"https:\/\/investmedic-store.com\/?s={search_term_string}"},"query-input":"required name=search_term_string"}],"inLanguage":"fr-FR"},{"@type":"Organization","@id":"https:\/\/investmedic-store.com\/#organization","name":"invest.medic store","alternateName":"investmedic store","url":"https:\/\/investmedic-store.com\/","logo":{"@type":"ImageObject","inLanguage":"fr-FR","@id":"https:\/\/investmedic-store.com\/#\/schema\/logo\/image\/","url":"https:\/\/investmedic-store.com\/wp-content\/uploads\/2023\/07\/cropped-LOGO_INVEST-transformed-removebg-preview-transformed-1-e1690120839263.png","contentUrl":"https:\/\/investmedic-store.com\/wp-content\/uploads\/2023\/07\/cropped-LOGO_INVEST-transformed-removebg-preview-transformed-1-e1690120839263.png","width":512,"height":512,"caption":"invest.medic store"},"image":{"@id":"https:\/\/investmedic-store.com\/#\/schema\/logo\/image\/"},"sameAs":["https:\/\/www.facebook.com\/invest.medic"]}]}},"_links":{"self":[{"href":"https:\/\/investmedic-store.com\/index.php?rest_route=\/wp\/v2\/product\/1642"}],"collection":[{"href":"https:\/\/investmedic-store.com\/index.php?rest_route=\/wp\/v2\/product"}],"about":[{"href":"https:\/\/investmedic-store.com\/index.php?rest_route=\/wp\/v2\/types\/product"}],"replies":[{"embeddable":true,"href":"https:\/\/investmedic-store.com\/index.php?rest_route=%2Fwp%2Fv2%2Fcomments&post=1642"}],"wp:featuredmedia":[{"embeddable":true,"href":"https:\/\/investmedic-store.com\/index.php?rest_route=\/wp\/v2\/media\/1643"}],"wp:attachment":[{"href":"https:\/\/investmedic-store.com\/index.php?rest_route=%2Fwp%2Fv2%2Fmedia&parent=1642"}],"wp:term":[{"taxonomy":"product_cat","embeddable":true,"href":"https:\/\/investmedic-store.com\/index.php?rest_route=%2Fwp%2Fv2%2Fproduct_cat&post=1642"},{"taxonomy":"product_tag","embeddable":true,"href":"https:\/\/investmedic-store.com\/index.php?rest_route=%2Fwp%2Fv2%2Fproduct_tag&post=1642"}],"curies":[{"name":"wp","href":"https:\/\/api.w.org\/{rel}","templated":true}]}}