{"id":1637,"date":"2023-08-14T23:50:39","date_gmt":"2023-08-14T22:50:39","guid":{"rendered":"https:\/\/investmedic-store.com\/?post_type=product&#038;p=1637"},"modified":"2023-08-14T23:50:39","modified_gmt":"2023-08-14T22:50:39","slug":"ecg-6-pistes-avec-interpretation-ecran-tactile-ekg-6a-meditech","status":"publish","type":"product","link":"https:\/\/investmedic-store.com\/?product=ecg-6-pistes-avec-interpretation-ecran-tactile-ekg-6a-meditech","title":{"rendered":"ECG 6 Pistes Avec Interpr\u00e9tation Ecran Tactile EKG-6A MEDITECH"},"content":{"rendered":"<p>Grand \u00e9cran couleur et tactile 7\u2033.<br \/>\nClavier pour la gestion des patients, Nom\u00a0: ____. \u00c2ge: ____. IDENTIFIANT: _____. Sexe : H\/F.<br \/>\nProgramme d&#8217;auto-interpr\u00e9tation ECG pr\u00e9cis.<br \/>\nAcquisition et affichage simultan\u00e9s ECG 12 d\u00e9rivations.<br \/>\nImpression ECG simultan\u00e9e \u00e0 3 d\u00e9rivations avec du papier thermique de 80 mm.<br \/>\nMode de fonctionnement multiple : automatique, manuel, analyse des arythmies.<br \/>\nLes filtres num\u00e9riques \u00e9liminent les interf\u00e9rences EMG, AC, Baseline Drift.<br \/>\nBatterie Li-ion rechargeable int\u00e9gr\u00e9e, 2 heures de travail continu.<br \/>\nForme d&#8217;onde ECG en temps r\u00e9el.<br \/>\nPrise USB externe pour stocker 1000 rapports.<br \/>\nD\u00e9tection de plomb.<br \/>\nInterface USB\/RS232 int\u00e9gr\u00e9e.<\/p>\n<p>Facultatif\u00a0:<br \/>\nMise \u00e0 jour logicielle automatiquement via USB.<\/p>\n","protected":false},"excerpt":{"rendered":"<p>Appareil ECG EKG-6A<br \/>\nMachine ECG \u00e0 six canaux, mince, avanc\u00e9e et l\u00e9g\u00e8re<\/p>\n","protected":false},"featured_media":1638,"comment_status":"open","ping_status":"closed","template":"","meta":{"om_disable_all_campaigns":false,"_joinchat":[]},"product_cat":[135,141],"product_tag":[],"yoast_head":"<!-- This site is optimized with the Yoast SEO plugin v20.12 - https:\/\/yoast.com\/wordpress\/plugins\/seo\/ -->\n<title>ECG 6 Pistes Avec Interpr\u00e9tation Ecran Tactile EKG-6A MEDITECH - investmedic-store.com<\/title>\n<meta name=\"robots\" content=\"index, follow, max-snippet:-1, max-image-preview:large, max-video-preview:-1\" \/>\n<link rel=\"canonical\" href=\"https:\/\/investmedic-store.com\/?product=ecg-6-pistes-avec-interpretation-ecran-tactile-ekg-6a-meditech\" \/>\n<meta property=\"og:locale\" content=\"fr_FR\" \/>\n<meta property=\"og:type\" content=\"article\" \/>\n<meta property=\"og:title\" content=\"ECG 6 Pistes Avec Interpr\u00e9tation Ecran Tactile EKG-6A MEDITECH - investmedic-store.com\" \/>\n<meta property=\"og:description\" content=\"Appareil ECG EKG-6A Machine ECG \u00e0 six canaux, mince, avanc\u00e9e et l\u00e9g\u00e8re\" \/>\n<meta property=\"og:url\" content=\"https:\/\/investmedic-store.com\/?product=ecg-6-pistes-avec-interpretation-ecran-tactile-ekg-6a-meditech\" \/>\n<meta property=\"og:site_name\" content=\"investmedic-store.com\" \/>\n<meta property=\"article:publisher\" content=\"https:\/\/www.facebook.com\/invest.medic\" \/>\n<meta property=\"og:image\" content=\"http:\/\/investmedic-store.com\/wp-content\/uploads\/2023\/08\/EKG-6A-4.jpg\" \/>\n\t<meta property=\"og:image:width\" content=\"720\" \/>\n\t<meta property=\"og:image:height\" content=\"960\" \/>\n\t<meta property=\"og:image:type\" content=\"image\/jpeg\" \/>\n<meta name=\"twitter:card\" content=\"summary_large_image\" \/>\n<meta name=\"twitter:label1\" content=\"Dur\u00e9e de lecture estim\u00e9e\" \/>\n\t<meta name=\"twitter:data1\" content=\"1 minute\" \/>\n<script type=\"application\/ld+json\" class=\"yoast-schema-graph\">{\"@context\":\"https:\/\/schema.org\",\"@graph\":[{\"@type\":\"WebPage\",\"@id\":\"https:\/\/investmedic-store.com\/?product=ecg-6-pistes-avec-interpretation-ecran-tactile-ekg-6a-meditech\",\"url\":\"https:\/\/investmedic-store.com\/?product=ecg-6-pistes-avec-interpretation-ecran-tactile-ekg-6a-meditech\",\"name\":\"ECG 6 Pistes Avec Interpr\u00e9tation Ecran Tactile EKG-6A MEDITECH - investmedic-store.com\",\"isPartOf\":{\"@id\":\"https:\/\/investmedic-store.com\/#website\"},\"datePublished\":\"2023-08-14T22:50:39+00:00\",\"dateModified\":\"2023-08-14T22:50:39+00:00\",\"breadcrumb\":{\"@id\":\"https:\/\/investmedic-store.com\/?product=ecg-6-pistes-avec-interpretation-ecran-tactile-ekg-6a-meditech#breadcrumb\"},\"inLanguage\":\"fr-FR\",\"potentialAction\":[{\"@type\":\"ReadAction\",\"target\":[\"https:\/\/investmedic-store.com\/?product=ecg-6-pistes-avec-interpretation-ecran-tactile-ekg-6a-meditech\"]}]},{\"@type\":\"BreadcrumbList\",\"@id\":\"https:\/\/investmedic-store.com\/?product=ecg-6-pistes-avec-interpretation-ecran-tactile-ekg-6a-meditech#breadcrumb\",\"itemListElement\":[{\"@type\":\"ListItem\",\"position\":1,\"name\":\"Accueil\",\"item\":\"https:\/\/investmedic-store.com\/\"},{\"@type\":\"ListItem\",\"position\":2,\"name\":\"Shop\",\"item\":\"https:\/\/investmedic-store.com\/?page_id=5\"},{\"@type\":\"ListItem\",\"position\":3,\"name\":\"ECG 6 Pistes Avec Interpr\u00e9tation Ecran Tactile EKG-6A MEDITECH\"}]},{\"@type\":\"WebSite\",\"@id\":\"https:\/\/investmedic-store.com\/#website\",\"url\":\"https:\/\/investmedic-store.com\/\",\"name\":\"invest medic store\",\"description\":\"Importation &amp; Distribution Du Materiels Medico-Chirurgicales - \u0627\u0633\u062a\u064a\u0631\u0627\u062f \u0648\u062a\u0648\u0632\u064a\u0639 \u0627\u0644\u0645\u0648\u0627\u062f \u0627\u0644\u0637\u0628\u064a\u0629 \u0627\u0644\u062c\u0631\u0627\u062d\u064a\u0629\",\"publisher\":{\"@id\":\"https:\/\/investmedic-store.com\/#organization\"},\"alternateName\":\"investmedic store\",\"potentialAction\":[{\"@type\":\"SearchAction\",\"target\":{\"@type\":\"EntryPoint\",\"urlTemplate\":\"https:\/\/investmedic-store.com\/?s={search_term_string}\"},\"query-input\":\"required name=search_term_string\"}],\"inLanguage\":\"fr-FR\"},{\"@type\":\"Organization\",\"@id\":\"https:\/\/investmedic-store.com\/#organization\",\"name\":\"invest.medic store\",\"alternateName\":\"investmedic store\",\"url\":\"https:\/\/investmedic-store.com\/\",\"logo\":{\"@type\":\"ImageObject\",\"inLanguage\":\"fr-FR\",\"@id\":\"https:\/\/investmedic-store.com\/#\/schema\/logo\/image\/\",\"url\":\"https:\/\/investmedic-store.com\/wp-content\/uploads\/2023\/07\/cropped-LOGO_INVEST-transformed-removebg-preview-transformed-1-e1690120839263.png\",\"contentUrl\":\"https:\/\/investmedic-store.com\/wp-content\/uploads\/2023\/07\/cropped-LOGO_INVEST-transformed-removebg-preview-transformed-1-e1690120839263.png\",\"width\":512,\"height\":512,\"caption\":\"invest.medic store\"},\"image\":{\"@id\":\"https:\/\/investmedic-store.com\/#\/schema\/logo\/image\/\"},\"sameAs\":[\"https:\/\/www.facebook.com\/invest.medic\"]}]}<\/script>\n<!-- \/ Yoast SEO plugin. -->","yoast_head_json":{"title":"ECG 6 Pistes Avec Interpr\u00e9tation Ecran Tactile EKG-6A MEDITECH - investmedic-store.com","robots":{"index":"index","follow":"follow","max-snippet":"max-snippet:-1","max-image-preview":"max-image-preview:large","max-video-preview":"max-video-preview:-1"},"canonical":"https:\/\/investmedic-store.com\/?product=ecg-6-pistes-avec-interpretation-ecran-tactile-ekg-6a-meditech","og_locale":"fr_FR","og_type":"article","og_title":"ECG 6 Pistes Avec Interpr\u00e9tation Ecran Tactile EKG-6A MEDITECH - investmedic-store.com","og_description":"Appareil ECG EKG-6A Machine ECG \u00e0 six canaux, mince, avanc\u00e9e et l\u00e9g\u00e8re","og_url":"https:\/\/investmedic-store.com\/?product=ecg-6-pistes-avec-interpretation-ecran-tactile-ekg-6a-meditech","og_site_name":"investmedic-store.com","article_publisher":"https:\/\/www.facebook.com\/invest.medic","og_image":[{"width":720,"height":960,"url":"http:\/\/investmedic-store.com\/wp-content\/uploads\/2023\/08\/EKG-6A-4.jpg","type":"image\/jpeg"}],"twitter_card":"summary_large_image","twitter_misc":{"Dur\u00e9e de lecture estim\u00e9e":"1 minute"},"schema":{"@context":"https:\/\/schema.org","@graph":[{"@type":"WebPage","@id":"https:\/\/investmedic-store.com\/?product=ecg-6-pistes-avec-interpretation-ecran-tactile-ekg-6a-meditech","url":"https:\/\/investmedic-store.com\/?product=ecg-6-pistes-avec-interpretation-ecran-tactile-ekg-6a-meditech","name":"ECG 6 Pistes Avec Interpr\u00e9tation Ecran Tactile EKG-6A MEDITECH - investmedic-store.com","isPartOf":{"@id":"https:\/\/investmedic-store.com\/#website"},"datePublished":"2023-08-14T22:50:39+00:00","dateModified":"2023-08-14T22:50:39+00:00","breadcrumb":{"@id":"https:\/\/investmedic-store.com\/?product=ecg-6-pistes-avec-interpretation-ecran-tactile-ekg-6a-meditech#breadcrumb"},"inLanguage":"fr-FR","potentialAction":[{"@type":"ReadAction","target":["https:\/\/investmedic-store.com\/?product=ecg-6-pistes-avec-interpretation-ecran-tactile-ekg-6a-meditech"]}]},{"@type":"BreadcrumbList","@id":"https:\/\/investmedic-store.com\/?product=ecg-6-pistes-avec-interpretation-ecran-tactile-ekg-6a-meditech#breadcrumb","itemListElement":[{"@type":"ListItem","position":1,"name":"Accueil","item":"https:\/\/investmedic-store.com\/"},{"@type":"ListItem","position":2,"name":"Shop","item":"https:\/\/investmedic-store.com\/?page_id=5"},{"@type":"ListItem","position":3,"name":"ECG 6 Pistes Avec Interpr\u00e9tation Ecran Tactile EKG-6A MEDITECH"}]},{"@type":"WebSite","@id":"https:\/\/investmedic-store.com\/#website","url":"https:\/\/investmedic-store.com\/","name":"invest medic store","description":"Importation &amp; Distribution Du Materiels Medico-Chirurgicales - \u0627\u0633\u062a\u064a\u0631\u0627\u062f \u0648\u062a\u0648\u0632\u064a\u0639 \u0627\u0644\u0645\u0648\u0627\u062f \u0627\u0644\u0637\u0628\u064a\u0629 \u0627\u0644\u062c\u0631\u0627\u062d\u064a\u0629","publisher":{"@id":"https:\/\/investmedic-store.com\/#organization"},"alternateName":"investmedic store","potentialAction":[{"@type":"SearchAction","target":{"@type":"EntryPoint","urlTemplate":"https:\/\/investmedic-store.com\/?s={search_term_string}"},"query-input":"required name=search_term_string"}],"inLanguage":"fr-FR"},{"@type":"Organization","@id":"https:\/\/investmedic-store.com\/#organization","name":"invest.medic store","alternateName":"investmedic store","url":"https:\/\/investmedic-store.com\/","logo":{"@type":"ImageObject","inLanguage":"fr-FR","@id":"https:\/\/investmedic-store.com\/#\/schema\/logo\/image\/","url":"https:\/\/investmedic-store.com\/wp-content\/uploads\/2023\/07\/cropped-LOGO_INVEST-transformed-removebg-preview-transformed-1-e1690120839263.png","contentUrl":"https:\/\/investmedic-store.com\/wp-content\/uploads\/2023\/07\/cropped-LOGO_INVEST-transformed-removebg-preview-transformed-1-e1690120839263.png","width":512,"height":512,"caption":"invest.medic store"},"image":{"@id":"https:\/\/investmedic-store.com\/#\/schema\/logo\/image\/"},"sameAs":["https:\/\/www.facebook.com\/invest.medic"]}]}},"_links":{"self":[{"href":"https:\/\/investmedic-store.com\/index.php?rest_route=\/wp\/v2\/product\/1637"}],"collection":[{"href":"https:\/\/investmedic-store.com\/index.php?rest_route=\/wp\/v2\/product"}],"about":[{"href":"https:\/\/investmedic-store.com\/index.php?rest_route=\/wp\/v2\/types\/product"}],"replies":[{"embeddable":true,"href":"https:\/\/investmedic-store.com\/index.php?rest_route=%2Fwp%2Fv2%2Fcomments&post=1637"}],"wp:featuredmedia":[{"embeddable":true,"href":"https:\/\/investmedic-store.com\/index.php?rest_route=\/wp\/v2\/media\/1638"}],"wp:attachment":[{"href":"https:\/\/investmedic-store.com\/index.php?rest_route=%2Fwp%2Fv2%2Fmedia&parent=1637"}],"wp:term":[{"taxonomy":"product_cat","embeddable":true,"href":"https:\/\/investmedic-store.com\/index.php?rest_route=%2Fwp%2Fv2%2Fproduct_cat&post=1637"},{"taxonomy":"product_tag","embeddable":true,"href":"https:\/\/investmedic-store.com\/index.php?rest_route=%2Fwp%2Fv2%2Fproduct_tag&post=1637"}],"curies":[{"name":"wp","href":"https:\/\/api.w.org\/{rel}","templated":true}]}}