{"id":1632,"date":"2023-08-14T23:39:53","date_gmt":"2023-08-14T22:39:53","guid":{"rendered":"https:\/\/investmedic-store.com\/?post_type=product&#038;p=1632"},"modified":"2025-05-11T10:12:09","modified_gmt":"2025-05-11T09:12:09","slug":"ecg-3-pistes-avec-interpretation-ekg312t-meditech","status":"publish","type":"product","link":"https:\/\/investmedic-store.com\/?product=ecg-3-pistes-avec-interpretation-ekg312t-meditech","title":{"rendered":"ECG 3 Pistes Avec Interpr\u00e9tation EKG312T MEDITECH"},"content":{"rendered":"<p>\u00c9lectrocargiographe \u00e0 3 canaux<br \/>\n\u00c9cran couleur TFT, haute r\u00e9solution de 480 x 270 et conception d&#8217;\u00e9cran plus large en proportion de 16:9.<br \/>\n\u00c9cran tactile et contr\u00f4le du clavier souple plus pratique pour le fonctionnement.<br \/>\nAffichage simultan\u00e9 de 12 d\u00e9rivations.<br \/>\nFiltre de ligne de base du filtre AC et filtre EMG des signaux ECG.<br \/>\nAuto-analyse et auto-interpr\u00e9tation.<br \/>\nFournir plus de 10 modes d&#8217;impression.<br \/>\nPlus de 1000 cas en m\u00e9moire interne.<br \/>\nPeut imprimer 90 minutes et imprimer 150 ECG en continu.<br \/>\nLangue :<br \/>\nAnglais<br \/>\nChinois<br \/>\nEspagnol<br \/>\nitalien<br \/>\nAllemand<br \/>\nFran\u00e7ais<br \/>\nrusse<br \/>\nPortugais<br \/>\npolonais<br \/>\nturc<br \/>\net plus&#8230;<br \/>\nFacultatif\u00a0: le logiciel ECG-Sync se connecte au PC via un connecteur USB pour former un ECG<\/p>\n","protected":false},"excerpt":{"rendered":"<p>Machine ECG \u00e0 \u00e9cran couleur et tactile EKG312T avec clavier et interpr\u00e9tation,<br \/>\nGrande capacit\u00e9 de base de donn\u00e9es,<br \/>\nTechnologie d&#8217;isolation num\u00e9rique et solution de traitement du signal, filtre num\u00e9rique,<br \/>\nGestion des patients, Nom\u00a0:____ . \u00c2ge:____ . IDENTIFIANT:_____ . Sexe : M\/F avec clavier tactile.<\/p>\n","protected":false},"featured_media":1633,"comment_status":"open","ping_status":"closed","template":"","meta":{"om_disable_all_campaigns":false,"_joinchat":[]},"product_cat":[135,141],"product_tag":[],"yoast_head":"<!-- This site is optimized with the Yoast SEO plugin v20.12 - https:\/\/yoast.com\/wordpress\/plugins\/seo\/ -->\n<title>ECG 3 Pistes Avec Interpr\u00e9tation EKG312T MEDITECH - investmedic-store.com<\/title>\n<meta name=\"robots\" content=\"index, follow, max-snippet:-1, max-image-preview:large, max-video-preview:-1\" \/>\n<link rel=\"canonical\" href=\"https:\/\/investmedic-store.com\/?product=ecg-3-pistes-avec-interpretation-ekg312t-meditech\" \/>\n<meta property=\"og:locale\" content=\"fr_FR\" \/>\n<meta property=\"og:type\" content=\"article\" \/>\n<meta property=\"og:title\" content=\"ECG 3 Pistes Avec Interpr\u00e9tation EKG312T MEDITECH - investmedic-store.com\" \/>\n<meta property=\"og:description\" content=\"Machine ECG \u00e0 \u00e9cran couleur et tactile EKG312T avec clavier et interpr\u00e9tation, Grande capacit\u00e9 de base de donn\u00e9es, Technologie d&#039;isolation num\u00e9rique et solution de traitement du signal, filtre num\u00e9rique, Gestion des patients, Nom\u00a0:____ . \u00c2ge:____ . IDENTIFIANT:_____ . Sexe : M\/F avec clavier tactile.\" \/>\n<meta property=\"og:url\" content=\"https:\/\/investmedic-store.com\/?product=ecg-3-pistes-avec-interpretation-ekg312t-meditech\" \/>\n<meta property=\"og:site_name\" content=\"investmedic-store.com\" \/>\n<meta property=\"article:publisher\" content=\"https:\/\/www.facebook.com\/invest.medic\" \/>\n<meta property=\"article:modified_time\" content=\"2025-05-11T09:12:09+00:00\" \/>\n<meta property=\"og:image\" content=\"http:\/\/investmedic-store.com\/wp-content\/uploads\/2023\/08\/EKG312T.jpg\" \/>\n\t<meta property=\"og:image:width\" content=\"800\" \/>\n\t<meta property=\"og:image:height\" content=\"800\" \/>\n\t<meta property=\"og:image:type\" content=\"image\/jpeg\" \/>\n<meta name=\"twitter:card\" content=\"summary_large_image\" \/>\n<meta name=\"twitter:label1\" content=\"Dur\u00e9e de lecture estim\u00e9e\" \/>\n\t<meta name=\"twitter:data1\" content=\"1 minute\" \/>\n<script type=\"application\/ld+json\" class=\"yoast-schema-graph\">{\"@context\":\"https:\/\/schema.org\",\"@graph\":[{\"@type\":\"WebPage\",\"@id\":\"https:\/\/investmedic-store.com\/?product=ecg-3-pistes-avec-interpretation-ekg312t-meditech\",\"url\":\"https:\/\/investmedic-store.com\/?product=ecg-3-pistes-avec-interpretation-ekg312t-meditech\",\"name\":\"ECG 3 Pistes Avec Interpr\u00e9tation EKG312T MEDITECH - investmedic-store.com\",\"isPartOf\":{\"@id\":\"https:\/\/investmedic-store.com\/#website\"},\"datePublished\":\"2023-08-14T22:39:53+00:00\",\"dateModified\":\"2025-05-11T09:12:09+00:00\",\"breadcrumb\":{\"@id\":\"https:\/\/investmedic-store.com\/?product=ecg-3-pistes-avec-interpretation-ekg312t-meditech#breadcrumb\"},\"inLanguage\":\"fr-FR\",\"potentialAction\":[{\"@type\":\"ReadAction\",\"target\":[\"https:\/\/investmedic-store.com\/?product=ecg-3-pistes-avec-interpretation-ekg312t-meditech\"]}]},{\"@type\":\"BreadcrumbList\",\"@id\":\"https:\/\/investmedic-store.com\/?product=ecg-3-pistes-avec-interpretation-ekg312t-meditech#breadcrumb\",\"itemListElement\":[{\"@type\":\"ListItem\",\"position\":1,\"name\":\"Accueil\",\"item\":\"https:\/\/investmedic-store.com\/\"},{\"@type\":\"ListItem\",\"position\":2,\"name\":\"Shop\",\"item\":\"https:\/\/investmedic-store.com\/?page_id=5\"},{\"@type\":\"ListItem\",\"position\":3,\"name\":\"ECG 3 Pistes Avec Interpr\u00e9tation EKG312T MEDITECH\"}]},{\"@type\":\"WebSite\",\"@id\":\"https:\/\/investmedic-store.com\/#website\",\"url\":\"https:\/\/investmedic-store.com\/\",\"name\":\"invest medic store\",\"description\":\"Importation &amp; Distribution Du Materiels Medico-Chirurgicales - \u0627\u0633\u062a\u064a\u0631\u0627\u062f \u0648\u062a\u0648\u0632\u064a\u0639 \u0627\u0644\u0645\u0648\u0627\u062f \u0627\u0644\u0637\u0628\u064a\u0629 \u0627\u0644\u062c\u0631\u0627\u062d\u064a\u0629\",\"publisher\":{\"@id\":\"https:\/\/investmedic-store.com\/#organization\"},\"alternateName\":\"investmedic store\",\"potentialAction\":[{\"@type\":\"SearchAction\",\"target\":{\"@type\":\"EntryPoint\",\"urlTemplate\":\"https:\/\/investmedic-store.com\/?s={search_term_string}\"},\"query-input\":\"required name=search_term_string\"}],\"inLanguage\":\"fr-FR\"},{\"@type\":\"Organization\",\"@id\":\"https:\/\/investmedic-store.com\/#organization\",\"name\":\"invest.medic store\",\"alternateName\":\"investmedic store\",\"url\":\"https:\/\/investmedic-store.com\/\",\"logo\":{\"@type\":\"ImageObject\",\"inLanguage\":\"fr-FR\",\"@id\":\"https:\/\/investmedic-store.com\/#\/schema\/logo\/image\/\",\"url\":\"https:\/\/investmedic-store.com\/wp-content\/uploads\/2023\/07\/cropped-LOGO_INVEST-transformed-removebg-preview-transformed-1-e1690120839263.png\",\"contentUrl\":\"https:\/\/investmedic-store.com\/wp-content\/uploads\/2023\/07\/cropped-LOGO_INVEST-transformed-removebg-preview-transformed-1-e1690120839263.png\",\"width\":512,\"height\":512,\"caption\":\"invest.medic store\"},\"image\":{\"@id\":\"https:\/\/investmedic-store.com\/#\/schema\/logo\/image\/\"},\"sameAs\":[\"https:\/\/www.facebook.com\/invest.medic\"]}]}<\/script>\n<!-- \/ Yoast SEO plugin. -->","yoast_head_json":{"title":"ECG 3 Pistes Avec Interpr\u00e9tation EKG312T MEDITECH - investmedic-store.com","robots":{"index":"index","follow":"follow","max-snippet":"max-snippet:-1","max-image-preview":"max-image-preview:large","max-video-preview":"max-video-preview:-1"},"canonical":"https:\/\/investmedic-store.com\/?product=ecg-3-pistes-avec-interpretation-ekg312t-meditech","og_locale":"fr_FR","og_type":"article","og_title":"ECG 3 Pistes Avec Interpr\u00e9tation EKG312T MEDITECH - investmedic-store.com","og_description":"Machine ECG \u00e0 \u00e9cran couleur et tactile EKG312T avec clavier et interpr\u00e9tation, Grande capacit\u00e9 de base de donn\u00e9es, Technologie d'isolation num\u00e9rique et solution de traitement du signal, filtre num\u00e9rique, Gestion des patients, Nom\u00a0:____ . \u00c2ge:____ . IDENTIFIANT:_____ . Sexe : M\/F avec clavier tactile.","og_url":"https:\/\/investmedic-store.com\/?product=ecg-3-pistes-avec-interpretation-ekg312t-meditech","og_site_name":"investmedic-store.com","article_publisher":"https:\/\/www.facebook.com\/invest.medic","article_modified_time":"2025-05-11T09:12:09+00:00","og_image":[{"width":800,"height":800,"url":"http:\/\/investmedic-store.com\/wp-content\/uploads\/2023\/08\/EKG312T.jpg","type":"image\/jpeg"}],"twitter_card":"summary_large_image","twitter_misc":{"Dur\u00e9e de lecture estim\u00e9e":"1 minute"},"schema":{"@context":"https:\/\/schema.org","@graph":[{"@type":"WebPage","@id":"https:\/\/investmedic-store.com\/?product=ecg-3-pistes-avec-interpretation-ekg312t-meditech","url":"https:\/\/investmedic-store.com\/?product=ecg-3-pistes-avec-interpretation-ekg312t-meditech","name":"ECG 3 Pistes Avec Interpr\u00e9tation EKG312T MEDITECH - investmedic-store.com","isPartOf":{"@id":"https:\/\/investmedic-store.com\/#website"},"datePublished":"2023-08-14T22:39:53+00:00","dateModified":"2025-05-11T09:12:09+00:00","breadcrumb":{"@id":"https:\/\/investmedic-store.com\/?product=ecg-3-pistes-avec-interpretation-ekg312t-meditech#breadcrumb"},"inLanguage":"fr-FR","potentialAction":[{"@type":"ReadAction","target":["https:\/\/investmedic-store.com\/?product=ecg-3-pistes-avec-interpretation-ekg312t-meditech"]}]},{"@type":"BreadcrumbList","@id":"https:\/\/investmedic-store.com\/?product=ecg-3-pistes-avec-interpretation-ekg312t-meditech#breadcrumb","itemListElement":[{"@type":"ListItem","position":1,"name":"Accueil","item":"https:\/\/investmedic-store.com\/"},{"@type":"ListItem","position":2,"name":"Shop","item":"https:\/\/investmedic-store.com\/?page_id=5"},{"@type":"ListItem","position":3,"name":"ECG 3 Pistes Avec Interpr\u00e9tation EKG312T MEDITECH"}]},{"@type":"WebSite","@id":"https:\/\/investmedic-store.com\/#website","url":"https:\/\/investmedic-store.com\/","name":"invest medic store","description":"Importation &amp; Distribution Du Materiels Medico-Chirurgicales - \u0627\u0633\u062a\u064a\u0631\u0627\u062f \u0648\u062a\u0648\u0632\u064a\u0639 \u0627\u0644\u0645\u0648\u0627\u062f \u0627\u0644\u0637\u0628\u064a\u0629 \u0627\u0644\u062c\u0631\u0627\u062d\u064a\u0629","publisher":{"@id":"https:\/\/investmedic-store.com\/#organization"},"alternateName":"investmedic store","potentialAction":[{"@type":"SearchAction","target":{"@type":"EntryPoint","urlTemplate":"https:\/\/investmedic-store.com\/?s={search_term_string}"},"query-input":"required name=search_term_string"}],"inLanguage":"fr-FR"},{"@type":"Organization","@id":"https:\/\/investmedic-store.com\/#organization","name":"invest.medic store","alternateName":"investmedic store","url":"https:\/\/investmedic-store.com\/","logo":{"@type":"ImageObject","inLanguage":"fr-FR","@id":"https:\/\/investmedic-store.com\/#\/schema\/logo\/image\/","url":"https:\/\/investmedic-store.com\/wp-content\/uploads\/2023\/07\/cropped-LOGO_INVEST-transformed-removebg-preview-transformed-1-e1690120839263.png","contentUrl":"https:\/\/investmedic-store.com\/wp-content\/uploads\/2023\/07\/cropped-LOGO_INVEST-transformed-removebg-preview-transformed-1-e1690120839263.png","width":512,"height":512,"caption":"invest.medic store"},"image":{"@id":"https:\/\/investmedic-store.com\/#\/schema\/logo\/image\/"},"sameAs":["https:\/\/www.facebook.com\/invest.medic"]}]}},"_links":{"self":[{"href":"https:\/\/investmedic-store.com\/index.php?rest_route=\/wp\/v2\/product\/1632"}],"collection":[{"href":"https:\/\/investmedic-store.com\/index.php?rest_route=\/wp\/v2\/product"}],"about":[{"href":"https:\/\/investmedic-store.com\/index.php?rest_route=\/wp\/v2\/types\/product"}],"replies":[{"embeddable":true,"href":"https:\/\/investmedic-store.com\/index.php?rest_route=%2Fwp%2Fv2%2Fcomments&post=1632"}],"wp:featuredmedia":[{"embeddable":true,"href":"https:\/\/investmedic-store.com\/index.php?rest_route=\/wp\/v2\/media\/1633"}],"wp:attachment":[{"href":"https:\/\/investmedic-store.com\/index.php?rest_route=%2Fwp%2Fv2%2Fmedia&parent=1632"}],"wp:term":[{"taxonomy":"product_cat","embeddable":true,"href":"https:\/\/investmedic-store.com\/index.php?rest_route=%2Fwp%2Fv2%2Fproduct_cat&post=1632"},{"taxonomy":"product_tag","embeddable":true,"href":"https:\/\/investmedic-store.com\/index.php?rest_route=%2Fwp%2Fv2%2Fproduct_tag&post=1632"}],"curies":[{"name":"wp","href":"https:\/\/api.w.org\/{rel}","templated":true}]}}