{"id":1625,"date":"2023-08-14T23:10:03","date_gmt":"2023-08-14T22:10:03","guid":{"rendered":"https:\/\/investmedic-store.com\/?post_type=product&#038;p=1625"},"modified":"2023-08-14T23:10:03","modified_gmt":"2023-08-14T22:10:03","slug":"spirometre-efr-de-poche-avec-8-parametres-spirox-plus-meditech","status":"publish","type":"product","link":"https:\/\/investmedic-store.com\/?product=spirometre-efr-de-poche-avec-8-parametres-spirox-plus-meditech","title":{"rendered":"Spirom\u00e8tre EFR De Poche Avec 8 Param\u00e8tres SPIROX-PLUS MEDITECH"},"content":{"rendered":"<p>Nouvelle version 2019\/2020 de Type &#8221; plus &#8221;<\/p>\n<p>Grand \u00e9cran et couleur<br \/>\nCapacit\u00e9 Vitale Forc\u00e9e (CVF).<br \/>\nVolume expiratoire forc\u00e9 en une seconde (FEV1).<br \/>\nLe rapport du VEMS et de la CVF (FEV1\/FVC).<br \/>\nD\u00e9bit expiratoire de pointe (PEF).<br \/>\n25% d\u00e9bit du FVC (FEF25).<br \/>\n50% d\u00e9bit du FVC (FEF50).<br \/>\n75\u00a0% de d\u00e9bit du FVC (FEF75) et d\u00e9bit moyen entre<br \/>\n25\u00a0% et 75\u00a0% de la FVC (FEF2575) peuvent \u00eatre mesur\u00e9s. En plus.<br \/>\nLa condition d&#8217;utilisation peut \u00eatre indiqu\u00e9e par le rapport entre la valeur mesur\u00e9e et la valeur pr\u00e9dite.<br \/>\nGraphique d\u00e9bit-volume, affichage du graphique volume-temps.<br \/>\nM\u00e9moire de donn\u00e9es, suppression, t\u00e9l\u00e9chargement et r\u00e9vision.<br \/>\nAffichage du graphique de tendance.<br \/>\n\u00c9talonnage.<br \/>\nDes informations s&#8217;affichent lorsque le volume ou le d\u00e9bit d\u00e9passe les limites.<br \/>\nMise hors tension automatique lorsqu&#8217;il n&#8217;y a pas d&#8217;op\u00e9ration en deux minutes.<br \/>\nBatterie au lithium rechargeable et avec embouts de charge.<br \/>\nAffichage de la puissance de la batterie.<br \/>\nPrise USB pour logiciel PC<br \/>\nModule Bluetooth int\u00e9gr\u00e9<\/p>\n","protected":false},"excerpt":{"rendered":"<p>Le spirom\u00e8tre est un \u00e9quipement portatif pour v\u00e9rifier les conditions pulmonaires, adopte le mode infrarouge pour mesurer les \u00e9l\u00e9ments relatifs, il s&#8217;applique \u00e0 l&#8217;h\u00f4pital, \u00e0 la clinique, \u00e0 la famille pour les tests de routine.<\/p>\n","protected":false},"featured_media":1627,"comment_status":"open","ping_status":"closed","template":"","meta":{"om_disable_all_campaigns":false,"_joinchat":[]},"product_cat":[135,140],"product_tag":[],"yoast_head":"<!-- This site is optimized with the Yoast SEO plugin v20.12 - https:\/\/yoast.com\/wordpress\/plugins\/seo\/ -->\n<title>Spirom\u00e8tre EFR De Poche Avec 8 Param\u00e8tres SPIROX-PLUS MEDITECH - investmedic-store.com<\/title>\n<meta name=\"robots\" content=\"index, follow, max-snippet:-1, max-image-preview:large, max-video-preview:-1\" \/>\n<link rel=\"canonical\" href=\"https:\/\/investmedic-store.com\/?product=spirometre-efr-de-poche-avec-8-parametres-spirox-plus-meditech\" \/>\n<meta property=\"og:locale\" content=\"fr_FR\" \/>\n<meta property=\"og:type\" content=\"article\" \/>\n<meta property=\"og:title\" content=\"Spirom\u00e8tre EFR De Poche Avec 8 Param\u00e8tres SPIROX-PLUS MEDITECH - investmedic-store.com\" \/>\n<meta property=\"og:description\" content=\"Le spirom\u00e8tre est un \u00e9quipement portatif pour v\u00e9rifier les conditions pulmonaires, adopte le mode infrarouge pour mesurer les \u00e9l\u00e9ments relatifs, il s&#039;applique \u00e0 l&#039;h\u00f4pital, \u00e0 la clinique, \u00e0 la famille pour les tests de routine.\" \/>\n<meta property=\"og:url\" content=\"https:\/\/investmedic-store.com\/?product=spirometre-efr-de-poche-avec-8-parametres-spirox-plus-meditech\" \/>\n<meta property=\"og:site_name\" content=\"investmedic-store.com\" \/>\n<meta property=\"article:publisher\" content=\"https:\/\/www.facebook.com\/invest.medic\" \/>\n<meta property=\"og:image\" content=\"http:\/\/investmedic-store.com\/wp-content\/uploads\/2023\/08\/SpirOx-Plus.jpg\" \/>\n\t<meta property=\"og:image:width\" content=\"800\" \/>\n\t<meta property=\"og:image:height\" content=\"800\" \/>\n\t<meta property=\"og:image:type\" content=\"image\/jpeg\" \/>\n<meta name=\"twitter:card\" content=\"summary_large_image\" \/>\n<meta name=\"twitter:label1\" content=\"Dur\u00e9e de lecture estim\u00e9e\" \/>\n\t<meta name=\"twitter:data1\" content=\"1 minute\" \/>\n<script type=\"application\/ld+json\" class=\"yoast-schema-graph\">{\"@context\":\"https:\/\/schema.org\",\"@graph\":[{\"@type\":\"WebPage\",\"@id\":\"https:\/\/investmedic-store.com\/?product=spirometre-efr-de-poche-avec-8-parametres-spirox-plus-meditech\",\"url\":\"https:\/\/investmedic-store.com\/?product=spirometre-efr-de-poche-avec-8-parametres-spirox-plus-meditech\",\"name\":\"Spirom\u00e8tre EFR De Poche Avec 8 Param\u00e8tres SPIROX-PLUS MEDITECH - investmedic-store.com\",\"isPartOf\":{\"@id\":\"https:\/\/investmedic-store.com\/#website\"},\"datePublished\":\"2023-08-14T22:10:03+00:00\",\"dateModified\":\"2023-08-14T22:10:03+00:00\",\"breadcrumb\":{\"@id\":\"https:\/\/investmedic-store.com\/?product=spirometre-efr-de-poche-avec-8-parametres-spirox-plus-meditech#breadcrumb\"},\"inLanguage\":\"fr-FR\",\"potentialAction\":[{\"@type\":\"ReadAction\",\"target\":[\"https:\/\/investmedic-store.com\/?product=spirometre-efr-de-poche-avec-8-parametres-spirox-plus-meditech\"]}]},{\"@type\":\"BreadcrumbList\",\"@id\":\"https:\/\/investmedic-store.com\/?product=spirometre-efr-de-poche-avec-8-parametres-spirox-plus-meditech#breadcrumb\",\"itemListElement\":[{\"@type\":\"ListItem\",\"position\":1,\"name\":\"Accueil\",\"item\":\"https:\/\/investmedic-store.com\/\"},{\"@type\":\"ListItem\",\"position\":2,\"name\":\"Shop\",\"item\":\"https:\/\/investmedic-store.com\/?page_id=5\"},{\"@type\":\"ListItem\",\"position\":3,\"name\":\"Spirom\u00e8tre EFR De Poche Avec 8 Param\u00e8tres SPIROX-PLUS MEDITECH\"}]},{\"@type\":\"WebSite\",\"@id\":\"https:\/\/investmedic-store.com\/#website\",\"url\":\"https:\/\/investmedic-store.com\/\",\"name\":\"invest medic store\",\"description\":\"Importation &amp; Distribution Du Materiels Medico-Chirurgicales - \u0627\u0633\u062a\u064a\u0631\u0627\u062f \u0648\u062a\u0648\u0632\u064a\u0639 \u0627\u0644\u0645\u0648\u0627\u062f \u0627\u0644\u0637\u0628\u064a\u0629 \u0627\u0644\u062c\u0631\u0627\u062d\u064a\u0629\",\"publisher\":{\"@id\":\"https:\/\/investmedic-store.com\/#organization\"},\"alternateName\":\"investmedic store\",\"potentialAction\":[{\"@type\":\"SearchAction\",\"target\":{\"@type\":\"EntryPoint\",\"urlTemplate\":\"https:\/\/investmedic-store.com\/?s={search_term_string}\"},\"query-input\":\"required name=search_term_string\"}],\"inLanguage\":\"fr-FR\"},{\"@type\":\"Organization\",\"@id\":\"https:\/\/investmedic-store.com\/#organization\",\"name\":\"invest.medic store\",\"alternateName\":\"investmedic store\",\"url\":\"https:\/\/investmedic-store.com\/\",\"logo\":{\"@type\":\"ImageObject\",\"inLanguage\":\"fr-FR\",\"@id\":\"https:\/\/investmedic-store.com\/#\/schema\/logo\/image\/\",\"url\":\"https:\/\/investmedic-store.com\/wp-content\/uploads\/2023\/07\/cropped-LOGO_INVEST-transformed-removebg-preview-transformed-1-e1690120839263.png\",\"contentUrl\":\"https:\/\/investmedic-store.com\/wp-content\/uploads\/2023\/07\/cropped-LOGO_INVEST-transformed-removebg-preview-transformed-1-e1690120839263.png\",\"width\":512,\"height\":512,\"caption\":\"invest.medic store\"},\"image\":{\"@id\":\"https:\/\/investmedic-store.com\/#\/schema\/logo\/image\/\"},\"sameAs\":[\"https:\/\/www.facebook.com\/invest.medic\"]}]}<\/script>\n<!-- \/ Yoast SEO plugin. -->","yoast_head_json":{"title":"Spirom\u00e8tre EFR De Poche Avec 8 Param\u00e8tres SPIROX-PLUS MEDITECH - investmedic-store.com","robots":{"index":"index","follow":"follow","max-snippet":"max-snippet:-1","max-image-preview":"max-image-preview:large","max-video-preview":"max-video-preview:-1"},"canonical":"https:\/\/investmedic-store.com\/?product=spirometre-efr-de-poche-avec-8-parametres-spirox-plus-meditech","og_locale":"fr_FR","og_type":"article","og_title":"Spirom\u00e8tre EFR De Poche Avec 8 Param\u00e8tres SPIROX-PLUS MEDITECH - investmedic-store.com","og_description":"Le spirom\u00e8tre est un \u00e9quipement portatif pour v\u00e9rifier les conditions pulmonaires, adopte le mode infrarouge pour mesurer les \u00e9l\u00e9ments relatifs, il s'applique \u00e0 l'h\u00f4pital, \u00e0 la clinique, \u00e0 la famille pour les tests de routine.","og_url":"https:\/\/investmedic-store.com\/?product=spirometre-efr-de-poche-avec-8-parametres-spirox-plus-meditech","og_site_name":"investmedic-store.com","article_publisher":"https:\/\/www.facebook.com\/invest.medic","og_image":[{"width":800,"height":800,"url":"http:\/\/investmedic-store.com\/wp-content\/uploads\/2023\/08\/SpirOx-Plus.jpg","type":"image\/jpeg"}],"twitter_card":"summary_large_image","twitter_misc":{"Dur\u00e9e de lecture estim\u00e9e":"1 minute"},"schema":{"@context":"https:\/\/schema.org","@graph":[{"@type":"WebPage","@id":"https:\/\/investmedic-store.com\/?product=spirometre-efr-de-poche-avec-8-parametres-spirox-plus-meditech","url":"https:\/\/investmedic-store.com\/?product=spirometre-efr-de-poche-avec-8-parametres-spirox-plus-meditech","name":"Spirom\u00e8tre EFR De Poche Avec 8 Param\u00e8tres SPIROX-PLUS MEDITECH - investmedic-store.com","isPartOf":{"@id":"https:\/\/investmedic-store.com\/#website"},"datePublished":"2023-08-14T22:10:03+00:00","dateModified":"2023-08-14T22:10:03+00:00","breadcrumb":{"@id":"https:\/\/investmedic-store.com\/?product=spirometre-efr-de-poche-avec-8-parametres-spirox-plus-meditech#breadcrumb"},"inLanguage":"fr-FR","potentialAction":[{"@type":"ReadAction","target":["https:\/\/investmedic-store.com\/?product=spirometre-efr-de-poche-avec-8-parametres-spirox-plus-meditech"]}]},{"@type":"BreadcrumbList","@id":"https:\/\/investmedic-store.com\/?product=spirometre-efr-de-poche-avec-8-parametres-spirox-plus-meditech#breadcrumb","itemListElement":[{"@type":"ListItem","position":1,"name":"Accueil","item":"https:\/\/investmedic-store.com\/"},{"@type":"ListItem","position":2,"name":"Shop","item":"https:\/\/investmedic-store.com\/?page_id=5"},{"@type":"ListItem","position":3,"name":"Spirom\u00e8tre EFR De Poche Avec 8 Param\u00e8tres SPIROX-PLUS MEDITECH"}]},{"@type":"WebSite","@id":"https:\/\/investmedic-store.com\/#website","url":"https:\/\/investmedic-store.com\/","name":"invest medic store","description":"Importation &amp; Distribution Du Materiels Medico-Chirurgicales - \u0627\u0633\u062a\u064a\u0631\u0627\u062f \u0648\u062a\u0648\u0632\u064a\u0639 \u0627\u0644\u0645\u0648\u0627\u062f \u0627\u0644\u0637\u0628\u064a\u0629 \u0627\u0644\u062c\u0631\u0627\u062d\u064a\u0629","publisher":{"@id":"https:\/\/investmedic-store.com\/#organization"},"alternateName":"investmedic store","potentialAction":[{"@type":"SearchAction","target":{"@type":"EntryPoint","urlTemplate":"https:\/\/investmedic-store.com\/?s={search_term_string}"},"query-input":"required name=search_term_string"}],"inLanguage":"fr-FR"},{"@type":"Organization","@id":"https:\/\/investmedic-store.com\/#organization","name":"invest.medic store","alternateName":"investmedic store","url":"https:\/\/investmedic-store.com\/","logo":{"@type":"ImageObject","inLanguage":"fr-FR","@id":"https:\/\/investmedic-store.com\/#\/schema\/logo\/image\/","url":"https:\/\/investmedic-store.com\/wp-content\/uploads\/2023\/07\/cropped-LOGO_INVEST-transformed-removebg-preview-transformed-1-e1690120839263.png","contentUrl":"https:\/\/investmedic-store.com\/wp-content\/uploads\/2023\/07\/cropped-LOGO_INVEST-transformed-removebg-preview-transformed-1-e1690120839263.png","width":512,"height":512,"caption":"invest.medic store"},"image":{"@id":"https:\/\/investmedic-store.com\/#\/schema\/logo\/image\/"},"sameAs":["https:\/\/www.facebook.com\/invest.medic"]}]}},"_links":{"self":[{"href":"https:\/\/investmedic-store.com\/index.php?rest_route=\/wp\/v2\/product\/1625"}],"collection":[{"href":"https:\/\/investmedic-store.com\/index.php?rest_route=\/wp\/v2\/product"}],"about":[{"href":"https:\/\/investmedic-store.com\/index.php?rest_route=\/wp\/v2\/types\/product"}],"replies":[{"embeddable":true,"href":"https:\/\/investmedic-store.com\/index.php?rest_route=%2Fwp%2Fv2%2Fcomments&post=1625"}],"wp:featuredmedia":[{"embeddable":true,"href":"https:\/\/investmedic-store.com\/index.php?rest_route=\/wp\/v2\/media\/1627"}],"wp:attachment":[{"href":"https:\/\/investmedic-store.com\/index.php?rest_route=%2Fwp%2Fv2%2Fmedia&parent=1625"}],"wp:term":[{"taxonomy":"product_cat","embeddable":true,"href":"https:\/\/investmedic-store.com\/index.php?rest_route=%2Fwp%2Fv2%2Fproduct_cat&post=1625"},{"taxonomy":"product_tag","embeddable":true,"href":"https:\/\/investmedic-store.com\/index.php?rest_route=%2Fwp%2Fv2%2Fproduct_tag&post=1625"}],"curies":[{"name":"wp","href":"https:\/\/api.w.org\/{rel}","templated":true}]}}