{"id":1623,"date":"2023-08-14T22:42:21","date_gmt":"2023-08-14T21:42:21","guid":{"rendered":"https:\/\/investmedic-store.com\/?post_type=product&#038;p=1623"},"modified":"2025-05-11T09:27:42","modified_gmt":"2025-05-11T08:27:42","slug":"spirometre-efr-de-poche-avec-2-parametres-spirox-p","status":"publish","type":"product","link":"https:\/\/investmedic-store.com\/?product=spirometre-efr-de-poche-avec-2-parametres-spirox-p","title":{"rendered":"Spirom\u00e8tre EFR De Poche Avec 2 Param\u00e8tres SPIROX-P MEDITECH"},"content":{"rendered":"<p>Simple \u00e0 utiliser, pour les enfants et les adultes<br \/>\nMesure \u00e0 la fois le PEF et le FEV1<br \/>\nStocke automatiquement les meilleures valeurs de la session de mesure<br \/>\n300 mesures sont stock\u00e9es et les mesures pass\u00e9es peuvent facilement \u00eatre consult\u00e9es par votre professionnel de la sant\u00e9<br \/>\nLes zones PEF peuvent \u00eatre personnalis\u00e9es selon votre valeur PEF cible\/normale<br \/>\nEmbout buccal et turbine r\u00e9utilisables pouvant \u00eatre nettoy\u00e9s \u00e0 l&#8217;eau ti\u00e8de et au savon doux apr\u00e8s chaque utilisation<br \/>\nAlimentation : 2 piles AAA<br \/>\nApprouv\u00e9 TGA, CE et FDA (r\u00e9pond \u00e0 tous les param\u00e8tres pour \u00eatre conforme aux normes de pr\u00e9cision ATS de l&#8217;American Thoracic Society)<\/p>\n<p>Il peut \u00eatre t\u00e9l\u00e9charg\u00e9 sur le logiciel &#8220;SpiroSoft&#8221; Analyzer via Bluetooth (application Android) ou USB. (Windows)<\/p>\n","protected":false},"excerpt":{"rendered":"<p>Spirom\u00e8tre de poche avec rapports de spirom\u00e9trie PC.<br \/>\nLe spirom\u00e8tre de type p est rapide et facile \u00e0 utiliser dans le cadre d&#8217;un examen physique de routine. il est livr\u00e9 avec le logiciel PC \u00ab\u00a0Spirometer Reports\u00a0\u00bb pour cr\u00e9er des PDF pouvant \u00eatre visualis\u00e9s, archiv\u00e9s, transmis ou imprim\u00e9s.<\/p>\n","protected":false},"featured_media":1624,"comment_status":"open","ping_status":"closed","template":"","meta":{"om_disable_all_campaigns":false,"_joinchat":[]},"product_cat":[135,140],"product_tag":[],"yoast_head":"<!-- This site is optimized with the Yoast SEO plugin v20.12 - https:\/\/yoast.com\/wordpress\/plugins\/seo\/ -->\n<title>Spirom\u00e8tre EFR De Poche Avec 2 Param\u00e8tres SPIROX-P MEDITECH - investmedic-store.com<\/title>\n<meta name=\"robots\" content=\"index, follow, max-snippet:-1, max-image-preview:large, max-video-preview:-1\" \/>\n<link rel=\"canonical\" href=\"https:\/\/investmedic-store.com\/?product=spirometre-efr-de-poche-avec-2-parametres-spirox-p\" \/>\n<meta property=\"og:locale\" content=\"fr_FR\" \/>\n<meta property=\"og:type\" content=\"article\" \/>\n<meta property=\"og:title\" content=\"Spirom\u00e8tre EFR De Poche Avec 2 Param\u00e8tres SPIROX-P MEDITECH - investmedic-store.com\" \/>\n<meta property=\"og:description\" content=\"Spirom\u00e8tre de poche avec rapports de spirom\u00e9trie PC. Le spirom\u00e8tre de type p est rapide et facile \u00e0 utiliser dans le cadre d&#039;un examen physique de routine. il est livr\u00e9 avec le logiciel PC \u00ab\u00a0Spirometer Reports\u00a0\u00bb pour cr\u00e9er des PDF pouvant \u00eatre visualis\u00e9s, archiv\u00e9s, transmis ou imprim\u00e9s.\" \/>\n<meta property=\"og:url\" content=\"https:\/\/investmedic-store.com\/?product=spirometre-efr-de-poche-avec-2-parametres-spirox-p\" \/>\n<meta property=\"og:site_name\" content=\"investmedic-store.com\" \/>\n<meta property=\"article:publisher\" content=\"https:\/\/www.facebook.com\/invest.medic\" \/>\n<meta property=\"article:modified_time\" content=\"2025-05-11T08:27:42+00:00\" \/>\n<meta property=\"og:image\" content=\"http:\/\/investmedic-store.com\/wp-content\/uploads\/2023\/08\/SpirOx-P-3.jpg\" \/>\n\t<meta property=\"og:image:width\" content=\"800\" \/>\n\t<meta property=\"og:image:height\" content=\"800\" \/>\n\t<meta property=\"og:image:type\" content=\"image\/jpeg\" \/>\n<meta name=\"twitter:card\" content=\"summary_large_image\" \/>\n<meta name=\"twitter:label1\" content=\"Dur\u00e9e de lecture estim\u00e9e\" \/>\n\t<meta name=\"twitter:data1\" content=\"1 minute\" \/>\n<script type=\"application\/ld+json\" class=\"yoast-schema-graph\">{\"@context\":\"https:\/\/schema.org\",\"@graph\":[{\"@type\":\"WebPage\",\"@id\":\"https:\/\/investmedic-store.com\/?product=spirometre-efr-de-poche-avec-2-parametres-spirox-p\",\"url\":\"https:\/\/investmedic-store.com\/?product=spirometre-efr-de-poche-avec-2-parametres-spirox-p\",\"name\":\"Spirom\u00e8tre EFR De Poche Avec 2 Param\u00e8tres SPIROX-P MEDITECH - investmedic-store.com\",\"isPartOf\":{\"@id\":\"https:\/\/investmedic-store.com\/#website\"},\"datePublished\":\"2023-08-14T21:42:21+00:00\",\"dateModified\":\"2025-05-11T08:27:42+00:00\",\"breadcrumb\":{\"@id\":\"https:\/\/investmedic-store.com\/?product=spirometre-efr-de-poche-avec-2-parametres-spirox-p#breadcrumb\"},\"inLanguage\":\"fr-FR\",\"potentialAction\":[{\"@type\":\"ReadAction\",\"target\":[\"https:\/\/investmedic-store.com\/?product=spirometre-efr-de-poche-avec-2-parametres-spirox-p\"]}]},{\"@type\":\"BreadcrumbList\",\"@id\":\"https:\/\/investmedic-store.com\/?product=spirometre-efr-de-poche-avec-2-parametres-spirox-p#breadcrumb\",\"itemListElement\":[{\"@type\":\"ListItem\",\"position\":1,\"name\":\"Accueil\",\"item\":\"https:\/\/investmedic-store.com\/\"},{\"@type\":\"ListItem\",\"position\":2,\"name\":\"Shop\",\"item\":\"https:\/\/investmedic-store.com\/?page_id=5\"},{\"@type\":\"ListItem\",\"position\":3,\"name\":\"Spirom\u00e8tre EFR De Poche Avec 2 Param\u00e8tres SPIROX-P MEDITECH\"}]},{\"@type\":\"WebSite\",\"@id\":\"https:\/\/investmedic-store.com\/#website\",\"url\":\"https:\/\/investmedic-store.com\/\",\"name\":\"invest medic store\",\"description\":\"Importation &amp; Distribution Du Materiels Medico-Chirurgicales - \u0627\u0633\u062a\u064a\u0631\u0627\u062f \u0648\u062a\u0648\u0632\u064a\u0639 \u0627\u0644\u0645\u0648\u0627\u062f \u0627\u0644\u0637\u0628\u064a\u0629 \u0627\u0644\u062c\u0631\u0627\u062d\u064a\u0629\",\"publisher\":{\"@id\":\"https:\/\/investmedic-store.com\/#organization\"},\"alternateName\":\"investmedic store\",\"potentialAction\":[{\"@type\":\"SearchAction\",\"target\":{\"@type\":\"EntryPoint\",\"urlTemplate\":\"https:\/\/investmedic-store.com\/?s={search_term_string}\"},\"query-input\":\"required name=search_term_string\"}],\"inLanguage\":\"fr-FR\"},{\"@type\":\"Organization\",\"@id\":\"https:\/\/investmedic-store.com\/#organization\",\"name\":\"invest.medic store\",\"alternateName\":\"investmedic store\",\"url\":\"https:\/\/investmedic-store.com\/\",\"logo\":{\"@type\":\"ImageObject\",\"inLanguage\":\"fr-FR\",\"@id\":\"https:\/\/investmedic-store.com\/#\/schema\/logo\/image\/\",\"url\":\"https:\/\/investmedic-store.com\/wp-content\/uploads\/2023\/07\/cropped-LOGO_INVEST-transformed-removebg-preview-transformed-1-e1690120839263.png\",\"contentUrl\":\"https:\/\/investmedic-store.com\/wp-content\/uploads\/2023\/07\/cropped-LOGO_INVEST-transformed-removebg-preview-transformed-1-e1690120839263.png\",\"width\":512,\"height\":512,\"caption\":\"invest.medic store\"},\"image\":{\"@id\":\"https:\/\/investmedic-store.com\/#\/schema\/logo\/image\/\"},\"sameAs\":[\"https:\/\/www.facebook.com\/invest.medic\"]}]}<\/script>\n<!-- \/ Yoast SEO plugin. -->","yoast_head_json":{"title":"Spirom\u00e8tre EFR De Poche Avec 2 Param\u00e8tres SPIROX-P MEDITECH - investmedic-store.com","robots":{"index":"index","follow":"follow","max-snippet":"max-snippet:-1","max-image-preview":"max-image-preview:large","max-video-preview":"max-video-preview:-1"},"canonical":"https:\/\/investmedic-store.com\/?product=spirometre-efr-de-poche-avec-2-parametres-spirox-p","og_locale":"fr_FR","og_type":"article","og_title":"Spirom\u00e8tre EFR De Poche Avec 2 Param\u00e8tres SPIROX-P MEDITECH - investmedic-store.com","og_description":"Spirom\u00e8tre de poche avec rapports de spirom\u00e9trie PC. Le spirom\u00e8tre de type p est rapide et facile \u00e0 utiliser dans le cadre d'un examen physique de routine. il est livr\u00e9 avec le logiciel PC \u00ab\u00a0Spirometer Reports\u00a0\u00bb pour cr\u00e9er des PDF pouvant \u00eatre visualis\u00e9s, archiv\u00e9s, transmis ou imprim\u00e9s.","og_url":"https:\/\/investmedic-store.com\/?product=spirometre-efr-de-poche-avec-2-parametres-spirox-p","og_site_name":"investmedic-store.com","article_publisher":"https:\/\/www.facebook.com\/invest.medic","article_modified_time":"2025-05-11T08:27:42+00:00","og_image":[{"width":800,"height":800,"url":"http:\/\/investmedic-store.com\/wp-content\/uploads\/2023\/08\/SpirOx-P-3.jpg","type":"image\/jpeg"}],"twitter_card":"summary_large_image","twitter_misc":{"Dur\u00e9e de lecture estim\u00e9e":"1 minute"},"schema":{"@context":"https:\/\/schema.org","@graph":[{"@type":"WebPage","@id":"https:\/\/investmedic-store.com\/?product=spirometre-efr-de-poche-avec-2-parametres-spirox-p","url":"https:\/\/investmedic-store.com\/?product=spirometre-efr-de-poche-avec-2-parametres-spirox-p","name":"Spirom\u00e8tre EFR De Poche Avec 2 Param\u00e8tres SPIROX-P MEDITECH - investmedic-store.com","isPartOf":{"@id":"https:\/\/investmedic-store.com\/#website"},"datePublished":"2023-08-14T21:42:21+00:00","dateModified":"2025-05-11T08:27:42+00:00","breadcrumb":{"@id":"https:\/\/investmedic-store.com\/?product=spirometre-efr-de-poche-avec-2-parametres-spirox-p#breadcrumb"},"inLanguage":"fr-FR","potentialAction":[{"@type":"ReadAction","target":["https:\/\/investmedic-store.com\/?product=spirometre-efr-de-poche-avec-2-parametres-spirox-p"]}]},{"@type":"BreadcrumbList","@id":"https:\/\/investmedic-store.com\/?product=spirometre-efr-de-poche-avec-2-parametres-spirox-p#breadcrumb","itemListElement":[{"@type":"ListItem","position":1,"name":"Accueil","item":"https:\/\/investmedic-store.com\/"},{"@type":"ListItem","position":2,"name":"Shop","item":"https:\/\/investmedic-store.com\/?page_id=5"},{"@type":"ListItem","position":3,"name":"Spirom\u00e8tre EFR De Poche Avec 2 Param\u00e8tres SPIROX-P MEDITECH"}]},{"@type":"WebSite","@id":"https:\/\/investmedic-store.com\/#website","url":"https:\/\/investmedic-store.com\/","name":"invest medic store","description":"Importation &amp; Distribution Du Materiels Medico-Chirurgicales - \u0627\u0633\u062a\u064a\u0631\u0627\u062f \u0648\u062a\u0648\u0632\u064a\u0639 \u0627\u0644\u0645\u0648\u0627\u062f \u0627\u0644\u0637\u0628\u064a\u0629 \u0627\u0644\u062c\u0631\u0627\u062d\u064a\u0629","publisher":{"@id":"https:\/\/investmedic-store.com\/#organization"},"alternateName":"investmedic store","potentialAction":[{"@type":"SearchAction","target":{"@type":"EntryPoint","urlTemplate":"https:\/\/investmedic-store.com\/?s={search_term_string}"},"query-input":"required name=search_term_string"}],"inLanguage":"fr-FR"},{"@type":"Organization","@id":"https:\/\/investmedic-store.com\/#organization","name":"invest.medic store","alternateName":"investmedic store","url":"https:\/\/investmedic-store.com\/","logo":{"@type":"ImageObject","inLanguage":"fr-FR","@id":"https:\/\/investmedic-store.com\/#\/schema\/logo\/image\/","url":"https:\/\/investmedic-store.com\/wp-content\/uploads\/2023\/07\/cropped-LOGO_INVEST-transformed-removebg-preview-transformed-1-e1690120839263.png","contentUrl":"https:\/\/investmedic-store.com\/wp-content\/uploads\/2023\/07\/cropped-LOGO_INVEST-transformed-removebg-preview-transformed-1-e1690120839263.png","width":512,"height":512,"caption":"invest.medic store"},"image":{"@id":"https:\/\/investmedic-store.com\/#\/schema\/logo\/image\/"},"sameAs":["https:\/\/www.facebook.com\/invest.medic"]}]}},"_links":{"self":[{"href":"https:\/\/investmedic-store.com\/index.php?rest_route=\/wp\/v2\/product\/1623"}],"collection":[{"href":"https:\/\/investmedic-store.com\/index.php?rest_route=\/wp\/v2\/product"}],"about":[{"href":"https:\/\/investmedic-store.com\/index.php?rest_route=\/wp\/v2\/types\/product"}],"replies":[{"embeddable":true,"href":"https:\/\/investmedic-store.com\/index.php?rest_route=%2Fwp%2Fv2%2Fcomments&post=1623"}],"wp:featuredmedia":[{"embeddable":true,"href":"https:\/\/investmedic-store.com\/index.php?rest_route=\/wp\/v2\/media\/1624"}],"wp:attachment":[{"href":"https:\/\/investmedic-store.com\/index.php?rest_route=%2Fwp%2Fv2%2Fmedia&parent=1623"}],"wp:term":[{"taxonomy":"product_cat","embeddable":true,"href":"https:\/\/investmedic-store.com\/index.php?rest_route=%2Fwp%2Fv2%2Fproduct_cat&post=1623"},{"taxonomy":"product_tag","embeddable":true,"href":"https:\/\/investmedic-store.com\/index.php?rest_route=%2Fwp%2Fv2%2Fproduct_tag&post=1623"}],"curies":[{"name":"wp","href":"https:\/\/api.w.org\/{rel}","templated":true}]}}