{"id":1619,"date":"2023-08-14T21:02:15","date_gmt":"2023-08-14T20:02:15","guid":{"rendered":"https:\/\/investmedic-store.com\/?post_type=product&#038;p=1619"},"modified":"2023-08-19T21:52:24","modified_gmt":"2023-08-19T20:52:24","slug":"holter-mapa-echo80-meditech","status":"publish","type":"product","link":"https:\/\/investmedic-store.com\/?product=holter-mapa-echo80-meditech","title":{"rendered":"Holter Mapa ECHO80 MEDITECH"},"content":{"rendered":"<p>Compact, portable et facile \u00e0 utiliser<br \/>\nIntervalle de test programmable de 15, 30, 60, 120, 240<br \/>\nDeux modes de travail, fonction de surveillance et mesure ambulatoire de la PNI sur 24\u00a0heures<br \/>\nL&#8217;interface utilisateur conviviale fournit une liste de menus et mesure les r\u00e9sultats<br \/>\nC\u00e2ble USB pour t\u00e9l\u00e9charger des donn\u00e9es sur l&#8217;ordinateur<br \/>\nS\u00e9lectionnable pour adulte, p\u00e9diatrique ou n\u00e9onatal (voir brassard en option)<br \/>\nLogiciel inclus pour l&#8217;analyse des donn\u00e9es, l&#8217;impression de rapports et la repr\u00e9sentation graphique des tendances<\/p>\n<p>L&#8217;appareil peut \u00eatre connect\u00e9 \u00e0 pratiquement n&#8217;importe quel PC avec Windows OS.<br \/>\nLe tensiom\u00e8tre ambulatoire est fourni avec un c\u00e2ble d&#8217;interface pour le t\u00e9l\u00e9chargement des donn\u00e9es, un logiciel qui offre une programmation flexible avec des fonctions compl\u00e8tes d&#8217;analyse et de pr\u00e9sentation\/rapport.<\/p>\n<p>La pr\u00e9cision de l&#8217;algorithme utilis\u00e9 a \u00e9t\u00e9 cliniquement valid\u00e9e selon les crit\u00e8res BHS et AAMI.<\/p>\n<p>Tensiom\u00e8tre ambulatoire Echo80 Tensiom\u00e8tre ambulatoire Echo80<br \/>\nLe graphique de gauche fournit les donn\u00e9es de tendance de toutes les lectures s\u00e9lectionn\u00e9es pour l&#8217;analyse. N&#8217;oubliez pas que l&#8217;intervalle d&#8217;enregistrement Echo80 peut \u00eatre r\u00e9gl\u00e9 de 15 \u00e0 240 minutes. Le graphique de droite est une ligne de corr\u00e9lation ou un graphique en nuage. C&#8217;est un excellent outil pour visualiser tous les points de donn\u00e9es dans l&#8217;ensemble d&#8217;analyse.<\/p>\n<p>Tensiom\u00e8tre ambulatoire Echo80 Tensiom\u00e8tre ambulatoire Echo80<br \/>\nL&#8217;histogramme et les diagrammes circulaires fournis peuvent vous aider, vous ou le patient, \u00e0 visualiser les lectures de la PA sur 24\u00a0heures. Il s&#8217;agit d&#8217;une fonctionnalit\u00e9 standard du logiciel d&#8217;analyse.<\/p>\n<p>ARTICLES CONNEXES<\/p>\n","protected":false},"excerpt":{"rendered":"<p>De nombreuses \u00e9tudes ont maintenant confirm\u00e9 que la pression art\u00e9rielle mesur\u00e9e sur une p\u00e9riode de 24 heures est sup\u00e9rieure \u00e0 la pression art\u00e9rielle clinique pour pr\u00e9dire les futurs \u00e9v\u00e9nements cardiovasculaires et les dommages aux organes cibles.<br \/>\nC&#8217;est principalement pour l&#8217;hypertension p\u00e9diatrique, mais une bonne r\u00e9f\u00e9rence sur le sujet. Il est important de comprendre l&#8217;application de l&#8217;appareil et comment il peut b\u00e9n\u00e9ficier au patient et au m\u00e9decin dans le diagnostic et le traitement de l&#8217;hypertension.<\/p>\n<p>Le tensiom\u00e8tre ambulatoire Echo80 est un excellent produit pour commencer la surveillance de la pression art\u00e9rielle 24 heures sur 24.<br \/>\nL&#8217;Echo80 peut stocker plus de 600 mesures, dont 300 enregistrements d&#8217;utilisateurs courants et 358 de donn\u00e9es de pression art\u00e9rielle ambulatoires. Chaque enregistrement comprend l&#8217;heure, la pression art\u00e9rielle systolique, la pression art\u00e9rielle diastolique, la pression art\u00e9rielle moyenne, le pouls et le num\u00e9ro d&#8217;enregistrement. Les enregistrements peuvent \u00eatre sauvegard\u00e9s et t\u00e9l\u00e9charg\u00e9s sur un ordinateur pour analyse et rapport.<\/p>\n<p>Le moniteur patient Echo80 Ambulatory Blood Pressure Monitor est un appareil formidable pour enregistrer la pression art\u00e9rielle pendant l&#8217;exercice lorsque le c\u0153ur bat avec une force accrue pour augmenter la pression art\u00e9rielle.<\/p>\n","protected":false},"featured_media":1620,"comment_status":"open","ping_status":"closed","template":"","meta":{"om_disable_all_campaigns":false,"_joinchat":[]},"product_cat":[135,146],"product_tag":[],"yoast_head":"<!-- This site is optimized with the Yoast SEO plugin v20.12 - https:\/\/yoast.com\/wordpress\/plugins\/seo\/ -->\n<title>Holter Mapa ECHO80 MEDITECH - investmedic-store.com<\/title>\n<meta name=\"robots\" content=\"index, follow, max-snippet:-1, max-image-preview:large, max-video-preview:-1\" \/>\n<link rel=\"canonical\" href=\"https:\/\/investmedic-store.com\/?product=holter-mapa-echo80-meditech\" \/>\n<meta property=\"og:locale\" content=\"fr_FR\" \/>\n<meta property=\"og:type\" content=\"article\" \/>\n<meta property=\"og:title\" content=\"Holter Mapa ECHO80 MEDITECH - investmedic-store.com\" \/>\n<meta property=\"og:description\" content=\"De nombreuses \u00e9tudes ont maintenant confirm\u00e9 que la pression art\u00e9rielle mesur\u00e9e sur une p\u00e9riode de 24 heures est sup\u00e9rieure \u00e0 la pression art\u00e9rielle clinique pour pr\u00e9dire les futurs \u00e9v\u00e9nements cardiovasculaires et les dommages aux organes cibles. C&#039;est principalement pour l&#039;hypertension p\u00e9diatrique, mais une bonne r\u00e9f\u00e9rence sur le sujet. Il est important de comprendre l&#039;application de l&#039;appareil et comment il peut b\u00e9n\u00e9ficier au patient et au m\u00e9decin dans le diagnostic et le traitement de l&#039;hypertension.  Le tensiom\u00e8tre ambulatoire Echo80 est un excellent produit pour commencer la surveillance de la pression art\u00e9rielle 24 heures sur 24. L&#039;Echo80 peut stocker plus de 600 mesures, dont 300 enregistrements d&#039;utilisateurs courants et 358 de donn\u00e9es de pression art\u00e9rielle ambulatoires. Chaque enregistrement comprend l&#039;heure, la pression art\u00e9rielle systolique, la pression art\u00e9rielle diastolique, la pression art\u00e9rielle moyenne, le pouls et le num\u00e9ro d&#039;enregistrement. Les enregistrements peuvent \u00eatre sauvegard\u00e9s et t\u00e9l\u00e9charg\u00e9s sur un ordinateur pour analyse et rapport.  Le moniteur patient Echo80 Ambulatory Blood Pressure Monitor est un appareil formidable pour enregistrer la pression art\u00e9rielle pendant l&#039;exercice lorsque le c\u0153ur bat avec une force accrue pour augmenter la pression art\u00e9rielle.\" \/>\n<meta property=\"og:url\" content=\"https:\/\/investmedic-store.com\/?product=holter-mapa-echo80-meditech\" \/>\n<meta property=\"og:site_name\" content=\"investmedic-store.com\" \/>\n<meta property=\"article:publisher\" content=\"https:\/\/www.facebook.com\/invest.medic\" \/>\n<meta property=\"article:modified_time\" content=\"2023-08-19T20:52:24+00:00\" \/>\n<meta property=\"og:image\" content=\"http:\/\/investmedic-store.com\/wp-content\/uploads\/2023\/08\/Echo80-2.jpg\" \/>\n\t<meta property=\"og:image:width\" content=\"800\" \/>\n\t<meta property=\"og:image:height\" content=\"800\" \/>\n\t<meta property=\"og:image:type\" content=\"image\/jpeg\" \/>\n<meta name=\"twitter:card\" content=\"summary_large_image\" \/>\n<meta name=\"twitter:label1\" content=\"Dur\u00e9e de lecture estim\u00e9e\" \/>\n\t<meta name=\"twitter:data1\" content=\"2 minutes\" \/>\n<script type=\"application\/ld+json\" class=\"yoast-schema-graph\">{\"@context\":\"https:\/\/schema.org\",\"@graph\":[{\"@type\":\"WebPage\",\"@id\":\"https:\/\/investmedic-store.com\/?product=holter-mapa-echo80-meditech\",\"url\":\"https:\/\/investmedic-store.com\/?product=holter-mapa-echo80-meditech\",\"name\":\"Holter Mapa ECHO80 MEDITECH - investmedic-store.com\",\"isPartOf\":{\"@id\":\"https:\/\/investmedic-store.com\/#website\"},\"datePublished\":\"2023-08-14T20:02:15+00:00\",\"dateModified\":\"2023-08-19T20:52:24+00:00\",\"breadcrumb\":{\"@id\":\"https:\/\/investmedic-store.com\/?product=holter-mapa-echo80-meditech#breadcrumb\"},\"inLanguage\":\"fr-FR\",\"potentialAction\":[{\"@type\":\"ReadAction\",\"target\":[\"https:\/\/investmedic-store.com\/?product=holter-mapa-echo80-meditech\"]}]},{\"@type\":\"BreadcrumbList\",\"@id\":\"https:\/\/investmedic-store.com\/?product=holter-mapa-echo80-meditech#breadcrumb\",\"itemListElement\":[{\"@type\":\"ListItem\",\"position\":1,\"name\":\"Accueil\",\"item\":\"https:\/\/investmedic-store.com\/\"},{\"@type\":\"ListItem\",\"position\":2,\"name\":\"Shop\",\"item\":\"https:\/\/investmedic-store.com\/?page_id=5\"},{\"@type\":\"ListItem\",\"position\":3,\"name\":\"Holter Mapa ECHO80 MEDITECH\"}]},{\"@type\":\"WebSite\",\"@id\":\"https:\/\/investmedic-store.com\/#website\",\"url\":\"https:\/\/investmedic-store.com\/\",\"name\":\"invest medic store\",\"description\":\"Importation &amp; Distribution Du Materiels Medico-Chirurgicales - \u0627\u0633\u062a\u064a\u0631\u0627\u062f \u0648\u062a\u0648\u0632\u064a\u0639 \u0627\u0644\u0645\u0648\u0627\u062f \u0627\u0644\u0637\u0628\u064a\u0629 \u0627\u0644\u062c\u0631\u0627\u062d\u064a\u0629\",\"publisher\":{\"@id\":\"https:\/\/investmedic-store.com\/#organization\"},\"alternateName\":\"investmedic store\",\"potentialAction\":[{\"@type\":\"SearchAction\",\"target\":{\"@type\":\"EntryPoint\",\"urlTemplate\":\"https:\/\/investmedic-store.com\/?s={search_term_string}\"},\"query-input\":\"required name=search_term_string\"}],\"inLanguage\":\"fr-FR\"},{\"@type\":\"Organization\",\"@id\":\"https:\/\/investmedic-store.com\/#organization\",\"name\":\"invest.medic store\",\"alternateName\":\"investmedic store\",\"url\":\"https:\/\/investmedic-store.com\/\",\"logo\":{\"@type\":\"ImageObject\",\"inLanguage\":\"fr-FR\",\"@id\":\"https:\/\/investmedic-store.com\/#\/schema\/logo\/image\/\",\"url\":\"https:\/\/investmedic-store.com\/wp-content\/uploads\/2023\/07\/cropped-LOGO_INVEST-transformed-removebg-preview-transformed-1-e1690120839263.png\",\"contentUrl\":\"https:\/\/investmedic-store.com\/wp-content\/uploads\/2023\/07\/cropped-LOGO_INVEST-transformed-removebg-preview-transformed-1-e1690120839263.png\",\"width\":512,\"height\":512,\"caption\":\"invest.medic store\"},\"image\":{\"@id\":\"https:\/\/investmedic-store.com\/#\/schema\/logo\/image\/\"},\"sameAs\":[\"https:\/\/www.facebook.com\/invest.medic\"]}]}<\/script>\n<!-- \/ Yoast SEO plugin. -->","yoast_head_json":{"title":"Holter Mapa ECHO80 MEDITECH - investmedic-store.com","robots":{"index":"index","follow":"follow","max-snippet":"max-snippet:-1","max-image-preview":"max-image-preview:large","max-video-preview":"max-video-preview:-1"},"canonical":"https:\/\/investmedic-store.com\/?product=holter-mapa-echo80-meditech","og_locale":"fr_FR","og_type":"article","og_title":"Holter Mapa ECHO80 MEDITECH - investmedic-store.com","og_description":"De nombreuses \u00e9tudes ont maintenant confirm\u00e9 que la pression art\u00e9rielle mesur\u00e9e sur une p\u00e9riode de 24 heures est sup\u00e9rieure \u00e0 la pression art\u00e9rielle clinique pour pr\u00e9dire les futurs \u00e9v\u00e9nements cardiovasculaires et les dommages aux organes cibles. C'est principalement pour l'hypertension p\u00e9diatrique, mais une bonne r\u00e9f\u00e9rence sur le sujet. Il est important de comprendre l'application de l'appareil et comment il peut b\u00e9n\u00e9ficier au patient et au m\u00e9decin dans le diagnostic et le traitement de l'hypertension.  Le tensiom\u00e8tre ambulatoire Echo80 est un excellent produit pour commencer la surveillance de la pression art\u00e9rielle 24 heures sur 24. L'Echo80 peut stocker plus de 600 mesures, dont 300 enregistrements d'utilisateurs courants et 358 de donn\u00e9es de pression art\u00e9rielle ambulatoires. Chaque enregistrement comprend l'heure, la pression art\u00e9rielle systolique, la pression art\u00e9rielle diastolique, la pression art\u00e9rielle moyenne, le pouls et le num\u00e9ro d'enregistrement. Les enregistrements peuvent \u00eatre sauvegard\u00e9s et t\u00e9l\u00e9charg\u00e9s sur un ordinateur pour analyse et rapport.  Le moniteur patient Echo80 Ambulatory Blood Pressure Monitor est un appareil formidable pour enregistrer la pression art\u00e9rielle pendant l'exercice lorsque le c\u0153ur bat avec une force accrue pour augmenter la pression art\u00e9rielle.","og_url":"https:\/\/investmedic-store.com\/?product=holter-mapa-echo80-meditech","og_site_name":"investmedic-store.com","article_publisher":"https:\/\/www.facebook.com\/invest.medic","article_modified_time":"2023-08-19T20:52:24+00:00","og_image":[{"width":800,"height":800,"url":"http:\/\/investmedic-store.com\/wp-content\/uploads\/2023\/08\/Echo80-2.jpg","type":"image\/jpeg"}],"twitter_card":"summary_large_image","twitter_misc":{"Dur\u00e9e de lecture estim\u00e9e":"2 minutes"},"schema":{"@context":"https:\/\/schema.org","@graph":[{"@type":"WebPage","@id":"https:\/\/investmedic-store.com\/?product=holter-mapa-echo80-meditech","url":"https:\/\/investmedic-store.com\/?product=holter-mapa-echo80-meditech","name":"Holter Mapa ECHO80 MEDITECH - investmedic-store.com","isPartOf":{"@id":"https:\/\/investmedic-store.com\/#website"},"datePublished":"2023-08-14T20:02:15+00:00","dateModified":"2023-08-19T20:52:24+00:00","breadcrumb":{"@id":"https:\/\/investmedic-store.com\/?product=holter-mapa-echo80-meditech#breadcrumb"},"inLanguage":"fr-FR","potentialAction":[{"@type":"ReadAction","target":["https:\/\/investmedic-store.com\/?product=holter-mapa-echo80-meditech"]}]},{"@type":"BreadcrumbList","@id":"https:\/\/investmedic-store.com\/?product=holter-mapa-echo80-meditech#breadcrumb","itemListElement":[{"@type":"ListItem","position":1,"name":"Accueil","item":"https:\/\/investmedic-store.com\/"},{"@type":"ListItem","position":2,"name":"Shop","item":"https:\/\/investmedic-store.com\/?page_id=5"},{"@type":"ListItem","position":3,"name":"Holter Mapa ECHO80 MEDITECH"}]},{"@type":"WebSite","@id":"https:\/\/investmedic-store.com\/#website","url":"https:\/\/investmedic-store.com\/","name":"invest medic store","description":"Importation &amp; Distribution Du Materiels Medico-Chirurgicales - \u0627\u0633\u062a\u064a\u0631\u0627\u062f \u0648\u062a\u0648\u0632\u064a\u0639 \u0627\u0644\u0645\u0648\u0627\u062f \u0627\u0644\u0637\u0628\u064a\u0629 \u0627\u0644\u062c\u0631\u0627\u062d\u064a\u0629","publisher":{"@id":"https:\/\/investmedic-store.com\/#organization"},"alternateName":"investmedic store","potentialAction":[{"@type":"SearchAction","target":{"@type":"EntryPoint","urlTemplate":"https:\/\/investmedic-store.com\/?s={search_term_string}"},"query-input":"required name=search_term_string"}],"inLanguage":"fr-FR"},{"@type":"Organization","@id":"https:\/\/investmedic-store.com\/#organization","name":"invest.medic store","alternateName":"investmedic store","url":"https:\/\/investmedic-store.com\/","logo":{"@type":"ImageObject","inLanguage":"fr-FR","@id":"https:\/\/investmedic-store.com\/#\/schema\/logo\/image\/","url":"https:\/\/investmedic-store.com\/wp-content\/uploads\/2023\/07\/cropped-LOGO_INVEST-transformed-removebg-preview-transformed-1-e1690120839263.png","contentUrl":"https:\/\/investmedic-store.com\/wp-content\/uploads\/2023\/07\/cropped-LOGO_INVEST-transformed-removebg-preview-transformed-1-e1690120839263.png","width":512,"height":512,"caption":"invest.medic store"},"image":{"@id":"https:\/\/investmedic-store.com\/#\/schema\/logo\/image\/"},"sameAs":["https:\/\/www.facebook.com\/invest.medic"]}]}},"_links":{"self":[{"href":"https:\/\/investmedic-store.com\/index.php?rest_route=\/wp\/v2\/product\/1619"}],"collection":[{"href":"https:\/\/investmedic-store.com\/index.php?rest_route=\/wp\/v2\/product"}],"about":[{"href":"https:\/\/investmedic-store.com\/index.php?rest_route=\/wp\/v2\/types\/product"}],"replies":[{"embeddable":true,"href":"https:\/\/investmedic-store.com\/index.php?rest_route=%2Fwp%2Fv2%2Fcomments&post=1619"}],"wp:featuredmedia":[{"embeddable":true,"href":"https:\/\/investmedic-store.com\/index.php?rest_route=\/wp\/v2\/media\/1620"}],"wp:attachment":[{"href":"https:\/\/investmedic-store.com\/index.php?rest_route=%2Fwp%2Fv2%2Fmedia&parent=1619"}],"wp:term":[{"taxonomy":"product_cat","embeddable":true,"href":"https:\/\/investmedic-store.com\/index.php?rest_route=%2Fwp%2Fv2%2Fproduct_cat&post=1619"},{"taxonomy":"product_tag","embeddable":true,"href":"https:\/\/investmedic-store.com\/index.php?rest_route=%2Fwp%2Fv2%2Fproduct_tag&post=1619"}],"curies":[{"name":"wp","href":"https:\/\/api.w.org\/{rel}","templated":true}]}}