{"id":1617,"date":"2023-08-14T20:09:02","date_gmt":"2023-08-14T19:09:02","guid":{"rendered":"https:\/\/investmedic-store.com\/?post_type=product&#038;p=1617"},"modified":"2023-08-14T22:55:33","modified_gmt":"2023-08-14T21:55:33","slug":"doppler-foetal-sonotech-pro","status":"publish","type":"product","link":"https:\/\/investmedic-store.com\/?product=doppler-foetal-sonotech-pro","title":{"rendered":"Doppler F\u0153tal Sonotech PRO MEDITECH"},"content":{"rendered":"<p>Sonde autonome 2 MHz r\u00e9sistante \u00e0 l&#8217;eau (IPX4)<br \/>\nAffichage FHR : Graphique \u00e0 barres | Histogramme | Forme d&#8217;onde<br \/>\nDiagnostics de travail\u00a0: en temps r\u00e9el, moyen et manuel<br \/>\nAffichage de l&#8217;alarme de fr\u00e9quence cardiaque f\u0153tale hors plage<br \/>\nAffichage LCD r\u00e9tro\u00e9clair\u00e9 de l&#8217;indicateur d&#8217;\u00e9tat de la batterie<br \/>\n+8 heures de fonctionnement sur 2 piles alcalines AA<br \/>\nHaut-parleur int\u00e9gr\u00e9 (= 1,8\u00a0W) avec contr\u00f4le du volume<br \/>\nDispositions de sortie audio\u00a0: \u00e9couteurs, enregistrement sur PC<br \/>\nArr\u00eat automatique en cas d&#8217;absence de signal (8 secondes) Fonction<br \/>\nGamme de diagnostic de mesure FHR\u00a0: 50 ~ 240\u00a0BPM<br \/>\nPr\u00e9cision des diagnostics\u00a0: } +\/-2 battements par minute<br \/>\nFr\u00e9quence ultrasonique de travail\u00a0: 2,0\u00a0MHz} 10\u00a0%<br \/>\nIntensit\u00e9 opt ultrasonique : Isata &lt; 5 mW\/cm2<br \/>\nMode de travail ultrasonique\u00a0: Cont Wave Doppler<br \/>\nDisponible en deux couleurs &#8211; bleu et rose<\/p>\n<p>Types de sondes de poche \u00e0 ultrasons\u00a0:<\/p>\n<p>Sonde ultrasonique \u00e9tanche 2,0 MHz<br \/>\nSonde ultrasonique \u00e9tanche 3,0 MHz<br \/>\nSonde ultrasonique \u00e9tanche 4,0 MHz<br \/>\nSonde ultrasonique \u00e9tanche 8,0 MHz<\/p>\n","protected":false},"excerpt":{"rendered":"<p>Sonotech\u00ae pro Doppler f\u0153tal compact, l\u00e9ger et facile \u00e0 utiliser<br \/>\nAffichage couleur : Repr\u00e9sentations diagnostiques<br \/>\nOnde FHR et 3 modes<\/p>\n<p>Sonde interchangeable 2Mhz, 3Mhz, 4Mhz, 8Mhz<\/p>\n","protected":false},"featured_media":1618,"comment_status":"open","ping_status":"closed","template":"","meta":{"om_disable_all_campaigns":false,"_joinchat":[]},"product_cat":[135,139],"product_tag":[],"yoast_head":"<!-- This site is optimized with the Yoast SEO plugin v20.12 - https:\/\/yoast.com\/wordpress\/plugins\/seo\/ -->\n<title>Doppler F\u0153tal Sonotech PRO MEDITECH - investmedic-store.com<\/title>\n<meta name=\"robots\" content=\"index, follow, max-snippet:-1, max-image-preview:large, max-video-preview:-1\" \/>\n<link rel=\"canonical\" href=\"https:\/\/investmedic-store.com\/?product=doppler-foetal-sonotech-pro\" \/>\n<meta property=\"og:locale\" content=\"fr_FR\" \/>\n<meta property=\"og:type\" content=\"article\" \/>\n<meta property=\"og:title\" content=\"Doppler F\u0153tal Sonotech PRO MEDITECH - investmedic-store.com\" \/>\n<meta property=\"og:description\" content=\"Sonotech\u00ae pro Doppler f\u0153tal compact, l\u00e9ger et facile \u00e0 utiliser Affichage couleur : Repr\u00e9sentations diagnostiques Onde FHR et 3 modes  Sonde interchangeable 2Mhz, 3Mhz, 4Mhz, 8Mhz\" \/>\n<meta property=\"og:url\" content=\"https:\/\/investmedic-store.com\/?product=doppler-foetal-sonotech-pro\" \/>\n<meta property=\"og:site_name\" content=\"investmedic-store.com\" \/>\n<meta property=\"article:publisher\" content=\"https:\/\/www.facebook.com\/invest.medic\" \/>\n<meta property=\"article:modified_time\" content=\"2023-08-14T21:55:33+00:00\" \/>\n<meta property=\"og:image\" content=\"http:\/\/investmedic-store.com\/wp-content\/uploads\/2023\/08\/Sonotech-pro.jpg\" \/>\n\t<meta property=\"og:image:width\" content=\"800\" \/>\n\t<meta property=\"og:image:height\" content=\"800\" \/>\n\t<meta property=\"og:image:type\" content=\"image\/jpeg\" \/>\n<meta name=\"twitter:card\" content=\"summary_large_image\" \/>\n<meta name=\"twitter:label1\" content=\"Dur\u00e9e de lecture estim\u00e9e\" \/>\n\t<meta name=\"twitter:data1\" content=\"1 minute\" \/>\n<script type=\"application\/ld+json\" class=\"yoast-schema-graph\">{\"@context\":\"https:\/\/schema.org\",\"@graph\":[{\"@type\":\"WebPage\",\"@id\":\"https:\/\/investmedic-store.com\/?product=doppler-foetal-sonotech-pro\",\"url\":\"https:\/\/investmedic-store.com\/?product=doppler-foetal-sonotech-pro\",\"name\":\"Doppler F\u0153tal Sonotech PRO MEDITECH - investmedic-store.com\",\"isPartOf\":{\"@id\":\"https:\/\/investmedic-store.com\/#website\"},\"datePublished\":\"2023-08-14T19:09:02+00:00\",\"dateModified\":\"2023-08-14T21:55:33+00:00\",\"breadcrumb\":{\"@id\":\"https:\/\/investmedic-store.com\/?product=doppler-foetal-sonotech-pro#breadcrumb\"},\"inLanguage\":\"fr-FR\",\"potentialAction\":[{\"@type\":\"ReadAction\",\"target\":[\"https:\/\/investmedic-store.com\/?product=doppler-foetal-sonotech-pro\"]}]},{\"@type\":\"BreadcrumbList\",\"@id\":\"https:\/\/investmedic-store.com\/?product=doppler-foetal-sonotech-pro#breadcrumb\",\"itemListElement\":[{\"@type\":\"ListItem\",\"position\":1,\"name\":\"Accueil\",\"item\":\"https:\/\/investmedic-store.com\/\"},{\"@type\":\"ListItem\",\"position\":2,\"name\":\"Shop\",\"item\":\"https:\/\/investmedic-store.com\/?page_id=5\"},{\"@type\":\"ListItem\",\"position\":3,\"name\":\"Doppler F\u0153tal Sonotech PRO MEDITECH\"}]},{\"@type\":\"WebSite\",\"@id\":\"https:\/\/investmedic-store.com\/#website\",\"url\":\"https:\/\/investmedic-store.com\/\",\"name\":\"invest medic store\",\"description\":\"Importation &amp; Distribution Du Materiels Medico-Chirurgicales - \u0627\u0633\u062a\u064a\u0631\u0627\u062f \u0648\u062a\u0648\u0632\u064a\u0639 \u0627\u0644\u0645\u0648\u0627\u062f \u0627\u0644\u0637\u0628\u064a\u0629 \u0627\u0644\u062c\u0631\u0627\u062d\u064a\u0629\",\"publisher\":{\"@id\":\"https:\/\/investmedic-store.com\/#organization\"},\"alternateName\":\"investmedic store\",\"potentialAction\":[{\"@type\":\"SearchAction\",\"target\":{\"@type\":\"EntryPoint\",\"urlTemplate\":\"https:\/\/investmedic-store.com\/?s={search_term_string}\"},\"query-input\":\"required name=search_term_string\"}],\"inLanguage\":\"fr-FR\"},{\"@type\":\"Organization\",\"@id\":\"https:\/\/investmedic-store.com\/#organization\",\"name\":\"invest.medic store\",\"alternateName\":\"investmedic store\",\"url\":\"https:\/\/investmedic-store.com\/\",\"logo\":{\"@type\":\"ImageObject\",\"inLanguage\":\"fr-FR\",\"@id\":\"https:\/\/investmedic-store.com\/#\/schema\/logo\/image\/\",\"url\":\"https:\/\/investmedic-store.com\/wp-content\/uploads\/2023\/07\/cropped-LOGO_INVEST-transformed-removebg-preview-transformed-1-e1690120839263.png\",\"contentUrl\":\"https:\/\/investmedic-store.com\/wp-content\/uploads\/2023\/07\/cropped-LOGO_INVEST-transformed-removebg-preview-transformed-1-e1690120839263.png\",\"width\":512,\"height\":512,\"caption\":\"invest.medic store\"},\"image\":{\"@id\":\"https:\/\/investmedic-store.com\/#\/schema\/logo\/image\/\"},\"sameAs\":[\"https:\/\/www.facebook.com\/invest.medic\"]}]}<\/script>\n<!-- \/ Yoast SEO plugin. -->","yoast_head_json":{"title":"Doppler F\u0153tal Sonotech PRO MEDITECH - investmedic-store.com","robots":{"index":"index","follow":"follow","max-snippet":"max-snippet:-1","max-image-preview":"max-image-preview:large","max-video-preview":"max-video-preview:-1"},"canonical":"https:\/\/investmedic-store.com\/?product=doppler-foetal-sonotech-pro","og_locale":"fr_FR","og_type":"article","og_title":"Doppler F\u0153tal Sonotech PRO MEDITECH - investmedic-store.com","og_description":"Sonotech\u00ae pro Doppler f\u0153tal compact, l\u00e9ger et facile \u00e0 utiliser Affichage couleur : Repr\u00e9sentations diagnostiques Onde FHR et 3 modes  Sonde interchangeable 2Mhz, 3Mhz, 4Mhz, 8Mhz","og_url":"https:\/\/investmedic-store.com\/?product=doppler-foetal-sonotech-pro","og_site_name":"investmedic-store.com","article_publisher":"https:\/\/www.facebook.com\/invest.medic","article_modified_time":"2023-08-14T21:55:33+00:00","og_image":[{"width":800,"height":800,"url":"http:\/\/investmedic-store.com\/wp-content\/uploads\/2023\/08\/Sonotech-pro.jpg","type":"image\/jpeg"}],"twitter_card":"summary_large_image","twitter_misc":{"Dur\u00e9e de lecture estim\u00e9e":"1 minute"},"schema":{"@context":"https:\/\/schema.org","@graph":[{"@type":"WebPage","@id":"https:\/\/investmedic-store.com\/?product=doppler-foetal-sonotech-pro","url":"https:\/\/investmedic-store.com\/?product=doppler-foetal-sonotech-pro","name":"Doppler F\u0153tal Sonotech PRO MEDITECH - investmedic-store.com","isPartOf":{"@id":"https:\/\/investmedic-store.com\/#website"},"datePublished":"2023-08-14T19:09:02+00:00","dateModified":"2023-08-14T21:55:33+00:00","breadcrumb":{"@id":"https:\/\/investmedic-store.com\/?product=doppler-foetal-sonotech-pro#breadcrumb"},"inLanguage":"fr-FR","potentialAction":[{"@type":"ReadAction","target":["https:\/\/investmedic-store.com\/?product=doppler-foetal-sonotech-pro"]}]},{"@type":"BreadcrumbList","@id":"https:\/\/investmedic-store.com\/?product=doppler-foetal-sonotech-pro#breadcrumb","itemListElement":[{"@type":"ListItem","position":1,"name":"Accueil","item":"https:\/\/investmedic-store.com\/"},{"@type":"ListItem","position":2,"name":"Shop","item":"https:\/\/investmedic-store.com\/?page_id=5"},{"@type":"ListItem","position":3,"name":"Doppler F\u0153tal Sonotech PRO MEDITECH"}]},{"@type":"WebSite","@id":"https:\/\/investmedic-store.com\/#website","url":"https:\/\/investmedic-store.com\/","name":"invest medic store","description":"Importation &amp; Distribution Du Materiels Medico-Chirurgicales - \u0627\u0633\u062a\u064a\u0631\u0627\u062f \u0648\u062a\u0648\u0632\u064a\u0639 \u0627\u0644\u0645\u0648\u0627\u062f \u0627\u0644\u0637\u0628\u064a\u0629 \u0627\u0644\u062c\u0631\u0627\u062d\u064a\u0629","publisher":{"@id":"https:\/\/investmedic-store.com\/#organization"},"alternateName":"investmedic store","potentialAction":[{"@type":"SearchAction","target":{"@type":"EntryPoint","urlTemplate":"https:\/\/investmedic-store.com\/?s={search_term_string}"},"query-input":"required name=search_term_string"}],"inLanguage":"fr-FR"},{"@type":"Organization","@id":"https:\/\/investmedic-store.com\/#organization","name":"invest.medic store","alternateName":"investmedic store","url":"https:\/\/investmedic-store.com\/","logo":{"@type":"ImageObject","inLanguage":"fr-FR","@id":"https:\/\/investmedic-store.com\/#\/schema\/logo\/image\/","url":"https:\/\/investmedic-store.com\/wp-content\/uploads\/2023\/07\/cropped-LOGO_INVEST-transformed-removebg-preview-transformed-1-e1690120839263.png","contentUrl":"https:\/\/investmedic-store.com\/wp-content\/uploads\/2023\/07\/cropped-LOGO_INVEST-transformed-removebg-preview-transformed-1-e1690120839263.png","width":512,"height":512,"caption":"invest.medic store"},"image":{"@id":"https:\/\/investmedic-store.com\/#\/schema\/logo\/image\/"},"sameAs":["https:\/\/www.facebook.com\/invest.medic"]}]}},"_links":{"self":[{"href":"https:\/\/investmedic-store.com\/index.php?rest_route=\/wp\/v2\/product\/1617"}],"collection":[{"href":"https:\/\/investmedic-store.com\/index.php?rest_route=\/wp\/v2\/product"}],"about":[{"href":"https:\/\/investmedic-store.com\/index.php?rest_route=\/wp\/v2\/types\/product"}],"replies":[{"embeddable":true,"href":"https:\/\/investmedic-store.com\/index.php?rest_route=%2Fwp%2Fv2%2Fcomments&post=1617"}],"wp:featuredmedia":[{"embeddable":true,"href":"https:\/\/investmedic-store.com\/index.php?rest_route=\/wp\/v2\/media\/1618"}],"wp:attachment":[{"href":"https:\/\/investmedic-store.com\/index.php?rest_route=%2Fwp%2Fv2%2Fmedia&parent=1617"}],"wp:term":[{"taxonomy":"product_cat","embeddable":true,"href":"https:\/\/investmedic-store.com\/index.php?rest_route=%2Fwp%2Fv2%2Fproduct_cat&post=1617"},{"taxonomy":"product_tag","embeddable":true,"href":"https:\/\/investmedic-store.com\/index.php?rest_route=%2Fwp%2Fv2%2Fproduct_tag&post=1617"}],"curies":[{"name":"wp","href":"https:\/\/api.w.org\/{rel}","templated":true}]}}