{"id":1612,"date":"2023-08-14T18:14:39","date_gmt":"2023-08-14T17:14:39","guid":{"rendered":"https:\/\/investmedic-store.com\/?post_type=product&#038;p=1612"},"modified":"2023-08-14T18:16:11","modified_gmt":"2023-08-14T17:16:11","slug":"oxymetre-de-pouls-professionnel-fos2-plus","status":"publish","type":"product","link":"https:\/\/investmedic-store.com\/?product=oxymetre-de-pouls-professionnel-fos2-plus","title":{"rendered":"Oxym\u00e8tre De Pouls Professionnel  FOS2 PLUS MEDITECH"},"content":{"rendered":"<p>Grand \u00e9cran OLED<br \/>\nContr\u00f4le de la couleur des donn\u00e9es<br \/>\nAfficher le bouton de cong\u00e9lation<br \/>\nMesure de la SpO2 et du pouls.<br \/>\nAffichage num\u00e9rique et forme d&#8217;onde de SpO2 simultan\u00e9ment.<br \/>\nLongue dur\u00e9e de vie de la batterie -36 heures sur des batteries rechargeables Ni-MH.<br \/>\nLe dernier graphique de tendance sur 10 minutes et le tableau de la SpO2 et de la fr\u00e9quence du pouls peuvent \u00eatre consult\u00e9s \u00e0 l&#8217;\u00e9cran.<br \/>\nCapacit\u00e9 d&#8217;alarme sonore et visuelle (r\u00e9glable).<br \/>\nSonde \u00e9changeable, (Adulte.Enfant.Nouveau-n\u00e9 et type Y multi-sites),<br \/>\nIndication de la tension de la batterie : graphique en couleur<br \/>\nBatterie au lithium polym\u00e8re rechargeable de 3,7\u00a0V (chargeur\u00a0: USB et chargeur secteur)<\/p>\n<p>Option:<br \/>\nUnit\u00e9 de temp\u00e9rature : Celsius (C)Fahrenheit (F)<\/p>\n","protected":false},"excerpt":{"rendered":"<p>FOS2 PLUS<br \/>\nL&#8217;oxym\u00e8tre de pouls FOs2 plus est un oxym\u00e8tre de pouls portable pr\u00e9cis et complet qui offre une grande valeur pour les environnements cliniques ou \u00e0 domicile.<br \/>\nIl dispose d&#8217;alarmes r\u00e9glables ainsi que d&#8217;un graphique SPO2 visible en temps r\u00e9el. l&#8217;appareil est livr\u00e9 en standard avec une sonde doigt adulte.<br \/>\nLes options incluent diff\u00e9rentes tailles de sondes et un support de charge et une sonde de temp\u00e9rature<\/p>\n","protected":false},"featured_media":1600,"comment_status":"open","ping_status":"closed","template":"","meta":{"om_disable_all_campaigns":false,"_joinchat":[]},"product_cat":[135,137],"product_tag":[],"yoast_head":"<!-- This site is optimized with the Yoast SEO plugin v20.12 - https:\/\/yoast.com\/wordpress\/plugins\/seo\/ -->\n<title>Oxym\u00e8tre De Pouls Professionnel FOS2 PLUS MEDITECH - investmedic-store.com<\/title>\n<meta name=\"robots\" content=\"index, follow, max-snippet:-1, max-image-preview:large, max-video-preview:-1\" \/>\n<link rel=\"canonical\" href=\"https:\/\/investmedic-store.com\/?product=oxymetre-de-pouls-professionnel-fos2-plus\" \/>\n<meta property=\"og:locale\" content=\"fr_FR\" \/>\n<meta property=\"og:type\" content=\"article\" \/>\n<meta property=\"og:title\" content=\"Oxym\u00e8tre De Pouls Professionnel FOS2 PLUS MEDITECH - investmedic-store.com\" \/>\n<meta property=\"og:description\" content=\"FOS2 PLUS L&#039;oxym\u00e8tre de pouls FOs2 plus est un oxym\u00e8tre de pouls portable pr\u00e9cis et complet qui offre une grande valeur pour les environnements cliniques ou \u00e0 domicile. Il dispose d&#039;alarmes r\u00e9glables ainsi que d&#039;un graphique SPO2 visible en temps r\u00e9el. l&#039;appareil est livr\u00e9 en standard avec une sonde doigt adulte. Les options incluent diff\u00e9rentes tailles de sondes et un support de charge et une sonde de temp\u00e9rature\" \/>\n<meta property=\"og:url\" content=\"https:\/\/investmedic-store.com\/?product=oxymetre-de-pouls-professionnel-fos2-plus\" \/>\n<meta property=\"og:site_name\" content=\"investmedic-store.com\" \/>\n<meta property=\"article:publisher\" content=\"https:\/\/www.facebook.com\/invest.medic\" \/>\n<meta property=\"article:modified_time\" content=\"2023-08-14T17:16:11+00:00\" \/>\n<meta property=\"og:image\" content=\"http:\/\/investmedic-store.com\/wp-content\/uploads\/2023\/08\/FOs2-plus-2.jpg\" \/>\n\t<meta property=\"og:image:width\" content=\"680\" \/>\n\t<meta property=\"og:image:height\" content=\"496\" \/>\n\t<meta property=\"og:image:type\" content=\"image\/jpeg\" \/>\n<meta name=\"twitter:card\" content=\"summary_large_image\" \/>\n<meta name=\"twitter:label1\" content=\"Dur\u00e9e de lecture estim\u00e9e\" \/>\n\t<meta name=\"twitter:data1\" content=\"1 minute\" \/>\n<script type=\"application\/ld+json\" class=\"yoast-schema-graph\">{\"@context\":\"https:\/\/schema.org\",\"@graph\":[{\"@type\":\"WebPage\",\"@id\":\"https:\/\/investmedic-store.com\/?product=oxymetre-de-pouls-professionnel-fos2-plus\",\"url\":\"https:\/\/investmedic-store.com\/?product=oxymetre-de-pouls-professionnel-fos2-plus\",\"name\":\"Oxym\u00e8tre De Pouls Professionnel FOS2 PLUS MEDITECH - investmedic-store.com\",\"isPartOf\":{\"@id\":\"https:\/\/investmedic-store.com\/#website\"},\"datePublished\":\"2023-08-14T17:14:39+00:00\",\"dateModified\":\"2023-08-14T17:16:11+00:00\",\"breadcrumb\":{\"@id\":\"https:\/\/investmedic-store.com\/?product=oxymetre-de-pouls-professionnel-fos2-plus#breadcrumb\"},\"inLanguage\":\"fr-FR\",\"potentialAction\":[{\"@type\":\"ReadAction\",\"target\":[\"https:\/\/investmedic-store.com\/?product=oxymetre-de-pouls-professionnel-fos2-plus\"]}]},{\"@type\":\"BreadcrumbList\",\"@id\":\"https:\/\/investmedic-store.com\/?product=oxymetre-de-pouls-professionnel-fos2-plus#breadcrumb\",\"itemListElement\":[{\"@type\":\"ListItem\",\"position\":1,\"name\":\"Accueil\",\"item\":\"https:\/\/investmedic-store.com\/\"},{\"@type\":\"ListItem\",\"position\":2,\"name\":\"Shop\",\"item\":\"https:\/\/investmedic-store.com\/?page_id=5\"},{\"@type\":\"ListItem\",\"position\":3,\"name\":\"Oxym\u00e8tre De Pouls Professionnel FOS2 PLUS MEDITECH\"}]},{\"@type\":\"WebSite\",\"@id\":\"https:\/\/investmedic-store.com\/#website\",\"url\":\"https:\/\/investmedic-store.com\/\",\"name\":\"invest medic store\",\"description\":\"Importation &amp; Distribution Du Materiels Medico-Chirurgicales - \u0627\u0633\u062a\u064a\u0631\u0627\u062f \u0648\u062a\u0648\u0632\u064a\u0639 \u0627\u0644\u0645\u0648\u0627\u062f \u0627\u0644\u0637\u0628\u064a\u0629 \u0627\u0644\u062c\u0631\u0627\u062d\u064a\u0629\",\"publisher\":{\"@id\":\"https:\/\/investmedic-store.com\/#organization\"},\"alternateName\":\"investmedic store\",\"potentialAction\":[{\"@type\":\"SearchAction\",\"target\":{\"@type\":\"EntryPoint\",\"urlTemplate\":\"https:\/\/investmedic-store.com\/?s={search_term_string}\"},\"query-input\":\"required name=search_term_string\"}],\"inLanguage\":\"fr-FR\"},{\"@type\":\"Organization\",\"@id\":\"https:\/\/investmedic-store.com\/#organization\",\"name\":\"invest.medic store\",\"alternateName\":\"investmedic store\",\"url\":\"https:\/\/investmedic-store.com\/\",\"logo\":{\"@type\":\"ImageObject\",\"inLanguage\":\"fr-FR\",\"@id\":\"https:\/\/investmedic-store.com\/#\/schema\/logo\/image\/\",\"url\":\"https:\/\/investmedic-store.com\/wp-content\/uploads\/2023\/07\/cropped-LOGO_INVEST-transformed-removebg-preview-transformed-1-e1690120839263.png\",\"contentUrl\":\"https:\/\/investmedic-store.com\/wp-content\/uploads\/2023\/07\/cropped-LOGO_INVEST-transformed-removebg-preview-transformed-1-e1690120839263.png\",\"width\":512,\"height\":512,\"caption\":\"invest.medic store\"},\"image\":{\"@id\":\"https:\/\/investmedic-store.com\/#\/schema\/logo\/image\/\"},\"sameAs\":[\"https:\/\/www.facebook.com\/invest.medic\"]}]}<\/script>\n<!-- \/ Yoast SEO plugin. -->","yoast_head_json":{"title":"Oxym\u00e8tre De Pouls Professionnel FOS2 PLUS MEDITECH - investmedic-store.com","robots":{"index":"index","follow":"follow","max-snippet":"max-snippet:-1","max-image-preview":"max-image-preview:large","max-video-preview":"max-video-preview:-1"},"canonical":"https:\/\/investmedic-store.com\/?product=oxymetre-de-pouls-professionnel-fos2-plus","og_locale":"fr_FR","og_type":"article","og_title":"Oxym\u00e8tre De Pouls Professionnel FOS2 PLUS MEDITECH - investmedic-store.com","og_description":"FOS2 PLUS L'oxym\u00e8tre de pouls FOs2 plus est un oxym\u00e8tre de pouls portable pr\u00e9cis et complet qui offre une grande valeur pour les environnements cliniques ou \u00e0 domicile. Il dispose d'alarmes r\u00e9glables ainsi que d'un graphique SPO2 visible en temps r\u00e9el. l'appareil est livr\u00e9 en standard avec une sonde doigt adulte. Les options incluent diff\u00e9rentes tailles de sondes et un support de charge et une sonde de temp\u00e9rature","og_url":"https:\/\/investmedic-store.com\/?product=oxymetre-de-pouls-professionnel-fos2-plus","og_site_name":"investmedic-store.com","article_publisher":"https:\/\/www.facebook.com\/invest.medic","article_modified_time":"2023-08-14T17:16:11+00:00","og_image":[{"width":680,"height":496,"url":"http:\/\/investmedic-store.com\/wp-content\/uploads\/2023\/08\/FOs2-plus-2.jpg","type":"image\/jpeg"}],"twitter_card":"summary_large_image","twitter_misc":{"Dur\u00e9e de lecture estim\u00e9e":"1 minute"},"schema":{"@context":"https:\/\/schema.org","@graph":[{"@type":"WebPage","@id":"https:\/\/investmedic-store.com\/?product=oxymetre-de-pouls-professionnel-fos2-plus","url":"https:\/\/investmedic-store.com\/?product=oxymetre-de-pouls-professionnel-fos2-plus","name":"Oxym\u00e8tre De Pouls Professionnel FOS2 PLUS MEDITECH - investmedic-store.com","isPartOf":{"@id":"https:\/\/investmedic-store.com\/#website"},"datePublished":"2023-08-14T17:14:39+00:00","dateModified":"2023-08-14T17:16:11+00:00","breadcrumb":{"@id":"https:\/\/investmedic-store.com\/?product=oxymetre-de-pouls-professionnel-fos2-plus#breadcrumb"},"inLanguage":"fr-FR","potentialAction":[{"@type":"ReadAction","target":["https:\/\/investmedic-store.com\/?product=oxymetre-de-pouls-professionnel-fos2-plus"]}]},{"@type":"BreadcrumbList","@id":"https:\/\/investmedic-store.com\/?product=oxymetre-de-pouls-professionnel-fos2-plus#breadcrumb","itemListElement":[{"@type":"ListItem","position":1,"name":"Accueil","item":"https:\/\/investmedic-store.com\/"},{"@type":"ListItem","position":2,"name":"Shop","item":"https:\/\/investmedic-store.com\/?page_id=5"},{"@type":"ListItem","position":3,"name":"Oxym\u00e8tre De Pouls Professionnel FOS2 PLUS MEDITECH"}]},{"@type":"WebSite","@id":"https:\/\/investmedic-store.com\/#website","url":"https:\/\/investmedic-store.com\/","name":"invest medic store","description":"Importation &amp; Distribution Du Materiels Medico-Chirurgicales - \u0627\u0633\u062a\u064a\u0631\u0627\u062f \u0648\u062a\u0648\u0632\u064a\u0639 \u0627\u0644\u0645\u0648\u0627\u062f \u0627\u0644\u0637\u0628\u064a\u0629 \u0627\u0644\u062c\u0631\u0627\u062d\u064a\u0629","publisher":{"@id":"https:\/\/investmedic-store.com\/#organization"},"alternateName":"investmedic store","potentialAction":[{"@type":"SearchAction","target":{"@type":"EntryPoint","urlTemplate":"https:\/\/investmedic-store.com\/?s={search_term_string}"},"query-input":"required name=search_term_string"}],"inLanguage":"fr-FR"},{"@type":"Organization","@id":"https:\/\/investmedic-store.com\/#organization","name":"invest.medic store","alternateName":"investmedic store","url":"https:\/\/investmedic-store.com\/","logo":{"@type":"ImageObject","inLanguage":"fr-FR","@id":"https:\/\/investmedic-store.com\/#\/schema\/logo\/image\/","url":"https:\/\/investmedic-store.com\/wp-content\/uploads\/2023\/07\/cropped-LOGO_INVEST-transformed-removebg-preview-transformed-1-e1690120839263.png","contentUrl":"https:\/\/investmedic-store.com\/wp-content\/uploads\/2023\/07\/cropped-LOGO_INVEST-transformed-removebg-preview-transformed-1-e1690120839263.png","width":512,"height":512,"caption":"invest.medic store"},"image":{"@id":"https:\/\/investmedic-store.com\/#\/schema\/logo\/image\/"},"sameAs":["https:\/\/www.facebook.com\/invest.medic"]}]}},"_links":{"self":[{"href":"https:\/\/investmedic-store.com\/index.php?rest_route=\/wp\/v2\/product\/1612"}],"collection":[{"href":"https:\/\/investmedic-store.com\/index.php?rest_route=\/wp\/v2\/product"}],"about":[{"href":"https:\/\/investmedic-store.com\/index.php?rest_route=\/wp\/v2\/types\/product"}],"replies":[{"embeddable":true,"href":"https:\/\/investmedic-store.com\/index.php?rest_route=%2Fwp%2Fv2%2Fcomments&post=1612"}],"wp:featuredmedia":[{"embeddable":true,"href":"https:\/\/investmedic-store.com\/index.php?rest_route=\/wp\/v2\/media\/1600"}],"wp:attachment":[{"href":"https:\/\/investmedic-store.com\/index.php?rest_route=%2Fwp%2Fv2%2Fmedia&parent=1612"}],"wp:term":[{"taxonomy":"product_cat","embeddable":true,"href":"https:\/\/investmedic-store.com\/index.php?rest_route=%2Fwp%2Fv2%2Fproduct_cat&post=1612"},{"taxonomy":"product_tag","embeddable":true,"href":"https:\/\/investmedic-store.com\/index.php?rest_route=%2Fwp%2Fv2%2Fproduct_tag&post=1612"}],"curies":[{"name":"wp","href":"https:\/\/api.w.org\/{rel}","templated":true}]}}