{"id":1607,"date":"2023-08-14T17:04:13","date_gmt":"2023-08-14T16:04:13","guid":{"rendered":"https:\/\/investmedic-store.com\/?post_type=product&#038;p=1607"},"modified":"2025-10-28T12:14:27","modified_gmt":"2025-10-28T11:14:27","slug":"monteur-de-surveillance-7pr-15-6tft-md9015t","status":"publish","type":"product","link":"https:\/\/investmedic-store.com\/?product=monteur-de-surveillance-7pr-15-6tft-md9015t","title":{"rendered":"Monteur De Surveillance 7PR 15.6*TFT MD9015T MEDITECH"},"content":{"rendered":"<p>\u00c9cran TFT couleur haute r\u00e9solution de 15 pouces avec un maximum de 13 formes d&#8217;onde<br \/>\nL&#8217;\u00e9cran tactile complet permet un fonctionnement intuitif en cliquant sur les param\u00e8tres sp\u00e9cifiques<br \/>\nde la forme d&#8217;onde en temps r\u00e9el, la configuration standard inclut le bouton de navigation<br \/>\nD\u00e9tection du stimulateur cardiaque, r\u00e9sistant aux interf\u00e9rences \u00e9lectrochirurgicales<br \/>\nProtection de d\u00e9fibrillation et synchronisation de d\u00e9fibrillation<br \/>\nL&#8217;emplacement pour carte SD permet une extension de m\u00e9moire pour un stockage de donn\u00e9es volumineux<br \/>\nLes ports USB et s\u00e9rie permettent de nombreuses mises \u00e0 niveau futures<br \/>\nSortie VGA et sortie analogique<br \/>\nOxyCRG disponible pour juger de la fonction respiratoire et circulatoire du nouveau-n\u00e9<br \/>\nGrand affichage de police<br \/>\nArythmie et analyse du segment S-T<br \/>\nLi-ion rechargeable int\u00e9gr\u00e9 (6 heures maximum avec 2 batteries 4200 mAh)<br \/>\nFonction d&#8217;appel d&#8217;infirmi\u00e8re et communication bidirectionnelle avec la station centrale MFM-CMS<br \/>\nMultilingue\u00a0: anglais\/chinois simplifi\u00e9\/chinois traditionnel\/espagnol\/tch\u00e8que\/italien\/polonais\/fran\u00e7ais\/allemand\/br\u00e9silien\/portugais\/russe.<br \/>\nConfiguration standard : ECG 3\/5 d\u00e9rivations, PNI, SpO2, RESP, 2-Temp, PR<br \/>\nEn option : ECG 12 d\u00e9rivations, Nellcor-SpO2, Omron NIBP, 2-IBP\/4-IBP, CO2 Mainstream\/Side stream,<br \/>\nCO, multi-gaz, \u00e9cran tactile complet, enregistreur thermique, accessoire WLAN<br \/>\nStockage de donn\u00e9es volumineux\u00a0: 120\u00a0heures de tendances graphiques et tabulaires de tous les param\u00e8tres\u00a0; 1200 ensembles de PNI<br \/>\nmesure et 70 \u00e9v\u00e9nements d&#8217;alarme\u00a0; 2 ports USB et un emplacement pour carte SC assurent le stockage des donn\u00e9es\/les mises \u00e0 niveau des fonctions.<br \/>\nLes donn\u00e9es cliniques peuvent \u00eatre visualis\u00e9es et g\u00e9r\u00e9es via le logiciel Patientcare Viewer (\u00e0 para\u00eetre)<br \/>\nR\u00e9seau clinique : communication bidirectionnelle avec la station centrale CMS-2000 par connexion filaire ou sans fil<br \/>\nSolution de montage compl\u00e8te et flexible pour USI et salle d&#8217;op\u00e9ration. Param\u00e8tres haut de gamme pour des applications cliniques plus flexibles.<\/p>\n","protected":false},"excerpt":{"rendered":"<p>MD9015 \u00c9cran tactile Moniteur patient de 15 pouces Graphique de tendance de 192 heures, 1000 groupes de liste de pression art\u00e9rielle, mesures du segment ST, analyse de l&#8217;arythmie et plus de fonctions,<br \/>\nPrend en charge jusqu&#8217;\u00e0 32 connexions r\u00e9seau TCP\/IP, compos\u00e9es d&#8217;un syst\u00e8me d&#8217;information central.<br \/>\nLivr\u00e9 avec t\u00e9l\u00e9commande<\/p>\n","protected":false},"featured_media":1608,"comment_status":"open","ping_status":"closed","template":"","meta":{"om_disable_all_campaigns":false,"_joinchat":[]},"product_cat":[135,138],"product_tag":[],"yoast_head":"<!-- This site is optimized with the Yoast SEO plugin v20.12 - https:\/\/yoast.com\/wordpress\/plugins\/seo\/ -->\n<title>Monteur De Surveillance 7PR 15.6*TFT MD9015T MEDITECH - investmedic-store.com<\/title>\n<meta name=\"robots\" content=\"index, follow, max-snippet:-1, max-image-preview:large, max-video-preview:-1\" \/>\n<link rel=\"canonical\" href=\"https:\/\/investmedic-store.com\/?product=monteur-de-surveillance-7pr-15-6tft-md9015t\" \/>\n<meta property=\"og:locale\" content=\"fr_FR\" \/>\n<meta property=\"og:type\" content=\"article\" \/>\n<meta property=\"og:title\" content=\"Monteur De Surveillance 7PR 15.6*TFT MD9015T MEDITECH - investmedic-store.com\" \/>\n<meta property=\"og:description\" content=\"MD9015 \u00c9cran tactile Moniteur patient de 15 pouces Graphique de tendance de 192 heures, 1000 groupes de liste de pression art\u00e9rielle, mesures du segment ST, analyse de l&#039;arythmie et plus de fonctions, Prend en charge jusqu&#039;\u00e0 32 connexions r\u00e9seau TCP\/IP, compos\u00e9es d&#039;un syst\u00e8me d&#039;information central. Livr\u00e9 avec t\u00e9l\u00e9commande\" \/>\n<meta property=\"og:url\" content=\"https:\/\/investmedic-store.com\/?product=monteur-de-surveillance-7pr-15-6tft-md9015t\" \/>\n<meta property=\"og:site_name\" content=\"investmedic-store.com\" \/>\n<meta property=\"article:publisher\" content=\"https:\/\/www.facebook.com\/invest.medic\" \/>\n<meta property=\"article:modified_time\" content=\"2025-10-28T11:14:27+00:00\" \/>\n<meta property=\"og:image\" content=\"http:\/\/investmedic-store.com\/wp-content\/uploads\/2023\/08\/MD9015-3.jpg\" \/>\n\t<meta property=\"og:image:width\" content=\"800\" \/>\n\t<meta property=\"og:image:height\" content=\"800\" \/>\n\t<meta property=\"og:image:type\" content=\"image\/jpeg\" \/>\n<meta name=\"twitter:card\" content=\"summary_large_image\" \/>\n<meta name=\"twitter:label1\" content=\"Dur\u00e9e de lecture estim\u00e9e\" \/>\n\t<meta name=\"twitter:data1\" content=\"2 minutes\" \/>\n<script type=\"application\/ld+json\" class=\"yoast-schema-graph\">{\"@context\":\"https:\/\/schema.org\",\"@graph\":[{\"@type\":\"WebPage\",\"@id\":\"https:\/\/investmedic-store.com\/?product=monteur-de-surveillance-7pr-15-6tft-md9015t\",\"url\":\"https:\/\/investmedic-store.com\/?product=monteur-de-surveillance-7pr-15-6tft-md9015t\",\"name\":\"Monteur De Surveillance 7PR 15.6*TFT MD9015T MEDITECH - investmedic-store.com\",\"isPartOf\":{\"@id\":\"https:\/\/investmedic-store.com\/#website\"},\"datePublished\":\"2023-08-14T16:04:13+00:00\",\"dateModified\":\"2025-10-28T11:14:27+00:00\",\"breadcrumb\":{\"@id\":\"https:\/\/investmedic-store.com\/?product=monteur-de-surveillance-7pr-15-6tft-md9015t#breadcrumb\"},\"inLanguage\":\"fr-FR\",\"potentialAction\":[{\"@type\":\"ReadAction\",\"target\":[\"https:\/\/investmedic-store.com\/?product=monteur-de-surveillance-7pr-15-6tft-md9015t\"]}]},{\"@type\":\"BreadcrumbList\",\"@id\":\"https:\/\/investmedic-store.com\/?product=monteur-de-surveillance-7pr-15-6tft-md9015t#breadcrumb\",\"itemListElement\":[{\"@type\":\"ListItem\",\"position\":1,\"name\":\"Accueil\",\"item\":\"https:\/\/investmedic-store.com\/\"},{\"@type\":\"ListItem\",\"position\":2,\"name\":\"Shop\",\"item\":\"https:\/\/investmedic-store.com\/?page_id=5\"},{\"@type\":\"ListItem\",\"position\":3,\"name\":\"Monteur De Surveillance 7PR 15.6*TFT MD9015T MEDITECH\"}]},{\"@type\":\"WebSite\",\"@id\":\"https:\/\/investmedic-store.com\/#website\",\"url\":\"https:\/\/investmedic-store.com\/\",\"name\":\"invest medic store\",\"description\":\"Importation &amp; Distribution Du Materiels Medico-Chirurgicales - \u0627\u0633\u062a\u064a\u0631\u0627\u062f \u0648\u062a\u0648\u0632\u064a\u0639 \u0627\u0644\u0645\u0648\u0627\u062f \u0627\u0644\u0637\u0628\u064a\u0629 \u0627\u0644\u062c\u0631\u0627\u062d\u064a\u0629\",\"publisher\":{\"@id\":\"https:\/\/investmedic-store.com\/#organization\"},\"alternateName\":\"investmedic store\",\"potentialAction\":[{\"@type\":\"SearchAction\",\"target\":{\"@type\":\"EntryPoint\",\"urlTemplate\":\"https:\/\/investmedic-store.com\/?s={search_term_string}\"},\"query-input\":\"required name=search_term_string\"}],\"inLanguage\":\"fr-FR\"},{\"@type\":\"Organization\",\"@id\":\"https:\/\/investmedic-store.com\/#organization\",\"name\":\"invest.medic store\",\"alternateName\":\"investmedic store\",\"url\":\"https:\/\/investmedic-store.com\/\",\"logo\":{\"@type\":\"ImageObject\",\"inLanguage\":\"fr-FR\",\"@id\":\"https:\/\/investmedic-store.com\/#\/schema\/logo\/image\/\",\"url\":\"https:\/\/investmedic-store.com\/wp-content\/uploads\/2023\/07\/cropped-LOGO_INVEST-transformed-removebg-preview-transformed-1-e1690120839263.png\",\"contentUrl\":\"https:\/\/investmedic-store.com\/wp-content\/uploads\/2023\/07\/cropped-LOGO_INVEST-transformed-removebg-preview-transformed-1-e1690120839263.png\",\"width\":512,\"height\":512,\"caption\":\"invest.medic store\"},\"image\":{\"@id\":\"https:\/\/investmedic-store.com\/#\/schema\/logo\/image\/\"},\"sameAs\":[\"https:\/\/www.facebook.com\/invest.medic\"]}]}<\/script>\n<!-- \/ Yoast SEO plugin. -->","yoast_head_json":{"title":"Monteur De Surveillance 7PR 15.6*TFT MD9015T MEDITECH - investmedic-store.com","robots":{"index":"index","follow":"follow","max-snippet":"max-snippet:-1","max-image-preview":"max-image-preview:large","max-video-preview":"max-video-preview:-1"},"canonical":"https:\/\/investmedic-store.com\/?product=monteur-de-surveillance-7pr-15-6tft-md9015t","og_locale":"fr_FR","og_type":"article","og_title":"Monteur De Surveillance 7PR 15.6*TFT MD9015T MEDITECH - investmedic-store.com","og_description":"MD9015 \u00c9cran tactile Moniteur patient de 15 pouces Graphique de tendance de 192 heures, 1000 groupes de liste de pression art\u00e9rielle, mesures du segment ST, analyse de l'arythmie et plus de fonctions, Prend en charge jusqu'\u00e0 32 connexions r\u00e9seau TCP\/IP, compos\u00e9es d'un syst\u00e8me d'information central. Livr\u00e9 avec t\u00e9l\u00e9commande","og_url":"https:\/\/investmedic-store.com\/?product=monteur-de-surveillance-7pr-15-6tft-md9015t","og_site_name":"investmedic-store.com","article_publisher":"https:\/\/www.facebook.com\/invest.medic","article_modified_time":"2025-10-28T11:14:27+00:00","og_image":[{"width":800,"height":800,"url":"http:\/\/investmedic-store.com\/wp-content\/uploads\/2023\/08\/MD9015-3.jpg","type":"image\/jpeg"}],"twitter_card":"summary_large_image","twitter_misc":{"Dur\u00e9e de lecture estim\u00e9e":"2 minutes"},"schema":{"@context":"https:\/\/schema.org","@graph":[{"@type":"WebPage","@id":"https:\/\/investmedic-store.com\/?product=monteur-de-surveillance-7pr-15-6tft-md9015t","url":"https:\/\/investmedic-store.com\/?product=monteur-de-surveillance-7pr-15-6tft-md9015t","name":"Monteur De Surveillance 7PR 15.6*TFT MD9015T MEDITECH - investmedic-store.com","isPartOf":{"@id":"https:\/\/investmedic-store.com\/#website"},"datePublished":"2023-08-14T16:04:13+00:00","dateModified":"2025-10-28T11:14:27+00:00","breadcrumb":{"@id":"https:\/\/investmedic-store.com\/?product=monteur-de-surveillance-7pr-15-6tft-md9015t#breadcrumb"},"inLanguage":"fr-FR","potentialAction":[{"@type":"ReadAction","target":["https:\/\/investmedic-store.com\/?product=monteur-de-surveillance-7pr-15-6tft-md9015t"]}]},{"@type":"BreadcrumbList","@id":"https:\/\/investmedic-store.com\/?product=monteur-de-surveillance-7pr-15-6tft-md9015t#breadcrumb","itemListElement":[{"@type":"ListItem","position":1,"name":"Accueil","item":"https:\/\/investmedic-store.com\/"},{"@type":"ListItem","position":2,"name":"Shop","item":"https:\/\/investmedic-store.com\/?page_id=5"},{"@type":"ListItem","position":3,"name":"Monteur De Surveillance 7PR 15.6*TFT MD9015T MEDITECH"}]},{"@type":"WebSite","@id":"https:\/\/investmedic-store.com\/#website","url":"https:\/\/investmedic-store.com\/","name":"invest medic store","description":"Importation &amp; Distribution Du Materiels Medico-Chirurgicales - \u0627\u0633\u062a\u064a\u0631\u0627\u062f \u0648\u062a\u0648\u0632\u064a\u0639 \u0627\u0644\u0645\u0648\u0627\u062f \u0627\u0644\u0637\u0628\u064a\u0629 \u0627\u0644\u062c\u0631\u0627\u062d\u064a\u0629","publisher":{"@id":"https:\/\/investmedic-store.com\/#organization"},"alternateName":"investmedic store","potentialAction":[{"@type":"SearchAction","target":{"@type":"EntryPoint","urlTemplate":"https:\/\/investmedic-store.com\/?s={search_term_string}"},"query-input":"required name=search_term_string"}],"inLanguage":"fr-FR"},{"@type":"Organization","@id":"https:\/\/investmedic-store.com\/#organization","name":"invest.medic store","alternateName":"investmedic store","url":"https:\/\/investmedic-store.com\/","logo":{"@type":"ImageObject","inLanguage":"fr-FR","@id":"https:\/\/investmedic-store.com\/#\/schema\/logo\/image\/","url":"https:\/\/investmedic-store.com\/wp-content\/uploads\/2023\/07\/cropped-LOGO_INVEST-transformed-removebg-preview-transformed-1-e1690120839263.png","contentUrl":"https:\/\/investmedic-store.com\/wp-content\/uploads\/2023\/07\/cropped-LOGO_INVEST-transformed-removebg-preview-transformed-1-e1690120839263.png","width":512,"height":512,"caption":"invest.medic store"},"image":{"@id":"https:\/\/investmedic-store.com\/#\/schema\/logo\/image\/"},"sameAs":["https:\/\/www.facebook.com\/invest.medic"]}]}},"_links":{"self":[{"href":"https:\/\/investmedic-store.com\/index.php?rest_route=\/wp\/v2\/product\/1607"}],"collection":[{"href":"https:\/\/investmedic-store.com\/index.php?rest_route=\/wp\/v2\/product"}],"about":[{"href":"https:\/\/investmedic-store.com\/index.php?rest_route=\/wp\/v2\/types\/product"}],"replies":[{"embeddable":true,"href":"https:\/\/investmedic-store.com\/index.php?rest_route=%2Fwp%2Fv2%2Fcomments&post=1607"}],"wp:featuredmedia":[{"embeddable":true,"href":"https:\/\/investmedic-store.com\/index.php?rest_route=\/wp\/v2\/media\/1608"}],"wp:attachment":[{"href":"https:\/\/investmedic-store.com\/index.php?rest_route=%2Fwp%2Fv2%2Fmedia&parent=1607"}],"wp:term":[{"taxonomy":"product_cat","embeddable":true,"href":"https:\/\/investmedic-store.com\/index.php?rest_route=%2Fwp%2Fv2%2Fproduct_cat&post=1607"},{"taxonomy":"product_tag","embeddable":true,"href":"https:\/\/investmedic-store.com\/index.php?rest_route=%2Fwp%2Fv2%2Fproduct_tag&post=1607"}],"curies":[{"name":"wp","href":"https:\/\/api.w.org\/{rel}","templated":true}]}}