{"id":1605,"date":"2023-08-14T16:37:21","date_gmt":"2023-08-14T15:37:21","guid":{"rendered":"https:\/\/investmedic-store.com\/?post_type=product&#038;p=1605"},"modified":"2023-08-14T17:28:16","modified_gmt":"2023-08-14T16:28:16","slug":"monteur-de-surveillance-5pr-12-1tft-md-9000s-meditech","status":"publish","type":"product","link":"https:\/\/investmedic-store.com\/?product=monteur-de-surveillance-5pr-12-1tft-md-9000s-meditech","title":{"rendered":"Monteur De Surveillance 5PR 12.1*TFT MD 9000S MEDITECH"},"content":{"rendered":"<p>\u00c9cran LCD couleur TFT 12,1 &#8221;, conception sans ventilateur, silencieux, \u00e9conome en \u00e9nergie et propre, ce qui r\u00e9duit les risques d&#8217;infection crois\u00e9e.<br \/>\nMoniteur polyvalent pour adulte, p\u00e9diatrique et nouveau-n\u00e9.<br \/>\nAvec interface standard, graphique d&#8217;oxyg\u00e8ne, graphique de tendance, interface \u00e0 grands caract\u00e8res et lit de vue, pratique \u00e0 observer.<br \/>\nTerminez toutes les op\u00e9rations par les touches et les boutons.<br \/>\nAffichage synchrone maximum de forme d&#8217;onde de 8 canaux.<br \/>\nAffichage de la forme d&#8217;onde ECG \u00e0 7 d\u00e9rivations sur un seul \u00e9cran, affichage de la forme d&#8217;onde ECG en cascade<br \/>\nAdoptez la technologie num\u00e9rique SpO2, les interf\u00e9rences lumineuses anti-mouvement et anti-ambiante, et la mesure peut \u00eatre effectu\u00e9e dans des circonstances de faible remplissage.<br \/>\nFonction d&#8217;analyse de la variabilit\u00e9 de la fr\u00e9quence cardiaque (HRV)<br \/>\nMode de mesure NIBP\u00a0: Manuel\/AUTO\/STAT, stockage des donn\u00e9es NIBP de 4\u00a0800\u00a0groupes.<br \/>\nRevoir 71 \u00e9v\u00e9nements d&#8217;alarme de tous les param\u00e8tres et 60 \u00e9v\u00e9nements d&#8217;alarme d&#8217;arythmie.<br \/>\nFonctions de calcul de concentration de m\u00e9dicament et de table de titrage.<br \/>\nImpression en une seule touche du graphique de tendance<br \/>\nConnectez-vous au syst\u00e8me de surveillance central par mode 3G, Wi-Fi ou filaire.<br \/>\nAC\/DC, la batterie au lithium rechargeable int\u00e9gr\u00e9e permet une surveillance ininterrompue.<br \/>\nBloc op\u00e9ratoire anti-haute fr\u00e9quence, r\u00e9sistant \u00e0 la d\u00e9fibrillation (des cordons sp\u00e9ciaux sont n\u00e9cessaires).<br \/>\nInterface multilingue (chinois simplifi\u00e9, chinois traditionnel, anglais, fran\u00e7ais, allemand, turc, espagnol, portugais, italien, n\u00e9erlandais, roumain, russe, kazakh, polonais, tch\u00e8que).<\/p>\n<p>Choix<br \/>\nPression art\u00e9rielle invasive (IBP)<br \/>\nModule de dioxyde de carbone (CO2)<br \/>\nModule SpO2 Masimo<br \/>\nImprimante thermique<br \/>\nWi-Fi int\u00e9gr\u00e9<\/p>\n","protected":false},"excerpt":{"rendered":"<p>Surveillance ECG, SP02, PNI, RESP .2-TEMP. PR en param\u00e8tres standards, et 2-IBP, ETC02 et imprimante thermique en option,<\/p>\n","protected":false},"featured_media":1606,"comment_status":"open","ping_status":"closed","template":"","meta":{"om_disable_all_campaigns":false,"_joinchat":[]},"product_cat":[135,138],"product_tag":[],"yoast_head":"<!-- This site is optimized with the Yoast SEO plugin v20.12 - https:\/\/yoast.com\/wordpress\/plugins\/seo\/ -->\n<title>Monteur De Surveillance 5PR 12.1*TFT MD 9000S MEDITECH - investmedic-store.com<\/title>\n<meta name=\"robots\" content=\"index, follow, max-snippet:-1, max-image-preview:large, max-video-preview:-1\" \/>\n<link rel=\"canonical\" href=\"https:\/\/investmedic-store.com\/?product=monteur-de-surveillance-5pr-12-1tft-md-9000s-meditech\" \/>\n<meta property=\"og:locale\" content=\"fr_FR\" \/>\n<meta property=\"og:type\" content=\"article\" \/>\n<meta property=\"og:title\" content=\"Monteur De Surveillance 5PR 12.1*TFT MD 9000S MEDITECH - investmedic-store.com\" \/>\n<meta property=\"og:description\" content=\"Surveillance ECG, SP02, PNI, RESP .2-TEMP. PR en param\u00e8tres standards, et 2-IBP, ETC02 et imprimante thermique en option,\" \/>\n<meta property=\"og:url\" content=\"https:\/\/investmedic-store.com\/?product=monteur-de-surveillance-5pr-12-1tft-md-9000s-meditech\" \/>\n<meta property=\"og:site_name\" content=\"investmedic-store.com\" \/>\n<meta property=\"article:publisher\" content=\"https:\/\/www.facebook.com\/invest.medic\" \/>\n<meta property=\"article:modified_time\" content=\"2023-08-14T16:28:16+00:00\" \/>\n<meta property=\"og:image\" content=\"http:\/\/investmedic-store.com\/wp-content\/uploads\/2023\/08\/MD9000s-2.jpg\" \/>\n\t<meta property=\"og:image:width\" content=\"800\" \/>\n\t<meta property=\"og:image:height\" content=\"800\" \/>\n\t<meta property=\"og:image:type\" content=\"image\/jpeg\" \/>\n<meta name=\"twitter:card\" content=\"summary_large_image\" \/>\n<meta name=\"twitter:label1\" content=\"Dur\u00e9e de lecture estim\u00e9e\" \/>\n\t<meta name=\"twitter:data1\" content=\"2 minutes\" \/>\n<script type=\"application\/ld+json\" class=\"yoast-schema-graph\">{\"@context\":\"https:\/\/schema.org\",\"@graph\":[{\"@type\":\"WebPage\",\"@id\":\"https:\/\/investmedic-store.com\/?product=monteur-de-surveillance-5pr-12-1tft-md-9000s-meditech\",\"url\":\"https:\/\/investmedic-store.com\/?product=monteur-de-surveillance-5pr-12-1tft-md-9000s-meditech\",\"name\":\"Monteur De Surveillance 5PR 12.1*TFT MD 9000S MEDITECH - investmedic-store.com\",\"isPartOf\":{\"@id\":\"https:\/\/investmedic-store.com\/#website\"},\"datePublished\":\"2023-08-14T15:37:21+00:00\",\"dateModified\":\"2023-08-14T16:28:16+00:00\",\"breadcrumb\":{\"@id\":\"https:\/\/investmedic-store.com\/?product=monteur-de-surveillance-5pr-12-1tft-md-9000s-meditech#breadcrumb\"},\"inLanguage\":\"fr-FR\",\"potentialAction\":[{\"@type\":\"ReadAction\",\"target\":[\"https:\/\/investmedic-store.com\/?product=monteur-de-surveillance-5pr-12-1tft-md-9000s-meditech\"]}]},{\"@type\":\"BreadcrumbList\",\"@id\":\"https:\/\/investmedic-store.com\/?product=monteur-de-surveillance-5pr-12-1tft-md-9000s-meditech#breadcrumb\",\"itemListElement\":[{\"@type\":\"ListItem\",\"position\":1,\"name\":\"Accueil\",\"item\":\"https:\/\/investmedic-store.com\/\"},{\"@type\":\"ListItem\",\"position\":2,\"name\":\"Shop\",\"item\":\"https:\/\/investmedic-store.com\/?page_id=5\"},{\"@type\":\"ListItem\",\"position\":3,\"name\":\"Monteur De Surveillance 5PR 12.1*TFT MD 9000S MEDITECH\"}]},{\"@type\":\"WebSite\",\"@id\":\"https:\/\/investmedic-store.com\/#website\",\"url\":\"https:\/\/investmedic-store.com\/\",\"name\":\"invest medic store\",\"description\":\"Importation &amp; Distribution Du Materiels Medico-Chirurgicales - \u0627\u0633\u062a\u064a\u0631\u0627\u062f \u0648\u062a\u0648\u0632\u064a\u0639 \u0627\u0644\u0645\u0648\u0627\u062f \u0627\u0644\u0637\u0628\u064a\u0629 \u0627\u0644\u062c\u0631\u0627\u062d\u064a\u0629\",\"publisher\":{\"@id\":\"https:\/\/investmedic-store.com\/#organization\"},\"alternateName\":\"investmedic store\",\"potentialAction\":[{\"@type\":\"SearchAction\",\"target\":{\"@type\":\"EntryPoint\",\"urlTemplate\":\"https:\/\/investmedic-store.com\/?s={search_term_string}\"},\"query-input\":\"required name=search_term_string\"}],\"inLanguage\":\"fr-FR\"},{\"@type\":\"Organization\",\"@id\":\"https:\/\/investmedic-store.com\/#organization\",\"name\":\"invest.medic store\",\"alternateName\":\"investmedic store\",\"url\":\"https:\/\/investmedic-store.com\/\",\"logo\":{\"@type\":\"ImageObject\",\"inLanguage\":\"fr-FR\",\"@id\":\"https:\/\/investmedic-store.com\/#\/schema\/logo\/image\/\",\"url\":\"https:\/\/investmedic-store.com\/wp-content\/uploads\/2023\/07\/cropped-LOGO_INVEST-transformed-removebg-preview-transformed-1-e1690120839263.png\",\"contentUrl\":\"https:\/\/investmedic-store.com\/wp-content\/uploads\/2023\/07\/cropped-LOGO_INVEST-transformed-removebg-preview-transformed-1-e1690120839263.png\",\"width\":512,\"height\":512,\"caption\":\"invest.medic store\"},\"image\":{\"@id\":\"https:\/\/investmedic-store.com\/#\/schema\/logo\/image\/\"},\"sameAs\":[\"https:\/\/www.facebook.com\/invest.medic\"]}]}<\/script>\n<!-- \/ Yoast SEO plugin. -->","yoast_head_json":{"title":"Monteur De Surveillance 5PR 12.1*TFT MD 9000S MEDITECH - investmedic-store.com","robots":{"index":"index","follow":"follow","max-snippet":"max-snippet:-1","max-image-preview":"max-image-preview:large","max-video-preview":"max-video-preview:-1"},"canonical":"https:\/\/investmedic-store.com\/?product=monteur-de-surveillance-5pr-12-1tft-md-9000s-meditech","og_locale":"fr_FR","og_type":"article","og_title":"Monteur De Surveillance 5PR 12.1*TFT MD 9000S MEDITECH - investmedic-store.com","og_description":"Surveillance ECG, SP02, PNI, RESP .2-TEMP. PR en param\u00e8tres standards, et 2-IBP, ETC02 et imprimante thermique en option,","og_url":"https:\/\/investmedic-store.com\/?product=monteur-de-surveillance-5pr-12-1tft-md-9000s-meditech","og_site_name":"investmedic-store.com","article_publisher":"https:\/\/www.facebook.com\/invest.medic","article_modified_time":"2023-08-14T16:28:16+00:00","og_image":[{"width":800,"height":800,"url":"http:\/\/investmedic-store.com\/wp-content\/uploads\/2023\/08\/MD9000s-2.jpg","type":"image\/jpeg"}],"twitter_card":"summary_large_image","twitter_misc":{"Dur\u00e9e de lecture estim\u00e9e":"2 minutes"},"schema":{"@context":"https:\/\/schema.org","@graph":[{"@type":"WebPage","@id":"https:\/\/investmedic-store.com\/?product=monteur-de-surveillance-5pr-12-1tft-md-9000s-meditech","url":"https:\/\/investmedic-store.com\/?product=monteur-de-surveillance-5pr-12-1tft-md-9000s-meditech","name":"Monteur De Surveillance 5PR 12.1*TFT MD 9000S MEDITECH - investmedic-store.com","isPartOf":{"@id":"https:\/\/investmedic-store.com\/#website"},"datePublished":"2023-08-14T15:37:21+00:00","dateModified":"2023-08-14T16:28:16+00:00","breadcrumb":{"@id":"https:\/\/investmedic-store.com\/?product=monteur-de-surveillance-5pr-12-1tft-md-9000s-meditech#breadcrumb"},"inLanguage":"fr-FR","potentialAction":[{"@type":"ReadAction","target":["https:\/\/investmedic-store.com\/?product=monteur-de-surveillance-5pr-12-1tft-md-9000s-meditech"]}]},{"@type":"BreadcrumbList","@id":"https:\/\/investmedic-store.com\/?product=monteur-de-surveillance-5pr-12-1tft-md-9000s-meditech#breadcrumb","itemListElement":[{"@type":"ListItem","position":1,"name":"Accueil","item":"https:\/\/investmedic-store.com\/"},{"@type":"ListItem","position":2,"name":"Shop","item":"https:\/\/investmedic-store.com\/?page_id=5"},{"@type":"ListItem","position":3,"name":"Monteur De Surveillance 5PR 12.1*TFT MD 9000S MEDITECH"}]},{"@type":"WebSite","@id":"https:\/\/investmedic-store.com\/#website","url":"https:\/\/investmedic-store.com\/","name":"invest medic store","description":"Importation &amp; Distribution Du Materiels Medico-Chirurgicales - \u0627\u0633\u062a\u064a\u0631\u0627\u062f \u0648\u062a\u0648\u0632\u064a\u0639 \u0627\u0644\u0645\u0648\u0627\u062f \u0627\u0644\u0637\u0628\u064a\u0629 \u0627\u0644\u062c\u0631\u0627\u062d\u064a\u0629","publisher":{"@id":"https:\/\/investmedic-store.com\/#organization"},"alternateName":"investmedic store","potentialAction":[{"@type":"SearchAction","target":{"@type":"EntryPoint","urlTemplate":"https:\/\/investmedic-store.com\/?s={search_term_string}"},"query-input":"required name=search_term_string"}],"inLanguage":"fr-FR"},{"@type":"Organization","@id":"https:\/\/investmedic-store.com\/#organization","name":"invest.medic store","alternateName":"investmedic store","url":"https:\/\/investmedic-store.com\/","logo":{"@type":"ImageObject","inLanguage":"fr-FR","@id":"https:\/\/investmedic-store.com\/#\/schema\/logo\/image\/","url":"https:\/\/investmedic-store.com\/wp-content\/uploads\/2023\/07\/cropped-LOGO_INVEST-transformed-removebg-preview-transformed-1-e1690120839263.png","contentUrl":"https:\/\/investmedic-store.com\/wp-content\/uploads\/2023\/07\/cropped-LOGO_INVEST-transformed-removebg-preview-transformed-1-e1690120839263.png","width":512,"height":512,"caption":"invest.medic store"},"image":{"@id":"https:\/\/investmedic-store.com\/#\/schema\/logo\/image\/"},"sameAs":["https:\/\/www.facebook.com\/invest.medic"]}]}},"_links":{"self":[{"href":"https:\/\/investmedic-store.com\/index.php?rest_route=\/wp\/v2\/product\/1605"}],"collection":[{"href":"https:\/\/investmedic-store.com\/index.php?rest_route=\/wp\/v2\/product"}],"about":[{"href":"https:\/\/investmedic-store.com\/index.php?rest_route=\/wp\/v2\/types\/product"}],"replies":[{"embeddable":true,"href":"https:\/\/investmedic-store.com\/index.php?rest_route=%2Fwp%2Fv2%2Fcomments&post=1605"}],"wp:featuredmedia":[{"embeddable":true,"href":"https:\/\/investmedic-store.com\/index.php?rest_route=\/wp\/v2\/media\/1606"}],"wp:attachment":[{"href":"https:\/\/investmedic-store.com\/index.php?rest_route=%2Fwp%2Fv2%2Fmedia&parent=1605"}],"wp:term":[{"taxonomy":"product_cat","embeddable":true,"href":"https:\/\/investmedic-store.com\/index.php?rest_route=%2Fwp%2Fv2%2Fproduct_cat&post=1605"},{"taxonomy":"product_tag","embeddable":true,"href":"https:\/\/investmedic-store.com\/index.php?rest_route=%2Fwp%2Fv2%2Fproduct_tag&post=1605"}],"curies":[{"name":"wp","href":"https:\/\/api.w.org\/{rel}","templated":true}]}}