{"id":1602,"date":"2023-08-14T16:18:26","date_gmt":"2023-08-14T15:18:26","guid":{"rendered":"https:\/\/investmedic-store.com\/?post_type=product&#038;p=1602"},"modified":"2025-05-11T10:11:01","modified_gmt":"2025-05-11T09:11:01","slug":"moniteur-de-surveillance-5pr-12-1tft-md9012-meditech","status":"publish","type":"product","link":"https:\/\/investmedic-store.com\/?product=moniteur-de-surveillance-5pr-12-1tft-md9012-meditech","title":{"rendered":"Moniteur De Surveillance 5PR 12.1*TFT MD9012 MEDITECH"},"content":{"rendered":"<p>\u00c9cran TFT couleur 12&#8243; haute r\u00e9solution<br \/>\n12 ondes de canal. 9 param\u00e8tres : ECG, Resp, NIBP, SpO2, TEMP,<br \/>\nL\u00e9ger, compact et portable<br \/>\nBatterie au lithium rechargeable int\u00e9gr\u00e9e<br \/>\nAlarme vocale humaine unique<br \/>\nDispositions d&#8217;\u00e9cran riches\u00a0: standard, grande police, tableau des tendances, tendance PNI, d\u00e9rivation compl\u00e8te ECG, OxyCRG, disposition IoC<br \/>\nStockage puissant : 720 heures maximum de tendances graphiques et tabulaires de tous<br \/>\nparam\u00e8tres, jusqu&#8217;\u00e0 10000 revue NIBP, 200 revue d&#8217;alarme, 2 heures de toutes les formes d&#8217;onde<br \/>\nLe logiciel syst\u00e8me peut \u00eatre mis \u00e0 niveau via le r\u00e9seau<br \/>\nLa couleur des donn\u00e9es et des formes d&#8217;onde est r\u00e9glable<br \/>\nAnalyse des arythmies et analyse du segment S-T<br \/>\nConvient aux patients adultes, p\u00e9diatriques et n\u00e9onataux<\/p>\n<p>Choix<br \/>\nPression art\u00e9rielle invasive (IBP)<br \/>\nModule de dioxyde de carbone (CO2)<br \/>\nImprimante thermique<br \/>\n\u00c9cran tactile<br \/>\nWi-Fi int\u00e9gr\u00e9<\/p>\n","protected":false},"excerpt":{"rendered":"<p>MD9012 Moniteur patient 12 pouces TFT. Traitement automatique de la d\u00e9rive de temp\u00e9rature de la technologie brevet\u00e9e de mesure NIBP\u00a0; Interface utilisateur conviviale et configurable\u00a0; Examen puissant des donn\u00e9es\u00a0:\u00a0Tendances graphiques et tabulaires maximales de 720\u00a0heures,<br \/>\nJusqu&#8217;\u00e0 10000 pi\u00e8ces de stockage d&#8217;enregistrements NIBP,<\/p>\n","protected":false},"featured_media":1604,"comment_status":"open","ping_status":"closed","template":"","meta":{"om_disable_all_campaigns":false,"_joinchat":[]},"product_cat":[135,138],"product_tag":[],"yoast_head":"<!-- This site is optimized with the Yoast SEO plugin v20.12 - https:\/\/yoast.com\/wordpress\/plugins\/seo\/ -->\n<title>Moniteur De Surveillance 5PR 12.1*TFT MD9012 MEDITECH - investmedic-store.com<\/title>\n<meta name=\"robots\" content=\"index, follow, max-snippet:-1, max-image-preview:large, max-video-preview:-1\" \/>\n<link rel=\"canonical\" href=\"https:\/\/investmedic-store.com\/?product=moniteur-de-surveillance-5pr-12-1tft-md9012-meditech\" \/>\n<meta property=\"og:locale\" content=\"fr_FR\" \/>\n<meta property=\"og:type\" content=\"article\" \/>\n<meta property=\"og:title\" content=\"Moniteur De Surveillance 5PR 12.1*TFT MD9012 MEDITECH - investmedic-store.com\" \/>\n<meta property=\"og:description\" content=\"MD9012 Moniteur patient 12 pouces TFT. Traitement automatique de la d\u00e9rive de temp\u00e9rature de la technologie brevet\u00e9e de mesure NIBP\u00a0; Interface utilisateur conviviale et configurable\u00a0; Examen puissant des donn\u00e9es\u00a0:\u00a0Tendances graphiques et tabulaires maximales de 720\u00a0heures, Jusqu&#039;\u00e0 10000 pi\u00e8ces de stockage d&#039;enregistrements NIBP,\" \/>\n<meta property=\"og:url\" content=\"https:\/\/investmedic-store.com\/?product=moniteur-de-surveillance-5pr-12-1tft-md9012-meditech\" \/>\n<meta property=\"og:site_name\" content=\"investmedic-store.com\" \/>\n<meta property=\"article:publisher\" content=\"https:\/\/www.facebook.com\/invest.medic\" \/>\n<meta property=\"article:modified_time\" content=\"2025-05-11T09:11:01+00:00\" \/>\n<meta property=\"og:image\" content=\"http:\/\/investmedic-store.com\/wp-content\/uploads\/2023\/08\/MD9012.jpg\" \/>\n\t<meta property=\"og:image:width\" content=\"800\" \/>\n\t<meta property=\"og:image:height\" content=\"800\" \/>\n\t<meta property=\"og:image:type\" content=\"image\/jpeg\" \/>\n<meta name=\"twitter:card\" content=\"summary_large_image\" \/>\n<meta name=\"twitter:label1\" content=\"Dur\u00e9e de lecture estim\u00e9e\" \/>\n\t<meta name=\"twitter:data1\" content=\"1 minute\" \/>\n<script type=\"application\/ld+json\" class=\"yoast-schema-graph\">{\"@context\":\"https:\/\/schema.org\",\"@graph\":[{\"@type\":\"WebPage\",\"@id\":\"https:\/\/investmedic-store.com\/?product=moniteur-de-surveillance-5pr-12-1tft-md9012-meditech\",\"url\":\"https:\/\/investmedic-store.com\/?product=moniteur-de-surveillance-5pr-12-1tft-md9012-meditech\",\"name\":\"Moniteur De Surveillance 5PR 12.1*TFT MD9012 MEDITECH - investmedic-store.com\",\"isPartOf\":{\"@id\":\"https:\/\/investmedic-store.com\/#website\"},\"datePublished\":\"2023-08-14T15:18:26+00:00\",\"dateModified\":\"2025-05-11T09:11:01+00:00\",\"breadcrumb\":{\"@id\":\"https:\/\/investmedic-store.com\/?product=moniteur-de-surveillance-5pr-12-1tft-md9012-meditech#breadcrumb\"},\"inLanguage\":\"fr-FR\",\"potentialAction\":[{\"@type\":\"ReadAction\",\"target\":[\"https:\/\/investmedic-store.com\/?product=moniteur-de-surveillance-5pr-12-1tft-md9012-meditech\"]}]},{\"@type\":\"BreadcrumbList\",\"@id\":\"https:\/\/investmedic-store.com\/?product=moniteur-de-surveillance-5pr-12-1tft-md9012-meditech#breadcrumb\",\"itemListElement\":[{\"@type\":\"ListItem\",\"position\":1,\"name\":\"Accueil\",\"item\":\"https:\/\/investmedic-store.com\/\"},{\"@type\":\"ListItem\",\"position\":2,\"name\":\"Shop\",\"item\":\"https:\/\/investmedic-store.com\/?page_id=5\"},{\"@type\":\"ListItem\",\"position\":3,\"name\":\"Moniteur De Surveillance 5PR 12.1*TFT MD9012 MEDITECH\"}]},{\"@type\":\"WebSite\",\"@id\":\"https:\/\/investmedic-store.com\/#website\",\"url\":\"https:\/\/investmedic-store.com\/\",\"name\":\"invest medic store\",\"description\":\"Importation &amp; Distribution Du Materiels Medico-Chirurgicales - \u0627\u0633\u062a\u064a\u0631\u0627\u062f \u0648\u062a\u0648\u0632\u064a\u0639 \u0627\u0644\u0645\u0648\u0627\u062f \u0627\u0644\u0637\u0628\u064a\u0629 \u0627\u0644\u062c\u0631\u0627\u062d\u064a\u0629\",\"publisher\":{\"@id\":\"https:\/\/investmedic-store.com\/#organization\"},\"alternateName\":\"investmedic store\",\"potentialAction\":[{\"@type\":\"SearchAction\",\"target\":{\"@type\":\"EntryPoint\",\"urlTemplate\":\"https:\/\/investmedic-store.com\/?s={search_term_string}\"},\"query-input\":\"required name=search_term_string\"}],\"inLanguage\":\"fr-FR\"},{\"@type\":\"Organization\",\"@id\":\"https:\/\/investmedic-store.com\/#organization\",\"name\":\"invest.medic store\",\"alternateName\":\"investmedic store\",\"url\":\"https:\/\/investmedic-store.com\/\",\"logo\":{\"@type\":\"ImageObject\",\"inLanguage\":\"fr-FR\",\"@id\":\"https:\/\/investmedic-store.com\/#\/schema\/logo\/image\/\",\"url\":\"https:\/\/investmedic-store.com\/wp-content\/uploads\/2023\/07\/cropped-LOGO_INVEST-transformed-removebg-preview-transformed-1-e1690120839263.png\",\"contentUrl\":\"https:\/\/investmedic-store.com\/wp-content\/uploads\/2023\/07\/cropped-LOGO_INVEST-transformed-removebg-preview-transformed-1-e1690120839263.png\",\"width\":512,\"height\":512,\"caption\":\"invest.medic store\"},\"image\":{\"@id\":\"https:\/\/investmedic-store.com\/#\/schema\/logo\/image\/\"},\"sameAs\":[\"https:\/\/www.facebook.com\/invest.medic\"]}]}<\/script>\n<!-- \/ Yoast SEO plugin. -->","yoast_head_json":{"title":"Moniteur De Surveillance 5PR 12.1*TFT MD9012 MEDITECH - investmedic-store.com","robots":{"index":"index","follow":"follow","max-snippet":"max-snippet:-1","max-image-preview":"max-image-preview:large","max-video-preview":"max-video-preview:-1"},"canonical":"https:\/\/investmedic-store.com\/?product=moniteur-de-surveillance-5pr-12-1tft-md9012-meditech","og_locale":"fr_FR","og_type":"article","og_title":"Moniteur De Surveillance 5PR 12.1*TFT MD9012 MEDITECH - investmedic-store.com","og_description":"MD9012 Moniteur patient 12 pouces TFT. Traitement automatique de la d\u00e9rive de temp\u00e9rature de la technologie brevet\u00e9e de mesure NIBP\u00a0; Interface utilisateur conviviale et configurable\u00a0; Examen puissant des donn\u00e9es\u00a0:\u00a0Tendances graphiques et tabulaires maximales de 720\u00a0heures, Jusqu'\u00e0 10000 pi\u00e8ces de stockage d'enregistrements NIBP,","og_url":"https:\/\/investmedic-store.com\/?product=moniteur-de-surveillance-5pr-12-1tft-md9012-meditech","og_site_name":"investmedic-store.com","article_publisher":"https:\/\/www.facebook.com\/invest.medic","article_modified_time":"2025-05-11T09:11:01+00:00","og_image":[{"width":800,"height":800,"url":"http:\/\/investmedic-store.com\/wp-content\/uploads\/2023\/08\/MD9012.jpg","type":"image\/jpeg"}],"twitter_card":"summary_large_image","twitter_misc":{"Dur\u00e9e de lecture estim\u00e9e":"1 minute"},"schema":{"@context":"https:\/\/schema.org","@graph":[{"@type":"WebPage","@id":"https:\/\/investmedic-store.com\/?product=moniteur-de-surveillance-5pr-12-1tft-md9012-meditech","url":"https:\/\/investmedic-store.com\/?product=moniteur-de-surveillance-5pr-12-1tft-md9012-meditech","name":"Moniteur De Surveillance 5PR 12.1*TFT MD9012 MEDITECH - investmedic-store.com","isPartOf":{"@id":"https:\/\/investmedic-store.com\/#website"},"datePublished":"2023-08-14T15:18:26+00:00","dateModified":"2025-05-11T09:11:01+00:00","breadcrumb":{"@id":"https:\/\/investmedic-store.com\/?product=moniteur-de-surveillance-5pr-12-1tft-md9012-meditech#breadcrumb"},"inLanguage":"fr-FR","potentialAction":[{"@type":"ReadAction","target":["https:\/\/investmedic-store.com\/?product=moniteur-de-surveillance-5pr-12-1tft-md9012-meditech"]}]},{"@type":"BreadcrumbList","@id":"https:\/\/investmedic-store.com\/?product=moniteur-de-surveillance-5pr-12-1tft-md9012-meditech#breadcrumb","itemListElement":[{"@type":"ListItem","position":1,"name":"Accueil","item":"https:\/\/investmedic-store.com\/"},{"@type":"ListItem","position":2,"name":"Shop","item":"https:\/\/investmedic-store.com\/?page_id=5"},{"@type":"ListItem","position":3,"name":"Moniteur De Surveillance 5PR 12.1*TFT MD9012 MEDITECH"}]},{"@type":"WebSite","@id":"https:\/\/investmedic-store.com\/#website","url":"https:\/\/investmedic-store.com\/","name":"invest medic store","description":"Importation &amp; Distribution Du Materiels Medico-Chirurgicales - \u0627\u0633\u062a\u064a\u0631\u0627\u062f \u0648\u062a\u0648\u0632\u064a\u0639 \u0627\u0644\u0645\u0648\u0627\u062f \u0627\u0644\u0637\u0628\u064a\u0629 \u0627\u0644\u062c\u0631\u0627\u062d\u064a\u0629","publisher":{"@id":"https:\/\/investmedic-store.com\/#organization"},"alternateName":"investmedic store","potentialAction":[{"@type":"SearchAction","target":{"@type":"EntryPoint","urlTemplate":"https:\/\/investmedic-store.com\/?s={search_term_string}"},"query-input":"required name=search_term_string"}],"inLanguage":"fr-FR"},{"@type":"Organization","@id":"https:\/\/investmedic-store.com\/#organization","name":"invest.medic store","alternateName":"investmedic store","url":"https:\/\/investmedic-store.com\/","logo":{"@type":"ImageObject","inLanguage":"fr-FR","@id":"https:\/\/investmedic-store.com\/#\/schema\/logo\/image\/","url":"https:\/\/investmedic-store.com\/wp-content\/uploads\/2023\/07\/cropped-LOGO_INVEST-transformed-removebg-preview-transformed-1-e1690120839263.png","contentUrl":"https:\/\/investmedic-store.com\/wp-content\/uploads\/2023\/07\/cropped-LOGO_INVEST-transformed-removebg-preview-transformed-1-e1690120839263.png","width":512,"height":512,"caption":"invest.medic store"},"image":{"@id":"https:\/\/investmedic-store.com\/#\/schema\/logo\/image\/"},"sameAs":["https:\/\/www.facebook.com\/invest.medic"]}]}},"_links":{"self":[{"href":"https:\/\/investmedic-store.com\/index.php?rest_route=\/wp\/v2\/product\/1602"}],"collection":[{"href":"https:\/\/investmedic-store.com\/index.php?rest_route=\/wp\/v2\/product"}],"about":[{"href":"https:\/\/investmedic-store.com\/index.php?rest_route=\/wp\/v2\/types\/product"}],"replies":[{"embeddable":true,"href":"https:\/\/investmedic-store.com\/index.php?rest_route=%2Fwp%2Fv2%2Fcomments&post=1602"}],"wp:featuredmedia":[{"embeddable":true,"href":"https:\/\/investmedic-store.com\/index.php?rest_route=\/wp\/v2\/media\/1604"}],"wp:attachment":[{"href":"https:\/\/investmedic-store.com\/index.php?rest_route=%2Fwp%2Fv2%2Fmedia&parent=1602"}],"wp:term":[{"taxonomy":"product_cat","embeddable":true,"href":"https:\/\/investmedic-store.com\/index.php?rest_route=%2Fwp%2Fv2%2Fproduct_cat&post=1602"},{"taxonomy":"product_tag","embeddable":true,"href":"https:\/\/investmedic-store.com\/index.php?rest_route=%2Fwp%2Fv2%2Fproduct_tag&post=1602"}],"curies":[{"name":"wp","href":"https:\/\/api.w.org\/{rel}","templated":true}]}}