{"id":1596,"date":"2023-08-14T15:13:20","date_gmt":"2023-08-14T14:13:20","guid":{"rendered":"https:\/\/investmedic-store.com\/?post_type=product&#038;p=1596"},"modified":"2025-10-28T12:20:33","modified_gmt":"2025-10-28T11:20:33","slug":"defibrillateur-biphasique-externe-automatise-avec-ecg-defi-8-plus-meditech","status":"publish","type":"product","link":"https:\/\/investmedic-store.com\/?product=defibrillateur-biphasique-externe-automatise-avec-ecg-defi-8-plus-meditech","title":{"rendered":"D\u00e9fibrillateur Biphasique Externe Automatise Avec ECG DEFI\u00ae 8 PLUS MEDITECH"},"content":{"rendered":"<p>\u00c9cran couleur TFT haute r\u00e9solution de 7 pouces<br \/>\nS\u00e9lection d&#8217;\u00e9nergie : 0,3,5,7,10,20,30,50,100,200,300,360 Joule<br \/>\nTemps de charge : Maximum 10 secondes \u00e0 360J<br \/>\nPalettes adultes\/p\u00e9diatriques standard Palettes externes adultes r\u00e9utilisables<br \/>\nMode manuel<br \/>\nForme d&#8217;onde de sortie\u00a0: technologie biphasique<br \/>\nLe param\u00e8tre standard est l&#8217;ECG\u00a0: I II III AVR AVL AVF V<br \/>\nFr\u00e9quence du pouls\u00a0: Plage d&#8217;impulsions\u00a0: 0-300\u00a0bpm Pr\u00e9cision du pouls\u00a0: \u00b12\u00a0bpm<br \/>\nImprimante thermique<br \/>\nPNI\u00a0:<br \/>\nM\u00e9thode : oscillation automatique<br \/>\nMode de fonctionnement : manuel\/automatique<br \/>\nLa mesure:<br \/>\nadulte : 10-250 mmHg<br \/>\np\u00e9diatrique : 10-200 mmHg<br \/>\nn\u00e9onatal : 10-135mmHg<br \/>\nTEMP : plage de mesure : 20-45<br \/>\nSpO2\u00a0: valeur SpO2, histogramme du pouls, forme d&#8217;onde, pouls<br \/>\nImprimante thermique<\/p>\n<p>Option\u00a0:<br \/>\nDEA, chariot, mallette de transport<\/p>\n","protected":false},"excerpt":{"rendered":"<p>Defi\u00ae 8 Plus est un d\u00e9fibrillateur compact, robuste et l\u00e9ger avec surveillance int\u00e9gr\u00e9e, d\u00e9fibrillation manuelle et DAE (option).<\/p>\n<p>C&#8217;est un moniteur de d\u00e9fibrillateur biphasique professionnel adapt\u00e9 aux h\u00f4pitaux et aux cliniques<\/p>\n","protected":false},"featured_media":1597,"comment_status":"open","ping_status":"closed","template":"","meta":{"om_disable_all_campaigns":false,"_joinchat":[]},"product_cat":[136,135],"product_tag":[],"yoast_head":"<!-- This site is optimized with the Yoast SEO plugin v20.12 - https:\/\/yoast.com\/wordpress\/plugins\/seo\/ -->\n<title>D\u00e9fibrillateur Biphasique Externe Automatise Avec ECG DEFI\u00ae 8 PLUS MEDITECH - investmedic-store.com<\/title>\n<meta name=\"robots\" content=\"index, follow, max-snippet:-1, max-image-preview:large, max-video-preview:-1\" \/>\n<link rel=\"canonical\" href=\"https:\/\/investmedic-store.com\/?product=defibrillateur-biphasique-externe-automatise-avec-ecg-defi-8-plus-meditech\" \/>\n<meta property=\"og:locale\" content=\"fr_FR\" \/>\n<meta property=\"og:type\" content=\"article\" \/>\n<meta property=\"og:title\" content=\"D\u00e9fibrillateur Biphasique Externe Automatise Avec ECG DEFI\u00ae 8 PLUS MEDITECH - investmedic-store.com\" \/>\n<meta property=\"og:description\" content=\"Defi\u00ae 8 Plus est un d\u00e9fibrillateur compact, robuste et l\u00e9ger avec surveillance int\u00e9gr\u00e9e, d\u00e9fibrillation manuelle et DAE (option).  C&#039;est un moniteur de d\u00e9fibrillateur biphasique professionnel adapt\u00e9 aux h\u00f4pitaux et aux cliniques\" \/>\n<meta property=\"og:url\" content=\"https:\/\/investmedic-store.com\/?product=defibrillateur-biphasique-externe-automatise-avec-ecg-defi-8-plus-meditech\" \/>\n<meta property=\"og:site_name\" content=\"investmedic-store.com\" \/>\n<meta property=\"article:publisher\" content=\"https:\/\/www.facebook.com\/invest.medic\" \/>\n<meta property=\"article:modified_time\" content=\"2025-10-28T11:20:33+00:00\" \/>\n<meta property=\"og:image\" content=\"http:\/\/investmedic-store.com\/wp-content\/uploads\/2023\/08\/Defi-8-3.jpg\" \/>\n\t<meta property=\"og:image:width\" content=\"800\" \/>\n\t<meta property=\"og:image:height\" content=\"800\" \/>\n\t<meta property=\"og:image:type\" content=\"image\/jpeg\" \/>\n<meta name=\"twitter:card\" content=\"summary_large_image\" \/>\n<meta name=\"twitter:label1\" content=\"Dur\u00e9e de lecture estim\u00e9e\" \/>\n\t<meta name=\"twitter:data1\" content=\"1 minute\" \/>\n<script type=\"application\/ld+json\" class=\"yoast-schema-graph\">{\"@context\":\"https:\/\/schema.org\",\"@graph\":[{\"@type\":\"WebPage\",\"@id\":\"https:\/\/investmedic-store.com\/?product=defibrillateur-biphasique-externe-automatise-avec-ecg-defi-8-plus-meditech\",\"url\":\"https:\/\/investmedic-store.com\/?product=defibrillateur-biphasique-externe-automatise-avec-ecg-defi-8-plus-meditech\",\"name\":\"D\u00e9fibrillateur Biphasique Externe Automatise Avec ECG DEFI\u00ae 8 PLUS MEDITECH - investmedic-store.com\",\"isPartOf\":{\"@id\":\"https:\/\/investmedic-store.com\/#website\"},\"datePublished\":\"2023-08-14T14:13:20+00:00\",\"dateModified\":\"2025-10-28T11:20:33+00:00\",\"breadcrumb\":{\"@id\":\"https:\/\/investmedic-store.com\/?product=defibrillateur-biphasique-externe-automatise-avec-ecg-defi-8-plus-meditech#breadcrumb\"},\"inLanguage\":\"fr-FR\",\"potentialAction\":[{\"@type\":\"ReadAction\",\"target\":[\"https:\/\/investmedic-store.com\/?product=defibrillateur-biphasique-externe-automatise-avec-ecg-defi-8-plus-meditech\"]}]},{\"@type\":\"BreadcrumbList\",\"@id\":\"https:\/\/investmedic-store.com\/?product=defibrillateur-biphasique-externe-automatise-avec-ecg-defi-8-plus-meditech#breadcrumb\",\"itemListElement\":[{\"@type\":\"ListItem\",\"position\":1,\"name\":\"Accueil\",\"item\":\"https:\/\/investmedic-store.com\/\"},{\"@type\":\"ListItem\",\"position\":2,\"name\":\"Shop\",\"item\":\"https:\/\/investmedic-store.com\/?page_id=5\"},{\"@type\":\"ListItem\",\"position\":3,\"name\":\"D\u00e9fibrillateur Biphasique Externe Automatise Avec ECG DEFI\u00ae 8 PLUS MEDITECH\"}]},{\"@type\":\"WebSite\",\"@id\":\"https:\/\/investmedic-store.com\/#website\",\"url\":\"https:\/\/investmedic-store.com\/\",\"name\":\"invest medic store\",\"description\":\"Importation &amp; Distribution Du Materiels Medico-Chirurgicales - \u0627\u0633\u062a\u064a\u0631\u0627\u062f \u0648\u062a\u0648\u0632\u064a\u0639 \u0627\u0644\u0645\u0648\u0627\u062f \u0627\u0644\u0637\u0628\u064a\u0629 \u0627\u0644\u062c\u0631\u0627\u062d\u064a\u0629\",\"publisher\":{\"@id\":\"https:\/\/investmedic-store.com\/#organization\"},\"alternateName\":\"investmedic store\",\"potentialAction\":[{\"@type\":\"SearchAction\",\"target\":{\"@type\":\"EntryPoint\",\"urlTemplate\":\"https:\/\/investmedic-store.com\/?s={search_term_string}\"},\"query-input\":\"required name=search_term_string\"}],\"inLanguage\":\"fr-FR\"},{\"@type\":\"Organization\",\"@id\":\"https:\/\/investmedic-store.com\/#organization\",\"name\":\"invest.medic store\",\"alternateName\":\"investmedic store\",\"url\":\"https:\/\/investmedic-store.com\/\",\"logo\":{\"@type\":\"ImageObject\",\"inLanguage\":\"fr-FR\",\"@id\":\"https:\/\/investmedic-store.com\/#\/schema\/logo\/image\/\",\"url\":\"https:\/\/investmedic-store.com\/wp-content\/uploads\/2023\/07\/cropped-LOGO_INVEST-transformed-removebg-preview-transformed-1-e1690120839263.png\",\"contentUrl\":\"https:\/\/investmedic-store.com\/wp-content\/uploads\/2023\/07\/cropped-LOGO_INVEST-transformed-removebg-preview-transformed-1-e1690120839263.png\",\"width\":512,\"height\":512,\"caption\":\"invest.medic store\"},\"image\":{\"@id\":\"https:\/\/investmedic-store.com\/#\/schema\/logo\/image\/\"},\"sameAs\":[\"https:\/\/www.facebook.com\/invest.medic\"]}]}<\/script>\n<!-- \/ Yoast SEO plugin. -->","yoast_head_json":{"title":"D\u00e9fibrillateur Biphasique Externe Automatise Avec ECG DEFI\u00ae 8 PLUS MEDITECH - investmedic-store.com","robots":{"index":"index","follow":"follow","max-snippet":"max-snippet:-1","max-image-preview":"max-image-preview:large","max-video-preview":"max-video-preview:-1"},"canonical":"https:\/\/investmedic-store.com\/?product=defibrillateur-biphasique-externe-automatise-avec-ecg-defi-8-plus-meditech","og_locale":"fr_FR","og_type":"article","og_title":"D\u00e9fibrillateur Biphasique Externe Automatise Avec ECG DEFI\u00ae 8 PLUS MEDITECH - investmedic-store.com","og_description":"Defi\u00ae 8 Plus est un d\u00e9fibrillateur compact, robuste et l\u00e9ger avec surveillance int\u00e9gr\u00e9e, d\u00e9fibrillation manuelle et DAE (option).  C'est un moniteur de d\u00e9fibrillateur biphasique professionnel adapt\u00e9 aux h\u00f4pitaux et aux cliniques","og_url":"https:\/\/investmedic-store.com\/?product=defibrillateur-biphasique-externe-automatise-avec-ecg-defi-8-plus-meditech","og_site_name":"investmedic-store.com","article_publisher":"https:\/\/www.facebook.com\/invest.medic","article_modified_time":"2025-10-28T11:20:33+00:00","og_image":[{"width":800,"height":800,"url":"http:\/\/investmedic-store.com\/wp-content\/uploads\/2023\/08\/Defi-8-3.jpg","type":"image\/jpeg"}],"twitter_card":"summary_large_image","twitter_misc":{"Dur\u00e9e de lecture estim\u00e9e":"1 minute"},"schema":{"@context":"https:\/\/schema.org","@graph":[{"@type":"WebPage","@id":"https:\/\/investmedic-store.com\/?product=defibrillateur-biphasique-externe-automatise-avec-ecg-defi-8-plus-meditech","url":"https:\/\/investmedic-store.com\/?product=defibrillateur-biphasique-externe-automatise-avec-ecg-defi-8-plus-meditech","name":"D\u00e9fibrillateur Biphasique Externe Automatise Avec ECG DEFI\u00ae 8 PLUS MEDITECH - investmedic-store.com","isPartOf":{"@id":"https:\/\/investmedic-store.com\/#website"},"datePublished":"2023-08-14T14:13:20+00:00","dateModified":"2025-10-28T11:20:33+00:00","breadcrumb":{"@id":"https:\/\/investmedic-store.com\/?product=defibrillateur-biphasique-externe-automatise-avec-ecg-defi-8-plus-meditech#breadcrumb"},"inLanguage":"fr-FR","potentialAction":[{"@type":"ReadAction","target":["https:\/\/investmedic-store.com\/?product=defibrillateur-biphasique-externe-automatise-avec-ecg-defi-8-plus-meditech"]}]},{"@type":"BreadcrumbList","@id":"https:\/\/investmedic-store.com\/?product=defibrillateur-biphasique-externe-automatise-avec-ecg-defi-8-plus-meditech#breadcrumb","itemListElement":[{"@type":"ListItem","position":1,"name":"Accueil","item":"https:\/\/investmedic-store.com\/"},{"@type":"ListItem","position":2,"name":"Shop","item":"https:\/\/investmedic-store.com\/?page_id=5"},{"@type":"ListItem","position":3,"name":"D\u00e9fibrillateur Biphasique Externe Automatise Avec ECG DEFI\u00ae 8 PLUS MEDITECH"}]},{"@type":"WebSite","@id":"https:\/\/investmedic-store.com\/#website","url":"https:\/\/investmedic-store.com\/","name":"invest medic store","description":"Importation &amp; Distribution Du Materiels Medico-Chirurgicales - \u0627\u0633\u062a\u064a\u0631\u0627\u062f \u0648\u062a\u0648\u0632\u064a\u0639 \u0627\u0644\u0645\u0648\u0627\u062f \u0627\u0644\u0637\u0628\u064a\u0629 \u0627\u0644\u062c\u0631\u0627\u062d\u064a\u0629","publisher":{"@id":"https:\/\/investmedic-store.com\/#organization"},"alternateName":"investmedic store","potentialAction":[{"@type":"SearchAction","target":{"@type":"EntryPoint","urlTemplate":"https:\/\/investmedic-store.com\/?s={search_term_string}"},"query-input":"required name=search_term_string"}],"inLanguage":"fr-FR"},{"@type":"Organization","@id":"https:\/\/investmedic-store.com\/#organization","name":"invest.medic store","alternateName":"investmedic store","url":"https:\/\/investmedic-store.com\/","logo":{"@type":"ImageObject","inLanguage":"fr-FR","@id":"https:\/\/investmedic-store.com\/#\/schema\/logo\/image\/","url":"https:\/\/investmedic-store.com\/wp-content\/uploads\/2023\/07\/cropped-LOGO_INVEST-transformed-removebg-preview-transformed-1-e1690120839263.png","contentUrl":"https:\/\/investmedic-store.com\/wp-content\/uploads\/2023\/07\/cropped-LOGO_INVEST-transformed-removebg-preview-transformed-1-e1690120839263.png","width":512,"height":512,"caption":"invest.medic store"},"image":{"@id":"https:\/\/investmedic-store.com\/#\/schema\/logo\/image\/"},"sameAs":["https:\/\/www.facebook.com\/invest.medic"]}]}},"_links":{"self":[{"href":"https:\/\/investmedic-store.com\/index.php?rest_route=\/wp\/v2\/product\/1596"}],"collection":[{"href":"https:\/\/investmedic-store.com\/index.php?rest_route=\/wp\/v2\/product"}],"about":[{"href":"https:\/\/investmedic-store.com\/index.php?rest_route=\/wp\/v2\/types\/product"}],"replies":[{"embeddable":true,"href":"https:\/\/investmedic-store.com\/index.php?rest_route=%2Fwp%2Fv2%2Fcomments&post=1596"}],"wp:featuredmedia":[{"embeddable":true,"href":"https:\/\/investmedic-store.com\/index.php?rest_route=\/wp\/v2\/media\/1597"}],"wp:attachment":[{"href":"https:\/\/investmedic-store.com\/index.php?rest_route=%2Fwp%2Fv2%2Fmedia&parent=1596"}],"wp:term":[{"taxonomy":"product_cat","embeddable":true,"href":"https:\/\/investmedic-store.com\/index.php?rest_route=%2Fwp%2Fv2%2Fproduct_cat&post=1596"},{"taxonomy":"product_tag","embeddable":true,"href":"https:\/\/investmedic-store.com\/index.php?rest_route=%2Fwp%2Fv2%2Fproduct_tag&post=1596"}],"curies":[{"name":"wp","href":"https:\/\/api.w.org\/{rel}","templated":true}]}}