{"id":1505,"date":"2023-08-10T15:52:09","date_gmt":"2023-08-10T14:52:09","guid":{"rendered":"https:\/\/investmedic-store.com\/?post_type=product&#038;p=1505"},"modified":"2023-10-31T18:34:46","modified_gmt":"2023-10-31T17:34:46","slug":"chaussette-diabetique-antiderapante-2","status":"publish","type":"product","link":"https:\/\/investmedic-store.com\/?product=chaussette-diabetique-antiderapante-2","title":{"rendered":"OC 2200 Chaussette diab\u00e9tique Antid\u00e9rapante"},"content":{"rendered":"<h2>Chaussettes diab\u00e9tiques avec antid\u00e9rapantes<\/h2>\n<p>Semelle antid\u00e9rapante sp\u00e9cialement con\u00e7ue pour les diab\u00e9tiques: des poign\u00e9es en \u00e9lastom\u00e8re sp\u00e9cialement con\u00e7ues \u00e0 la base (sur toute la semelle) offrent une meilleure adh\u00e9rence lors de la marche sur des sols carrel\u00e9s et lisses.\u00a0les poign\u00e9es inf\u00e9rieures emp\u00eachent le patient ou la personne \u00e2g\u00e9e de glisser et de tomber, afin d&#8217;\u00e9viter toute blessure accidentelle.\u00a0Recommand\u00e9 pour le diab\u00e8te, l&#8217;arthrite, la douleur au pied, les pieds sensibles et pour la pr\u00e9vention de la chute d&#8217;un patient ou d&#8217;une personne \u00e2g\u00e9e suite \u00e0 un d\u00e9rapage ou une perte d&#8217;\u00e9quilibre lors de la marche ou des activit\u00e9s quotidiennes.<\/p>\n","protected":false},"excerpt":{"rendered":"<h2>Chaussettes diab\u00e9tiques avec antid\u00e9rapantes<\/h2>\n<p>Semelle antid\u00e9rapante sp\u00e9cialement con\u00e7ue pour les diab\u00e9tiques: des poign\u00e9es en \u00e9lastom\u00e8re sp\u00e9cialement con\u00e7ues \u00e0 la base (sur toute la semelle) offrent une meilleure adh\u00e9rence lors de la marche sur des sols carrel\u00e9s et lisses.\u00a0les poign\u00e9es inf\u00e9rieures emp\u00eachent le patient ou la personne \u00e2g\u00e9e de glisser et de tomber, afin d&#8217;\u00e9viter toute blessure accidentelle.\u00a0Recommand\u00e9 pour le diab\u00e8te, l&#8217;arthrite, la douleur au pied, les pieds sensibles et pour la pr\u00e9vention de la chute d&#8217;un patient ou d&#8217;une personne \u00e2g\u00e9e suite \u00e0 un d\u00e9rapage ou une perte d&#8217;\u00e9quilibre lors de la marche ou des activit\u00e9s quotidiennes.<\/p>\n","protected":false},"featured_media":1506,"comment_status":"open","ping_status":"closed","template":"","meta":{"om_disable_all_campaigns":false,"_joinchat":[]},"product_cat":[60,78],"product_tag":[],"yoast_head":"<!-- This site is optimized with the Yoast SEO plugin v20.12 - https:\/\/yoast.com\/wordpress\/plugins\/seo\/ -->\n<title>OC 2200 Chaussette diab\u00e9tique Antid\u00e9rapante - investmedic-store.com<\/title>\n<meta name=\"robots\" content=\"index, follow, max-snippet:-1, max-image-preview:large, max-video-preview:-1\" \/>\n<link rel=\"canonical\" href=\"https:\/\/investmedic-store.com\/?product=chaussette-diabetique-antiderapante-2\" \/>\n<meta property=\"og:locale\" content=\"fr_FR\" \/>\n<meta property=\"og:type\" content=\"article\" \/>\n<meta property=\"og:title\" content=\"OC 2200 Chaussette diab\u00e9tique Antid\u00e9rapante - investmedic-store.com\" \/>\n<meta property=\"og:description\" content=\"Chaussettes diab\u00e9tiques avec antid\u00e9rapantes Semelle antid\u00e9rapante sp\u00e9cialement con\u00e7ue pour les diab\u00e9tiques: des poign\u00e9es en \u00e9lastom\u00e8re sp\u00e9cialement con\u00e7ues \u00e0 la base (sur toute la semelle) offrent une meilleure adh\u00e9rence lors de la marche sur des sols carrel\u00e9s et lisses.\u00a0les poign\u00e9es inf\u00e9rieures emp\u00eachent le patient ou la personne \u00e2g\u00e9e de glisser et de tomber, afin d&#039;\u00e9viter toute blessure accidentelle.\u00a0Recommand\u00e9 pour le diab\u00e8te, l&#039;arthrite, la douleur au pied, les pieds sensibles et pour la pr\u00e9vention de la chute d&#039;un patient ou d&#039;une personne \u00e2g\u00e9e suite \u00e0 un d\u00e9rapage ou une perte d&#039;\u00e9quilibre lors de la marche ou des activit\u00e9s quotidiennes.\" \/>\n<meta property=\"og:url\" content=\"https:\/\/investmedic-store.com\/?product=chaussette-diabetique-antiderapante-2\" \/>\n<meta property=\"og:site_name\" content=\"investmedic-store.com\" \/>\n<meta property=\"article:publisher\" content=\"https:\/\/www.facebook.com\/invest.medic\" \/>\n<meta property=\"article:modified_time\" content=\"2023-10-31T17:34:46+00:00\" \/>\n<meta property=\"og:image\" content=\"http:\/\/investmedic-store.com\/wp-content\/uploads\/2023\/08\/Diabetic-Socks-with-Anti-Skid.png\" \/>\n\t<meta property=\"og:image:width\" content=\"657\" \/>\n\t<meta property=\"og:image:height\" content=\"740\" \/>\n\t<meta property=\"og:image:type\" content=\"image\/png\" \/>\n<meta name=\"twitter:card\" content=\"summary_large_image\" \/>\n<meta name=\"twitter:label1\" content=\"Dur\u00e9e de lecture estim\u00e9e\" \/>\n\t<meta name=\"twitter:data1\" content=\"1 minute\" \/>\n<script type=\"application\/ld+json\" class=\"yoast-schema-graph\">{\"@context\":\"https:\/\/schema.org\",\"@graph\":[{\"@type\":\"WebPage\",\"@id\":\"https:\/\/investmedic-store.com\/?product=chaussette-diabetique-antiderapante-2\",\"url\":\"https:\/\/investmedic-store.com\/?product=chaussette-diabetique-antiderapante-2\",\"name\":\"OC 2200 Chaussette diab\u00e9tique Antid\u00e9rapante - investmedic-store.com\",\"isPartOf\":{\"@id\":\"https:\/\/investmedic-store.com\/#website\"},\"datePublished\":\"2023-08-10T14:52:09+00:00\",\"dateModified\":\"2023-10-31T17:34:46+00:00\",\"breadcrumb\":{\"@id\":\"https:\/\/investmedic-store.com\/?product=chaussette-diabetique-antiderapante-2#breadcrumb\"},\"inLanguage\":\"fr-FR\",\"potentialAction\":[{\"@type\":\"ReadAction\",\"target\":[\"https:\/\/investmedic-store.com\/?product=chaussette-diabetique-antiderapante-2\"]}]},{\"@type\":\"BreadcrumbList\",\"@id\":\"https:\/\/investmedic-store.com\/?product=chaussette-diabetique-antiderapante-2#breadcrumb\",\"itemListElement\":[{\"@type\":\"ListItem\",\"position\":1,\"name\":\"Accueil\",\"item\":\"https:\/\/investmedic-store.com\/\"},{\"@type\":\"ListItem\",\"position\":2,\"name\":\"Shop\",\"item\":\"https:\/\/investmedic-store.com\/?page_id=5\"},{\"@type\":\"ListItem\",\"position\":3,\"name\":\"OC 2200 Chaussette diab\u00e9tique Antid\u00e9rapante\"}]},{\"@type\":\"WebSite\",\"@id\":\"https:\/\/investmedic-store.com\/#website\",\"url\":\"https:\/\/investmedic-store.com\/\",\"name\":\"invest medic store\",\"description\":\"Importation &amp; Distribution Du Materiels Medico-Chirurgicales - \u0627\u0633\u062a\u064a\u0631\u0627\u062f \u0648\u062a\u0648\u0632\u064a\u0639 \u0627\u0644\u0645\u0648\u0627\u062f \u0627\u0644\u0637\u0628\u064a\u0629 \u0627\u0644\u062c\u0631\u0627\u062d\u064a\u0629\",\"publisher\":{\"@id\":\"https:\/\/investmedic-store.com\/#organization\"},\"alternateName\":\"investmedic store\",\"potentialAction\":[{\"@type\":\"SearchAction\",\"target\":{\"@type\":\"EntryPoint\",\"urlTemplate\":\"https:\/\/investmedic-store.com\/?s={search_term_string}\"},\"query-input\":\"required name=search_term_string\"}],\"inLanguage\":\"fr-FR\"},{\"@type\":\"Organization\",\"@id\":\"https:\/\/investmedic-store.com\/#organization\",\"name\":\"invest.medic store\",\"alternateName\":\"investmedic store\",\"url\":\"https:\/\/investmedic-store.com\/\",\"logo\":{\"@type\":\"ImageObject\",\"inLanguage\":\"fr-FR\",\"@id\":\"https:\/\/investmedic-store.com\/#\/schema\/logo\/image\/\",\"url\":\"https:\/\/investmedic-store.com\/wp-content\/uploads\/2023\/07\/cropped-LOGO_INVEST-transformed-removebg-preview-transformed-1-e1690120839263.png\",\"contentUrl\":\"https:\/\/investmedic-store.com\/wp-content\/uploads\/2023\/07\/cropped-LOGO_INVEST-transformed-removebg-preview-transformed-1-e1690120839263.png\",\"width\":512,\"height\":512,\"caption\":\"invest.medic store\"},\"image\":{\"@id\":\"https:\/\/investmedic-store.com\/#\/schema\/logo\/image\/\"},\"sameAs\":[\"https:\/\/www.facebook.com\/invest.medic\"]}]}<\/script>\n<!-- \/ Yoast SEO plugin. -->","yoast_head_json":{"title":"OC 2200 Chaussette diab\u00e9tique Antid\u00e9rapante - investmedic-store.com","robots":{"index":"index","follow":"follow","max-snippet":"max-snippet:-1","max-image-preview":"max-image-preview:large","max-video-preview":"max-video-preview:-1"},"canonical":"https:\/\/investmedic-store.com\/?product=chaussette-diabetique-antiderapante-2","og_locale":"fr_FR","og_type":"article","og_title":"OC 2200 Chaussette diab\u00e9tique Antid\u00e9rapante - investmedic-store.com","og_description":"Chaussettes diab\u00e9tiques avec antid\u00e9rapantes Semelle antid\u00e9rapante sp\u00e9cialement con\u00e7ue pour les diab\u00e9tiques: des poign\u00e9es en \u00e9lastom\u00e8re sp\u00e9cialement con\u00e7ues \u00e0 la base (sur toute la semelle) offrent une meilleure adh\u00e9rence lors de la marche sur des sols carrel\u00e9s et lisses.\u00a0les poign\u00e9es inf\u00e9rieures emp\u00eachent le patient ou la personne \u00e2g\u00e9e de glisser et de tomber, afin d'\u00e9viter toute blessure accidentelle.\u00a0Recommand\u00e9 pour le diab\u00e8te, l'arthrite, la douleur au pied, les pieds sensibles et pour la pr\u00e9vention de la chute d'un patient ou d'une personne \u00e2g\u00e9e suite \u00e0 un d\u00e9rapage ou une perte d'\u00e9quilibre lors de la marche ou des activit\u00e9s quotidiennes.","og_url":"https:\/\/investmedic-store.com\/?product=chaussette-diabetique-antiderapante-2","og_site_name":"investmedic-store.com","article_publisher":"https:\/\/www.facebook.com\/invest.medic","article_modified_time":"2023-10-31T17:34:46+00:00","og_image":[{"width":657,"height":740,"url":"http:\/\/investmedic-store.com\/wp-content\/uploads\/2023\/08\/Diabetic-Socks-with-Anti-Skid.png","type":"image\/png"}],"twitter_card":"summary_large_image","twitter_misc":{"Dur\u00e9e de lecture estim\u00e9e":"1 minute"},"schema":{"@context":"https:\/\/schema.org","@graph":[{"@type":"WebPage","@id":"https:\/\/investmedic-store.com\/?product=chaussette-diabetique-antiderapante-2","url":"https:\/\/investmedic-store.com\/?product=chaussette-diabetique-antiderapante-2","name":"OC 2200 Chaussette diab\u00e9tique Antid\u00e9rapante - investmedic-store.com","isPartOf":{"@id":"https:\/\/investmedic-store.com\/#website"},"datePublished":"2023-08-10T14:52:09+00:00","dateModified":"2023-10-31T17:34:46+00:00","breadcrumb":{"@id":"https:\/\/investmedic-store.com\/?product=chaussette-diabetique-antiderapante-2#breadcrumb"},"inLanguage":"fr-FR","potentialAction":[{"@type":"ReadAction","target":["https:\/\/investmedic-store.com\/?product=chaussette-diabetique-antiderapante-2"]}]},{"@type":"BreadcrumbList","@id":"https:\/\/investmedic-store.com\/?product=chaussette-diabetique-antiderapante-2#breadcrumb","itemListElement":[{"@type":"ListItem","position":1,"name":"Accueil","item":"https:\/\/investmedic-store.com\/"},{"@type":"ListItem","position":2,"name":"Shop","item":"https:\/\/investmedic-store.com\/?page_id=5"},{"@type":"ListItem","position":3,"name":"OC 2200 Chaussette diab\u00e9tique Antid\u00e9rapante"}]},{"@type":"WebSite","@id":"https:\/\/investmedic-store.com\/#website","url":"https:\/\/investmedic-store.com\/","name":"invest medic store","description":"Importation &amp; Distribution Du Materiels Medico-Chirurgicales - \u0627\u0633\u062a\u064a\u0631\u0627\u062f \u0648\u062a\u0648\u0632\u064a\u0639 \u0627\u0644\u0645\u0648\u0627\u062f \u0627\u0644\u0637\u0628\u064a\u0629 \u0627\u0644\u062c\u0631\u0627\u062d\u064a\u0629","publisher":{"@id":"https:\/\/investmedic-store.com\/#organization"},"alternateName":"investmedic store","potentialAction":[{"@type":"SearchAction","target":{"@type":"EntryPoint","urlTemplate":"https:\/\/investmedic-store.com\/?s={search_term_string}"},"query-input":"required name=search_term_string"}],"inLanguage":"fr-FR"},{"@type":"Organization","@id":"https:\/\/investmedic-store.com\/#organization","name":"invest.medic store","alternateName":"investmedic store","url":"https:\/\/investmedic-store.com\/","logo":{"@type":"ImageObject","inLanguage":"fr-FR","@id":"https:\/\/investmedic-store.com\/#\/schema\/logo\/image\/","url":"https:\/\/investmedic-store.com\/wp-content\/uploads\/2023\/07\/cropped-LOGO_INVEST-transformed-removebg-preview-transformed-1-e1690120839263.png","contentUrl":"https:\/\/investmedic-store.com\/wp-content\/uploads\/2023\/07\/cropped-LOGO_INVEST-transformed-removebg-preview-transformed-1-e1690120839263.png","width":512,"height":512,"caption":"invest.medic store"},"image":{"@id":"https:\/\/investmedic-store.com\/#\/schema\/logo\/image\/"},"sameAs":["https:\/\/www.facebook.com\/invest.medic"]}]}},"_links":{"self":[{"href":"https:\/\/investmedic-store.com\/index.php?rest_route=\/wp\/v2\/product\/1505"}],"collection":[{"href":"https:\/\/investmedic-store.com\/index.php?rest_route=\/wp\/v2\/product"}],"about":[{"href":"https:\/\/investmedic-store.com\/index.php?rest_route=\/wp\/v2\/types\/product"}],"replies":[{"embeddable":true,"href":"https:\/\/investmedic-store.com\/index.php?rest_route=%2Fwp%2Fv2%2Fcomments&post=1505"}],"wp:featuredmedia":[{"embeddable":true,"href":"https:\/\/investmedic-store.com\/index.php?rest_route=\/wp\/v2\/media\/1506"}],"wp:attachment":[{"href":"https:\/\/investmedic-store.com\/index.php?rest_route=%2Fwp%2Fv2%2Fmedia&parent=1505"}],"wp:term":[{"taxonomy":"product_cat","embeddable":true,"href":"https:\/\/investmedic-store.com\/index.php?rest_route=%2Fwp%2Fv2%2Fproduct_cat&post=1505"},{"taxonomy":"product_tag","embeddable":true,"href":"https:\/\/investmedic-store.com\/index.php?rest_route=%2Fwp%2Fv2%2Fproduct_tag&post=1505"}],"curies":[{"name":"wp","href":"https:\/\/api.w.org\/{rel}","templated":true}]}}